{"id":2934,"date":"2021-02-27T00:27:34","date_gmt":"2021-02-26T22:27:34","guid":{"rendered":"https:\/\/sachviet.eu\/shop\/lam-ban-voi-con-gian-cau-chuyen-cua-chiec-la\/"},"modified":"2021-11-14T22:41:58","modified_gmt":"2021-11-14T20:41:58","slug":"lam-ban-voi-con-gian-cau-chuyen-cua-chiec-la","status":"publish","type":"product","link":"https:\/\/sachviet.eu\/en\/shop\/lam-ban-voi-con-gian-cau-chuyen-cua-chiec-la\/","title":{"rendered":"L\u00e0m B\u1ea1n V\u1edbi C\u01a1n Gi\u1eadn &#8211; C\u00e2u Chuy\u1ec7n C\u1ee7a Chi\u1ebfc L\u00e1"},"content":{"rendered":"<p>C\u00e2u chuy\u1ec7n v\u1ec1 chi\u1ebfc l\u00e1 nh\u1ecf c\u1ed1 g\u1eafng t\u00ecm ki\u1ebfm m\u1ee5c \u0111\u00edch s\u1ed1ng c\u1ee7a m\u00ecnh ch\u1eafc ch\u1eafn s\u1ebd khi\u1ebfn nhi\u1ec1u tr\u1ebb, b\u1eadc ph\u1ee5 huynh v\u00e0 gi\u00e1o vi\u00ean th\u00edch th\u00fa.<\/p>\n<p>Chi\u1ebfc l\u00e1 nh\u1ecf tr\u00ean c\u00e2y cao \u0111\u00e3 c\u00f3 m\u1ed9t chuy\u1ebfn phi\u00eau l\u01b0u \u0111\u1ea7y \u201cs\u00f3ng gi\u00f3\u201d. Chi\u1ebfc l\u00e1 quan s\u00e1t nh\u1eefng ch\u00fa chim non r\u1eddi t\u1ed5 r\u1ed3i tr\u01b0\u1edfng th\u00e0nh v\u00e0 bi\u1ebft bay; nh\u1eefng ch\u00fa s\u00e2u b\u01b0\u1edbm cu\u1ed9n m\u00ecnh trong k\u00e9n r\u1ed3i b\u1ed7ng l\u1edbn l\u00ean th\u1eadt l\u1ed9ng l\u1eaby. Th\u1eddi gian c\u1ee9 th\u1ebf tr\u00f4i \u0111i. Nh\u1eefng ng\u00e0y n\u00f3ng \u1ea5m d\u1ea7n ng\u1eafn l\u1ea1i, c\u00f2n nh\u1eefng ng\u00e0y \u0111\u00f4ng l\u1ea1nh th\u00ec c\u1ee9 d\u00e0i ra. Chi\u1ebfc l\u00e1 nh\u1ecf r\u1ea5t \u0111\u1ed7i lo l\u1eafng, t\u1ef1 h\u1ecfi bao gi\u1edd th\u00ec m\u00ecnh s\u1ebd r\u1eddi c\u00e2y. \u0110\u1ea7u quay cu\u1ed3ng, chi\u1ebfc l\u00e1 d\u00f9ng h\u1ebft s\u1ee9c c\u1ee7a m\u00ecnh gi\u1eef th\u1eadt ch\u1eb7t c\u00e2y, nh\u01b0ng d\u1ea7n ki\u1ec7t s\u1ee9c khi gi\u00f3 th\u1ed5i v\u00e0o c\u00e2y m\u1ed7i ng\u00e0y m\u1ed9t to v\u00e0 l\u1ea1nh. M\u1ed9t ng\u00e0y, chi\u1ebfc l\u00e1 quay l\u1ea1i v\u00e0 b\u1ed7ng th\u1ea5y m\u00ecnh r\u1ea5t \u0111\u1ecf th\u1eabm. \u2026M\u00ecnh s\u1eafp ph\u1ea3i bay r\u1ed3i\u2026 Chi\u1ebfc l\u00e1 c\u1ee9 th\u1ebf bu\u00f4ng tay, nh\u1ea3y m\u00faa v\u00e0 xoay v\u00f2ng v\u00f2ng tr\u00ean m\u1eb7t \u0111\u1ea5t d\u01b0\u1edbi \u00e1nh n\u1eafng m\u00e0u h\u1ed5 ph\u00e1ch. Cu\u1ed1i c\u00f9ng, chi\u1ebfc l\u00e1 \u0111\u00e3 th\u1ef1c s\u1ef1 t\u00ecm \u0111\u01b0\u1ee3c m\u1ee5c \u0111\u00edch s\u1ed1ng c\u1ee7a m\u00ecnh. Nh\u1eb9 b\u1eabng\u2026<\/p>\n","protected":false},"excerpt":{"rendered":"<p>C\u00e2u chuy\u1ec7n v\u1ec1 chi\u1ebfc l\u00e1 nh\u1ecf c\u1ed1 g\u1eafng t\u00ecm ki\u1ebfm m\u1ee5c \u0111\u00edch s\u1ed1ng c\u1ee7a m\u00ecnh ch\u1eafc ch\u1eafn s\u1ebd khi\u1ebfn nhi\u1ec1u tr\u1ebb, b\u1eadc ph\u1ee5 huynh v\u00e0 gi\u00e1o vi\u00ean th\u00edch th\u00fa.<\/p>\n<p>Chi\u1ebfc l\u00e1 nh\u1ecf tr\u00ean c\u00e2y cao \u0111\u00e3 c\u00f3 m\u1ed9t chuy\u1ebfn phi\u00eau l\u01b0u \u0111\u1ea7y \u201cs\u00f3ng gi\u00f3\u201d. Chi\u1ebfc l\u00e1 quan s\u00e1t nh\u1eefng ch\u00fa chim non r\u1eddi t\u1ed5 r\u1ed3i tr\u01b0\u1edfng th\u00e0nh v\u00e0 bi\u1ebft bay; nh\u1eefng ch\u00fa s\u00e2u b\u01b0\u1edbm cu\u1ed9n m\u00ecnh trong k\u00e9n r\u1ed3i b\u1ed7ng l\u1edbn l\u00ean th\u1eadt l\u1ed9ng l\u1eaby. Th\u1eddi gian c\u1ee9 th\u1ebf tr\u00f4i \u0111i. Nh\u1eefng ng\u00e0y n\u00f3ng \u1ea5m d\u1ea7n ng\u1eafn l\u1ea1i, c\u00f2n nh\u1eefng ng\u00e0y \u0111\u00f4ng l\u1ea1nh th\u00ec c\u1ee9 d\u00e0i ra. Chi\u1ebfc l\u00e1 nh\u1ecf r\u1ea5t \u0111\u1ed7i lo l\u1eafng, t\u1ef1 h\u1ecfi bao gi\u1edd th\u00ec m\u00ecnh s\u1ebd r\u1eddi c\u00e2y. \u0110\u1ea7u quay cu\u1ed3ng, chi\u1ebfc l\u00e1 d\u00f9ng h\u1ebft s\u1ee9c c\u1ee7a m\u00ecnh gi\u1eef th\u1eadt ch\u1eb7t c\u00e2y, nh\u01b0ng d\u1ea7n ki\u1ec7t s\u1ee9c khi gi\u00f3 th\u1ed5i v\u00e0o c\u00e2y m\u1ed7i ng\u00e0y m\u1ed9t to v\u00e0 l\u1ea1nh. M\u1ed9t ng\u00e0y, chi\u1ebfc l\u00e1 quay l\u1ea1i v\u00e0 b\u1ed7ng th\u1ea5y m\u00ecnh r\u1ea5t \u0111\u1ecf th\u1eabm. \u2026M\u00ecnh s\u1eafp ph\u1ea3i bay r\u1ed3i\u2026 Chi\u1ebfc l\u00e1 c\u1ee9 th\u1ebf bu\u00f4ng tay, nh\u1ea3y m\u00faa v\u00e0 xoay v\u00f2ng v\u00f2ng tr\u00ean m\u1eb7t \u0111\u1ea5t d\u01b0\u1edbi \u00e1nh n\u1eafng m\u00e0u h\u1ed5 ph\u00e1ch. Cu\u1ed1i c\u00f9ng, chi\u1ebfc l\u00e1 \u0111\u00e3 th\u1ef1c s\u1ef1 t\u00ecm \u0111\u01b0\u1ee3c m\u1ee5c \u0111\u00edch s\u1ed1ng c\u1ee7a m\u00ecnh. Nh\u1eb9 b\u1eabng\u2026<\/p>\n","protected":false},"featured_media":2931,"template":"","meta":{"_acf_changed":false},"product_brand":[],"product_cat":[25,17,26],"product_tag":[],"class_list":{"0":"post-2934","1":"product","2":"type-product","3":"status-publish","4":"has-post-thumbnail","6":"product_cat-nhi-dong-6-tuoi-12-tuoi","7":"product_cat-sach-danh-cho-cac-be","8":"product_cat-thieu-nien-11-tuoi-18-tuoi","10":"first","11":"outofstock","12":"taxable","13":"shipping-taxable","14":"purchasable","15":"product-type-simple"},"supplier_id":null,"supplier_sku":"","barcode":null,"atum_controlled":true,"out_stock_date":"2021-11-14 20:41:58","out_stock_threshold":null,"inheritable":false,"inbound_stock":0,"stock_on_hold":0,"sold_today":0,"sales_last_days":0,"reserved_stock":0,"customer_returns":0,"warehouse_damage":0,"lost_in_post":0,"other_logs":0,"out_stock_days":1536,"lost_sales":0,"has_location":false,"update_date":"2026-01-28T23:10:32","atum_locations":[],"atum_stock_status":"outofstock","restock_status":false,"low_stock_amount":"","sales_update_date":"2026-01-28T23:10:32","calc_backorders":null,"acf":{"publisher":{"ID":1474,"post_author":"1","post_date":"2021-02-17 01:12:51","post_date_gmt":"2021-02-16 23:12:51","post_content":"","post_title":"Th\u00e1i H\u00e0","post_excerpt":"","post_status":"publish","comment_status":"closed","ping_status":"closed","post_password":"","post_name":"thai-ha","to_ping":"","pinged":"","post_modified":"2021-02-17 01:12:51","post_modified_gmt":"2021-02-16 23:12:51","post_content_filtered":"","post_parent":0,"guid":"https:\/\/sachviet.eu\/nha-phat-hanh\/thai-ha\/","menu_order":0,"post_type":"publisher","post_mime_type":"","comment_count":"0","filter":"raw"}},"_links":{"self":[{"href":"https:\/\/sachviet.eu\/en\/wp-json\/wp\/v2\/product\/2934","targetHints":{"allow":["GET"]}}],"collection":[{"href":"https:\/\/sachviet.eu\/en\/wp-json\/wp\/v2\/product"}],"about":[{"href":"https:\/\/sachviet.eu\/en\/wp-json\/wp\/v2\/types\/product"}],"wp:featuredmedia":[{"embeddable":true,"href":"https:\/\/sachviet.eu\/en\/wp-json\/wp\/v2\/media\/2931"}],"wp:attachment":[{"href":"https:\/\/sachviet.eu\/en\/wp-json\/wp\/v2\/media?parent=2934"}],"wp:term":[{"taxonomy":"product_brand","embeddable":true,"href":"https:\/\/sachviet.eu\/en\/wp-json\/wp\/v2\/product_brand?post=2934"},{"taxonomy":"product_cat","embeddable":true,"href":"https:\/\/sachviet.eu\/en\/wp-json\/wp\/v2\/product_cat?post=2934"},{"taxonomy":"product_tag","embeddable":true,"href":"https:\/\/sachviet.eu\/en\/wp-json\/wp\/v2\/product_tag?post=2934"}],"curies":[{"name":"wp","href":"https:\/\/api.w.org\/{rel}","templated":true}]}}