{"id":2928,"date":"2021-02-27T00:06:41","date_gmt":"2021-02-26T22:06:41","guid":{"rendered":"https:\/\/sachviet.eu\/shop\/ban-do\/"},"modified":"2023-02-07T19:58:28","modified_gmt":"2023-02-07T17:58:28","slug":"ban-do","status":"publish","type":"product","link":"https:\/\/sachviet.eu\/en\/shop\/ban-do\/","title":{"rendered":"B\u1ea3n \u0111\u1ed3"},"content":{"rendered":"<p>H\u00e3y kh\u00e1m ph\u00e1 th\u1ebf gi\u1edbi c\u00f9ng cu\u1ed1n b\u1ea3n \u0111\u1ed3 kh\u1ed5ng l\u1ed3 \u0111\u1ea7u ti\u00ean \u1edf Vi\u1ec7t Nam! S\u00e1ch g\u1ed3m 52 t\u1ea5m b\u1ea3n \u0111\u1ed3 minh h\u1ecda sinh \u0111\u1ed9ng c\u00e1c \u0111\u1eb7c \u0111i\u1ec3m \u0111\u1ecba l\u00fd v\u00e0 bi\u00ean gi\u1edbi ch\u00ednh tr\u1ecb, gi\u1edbi thi\u1ec7u nh\u1eefng \u0111\u1ecba \u0111i\u1ec3m n\u1ed5i ti\u1ebfng, nh\u1eefng n\u00e9t \u0111\u1eb7c tr\u01b0ng, v\u1ec1 \u0111\u1ed9ng v\u1eadt v\u00e0 th\u1ef1c v\u1eadt b\u1ea3n \u0111\u1ecba, v\u1ec1 con ng\u01b0\u1eddi \u0111\u1ecba ph\u01b0\u01a1ng, c\u00e1c s\u1ef1 ki\u1ec7n v\u0103n h\u00f3a c\u00f9ng nhi\u1ec1u th\u00f4ng tin h\u1ea5p d\u1eabn kh\u00e1c.<\/p>\n<p>\u0110\u1ebfn v\u1edbi cu\u1ed1n B\u1ea3n \u0111\u1ed3 kh\u1ed5ng l\u1ed3 (27x37cm) g\u1ed3m 52 t\u1ea5m b\u1ea3n \u0111\u1ed3 \u0111\u1ea7y m\u00e0u s\u1eafc s\u1ed1ng \u0111\u1ed9ng n\u00e0y, c\u00e1c b\u1ea1n nh\u1ecf s\u1ebd \u0111\u01b0\u1ee3c th\u1ecfa s\u1ee9c kh\u00e1m ph\u00e1 th\u1ebf gi\u1edbi. C\u00f3 t\u1ea5t c\u1ea3 6 t\u1ea5m b\u1ea3n \u0111\u1ed3 l\u1ee5c \u0111\u1ecba v\u00e0 42 b\u1ea3n \u0111\u1ed3 qu\u1ed1c gia. Ch\u00e2u \u00c2u c\u00f3 g\u00ec, ch\u00e2u \u00c1 n\u1ed5i ti\u1ebfng v\u00ec \u0111i\u1ec1u chi, kh\u00ed h\u1eadu \u1edf ch\u00e2u Phi nh\u01b0 th\u1ebf n\u00e0o? T\u1ea5t c\u1ea3 nh\u1eefng chi ti\u1ebft n\u1ed5i b\u1eadt c\u1ee7a t\u1eebng v\u00f9ng mi\u1ec1n, t\u1eebng \u0111\u1ea5t n\u01b0\u1edbc, nh\u01b0 \u0111\u1ecba danh, trang ph\u1ee5c, \u1ea9m th\u1ef1c, l\u1ec5 h\u1ed9i t\u1eadp t\u1ee5c truy\u1ec1n th\u1ed1ng, v\u2026v\u2026 \u0111\u1ec1u \u0111\u01b0\u1ee3c li\u1ec7t k\u00ea b\u1eb1ng nh\u1eefng h\u00ecnh v\u1ebd ng\u1ed9 ngh\u0129nh \u0111\u00e1ng y\u00eau. M\u1ed7i b\u1ea3n \u0111\u1ed3 c\u00f3 th\u1ed1ng k\u00ea s\u01a1 b\u1ed9 v\u1ec1 di\u1ec7n t\u00edch, d\u00e2n s\u1ed1, ng\u00f4n ng\u1eef\u2026 \u0111\u1ec3 c\u00e1c b\u1ea1n nh\u1ecf n\u1eafm \u0111\u01b0\u1ee3c th\u00f4ng tin t\u1ed5ng qu\u00e1t c\u1ee7a t\u1eebng \u0111\u1ea5t n\u01b0\u1edbc, ch\u00e2u l\u1ee5c. M\u1ed7i n\u01b0\u1edbc \u0111\u1ec1u \u0111\u01b0\u1ee3c ph\u00e2n chia th\u00e0nh c\u00e1c v\u00f9ng \u0111\u1ecba l\u00fd c\u1ee5 th\u1ec3 v\u1edbi t\u00ean v\u00f9ng \u0111\u01b0\u1ee3c vi\u1ebft m\u1edd, c\u00e1c th\u00e0nh ph\u1ed1 l\u1edbn trong t\u1eebng n\u01b0\u1edbc \u0111\u01b0\u1ee3c vi\u1ebft b\u1eb1ng m\u00e0u \u0111\u1ecf n\u1ed5i b\u1eadt v\u1edbi ch\u1ea5m \u0111\u1ecf b\u00ean c\u1ea1nh.<\/p>\n<p>Cu\u1ed1n s\u00e1ch n\u00e0y h\u1ee9a h\u1eb9n s\u1ebd l\u00e0 t\u1ea5m v\u00e9 \u0111\u01b0a \u0111\u1ed9c gi\u1ea3 nh\u1ecf du l\u1ecbch kh\u1eafp m\u1ecdi mi\u1ec1n tr\u00ean th\u1ebf gi\u1edbi. C\u00e1c b\u1eadc ph\u1ee5 huynh c\u0169ng c\u00f3 th\u1ec3 \u0111\u1ed3ng h\u00e0nh c\u00f9ng con em m\u00ecnh, c\u00f9ng ng\u00e2m c\u1ee9u t\u1eebng chi ti\u1ebft tr\u00ean m\u1ed7i t\u1ea5m b\u1ea3n \u0111\u1ed3, t\u00ecm hi\u1ec3u v\u00e0 b\u00e0n lu\u1eadn v\u1ec1 c\u00e1c \u0111\u1ecba ph\u01b0\u01a1ng. Th\u00f4ng qua vi\u1ec7c ch\u1ec9 d\u1eabn, di\u1ec5n gi\u1ea3i cho c\u00e1c con v\u1ec1 nh\u1eefng th\u00f4ng tin tr\u00ean b\u1ea3n \u0111\u1ed3, \u0111\u00e2y s\u1ebd l\u00e0 cu\u1ed1n s\u00e1ch t\u01b0\u01a1ng t\u00e1c t\u1ed1t \u0111\u1ec3 b\u1ed1 m\u1eb9 k\u1ebft n\u1ed1i v\u00e0 g\u1ea7n g\u0169i v\u1edbi con m\u00ecnh h\u01a1n.<\/p>\n<p>CU\u1ed0N S\u00c1CH N\u00c0Y C\u00d3 G\u00cc \u0110\u1eb6C BI\u1ec6T?<\/p>\n<p>Cu\u1ed1n s\u00e1ch B\u1ea3n \u0111\u1ed3 \u0111\u00e3 \u0111\u01b0\u1ee3c xu\u1ea5t b\u1ea3n t\u1ea1i h\u01a1n 30 qu\u1ed1c gia, b\u00e1n \u0111\u01b0\u1ee3c h\u01a1n 3 tri\u1ec7u b\u1ea3n in, l\u00e0 m\u1ed9t trong nh\u1eefng cu\u1ed1n b\u1ea3n \u0111\u1ed3 \u0103n kh\u00e1ch nh\u1ea5t th\u1ebf gi\u1edbi. B\u1ea3n \u0111\u1ed3 c\u1ee7a hai t\u00e1c gi\u1ea3 Aleksandra Mizieli\u0144ska v\u00e0 Daniel Mizieli\u0144ski \u0111\u00e3 gi\u00e0nh \u0111\u01b0\u1ee3c nhi\u1ec1u gi\u1ea3i th\u01b0\u1edfng l\u1edbn, n\u1ed5i b\u1eadt nh\u1ea5t l\u00e0 gi\u1ea3i Prix Sorci\u00e8res c\u1ee7a Ph\u00e1p v\u00e0 gi\u1ea3i Premio Andersen c\u1ee7a \u00dd \u2013 hai gi\u1ea3i th\u01b0\u1edfng danh gi\u00e1 cho d\u00f2ng s\u00e1ch thi\u1ebfu nhi.<\/p>\n<p>C\u00e1c qu\u1ed1c gia \u0111\u00e3 xu\u1ea5t b\u1ea3n \u201cB\u1ea3n \u0111\u1ed3\u201d: \u00dac, \u00c1o, B\u1ec9, Brazil, Canada, Chile, Trung Qu\u1ed1c, Croatia, S\u00e9c, Ecuador, Ai C\u1eadp, Fiji, Ph\u1ea7n Land, Ph\u00e1p, \u0110\u1ee9c, Ghana, Hy L\u1ea1p, Iceland, \u1ea4n \u0110\u1ed9, \u00dd, Nh\u1eadt B\u1ea3n, Jordan, Madagascar, Ma R\u1ed1c, Mexico, M\u00f4ng C\u1ed5, Namibia, Nepal, H\u00e0 Lan, New Zealand, Peru, Ba Lan, Nam Phi, Romania, Nga, T\u00e2y Ban Nha, Th\u1ee5y \u0110i\u1ec3n, Th\u1ee5y S\u0129, Tanzania, Th\u00e1i Lan, Anh, M\u1ef9.<\/p>\n<p>\u0110\u1eb6C BI\u1ec6T: Phi\u00ean b\u1ea3n &#8220;B\u1ea3n \u0111\u1ed3&#8221; Vi\u1ec7t Nam \u0111\u1eb7c bi\u1ec7t \u0111\u01b0\u1ee3c t\u00e1c gi\u1ea3 v\u1ebd ri\u00eang \u0111\u1ea5t n\u01b0\u1edbc Vi\u1ec7t Nam.<\/p>\n<p>\u0110\u1ec3 th\u1ef1c hi\u1ec7n cu\u1ed1n s\u00e1ch \u0111\u1ed3 s\u1ed9 n\u00e0y, hai t\u00e1c gi\u1ea3 tr\u1ebb \u0111\u00e3 ph\u1ea3i m\u1ea5t h\u01a1n 3 n\u0103m tr\u1eddi. Sau khi nghi\u00ean c\u1ee9u v\u00e0 t\u00ecm hi\u1ec3u k\u1ef9 l\u01b0\u1ee1ng, h\u1ecd l\u1eadp m\u1ed9t danh s\u00e1ch c\u00e1c th\u00f4ng tin h\u1ea5p d\u1eabn v\u00e0 th\u00fa v\u1ecb v\u1edbi tr\u1ebb em, ch\u1ecdn l\u1ecdc ra nh\u1eefng chi ti\u1ebft \u0111\u1eb7c s\u1eafc nh\u1ea5t c\u1ee7a m\u1ed7i n\u01b0\u1edbc \u0111\u1ec3 v\u1ebd v\u00e0o b\u1ea3n \u0111\u1ed3. C\u00e1c t\u1ea5m b\u1ea3n \u0111\u1ed3 \u0111\u1ec1u \u0111\u01b0\u1ee3c v\u1ebd theo t\u1ec9 l\u1ec7 chu\u1ea9n x\u00e1c d\u1ef1a tr\u00ean c\u00e1c b\u1ea3n \u0111\u1ed3 \u0111\u1ecba l\u00fd \u0111\u00e3 \u0111\u01b0\u1ee3c ph\u00e1t h\u00e0nh. Hai t\u00e1c gi\u1ea3 kh\u00f4ng ch\u1ec9 v\u1ebd tay t\u1ea5t c\u1ea3 c\u00e1c chi ti\u1ebft h\u00ecnh \u1ea3nh m\u00e0 c\u00f2n d\u00e0y c\u00f4ng thi\u1ebft k\u1ebf t\u1ea5t c\u1ea3 c\u00e1c ph\u00f4ng ch\u1eef \u0111\u01b0\u1ee3c d\u00f9ng trong s\u00e1ch.<\/p>\n<p>V\u1ec0 T\u00c1C GI\u1ea2:<\/p>\n<p>Hai t\u00e1c gi\u1ea3 Aleksandra Mizieli\u0144ska v\u00e0 Daniel Mizieli\u0144ski t\u1ed1t nghi\u1ec7p H\u1ecdc vi\u1ec7n Ngh\u1ec7 thu\u1eadt Warsaw v\u00e0o n\u0103m 2007. N\u0103m 2010, h\u1ecd \u0111\u01b0\u1ee3c \u0111\u1ec1 c\u1eed nh\u1eadn gi\u1ea3i Bologna Ragazzi v\u00e0 c\u00f3 t\u00ean trong danh s\u00e1ch \u0111\u1ec1 c\u1eed gi\u1ea3i IBBY Honour (2010). C\u00e1c t\u00e1c ph\u1ea9m c\u1ee7a c\u1eb7p \u0111\u00f4i n\u00e0y kh\u00f4ng ch\u1ec9 thu h\u00fat tr\u1ebb em m\u00e0 c\u00f2n \u0111\u01b0\u1ee3c y\u00eau th\u00edch b\u1edfi nh\u1eefng ng\u01b0\u1eddi tr\u01b0\u1edfng th\u00e0nh y\u00eau ngh\u1ec7 thu\u1eadt. Cu\u1ed1n s\u00e1ch B\u1ea3n \u0111\u1ed3 \u0111\u00e3 \u0111\u01b0\u1ee3c xu\u1ea5t b\u1ea3n t\u1ea1i h\u01a1n 30 qu\u1ed1c gia, b\u00e1n \u0111\u01b0\u1ee3c h\u01a1n 3 tri\u1ec7u b\u1ea3n in, l\u00e0 m\u1ed9t trong nh\u1eefng cu\u1ed1n b\u1ea3n \u0111\u1ed3 \u0103n kh\u00e1ch nh\u1ea5t th\u1ebf gi\u1edbi. B\u1ea3n \u0111\u1ed3 c\u1ee7a hai t\u00e1c gi\u1ea3 Aleksandra Mizieli\u0144ska v\u00e0 Daniel Mizieli\u0144ski \u0111\u00e3 gi\u00e0nh \u0111\u01b0\u1ee3c nhi\u1ec1u gi\u1ea3i th\u01b0\u1edfng l\u1edbn, n\u1ed5i b\u1eadt nh\u1ea5t l\u00e0 gi\u1ea3i Prix Sorci\u00e8res c\u1ee7a Ph\u00e1p v\u00e0 gi\u1ea3i Premio Andersen c\u1ee7a \u00dd \u2013 hai gi\u1ea3i th\u01b0\u1edfng danh gi\u00e1 cho d\u00f2ng s\u00e1ch thi\u1ebfu nhi.  <div class=\"banner-grid-wrapper\">\n  <div id=\"banner-grid-896074236\" class=\"banner-grid row row-grid row-small\" data-packery-options=\"\">\n            <style>\n    #banner-grid-896074236 .grid-col-1{height: 600px}\n    #banner-grid-896074236 .grid-col-1-2{height: 300px}\n    #banner-grid-896074236 .grid-col-1-3{height:200px}\n    #banner-grid-896074236 .grid-col-2-3{height: 400px}\n    #banner-grid-896074236 .grid-col-1-4{height: 150px}\n    #banner-grid-896074236 .grid-col-3-4{height: 450px}\n\n\n        \/* Tablet *\/\n    @media (max-width: 850px){\n      #banner-grid-896074236 .grid-col-1{height: 400px}\n      #banner-grid-896074236 .grid-col-1-2{height: 200px}\n      #banner-grid-896074236 .grid-col-1-3{height:133.33333333333px}\n      #banner-grid-896074236 .grid-col-2-3{height: 266.66666666667px}\n      #banner-grid-896074236 .grid-col-1-4{height: 100px}\n      #banner-grid-896074236 .grid-col-3-4{height: 300px}\n    }\n    \n        \/* Mobile *\/\n    @media (max-width: 550px){\n      #banner-grid-896074236 .grid-col-1{height: 400px}\n      #banner-grid-896074236 .grid-col-1-2{height: 200px}\n      #banner-grid-896074236 .grid-col-1-3{height:133.33333333333px}\n      #banner-grid-896074236 .grid-col-2-3{height: 266.66666666667px}\n      #banner-grid-896074236 .grid-col-1-4{height: 100px}\n      #banner-grid-896074236 .grid-col-3-4{height: 300px}\n    }\n    \n\n  <\/style>\n    <\/div>\n    <style>\n    #banner-grid-896074236 .grid-col-1{height: 600px}\n    #banner-grid-896074236 .grid-col-1-2{height: 300px}\n    #banner-grid-896074236 .grid-col-1-3{height:200px}\n    #banner-grid-896074236 .grid-col-2-3{height: 400px}\n    #banner-grid-896074236 .grid-col-1-4{height: 150px}\n    #banner-grid-896074236 .grid-col-3-4{height: 450px}\n\n\n    \n    \n\n  <\/style>\n    <\/div>\n  \n","protected":false},"excerpt":{"rendered":"<p>H\u00e3y kh\u00e1m ph\u00e1 th\u1ebf gi\u1edbi c\u00f9ng cu\u1ed1n b\u1ea3n \u0111\u1ed3 kh\u1ed5ng l\u1ed3 \u0111\u1ea7u ti\u00ean \u1edf Vi\u1ec7t Nam! S\u00e1ch g\u1ed3m 52 t\u1ea5m b\u1ea3n \u0111\u1ed3 minh h\u1ecda sinh \u0111\u1ed9ng c\u00e1c \u0111\u1eb7c \u0111i\u1ec3m \u0111\u1ecba l\u00fd v\u00e0 bi\u00ean gi\u1edbi ch\u00ednh tr\u1ecb, gi\u1edbi thi\u1ec7u nh\u1eefng \u0111\u1ecba \u0111i\u1ec3m n\u1ed5i ti\u1ebfng, nh\u1eefng n\u00e9t \u0111\u1eb7c tr\u01b0ng, v\u1ec1 \u0111\u1ed9ng v\u1eadt v\u00e0 th\u1ef1c v\u1eadt b\u1ea3n \u0111\u1ecba, v\u1ec1 con ng\u01b0\u1eddi \u0111\u1ecba ph\u01b0\u01a1ng, c\u00e1c s\u1ef1 ki\u1ec7n v\u0103n h\u00f3a c\u00f9ng nhi\u1ec1u th\u00f4ng tin h\u1ea5p d\u1eabn kh\u00e1c.<\/p>\n<p>\u0110\u1ebfn v\u1edbi cu\u1ed1n B\u1ea3n \u0111\u1ed3 kh\u1ed5ng l\u1ed3 (27x37cm) g\u1ed3m 52 t\u1ea5m b\u1ea3n \u0111\u1ed3 \u0111\u1ea7y m\u00e0u s\u1eafc s\u1ed1ng \u0111\u1ed9ng n\u00e0y, c\u00e1c b\u1ea1n nh\u1ecf s\u1ebd \u0111\u01b0\u1ee3c th\u1ecfa s\u1ee9c kh\u00e1m ph\u00e1 th\u1ebf gi\u1edbi. C\u00f3 t\u1ea5t c\u1ea3 6 t\u1ea5m b\u1ea3n \u0111\u1ed3 l\u1ee5c \u0111\u1ecba v\u00e0 42 b\u1ea3n \u0111\u1ed3 qu\u1ed1c gia. Ch\u00e2u \u00c2u c\u00f3 g\u00ec, ch\u00e2u \u00c1 n\u1ed5i ti\u1ebfng v\u00ec \u0111i\u1ec1u chi, kh\u00ed h\u1eadu \u1edf ch\u00e2u Phi nh\u01b0 th\u1ebf n\u00e0o? T\u1ea5t c\u1ea3 nh\u1eefng chi ti\u1ebft n\u1ed5i b\u1eadt c\u1ee7a t\u1eebng v\u00f9ng mi\u1ec1n, t\u1eebng \u0111\u1ea5t n\u01b0\u1edbc, nh\u01b0 \u0111\u1ecba danh, trang ph\u1ee5c, \u1ea9m th\u1ef1c, l\u1ec5 h\u1ed9i t\u1eadp t\u1ee5c truy\u1ec1n th\u1ed1ng, v\u2026v\u2026 \u0111\u1ec1u \u0111\u01b0\u1ee3c li\u1ec7t k\u00ea b\u1eb1ng nh\u1eefng h\u00ecnh v\u1ebd ng\u1ed9 ngh\u0129nh \u0111\u00e1ng y\u00eau. M\u1ed7i b\u1ea3n \u0111\u1ed3 c\u00f3 th\u1ed1ng k\u00ea s\u01a1 b\u1ed9 v\u1ec1 di\u1ec7n t\u00edch, d\u00e2n s\u1ed1, ng\u00f4n ng\u1eef\u2026 \u0111\u1ec3 c\u00e1c b\u1ea1n nh\u1ecf n\u1eafm \u0111\u01b0\u1ee3c th\u00f4ng tin t\u1ed5ng qu\u00e1t c\u1ee7a t\u1eebng \u0111\u1ea5t n\u01b0\u1edbc, ch\u00e2u l\u1ee5c. M\u1ed7i n\u01b0\u1edbc \u0111\u1ec1u \u0111\u01b0\u1ee3c ph\u00e2n chia th\u00e0nh c\u00e1c v\u00f9ng \u0111\u1ecba l\u00fd c\u1ee5 th\u1ec3 v\u1edbi t\u00ean v\u00f9ng \u0111\u01b0\u1ee3c vi\u1ebft m\u1edd, c\u00e1c th\u00e0nh ph\u1ed1 l\u1edbn trong t\u1eebng n\u01b0\u1edbc \u0111\u01b0\u1ee3c vi\u1ebft b\u1eb1ng m\u00e0u \u0111\u1ecf n\u1ed5i b\u1eadt v\u1edbi ch\u1ea5m \u0111\u1ecf b\u00ean c\u1ea1nh.<\/p>\n<p>Cu\u1ed1n s\u00e1ch n\u00e0y h\u1ee9a h\u1eb9n s\u1ebd l\u00e0 t\u1ea5m v\u00e9 \u0111\u01b0a \u0111\u1ed9c gi\u1ea3 nh\u1ecf du l\u1ecbch kh\u1eafp m\u1ecdi mi\u1ec1n tr\u00ean th\u1ebf gi\u1edbi. C\u00e1c b\u1eadc ph\u1ee5 huynh c\u0169ng c\u00f3 th\u1ec3 \u0111\u1ed3ng h\u00e0nh c\u00f9ng con em m\u00ecnh, c\u00f9ng ng\u00e2m c\u1ee9u t\u1eebng chi ti\u1ebft tr\u00ean m\u1ed7i t\u1ea5m b\u1ea3n \u0111\u1ed3, t\u00ecm hi\u1ec3u v\u00e0 b\u00e0n lu\u1eadn v\u1ec1 c\u00e1c \u0111\u1ecba ph\u01b0\u01a1ng. Th\u00f4ng qua vi\u1ec7c ch\u1ec9 d\u1eabn, di\u1ec5n gi\u1ea3i cho c\u00e1c con v\u1ec1 nh\u1eefng th\u00f4ng tin tr\u00ean b\u1ea3n \u0111\u1ed3, \u0111\u00e2y s\u1ebd l\u00e0 cu\u1ed1n s\u00e1ch t\u01b0\u01a1ng t\u00e1c t\u1ed1t \u0111\u1ec3 b\u1ed1 m\u1eb9 k\u1ebft n\u1ed1i v\u00e0 g\u1ea7n g\u0169i v\u1edbi con m\u00ecnh h\u01a1n.<\/p>\n","protected":false},"featured_media":2922,"template":"","meta":{"_acf_changed":false},"product_brand":[],"product_cat":[20,18],"product_tag":[85,81],"class_list":{"0":"post-2928","1":"product","2":"type-product","3":"status-publish","4":"has-post-thumbnail","6":"product_cat-be-vua-hoc-vua-choi","7":"product_cat-kinh-te","8":"product_tag-special-editions","9":"product_tag-sach-gia-uu-dai","11":"first","12":"outofstock","13":"sale","14":"featured","15":"taxable","16":"shipping-taxable","17":"purchasable","18":"product-type-simple"},"supplier_id":null,"supplier_sku":"","barcode":null,"atum_controlled":true,"out_stock_date":"2023-02-07 17:58:28","out_stock_threshold":null,"inheritable":false,"inbound_stock":0,"stock_on_hold":0,"sold_today":0,"sales_last_days":0,"reserved_stock":0,"customer_returns":0,"warehouse_damage":0,"lost_in_post":0,"other_logs":0,"out_stock_days":1086,"lost_sales":6514,"has_location":false,"update_date":"2026-01-28T23:10:32","atum_locations":[],"atum_stock_status":"outofstock","restock_status":false,"low_stock_amount":"","sales_update_date":"2026-01-28T23:10:32","calc_backorders":null,"acf":{"publisher":{"ID":1424,"post_author":"1","post_date":"2021-02-17 00:02:29","post_date_gmt":"2021-02-16 22:02:29","post_content":"<!-- wp:flatsome\/uxbuilder -->\n<h1 style=\"text-align: center\"><strong>Nh\u00e3 Nam<\/strong><\/h1>\n[row]\n\n[col span=\"6\" span__sm=\"12\"]\n\n[ux_image id=\"1438\" image_size=\"medium\"]\n\n\n[\/col]\n[col span=\"6\" span__sm=\"12\"]\n\n<p><strong>C\u00f4ng ty c\u1ed5 ph\u1ea7n V\u0103n h\u00f3a v\u00e0 Truy\u1ec1n th\u00f4ng Nh\u00e3 Nam<\/strong><\/p>\n<p>Th\u00e1ng 2 n\u0103m 2005, Nh\u00e3 Nam, t\u00ean \u0111\u1ea7y \u0111\u1ee7 l\u00e0 C\u00f4ng ty C\u1ed5 ph\u1ea7n V\u0103n h\u00f3a v\u00e0 Truy\u1ec1n th\u00f4ng Nh\u00e3 Nam \u0111\u00e3 gia nh\u1eadp th\u1ecb tr\u01b0\u1eddng s\u00e1ch. T\u00e1c ph\u1ea9m \"Balzac v\u00e0 c\u00f4 b\u00e9 th\u1ee3 may Trung hoa\" c\u1ee7a \u0110\u1edbi T\u01b0 Ki\u1ec7t l\u00e0 cu\u1ed1n s\u00e1ch \u0111\u1ea7u ti\u00ean \u0111\u01b0\u1ee3c nh\u1eefng ng\u01b0\u1eddi s\u00e1ng l\u1eadp Nh\u00e3 Nam xu\u1ea5t b\u1ea3n c\u1ea3 tr\u01b0\u1edbc khi c\u00f4ng ty ra \u0111\u1eddi. Ngay l\u1eadp t\u1ee9c t\u1eeb cu\u1ed1n s\u00e1ch \u0111\u1ea7u ti\u00ean, \u0111\u1ed9c gi\u1ea3 \u0111\u00e3 d\u00e0nh s\u1ef1 quan t\u00e2m v\u00e0 y\u00eau m\u1ebfn cho m\u1ed9t th\u01b0\u01a1ng hi\u1ec7u s\u00e1ch m\u1edbi m\u1ebb mang trong m\u00ecnh kh\u00e1t v\u1ecdng g\u00f3p ph\u1ea7n t\u1ea1o l\u1eadp di\u1ec7n m\u1ea1o m\u1edbi cho xu\u1ea5t b\u1ea3n v\u0103n h\u1ecdc t\u1ea1i Vi\u1ec7t Nam.<\/p>\n<p>L\u00f2ng say m\u00ea c\u1ee7a \u0111\u1ed9i ng\u0169 l\u00e0 vi\u00ean \u0111\u00e1 \u0111\u1ea7u ti\u00ean. Tr\u1ea3i qua m\u1ea5y n\u0103m ph\u00e1t tri\u1ec3n, Nh\u00e3 Nam \u0111\u00e3 \u0111\u01b0\u1ee3c x\u00e2y d\u1ef1ng d\u1ea7n l\u00ean trong di\u1ec7n m\u1ea1o m\u1ed9t nh\u00e0 xu\u1ea5t b\u1ea3n v\u1eefng ch\u00e3i v\u00e0 chuy\u00ean nghi\u1ec7p. S\u00e1u th\u00e1ng sau khi th\u00e0nh l\u1eadp c\u00f4ng ty, Nh\u1eadt k\u00fd \u0110\u1eb7ng Th\u00f9y Tr\u00e2m ra \u0111\u1eddi, t\u1ea1o n\u00ean m\u1ed9t c\u01a1n s\u1ed1t trong x\u00e3 h\u1ed9i, v\u1edbi g\u1ea7n 500,000 b\u1ea3n s\u00e1ch \u0111\u01b0\u1ee3c ph\u00e1t h\u00e0nh, ph\u00e1 m\u1ecdi k\u1ef7 l\u1ee5c v\u1ec1 xu\u1ea5t b\u1ea3n tr\u01b0\u1edbc \u0111\u00f3, k\u00e9o theo m\u1ed9t lo\u1ea1t nh\u1eefng hi\u1ec7u \u1ee9ng x\u00e3 h\u1ed9i v\u00e0 d\u01b0 lu\u1eadn c\u00f3 \u00fd ngh\u0129a. T\u1eeb \u0111\u00f3 tr\u1edf \u0111i, th\u00f4ng qua Nh\u00e3 Nam, c\u00e1c cu\u1ed1n s\u00e1ch v\u0103n h\u1ecdc n\u01b0\u1edbc ngo\u00e0i c\u00f3 gi\u00e1 tr\u1ecb \u0111\u01b0\u1ee3c li\u00ean t\u1ee5c mua b\u1ea3n quy\u1ec1n v\u00e0 xu\u1ea5t b\u1ea3n t\u1ea1i Vi\u1ec7t Nam, thu h\u00fat nhi\u1ec1u t\u1ea7ng l\u1edbp \u0111\u1ed9c gi\u1ea3. S\u00e1ch c\u1ee7a Nh\u00e3 Nam n\u1ed5i b\u1eadt b\u1edfi n\u1ed9i dung v\u0103n h\u1ecdc tinh t\u1ebf, b\u1edfi v\u1ebb \u0111\u1eb9p c\u1ee7a thi\u1ebft k\u1ebf hi\u1ec7n \u0111\u1ea1i \u1edf h\u00ecnh th\u1ee9c, b\u1edfi s\u1ef1 ch\u0103m ch\u00fat k\u1ef9 l\u01b0\u1ee1ng cho m\u1ed7i cu\u1ed1n s\u00e1ch nh\u01b0 m\u1ed9t con thuy\u1ec1n mang t\u1edbi ni\u1ec1m vui, tri th\u1ee9c, ng\u1ea1c nhi\u00ean, v\u00e0 \u0111\u1ed3ng c\u1ea3m.<\/p>\n\n[\/col]\n\n[\/row]\n<p style=\"text-align: left\">Hi\u1ec3u th\u1eddi \u0111\u1ea1i \u0111ang s\u1ed1ng th\u00f4ng qua s\u00e1ch, song h\u00e0nh v\u1edbi nh\u1eefng bi\u1ebfn chuy\u1ec3n s\u00e2u s\u1eafc trong l\u00f2ng x\u00e3 h\u1ed9i b\u1eb1ng nh\u1eefng ho\u1ea1t \u0111\u1ed9ng xu\u1ea5t b\u1ea3n mi\u1ec7t m\u00e0i v\u00e0 qu\u1ea3 c\u1ea3m, con \u0111\u01b0\u1eddng Nh\u00e3 Nam \u0111\u00e3 ch\u1ecdn \u0111\u1ec3 \u0111i s\u1ebd c\u00f2n d\u00e0i. Nhi\u1ec1u kh\u00f3 kh\u0103n, th\u1eed th\u00e1ch \u0111ang \u1edf ph\u00eda tr\u01b0\u1edbc. B\u01b0\u1edbc qua th\u1eddi k\u1ef3 s\u01a1 khai v\u1edbi nh\u1eefng b\u00e0i h\u1ecdc v\u00e0 nh\u1eefng kinh nghi\u1ec7m \u0111\u1ea7u ti\u00ean, Nh\u00e3 Nam gi\u1edd \u0111\u00e3 s\u1eb5n s\u00e0ng cho m\u1ed9t ch\u1eb7ng \u0111\u01b0\u1eddng ph\u00e1t tri\u1ec3n m\u1edbi. V\u00e0 ch\u00fang t\u00f4i mu\u1ed1n ho\u00e0n thi\u1ec7n m\u00ecnh trong s\u1ef1 c\u1ea7u th\u1ecb v\u00e0 c\u1ea9n tr\u1ecdng. T\u1ea5t c\u1ea3 v\u00ec m\u1ed9t gia s\u1ea3n s\u00e1ch to l\u1edbn, c\u00f3 s\u1ee9c s\u1ed1ng d\u00e0i l\u00e2u, c\u00f3 \u00fd ngh\u0129a v\u1edbi nhi\u1ec1u th\u1ebf h\u1ec7 b\u1ea1n \u0111\u1ecdc.<br \/>B\u1edfi v\u00ec s\u00e1ch l\u00e0 th\u1ebf gi\u1edbi.<\/p>\n<p><strong>\u0110\u00e2y l\u00e0 m\u1ed9t nh\u00e0 ph\u00e1t h\u00e0nh s\u00e1ch m\u00e0 SACHVIET.EU r\u1ea5t y\u00eau th\u00edch v\u00e0 tin t\u01b0\u1edfng. Nh\u00ecn \u0111\u01b0\u1ee3c t\u1ea7m \u1ea3nh h\u01b0\u1edfng c\u1ee7a Nh\u00e3 Nam qua t\u1eebng cu\u1ed1n s\u00e1ch, SACHVIET.EU li\u00ean h\u1ec7 h\u1ee3p t\u00e1c ngay v\u1edbi Nh\u00e3 Nam \u0111\u1ec3 \u0111em to\u00e0n b\u1ed9 nh\u1eefng t\u00e1c ph\u1ea9m m\u1edbi, hay nh\u1ea5t m\u00e0 Nh\u00e3 Nam c\u00f3 sang Ch\u00e2u \u00c2u, \u0111\u01b0a \u0111\u1ebfn cho \u0111\u1ed9c gi\u1ea3 c\u00f3 nhi\u1ec1u s\u1ef1 l\u1ef1a ch\u1ecdn phong ph\u00fa h\u01a1n c\u1ea3 s\u00e1ch cho tr\u1ebb em l\u1eabn ng\u01b0\u1eddi l\u1edbn.\u00a0<\/strong><\/p>\n\n<!-- \/wp:flatsome\/uxbuilder -->","post_title":"Nh\u00e3 Nam","post_excerpt":"","post_status":"publish","comment_status":"closed","ping_status":"closed","post_password":"","post_name":"nha-nam","to_ping":"","pinged":"","post_modified":"2022-12-19 23:15:33","post_modified_gmt":"2022-12-19 21:15:33","post_content_filtered":"","post_parent":0,"guid":"https:\/\/sachviet.eu\/?post_type=publisher&#038;p=1424","menu_order":0,"post_type":"publisher","post_mime_type":"","comment_count":"0","filter":"raw"}},"_links":{"self":[{"href":"https:\/\/sachviet.eu\/en\/wp-json\/wp\/v2\/product\/2928","targetHints":{"allow":["GET"]}}],"collection":[{"href":"https:\/\/sachviet.eu\/en\/wp-json\/wp\/v2\/product"}],"about":[{"href":"https:\/\/sachviet.eu\/en\/wp-json\/wp\/v2\/types\/product"}],"wp:featuredmedia":[{"embeddable":true,"href":"https:\/\/sachviet.eu\/en\/wp-json\/wp\/v2\/media\/2922"}],"wp:attachment":[{"href":"https:\/\/sachviet.eu\/en\/wp-json\/wp\/v2\/media?parent=2928"}],"wp:term":[{"taxonomy":"product_brand","embeddable":true,"href":"https:\/\/sachviet.eu\/en\/wp-json\/wp\/v2\/product_brand?post=2928"},{"taxonomy":"product_cat","embeddable":true,"href":"https:\/\/sachviet.eu\/en\/wp-json\/wp\/v2\/product_cat?post=2928"},{"taxonomy":"product_tag","embeddable":true,"href":"https:\/\/sachviet.eu\/en\/wp-json\/wp\/v2\/product_tag?post=2928"}],"curies":[{"name":"wp","href":"https:\/\/api.w.org\/{rel}","templated":true}]}}