{"id":29,"date":"2021-02-10T17:47:52","date_gmt":"2021-02-10T15:47:52","guid":{"rendered":"https:\/\/sachviet.eu\/?post_type=product&#038;p=29"},"modified":"2024-08-11T22:15:14","modified_gmt":"2024-08-11T19:15:14","slug":"cay-cam-ngot-cua-toi","status":"publish","type":"product","link":"https:\/\/sachviet.eu\/en\/shop\/cay-cam-ngot-cua-toi\/","title":{"rendered":"C\u00e2y cam ng\u1ecdt c\u1ee7a t\u00f4i"},"content":{"rendered":"<div class=\"row\"  id=\"row-1160458961\">\n\n\t<div id=\"col-1271043248\" class=\"col medium-6 small-12 large-6\"  >\n\t\t<div class=\"col-inner\"  >\n\t\t\t\n\t\t\t\n<p>H\u00e3y l\u00e0m quen v\u1edbi Zez\u00e9, c\u1eadu b\u00e9 tinh ngh\u1ecbch si\u00eau h\u1ea1ng \u0111\u1ed3ng th\u1eddi c\u0169ng \u0111\u00e1ng y\u00eau b\u1eadc nh\u1ea5t, v\u1edbi \u01b0\u1edbc m\u01a1 l\u1edbn l\u00ean tr\u1edf th\u00e0nh nh\u00e0 th\u01a1 c\u1ed5 th\u1eaft n\u01a1 b\u01b0\u1edbm. Ch\u1eb3ng ph\u1ea3i ai c\u0169ng c\u00f4ng nh\u1eadn kho\u1ea3n \u201c\u0111\u00e1ng y\u00eau\u201d kia \u0111\u00e2u nh\u00e9. B\u1edfi v\u00ec, \u1edf c\u00e1i x\u00f3m ngo\u1ea1i \u00f4 ngh\u00e8o \u1ea5y, n\u1ed7i kh\u1eafc kh\u1ed5 b\u1ee7a v\u00e2y \u0111\u00e3 che m\u1edd m\u1eaft ng\u01b0\u1eddi ta tr\u01b0\u1edbc tr\u00e1i tim thi\u1ec7n l\u01b0\u01a1ng c\u00f9ng tr\u00ed t\u01b0\u1edfng t\u01b0\u1ee3ng tuy\u1ec7t v\u1eddi c\u1ee7a c\u1eadu b\u00e9 con n\u0103m tu\u1ed5i.<\/p>\n<p>C\u00f3 h\u1ec1 g\u00ec \u0111\u00e2u bao nhi\u00eau l\u00e0 h\u1eaft h\u1ee7i, \u0111\u00e1nh m\u1eafng, v\u00ec Zez\u00e9 \u0111\u00e3 c\u00f3 m\u1ed9t ng\u01b0\u1eddi b\u1ea1n \u0111\u1eb7c bi\u1ec7t \u0111\u1ec3 tr\u00fat n\u1ed7i l\u00f2ng: c\u00e2y cam ng\u1ecdt n\u01a1i v\u01b0\u1eddn sau. V\u00e0 c\u1ea3 m\u1ed9t ng\u01b0\u1eddi b\u1ea1n n\u1eefa, b\u1eb1ng x\u01b0\u01a1ng b\u1eb1ng th\u1ecbt, m\u1ed9t ng\u00e0y kia xu\u1ea5t hi\u1ec7n, cho c\u1eadu b\u00e9 nh\u1ea1y c\u1ea3m kh\u00f4n s\u1edbm bi\u1ebft th\u1ebf n\u00e0o l\u00e0 tr\u00ecu m\u1ebfn, th\u1ebf n\u00e0o l\u00e0 n\u1ed7i \u0111au, v\u00e0 m\u00e3i m\u00e3i thay \u0111\u1ed5i cu\u1ed9c \u0111\u1eddi c\u1eadu.<\/p>\n\t\t<\/div>\n\t\t\t<\/div>\n\n\t\n\n\t<div id=\"col-196657687\" class=\"col medium-6 small-12 large-6\"  >\n\t\t<div class=\"col-inner\"  >\n\t\t\t\n\t\t\t\n\t<div class=\"img has-hover x md-x lg-x y md-y lg-y\" id=\"image_1510602074\">\n\t\t\t\t\t\t\t\t<div class=\"img-inner dark\" >\n\t\t\t<img loading=\"lazy\" decoding=\"async\" width=\"300\" height=\"200\" src=\"https:\/\/sachviet.eu\/wp-content\/uploads\/2021\/02\/130791658_10159015643819085_1686024811655568593_o-300x200.jpg\" class=\"attachment-medium size-medium\" alt=\"\" srcset=\"https:\/\/sachviet.eu\/wp-content\/uploads\/2021\/02\/130791658_10159015643819085_1686024811655568593_o-300x200.jpg 300w, https:\/\/sachviet.eu\/wp-content\/uploads\/2021\/02\/130791658_10159015643819085_1686024811655568593_o-1024x683.jpg 1024w, https:\/\/sachviet.eu\/wp-content\/uploads\/2021\/02\/130791658_10159015643819085_1686024811655568593_o-768x512.jpg 768w, https:\/\/sachviet.eu\/wp-content\/uploads\/2021\/02\/130791658_10159015643819085_1686024811655568593_o-1536x1024.jpg 1536w, https:\/\/sachviet.eu\/wp-content\/uploads\/2021\/02\/130791658_10159015643819085_1686024811655568593_o-600x400.jpg 600w, https:\/\/sachviet.eu\/wp-content\/uploads\/2021\/02\/130791658_10159015643819085_1686024811655568593_o.jpg 1836w\" sizes=\"auto, (max-width: 300px) 100vw, 300px\" \/>\t\t\t\t\t\t\n\t\t\t\t\t<\/div>\n\t\t\t\t\t\t\t\t\n<style>\n#image_1510602074 {\n  width: 100%;\n}\n<\/style>\n\t<\/div>\n\t\n\t\t<\/div>\n\t\t\t<\/div>\n\n\t\n<\/div>\n<div class=\"row\"  id=\"row-699542432\">\n\n\t<div id=\"col-481027609\" class=\"col medium-6 small-12 large-6\"  >\n\t\t<div class=\"col-inner\"  >\n\t\t\t\n\t\t\t\n\t<div class=\"img has-hover x md-x lg-x y md-y lg-y\" id=\"image_883446159\">\n\t\t\t\t\t\t\t\t<div class=\"img-inner dark\" >\n\t\t\t<img loading=\"lazy\" decoding=\"async\" width=\"300\" height=\"190\" src=\"https:\/\/sachviet.eu\/wp-content\/uploads\/2021\/02\/cay-cam-ngot-cua-toi-1-300x190.jpg\" class=\"attachment-medium size-medium\" alt=\"\" srcset=\"https:\/\/sachviet.eu\/wp-content\/uploads\/2021\/02\/cay-cam-ngot-cua-toi-1-300x190.jpg 300w, https:\/\/sachviet.eu\/wp-content\/uploads\/2021\/02\/cay-cam-ngot-cua-toi-1-768x486.jpg 768w, https:\/\/sachviet.eu\/wp-content\/uploads\/2021\/02\/cay-cam-ngot-cua-toi-1-600x379.jpg 600w, https:\/\/sachviet.eu\/wp-content\/uploads\/2021\/02\/cay-cam-ngot-cua-toi-1.jpg 870w\" sizes=\"auto, (max-width: 300px) 100vw, 300px\" \/>\t\t\t\t\t\t\n\t\t\t\t\t<\/div>\n\t\t\t\t\t\t\t\t\n<style>\n#image_883446159 {\n  width: 100%;\n}\n<\/style>\n\t<\/div>\n\t\n\t\t<\/div>\n\t\t\t<\/div>\n\n\t\n\n\t<div id=\"col-6817932\" class=\"col medium-6 small-12 large-6\"  >\n\t\t<div class=\"col-inner\"  >\n\t\t\t\n\t\t\t\n<h3>\u0110\u00f4i \u0111i\u1ec1u v\u1ec1 t\u00e1c gi\u1ea3<\/h3>\n<p><strong>JOS\u00c9 MAURO DE VASCONCELOS (1920-1984)<\/strong> l\u00e0 nh\u00e0 v\u0103n ng\u01b0\u1eddi Brazil. Sinh ra trong m\u1ed9t gia \u0111\u00ecnh ngh\u00e8o \u1edf ngo\u1ea1i \u00f4 Rio de Janeiro, l\u1edbn l\u00ean \u00f4ng ph\u1ea3i l\u00e0m \u0111\u1ee7 ngh\u1ec1 \u0111\u1ec3 ki\u1ebfm s\u1ed1ng. Nh\u01b0ng v\u1edbi t\u00e0i k\u1ec3 chuy\u1ec7n thi\u00ean b\u1ea9m, tr\u00ed nh\u1edb phi th\u01b0\u1eddng, tr\u00ed t\u01b0\u1edfng t\u01b0\u1ee3ng tuy\u1ec7t v\u1eddi c\u00f9ng v\u1ed1n s\u1ed1ng phong ph\u00fa, Jos\u00e9 c\u1ea3m th\u1ea5y trong m\u00ecnh th\u00f4i th\u00fac ph\u1ea3i tr\u1edf th\u00e0nh nh\u00e0 v\u0103n n\u00ean \u0111\u00e3 b\u1eaft \u0111\u1ea7u s\u00e1ng t\u00e1c n\u0103m 22 tu\u1ed5i. T\u00e1c ph\u1ea9m n\u1ed5i ti\u1ebfng nh\u1ea5t c\u1ee7a \u00f4ng l\u00e0 ti\u1ec3u thuy\u1ebft mang m\u00e0u s\u1eafc t\u1ef1 truy\u1ec7n C\u00e2y cam ng\u1ecdt c\u1ee7a t\u00f4i. Cu\u1ed1n s\u00e1ch \u0111\u01b0\u1ee3c \u0111\u01b0a v\u00e0o ch\u01b0\u01a1ng tr\u00ecnh ti\u1ec3u h\u1ecdc c\u1ee7a Brazil, \u0111\u01b0\u1ee3c b\u00e1n b\u1ea3n quy\u1ec1n cho hai m\u01b0\u01a1i qu\u1ed1c gia v\u00e0 chuy\u1ec3n th\u1ec3 th\u00e0nh phim \u0111i\u1ec7n \u1ea3nh. Ngo\u00e0i ra, Jos\u00e9 c\u00f2n r\u1ea5t th\u00e0nh c\u00f4ng trong vai tr\u00f2 di\u1ec5n vi\u00ean \u0111i\u1ec7n \u1ea3nh v\u00e0 bi\u00ean k\u1ecbch.<\/p>\n\t\t<\/div>\n\t\t\t<\/div>\n\n\t\n<\/div>\n<div class=\"slider-wrapper relative\" id=\"slider-1355291372\" >\n    <div class=\"slider slider-nav-circle slider-nav-large slider-nav-light slider-style-normal\"\n        data-flickity-options='{\n            \"cellAlign\": \"center\",\n            \"imagesLoaded\": true,\n            \"lazyLoad\": 1,\n            \"freeScroll\": false,\n            \"wrapAround\": true,\n            \"autoPlay\": 6000,\n            \"pauseAutoPlayOnHover\" : true,\n            \"prevNextButtons\": true,\n            \"contain\" : true,\n            \"adaptiveHeight\" : true,\n            \"dragThreshold\" : 10,\n            \"percentPosition\": true,\n            \"pageDots\": true,\n            \"rightToLeft\": false,\n            \"draggable\": true,\n            \"selectedAttraction\": 0.1,\n            \"parallax\" : 0,\n            \"friction\": 0.6        }'\n        >\n        \n\n  <div class=\"banner has-hover\" id=\"banner-1237516182\">\n          <div class=\"banner-inner fill\">\n        <div class=\"banner-bg fill\" >\n            <div class=\"bg fill bg-fill \"><\/div>\n                        <div class=\"overlay\"><\/div>            \n                    <\/div>\n        <div class=\"banner-layers container\">\n            <div class=\"fill banner-link\"><\/div>            \n   <div id=\"text-box-673610856\" class=\"text-box banner-layer x50 md-x50 lg-x50 y50 md-y50 lg-y50 res-text\">\n                                <div class=\"text-box-content text dark\">\n              \n              <div class=\"text-inner text-center\">\n                  \n  <div class=\"icon-box testimonial-box icon-box-left text-left\">\n                <div class=\"icon-box-text p-last-0\">\n            \t\t\t\t<div class=\"testimonial-text line-height-small italic test_text first-reset last-reset is-italic\">\n            \n<p class=\"lead\">&#8220;V\u1ecb chua ch\u00e1t c\u1ee7a c\u00e1i ngh\u00e8o h\u00f2a tr\u1ed9n v\u1edbi v\u1ecb ng\u1ecdt ng\u00e0o khi kh\u00e1m ph\u00e1 ra nh\u1eefng \u0111i\u1ec1u khi\u1ebfn cu\u1ed9c \u0111\u1eddi n\u00e0y \u0111\u00e1ng s\u1ed1ng&#8230; m\u1ed9t t\u00e1c ph\u1ea9m kinh \u0111i\u1ec3n c\u1ee7a Brazil.&#8221;<\/p>\n          <\/div>\n          <div class=\"testimonial-meta pt-half\">\n             <strong class=\"testimonial-name test_name\">- Booklist -<\/strong>\n                          <span class=\"testimonial-company test_company\"><\/span>\n          <\/div>\n        <\/div>\n  <\/div>\n\n  \n              <\/div>\n           <\/div>\n                            \n<style>\n#text-box-673610856 {\n  width: 100%;\n}\n#text-box-673610856 .text-box-content {\n  font-size: 100%;\n}\n@media (min-width:550px) {\n  #text-box-673610856 {\n    width: 78%;\n  }\n}\n<\/style>\n    <\/div>\n \n        <\/div>\n      <\/div>\n\n            \n<style>\n#banner-1237516182 {\n  padding-top: 378px;\n}\n#banner-1237516182 .bg.bg-loaded {\n  background-image: 9147;\n}\n#banner-1237516182 .overlay {\n  background-color: rgba(0, 0, 0, 0.68);\n}\n#banner-1237516182 .bg {\n  background-position: 79% 68%;\n}\n<\/style>\n  <\/div>\n\n\n\n  <div class=\"banner has-hover\" id=\"banner-1191743170\">\n          <div class=\"banner-inner fill\">\n        <div class=\"banner-bg fill\" >\n            <div class=\"bg fill bg-fill \"><\/div>\n                        <div class=\"overlay\"><\/div>            \n                    <\/div>\n        <div class=\"banner-layers container\">\n            <div class=\"fill banner-link\"><\/div>            \n   <div id=\"text-box-1947538417\" class=\"text-box banner-layer x50 md-x50 lg-x50 y50 md-y50 lg-y50 res-text\">\n                                <div class=\"text-box-content text dark\">\n              \n              <div class=\"text-inner text-center\">\n                  \n  <div class=\"icon-box testimonial-box icon-box-left text-left\">\n                <div class=\"icon-box-text p-last-0\">\n            \t\t\t\t<div class=\"testimonial-text line-height-small italic test_text first-reset last-reset is-italic\">\n            \n<p class=\"lead\">&#8220;M\u1ed9t c\u00e1ch nh\u00ecn cu\u1ed9c s\u1ed1ng g\u1ea7n nh\u01b0 ho\u00e0n ch\u1ec9nh t\u1eeb con m\u1eaft tr\u1ebb th\u01a1\u2026 c\u00f3 s\u1ee9c m\u1ea1nh s\u01b0\u1edfi \u1ea5m v\u00e0 l\u00e0m tan n\u00e1t c\u00f5i l\u00f2ng, d\u00f9 ng\u01b0\u1eddi \u0111\u1ecdc \u1edf l\u1ee9a tu\u1ed5i n\u00e0o.&#8221;<\/p>\n          <\/div>\n          <div class=\"testimonial-meta pt-half\">\n             <strong class=\"testimonial-name test_name\">- The National -<\/strong>\n                          <span class=\"testimonial-company test_company\"><\/span>\n          <\/div>\n        <\/div>\n  <\/div>\n\n  \n              <\/div>\n           <\/div>\n                            \n<style>\n#text-box-1947538417 {\n  width: 100%;\n}\n#text-box-1947538417 .text-box-content {\n  font-size: 100%;\n}\n@media (min-width:550px) {\n  #text-box-1947538417 {\n    width: 78%;\n  }\n}\n<\/style>\n    <\/div>\n \n        <\/div>\n      <\/div>\n\n            \n<style>\n#banner-1191743170 {\n  padding-top: 378px;\n}\n#banner-1191743170 .bg.bg-loaded {\n  background-image: 9148;\n}\n#banner-1191743170 .overlay {\n  background-color: rgba(0, 0, 0, 0.68);\n}\n#banner-1191743170 .bg {\n  background-position: 79% 68%;\n}\n<\/style>\n  <\/div>\n\n\n     <\/div>\n\n     <div class=\"loading-spin dark large centered\"><\/div>\n\n     \t<\/div>\n\n\n","protected":false},"excerpt":{"rendered":"<p>M\u1edf \u0111\u1ea7u b\u1eb1ng nh\u1eefng thanh \u00e2m trong s\u00e1ng v\u00e0 k\u1ebft th\u00fac l\u1eafng l\u1ea1i trong nh\u1eefng n\u1ed1t tr\u1ea7m ho\u00e0i ni\u1ec7m, C\u00e2y cam ng\u1ecdt c\u1ee7a t\u00f4i khi\u1ebfn ta nh\u1eadn ra v\u1ebb \u0111\u1eb9p th\u1ef1c s\u1ef1 c\u1ee7a cu\u1ed9c s\u1ed1ng \u0111\u1ebfn t\u1eeb nh\u1eefng \u0111i\u1ec1u gi\u1ea3n d\u1ecb nh\u01b0 b\u00f4ng hoa tr\u1eafng c\u1ee7a c\u00e1i c\u00e2y sau nh\u00e0, v\u00e0 r\u1eb1ng cu\u1ed9c \u0111\u1eddi th\u1eadt kh\u1ed1n kh\u1ed5 n\u1ebfu thi\u1ebfu \u0111i l\u00f2ng y\u00eau th\u01b0\u01a1ng v\u00e0 ni\u1ec1m tr\u1eafc \u1ea9n. Cu\u1ed1n s\u00e1ch kinh \u0111i\u1ec3n n\u00e0y b\u1edfi th\u1ebf kh\u00f4ng ng\u1eebng khi\u1ebfn tr\u00e1i tim ng\u01b0\u1eddi \u0111\u1ecdc kh\u1eafp th\u1ebf gi\u1edbi th\u1ed5n th\u1ee9c, k\u1ec3 t\u1eeb khi ra m\u1eaft l\u1ea7n \u0111\u1ea7u n\u0103m 1968 t\u1ea1i Brazil.<\/p>\n<p><strong>T\u00e1c gi\u1ea3: Jos\u00e9 Mauro de Vasconcelos<\/strong><\/p>\n<p>C\u00f4ng ty ph\u00e1t h\u00e0nh: Nh\u00e3 Nam<\/p>\n","protected":false},"featured_media":34,"template":"","meta":{"_acf_changed":false},"product_brand":[],"product_cat":[15,45],"product_tag":[],"class_list":{"0":"post-29","1":"product","2":"type-product","3":"status-publish","4":"has-post-thumbnail","6":"product_cat-sach-danh-cho-nguoi-lon","7":"product_cat-tieu-thuyet","9":"first","10":"outofstock","11":"taxable","12":"shipping-taxable","13":"purchasable","14":"product-type-simple"},"supplier_id":null,"supplier_sku":"","barcode":null,"atum_controlled":true,"out_stock_date":"2024-08-11 19:15:14","out_stock_threshold":null,"inheritable":false,"inbound_stock":0,"stock_on_hold":0,"sold_today":0,"sales_last_days":0,"reserved_stock":0,"customer_returns":0,"warehouse_damage":0,"lost_in_post":0,"other_logs":0,"out_stock_days":535,"lost_sales":0,"has_location":false,"update_date":"2026-01-28T23:11:19","atum_locations":[],"atum_stock_status":"outofstock","restock_status":false,"low_stock_amount":"","sales_update_date":"2026-01-28T23:11:19","calc_backorders":null,"acf":{"publisher":{"ID":1424,"post_author":"1","post_date":"2021-02-17 00:02:29","post_date_gmt":"2021-02-16 22:02:29","post_content":"<!-- wp:flatsome\/uxbuilder -->\n<h1 style=\"text-align: center\"><strong>Nh\u00e3 Nam<\/strong><\/h1>\n[row]\n\n[col span=\"6\" span__sm=\"12\"]\n\n[ux_image id=\"1438\" image_size=\"medium\"]\n\n\n[\/col]\n[col span=\"6\" span__sm=\"12\"]\n\n<p><strong>C\u00f4ng ty c\u1ed5 ph\u1ea7n V\u0103n h\u00f3a v\u00e0 Truy\u1ec1n th\u00f4ng Nh\u00e3 Nam<\/strong><\/p>\n<p>Th\u00e1ng 2 n\u0103m 2005, Nh\u00e3 Nam, t\u00ean \u0111\u1ea7y \u0111\u1ee7 l\u00e0 C\u00f4ng ty C\u1ed5 ph\u1ea7n V\u0103n h\u00f3a v\u00e0 Truy\u1ec1n th\u00f4ng Nh\u00e3 Nam \u0111\u00e3 gia nh\u1eadp th\u1ecb tr\u01b0\u1eddng s\u00e1ch. T\u00e1c ph\u1ea9m \"Balzac v\u00e0 c\u00f4 b\u00e9 th\u1ee3 may Trung hoa\" c\u1ee7a \u0110\u1edbi T\u01b0 Ki\u1ec7t l\u00e0 cu\u1ed1n s\u00e1ch \u0111\u1ea7u ti\u00ean \u0111\u01b0\u1ee3c nh\u1eefng ng\u01b0\u1eddi s\u00e1ng l\u1eadp Nh\u00e3 Nam xu\u1ea5t b\u1ea3n c\u1ea3 tr\u01b0\u1edbc khi c\u00f4ng ty ra \u0111\u1eddi. Ngay l\u1eadp t\u1ee9c t\u1eeb cu\u1ed1n s\u00e1ch \u0111\u1ea7u ti\u00ean, \u0111\u1ed9c gi\u1ea3 \u0111\u00e3 d\u00e0nh s\u1ef1 quan t\u00e2m v\u00e0 y\u00eau m\u1ebfn cho m\u1ed9t th\u01b0\u01a1ng hi\u1ec7u s\u00e1ch m\u1edbi m\u1ebb mang trong m\u00ecnh kh\u00e1t v\u1ecdng g\u00f3p ph\u1ea7n t\u1ea1o l\u1eadp di\u1ec7n m\u1ea1o m\u1edbi cho xu\u1ea5t b\u1ea3n v\u0103n h\u1ecdc t\u1ea1i Vi\u1ec7t Nam.<\/p>\n<p>L\u00f2ng say m\u00ea c\u1ee7a \u0111\u1ed9i ng\u0169 l\u00e0 vi\u00ean \u0111\u00e1 \u0111\u1ea7u ti\u00ean. Tr\u1ea3i qua m\u1ea5y n\u0103m ph\u00e1t tri\u1ec3n, Nh\u00e3 Nam \u0111\u00e3 \u0111\u01b0\u1ee3c x\u00e2y d\u1ef1ng d\u1ea7n l\u00ean trong di\u1ec7n m\u1ea1o m\u1ed9t nh\u00e0 xu\u1ea5t b\u1ea3n v\u1eefng ch\u00e3i v\u00e0 chuy\u00ean nghi\u1ec7p. S\u00e1u th\u00e1ng sau khi th\u00e0nh l\u1eadp c\u00f4ng ty, Nh\u1eadt k\u00fd \u0110\u1eb7ng Th\u00f9y Tr\u00e2m ra \u0111\u1eddi, t\u1ea1o n\u00ean m\u1ed9t c\u01a1n s\u1ed1t trong x\u00e3 h\u1ed9i, v\u1edbi g\u1ea7n 500,000 b\u1ea3n s\u00e1ch \u0111\u01b0\u1ee3c ph\u00e1t h\u00e0nh, ph\u00e1 m\u1ecdi k\u1ef7 l\u1ee5c v\u1ec1 xu\u1ea5t b\u1ea3n tr\u01b0\u1edbc \u0111\u00f3, k\u00e9o theo m\u1ed9t lo\u1ea1t nh\u1eefng hi\u1ec7u \u1ee9ng x\u00e3 h\u1ed9i v\u00e0 d\u01b0 lu\u1eadn c\u00f3 \u00fd ngh\u0129a. T\u1eeb \u0111\u00f3 tr\u1edf \u0111i, th\u00f4ng qua Nh\u00e3 Nam, c\u00e1c cu\u1ed1n s\u00e1ch v\u0103n h\u1ecdc n\u01b0\u1edbc ngo\u00e0i c\u00f3 gi\u00e1 tr\u1ecb \u0111\u01b0\u1ee3c li\u00ean t\u1ee5c mua b\u1ea3n quy\u1ec1n v\u00e0 xu\u1ea5t b\u1ea3n t\u1ea1i Vi\u1ec7t Nam, thu h\u00fat nhi\u1ec1u t\u1ea7ng l\u1edbp \u0111\u1ed9c gi\u1ea3. S\u00e1ch c\u1ee7a Nh\u00e3 Nam n\u1ed5i b\u1eadt b\u1edfi n\u1ed9i dung v\u0103n h\u1ecdc tinh t\u1ebf, b\u1edfi v\u1ebb \u0111\u1eb9p c\u1ee7a thi\u1ebft k\u1ebf hi\u1ec7n \u0111\u1ea1i \u1edf h\u00ecnh th\u1ee9c, b\u1edfi s\u1ef1 ch\u0103m ch\u00fat k\u1ef9 l\u01b0\u1ee1ng cho m\u1ed7i cu\u1ed1n s\u00e1ch nh\u01b0 m\u1ed9t con thuy\u1ec1n mang t\u1edbi ni\u1ec1m vui, tri th\u1ee9c, ng\u1ea1c nhi\u00ean, v\u00e0 \u0111\u1ed3ng c\u1ea3m.<\/p>\n\n[\/col]\n\n[\/row]\n<p style=\"text-align: left\">Hi\u1ec3u th\u1eddi \u0111\u1ea1i \u0111ang s\u1ed1ng th\u00f4ng qua s\u00e1ch, song h\u00e0nh v\u1edbi nh\u1eefng bi\u1ebfn chuy\u1ec3n s\u00e2u s\u1eafc trong l\u00f2ng x\u00e3 h\u1ed9i b\u1eb1ng nh\u1eefng ho\u1ea1t \u0111\u1ed9ng xu\u1ea5t b\u1ea3n mi\u1ec7t m\u00e0i v\u00e0 qu\u1ea3 c\u1ea3m, con \u0111\u01b0\u1eddng Nh\u00e3 Nam \u0111\u00e3 ch\u1ecdn \u0111\u1ec3 \u0111i s\u1ebd c\u00f2n d\u00e0i. Nhi\u1ec1u kh\u00f3 kh\u0103n, th\u1eed th\u00e1ch \u0111ang \u1edf ph\u00eda tr\u01b0\u1edbc. B\u01b0\u1edbc qua th\u1eddi k\u1ef3 s\u01a1 khai v\u1edbi nh\u1eefng b\u00e0i h\u1ecdc v\u00e0 nh\u1eefng kinh nghi\u1ec7m \u0111\u1ea7u ti\u00ean, Nh\u00e3 Nam gi\u1edd \u0111\u00e3 s\u1eb5n s\u00e0ng cho m\u1ed9t ch\u1eb7ng \u0111\u01b0\u1eddng ph\u00e1t tri\u1ec3n m\u1edbi. V\u00e0 ch\u00fang t\u00f4i mu\u1ed1n ho\u00e0n thi\u1ec7n m\u00ecnh trong s\u1ef1 c\u1ea7u th\u1ecb v\u00e0 c\u1ea9n tr\u1ecdng. T\u1ea5t c\u1ea3 v\u00ec m\u1ed9t gia s\u1ea3n s\u00e1ch to l\u1edbn, c\u00f3 s\u1ee9c s\u1ed1ng d\u00e0i l\u00e2u, c\u00f3 \u00fd ngh\u0129a v\u1edbi nhi\u1ec1u th\u1ebf h\u1ec7 b\u1ea1n \u0111\u1ecdc.<br \/>B\u1edfi v\u00ec s\u00e1ch l\u00e0 th\u1ebf gi\u1edbi.<\/p>\n<p><strong>\u0110\u00e2y l\u00e0 m\u1ed9t nh\u00e0 ph\u00e1t h\u00e0nh s\u00e1ch m\u00e0 SACHVIET.EU r\u1ea5t y\u00eau th\u00edch v\u00e0 tin t\u01b0\u1edfng. Nh\u00ecn \u0111\u01b0\u1ee3c t\u1ea7m \u1ea3nh h\u01b0\u1edfng c\u1ee7a Nh\u00e3 Nam qua t\u1eebng cu\u1ed1n s\u00e1ch, SACHVIET.EU li\u00ean h\u1ec7 h\u1ee3p t\u00e1c ngay v\u1edbi Nh\u00e3 Nam \u0111\u1ec3 \u0111em to\u00e0n b\u1ed9 nh\u1eefng t\u00e1c ph\u1ea9m m\u1edbi, hay nh\u1ea5t m\u00e0 Nh\u00e3 Nam c\u00f3 sang Ch\u00e2u \u00c2u, \u0111\u01b0a \u0111\u1ebfn cho \u0111\u1ed9c gi\u1ea3 c\u00f3 nhi\u1ec1u s\u1ef1 l\u1ef1a ch\u1ecdn phong ph\u00fa h\u01a1n c\u1ea3 s\u00e1ch cho tr\u1ebb em l\u1eabn ng\u01b0\u1eddi l\u1edbn.\u00a0<\/strong><\/p>\n\n<!-- \/wp:flatsome\/uxbuilder -->","post_title":"Nh\u00e3 Nam","post_excerpt":"","post_status":"publish","comment_status":"closed","ping_status":"closed","post_password":"","post_name":"nha-nam","to_ping":"","pinged":"","post_modified":"2022-12-19 23:15:33","post_modified_gmt":"2022-12-19 21:15:33","post_content_filtered":"","post_parent":0,"guid":"https:\/\/sachviet.eu\/?post_type=publisher&#038;p=1424","menu_order":0,"post_type":"publisher","post_mime_type":"","comment_count":"0","filter":"raw"}},"_links":{"self":[{"href":"https:\/\/sachviet.eu\/en\/wp-json\/wp\/v2\/product\/29","targetHints":{"allow":["GET"]}}],"collection":[{"href":"https:\/\/sachviet.eu\/en\/wp-json\/wp\/v2\/product"}],"about":[{"href":"https:\/\/sachviet.eu\/en\/wp-json\/wp\/v2\/types\/product"}],"wp:featuredmedia":[{"embeddable":true,"href":"https:\/\/sachviet.eu\/en\/wp-json\/wp\/v2\/media\/34"}],"wp:attachment":[{"href":"https:\/\/sachviet.eu\/en\/wp-json\/wp\/v2\/media?parent=29"}],"wp:term":[{"taxonomy":"product_brand","embeddable":true,"href":"https:\/\/sachviet.eu\/en\/wp-json\/wp\/v2\/product_brand?post=29"},{"taxonomy":"product_cat","embeddable":true,"href":"https:\/\/sachviet.eu\/en\/wp-json\/wp\/v2\/product_cat?post=29"},{"taxonomy":"product_tag","embeddable":true,"href":"https:\/\/sachviet.eu\/en\/wp-json\/wp\/v2\/product_tag?post=29"}],"curies":[{"name":"wp","href":"https:\/\/api.w.org\/{rel}","templated":true}]}}