{"id":2875,"date":"2021-02-27T00:03:53","date_gmt":"2021-02-26T22:03:53","guid":{"rendered":"https:\/\/sachviet.eu\/shop\/nham-nhi-tet-tan-suu-2021\/"},"modified":"2021-06-23T21:17:54","modified_gmt":"2021-06-23T18:17:54","slug":"nham-nhi-tet-tan-suu-2021","status":"publish","type":"product","link":"https:\/\/sachviet.eu\/en\/shop\/nham-nhi-tet-tan-suu-2021\/","title":{"rendered":"Nh\u00e2m nhi t\u1ebft T\u00e2n S\u1eedu 2021"},"content":{"rendered":"<p>C\u1ee9 th\u1ea5y mi\u1ec1n B\u1eafc chuy\u1ec3n m\u01b0a ph\u00f9n l\u1eafc r\u1eafc, mi\u1ec1n Trung \u0111\u00f3n gi\u00f3 se se, mi\u1ec1n Nam m\u00e2y tr\u1eafng n\u1eafng tr\u00e0n, c\u00e2y tr\u1ed5 l\u1ed9c bi\u1ebfc, tr\u0103m hoa khoe s\u1eafc, \u1ea5y l\u00e0 tr\u1eddi v\u00e0o xu\u00e2n. Tho\u1ea3ng trong gi\u00f3 nghe m\u00f9i n\u00e1o n\u1ee9c, n\u1ed3i b\u00e1nh ch\u01b0ng l\u1ee5c b\u1ee5c, ti\u1ebfng c\u00f2i t\u00e0u h\u1ed3i h\u01b0\u01a1ng, ng\u01b0\u1eddi ng\u01b0\u1eddi ng\u00f3ng d\u1ecbp \u0111o\u00e0n vi\u00ean, a T\u1ebft! T\u1ebft v\u1ec1!<\/p>\n<p>T\u1ebft l\u00e0 th\u1eddi kh\u1eafc ng\u01b0\u1eddi th\u00e2n qu\u00e2y qu\u1ea7n, \u201c\u00f4n c\u1ed1 tri t\u00e2n\u201d, g\u00f3i gh\u00e9m nh\u1eefng vi\u1ec7c \u0111\u00e3 qua v\u00e0 \u0111\u00f3n ch\u00e0o ba tr\u0103m s\u00e1u nh\u0103m ng\u00e0y m\u1edbi tr\u00e0n \u01b0\u1edbc v\u1ecdng. Gi\u1ed1ng nhi\u1ec1u n\u0103m v\u1ec1 tr\u01b0\u1edbc, ng\u00e0y \u00f4ng b\u00e0, cha m\u1eb9, ch\u00fa d\u00ec c\u00f2n xu\u00e2n nh\u01b0 b\u1ea1n v\u00e0 say s\u01b0a \u0111\u1ecdc s\u00e1ch Xu\u00e2n, \u0111\u1ecdc nh\u1eefng trang v\u0103n, b\u00e0i th\u01a1 t\u1ebft n\u00ean s\u1eafc T\u1ebft, b\u1ea1n \u0111ang c\u1ea7m tr\u00ean tay \u1ea5n ph\u1ea9m \u0111\u1eb7c bi\u1ec7t \u0111\u1ec3 th\u01b0 th\u00e1i t\u1eadn h\u01b0\u1edfng gi\u00e2y kh\u1eafc giao th\u1eddi. T\u1eeb M\u1eebng T\u1ebft M\u1edbi -Xu\u00e2n K\u1ec9 H\u1ee3i 1959 \u0111\u1ebfn Nh\u00e2m Nhi T\u1ebft T\u00e2n S\u1eedu 2021, Nh\u00e0 xu\u1ea5t b\u1ea3n Kim \u0110\u1ed3ng xin g\u00f3i m\u00e0u xu\u00e2n nh\u1ecf s\u1eafc T\u1ebft xinh v\u00e0o cu\u1ed1n s\u00e1ch vu\u00f4ng v\u00e0 m\u1eddi b\u1ea1n c\u00f9ng Nh\u00e2m nhiT\u1ebft.<\/p>\n<p>H\u00e3y c\u00f9ng S\u00e1o v\u00e0 Ngh\u00e9 th\u0103m xu\u00e2n v\u00f9ng cao, gh\u00e9 v\u00e0o b\u1ebfp nh\u00e0 n\u00e0o \u1ea5m l\u1eeda, rong ch\u01a1i tr\u00ean cao nguy\u00ean b\u1ea3ng l\u1ea3ng m\u00e2y tr\u1eddi, ng\u1eafm c\u00e2y n\u00eau \u1edf l\u00e0ng qu\u00ea B\u1eafc, ch\u1eadu mai e \u1ea5p n\u1ee5 xinh ph\u01b0\u01a1ng Nam, n\u1ebfm canh mi\u1ebfn m\u0103ng, g\u00e0 lu\u1ed9c, th\u1ecbt \u0111\u00f4ng, nem r\u00e1n, b\u00fan thang, l\u1ea1i th\u00eam th\u1ecbt kho h\u1ed9t v\u1ecbt, canh kh\u1ed5 qua, d\u01b0a m\u00f3n c\u1ee7 ki\u1ec7u t\u00f4m kh\u00f4.<\/p>\n<p>V\u00e0 h\u00e3y treo l\u00ean c\u00e0nh \u0111\u00e0o, c\u00e0nh mai nh\u00e0 m\u00ecnh m\u00f3n qu\u00e0 nh\u1ecf t\u1eb7ng k\u00e8m v\u1edbi cu\u1ed1n s\u00e1ch n\u00e0y &#8211; chi\u1ebfc \u0111\u00e8n l\u1ed3ng h\u1ecda c\u1ea3nh vui T\u1ebft S\u1eedu, c\u00f9ng m\u1eebng xu\u00e2n m\u1edbi v\u1edbi S\u00e1o, v\u1edbi Ngh\u00e9, v\u1edbi nh\u1eefng ng\u01b0\u1eddi th\u00e2n y\u00eau.  <div class=\"banner-grid-wrapper\">\n  <div id=\"banner-grid-1558424586\" class=\"banner-grid row row-grid row-small\" data-packery-options=\"\">\n            <style>\n    #banner-grid-1558424586 .grid-col-1{height: 600px}\n    #banner-grid-1558424586 .grid-col-1-2{height: 300px}\n    #banner-grid-1558424586 .grid-col-1-3{height:200px}\n    #banner-grid-1558424586 .grid-col-2-3{height: 400px}\n    #banner-grid-1558424586 .grid-col-1-4{height: 150px}\n    #banner-grid-1558424586 .grid-col-3-4{height: 450px}\n\n\n        \/* Tablet *\/\n    @media (max-width: 850px){\n      #banner-grid-1558424586 .grid-col-1{height: 400px}\n      #banner-grid-1558424586 .grid-col-1-2{height: 200px}\n      #banner-grid-1558424586 .grid-col-1-3{height:133.33333333333px}\n      #banner-grid-1558424586 .grid-col-2-3{height: 266.66666666667px}\n      #banner-grid-1558424586 .grid-col-1-4{height: 100px}\n      #banner-grid-1558424586 .grid-col-3-4{height: 300px}\n    }\n    \n        \/* Mobile *\/\n    @media (max-width: 550px){\n      #banner-grid-1558424586 .grid-col-1{height: 400px}\n      #banner-grid-1558424586 .grid-col-1-2{height: 200px}\n      #banner-grid-1558424586 .grid-col-1-3{height:133.33333333333px}\n      #banner-grid-1558424586 .grid-col-2-3{height: 266.66666666667px}\n      #banner-grid-1558424586 .grid-col-1-4{height: 100px}\n      #banner-grid-1558424586 .grid-col-3-4{height: 300px}\n    }\n    \n\n  <\/style>\n    <\/div>\n    <style>\n    #banner-grid-1558424586 .grid-col-1{height: 600px}\n    #banner-grid-1558424586 .grid-col-1-2{height: 300px}\n    #banner-grid-1558424586 .grid-col-1-3{height:200px}\n    #banner-grid-1558424586 .grid-col-2-3{height: 400px}\n    #banner-grid-1558424586 .grid-col-1-4{height: 150px}\n    #banner-grid-1558424586 .grid-col-3-4{height: 450px}\n\n\n    \n    \n\n  <\/style>\n    <\/div>\n  \n","protected":false},"excerpt":{"rendered":"<p>C\u1ee9 th\u1ea5y mi\u1ec1n B\u1eafc chuy\u1ec3n m\u01b0a ph\u00f9n l\u1eafc r\u1eafc, mi\u1ec1n Trung \u0111\u00f3n gi\u00f3 se se, mi\u1ec1n Nam m\u00e2y tr\u1eafng n\u1eafng tr\u00e0n, c\u00e2y tr\u1ed5 l\u1ed9c bi\u1ebfc, tr\u0103m hoa khoe s\u1eafc, \u1ea5y l\u00e0 tr\u1eddi v\u00e0o xu\u00e2n. Tho\u1ea3ng trong gi\u00f3 nghe m\u00f9i n\u00e1o n\u1ee9c, n\u1ed3i b\u00e1nh ch\u01b0ng l\u1ee5c b\u1ee5c, ti\u1ebfng c\u00f2i t\u00e0u h\u1ed3i h\u01b0\u01a1ng, ng\u01b0\u1eddi ng\u01b0\u1eddi ng\u00f3ng d\u1ecbp \u0111o\u00e0n vi\u00ean, a T\u1ebft! T\u1ebft v\u1ec1!<\/p>\n<p>T\u1ebft l\u00e0 th\u1eddi kh\u1eafc ng\u01b0\u1eddi th\u00e2n qu\u00e2y qu\u1ea7n, \u201c\u00f4n c\u1ed1 tri t\u00e2n\u201d, g\u00f3i gh\u00e9m nh\u1eefng vi\u1ec7c \u0111\u00e3 qua v\u00e0 \u0111\u00f3n ch\u00e0o ba tr\u0103m s\u00e1u nh\u0103m ng\u00e0y m\u1edbi tr\u00e0n \u01b0\u1edbc v\u1ecdng. Gi\u1ed1ng nhi\u1ec1u n\u0103m v\u1ec1 tr\u01b0\u1edbc, ng\u00e0y \u00f4ng b\u00e0, cha m\u1eb9, ch\u00fa d\u00ec c\u00f2n xu\u00e2n nh\u01b0 b\u1ea1n v\u00e0 say s\u01b0a \u0111\u1ecdc s\u00e1ch Xu\u00e2n, \u0111\u1ecdc nh\u1eefng trang v\u0103n, b\u00e0i th\u01a1 t\u1ebft n\u00ean s\u1eafc T\u1ebft, b\u1ea1n \u0111ang c\u1ea7m tr\u00ean tay \u1ea5n ph\u1ea9m \u0111\u1eb7c bi\u1ec7t \u0111\u1ec3 th\u01b0 th\u00e1i t\u1eadn h\u01b0\u1edfng gi\u00e2y kh\u1eafc giao th\u1eddi. T\u1eeb M\u1eebng T\u1ebft M\u1edbi -Xu\u00e2n K\u1ec9 H\u1ee3i 1959 \u0111\u1ebfn Nh\u00e2m Nhi T\u1ebft T\u00e2n S\u1eedu 2021, Nh\u00e0 xu\u1ea5t b\u1ea3n Kim \u0110\u1ed3ng xin g\u00f3i m\u00e0u xu\u00e2n nh\u1ecf s\u1eafc T\u1ebft xinh v\u00e0o cu\u1ed1n s\u00e1ch vu\u00f4ng v\u00e0 m\u1eddi b\u1ea1n c\u00f9ng Nh\u00e2m nhiT\u1ebft.<\/p>\n<p>H\u00e3y c\u00f9ng S\u00e1o v\u00e0 Ngh\u00e9 th\u0103m xu\u00e2n v\u00f9ng cao, gh\u00e9 v\u00e0o b\u1ebfp nh\u00e0 n\u00e0o \u1ea5m l\u1eeda, rong ch\u01a1i tr\u00ean cao nguy\u00ean b\u1ea3ng l\u1ea3ng m\u00e2y tr\u1eddi, ng\u1eafm c\u00e2y n\u00eau \u1edf l\u00e0ng qu\u00ea B\u1eafc, ch\u1eadu mai e \u1ea5p n\u1ee5 xinh ph\u01b0\u01a1ng Nam, n\u1ebfm canh mi\u1ebfn m\u0103ng, g\u00e0 lu\u1ed9c, th\u1ecbt \u0111\u00f4ng, nem r\u00e1n, b\u00fan thang, l\u1ea1i th\u00eam th\u1ecbt kho h\u1ed9t v\u1ecbt, canh kh\u1ed5 qua, d\u01b0a m\u00f3n c\u1ee7 ki\u1ec7u t\u00f4m kh\u00f4.<\/p>\n<p>V\u00e0 h\u00e3y treo l\u00ean c\u00e0nh \u0111\u00e0o, c\u00e0nh mai nh\u00e0 m\u00ecnh m\u00f3n qu\u00e0 nh\u1ecf t\u1eb7ng k\u00e8m v\u1edbi cu\u1ed1n s\u00e1ch n\u00e0y &#8211; chi\u1ebfc \u0111\u00e8n l\u1ed3ng h\u1ecda c\u1ea3nh vui T\u1ebft S\u1eedu, c\u00f9ng m\u1eebng xu\u00e2n m\u1edbi v\u1edbi S\u00e1o, v\u1edbi Ngh\u00e9, v\u1edbi nh\u1eefng ng\u01b0\u1eddi th\u00e2n y\u00eau.<\/p>\n","protected":false},"featured_media":2868,"template":"","meta":{"_acf_changed":false},"product_brand":[],"product_cat":[17,71],"product_tag":[],"class_list":{"0":"post-2875","1":"product","2":"type-product","3":"status-publish","4":"has-post-thumbnail","6":"product_cat-sach-danh-cho-cac-be","7":"product_cat-sach-tre-em-thuan-viet","9":"first","10":"instock","11":"taxable","12":"shipping-taxable","13":"purchasable","14":"product-type-simple"},"supplier_id":null,"supplier_sku":"","barcode":null,"atum_controlled":true,"out_stock_date":null,"out_stock_threshold":null,"inheritable":false,"inbound_stock":0,"stock_on_hold":0,"sold_today":0,"sales_last_days":0,"reserved_stock":0,"customer_returns":0,"warehouse_damage":0,"lost_in_post":0,"other_logs":0,"out_stock_days":0,"lost_sales":0,"has_location":false,"update_date":"2026-01-28T23:10:32","atum_locations":[],"atum_stock_status":"instock","restock_status":false,"low_stock_amount":"","sales_update_date":"2026-01-28T23:10:32","calc_backorders":null,"acf":{"publisher":{"ID":1454,"post_author":"1","post_date":"2021-02-17 01:11:34","post_date_gmt":"2021-02-16 23:11:34","post_content":"<!-- wp:flatsome\/uxbuilder -->\n<h1 style=\"text-align: center;\"><strong>Kim \u0110\u1ed3ng<\/strong><\/h1>\n[row]\n\n[col span=\"3\" span__sm=\"12\"]\n\n[ux_image id=\"1534\" image_size=\"medium\"]\n\n\n[\/col]\n[col span=\"9\" span__sm=\"12\"]\n\n<p>Nh\u00e0 xu\u1ea5t b\u1ea3n Kim \u0110\u1ed3ng tr\u1ef1c thu\u1ed9c Trung \u01b0\u01a1ng \u0110o\u00e0n TNCS H\u1ed3 Ch\u00ed Minh l\u00e0 Nh\u00e0 xu\u1ea5t b\u1ea3n t\u1ed5ng h\u1ee3p c\u00f3 ch\u1ee9c n\u0103ng xu\u1ea5t b\u1ea3n s\u00e1ch v\u00e0 v\u0103n h\u00f3a ph\u1ea9m ph\u1ee5c v\u1ee5 thi\u1ebfu nhi v\u00e0 c\u00e1c b\u1eadc ph\u1ee5 huynh trong c\u1ea3 n\u01b0\u1edbc, qu\u1ea3ng b\u00e1 v\u00e0 gi\u1edbi thi\u1ec7u v\u0103n h\u00f3a Vi\u1ec7t Nam ra th\u1ebf gi\u1edbi.<br \/>Nh\u00e0 xu\u1ea5t b\u1ea3n c\u00f3 nhi\u1ec7m v\u1ee5 t\u1ed5 ch\u1ee9c b\u1ea3n th\u1ea3o, bi\u00ean so\u1ea1n, bi\u00ean d\u1ecbch, xu\u1ea5t b\u1ea3n v\u00e0 ph\u00e1t h\u00e0nh c\u00e1c xu\u1ea5t b\u1ea3n ph\u1ea9m c\u00f3 n\u1ed9i dung: gi\u00e1o d\u1ee5c truy\u1ec1n th\u1ed1ng d\u00e2n t\u1ed9c, gi\u00e1o d\u1ee5c v\u1ec1 tri th\u1ee9c, ki\u1ebfn th\u1ee9c\u2026 tr\u00ean c\u00e1c l\u0129nh v\u1ef1c v\u0103n h\u1ecdc, ngh\u1ec7 thu\u1eadt, khoa h\u1ecdc k\u1ef9 thu\u1eadt nh\u1eb1m cung c\u1ea5p cho c\u00e1c em thi\u1ebfu nhi c\u0169ng nh\u01b0 c\u00e1c b\u1eadc ph\u1ee5 huynh c\u00e1c ki\u1ebfn th\u1ee9c c\u1ea7n thi\u1ebft trong cu\u1ed9c s\u1ed1ng, nh\u1eefng tinh hoa c\u1ee7a tri th\u1ee9c nh\u00e2n lo\u1ea1i nh\u1eb1m g\u00f3p ph\u1ea7n gi\u00e1o d\u1ee5c v\u00e0 h\u00ecnh th\u00e0nh nh\u00e2n c\u00e1ch th\u1ebf h\u1ec7 tr\u1ebb.<br \/>\u0110\u1ed1i t\u01b0\u1ee3ng ph\u1ee5c v\u1ee5 c\u1ee7a Nh\u00e0 xu\u1ea5t b\u1ea3n l\u00e0 c\u00e1c em t\u1eeb tu\u1ed5i nh\u00e0 tr\u1ebb m\u1eabu gi\u00e1o (1 \u0111\u1ebfn 5 tu\u1ed5i), nhi \u0111\u1ed3ng (6 \u0111\u1ebfn 9 tu\u1ed5i), thi\u1ebfu ni\u00ean (10 \u0111\u1ebfn 15 tu\u1ed5i) \u0111\u1ebfn c\u00e1c em tu\u1ed5i m\u1edbi l\u1edbn (16 \u0111\u1ebfn 18 tu\u1ed5i) v\u00e0 c\u00e1c b\u1eadc ph\u1ee5 huynh.<\/p>\n\n[\/col]\n\n[\/row]\n\n<!-- \/wp:flatsome\/uxbuilder -->","post_title":"Kim \u0110\u1ed3ng","post_excerpt":"","post_status":"publish","comment_status":"closed","ping_status":"closed","post_password":"","post_name":"kim-dong","to_ping":"","pinged":"","post_modified":"2021-02-17 01:31:56","post_modified_gmt":"2021-02-16 23:31:56","post_content_filtered":"","post_parent":0,"guid":"https:\/\/sachviet.eu\/nha-phat-hanh\/kim-dong\/","menu_order":0,"post_type":"publisher","post_mime_type":"","comment_count":"0","filter":"raw"}},"_links":{"self":[{"href":"https:\/\/sachviet.eu\/en\/wp-json\/wp\/v2\/product\/2875","targetHints":{"allow":["GET"]}}],"collection":[{"href":"https:\/\/sachviet.eu\/en\/wp-json\/wp\/v2\/product"}],"about":[{"href":"https:\/\/sachviet.eu\/en\/wp-json\/wp\/v2\/types\/product"}],"wp:featuredmedia":[{"embeddable":true,"href":"https:\/\/sachviet.eu\/en\/wp-json\/wp\/v2\/media\/2868"}],"wp:attachment":[{"href":"https:\/\/sachviet.eu\/en\/wp-json\/wp\/v2\/media?parent=2875"}],"wp:term":[{"taxonomy":"product_brand","embeddable":true,"href":"https:\/\/sachviet.eu\/en\/wp-json\/wp\/v2\/product_brand?post=2875"},{"taxonomy":"product_cat","embeddable":true,"href":"https:\/\/sachviet.eu\/en\/wp-json\/wp\/v2\/product_cat?post=2875"},{"taxonomy":"product_tag","embeddable":true,"href":"https:\/\/sachviet.eu\/en\/wp-json\/wp\/v2\/product_tag?post=2875"}],"curies":[{"name":"wp","href":"https:\/\/api.w.org\/{rel}","templated":true}]}}