{"id":2867,"date":"2021-02-27T00:03:26","date_gmt":"2021-02-26T22:03:26","guid":{"rendered":"https:\/\/sachviet.eu\/shop\/nham-nhi-tet-canh-ty-2020\/"},"modified":"2024-04-18T14:29:39","modified_gmt":"2024-04-18T11:29:39","slug":"nham-nhi-tet-canh-ty-2020","status":"publish","type":"product","link":"https:\/\/sachviet.eu\/en\/shop\/nham-nhi-tet-canh-ty-2020\/","title":{"rendered":"Nh\u00e2m nhi T\u1ebft Canh T\u00fd 2020"},"content":{"rendered":"<p>Khi tr\u00ean ph\u1ed1 l\u00e1c \u0111\u00e1c \u0111\u00e0o mai, b\u1ea1n bi\u1ebft T\u1ebft s\u1eafp \u0111\u1ebfn r\u1ed3i! Ai ai c\u0169ng n\u00f4 n\u1ee9c s\u1eafm s\u1eeda trang ho\u00e0ng \u0111\u00f3n T\u1ebft. B\u00e0 v\u00e0 m\u1eb9 b\u1eadn r\u1ed9n mua n\u00e0o b\u00e1nh ch\u01b0ng, b\u00e1nh t\u00e9t, n\u00e0o ng\u0169 qu\u1ea3, m\u1ee9t T\u1ebft. \u00d4ng v\u00e0 b\u1ed1 ng\u1eafm ngh\u0129a \u0111\u00e0o th\u1eafm, mai v\u00e0ng, c\u00e2y c\u1ea3nh, tranh T\u1ebft. C\u00f2n b\u1ea1n? B\u1ea1n c\u00f3 mu\u1ed1n \u0111\u00f3n T\u1ebft theo c\u00e1ch th\u1eadt ri\u00eang kh\u00f4ng?<\/p>\n<p>H\u00e3y c\u00f9ng NH\u00c2M NHI T\u1ebeT v\u1edbi \u1ea5n ph\u1ea9m \u0111\u1eb7c bi\u1ec7t c\u1ee7a Nh\u00e0 xu\u1ea5t b\u1ea3n Kim \u0110\u1ed3ng \u2013 m\u1ed9t tuy\u1ec3n t\u1eadp truy\u1ec7n, th\u01a1 c\u00f9ng nh\u1eefng b\u00e0i gi\u1edbi thi\u1ec7u v\u1ec1 \u00e2m nh\u1ea1c, h\u1ed9i ho\u1ea1 c\u00f3 ch\u1ee7 \u0111\u1ec1 Xu\u00e2n v\u00e0 T\u1ebft.<\/p>\n<p>Nh\u1eefng \u1ea5n ph\u1ea9m S\u00c1CH T\u1ebeT c\u1ee7a NXB Kim \u0110\u1ed3ng ra \u0111\u1eddi c\u00e1ch \u0111\u00e2y h\u01a1n 60 n\u0103m. N\u0103m 1959, M\u1eebng T\u1ebft M\u1edbi \u2013 Xu\u00e2n K\u1ef7 H\u1ee3i \u0111\u00e3 ra m\u1eaft, gi\u1edbi thi\u1ec7u t\u00e1c ph\u1ea9m c\u1ee7a r\u1ea5t nhi\u1ec1u t\u00e1c gi\u1ea3 v\u00e0 ho\u1ea1 s\u0129 n\u1ed5i ti\u1ebfng l\u00fac b\u1ea5y gi\u1edd nh\u01b0 T\u1ea1 L\u1ef1u, Nguy\u1ec5n B\u00edch, Thy Thy T\u1ed1ng Ng\u1ecdc, Th\u1ebf V\u1ef5&#8230;<\/p>\n<p>Qua m\u1ed7i giai \u0111o\u1ea1n, c\u00e1c \u1ea5n ph\u1ea9m T\u1ebft v\u1edbi nh\u1eefng t\u00ean g\u1ecdi kh\u00e1c nhau nh\u01b0 Tu\u1ed5i th\u01a1 Xu\u00e2n, \u0110\u1ea5t n\u01b0\u1edbc v\u00e0o Xu\u00e2n&#8230; l\u1ea1i mang m\u1ed9t di\u1ec7n m\u1ea1o m\u1edbi v\u1edbi s\u1ef1 g\u00f3p m\u1eb7t c\u1ee7a \u0111\u00f4ng \u0111\u1ea3o c\u00e1c nh\u00e0 th\u01a1, nh\u00e0 v\u0103n v\u00e0 ho\u1ea1 s\u0129.<\/p>\n<p>Xu\u00e2n Canh T\u00fd n\u00e0y, NH\u00c2M NHI T\u1ebeT m\u1eddi b\u1ea1n b\u01b0\u1edbc v\u00e0o G\u00f3c \u0110\u1ecdc T\u1ebft v\u1edbi nh\u1eefng c\u00e2u chuy\u1ec7n m\u00f9a xu\u00e2n \u1ea5m \u00e1p c\u1ee7a c\u00e1c t\u00e1c gi\u1ea3 Xu\u00e2n Qu\u1ef3nh, Tr\u1ea7n Ho\u00e0i D\u01b0\u01a1ng, L\u00fd Lan, Kim Ho\u00e0, Rosita Nguy\u1ec5n, nghe nh\u1eefng l\u1eddi th\u01a1 xu\u00e2n \u0111\u1eb9p \u0111\u1ebd c\u1ee7a Nguy\u1ec5n V\u0129nh Ti\u1ebfn, Ho\u00e0i Kh\u00e1nh, Thu\u1ef5 Anh, \u201cn\u1ebfm\u201d m\u00f3n m\u1ee9t c\u1ee7a t\u00e1c gi\u1ea3 Gianni Rodari \u2013 ng\u01b0\u1eddi m\u00e0 n\u0103m 2020 s\u1ebd k\u1ec9 ni\u1ec7m 100 n\u0103m sinh, hay d\u1ef1 b\u1eefa \u201cp\u1eb7c-ti\u201d khoai m\u00ec v\u1edbi nh\u00f3m \u201csi\u00eau l\u1ea7y l\u1ed9i\u201d \u1edf X\u00f3m Om X\u00f2m&#8230; G\u00f3c Th\u01b0\u1edfng Th\u1ee9c v\u1edbi m\u00f3n th\u1ea1ch c\u00e1 ch\u00e9p ti\u1ec5n \u00d4ng T\u00e1o v\u1ec1 tr\u1eddi c\u1ee7a food blogger Phan Anh (Esheep), c\u00f9ng ch\u01a1i T\u1ebft, xem tranh v\u00e0 h\u00e1t theo nh\u1eefng b\u1ea3n nh\u1ea1c Xu\u00e2n. N\u1ebfu y\u00eau l\u1ecbch s\u1eed, h\u00e3y \u1edf l\u1ea1i G\u00f3c T\u1ebft X\u01b0a l\u00e2u h\u01a1n \u0111\u1ec3 nghe c\u00e2u chuy\u1ec7n v\u1ec1 m\u1ed9t v\u1ecb vua tu\u1ed5i T\u00fd, v\u1ec1 vi\u1ec7c l\u00e0m r\u1ea5t \u00fd ngh\u0129a c\u1ee7a c\u00e1c v\u1ecb t\u01b0\u1edbng nh\u00e0 Tr\u1ea7n trong m\u1ed9t ng\u00e0y cu\u1ed1i n\u0103m, hay \u0111\u01a1n gi\u1ea3n ch\u1ec9 l\u00e0 n\u1ed7i l\u00f2ng \u201cb\u00e0i t\u1eadp T\u1ebft\u201d c\u1ee7a tr\u1ebb con m\u1ed9t th\u1eddi ch\u01b0a xa. V\u00e0 n\u1ebfu \u01b0a t\u00ecm t\u00f2i, h\u00e3y \u0111\u1ebfn v\u1edbi G\u00f3c Kh\u00e1m Ph\u00e1 \u0111\u1ec3 bi\u1ebft \u0111\u01b0\u1ee3c c\u00e2u chuy\u1ec7n h\u1ecdc v\u1ebd tranh r\u1ea5t th\u00fa v\u1ecb c\u1ee7a Van Gogh, hi\u1ec3u v\u00ec sao c\u00e1c chi\u1ebfn s\u0129 \u1edf Tr\u01b0\u1eddng Sa l\u1ea1i \u0103n T\u1ebft v\u00e0o nh\u1eefng th\u1eddi \u0111i\u1ec3m kh\u00e1c nhau, v\u00e0 c\u00f9ng xem kh\u00f4ng kh\u00ed T\u1ebft mu\u00f4n n\u01a1i c\u00f3 g\u00ec \u0111\u1eb7c bi\u1ec7t.<\/p>\n<p>Cu\u1ed1n s\u00e1ch th\u00eam s\u1ed1ng \u0111\u1ed9ng v\u1edbi nh\u1eefng b\u1ee9c tranh minh h\u1ecda c\u00f4ng phu c\u1ee7a h\u1ecda s\u0129 T\u1ea1 Huy Long, Nguy\u1ec5n Th\u00e0nh V\u0169, Qu\u1ef3nh Chu, Ho\u00e0ng Giang, T\u1ea1 Lan H\u1ea1nh, Ph\u1ea1m Ng\u1ecdc \u0110i\u1ec7p, V\u01b0\u1eddn Illustration\u2026<\/p>\n<p>N\u00e0o, h\u00e3y c\u00f9ng NH\u00c2M NHI T\u1ebeT b\u1ea1n nh\u00e9!<\/p>\n<p>\u1ea4n ph\u1ea9m NH\u00c2M NHI T\u1ebeT \u0111\u01b0\u1ee3c in m\u00e0u to\u00e0n b\u1ed9 tr\u00ean ch\u1ea5t li\u1ec7u gi\u1ea5y couche cao c\u1ea5p.<\/p>\n<p>M\u1ed7i cu\u1ed1n s\u00e1ch \u0111\u01b0\u1ee3c t\u1eb7ng k\u00e8m m\u1ed9t postcard \u0111\u1ec3 b\u1ea1n c\u00f3 th\u1ec3 vi\u1ebft nh\u1eefng l\u1eddi ch\u00fac t\u1ed1t \u0111\u1eb9p g\u1eedi \u0111\u1ebfn ng\u01b0\u1eddi b\u1ea1n y\u00eau qu\u00fd trong d\u1ecbp \u0111\u1ea7u Xu\u00e2n.<\/p>\n<p>Cu\u1ed1n s\u00e1ch \u0111\u01b0\u1ee3c x\u1ebfp trong m\u1ed9t chi\u1ebfc h\u1ed9p vu\u00f4ng v\u1ee9c xinh x\u1eafn &#8211; m\u1ed9t m\u00f3n qu\u00e0 l\u00ec x\u00ec n\u0103m m\u1edbi \u0111\u1ea7y \u00fd ngh\u0129a.  <div class=\"banner-grid-wrapper\">\n  <div id=\"banner-grid-1496387873\" class=\"banner-grid row row-grid row-small\" data-packery-options=\"\">\n            <style>\n    #banner-grid-1496387873 .grid-col-1{height: 600px}\n    #banner-grid-1496387873 .grid-col-1-2{height: 300px}\n    #banner-grid-1496387873 .grid-col-1-3{height:200px}\n    #banner-grid-1496387873 .grid-col-2-3{height: 400px}\n    #banner-grid-1496387873 .grid-col-1-4{height: 150px}\n    #banner-grid-1496387873 .grid-col-3-4{height: 450px}\n\n\n        \/* Tablet *\/\n    @media (max-width: 850px){\n      #banner-grid-1496387873 .grid-col-1{height: 400px}\n      #banner-grid-1496387873 .grid-col-1-2{height: 200px}\n      #banner-grid-1496387873 .grid-col-1-3{height:133.33333333333px}\n      #banner-grid-1496387873 .grid-col-2-3{height: 266.66666666667px}\n      #banner-grid-1496387873 .grid-col-1-4{height: 100px}\n      #banner-grid-1496387873 .grid-col-3-4{height: 300px}\n    }\n    \n        \/* Mobile *\/\n    @media (max-width: 550px){\n      #banner-grid-1496387873 .grid-col-1{height: 400px}\n      #banner-grid-1496387873 .grid-col-1-2{height: 200px}\n      #banner-grid-1496387873 .grid-col-1-3{height:133.33333333333px}\n      #banner-grid-1496387873 .grid-col-2-3{height: 266.66666666667px}\n      #banner-grid-1496387873 .grid-col-1-4{height: 100px}\n      #banner-grid-1496387873 .grid-col-3-4{height: 300px}\n    }\n    \n\n  <\/style>\n    <\/div>\n    <style>\n    #banner-grid-1496387873 .grid-col-1{height: 600px}\n    #banner-grid-1496387873 .grid-col-1-2{height: 300px}\n    #banner-grid-1496387873 .grid-col-1-3{height:200px}\n    #banner-grid-1496387873 .grid-col-2-3{height: 400px}\n    #banner-grid-1496387873 .grid-col-1-4{height: 150px}\n    #banner-grid-1496387873 .grid-col-3-4{height: 450px}\n\n\n    \n    \n\n  <\/style>\n    <\/div>\n  \n","protected":false},"excerpt":{"rendered":"<p>Xu\u00e2n Canh T\u00fd n\u00e0y, NH\u00c2M NHI T\u1ebeT m\u1eddi b\u1ea1n b\u01b0\u1edbc v\u00e0o G\u00f3c \u0110\u1ecdc T\u1ebft v\u1edbi nh\u1eefng c\u00e2u chuy\u1ec7n m\u00f9a xu\u00e2n \u1ea5m \u00e1p c\u1ee7a c\u00e1c t\u00e1c gi\u1ea3 Xu\u00e2n Qu\u1ef3nh, Tr\u1ea7n Ho\u00e0i D\u01b0\u01a1ng, L\u00fd Lan, Kim Ho\u00e0, Rosita Nguy\u1ec5n, nghe nh\u1eefng l\u1eddi th\u01a1 xu\u00e2n \u0111\u1eb9p \u0111\u1ebd c\u1ee7a Nguy\u1ec5n V\u0129nh Ti\u1ebfn, Ho\u00e0i Kh\u00e1nh, Thu\u1ef5 Anh, \u201cn\u1ebfm\u201d m\u00f3n m\u1ee9t c\u1ee7a t\u00e1c gi\u1ea3 Gianni Rodari \u2013 ng\u01b0\u1eddi m\u00e0 n\u0103m 2020 s\u1ebd k\u1ec9 ni\u1ec7m 100 n\u0103m sinh, hay d\u1ef1 b\u1eefa \u201cp\u1eb7c-ti\u201d khoai m\u00ec v\u1edbi nh\u00f3m \u201csi\u00eau l\u1ea7y l\u1ed9i\u201d \u1edf X\u00f3m Om X\u00f2m&#8230; G\u00f3c Th\u01b0\u1edfng Th\u1ee9c v\u1edbi m\u00f3n th\u1ea1ch c\u00e1 ch\u00e9p ti\u1ec5n \u00d4ng T\u00e1o v\u1ec1 tr\u1eddi c\u1ee7a food blogger Phan Anh (Esheep), c\u00f9ng ch\u01a1i T\u1ebft, xem tranh v\u00e0 h\u00e1t theo nh\u1eefng b\u1ea3n nh\u1ea1c Xu\u00e2n. N\u1ebfu y\u00eau l\u1ecbch s\u1eed, h\u00e3y \u1edf l\u1ea1i G\u00f3c T\u1ebft X\u01b0a l\u00e2u h\u01a1n \u0111\u1ec3 nghe c\u00e2u chuy\u1ec7n v\u1ec1 m\u1ed9t v\u1ecb vua tu\u1ed5i T\u00fd, v\u1ec1 vi\u1ec7c l\u00e0m r\u1ea5t \u00fd ngh\u0129a c\u1ee7a c\u00e1c v\u1ecb t\u01b0\u1edbng nh\u00e0 Tr\u1ea7n trong m\u1ed9t ng\u00e0y cu\u1ed1i n\u0103m, hay \u0111\u01a1n gi\u1ea3n ch\u1ec9 l\u00e0 n\u1ed7i l\u00f2ng \u201cb\u00e0i t\u1eadp T\u1ebft\u201d c\u1ee7a tr\u1ebb con m\u1ed9t th\u1eddi ch\u01b0a xa. V\u00e0 n\u1ebfu \u01b0a t\u00ecm t\u00f2i, h\u00e3y \u0111\u1ebfn v\u1edbi G\u00f3c Kh\u00e1m Ph\u00e1 \u0111\u1ec3 bi\u1ebft \u0111\u01b0\u1ee3c c\u00e2u chuy\u1ec7n h\u1ecdc v\u1ebd tranh r\u1ea5t th\u00fa v\u1ecb c\u1ee7a Van Gogh, hi\u1ec3u v\u00ec sao c\u00e1c chi\u1ebfn s\u0129 \u1edf Tr\u01b0\u1eddng Sa l\u1ea1i \u0103n T\u1ebft v\u00e0o nh\u1eefng th\u1eddi \u0111i\u1ec3m kh\u00e1c nhau, v\u00e0 c\u00f9ng xem kh\u00f4ng kh\u00ed T\u1ebft mu\u00f4n n\u01a1i c\u00f3 g\u00ec \u0111\u1eb7c bi\u1ec7t.<\/p>\n","protected":false},"featured_media":2861,"template":"","meta":{"_acf_changed":false},"product_brand":[],"product_cat":[17,71],"product_tag":[],"class_list":{"0":"post-2867","1":"product","2":"type-product","3":"status-publish","4":"has-post-thumbnail","6":"product_cat-sach-danh-cho-cac-be","7":"product_cat-sach-tre-em-thuan-viet","9":"first","10":"outofstock","11":"taxable","12":"shipping-taxable","13":"purchasable","14":"product-type-simple"},"supplier_id":null,"supplier_sku":"","barcode":null,"atum_controlled":true,"out_stock_date":"2024-04-18 11:29:39","out_stock_threshold":null,"inheritable":false,"inbound_stock":0,"stock_on_hold":0,"sold_today":0,"sales_last_days":0,"reserved_stock":0,"customer_returns":0,"warehouse_damage":0,"lost_in_post":0,"other_logs":0,"out_stock_days":650,"lost_sales":0,"has_location":false,"update_date":"2026-01-28T23:10:32","atum_locations":[],"atum_stock_status":"outofstock","restock_status":false,"low_stock_amount":"","sales_update_date":"2026-01-28T23:10:32","calc_backorders":null,"acf":{"publisher":{"ID":1454,"post_author":"1","post_date":"2021-02-17 01:11:34","post_date_gmt":"2021-02-16 23:11:34","post_content":"<!-- wp:flatsome\/uxbuilder -->\n<h1 style=\"text-align: center;\"><strong>Kim \u0110\u1ed3ng<\/strong><\/h1>\n[row]\n\n[col span=\"3\" span__sm=\"12\"]\n\n[ux_image id=\"1534\" image_size=\"medium\"]\n\n\n[\/col]\n[col span=\"9\" span__sm=\"12\"]\n\n<p>Nh\u00e0 xu\u1ea5t b\u1ea3n Kim \u0110\u1ed3ng tr\u1ef1c thu\u1ed9c Trung \u01b0\u01a1ng \u0110o\u00e0n TNCS H\u1ed3 Ch\u00ed Minh l\u00e0 Nh\u00e0 xu\u1ea5t b\u1ea3n t\u1ed5ng h\u1ee3p c\u00f3 ch\u1ee9c n\u0103ng xu\u1ea5t b\u1ea3n s\u00e1ch v\u00e0 v\u0103n h\u00f3a ph\u1ea9m ph\u1ee5c v\u1ee5 thi\u1ebfu nhi v\u00e0 c\u00e1c b\u1eadc ph\u1ee5 huynh trong c\u1ea3 n\u01b0\u1edbc, qu\u1ea3ng b\u00e1 v\u00e0 gi\u1edbi thi\u1ec7u v\u0103n h\u00f3a Vi\u1ec7t Nam ra th\u1ebf gi\u1edbi.<br \/>Nh\u00e0 xu\u1ea5t b\u1ea3n c\u00f3 nhi\u1ec7m v\u1ee5 t\u1ed5 ch\u1ee9c b\u1ea3n th\u1ea3o, bi\u00ean so\u1ea1n, bi\u00ean d\u1ecbch, xu\u1ea5t b\u1ea3n v\u00e0 ph\u00e1t h\u00e0nh c\u00e1c xu\u1ea5t b\u1ea3n ph\u1ea9m c\u00f3 n\u1ed9i dung: gi\u00e1o d\u1ee5c truy\u1ec1n th\u1ed1ng d\u00e2n t\u1ed9c, gi\u00e1o d\u1ee5c v\u1ec1 tri th\u1ee9c, ki\u1ebfn th\u1ee9c\u2026 tr\u00ean c\u00e1c l\u0129nh v\u1ef1c v\u0103n h\u1ecdc, ngh\u1ec7 thu\u1eadt, khoa h\u1ecdc k\u1ef9 thu\u1eadt nh\u1eb1m cung c\u1ea5p cho c\u00e1c em thi\u1ebfu nhi c\u0169ng nh\u01b0 c\u00e1c b\u1eadc ph\u1ee5 huynh c\u00e1c ki\u1ebfn th\u1ee9c c\u1ea7n thi\u1ebft trong cu\u1ed9c s\u1ed1ng, nh\u1eefng tinh hoa c\u1ee7a tri th\u1ee9c nh\u00e2n lo\u1ea1i nh\u1eb1m g\u00f3p ph\u1ea7n gi\u00e1o d\u1ee5c v\u00e0 h\u00ecnh th\u00e0nh nh\u00e2n c\u00e1ch th\u1ebf h\u1ec7 tr\u1ebb.<br \/>\u0110\u1ed1i t\u01b0\u1ee3ng ph\u1ee5c v\u1ee5 c\u1ee7a Nh\u00e0 xu\u1ea5t b\u1ea3n l\u00e0 c\u00e1c em t\u1eeb tu\u1ed5i nh\u00e0 tr\u1ebb m\u1eabu gi\u00e1o (1 \u0111\u1ebfn 5 tu\u1ed5i), nhi \u0111\u1ed3ng (6 \u0111\u1ebfn 9 tu\u1ed5i), thi\u1ebfu ni\u00ean (10 \u0111\u1ebfn 15 tu\u1ed5i) \u0111\u1ebfn c\u00e1c em tu\u1ed5i m\u1edbi l\u1edbn (16 \u0111\u1ebfn 18 tu\u1ed5i) v\u00e0 c\u00e1c b\u1eadc ph\u1ee5 huynh.<\/p>\n\n[\/col]\n\n[\/row]\n\n<!-- \/wp:flatsome\/uxbuilder -->","post_title":"Kim \u0110\u1ed3ng","post_excerpt":"","post_status":"publish","comment_status":"closed","ping_status":"closed","post_password":"","post_name":"kim-dong","to_ping":"","pinged":"","post_modified":"2021-02-17 01:31:56","post_modified_gmt":"2021-02-16 23:31:56","post_content_filtered":"","post_parent":0,"guid":"https:\/\/sachviet.eu\/nha-phat-hanh\/kim-dong\/","menu_order":0,"post_type":"publisher","post_mime_type":"","comment_count":"0","filter":"raw"}},"_links":{"self":[{"href":"https:\/\/sachviet.eu\/en\/wp-json\/wp\/v2\/product\/2867","targetHints":{"allow":["GET"]}}],"collection":[{"href":"https:\/\/sachviet.eu\/en\/wp-json\/wp\/v2\/product"}],"about":[{"href":"https:\/\/sachviet.eu\/en\/wp-json\/wp\/v2\/types\/product"}],"wp:featuredmedia":[{"embeddable":true,"href":"https:\/\/sachviet.eu\/en\/wp-json\/wp\/v2\/media\/2861"}],"wp:attachment":[{"href":"https:\/\/sachviet.eu\/en\/wp-json\/wp\/v2\/media?parent=2867"}],"wp:term":[{"taxonomy":"product_brand","embeddable":true,"href":"https:\/\/sachviet.eu\/en\/wp-json\/wp\/v2\/product_brand?post=2867"},{"taxonomy":"product_cat","embeddable":true,"href":"https:\/\/sachviet.eu\/en\/wp-json\/wp\/v2\/product_cat?post=2867"},{"taxonomy":"product_tag","embeddable":true,"href":"https:\/\/sachviet.eu\/en\/wp-json\/wp\/v2\/product_tag?post=2867"}],"curies":[{"name":"wp","href":"https:\/\/api.w.org\/{rel}","templated":true}]}}