{"id":2860,"date":"2021-02-27T00:03:13","date_gmt":"2021-02-26T22:03:13","guid":{"rendered":"https:\/\/sachviet.eu\/shop\/ha-noi-reminiscences-of-thousand-years-pop-up-3d\/"},"modified":"2021-09-20T18:12:49","modified_gmt":"2021-09-20T15:12:49","slug":"ha-noi-reminiscences-of-thousand-years-pop-up-3d","status":"publish","type":"product","link":"https:\/\/sachviet.eu\/en\/shop\/ha-noi-reminiscences-of-thousand-years-pop-up-3d\/","title":{"rendered":"H\u00e0 N\u1ed9i \u2013 Reminiscences Of Thousand Years (Pop-up 3D)"},"content":{"rendered":"<p>Nh\u1eefng h\u00ecnh \u1ea3nh bi\u1ec3u t\u01b0\u1ee3ng v\u1ec1 l\u1ecbch s\u1eed h\u01a1n m\u1ed9t ngh\u00ecn n\u0103m h\u00e0o h\u00f9ng, bi tr\u00e1ng c\u1ee7a Th\u0103ng Long &#8211; H\u00e0 N\u1ed9i s\u1ebd \u0111\u01b0\u1ee3c t\u00e1i hi\u1ec7n qua &#8220;H\u00e0 N\u1ed9i ng\u00e0n n\u0103m k\u00ed \u1ee9c&#8221;.<\/p>\n<p>Kh\u00f4ng ch\u1ec9 l\u00e0 cu\u1ed1n s\u00e1ch cung c\u1ea5p th\u00f4ng tin, \u0111\u00e2y c\u00f2n l\u00e0 m\u1ed9t s\u1ea3n ph\u1ea9m s\u00e1ch Pop-up &#8211; s\u00e1ch d\u1ef1ng h\u00ecnh 3D v\u1edbi thi\u1ebft k\u1ebf \u0111\u1eb7c bi\u1ec7t, mang t\u1edbi cho b\u1ea1n \u0111\u1ecdc nh\u1eefng tr\u1ea3i nghi\u1ec7m h\u00ecnh \u1ea3nh s\u1ed1ng \u0111\u1ed9ng nh\u1ea5t v\u1ec1 11 danh lam th\u1eafng c\u1ea3nh c\u1ee7a th\u1ee7 \u0111\u00f4 H\u00e0 N\u1ed9i m\u1ebfn y\u00eau.<\/p>\n<p>Cu\u1ed1n s\u00e1ch l\u00e0 m\u00f3n qu\u00e0 \u0111\u1ed9c \u0111\u00e1o d\u00e0nh cho b\u1ea1n b\u00e8 qu\u1ed1c t\u1ebf th\u00eam hi\u1ec3u, th\u00eam y\u00eau c\u1ea3nh s\u1eafc con ng\u01b0\u1eddi H\u00e0 N\u1ed9i.  <div class=\"banner-grid-wrapper\">\n  <div id=\"banner-grid-1866116957\" class=\"banner-grid row row-grid row-small\" data-packery-options=\"\">\n                      <div class=\"col grid-col large-6 grid-col-1\" ><div class=\"col-inner\">\t<div class=\"img has-hover x md-x lg-x y md-y lg-y\" id=\"image_2116461588\">\n\t\t\t\t\t\t\t\t<div class=\"img-inner dark\" >\n\t\t\t<img loading=\"lazy\" decoding=\"async\" width=\"600\" height=\"600\" src=\"https:\/\/sachviet.eu\/wp-content\/uploads\/2021\/02\/image_219226.jpg\" class=\"attachment-large size-large\" alt=\"\" srcset=\"https:\/\/sachviet.eu\/wp-content\/uploads\/2021\/02\/image_219226.jpg 600w, https:\/\/sachviet.eu\/wp-content\/uploads\/2021\/02\/image_219226-300x300.jpg 300w, https:\/\/sachviet.eu\/wp-content\/uploads\/2021\/02\/image_219226-150x150.jpg 150w, https:\/\/sachviet.eu\/wp-content\/uploads\/2021\/02\/image_219226-100x100.jpg 100w\" sizes=\"auto, (max-width: 600px) 100vw, 600px\" \/>\t\t\t\t\t\t\n\t\t\t\t\t<\/div>\n\t\t\t\t\t\t\t\t\n<style>\n#image_2116461588 {\n  width: 100%;\n}\n<\/style>\n\t<\/div>\n\t<\/div><\/div><div class=\"col grid-col large-6 grid-col-1-2\" ><div class=\"col-inner\">\t<div class=\"img has-hover x md-x lg-x y md-y lg-y\" id=\"image_1983386646\">\n\t\t\t\t\t\t\t\t<div class=\"img-inner dark\" >\n\t\t\t<img loading=\"lazy\" decoding=\"async\" width=\"1020\" height=\"816\" src=\"https:\/\/sachviet.eu\/wp-content\/uploads\/2021\/02\/ha_noi_ngan_nam_ki_uc_4_reminiscences_of_thousand_years-1024x819.jpg\" class=\"attachment-large size-large\" alt=\"\" srcset=\"https:\/\/sachviet.eu\/wp-content\/uploads\/2021\/02\/ha_noi_ngan_nam_ki_uc_4_reminiscences_of_thousand_years-1024x819.jpg 1024w, https:\/\/sachviet.eu\/wp-content\/uploads\/2021\/02\/ha_noi_ngan_nam_ki_uc_4_reminiscences_of_thousand_years-300x240.jpg 300w, https:\/\/sachviet.eu\/wp-content\/uploads\/2021\/02\/ha_noi_ngan_nam_ki_uc_4_reminiscences_of_thousand_years-768x614.jpg 768w, https:\/\/sachviet.eu\/wp-content\/uploads\/2021\/02\/ha_noi_ngan_nam_ki_uc_4_reminiscences_of_thousand_years-1536x1228.jpg 1536w, https:\/\/sachviet.eu\/wp-content\/uploads\/2021\/02\/ha_noi_ngan_nam_ki_uc_4_reminiscences_of_thousand_years-2048x1637.jpg 2048w, https:\/\/sachviet.eu\/wp-content\/uploads\/2021\/02\/ha_noi_ngan_nam_ki_uc_4_reminiscences_of_thousand_years-600x480.jpg 600w\" sizes=\"auto, (max-width: 1020px) 100vw, 1020px\" \/>\t\t\t\t\t\t\n\t\t\t\t\t<\/div>\n\t\t\t\t\t\t\t\t\n<style>\n#image_1983386646 {\n  width: 100%;\n}\n<\/style>\n\t<\/div>\n\t<\/div><\/div><div class=\"col grid-col large-6 grid-col-1-2\" ><div class=\"col-inner\">\t<div class=\"img has-hover x md-x lg-x y md-y lg-y\" id=\"image_998406295\">\n\t\t\t\t\t\t\t\t<div class=\"img-inner dark\" >\n\t\t\t<img loading=\"lazy\" decoding=\"async\" width=\"825\" height=\"1024\" src=\"https:\/\/sachviet.eu\/wp-content\/uploads\/2021\/02\/ha_noi_ngan_nam_ki_uc_3_reminiscences_of_thousand_years-825x1024.jpg\" class=\"attachment-large size-large\" alt=\"\" srcset=\"https:\/\/sachviet.eu\/wp-content\/uploads\/2021\/02\/ha_noi_ngan_nam_ki_uc_3_reminiscences_of_thousand_years-825x1024.jpg 825w, https:\/\/sachviet.eu\/wp-content\/uploads\/2021\/02\/ha_noi_ngan_nam_ki_uc_3_reminiscences_of_thousand_years-242x300.jpg 242w, https:\/\/sachviet.eu\/wp-content\/uploads\/2021\/02\/ha_noi_ngan_nam_ki_uc_3_reminiscences_of_thousand_years-768x953.jpg 768w, https:\/\/sachviet.eu\/wp-content\/uploads\/2021\/02\/ha_noi_ngan_nam_ki_uc_3_reminiscences_of_thousand_years-1237x1536.jpg 1237w, https:\/\/sachviet.eu\/wp-content\/uploads\/2021\/02\/ha_noi_ngan_nam_ki_uc_3_reminiscences_of_thousand_years-600x745.jpg 600w, https:\/\/sachviet.eu\/wp-content\/uploads\/2021\/02\/ha_noi_ngan_nam_ki_uc_3_reminiscences_of_thousand_years.jpg 1459w\" sizes=\"auto, (max-width: 825px) 100vw, 825px\" \/>\t\t\t\t\t\t\n\t\t\t\t\t<\/div>\n\t\t\t\t\t\t\t\t\n<style>\n#image_998406295 {\n  width: 100%;\n}\n<\/style>\n\t<\/div>\n\t<\/div><\/div>            <\/div>\n    <style>\n    #banner-grid-1866116957 .grid-col-1{height: 600px}\n    #banner-grid-1866116957 .grid-col-1-2{height: 300px}\n    #banner-grid-1866116957 .grid-col-1-3{height:200px}\n    #banner-grid-1866116957 .grid-col-2-3{height: 400px}\n    #banner-grid-1866116957 .grid-col-1-4{height: 150px}\n    #banner-grid-1866116957 .grid-col-3-4{height: 450px}\n\n\n    \n    \n\n  <\/style>\n    <\/div>\n  \n","protected":false},"excerpt":{"rendered":"<p>Nh\u1eefng h\u00ecnh \u1ea3nh bi\u1ec3u t\u01b0\u1ee3ng v\u1ec1 l\u1ecbch s\u1eed h\u01a1n m\u1ed9t ngh\u00ecn n\u0103m h\u00e0o h\u00f9ng, bi tr\u00e1ng c\u1ee7a Th\u0103ng Long &#8211; H\u00e0 N\u1ed9i s\u1ebd \u0111\u01b0\u1ee3c t\u00e1i hi\u1ec7n qua &#8220;H\u00e0 N\u1ed9i ng\u00e0n n\u0103m k\u00ed \u1ee9c&#8221;.<\/p>\n<p>Kh\u00f4ng ch\u1ec9 l\u00e0 cu\u1ed1n s\u00e1ch cung c\u1ea5p th\u00f4ng tin, \u0111\u00e2y c\u00f2n l\u00e0 m\u1ed9t s\u1ea3n ph\u1ea9m s\u00e1ch Pop-up &#8211; s\u00e1ch d\u1ef1ng h\u00ecnh 3D v\u1edbi thi\u1ebft k\u1ebf \u0111\u1eb7c bi\u1ec7t, mang t\u1edbi cho b\u1ea1n \u0111\u1ecdc nh\u1eefng tr\u1ea3i nghi\u1ec7m h\u00ecnh \u1ea3nh s\u1ed1ng \u0111\u1ed9ng nh\u1ea5t v\u1ec1 11 danh lam th\u1eafng c\u1ea3nh c\u1ee7a th\u1ee7 \u0111\u00f4 H\u00e0 N\u1ed9i m\u1ebfn y\u00eau.<\/p>\n<p>Cu\u1ed1n s\u00e1ch l\u00e0 m\u00f3n qu\u00e0 \u0111\u1ed9c \u0111\u00e1o d\u00e0nh cho b\u1ea1n b\u00e8 qu\u1ed1c t\u1ebf th\u00eam hi\u1ec3u, th\u00eam y\u00eau c\u1ea3nh s\u1eafc con ng\u01b0\u1eddi H\u00e0 N\u1ed9i.<\/p>\n","protected":false},"featured_media":2857,"template":"","meta":{"_acf_changed":false},"product_brand":[],"product_cat":[25,17,71,26],"product_tag":[],"class_list":{"0":"post-2860","1":"product","2":"type-product","3":"status-publish","4":"has-post-thumbnail","6":"product_cat-nhi-dong-6-tuoi-12-tuoi","7":"product_cat-sach-danh-cho-cac-be","8":"product_cat-sach-tre-em-thuan-viet","9":"product_cat-thieu-nien-11-tuoi-18-tuoi","11":"first","12":"outofstock","13":"taxable","14":"shipping-taxable","15":"purchasable","16":"product-type-simple"},"supplier_id":null,"supplier_sku":"","barcode":null,"atum_controlled":true,"out_stock_date":"2021-09-20 15:12:50","out_stock_threshold":null,"inheritable":false,"inbound_stock":0,"stock_on_hold":0,"sold_today":0,"sales_last_days":0,"reserved_stock":0,"customer_returns":0,"warehouse_damage":0,"lost_in_post":0,"other_logs":0,"out_stock_days":1591,"lost_sales":0,"has_location":false,"update_date":"2026-01-28T23:10:32","atum_locations":[],"atum_stock_status":"outofstock","restock_status":false,"low_stock_amount":"","sales_update_date":"2026-01-28T23:10:32","calc_backorders":null,"acf":{"publisher":{"ID":1454,"post_author":"1","post_date":"2021-02-17 01:11:34","post_date_gmt":"2021-02-16 23:11:34","post_content":"<!-- wp:flatsome\/uxbuilder -->\n<h1 style=\"text-align: center;\"><strong>Kim \u0110\u1ed3ng<\/strong><\/h1>\n[row]\n\n[col span=\"3\" span__sm=\"12\"]\n\n[ux_image id=\"1534\" image_size=\"medium\"]\n\n\n[\/col]\n[col span=\"9\" span__sm=\"12\"]\n\n<p>Nh\u00e0 xu\u1ea5t b\u1ea3n Kim \u0110\u1ed3ng tr\u1ef1c thu\u1ed9c Trung \u01b0\u01a1ng \u0110o\u00e0n TNCS H\u1ed3 Ch\u00ed Minh l\u00e0 Nh\u00e0 xu\u1ea5t b\u1ea3n t\u1ed5ng h\u1ee3p c\u00f3 ch\u1ee9c n\u0103ng xu\u1ea5t b\u1ea3n s\u00e1ch v\u00e0 v\u0103n h\u00f3a ph\u1ea9m ph\u1ee5c v\u1ee5 thi\u1ebfu nhi v\u00e0 c\u00e1c b\u1eadc ph\u1ee5 huynh trong c\u1ea3 n\u01b0\u1edbc, qu\u1ea3ng b\u00e1 v\u00e0 gi\u1edbi thi\u1ec7u v\u0103n h\u00f3a Vi\u1ec7t Nam ra th\u1ebf gi\u1edbi.<br \/>Nh\u00e0 xu\u1ea5t b\u1ea3n c\u00f3 nhi\u1ec7m v\u1ee5 t\u1ed5 ch\u1ee9c b\u1ea3n th\u1ea3o, bi\u00ean so\u1ea1n, bi\u00ean d\u1ecbch, xu\u1ea5t b\u1ea3n v\u00e0 ph\u00e1t h\u00e0nh c\u00e1c xu\u1ea5t b\u1ea3n ph\u1ea9m c\u00f3 n\u1ed9i dung: gi\u00e1o d\u1ee5c truy\u1ec1n th\u1ed1ng d\u00e2n t\u1ed9c, gi\u00e1o d\u1ee5c v\u1ec1 tri th\u1ee9c, ki\u1ebfn th\u1ee9c\u2026 tr\u00ean c\u00e1c l\u0129nh v\u1ef1c v\u0103n h\u1ecdc, ngh\u1ec7 thu\u1eadt, khoa h\u1ecdc k\u1ef9 thu\u1eadt nh\u1eb1m cung c\u1ea5p cho c\u00e1c em thi\u1ebfu nhi c\u0169ng nh\u01b0 c\u00e1c b\u1eadc ph\u1ee5 huynh c\u00e1c ki\u1ebfn th\u1ee9c c\u1ea7n thi\u1ebft trong cu\u1ed9c s\u1ed1ng, nh\u1eefng tinh hoa c\u1ee7a tri th\u1ee9c nh\u00e2n lo\u1ea1i nh\u1eb1m g\u00f3p ph\u1ea7n gi\u00e1o d\u1ee5c v\u00e0 h\u00ecnh th\u00e0nh nh\u00e2n c\u00e1ch th\u1ebf h\u1ec7 tr\u1ebb.<br \/>\u0110\u1ed1i t\u01b0\u1ee3ng ph\u1ee5c v\u1ee5 c\u1ee7a Nh\u00e0 xu\u1ea5t b\u1ea3n l\u00e0 c\u00e1c em t\u1eeb tu\u1ed5i nh\u00e0 tr\u1ebb m\u1eabu gi\u00e1o (1 \u0111\u1ebfn 5 tu\u1ed5i), nhi \u0111\u1ed3ng (6 \u0111\u1ebfn 9 tu\u1ed5i), thi\u1ebfu ni\u00ean (10 \u0111\u1ebfn 15 tu\u1ed5i) \u0111\u1ebfn c\u00e1c em tu\u1ed5i m\u1edbi l\u1edbn (16 \u0111\u1ebfn 18 tu\u1ed5i) v\u00e0 c\u00e1c b\u1eadc ph\u1ee5 huynh.<\/p>\n\n[\/col]\n\n[\/row]\n\n<!-- \/wp:flatsome\/uxbuilder -->","post_title":"Kim \u0110\u1ed3ng","post_excerpt":"","post_status":"publish","comment_status":"closed","ping_status":"closed","post_password":"","post_name":"kim-dong","to_ping":"","pinged":"","post_modified":"2021-02-17 01:31:56","post_modified_gmt":"2021-02-16 23:31:56","post_content_filtered":"","post_parent":0,"guid":"https:\/\/sachviet.eu\/nha-phat-hanh\/kim-dong\/","menu_order":0,"post_type":"publisher","post_mime_type":"","comment_count":"0","filter":"raw"}},"_links":{"self":[{"href":"https:\/\/sachviet.eu\/en\/wp-json\/wp\/v2\/product\/2860","targetHints":{"allow":["GET"]}}],"collection":[{"href":"https:\/\/sachviet.eu\/en\/wp-json\/wp\/v2\/product"}],"about":[{"href":"https:\/\/sachviet.eu\/en\/wp-json\/wp\/v2\/types\/product"}],"wp:featuredmedia":[{"embeddable":true,"href":"https:\/\/sachviet.eu\/en\/wp-json\/wp\/v2\/media\/2857"}],"wp:attachment":[{"href":"https:\/\/sachviet.eu\/en\/wp-json\/wp\/v2\/media?parent=2860"}],"wp:term":[{"taxonomy":"product_brand","embeddable":true,"href":"https:\/\/sachviet.eu\/en\/wp-json\/wp\/v2\/product_brand?post=2860"},{"taxonomy":"product_cat","embeddable":true,"href":"https:\/\/sachviet.eu\/en\/wp-json\/wp\/v2\/product_cat?post=2860"},{"taxonomy":"product_tag","embeddable":true,"href":"https:\/\/sachviet.eu\/en\/wp-json\/wp\/v2\/product_tag?post=2860"}],"curies":[{"name":"wp","href":"https:\/\/api.w.org\/{rel}","templated":true}]}}