{"id":2841,"date":"2021-02-27T00:02:03","date_gmt":"2021-02-26T22:02:03","guid":{"rendered":"https:\/\/sachviet.eu\/shop\/khong-co-doi-bat-cong-chi-co-minh-thu-dong\/"},"modified":"2021-05-18T00:40:08","modified_gmt":"2021-05-17T21:40:08","slug":"khong-co-doi-bat-cong-chi-co-minh-thu-dong","status":"publish","type":"product","link":"https:\/\/sachviet.eu\/en\/shop\/khong-co-doi-bat-cong-chi-co-minh-thu-dong\/","title":{"rendered":"Kh\u00f4ng c\u00f3 \u0111\u1eddi b\u1ea5t c\u00f4ng, ch\u1ec9 c\u00f3 m\u00ecnh th\u1ee5 \u0111\u1ed9ng"},"content":{"rendered":"<p>CH\u01afA N\u1ed6 L\u1ef0C \u0110\u1ee6 NHI\u1ec0U, SAO C\u00d3 T\u01af C\u00c1CH TR\u00c1CH \u0110\u1edcI B\u1ea4T C\u00d4NG<\/p>\n<p>Th\u1ee9c khuya d\u1eady s\u1edbm \u00f4n t\u1eadp c\u1eadt l\u1ef1c tr\u01b0\u1edbc ng\u00e0y thi nh\u01b0ng k\u1ebft qu\u1ea3 l\u1ea1i kh\u00f4ng nh\u01b0 mong mu\u1ed1n. \u0110\u1eddi b\u1ea5t c\u00f4ng?<\/p>\n<p>M\u1ed7i ng\u00e0y \u0111\u1ec1u \u0111\u1ebfn c\u00f4ng ty \u0111\u00fang gi\u1edd, ho\u00e0n th\u00e0nh t\u1ed1t c\u00f4ng vi\u1ec7c \u0111\u01b0\u1ee3c giao m\u00e0 m\u00e3i kh\u00f4ng \u0111\u01b0\u1ee3c th\u0103ng ch\u1ee9c. \u0110\u1eddi b\u1ea5t c\u00f4ng?<\/p>\n<p>Th\u00edch m\u1ed9t ng\u01b0\u1eddi, hi sinh qu\u00e1 nhi\u1ec1u cho ng\u01b0\u1eddi \u0111\u00f3 nh\u01b0ng l\u1ea1i kh\u00f4ng \u0111\u01b0\u1ee3c \u0111\u00e1p tr\u1ea3. \u0110\u1eddi v\u1eabn th\u1eadt b\u1ea5t c\u00f4ng?<\/p>\n<p>V\u1eady ch\u1eb3ng h\u00f3a ra, \u0111\u1eddi trao cho b\u1ea1n th\u1ee9 b\u1ea1n c\u1ea7n th\u00ec g\u1ecdi l\u00e0 c\u00f4ng b\u1eb1ng, c\u00f2n kh\u00f4ng trao th\u1ee9 b\u1ea1n mu\u1ed1n th\u00ec \u0111\u00f3 l\u00e0 b\u1ea5t c\u00f4ng? \u0110\u1ecbnh ngh\u0129a v\u1ec1 \u201cc\u00f4ng b\u1eb1ng\u201d ch\u1ec9 xoay quanh nh\u1eefng g\u00ec b\u1ea1n th\u00edch, b\u1ea1n mu\u1ed1n, b\u1ea1n c\u1ea7n th\u00f4i sao?<\/p>\n<p>Th\u1eadt ra ch\u00fang ta \u0111\u1ec1u \u0111ang ph\u1ee7 l\u00ean s\u1ef1 c\u00f4ng b\u1eb1ng m\u1ed9t t\u1ea5m \u00e1o cho\u00e0ng g\u1eafn \u0111\u1ea7y nh\u1eefng suy ngh\u0129 m\u01a1 m\u1ed9ng \u201c\u01af\u1edbc g\u00ec m\u00ecnh \u0111\u01b0\u1ee3c nh\u01b0 h\u1ecd\u201d, v\u00e0 r\u1ed3i \u0111\u1ecbnh ngh\u0129a sai v\u1ec1 n\u00f3. Ai m\u00e0 ch\u1eb3ng th\u1ea5y \u0111\u1eddi b\u1ea5t c\u00f4ng khi b\u1ea3n th\u00e2n th\u1ea5t b\u1ea1i, v\u1ea5p ng\u00e3. Th\u1ebf nh\u01b0ng sau \u0111\u00f3 c\u00f3 m\u1ea5y ai ch\u1ecbu c\u1ed1 g\u1eafng, ch\u1ecbu b\u1eaft tay v\u00e0o thay \u0111\u1ed5i v\u1eadn m\u1ec7nh \u201ckh\u00f4ng \u0111\u01b0\u1ee3c \u01b0u \u00e1i\u201d c\u1ee7a m\u00ecnh?<\/p>\n<p>\u201cKh\u00f4ng c\u00f3 \u0111\u1eddi b\u1ea5t c\u00f4ng, ch\u1ec9 c\u00f3 m\u00ecnh th\u1ee5 \u0111\u1ed9ng\u201d ch\u00ednh l\u00e0 l\u1eddi c\u1ea3nh t\u1ec9nh \u0111\u1ed1i v\u1edbi m\u1ed9t th\u1ebf h\u1ec7 ch\u1ec9 bi\u1ebft than v\u00e3n, kh\u00f4ng d\u00e1m nh\u00ecn v\u00e0o th\u1ef1c t\u1ebf, lu\u00f4n r\u00fat m\u00ecnh trong c\u00e1i \u201ct\u00f4i\u201d m\u01a1 m\u1ed9ng m\u00e0 kh\u00f4ng ch\u1ecbu h\u01b0\u1edbng ra ngo\u00e0i th\u1ebf gi\u1edbi, ti\u1ebfp thu \u00fd ki\u1ebfn, v\u00e0 nh\u1eadn bi\u1ebft b\u1ea3n th\u00e2n \u0111ang \u1edf v\u1ecb tr\u00ed n\u00e0o.<\/p>\n<p>C\u00f3 th\u1ec3 b\u1ea1n s\u1ebd kh\u00f4ng th\u00edch nghe \u0111i\u1ec1u n\u00e0y, nh\u01b0ng s\u1ef1 th\u1eadt l\u00e0: b\u1ea1n t\u1ed1t t\u00ednh ra sao, t\u00e0i c\u00e1n th\u1ebf n\u00e0o, \u0111am m\u00ea ch\u00e1y b\u1ecfng \u0111\u1ebfn \u0111\u00e2u, th\u00ec c\u0169ng kh\u00f4ng ai quan t\u00e2m. \u0110i\u1ec1u x\u00e3 h\u1ed9i n\u00e0y quan t\u00e2m l\u00e0 b\u1ea1n \u0111\u00e3, v\u00e0 s\u1ebd l\u00e0m \u0111\u01b0\u1ee3c g\u00ec. Th\u1ee7 khoa t\u1ed1t nghi\u1ec7p \u0110\u1ea1i h\u1ecdc nh\u01b0ng l\u1ea1i th\u1ea5t nghi\u1ec7p, y\u00eau c\u00f4ng vi\u1ec7c tha thi\u1ebft nh\u01b0ng hi\u1ec7u qu\u1ea3 l\u00e0m vi\u1ec7c ch\u1eb3ng ra sao\u2026 t\u1ea5t c\u1ea3 c\u0169ng ch\u1ec9 b\u1eb1ng kh\u00f4ng.<\/p>\n<p>Kh\u00f4ng t\u1ea1o ra \u0111\u01b0\u1ee3c th\u00e0nh qu\u1ea3 th\u00ec b\u1ea1n v\u1eabn ch\u01b0a l\u00e0 g\u00ec c\u1ea3, ch\u1ee9 \u0111\u1eebng n\u00f3i \u0111\u1ebfn vi\u1ec7c tranh lu\u1eadn v\u1ec1 s\u1ef1 b\u1ea5t c\u00f4ng. Cu\u1ed9c \u0111\u1eddi n\u00e0y c\u00f4ng b\u1eb1ng l\u1eafm, ch\u1eb3ng qua b\u1ea1n ch\u01b0a \u0111\u1ee9ng \u0111\u01b0\u1ee3c \u1edf v\u1ecb tr\u00ed c\u00f3 th\u1ec3 nh\u1eadn ra \u0111i\u1ec1u \u0111\u00f3 m\u00e0 th\u00f4i!  <div class=\"banner-grid-wrapper\">\n  <div id=\"banner-grid-974994947\" class=\"banner-grid row row-grid row-small\" data-packery-options=\"\">\n            <style>\n    #banner-grid-974994947 .grid-col-1{height: 600px}\n    #banner-grid-974994947 .grid-col-1-2{height: 300px}\n    #banner-grid-974994947 .grid-col-1-3{height:200px}\n    #banner-grid-974994947 .grid-col-2-3{height: 400px}\n    #banner-grid-974994947 .grid-col-1-4{height: 150px}\n    #banner-grid-974994947 .grid-col-3-4{height: 450px}\n\n\n        \/* Tablet *\/\n    @media (max-width: 850px){\n      #banner-grid-974994947 .grid-col-1{height: 400px}\n      #banner-grid-974994947 .grid-col-1-2{height: 200px}\n      #banner-grid-974994947 .grid-col-1-3{height:133.33333333333px}\n      #banner-grid-974994947 .grid-col-2-3{height: 266.66666666667px}\n      #banner-grid-974994947 .grid-col-1-4{height: 100px}\n      #banner-grid-974994947 .grid-col-3-4{height: 300px}\n    }\n    \n        \/* Mobile *\/\n    @media (max-width: 550px){\n      #banner-grid-974994947 .grid-col-1{height: 400px}\n      #banner-grid-974994947 .grid-col-1-2{height: 200px}\n      #banner-grid-974994947 .grid-col-1-3{height:133.33333333333px}\n      #banner-grid-974994947 .grid-col-2-3{height: 266.66666666667px}\n      #banner-grid-974994947 .grid-col-1-4{height: 100px}\n      #banner-grid-974994947 .grid-col-3-4{height: 300px}\n    }\n    \n\n  <\/style>\n    <\/div>\n    <style>\n    #banner-grid-974994947 .grid-col-1{height: 600px}\n    #banner-grid-974994947 .grid-col-1-2{height: 300px}\n    #banner-grid-974994947 .grid-col-1-3{height:200px}\n    #banner-grid-974994947 .grid-col-2-3{height: 400px}\n    #banner-grid-974994947 .grid-col-1-4{height: 150px}\n    #banner-grid-974994947 .grid-col-3-4{height: 450px}\n\n\n    \n    \n\n  <\/style>\n    <\/div>\n  \n","protected":false},"excerpt":{"rendered":"<p>Kh\u00f4ng C\u00f3 \u0110\u1eddi B\u1ea5t C\u00f4ng, Ch\u1ec9 C\u00f3 M\u00ecnh Th\u1ee5 \u0110\u1ed9ng thu\u1ed9c d\u1ea1ng s\u00e1ch truy\u1ec1n c\u1ea3m h\u1ee9ng th\u00ec \u0111\u00fang h\u01a1n l\u00e0 k\u1ef9 n\u0103ng. C\u00e1c b\u00e0i vi\u1ebft, nh\u1eefng c\u00e2u chuy\u1ec7n r\u1ea5t nh\u1eb9 nh\u00e0ng, \u0111i v\u00e0o l\u00f2ng ng\u01b0\u1eddi v\u00e0 gi\u1ecdng v\u0103n l\u1ea1i \u0111\u1ea7y \u0111\u1ed9ng l\u1ef1c. Ban \u0111\u1ea7u m\u00ecnh ch\u1ec9 ngh\u0129 l\u00e0 cu\u1ed1n n\u00e0y s\u1ebd c\u00f3 nh\u1eefng b\u00ed k\u00edp gi\u00fap m\u00ecnh b\u1eaft tay v\u00e0o vi\u1ec7c lu\u00f4n nh\u01b0ng kh\u00f4ng. Cu\u1ed1n s\u00e1ch n\u00e0y h\u01a1n th\u1ebf, n\u00f3 cho m\u00ecnh th\u1ea5y cu\u1ed9c s\u1ed1ng gi\u00e1 tr\u1ecb nh\u01b0 th\u1ebf n\u00e0o, \u0111\u1ec3 m\u00ecnh c\u1ed1 g\u1eafng.<\/p>\n","protected":false},"featured_media":2835,"template":"","meta":{"_acf_changed":false},"product_brand":[],"product_cat":[15,46],"product_tag":[],"class_list":{"0":"post-2841","1":"product","2":"type-product","3":"status-publish","4":"has-post-thumbnail","6":"product_cat-sach-danh-cho-nguoi-lon","7":"product_cat-ky-nang-song","9":"first","10":"outofstock","11":"taxable","12":"shipping-taxable","13":"purchasable","14":"product-type-simple"},"supplier_id":null,"supplier_sku":"","barcode":null,"atum_controlled":true,"out_stock_date":"2021-03-01 23:34:39","out_stock_threshold":null,"inheritable":false,"inbound_stock":0,"stock_on_hold":0,"sold_today":0,"sales_last_days":0,"reserved_stock":0,"customer_returns":0,"warehouse_damage":0,"lost_in_post":0,"other_logs":0,"out_stock_days":1793,"lost_sales":0,"has_location":false,"update_date":"2026-01-28T23:10:32","atum_locations":[],"atum_stock_status":"outofstock","restock_status":false,"low_stock_amount":"","sales_update_date":"2026-01-28T23:10:32","calc_backorders":null,"acf":{"publisher":{"ID":1460,"post_author":"1","post_date":"2021-02-17 01:12:24","post_date_gmt":"2021-02-16 23:12:24","post_content":"<!-- wp:flatsome\/uxbuilder -->\n<h1 style=\"text-align: center;\"><strong>Skybooks<\/strong><\/h1>\n[row]\n\n[col span=\"7\" span__sm=\"12\"]\n\n<p>C\u00f4ng ty ph\u00e1t h\u00e0nh s\u00e1ch Skybooks. \"T\u00f4i tr\u1ebb, t\u00f4i \u0111am m\u00ea\" v\u1edbi s\u1ee9 m\u1ec7nh lan to\u1ea3 c\u1ea3m x\u00fac v\u00e0 k\u1ebft n\u1ed1i t\u00e2m h\u1ed3n<\/p>\n<p><strong>Skybooks l\u00e0 c\u00e2u chuy\u1ec7n k\u1ec3 v\u1ec1:<\/strong><br \/>M\u1ed9t th\u1ebf h\u1ec7 ng\u01b0\u1eddi vi\u1ebft tr\u1ebb, \u0111am m\u00ea v\u0103n ch\u01b0\u01a1ng v\u00e0 t\u00f4n tr\u1ecdng, g\u00ecn gi\u1eef, s\u00e1ng t\u1ea1o Ti\u1ebfng Vi\u1ec7t. M\u1ed9t th\u1ebf h\u1ec7 \u0111\u1ed9c gi\u1ea3 tr\u1ebb, \u0111am m\u00ea kh\u00e1m ph\u00e1 ng\u00f4n ng\u1eef v\u00e0 say m\u00ea \u0111\u1ebfn v\u1edbi th\u1ebf gi\u1edbi c\u1ee7a nh\u1eefng quy\u1ec3n s\u00e1ch. M\u1ed9t th\u1ebf h\u1ec7 ng\u01b0\u1eddi l\u00e0m s\u00e1ch tr\u1ebb, \u0111am m\u00ea mang nh\u1eefng gi\u00e1 tr\u1ecb tinh th\u1ea7n l\u1ea1i g\u1ea7n ng\u01b0\u1eddi \u0111\u1ecdc.<br \/>Trong b\u1ed9 nh\u1eadn d\u1ea1ng th\u01b0\u01a1ng hi\u1ec7u:<br \/>Skybooks v\u1edbi ch\u1eef Sky m\u00e0u xanh da tr\u1eddi c\u00f3 \u00fd ngh\u0129a l\u00e0 c\u00f4ng ty B\u1ea7u Tr\u1eddi - n\u01a1i t\u1ea5t c\u1ea3 \u01b0\u1edbc m\u01a1 \u0111\u01b0\u1ee3c t\u1ef1 do tung c\u00e1nh.<br \/>V\u1edbi logo h\u00ecnh hoa b\u1ed3 c\u00f4ng anh \u0111ang bay t\u01b0\u1ee3ng tr\u01b0ng cho s\u1ef1 lan to\u1ea3 c\u1ea3m x\u00fac v\u00e0 kh\u00e1t v\u1ecdng bay cao.<br \/>K\u1ebb v\u1ea1ch logo c\u00f3 n\u1ec1n m\u00e0u ghi x\u00e1m xu\u1ea5t hi\u1ec7n tr\u00ean b\u00eca m\u1ecdi \u1ea5n ph\u1ea9m th\u1ec3 hi\u1ec7n con \u0111\u01b0\u1eddng b\u01b0\u1edbc v\u00e0o th\u1ecb tr\u01b0\u1eddng s\u00e1ch v\u00e0 chinh ph\u1ee5c \u0111\u1ed9c gi\u1ea3 l\u00e0 m\u1ed9t h\u00e0nh tr\u00ecnh d\u00e0i, \u0111\u1ea7y gian kh\u00f3, c\u00f3 nhi\u1ec1u b\u00e3o t\u1ed1, nh\u01b0ng ch\u1ec9 c\u1ea7n n\u1ed7 l\u1ef1c c\u1ed1 g\u1eafng nh\u1ea5t \u0111\u1ecbnh s\u1ebd ngo\u1ea1n m\u1ee5c v\u01b0\u1ee3t qua. \u0110\u1ec3 kh\u1eb3ng \u0111\u1ecbnh v\u00e0 ch\u1ee9ng minh ch\u00ednh m\u00ecnh!<\/p>\n\n[\/col]\n[col span=\"5\" span__sm=\"12\"]\n\n[ux_image id=\"1825\" image_size=\"medium\"]\n\n\n[\/col]\n\n[\/row]\n\n<!-- \/wp:flatsome\/uxbuilder -->","post_title":"Skybooks","post_excerpt":"","post_status":"publish","comment_status":"closed","ping_status":"closed","post_password":"","post_name":"skybooks","to_ping":"","pinged":"","post_modified":"2021-02-17 01:57:31","post_modified_gmt":"2021-02-16 23:57:31","post_content_filtered":"","post_parent":0,"guid":"https:\/\/sachviet.eu\/nha-phat-hanh\/skybooks\/","menu_order":0,"post_type":"publisher","post_mime_type":"","comment_count":"0","filter":"raw"}},"_links":{"self":[{"href":"https:\/\/sachviet.eu\/en\/wp-json\/wp\/v2\/product\/2841","targetHints":{"allow":["GET"]}}],"collection":[{"href":"https:\/\/sachviet.eu\/en\/wp-json\/wp\/v2\/product"}],"about":[{"href":"https:\/\/sachviet.eu\/en\/wp-json\/wp\/v2\/types\/product"}],"wp:featuredmedia":[{"embeddable":true,"href":"https:\/\/sachviet.eu\/en\/wp-json\/wp\/v2\/media\/2835"}],"wp:attachment":[{"href":"https:\/\/sachviet.eu\/en\/wp-json\/wp\/v2\/media?parent=2841"}],"wp:term":[{"taxonomy":"product_brand","embeddable":true,"href":"https:\/\/sachviet.eu\/en\/wp-json\/wp\/v2\/product_brand?post=2841"},{"taxonomy":"product_cat","embeddable":true,"href":"https:\/\/sachviet.eu\/en\/wp-json\/wp\/v2\/product_cat?post=2841"},{"taxonomy":"product_tag","embeddable":true,"href":"https:\/\/sachviet.eu\/en\/wp-json\/wp\/v2\/product_tag?post=2841"}],"curies":[{"name":"wp","href":"https:\/\/api.w.org\/{rel}","templated":true}]}}