{"id":2834,"date":"2021-02-27T00:01:42","date_gmt":"2021-02-26T22:01:42","guid":{"rendered":"https:\/\/sachviet.eu\/shop\/nghe-thuat-tinh-te-cua-viec-dech-quan-tam\/"},"modified":"2023-04-05T23:27:10","modified_gmt":"2023-04-05T20:27:10","slug":"nghe-thuat-tinh-te-cua-viec-dech-quan-tam","status":"publish","type":"product","link":"https:\/\/sachviet.eu\/en\/shop\/nghe-thuat-tinh-te-cua-viec-dech-quan-tam\/","title":{"rendered":"Ngh\u1ec7 Thu\u1eadt Tinh T\u1ebf C\u1ee7a Vi\u1ec7c &#8220;\u0110\u1ebfch&#8221; Quan T\u00e2m"},"content":{"rendered":"<p>T\u00f3m l\u01b0\u1ee3c:<\/p>\n<p>N\u1ed9i dung c\u1ea7n thi\u1ebft cho con ng\u01b0\u1eddi ng\u00e0y nay<br \/>\nV\u0103n v\u1ebb ti\u1ebfp c\u1eadn gi\u1edbi tr\u1ebb, c\u00f3 ch\u00fat th\u00f4 t\u1ee5c nh\u01b0ng kh\u00e1 tho\u1ea3i m\u00e1i, h\u00e0i h\u01b0\u1edbc.<br \/>\nH\u01a1i kh\u00f3 hi\u1ec3u<br \/>\nB\u1ed1 c\u1ee5c c\u00f3 v\u1ebb l\u1ed9n x\u1ed9n, kh\u00f4ng ho\u00e0n to\u00e0n ph\u1ee5c v\u1ee5 nhan \u0111\u1ec1, n\u00f3 kh\u00f4ng ph\u1ea3i ki\u1ec3u t\u1eeb \u00fd l\u1edbn b\u1ed5 ra \u00fd nh\u1ecf m\u00e0 l\u00e0 nhi\u1ec1u nh\u1eefng \u00fd v\u1eeba<br \/>\nT\u00fam v\u00e1y l\u1ea1i l\u00e0 c\u0169ng \u0111\u00e1ng \u0111\u1ec3 \u0111\u1ecdc.<\/p>\n<p>L\u00e0m r\u00f5 m\u1ed9t ch\u00fat:<\/p>\n<p>\u0110\u1ebfch quan t\u00e2m \u1edf \u0111\u00e2y kh\u00f4ng \u0111\u1ed3ng ngh\u0129a v\u1edbi tr\u1edf n\u00ean th\u1edd \u01a1, v\u00f4 c\u1ea3m m\u00e0 ch\u1ec9 l\u00e0 thu h\u1eb9p ph\u1ea1m vi quan t\u00e2m c\u1ee7a b\u1ea1n l\u1ea1i \u0111\u1ec3 b\u1ea1n c\u1ea3m th\u1ea5y tho\u1ea3i m\u00e1i h\u01a1n v\u1edbi nh\u1eefng \u0111i\u1ec1u x\u1ee9ng \u0111\u00e1ng h\u01a1n.<\/p>\n<p>\u0110\u00e1nh gi\u00e1:<br \/>\nT\u00f4i \u0111\u1ecdc cu\u1ed1n s\u00e1ch n\u00e0y v\u00e0o m\u1ed9t trong nh\u1eefng c\u00e1i th\u1eddi \u0111i\u1ec3m \u0111en t\u1ed1i nh\u1ea5t cu\u1ed9c \u0111\u1eddi m\u00ecnh (ho\u1eb7c \u00edt nh\u1ea5t l\u00e0 t\u00f4i cho l\u00e0 nh\u01b0 v\u1eady). V\u00e0 t\u00f4i t\u00ecm \u0111\u1ebfn cu\u1ed1n s\u00e1ch trong m\u1ed9t ni\u1ec1m hi v\u1ecdng l\u00e0 s\u1ebd t\u00ecm l\u1ea1i \u0111\u01b0\u1ee3c c\u00e1i g\u1ecdi l\u00e0 b\u00ecnh y\u00ean trong cu\u1ed9c \u0111\u1eddi m\u00ecnh b\u1eb1ng c\u00e1ch h\u1ecdc c\u00e1ch bu\u00f4n b\u1ecf v\u00e0 kh\u00f4ng quan t\u00e2m \u0111\u1ebfn c\u00e1i qu\u1ef9 cha g\u00ec n\u1eefa. \u01a0 th\u1ebf m\u00e0 cu\u1ed1n s\u00e1ch n\u00e0y \u0111\u00fang ra l\u00e0 b\u1ed9p cho t\u00f4i v\u00e0i c\u00e1i c\u1ef1c k\u00ec \u0111au \u0111\u1edbn v\u00e0 n\u00e9m t\u00f4i v\u00e0o m\u1ed9t \u0111\u1ed1ng c*t kh\u00f4ng th\u1ec3 th\u1ed1i h\u01a1n v\u00e0 sau \u0111\u00f3 d\u1ea1y t\u00f4i r\u1eb1ng c\u00e1i \u0111\u1ed1ng c*t \u1ea5y tuy\u1ec7t v\u1eddi \u0111\u1ebfn nh\u01b0 th\u1ebf n\u00e0o v\u00e0 t\u00f4i n\u00ean t\u1eadn h\u01b0\u1edfng n\u00f3 ra sao. Yeah, \u0111\u00e2y s\u1ebd l\u00e0 nh\u1eefng tr\u1ea3i nghi\u1ec7m r\u1ea5t l\u1ea1 c\u1ee7a b\u1ea1n khi \u0111\u1ecdc cu\u1ed1n s\u00e1ch ph\u00e1t tri\u1ec3n b\u1ea3n th\u00e2n c\u00f3 m\u1ed9t kh\u00f4ng hai n\u00e0y. T\u00f4i s\u1ebd kh\u00f4ng vi\u1ebft qu\u00e1 nhi\u1ec1u v\u1ec1 nh\u1eefng g\u00ec t\u00f4i t\u00e2m \u0111\u1eafc \u1edf cu\u1ed1n s\u00e1ch n\u00e0y b\u1edfi n\u1ebfu l\u00e0m v\u1eady th\u00ec b\u00e0i n\u00e0y n\u00f3 th\u00e0nh b\u00e0i t\u00f3m t\u1eaft s\u00e1ch m\u1ea5t! Th\u00eam n\u1eefa t\u00f4i ngh\u0129 m\u1ed7i ng\u01b0\u1eddi s\u1ebd c\u00f3 m\u1ed9t tr\u1ea3i nghi\u1ec7m tr\u1ecdn v\u1eb9n h\u01a1n khi t\u1ef1 \u0111\u1ecdc, t\u1ef1 c\u01b0\u1eddi, t\u1ef1 kh\u00f3c, t\u1ef1 kh\u00f3 ch\u1ecbu v\u00e0 t\u1ef1 c\u1ea3m th\u1ea5y b\u1ea3n th\u00e2n m\u00ecnh th\u1eadt b\u00ecnh an khi ng\u1ed9 ra nh\u1eefng \u0111i\u1ec1u m\u00e0 cu\u1ed1n s\u00e1ch n\u00e0y ph\u1ea3n chi\u1ebfu cu\u1ed9c \u0111\u1eddi b\u1ea1n.  <div class=\"banner-grid-wrapper\">\n  <div id=\"banner-grid-917809730\" class=\"banner-grid row row-grid row-small\" data-packery-options=\"\">\n            <style>\n    #banner-grid-917809730 .grid-col-1{height: 600px}\n    #banner-grid-917809730 .grid-col-1-2{height: 300px}\n    #banner-grid-917809730 .grid-col-1-3{height:200px}\n    #banner-grid-917809730 .grid-col-2-3{height: 400px}\n    #banner-grid-917809730 .grid-col-1-4{height: 150px}\n    #banner-grid-917809730 .grid-col-3-4{height: 450px}\n\n\n        \/* Tablet *\/\n    @media (max-width: 850px){\n      #banner-grid-917809730 .grid-col-1{height: 400px}\n      #banner-grid-917809730 .grid-col-1-2{height: 200px}\n      #banner-grid-917809730 .grid-col-1-3{height:133.33333333333px}\n      #banner-grid-917809730 .grid-col-2-3{height: 266.66666666667px}\n      #banner-grid-917809730 .grid-col-1-4{height: 100px}\n      #banner-grid-917809730 .grid-col-3-4{height: 300px}\n    }\n    \n        \/* Mobile *\/\n    @media (max-width: 550px){\n      #banner-grid-917809730 .grid-col-1{height: 400px}\n      #banner-grid-917809730 .grid-col-1-2{height: 200px}\n      #banner-grid-917809730 .grid-col-1-3{height:133.33333333333px}\n      #banner-grid-917809730 .grid-col-2-3{height: 266.66666666667px}\n      #banner-grid-917809730 .grid-col-1-4{height: 100px}\n      #banner-grid-917809730 .grid-col-3-4{height: 300px}\n    }\n    \n\n  <\/style>\n    <\/div>\n    <style>\n    #banner-grid-917809730 .grid-col-1{height: 600px}\n    #banner-grid-917809730 .grid-col-1-2{height: 300px}\n    #banner-grid-917809730 .grid-col-1-3{height:200px}\n    #banner-grid-917809730 .grid-col-2-3{height: 400px}\n    #banner-grid-917809730 .grid-col-1-4{height: 150px}\n    #banner-grid-917809730 .grid-col-3-4{height: 450px}\n\n\n    \n    \n\n  <\/style>\n    <\/div>\n  \n","protected":false},"excerpt":{"rendered":"<p>Ch\u00eca kh\u00f3a c\u1ee7a m\u1ed9t cu\u1ed9c s\u1ed1ng t\u1ed1t \u0111\u1eb9p kh\u00f4ng ph\u1ea3i l\u00e0 quan t\u00e2m nhi\u1ec1u h\u01a1n, m\u00e0 l\u00e0 quan t\u00e2m \u00edt \u0111i, ch\u1ec9 quan t\u00e2m t\u1edbi \u0111i\u1ec1u g\u00ec l\u00e0 th\u1eadt, g\u1ea7n g\u0169i v\u00e0 th\u1ef1c s\u1ef1 quan tr\u1ecdng. \u201cNgh\u1ec7 thu\u1eadt tinh t\u1ebf c\u1ee7a vi\u1ec7c \u2018\u0111\u1ebfch\u2019 quan t\u00e2m\u201d s\u1ebd kh\u00f4ng d\u1ea1y b\u1ea1n c\u00e1ch \u0111\u1ec3 \u0111\u1ea1t t\u1edbi \u0111i\u1ec1u n\u00e0y hay \u0111i\u1ec1u n\u1ecd, m\u00e0 l\u00e0 l\u00e0m th\u1ebf n\u00e0o \u0111\u1ec3 v\u1ee9t b\u1edbt v\u00e0 bu\u00f4ng b\u1ecf\u2026 N\u00f3 s\u1ebd h\u01b0\u1edbng d\u1eabn b\u1ea1n c\u00e1ch nh\u1eafm m\u1eaft l\u1ea1i v\u00e0 tin r\u1eb1ng b\u1ea1n c\u00f3 th\u1ec3 ng\u00e3 ng\u1eeda ra \u0111\u1eb1ng sau m\u00e0 v\u1eabn \u1ed5n. N\u00f3 s\u1ebd d\u1ea1y b\u1ea1n: \u0110\u1eeaNG C\u1ed0\u201d<\/p>\n<p>\u201cTrong cu\u1ed9c s\u1ed1ng c\u1ee7a t\u00f4i, t\u00f4i \u0111\u00e3 t\u1eebng r\u1ea5t quan t\u00e2m v\u1ec1 nhi\u1ec1u ng\u01b0\u1eddi v\u00e0 nhi\u1ec1u \u0111i\u1ec1u. T\u00f4i c\u0169ng \u0111\u1ed3ng th\u1eddi kh\u00f4ng quan t\u00e2m t\u1edbi nhi\u1ec1u ng\u01b0\u1eddi v\u00e0 nhi\u1ec1u \u0111i\u1ec1u. Nh\u1eefng th\u1ee9 t\u00f4i ch\u1eb3ng th\u00e8m quan t\u00e2m \u1ea5y \u0111\u00e3 t\u1ea1o n\u00ean t\u1ea5t c\u1ea3 nh\u1eefng kh\u00e1c bi\u1ec7t.\u201d<\/p>\n","protected":false},"featured_media":2824,"template":"","meta":{"_acf_changed":false},"product_brand":[],"product_cat":[15,26,46],"product_tag":[],"class_list":{"0":"post-2834","1":"product","2":"type-product","3":"status-publish","4":"has-post-thumbnail","6":"product_cat-sach-danh-cho-nguoi-lon","7":"product_cat-thieu-nien-11-tuoi-18-tuoi","8":"product_cat-ky-nang-song","10":"first","11":"outofstock","12":"taxable","13":"shipping-taxable","14":"purchasable","15":"product-type-simple"},"supplier_id":null,"supplier_sku":"","barcode":null,"atum_controlled":true,"out_stock_date":"2023-04-05 20:27:10","out_stock_threshold":null,"inheritable":false,"inbound_stock":2,"stock_on_hold":0,"sold_today":0,"sales_last_days":0,"reserved_stock":0,"customer_returns":0,"warehouse_damage":0,"lost_in_post":0,"other_logs":0,"out_stock_days":1029,"lost_sales":0,"has_location":false,"update_date":"2026-01-28T23:10:32","atum_locations":[],"atum_stock_status":"outofstock","restock_status":false,"low_stock_amount":"","sales_update_date":"2026-01-28T23:10:32","calc_backorders":null,"acf":{"publisher":{"ID":1472,"post_author":"1","post_date":"2021-02-17 01:12:50","post_date_gmt":"2021-02-16 23:12:50","post_content":"","post_title":"Huy Ho\u00e0ng Bookstore","post_excerpt":"","post_status":"publish","comment_status":"closed","ping_status":"closed","post_password":"","post_name":"huy-hoang-bookstore","to_ping":"","pinged":"","post_modified":"2021-02-17 01:12:50","post_modified_gmt":"2021-02-16 23:12:50","post_content_filtered":"","post_parent":0,"guid":"https:\/\/sachviet.eu\/nha-phat-hanh\/huy-hoang-bookstore\/","menu_order":0,"post_type":"publisher","post_mime_type":"","comment_count":"0","filter":"raw"}},"_links":{"self":[{"href":"https:\/\/sachviet.eu\/en\/wp-json\/wp\/v2\/product\/2834","targetHints":{"allow":["GET"]}}],"collection":[{"href":"https:\/\/sachviet.eu\/en\/wp-json\/wp\/v2\/product"}],"about":[{"href":"https:\/\/sachviet.eu\/en\/wp-json\/wp\/v2\/types\/product"}],"wp:featuredmedia":[{"embeddable":true,"href":"https:\/\/sachviet.eu\/en\/wp-json\/wp\/v2\/media\/2824"}],"wp:attachment":[{"href":"https:\/\/sachviet.eu\/en\/wp-json\/wp\/v2\/media?parent=2834"}],"wp:term":[{"taxonomy":"product_brand","embeddable":true,"href":"https:\/\/sachviet.eu\/en\/wp-json\/wp\/v2\/product_brand?post=2834"},{"taxonomy":"product_cat","embeddable":true,"href":"https:\/\/sachviet.eu\/en\/wp-json\/wp\/v2\/product_cat?post=2834"},{"taxonomy":"product_tag","embeddable":true,"href":"https:\/\/sachviet.eu\/en\/wp-json\/wp\/v2\/product_tag?post=2834"}],"curies":[{"name":"wp","href":"https:\/\/api.w.org\/{rel}","templated":true}]}}