{"id":2823,"date":"2021-02-27T00:00:47","date_gmt":"2021-02-26T22:00:47","guid":{"rendered":"https:\/\/sachviet.eu\/shop\/chung-ta-roi-se-hanh-phuc-theo-nhung-cach-khac-nhau\/"},"modified":"2021-05-01T09:45:47","modified_gmt":"2021-05-01T06:45:47","slug":"chung-ta-roi-se-hanh-phuc-theo-nhung-cach-khac-nhau","status":"publish","type":"product","link":"https:\/\/sachviet.eu\/en\/shop\/chung-ta-roi-se-hanh-phuc-theo-nhung-cach-khac-nhau\/","title":{"rendered":"Ch\u00fang ta r\u1ed3i s\u1ebd h\u1ea1nh ph\u00fac theo nh\u1eefng c\u00e1ch kh\u00e1c nhau"},"content":{"rendered":"<p>Ch\u00fang Ta R\u1ed3i S\u1ebd H\u1ea1nh Ph\u00fac, Theo Nh\u1eefng C\u00e1ch Kh\u00e1c Nhau<\/p>\n<p>&#8211; B\u1ea1n c\u00f3 t\u1eebng \u0111\u1eafm ch\u00ecm trong v\u00f4 v\u1ecdng v\u00e0 kh\u00f4ng t\u00ecm ra l\u1ed1i tho\u00e1t cho chu\u1ed7i ng\u00e0y v\u1ee5ng d\u1ea1i tu\u1ed5i tr\u1ebb c\u1ee7a m\u00ecnh?<\/p>\n<p>&#8211; B\u1ea1n c\u00f3 t\u1eebng mu\u1ed1n ng\u1ee7 m\u1ed9t gi\u1ea5c th\u1eadt d\u00e0i, sau khi t\u1ec9nh d\u1eady s\u1ebd ch\u1ec9 c\u00f2n nh\u1eefng ni\u1ec1m vui \u1edf l\u1ea1i?<\/p>\n<p>&#8211; B\u1ea1n c\u00f3 t\u1eebng ngh\u0129 r\u1eb1ng m\u00ecnh l\u00e0 ng\u01b0\u1eddi b\u1ea5t h\u1ea1nh nh\u1ea5t tr\u00ean th\u1ebf gian n\u00e0y, khi nh\u1eefng chuy\u1ec7n ch\u1eb3ng l\u00e0nh c\u1ee9 d\u1ed3n d\u1eadp t\u1edbi lui?<\/p>\n<p>Tr\u00ean \u0111\u1eddi n\u00e0y c\u00f3 v\u00f4 v\u00e0n \u0111\u1ecbnh ngh\u0129a v\u1ec1 h\u1ea1nh ph\u00fac, nh\u01b0ng b\u1eb1ng c\u00e1ch n\u00e0y hay c\u00e1ch kh\u00e1c, r\u1ed3i sau n\u00e0y ch\u00fang ta s\u1ebd h\u1ea1nh h\u1ea1nh ph\u00fac, cho d\u00f9 ch\u00fang ta c\u00f3 g\u1eb7p nh\u1ea7m bao ng\u01b0\u1eddi \u0111i n\u1eefa.<\/p>\n<p>CH\u00daNG TA R\u1ed2I S\u1ebc H\u1ea0NH PH\u00daC, THEO NH\u1eeeNG C\u00c1CH KH\u00c1C NHAU l\u00e0 m\u1ed9t l\u1eddi nh\u1eafn nh\u1ee7 c\u1ee7a t\u00e1c gi\u1ea3 Th\u1ea3o Th\u1ea3o \u0111\u1ebfn t\u1ea5t c\u1ea3 m\u1ecdi ng\u01b0\u1eddi r\u1eb1ng m\u1ed7i ch\u00fang ta \u0111\u1ec1u l\u00e0 m\u1ed9t c\u00e1 th\u1ec3 duy nh\u1ea5t trong v\u0169 tr\u1ee5 bao la r\u1ed9ng l\u1edbn, \u0111\u1eebng bao gi\u1edd cho ng\u01b0\u1eddi kh\u00e1c quy\u1ec1n mang l\u1ea1i ni\u1ec1m vui hay n\u1ed7i bu\u1ed3n cho b\u1ea1n. H\u00e3y s\u1ed1ng v\u1edbi nh\u1eefng g\u00ec b\u1ea1n mu\u1ed1n, l\u00e0m nh\u0169ng g\u00ec b\u1ea1n cho l\u00e0 \u0111\u00fang, b\u1edfi n\u1ebfu c\u1ee9 s\u1ed1ng v\u00ec ng\u01b0\u1eddi kh\u00e1c, b\u1ea1n s\u1ebd \u0111\u00e1nh m\u1ea5t nh\u1eefng-g\u00ec-\u0111\u1eb7c-bi\u1ec7t-nh\u1ea5t c\u1ee7a b\u1ea3n th\u00e2n m\u00ecnh.<\/p>\n<p>\u201cNh\u1eefng n\u1ee5 c\u01b0\u1eddi t\u01b0\u01a1i t\u1eafn nh\u1ea5t s\u1ebd gi\u1ea5u \u0111i nh\u1eefng b\u00ed m\u1eadt \u0111au th\u01b0\u01a1ng nh\u1ea5t.<br \/>\nNg\u00e0y l\u00e3ng ph\u00ed nh\u1ea5t trong cu\u1ed9c \u0111\u1eddi l\u00e0 ng\u00e0y thi\u1ebfu v\u1eafng nh\u1eefng n\u1ee5 c\u01b0\u1eddi\u201d.<\/p>\n<p>S\u1ebd c\u00f3 m\u1ed9t ng\u00e0y b\u1ea1n t\u1ec9nh d\u1eady th\u1eadt s\u1edbm, ng\u1eafm b\u00ecnh minh l\u00ean th\u1eadt \u0111\u1eb9p, \u0111\u00f3n \u00e1nh s\u00e1ng th\u1eadt lung linh r\u1ef1c r\u1ee1 v\u00e0 m\u1ec9m c\u01b0\u1eddi an nhi\u00ean khi t\u1eebng ngh\u0129 m\u00ecnh l\u00e0 k\u1ebb c\u00f4 \u0111\u01a1n nh\u1ea5t th\u1ebf gi\u1edbi nay \u0111\u00e3 c\u00f3 m\u1ed9t ng\u01b0\u1eddi \u1edf c\u1ea1nh b\u00ean, c\u00f9ng nhau h\u1ea1nh ph\u00fac.<\/p>\n<p>Cho d\u00f9 ng\u00e0y h\u00f4m nay b\u1ea1n c\u00f3 c\u0103m gh\u00e9t cu\u1ed9c s\u1ed1ng n\u00e0y \u0111i ch\u0103ng n\u1eefa th\u00ec c\u0169ng \u0111\u1eebng bu\u00f4ng b\u1ecf, b\u1edfi ch\u00fang ta sinh ra tr\u00ean \u0111\u1eddi n\u00e0y l\u00e0 \u0111\u1ec3 \u0111\u01b0\u1ee3c h\u1ea1nh ph\u00fac. H\u00e3y tr\u00e2n tr\u1ecdng m\u1ed9t l\u1ea7n \u0111\u01b0\u1ee3c s\u1ed1ng \u0111\u1ec3 s\u1ed1ng tr\u1ecdn v\u1eb9n.<\/p>\n<p>CH\u00daNG TA R\u1ed2I S\u1ebc H\u1ea0NH PH\u00daC, THEO NH\u1eeeNG C\u00c1CH KH\u00c1C NHAU!<\/p>\n","protected":false},"excerpt":{"rendered":"<p>CH\u00daNG TA R\u1ed2I S\u1ebc H\u1ea0NH PH\u00daC, THEO NH\u1eeeNG C\u00c1CH KH\u00c1C NHAU l\u00e0 m\u1ed9t l\u1eddi nh\u1eafn nh\u1ee7 c\u1ee7a t\u00e1c gi\u1ea3 Th\u1ea3o Th\u1ea3o \u0111\u1ebfn t\u1ea5t c\u1ea3 m\u1ecdi ng\u01b0\u1eddi r\u1eb1ng m\u1ed7i ch\u00fang ta \u0111\u1ec1u l\u00e0 m\u1ed9t c\u00e1 th\u1ec3 duy nh\u1ea5t trong v\u0169 tr\u1ee5 bao la r\u1ed9ng l\u1edbn, \u0111\u1eebng bao gi\u1edd cho ng\u01b0\u1eddi kh\u00e1c quy\u1ec1n mang l\u1ea1i ni\u1ec1m vui hay n\u1ed7i bu\u1ed3n cho b\u1ea1n. H\u00e3y s\u1ed1ng v\u1edbi nh\u1eefng g\u00ec b\u1ea1n mu\u1ed1n, l\u00e0m nh\u0169ng g\u00ec b\u1ea1n cho l\u00e0 \u0111\u00fang, b\u1edfi n\u1ebfu c\u1ee9 s\u1ed1ng v\u00ec ng\u01b0\u1eddi kh\u00e1c, b\u1ea1n s\u1ebd \u0111\u00e1nh m\u1ea5t nh\u1eefng-g\u00ec-\u0111\u1eb7c-bi\u1ec7t-nh\u1ea5t c\u1ee7a b\u1ea3n th\u00e2n m\u00ecnh.<br \/>\n\u201cNh\u1eefng n\u1ee5 c\u01b0\u1eddi t\u01b0\u01a1i t\u1eafn nh\u1ea5t s\u1ebd gi\u1ea5u \u0111i nh\u1eefng b\u00ed m\u1eadt \u0111au th\u01b0\u01a1ng nh\u1ea5t.<br \/>\nNg\u00e0y l\u00e3ng ph\u00ed nh\u1ea5t trong cu\u1ed9c \u0111\u1eddi l\u00e0 ng\u00e0y thi\u1ebfu v\u1eafng nh\u1eefng n\u1ee5 c\u01b0\u1eddi\u201d.<br \/>\nS\u1ebd c\u00f3 m\u1ed9t ng\u00e0y b\u1ea1n t\u1ec9nh d\u1eady th\u1eadt s\u1edbm, ng\u1eafm b\u00ecnh minh l\u00ean th\u1eadt \u0111\u1eb9p, \u0111\u00f3n \u00e1nh s\u00e1ng th\u1eadt lung linh r\u1ef1c r\u1ee1 v\u00e0 m\u1ec9m c\u01b0\u1eddi an nhi\u00ean khi t\u1eebng ngh\u0129 m\u00ecnh l\u00e0 k\u1ebb c\u00f4 \u0111\u01a1n nh\u1ea5t th\u1ebf gi\u1edbi nay \u0111\u00e3 c\u00f3 m\u1ed9t ng\u01b0\u1eddi \u1edf c\u1ea1nh b\u00ean, c\u00f9ng nhau h\u1ea1nh ph\u00fac.<br \/>\nCho d\u00f9 ng\u00e0y h\u00f4m nay b\u1ea1n c\u00f3 c\u0103m gh\u00e9t cu\u1ed9c s\u1ed1ng n\u00e0y \u0111i ch\u0103ng n\u1eefa th\u00ec c\u0169ng \u0111\u1eebng bu\u00f4ng b\u1ecf, b\u1edfi ch\u00fang ta sinh ra tr\u00ean \u0111\u1eddi n\u00e0y l\u00e0 \u0111\u1ec3 \u0111\u01b0\u1ee3c h\u1ea1nh ph\u00fac. H\u00e3y tr\u00e2n tr\u1ecdng m\u1ed9t l\u1ea7n \u0111\u01b0\u1ee3c s\u1ed1ng \u0111\u1ec3 s\u1ed1ng tr\u1ecdn v\u1eb9n.<\/p>\n","protected":false},"featured_media":2820,"template":"","meta":{"_acf_changed":false},"product_brand":[],"product_cat":[15,47],"product_tag":[],"class_list":{"0":"post-2823","1":"product","2":"type-product","3":"status-publish","4":"has-post-thumbnail","6":"product_cat-sach-danh-cho-nguoi-lon","7":"product_cat-truyen-ngan-tan-van","9":"first","10":"outofstock","11":"taxable","12":"shipping-taxable","13":"purchasable","14":"product-type-simple"},"supplier_id":null,"supplier_sku":"","barcode":null,"atum_controlled":true,"out_stock_date":"2021-05-01 06:45:47","out_stock_threshold":null,"inheritable":false,"inbound_stock":0,"stock_on_hold":0,"sold_today":0,"sales_last_days":0,"reserved_stock":0,"customer_returns":0,"warehouse_damage":0,"lost_in_post":0,"other_logs":0,"out_stock_days":1733,"lost_sales":0,"has_location":false,"update_date":"2026-01-28T23:10:32","atum_locations":[],"atum_stock_status":"outofstock","restock_status":false,"low_stock_amount":"","sales_update_date":"2026-01-28T23:10:32","calc_backorders":null,"acf":{"publisher":{"ID":1785,"post_author":"1","post_date":"2021-02-17 01:54:46","post_date_gmt":"2021-02-16 23:54:46","post_content":"<!-- wp:flatsome\/uxbuilder -->\n<h1 style=\"text-align: center;\"><strong>AZ VIETNAM<\/strong><\/h1>\n[row]\n\n[col span=\"8\" span__sm=\"12\"]\n\n<p>Th\u00e0nh l\u1eadp n\u0103m: 2015<br \/>V\u1ed1n \u0111\u1ea7u t\u01b0: 4,000,000,000 \u0111\u1ed3ng<br \/><strong>L\u0129nh v\u1ef1c:<\/strong><br \/>- Xu\u1ea5t b\u1ea3n v\u00e0 ph\u00e1t h\u00e0nh v\u0103n h\u00f3a ph\u1ea9m<br \/>- Cung c\u1ea5p v\u0103n h\u00f3a ph\u1ea9m, c\u00e1c s\u1ea3n ph\u1ea9m cho in \u1ea5n, trang thi\u1ebft b\u1ecb cho c\u00e1c th\u01b0 vi\u1ec7n v\u00e0 trung t\u00e2m s\u00e1ch tr\u00ean c\u1ea3 n\u01b0\u1edbc.<br \/>- Th\u1eddi trang v\u00e0 c\u00e1c s\u1ea3n ph\u1ea9m li\u00ean quan \u0111\u1ebfn l\u0129nh v\u1ef1c th\u1eddi trang<br \/>- Xu\u1ea5t nh\u1eadp kh\u1ea9u c\u00e1c s\u1ea3n ph\u1ea9m v\u0103n h\u00f3a<\/p>\n<p><strong>Quy m\u00f4:<\/strong> 60 nh\u00e2n vi\u00ean<br \/>Kh\u1edfi ngu\u1ed3n c\u1ee7a AZ Vi\u1ec7t Nam ng\u00e0y nay l\u00e0 C\u00f4ng ty TNHH Trung t\u00e2m S\u00e1ch v\u00e0 Thi\u1ebft b\u1ecb Th\u01b0 vi\u1ec7n, v\u1edbi ho\u1ea1t \u0111\u1ed9ng \u0111\u1ea7u ti\u00ean l\u00e0 cung c\u1ea5p s\u00e1ch, trang thi\u1ebft b\u1ecb, v\u0103n h\u00f3a ph\u1ea9m cho c\u00e1c th\u01b0 vi\u1ec7n v\u00e0 trung t\u00e2m s\u00e1ch tr\u00ean c\u1ea3 n\u01b0\u1edbc. T\u1eeb cu\u1ed1i n\u0103m 2010 \u0111\u1ebfn nay, ch\u00fang t\u00f4i \u0111\u00e3 kh\u00f4ng ng\u1eebng n\u1ed7 l\u1ef1c khai ph\u00e1 v\u00e0 ph\u00e1t tri\u1ec3n c\u00e1c d\u00f2ng s\u1ea3n ph\u1ea9m m\u1edbi v\u1edbi 8 th\u01b0\u01a1ng hi\u1ec7u uy t\u00edn. \u0110\u1ec3 \u0111\u00e1p \u1ee9ng nhu c\u1ea7u ph\u00e1t tri\u1ec3n ng\u00e0y m\u1ed9t l\u1edbn m\u1ea1nh v\u00e0 t\u1eadp h\u1ee3p c\u00e1c th\u01b0\u01a1ng hi\u1ec7u \u0111\u00e3 \u0111\u01b0\u1ee3c ch\u00fang t\u00f4i x\u00e2y d\u1ef1ng, 2015 C\u00f4ng ty TNHH AZ Vi\u1ec7t Nam \u0111\u00e3 ra \u0111\u1eddi v\u1edbi s\u1ee9 m\u1ec7nh mang \u0111\u1ebfn nhi\u1ec1u h\u01a1n n\u1eefa nh\u1eefng gi\u00e1 tr\u1ecb tinh th\u1ea7n, tri th\u1ee9c ti\u00ean ti\u1ebfn cho ng\u01b0\u1eddi ti\u00eau d\u00f9ng b\u1eb1ng vi\u1ec7c cung c\u1ea5p nh\u1eefng s\u1ea3n ph\u1ea9m c\u00f3 ch\u1ea5t l\u01b0\u1ee3ng.<\/p>\n\n[\/col]\n[col span=\"4\" span__sm=\"12\"]\n\n[ux_image id=\"1836\" image_size=\"medium\"]\n\n\n[\/col]\n\n[\/row]\n\n<!-- \/wp:flatsome\/uxbuilder -->","post_title":"AZ Vi\u1ec7t Nam","post_excerpt":"","post_status":"publish","comment_status":"closed","ping_status":"closed","post_password":"","post_name":"az-viet-nam","to_ping":"","pinged":"","post_modified":"2021-02-17 22:07:10","post_modified_gmt":"2021-02-17 20:07:10","post_content_filtered":"","post_parent":0,"guid":"https:\/\/sachviet.eu\/nha-phat-hanh\/az-viet-nam\/","menu_order":0,"post_type":"publisher","post_mime_type":"","comment_count":"0","filter":"raw"}},"_links":{"self":[{"href":"https:\/\/sachviet.eu\/en\/wp-json\/wp\/v2\/product\/2823","targetHints":{"allow":["GET"]}}],"collection":[{"href":"https:\/\/sachviet.eu\/en\/wp-json\/wp\/v2\/product"}],"about":[{"href":"https:\/\/sachviet.eu\/en\/wp-json\/wp\/v2\/types\/product"}],"wp:featuredmedia":[{"embeddable":true,"href":"https:\/\/sachviet.eu\/en\/wp-json\/wp\/v2\/media\/2820"}],"wp:attachment":[{"href":"https:\/\/sachviet.eu\/en\/wp-json\/wp\/v2\/media?parent=2823"}],"wp:term":[{"taxonomy":"product_brand","embeddable":true,"href":"https:\/\/sachviet.eu\/en\/wp-json\/wp\/v2\/product_brand?post=2823"},{"taxonomy":"product_cat","embeddable":true,"href":"https:\/\/sachviet.eu\/en\/wp-json\/wp\/v2\/product_cat?post=2823"},{"taxonomy":"product_tag","embeddable":true,"href":"https:\/\/sachviet.eu\/en\/wp-json\/wp\/v2\/product_tag?post=2823"}],"curies":[{"name":"wp","href":"https:\/\/api.w.org\/{rel}","templated":true}]}}