{"id":2819,"date":"2021-02-27T00:00:37","date_gmt":"2021-02-26T22:00:37","guid":{"rendered":"https:\/\/sachviet.eu\/shop\/tu-kien-truc-su-thanh-bac-si-tai-hoa-ki\/"},"modified":"2021-04-17T02:10:52","modified_gmt":"2021-04-16T23:10:52","slug":"tu-kien-truc-su-thanh-bac-si-tai-hoa-ki","status":"publish","type":"product","link":"https:\/\/sachviet.eu\/en\/shop\/tu-kien-truc-su-thanh-bac-si-tai-hoa-ki\/","title":{"rendered":"T\u1eeb ki\u1ebfn tr\u00fac s\u01b0 th\u00e0nh b\u00e1c s\u0129 t\u1ea1i Hoa k\u00ec"},"content":{"rendered":"<p>T\u1eeb Ki\u1ebfn tr\u00fac s\u01b0 th\u00e0nh B\u00e1c s\u0129 t\u1ea1i Hoa K\u1ef3 l\u00e0 quy\u1ec3n s\u00e1ch k\u1ec3 v\u1ec1 h\u00e0nh tr\u00ecnh c\u1eadu sinh vi\u00ean chuy\u00ean To\u00e1n tr\u01b0\u1eddng THPT Chuy\u00ean B\u1ea1c Li\u00eau theo h\u1ecdc Ki\u1ebfn tr\u00fac t\u1ea1i Vi\u1ec7t Nam v\u00e0 t\u1ea1i M\u1ef9, \u0111\u1ebfn khi quy\u1ebft \u0111\u1ecbnh t\u1eeb b\u1ecf Ki\u1ebfn tr\u00fac \u0111\u1ec3 theo \u0111u\u1ed5i con \u0111\u01b0\u1eddng Y khoa \u2013 ng\u00e0nh h\u1ecdc \u0111\u01b0\u1ee3c xem l\u00e0 kh\u00f3 nh\u1ea5t v\u00e0 t\u1ed1t nh\u1ea5t t\u1ea1i M\u1ef9. V\u00e0 sau ch\u1ee5c n\u0103m h\u1ecdc h\u00e0nh mi\u1ec7t m\u00e0i, \u0111\u1ebfn nay \u0111\u00e3 tr\u1edf th\u00e0nh m\u1ed9t B\u00e1c s\u0129 \u00edt nhi\u1ec1u c\u00f3 ti\u1ebfng t\u0103m trong c\u1ed9ng \u0111\u1ed3ng.<\/p>\n<p>Nh\u1eefng chia s\u1ebb t\u1eeb g\u00f3c nh\u00ecn c\u1ee7a ng\u01b0\u1eddi trong cu\u1ed9c s\u1ebd gi\u00fap b\u1ea1n \u0111\u1ecdc ph\u1ea7n n\u00e0o hi\u1ec3u \u0111\u01b0\u1ee3c qu\u00e1 tr\u00ecnh th\u1ef1c t\u1ebf c\u0169ng nh\u01b0 nh\u1eefng kh\u00f3 kh\u0103n, n\u1ed7i ni\u1ec1m vui bu\u1ed3n trong ngh\u1ec1. Qua \u0111\u00f3, hy v\u1ecdng s\u1ebd ti\u1ebfp th\u00eam \u0111\u1ed9ng l\u1ef1c tr\u00ean h\u00e0nh tr\u00ecnh theo \u0111u\u1ed5i ngh\u1ec1 nghi\u1ec7p cho b\u1ea1n. D\u00e1m l\u1ef1a ch\u1ecdn, h\u1ebft m\u00ecnh v\u00ec l\u1ef1a ch\u1ecdn c\u1ee7a b\u1ea3n th\u00e2n, th\u00e0nh c\u00f4ng s\u1ebd \u0111\u1ebfn.<\/p>\n<p>TR\u00cdCH \u0110O\u1ea0N:<\/p>\n<p>\u201cS\u1ebd c\u00f3 nh\u1eefng l\u00fac b\u1ea1n ph\u1ea3i \u0111\u1ed1i m\u1eb7t v\u1edbi nh\u1eefng l\u1ef1a ch\u1ecdn kh\u00f3 kh\u0103n v\u1ec1 ngh\u1ec1 nghi\u1ec7p trong cu\u1ed9c \u0111\u1eddi, nh\u1ea5tl\u00e0 tr\u01b0\u1edbc ng\u00e3 r\u1ebd chuy\u1ec3n \u0111\u1ed5i qua m\u1ed9t ngh\u1ec1 m\u1edbi ho\u00e0n to\u00e0n xa l\u1ea1. T\u00f4i mong cu\u1ed1n s\u00e1ch n\u00e0y s\u1ebd ti\u1ebfp th\u00eam cho b\u1ea1n s\u1ee9c m\u1ea1nh \u0111\u1ec3 quy\u1ebft \u0111\u1ecbnh. H\u00e3y \u0111i theo \u0111am m\u00ea c\u1ee7a m\u00ecnh. V\u00ec n\u1ebfu b\u1ea1n d\u00e1m ch\u1ecdn l\u1ef1a, b\u1ea1n s\u1ebd d\u00e1m th\u00e0nh c\u00f4ng.\u201d<\/p>\n<p>\u201cCh\u1ec9 m\u1ed9t th\u1eddi gian ng\u1eafn, t\u00f4i n\u1eafm b\u1ec7nh s\u1eed c\u1ee7a b\u1ec7nh nh\u00e2n t\u1ed1t h\u01a1n v\u00e0 kh\u00f4ng c\u00f2n c\u1ea3m gi\u00e1c lo s\u1ee3 \u0111i\u1ec1u d\u01b0\u1ee1ng n\u1eefa. Th\u1eadm ch\u00ed, t\u00f4i c\u00f2n gi\u1ea3i th\u00edch cho \u0111i\u1ec1u d\u01b0\u1ee1ng hi\u1ec3u v\u1ec1 m\u1ed9t s\u1ed1 b\u1ec7nh l\u00fd c\u01a1 b\u1ea3n. Cu\u1ed1i m\u1ed7i th\u00e1ng th\u1ef1c t\u1eadp, t\u00f4i \u0111\u1ec1u mua b\u00e1nh Donut v\u00e0 c\u00e0 ph\u00ea t\u1eb7ng m\u1ecdi ng\u01b0\u1eddi, ch\u00fang t\u00f4i ch\u00fac nhau c\u00f9ng l\u00e0m t\u1ed1t c\u00f4ng vi\u1ec7c. Sau n\u00e0y, t\u00f4i nh\u1eadn \u0111\u01b0\u1ee3c th\u01b0 khen ng\u1ee3i c\u1ee7a c\u00e1c \u0111i\u1ec1u d\u01b0\u1ee1ng. C\u00f3 ng\u01b0\u1eddi c\u00f2n \u0111\u01b0a t\u00ean t\u00f4i v\u00e0o danh s\u00e1ch \u1ee9ng vi\u00ean hoa h\u01b0\u1edbng d\u01b0\u01a1ng c\u1ee7a b\u1ec7nh vi\u1ec7n (d\u00e0nh cho nh\u1eefng b\u00e1c s\u0129 \u0111\u1ed1i x\u1eed t\u1ed1t v\u1edbi b\u1ec7nh nh\u00e2n v\u00e0 \u0111i\u1ec1u d\u01b0\u1ee1ng).<\/p>\n<p>Nh\u1edd c\u00e1ch \u1ee9ng x\u1eed n\u00e0y, t\u00f4i \u0111\u01b0\u1ee3c c\u00e1c \u0111i\u1ec1u d\u01b0\u1ee1ng, sinh vi\u00ean, b\u00e1c s\u0129 n\u1ed9i tr\u00fa, v\u00e0 gi\u1ea3ng vi\u00ean b\u00ecnh ch\u1ecdn gi\u1ea3i th\u01b0\u1edfng \u201cb\u00e1c s\u0129 n\u1ed9i tr\u00fa gi\u1ea3ng d\u1ea1y t\u1ed1t nh\u1ea5t\u201d trong l\u00fac l\u00e0m b\u00e1c s\u0129 n\u1ed9i tr\u00fa chuy\u00ean khoa n\u1ed9i t\u1ed5ng qu\u00e1t. T\u00f4i k\u1ec3 c\u00e2u chuy\u1ec7n n\u0103m x\u01b0a cho em sinh vi\u00ean nghe.<\/p>\n<p>Nghe xong, em im l\u1eb7ng m\u1ed9t l\u00fac, r\u1ed3i nh\u00ecn v\u00e0o m\u1eaft t\u00f4i:<\/p>\n<p>\u2013 C\u1ea3m \u01a1n th\u1ea7y. Em s\u1ebd l\u00e0m gi\u1ed1ng nh\u01b0 v\u1eady.<\/p>\n<p>T\u00f4i b\u01b0\u1edbc ra kh\u1ecfi ph\u00f2ng, th\u1ea5y vui vui trong l\u00f2ng khi v\u1eeba m\u1edf th\u00eam m\u1ed9t c\u00e1nh c\u1eeda cho m\u1ed9t b\u00e1c s\u0129 t\u01b0\u01a1ng lai.<\/p>\n<p>C\u1ee9 m\u1ed7i b\u1ea1n sinh vi\u00ean Y v\u00e0o \u0111\u01b0\u1ee3c n\u1ed9i tr\u00fa, m\u1ed7i b\u00e0i h\u1ecdc c\u00f3 \u00edch t\u00f4i d\u1ea1y sinh vi\u00ean, hay m\u1ed7i b\u00e0i b\u00e1o nh\u00f3m c\u1ee7a t\u00f4i \u0111\u01b0\u1ee3c \u0111\u0103ng l\u00e0 t\u00f4i c\u00f3 th\u00eam m\u1ed9t ni\u1ec1m vui nho nh\u1ecf.<\/p>\n<p>V\u00e0 c\u1ee9 th\u1ebf, t\u00f4i tr\u1edf th\u00e0nh \u00f4ng \u0111\u1ed3, m\u1ed7i ng\u00e0y \u0111\u01b0a \u0111\u00f2 cho c\u00e1c em qua s\u00f4ng, th\u1eb3ng ti\u1ebfn tr\u00ean con \u0111\u01b0\u1eddng Y khoa nhi\u1ec1u s\u00f3ng gi\u00f3 b\u1eadp b\u1ec1nh kh\u00fac khu\u1ef7u. T\u00f4i mong sau n\u00e0y, c\u00e1c em s\u1ebd c\u00f2n bay cao v\u00e0 bay xa h\u01a1n t\u00f4i.\u201d<\/p>\n","protected":false},"excerpt":{"rendered":"<p>T\u1eeb Ki\u1ebfn tr\u00fac s\u01b0 th\u00e0nh B\u00e1c s\u0129 t\u1ea1i Hoa K\u1ef3 l\u00e0 quy\u1ec3n s\u00e1ch k\u1ec3 v\u1ec1 h\u00e0nh tr\u00ecnh c\u1eadu sinh vi\u00ean chuy\u00ean To\u00e1n tr\u01b0\u1eddng THPT Chuy\u00ean B\u1ea1c Li\u00eau theo h\u1ecdc Ki\u1ebfn tr\u00fac t\u1ea1i Vi\u1ec7t Nam v\u00e0 t\u1ea1i M\u1ef9, \u0111\u1ebfn khi quy\u1ebft \u0111\u1ecbnh t\u1eeb b\u1ecf Ki\u1ebfn tr\u00fac \u0111\u1ec3 theo \u0111u\u1ed5i con \u0111\u01b0\u1eddng Y khoa \u2013 ng\u00e0nh h\u1ecdc \u0111\u01b0\u1ee3c xem l\u00e0 kh\u00f3 nh\u1ea5t v\u00e0 t\u1ed1t nh\u1ea5t t\u1ea1i M\u1ef9. V\u00e0 sau ch\u1ee5c n\u0103m h\u1ecdc h\u00e0nh mi\u1ec7t m\u00e0i, \u0111\u1ebfn nay \u0111\u00e3 tr\u1edf th\u00e0nh m\u1ed9t B\u00e1c s\u0129 \u00edt nhi\u1ec1u c\u00f3 ti\u1ebfng t\u0103m trong c\u1ed9ng \u0111\u1ed3ng.<\/p>\n<p>Nh\u1eefng chia s\u1ebb t\u1eeb g\u00f3c nh\u00ecn c\u1ee7a ng\u01b0\u1eddi trong cu\u1ed9c s\u1ebd gi\u00fap b\u1ea1n \u0111\u1ecdc ph\u1ea7n n\u00e0o hi\u1ec3u \u0111\u01b0\u1ee3c qu\u00e1 tr\u00ecnh th\u1ef1c t\u1ebf c\u0169ng nh\u01b0 nh\u1eefng kh\u00f3 kh\u0103n, n\u1ed7i ni\u1ec1m vui bu\u1ed3n trong ngh\u1ec1. Qua \u0111\u00f3, hy v\u1ecdng s\u1ebd ti\u1ebfp th\u00eam \u0111\u1ed9ng l\u1ef1c tr\u00ean h\u00e0nh tr\u00ecnh theo \u0111u\u1ed5i ngh\u1ec1 nghi\u1ec7p cho b\u1ea1n. D\u00e1m l\u1ef1a ch\u1ecdn, h\u1ebft m\u00ecnh v\u00ec l\u1ef1a ch\u1ecdn c\u1ee7a b\u1ea3n th\u00e2n, th\u00e0nh c\u00f4ng s\u1ebd \u0111\u1ebfn.<\/p>\n","protected":false},"featured_media":2818,"template":"","meta":{"_acf_changed":false},"product_brand":[],"product_cat":[18],"product_tag":[],"class_list":{"0":"post-2819","1":"product","2":"type-product","3":"status-publish","4":"has-post-thumbnail","6":"product_cat-kinh-te","8":"first","9":"outofstock","10":"taxable","11":"shipping-taxable","12":"purchasable","13":"product-type-simple"},"supplier_id":null,"supplier_sku":"","barcode":null,"atum_controlled":true,"out_stock_date":"2021-03-20 12:18:42","out_stock_threshold":null,"inheritable":false,"inbound_stock":0,"stock_on_hold":0,"sold_today":0,"sales_last_days":0,"reserved_stock":0,"customer_returns":0,"warehouse_damage":0,"lost_in_post":0,"other_logs":0,"out_stock_days":1775,"lost_sales":0,"has_location":false,"update_date":"2026-01-28T23:10:32","atum_locations":[],"atum_stock_status":"outofstock","restock_status":false,"low_stock_amount":"","sales_update_date":"2026-01-28T23:10:32","calc_backorders":null,"acf":{"publisher":{"ID":2817,"post_author":"1","post_date":"2021-02-27 00:00:35","post_date_gmt":"2021-02-26 22:00:35","post_content":"","post_title":"Alpha Books","post_excerpt":"","post_status":"publish","comment_status":"closed","ping_status":"closed","post_password":"","post_name":"alpha-books","to_ping":"","pinged":"","post_modified":"2021-02-27 00:00:35","post_modified_gmt":"2021-02-26 22:00:35","post_content_filtered":"","post_parent":0,"guid":"https:\/\/sachviet.eu\/nha-phat-hanh\/alpha-books\/","menu_order":0,"post_type":"publisher","post_mime_type":"","comment_count":"0","filter":"raw"}},"_links":{"self":[{"href":"https:\/\/sachviet.eu\/en\/wp-json\/wp\/v2\/product\/2819","targetHints":{"allow":["GET"]}}],"collection":[{"href":"https:\/\/sachviet.eu\/en\/wp-json\/wp\/v2\/product"}],"about":[{"href":"https:\/\/sachviet.eu\/en\/wp-json\/wp\/v2\/types\/product"}],"wp:featuredmedia":[{"embeddable":true,"href":"https:\/\/sachviet.eu\/en\/wp-json\/wp\/v2\/media\/2818"}],"wp:attachment":[{"href":"https:\/\/sachviet.eu\/en\/wp-json\/wp\/v2\/media?parent=2819"}],"wp:term":[{"taxonomy":"product_brand","embeddable":true,"href":"https:\/\/sachviet.eu\/en\/wp-json\/wp\/v2\/product_brand?post=2819"},{"taxonomy":"product_cat","embeddable":true,"href":"https:\/\/sachviet.eu\/en\/wp-json\/wp\/v2\/product_cat?post=2819"},{"taxonomy":"product_tag","embeddable":true,"href":"https:\/\/sachviet.eu\/en\/wp-json\/wp\/v2\/product_tag?post=2819"}],"curies":[{"name":"wp","href":"https:\/\/api.w.org\/{rel}","templated":true}]}}