{"id":2816,"date":"2021-02-27T00:00:33","date_gmt":"2021-02-26T22:00:33","guid":{"rendered":"https:\/\/sachviet.eu\/shop\/lam-sao-de%cc%89-ton-ta%cc%a3i-giu%cc%83a-thoi-da%cc%a3i-chuo%cc%a3ng-nhan-sac\/"},"modified":"2021-05-18T00:40:42","modified_gmt":"2021-05-17T21:40:42","slug":"lam-sao-de%cc%89-ton-ta%cc%a3i-giu%cc%83a-thoi-da%cc%a3i-chuo%cc%a3ng-nhan-sac","status":"publish","type":"product","link":"https:\/\/sachviet.eu\/en\/shop\/lam-sao-de%cc%89-ton-ta%cc%a3i-giu%cc%83a-thoi-da%cc%a3i-chuo%cc%a3ng-nhan-sac\/","title":{"rendered":"La\u0300m Sao \u0110\u00ea\u0309 T\u00f4\u0300n Ta\u0323i Gi\u01b0\u0303a Th\u01a1\u0300i \u0110a\u0323i Chu\u00f4\u0323ng Nhan S\u0103\u0301c?"},"content":{"rendered":"<p>L\u00c0M SAO \u0110\u1ec2 C\u00d3 \u0110\u01af\u1ee2C T\u00ccNH Y\u00caU?<br \/>\nTr\u1edb tr\u00eau thay, tr\u00ean th\u1ebf gi\u1edbi n\u00e0y, nh\u1eefng ng\u01b0\u1eddi kh\u00f4ng thi\u1ebfu th\u1ed1n t\u00ecnh y\u00eau m\u1edbi l\u00e0 ng\u01b0\u1eddi nh\u1eadn \u0111\u01b0\u1ee3c nhi\u1ec1u t\u00ecnh y\u00eau nh\u1ea5t. T\u00ecnh y\u00eau d\u1ef1a v\u00e0o s\u1ef1 chia s\u1ebb \u0111\u1ec3 nu\u00f4i l\u1edbn b\u1ea3n th\u00e2n, khi \u0111\u01b0\u1ee3c y\u00eau, b\u1ea1n s\u1ebd h\u1ecdc \u0111\u01b0\u1ee3c to\u00e0n b\u1ed9 nh\u1eefng th\u1ee9 li\u00ean quan \u0111\u1ebfn t\u00ecnh y\u00eau bao g\u1ed3m \u00fd ngh\u0129a, gi\u00e1 tr\u1ecb v\u00e0 h\u00ecnh d\u00e1ng c\u1ee7a n\u00f3. C\u00f2n nh\u1eefng ng\u01b0\u1eddi kh\u00f4ng \u0111\u01b0\u1ee3c y\u00eau, h\u1ecd s\u1ebd m\u00e3i \u0111\u1ee9ng \u1edf v\u00f2ng ngo\u00e0i c\u1ee7a v\u01b0\u01a1ng qu\u1ed1c mang t\u00ean t\u00ecnh y\u00eau, nh\u00ecn nh\u1eefng ng\u01b0\u1eddi \u1edf trong v\u01b0\u01a1ng qu\u1ed1c \u0111\u00f3 \u0111\u1ed1i x\u1eed v\u1edbi nhau b\u1eb1ng ph\u01b0\u01a1ng th\u1ee9c m\u00e0 h\u1ecd kh\u00f4ng th\u1ec3 l\u00fd gi\u1ea3i n\u1ed5i.<br \/>\nNh\u1eadn th\u1ee9c \u0111\u01b0\u1ee3c s\u1ef1 thi\u1ebfu s\u00f3t c\u1ee7a b\u1ea3n th\u00e2n l\u00e0 b\u01b0\u1edbc \u0111\u1ea7u ti\u00ean \u0111\u1ec3 b\u1eaft \u0111\u1ea7u cu\u1ed9c s\u1ed1ng m\u1edbi.<br \/>\nThi\u1ebfu ti\u1ec1n th\u00ec c\u1ed1 g\u1eafng ph\u1ea5n \u0111\u1ea5u ki\u1ebfm ti\u1ec1n, m\u1ed3 h\u00f4i v\u0129nh vi\u1ec5n c\u00f3 s\u1ee9c m\u1ea1nh h\u01a1n n\u01b0\u1edbc m\u1eaft.<br \/>\nThi\u1ebfu t\u00ecnh y\u00eau th\u00ec khi\u1ebfn b\u1ea3n th\u00e2n x\u1ee9ng \u0111\u00e1ng \u0111\u1ec3 \u0111\u01b0\u1ee3c y\u00eau ho\u1eb7c h\u1ecdc c\u00e1ch y\u00eau ng\u01b0\u1eddi kh\u00e1c tr\u01b0\u1edbc.<br \/>\nKhi b\u1ea1n h\u1ecdc \u0111\u01b0\u1ee3c c\u00e1ch \u0111\u1ed1i \u0111\u00e3i d\u1ecbu d\u00e0ng v\u1edbi n\u0103m th\u00e1ng, v\u1edbi ng\u01b0\u1eddi kh\u00e1c, b\u1ea1n t\u1ef1 nhi\u00ean s\u1ebd bi\u1ebft c\u00e1ch d\u1ecbu d\u00e0ng v\u1edbi ch\u00ednh m\u00ecnh. Ng\u01b0\u1eddi mang tr\u00e1i tim tr\u00e0n \u0111\u1ea7y t\u00ecnh y\u00eau th\u00ec trong m\u1eaft \u0111\u1ec1u l\u00e0 nh\u1eefng \u0111i\u1ec1u t\u1ed1t \u0111\u1eb9p.<br \/>\nTr\u00edch: L\u00e0m sao \u0111\u1ec3 t\u1ed3n t\u1ea1i gi\u1eefa th\u1eddi \u0111\u1ea1i chu\u1ed9ng nhan s\u1eafc<br \/>\nCu\u1ed1n s\u00e1ch gi\u00fap b\u1ea1n t\u00ecm th\u1ea5y V\u1eba \u0110\u1eb8P \u0110\u00cdCH TH\u1ef0C trong th\u1eddi \u0111\u1ea1i 4.0  <div class=\"banner-grid-wrapper\">\n  <div id=\"banner-grid-1679683151\" class=\"banner-grid row row-grid row-small\" data-packery-options=\"\">\n            <style>\n    #banner-grid-1679683151 .grid-col-1{height: 600px}\n    #banner-grid-1679683151 .grid-col-1-2{height: 300px}\n    #banner-grid-1679683151 .grid-col-1-3{height:200px}\n    #banner-grid-1679683151 .grid-col-2-3{height: 400px}\n    #banner-grid-1679683151 .grid-col-1-4{height: 150px}\n    #banner-grid-1679683151 .grid-col-3-4{height: 450px}\n\n\n        \/* Tablet *\/\n    @media (max-width: 850px){\n      #banner-grid-1679683151 .grid-col-1{height: 400px}\n      #banner-grid-1679683151 .grid-col-1-2{height: 200px}\n      #banner-grid-1679683151 .grid-col-1-3{height:133.33333333333px}\n      #banner-grid-1679683151 .grid-col-2-3{height: 266.66666666667px}\n      #banner-grid-1679683151 .grid-col-1-4{height: 100px}\n      #banner-grid-1679683151 .grid-col-3-4{height: 300px}\n    }\n    \n        \/* Mobile *\/\n    @media (max-width: 550px){\n      #banner-grid-1679683151 .grid-col-1{height: 400px}\n      #banner-grid-1679683151 .grid-col-1-2{height: 200px}\n      #banner-grid-1679683151 .grid-col-1-3{height:133.33333333333px}\n      #banner-grid-1679683151 .grid-col-2-3{height: 266.66666666667px}\n      #banner-grid-1679683151 .grid-col-1-4{height: 100px}\n      #banner-grid-1679683151 .grid-col-3-4{height: 300px}\n    }\n    \n\n  <\/style>\n    <\/div>\n    <style>\n    #banner-grid-1679683151 .grid-col-1{height: 600px}\n    #banner-grid-1679683151 .grid-col-1-2{height: 300px}\n    #banner-grid-1679683151 .grid-col-1-3{height:200px}\n    #banner-grid-1679683151 .grid-col-2-3{height: 400px}\n    #banner-grid-1679683151 .grid-col-1-4{height: 150px}\n    #banner-grid-1679683151 .grid-col-3-4{height: 450px}\n\n\n    \n    \n\n  <\/style>\n    <\/div>\n  \n","protected":false},"excerpt":{"rendered":"<p>La\u0300m Sao \u0110\u00ea\u0309 T\u00f4\u0300n Ta\u0323i Gi\u01b0\u0303a Th\u01a1\u0300i \u0110a\u0323i Chu\u00f4\u0323ng Nhan S\u0103\u0301c?<\/p>\n<p>\u0110a\u0303 bao gi\u01a1\u0300 ba\u0323n t\u01b0\u0323 ho\u0309i: \u201cTrong th\u00ea\u0301 gi\u01a1\u0301i hi\u00ea\u0323n \u0111a\u0323i h\u00f4m nay, li\u00ea\u0323u nhan s\u0103\u0301c th\u01b0\u0323c s\u01b0\u0323 co\u0301 pha\u0309i la\u0300 m\u00f4\u0323t th\u01b0\u01a1\u0301c \u0111o cho s\u01b0\u0323 tha\u0300nh c\u00f4ng cu\u0309a m\u00f4\u0323t con ng\u01b0\u01a1\u0300i?\u201d B\u01a1\u0309i ngay ca\u0309 trong nh\u01b0\u0303ng c\u00e2u chuy\u00ea\u0323n c\u00f4\u0309 ti\u0301ch, vi\u0323t con x\u00e2\u0301u xi\u0301 cu\u0303ng \u0111a\u0303 ho\u0301a thi\u00ean nga, nh\u01b0 m\u00f4\u0323t s\u01b0\u0323 kh\u0103\u0309ng \u0111i\u0323nh nhan s\u0103\u0301c chi\u0301nh la\u0300 mo\u0301n qua\u0300 cho mo\u0323i n\u00f4\u0303 l\u01b0\u0323c c\u00f4\u0301 g\u0103\u0301ng cu\u0309a ba\u0323n.<\/p>\n<p>N\u00ea\u0301u ba\u0323n la\u0300 m\u00f4\u0323t ng\u01b0\u01a1\u0300i thi\u00ea\u0301u may m\u0103\u0301n ch\u01b0a co\u0301 \u0111\u01b0\u01a1\u0323c nhan s\u0103\u0301c n\u00f4\u0309i b\u00e2\u0323t, v\u00e2\u0323y chu\u0301ng ta se\u0303 la\u0300m th\u00ea\u0301 na\u0300o \u0111\u00ea\u0309 t\u00f4\u0300n ta\u0323i \u0111\u01b0\u01a1\u0323c gi\u01b0\u0303a th\u01a1\u0300i \u0111a\u0323i na\u0300y? B\u0103\u0300ng v\u0103n phong nhe\u0323 nha\u0300ng, s\u00e2u l\u0103\u0301ng, \u201cLa\u0300m th\u00ea\u0301 na\u0300o \u0111\u00ea\u0309 t\u00f4\u0300n ta\u0323i trong th\u01a1\u0300i \u0111a\u0323i chu\u00f4\u0323ng nhan s\u0103\u0301c\u201d chi\u0301nh la\u0300 m\u00f4\u0323t chi\u00ea\u0301c chi\u0300a kho\u0301a, giu\u0301p ba\u0323n th\u01b0\u0301c ti\u0309nh la\u0323i nh\u00e2\u0323n th\u01b0\u0301c, la\u0300m m\u01a1\u0301i la\u0323i t\u01b0 duy va\u0300 \u0111em \u0111\u00ea\u0301n cho ba\u0323n m\u00f4\u0323t go\u0301c nhi\u0300n hoa\u0300n toa\u0300n kha\u0301c v\u00ea\u0300 quan ni\u00ea\u0323m ca\u0301i \u0111e\u0323p trong th\u01a1\u0300i \u0111a\u0323i 4.0.<\/p>\n<p>Sinh ra xinh \u0111\u1eb9p kh\u00f4ng b\u1eb1ng \u201cngh\u0129 \u0111\u1eb9p\u201d. Ch\u1ec9 c\u1ea7n ch\u00fang ta c\u00f3 \u0111\u1ee7 t\u1ef1 tin, ch\u00fang ta c\u00f3 th\u1ec3 thi\u1ebft k\u1ebf cu\u1ed9c s\u1ed1ng c\u1ee7a ch\u00ednh m\u00ecnh, l\u00e0m \u0111\u1ea1o di\u1ec5n cho cu\u1ed9c \u0111\u1eddi m\u00ecnh. Kh\u00f4ng xinh \u0111e\u0323p ba\u0323n v\u00e2\u0303n co\u0301 th\u00ea\u0309 tha\u0300nh c\u00f4ng, kh\u00f4ng xinh \u0111e\u0323p ba\u0323n v\u00e2\u0303n co\u0301 th\u00ea\u0309 ha\u0323nh phu\u0301c.Quan tro\u0323ng la\u0300 ba\u0323n \u0111i\u0323nh nghi\u0303a nh\u01b0 th\u00ea\u0301 na\u0300o v\u00ea\u0300 ca\u0301i \u0111e\u0323p, ha\u0303y kha\u0301m pha\u0301 bi\u0301 quy\u00ea\u0301t \u0111\u00ea\u0309 tuy kh\u00f4ng pha\u0309i la\u0300 ng\u01b0\u01a1\u0300i \u0111e\u0323p nh\u00e2\u0301t, nh\u01b0ng ch\u0103\u0301c ch\u0103\u0301n se\u0303 tr\u01a1\u0309 tha\u0300nh duy nh\u00e2\u0301t th\u00f4ng qua cu\u00f4\u0301n sa\u0301ch na\u0300y.<\/p>\n","protected":false},"featured_media":2811,"template":"","meta":{"_acf_changed":false},"product_brand":[],"product_cat":[15,46],"product_tag":[],"class_list":{"0":"post-2816","1":"product","2":"type-product","3":"status-publish","4":"has-post-thumbnail","6":"product_cat-sach-danh-cho-nguoi-lon","7":"product_cat-ky-nang-song","9":"first","10":"outofstock","11":"taxable","12":"shipping-taxable","13":"purchasable","14":"product-type-simple"},"supplier_id":null,"supplier_sku":"","barcode":null,"atum_controlled":true,"out_stock_date":"2021-03-01 23:34:35","out_stock_threshold":null,"inheritable":false,"inbound_stock":0,"stock_on_hold":0,"sold_today":0,"sales_last_days":0,"reserved_stock":0,"customer_returns":0,"warehouse_damage":0,"lost_in_post":0,"other_logs":0,"out_stock_days":1793,"lost_sales":0,"has_location":false,"update_date":"2026-01-28T23:10:32","atum_locations":[],"atum_stock_status":"outofstock","restock_status":false,"low_stock_amount":"","sales_update_date":"2026-01-28T23:10:32","calc_backorders":null,"acf":{"publisher":{"ID":1785,"post_author":"1","post_date":"2021-02-17 01:54:46","post_date_gmt":"2021-02-16 23:54:46","post_content":"<!-- wp:flatsome\/uxbuilder -->\n<h1 style=\"text-align: center;\"><strong>AZ VIETNAM<\/strong><\/h1>\n[row]\n\n[col span=\"8\" span__sm=\"12\"]\n\n<p>Th\u00e0nh l\u1eadp n\u0103m: 2015<br \/>V\u1ed1n \u0111\u1ea7u t\u01b0: 4,000,000,000 \u0111\u1ed3ng<br \/><strong>L\u0129nh v\u1ef1c:<\/strong><br \/>- Xu\u1ea5t b\u1ea3n v\u00e0 ph\u00e1t h\u00e0nh v\u0103n h\u00f3a ph\u1ea9m<br \/>- Cung c\u1ea5p v\u0103n h\u00f3a ph\u1ea9m, c\u00e1c s\u1ea3n ph\u1ea9m cho in \u1ea5n, trang thi\u1ebft b\u1ecb cho c\u00e1c th\u01b0 vi\u1ec7n v\u00e0 trung t\u00e2m s\u00e1ch tr\u00ean c\u1ea3 n\u01b0\u1edbc.<br \/>- Th\u1eddi trang v\u00e0 c\u00e1c s\u1ea3n ph\u1ea9m li\u00ean quan \u0111\u1ebfn l\u0129nh v\u1ef1c th\u1eddi trang<br \/>- Xu\u1ea5t nh\u1eadp kh\u1ea9u c\u00e1c s\u1ea3n ph\u1ea9m v\u0103n h\u00f3a<\/p>\n<p><strong>Quy m\u00f4:<\/strong> 60 nh\u00e2n vi\u00ean<br \/>Kh\u1edfi ngu\u1ed3n c\u1ee7a AZ Vi\u1ec7t Nam ng\u00e0y nay l\u00e0 C\u00f4ng ty TNHH Trung t\u00e2m S\u00e1ch v\u00e0 Thi\u1ebft b\u1ecb Th\u01b0 vi\u1ec7n, v\u1edbi ho\u1ea1t \u0111\u1ed9ng \u0111\u1ea7u ti\u00ean l\u00e0 cung c\u1ea5p s\u00e1ch, trang thi\u1ebft b\u1ecb, v\u0103n h\u00f3a ph\u1ea9m cho c\u00e1c th\u01b0 vi\u1ec7n v\u00e0 trung t\u00e2m s\u00e1ch tr\u00ean c\u1ea3 n\u01b0\u1edbc. T\u1eeb cu\u1ed1i n\u0103m 2010 \u0111\u1ebfn nay, ch\u00fang t\u00f4i \u0111\u00e3 kh\u00f4ng ng\u1eebng n\u1ed7 l\u1ef1c khai ph\u00e1 v\u00e0 ph\u00e1t tri\u1ec3n c\u00e1c d\u00f2ng s\u1ea3n ph\u1ea9m m\u1edbi v\u1edbi 8 th\u01b0\u01a1ng hi\u1ec7u uy t\u00edn. \u0110\u1ec3 \u0111\u00e1p \u1ee9ng nhu c\u1ea7u ph\u00e1t tri\u1ec3n ng\u00e0y m\u1ed9t l\u1edbn m\u1ea1nh v\u00e0 t\u1eadp h\u1ee3p c\u00e1c th\u01b0\u01a1ng hi\u1ec7u \u0111\u00e3 \u0111\u01b0\u1ee3c ch\u00fang t\u00f4i x\u00e2y d\u1ef1ng, 2015 C\u00f4ng ty TNHH AZ Vi\u1ec7t Nam \u0111\u00e3 ra \u0111\u1eddi v\u1edbi s\u1ee9 m\u1ec7nh mang \u0111\u1ebfn nhi\u1ec1u h\u01a1n n\u1eefa nh\u1eefng gi\u00e1 tr\u1ecb tinh th\u1ea7n, tri th\u1ee9c ti\u00ean ti\u1ebfn cho ng\u01b0\u1eddi ti\u00eau d\u00f9ng b\u1eb1ng vi\u1ec7c cung c\u1ea5p nh\u1eefng s\u1ea3n ph\u1ea9m c\u00f3 ch\u1ea5t l\u01b0\u1ee3ng.<\/p>\n\n[\/col]\n[col span=\"4\" span__sm=\"12\"]\n\n[ux_image id=\"1836\" image_size=\"medium\"]\n\n\n[\/col]\n\n[\/row]\n\n<!-- \/wp:flatsome\/uxbuilder -->","post_title":"AZ Vi\u1ec7t Nam","post_excerpt":"","post_status":"publish","comment_status":"closed","ping_status":"closed","post_password":"","post_name":"az-viet-nam","to_ping":"","pinged":"","post_modified":"2021-02-17 22:07:10","post_modified_gmt":"2021-02-17 20:07:10","post_content_filtered":"","post_parent":0,"guid":"https:\/\/sachviet.eu\/nha-phat-hanh\/az-viet-nam\/","menu_order":0,"post_type":"publisher","post_mime_type":"","comment_count":"0","filter":"raw"}},"_links":{"self":[{"href":"https:\/\/sachviet.eu\/en\/wp-json\/wp\/v2\/product\/2816","targetHints":{"allow":["GET"]}}],"collection":[{"href":"https:\/\/sachviet.eu\/en\/wp-json\/wp\/v2\/product"}],"about":[{"href":"https:\/\/sachviet.eu\/en\/wp-json\/wp\/v2\/types\/product"}],"wp:featuredmedia":[{"embeddable":true,"href":"https:\/\/sachviet.eu\/en\/wp-json\/wp\/v2\/media\/2811"}],"wp:attachment":[{"href":"https:\/\/sachviet.eu\/en\/wp-json\/wp\/v2\/media?parent=2816"}],"wp:term":[{"taxonomy":"product_brand","embeddable":true,"href":"https:\/\/sachviet.eu\/en\/wp-json\/wp\/v2\/product_brand?post=2816"},{"taxonomy":"product_cat","embeddable":true,"href":"https:\/\/sachviet.eu\/en\/wp-json\/wp\/v2\/product_cat?post=2816"},{"taxonomy":"product_tag","embeddable":true,"href":"https:\/\/sachviet.eu\/en\/wp-json\/wp\/v2\/product_tag?post=2816"}],"curies":[{"name":"wp","href":"https:\/\/api.w.org\/{rel}","templated":true}]}}