{"id":2807,"date":"2021-02-27T00:00:14","date_gmt":"2021-02-26T22:00:14","guid":{"rendered":"https:\/\/sachviet.eu\/shop\/thoi-ca-voi-biet-di\/"},"modified":"2021-07-10T17:01:08","modified_gmt":"2021-07-10T14:01:08","slug":"thoi-ca-voi-biet-di","status":"publish","type":"product","link":"https:\/\/sachviet.eu\/en\/shop\/thoi-ca-voi-biet-di\/","title":{"rendered":"Th\u1eddi C\u00e1 Voi Bi\u1ebft \u0110i"},"content":{"rendered":"<p>Sau khi \u0111\u1ecdc xong cu\u1ed1n &#8220;Sao con \u0111\u1ebfn \u0111\u01b0\u1ee3c \u0111\u00e2y hay v\u1eady?&#8221;, c\u00f3 l\u1ebd c\u00e1c b\u1ea1n nh\u1ecf s\u1ebd b\u1eaft \u0111\u1ea7u n\u1ea3y ra th\u1eafc m\u1eafc v\u00ec sao c\u00f3 nh\u1eefng \u0111\u1ed9ng v\u1eadt s\u1ed1ng tr\u00ean c\u1ea1n, d\u01b0\u1edbi bi\u1ec3n hay bay tr\u00ean tr\u1eddi, v\u00ec sao c\u00e1 voi v\u1edbi c\u00e1 heo kh\u00f4ng ph\u1ea3i c\u00e1 m\u00e0 v\u1eabn s\u1ed1ng d\u01b0\u1edbi bi\u1ec3n gi\u1ed1ng c\u00e1 m\u1eadp, lo\u00e0i kh\u1ee7ng long t\u1eebng th\u1ed1ng tr\u1ecb Th\u1ebf gi\u1edbi c\u00f3 th\u1eadt s\u1ef1 tuy\u1ec7t ch\u1ee7ng hay kh\u00f4ng&#8230; Th\u1eddi c\u00e1 voi bi\u1ebft \u0111i s\u1ebd l\u00e0 m\u1ed9t cu\u1ed1n s\u00e1ch tuy\u1ec7t v\u1eddi, kh\u00f4ng ch\u1ec9 tr\u1ea3 l\u1eddi nh\u1eefng c\u00e2u h\u1ecfi \u0111\u00f3 m\u00e0 c\u00f2n gi\u1edbi thi\u1ec7u cho tr\u1ebb bi\u1ebft th\u00eam nhi\u1ec1u h\u00e0nh tr\u00ecnh ti\u1ebfn h\u00f3a di\u1ec7u k\u00ec kh\u00e1c c\u1ee7a th\u1ebf gi\u1edbi \u0111\u1ed9ng v\u1eadt t\u1eeb thu\u1edf s\u01a1 khai c\u1ee7a Tr\u00e1i \u0111\u1ea5t.<br \/>\nC\u00e1c lo\u00e0i \u0111\u1ed9ng v\u1eadt kh\u00f4ng ph\u1ea3i l\u00fac n\u00e0o tr\u00f4ng c\u0169ng gi\u1ed1ng nh\u01b0 nh\u1eefng g\u00ec ch\u00fang ta nh\u00ecn th\u1ea5y b\u00e2y gi\u1edd. B\u00e9 c\u00f3 bi\u1ebft, c\u00e1 voi t\u1eebng b\u01b0\u1edbc \u0111i tr\u00ean m\u1eb7t \u0111\u1ea5t, r\u1eafn t\u1eebng di chuy\u1ec3n b\u1eb1ng ch\u00e2n thay v\u00ec tr\u01b0\u1eddn b\u00f2, t\u00ea gi\u00e1c t\u1eebng cao b\u1eb1ng h\u01b0\u01a1u cao c\u1ed5 v\u00e0 n\u1eb7ng b\u1eb1ng m\u1ed9t chi\u1ebfc xe bu\u00fdt, hay voi t\u1eebng ch\u1ec9 cao ch\u01b0a \u0111\u1ebfn 30cm. S\u00e1ch c\u0169ng gi\u1edbi thi\u1ec7u v\u1ec1 tr\u1ed7i d\u1eady v\u00e0 th\u00edch nghi phi th\u01b0\u1eddng c\u1ee7a lo\u00e0i linh tr\u01b0\u1edfng \u0111\u1ec3 tr\u1edf th\u00e0nh gi\u1ed1ng ng\u01b0\u1eddi tinh kh\u00f4n Homo sapiens nh\u01b0 ch\u00fang ta ng\u00e0y nay. S\u1ef1 ti\u1ebfn h\u00f3a di\u1ec5n ra ch\u1eadm \u0111\u1ebfn n\u1ed7i ta kh\u00f4ng th\u1ec3 th\u1ea5y n\u00f3 di\u1ec5n ra, nh\u01b0ng n\u00f3 kh\u00f4ng d\u1eebng l\u1ea1i \u1edf nh\u1eefng g\u00ec ch\u00fang ta \u0111ang th\u1ea5y m\u00e0 s\u1ebd li\u00ean t\u1ee5c bi\u1ebfn \u0111\u1ed5i \u0111\u1ec3 th\u00edch nghi v\u1edbi \u0111i\u1ec1u ki\u1ec7n s\u1ed1ng m\u1edbi, c\u00f3 th\u1ec3 do t\u1ef1 nhi\u00ean t\u1ea1o ra m\u00e0 c\u0169ng c\u00f3 th\u1ec3 do ho\u1ea1t \u0111\u1ed9ng c\u1ee7a con ng\u01b0\u1eddi.<br \/>\n\u0110\u1ecdc s\u00e1ch \u0111\u1ec3 hi\u1ec3u v\u1ec1 l\u1ecbch s\u1eed ph\u00e1t tri\u1ec3n, ti\u1ebfn h\u00f3a cho \u0111\u1ebfn di\u1ec7t vong c\u1ee7a c\u00e1c gi\u1ed1ng lo\u00e0i, bi\u1ebft \u0111\u00e2u ch\u00fang ta c\u00f3 th\u1ec3 ng\u0103n ch\u1eb7n cu\u1ed9c \u0111\u1ea1i tuy\u1ec7t ch\u1ee7ng l\u1ea7n n\u00e0y do con ng\u01b0\u1eddi g\u00e2y ra. M\u00ecnh tin r\u1eb1ng v\u1edbi nhi\u1ec1u h\u00ecnh minh h\u1ecda sinh \u0111\u1ed9ng c\u00f9ng ki\u1ebfn th\u1ee9c khoa h\u1ecdc, Th\u1eddi c\u00e1 voi bi\u1ebft \u0111i kh\u00f4ng ch\u1ec9 gi\u00fap t\u0103ng v\u1ed1n t\u1eeb cho tr\u1ebb m\u00e0 c\u00f2n \u0111em \u0111\u1ebfn th\u00f4ng tin b\u1ed5 \u00edch cho c\u1ea3 ban \u0111\u1ecdc l\u1edbn v\u00e0 nh\u1ecf trong nh\u00e0.  <div class=\"banner-grid-wrapper\">\n  <div id=\"banner-grid-1306098935\" class=\"banner-grid row row-grid row-small\" data-packery-options=\"\">\n            <style>\n    #banner-grid-1306098935 .grid-col-1{height: 600px}\n    #banner-grid-1306098935 .grid-col-1-2{height: 300px}\n    #banner-grid-1306098935 .grid-col-1-3{height:200px}\n    #banner-grid-1306098935 .grid-col-2-3{height: 400px}\n    #banner-grid-1306098935 .grid-col-1-4{height: 150px}\n    #banner-grid-1306098935 .grid-col-3-4{height: 450px}\n\n\n        \/* Tablet *\/\n    @media (max-width: 850px){\n      #banner-grid-1306098935 .grid-col-1{height: 400px}\n      #banner-grid-1306098935 .grid-col-1-2{height: 200px}\n      #banner-grid-1306098935 .grid-col-1-3{height:133.33333333333px}\n      #banner-grid-1306098935 .grid-col-2-3{height: 266.66666666667px}\n      #banner-grid-1306098935 .grid-col-1-4{height: 100px}\n      #banner-grid-1306098935 .grid-col-3-4{height: 300px}\n    }\n    \n        \/* Mobile *\/\n    @media (max-width: 550px){\n      #banner-grid-1306098935 .grid-col-1{height: 400px}\n      #banner-grid-1306098935 .grid-col-1-2{height: 200px}\n      #banner-grid-1306098935 .grid-col-1-3{height:133.33333333333px}\n      #banner-grid-1306098935 .grid-col-2-3{height: 266.66666666667px}\n      #banner-grid-1306098935 .grid-col-1-4{height: 100px}\n      #banner-grid-1306098935 .grid-col-3-4{height: 300px}\n    }\n    \n\n  <\/style>\n    <\/div>\n    <style>\n    #banner-grid-1306098935 .grid-col-1{height: 600px}\n    #banner-grid-1306098935 .grid-col-1-2{height: 300px}\n    #banner-grid-1306098935 .grid-col-1-3{height:200px}\n    #banner-grid-1306098935 .grid-col-2-3{height: 400px}\n    #banner-grid-1306098935 .grid-col-1-4{height: 150px}\n    #banner-grid-1306098935 .grid-col-3-4{height: 450px}\n\n\n    \n    \n\n  <\/style>\n    <\/div>\n  \n","protected":false},"excerpt":{"rendered":"<p>C\u00e1c b\u1ea1n nh\u1ecf c\u00f3 bi\u1ebft th\u1eddi c\u00e1 voi bi\u1ebft \u0111i, th\u1eddi b\u00f2 s\u00e1t m\u1ecdc ra \u0111\u00f4i c\u00e1nh hay th\u1eddi m\u00e0 r\u1eafn c\u00f2n ch\u00e2n?<br \/>\nD\u1ef1a tr\u00ean v\u1ebft t\u00edch ho\u00e1 th\u1ea1ch c\u1ee7a c\u00e1c lo\u00e0i \u0111\u1ed9ng v\u1eadt c\u00f3 l\u1ecbch s\u1eed h\u00e0ng tr\u0103m tri\u1ec7u n\u0103m tr\u01b0\u1edbc m\u00e0 ch\u00fang ta c\u00f3 th\u1ec3 ph\u00e1t hi\u1ec7n ra nh\u1eefng \u0111i\u1ec1u k\u1ef3 di\u1ec7u. H\u00e3y c\u00f9ng kh\u00e1m ph\u00e1 \u0111\u1ec3 tim hi\u1ec3u v\u1ec1 s\u1ef1 ph\u00e1t tri\u1ec3n, ti\u1ebfn ho\u00e1 cho \u0111\u1ebfn khi b\u1ecb di\u1ec7t vong c\u1ee7a c\u00e1c gi\u1ed1ng lo\u00e0i. V\u00e0 trong \u0111\u00f3 c\u00f3 c\u1ea3 ch\u00ednh ch\u00fang ta &#8211; con ng\u01b0\u1eddi<\/p>\n","protected":false},"featured_media":2798,"template":"","meta":{"_acf_changed":false},"product_brand":[],"product_cat":[25,17,26],"product_tag":[],"class_list":{"0":"post-2807","1":"product","2":"type-product","3":"status-publish","4":"has-post-thumbnail","6":"product_cat-nhi-dong-6-tuoi-12-tuoi","7":"product_cat-sach-danh-cho-cac-be","8":"product_cat-thieu-nien-11-tuoi-18-tuoi","10":"first","11":"outofstock","12":"taxable","13":"shipping-taxable","14":"purchasable","15":"product-type-simple"},"supplier_id":null,"supplier_sku":"","barcode":null,"atum_controlled":true,"out_stock_date":"2021-07-10 14:01:08","out_stock_threshold":null,"inheritable":false,"inbound_stock":0,"stock_on_hold":0,"sold_today":0,"sales_last_days":0,"reserved_stock":0,"customer_returns":0,"warehouse_damage":0,"lost_in_post":0,"other_logs":0,"out_stock_days":1663,"lost_sales":0,"has_location":false,"update_date":"2026-01-28T23:10:32","atum_locations":[],"atum_stock_status":"outofstock","restock_status":false,"low_stock_amount":"","sales_update_date":"2026-01-28T23:10:32","calc_backorders":null,"acf":{"publisher":{"ID":1472,"post_author":"1","post_date":"2021-02-17 01:12:50","post_date_gmt":"2021-02-16 23:12:50","post_content":"","post_title":"Huy Ho\u00e0ng Bookstore","post_excerpt":"","post_status":"publish","comment_status":"closed","ping_status":"closed","post_password":"","post_name":"huy-hoang-bookstore","to_ping":"","pinged":"","post_modified":"2021-02-17 01:12:50","post_modified_gmt":"2021-02-16 23:12:50","post_content_filtered":"","post_parent":0,"guid":"https:\/\/sachviet.eu\/nha-phat-hanh\/huy-hoang-bookstore\/","menu_order":0,"post_type":"publisher","post_mime_type":"","comment_count":"0","filter":"raw"}},"_links":{"self":[{"href":"https:\/\/sachviet.eu\/en\/wp-json\/wp\/v2\/product\/2807","targetHints":{"allow":["GET"]}}],"collection":[{"href":"https:\/\/sachviet.eu\/en\/wp-json\/wp\/v2\/product"}],"about":[{"href":"https:\/\/sachviet.eu\/en\/wp-json\/wp\/v2\/types\/product"}],"wp:featuredmedia":[{"embeddable":true,"href":"https:\/\/sachviet.eu\/en\/wp-json\/wp\/v2\/media\/2798"}],"wp:attachment":[{"href":"https:\/\/sachviet.eu\/en\/wp-json\/wp\/v2\/media?parent=2807"}],"wp:term":[{"taxonomy":"product_brand","embeddable":true,"href":"https:\/\/sachviet.eu\/en\/wp-json\/wp\/v2\/product_brand?post=2807"},{"taxonomy":"product_cat","embeddable":true,"href":"https:\/\/sachviet.eu\/en\/wp-json\/wp\/v2\/product_cat?post=2807"},{"taxonomy":"product_tag","embeddable":true,"href":"https:\/\/sachviet.eu\/en\/wp-json\/wp\/v2\/product_tag?post=2807"}],"curies":[{"name":"wp","href":"https:\/\/api.w.org\/{rel}","templated":true}]}}