{"id":2797,"date":"2021-02-26T23:59:52","date_gmt":"2021-02-26T21:59:52","guid":{"rendered":"https:\/\/sachviet.eu\/shop\/khi-chung-ta-thanh-nguoi\/"},"modified":"2021-06-14T20:43:45","modified_gmt":"2021-06-14T17:43:45","slug":"khi-chung-ta-thanh-nguoi","status":"publish","type":"product","link":"https:\/\/sachviet.eu\/en\/shop\/khi-chung-ta-thanh-nguoi\/","title":{"rendered":"Khi Ch\u00fang Ta Th\u00e0nh Ng\u01b0\u1eddi"},"content":{"rendered":"<p>C\u00e1c b\u00e9 c\u00f3 bi\u1ebft \u0111i\u1ec1u g\u00ec bi\u1ebfn ch\u00fang ta th\u00e0nh con ng\u01b0\u1eddi? Ch\u00fang ta \u0111\u1ebfn t\u1eeb \u0111\u00e2u? Con ng\u01b0\u1eddi \u0111\u00e3 ti\u1ebfn ho\u00e1 nh\u01b0 th\u1ebf n\u00e0o?<br \/>\nH\u00e3y ng\u01b0\u1ee3c d\u00f2ng th\u1eddi gian \u0111\u1ec3 kh\u00e1m ph\u00e1 xem m\u1ed9t lo\u00e0i kh\u1ec9 kh\u00f4ng \u0111u\u00f4i tinh kh\u00f4n \u0111\u00e3 r\u1eddi kh\u1ecfi cu\u1ed9c s\u1ed1ng tr\u00ean c\u00e2y, thay \u0111\u1ed5i th\u1ebf gi\u1edbi theo c\u00e1ch m\u00e0 ch\u01b0a c\u00f3 sinh v\u1eadt n\u00e0o l\u00e0m \u0111\u01b0\u1ee3c tr\u01b0\u1edbc n\u00f3.<br \/>\nH\u00e3y t\u00ecm hi\u1ec3u c\u00e2u chuy\u1ec7n v\u1ec1 ngu\u1ed3n g\u1ed1c c\u1ee7a ch\u00fang ta v\u00e0 g\u1eb7p g\u1ee1 m\u1ed9t s\u1ed1 gi\u1ed1ng lo\u00e0i c\u1ed1t y\u1ebfu trong l\u1ecbch s\u1eed lo\u00e0i ng\u01b0\u1eddi.<\/p>\n","protected":false},"excerpt":{"rendered":"<p>C\u00e1c b\u00e9 c\u00f3 bi\u1ebft \u0111i\u1ec1u g\u00ec bi\u1ebfn ch\u00fang ta th\u00e0nh con ng\u01b0\u1eddi? Ch\u00fang ta \u0111\u1ebfn t\u1eeb \u0111\u00e2u? Con ng\u01b0\u1eddi \u0111\u00e3 ti\u1ebfn ho\u00e1 nh\u01b0 th\u1ebf n\u00e0o?<br \/>\nH\u00e3y ng\u01b0\u1ee3c d\u00f2ng th\u1eddi gian \u0111\u1ec3 kh\u00e1m ph\u00e1 xem m\u1ed9t lo\u00e0i kh\u1ec9 kh\u00f4ng \u0111u\u00f4i tinh kh\u00f4n \u0111\u00e3 r\u1eddi kh\u1ecfi cu\u1ed9c s\u1ed1ng tr\u00ean c\u00e2y, thay \u0111\u1ed5i th\u1ebf gi\u1edbi theo c\u00e1ch m\u00e0 ch\u01b0a c\u00f3 sinh v\u1eadt n\u00e0o l\u00e0m \u0111\u01b0\u1ee3c tr\u01b0\u1edbc n\u00f3.<br \/>\nH\u00e3y t\u00ecm hi\u1ec3u c\u00e2u chuy\u1ec7n v\u1ec1 ngu\u1ed3n g\u1ed1c c\u1ee7a ch\u00fang ta v\u00e0 g\u1eb7p g\u1ee1 m\u1ed9t s\u1ed1 gi\u1ed1ng lo\u00e0i c\u1ed1t y\u1ebfu trong l\u1ecbch s\u1eed lo\u00e0i ng\u01b0\u1eddi.<\/p>\n","protected":false},"featured_media":2794,"template":"","meta":{"_acf_changed":false},"product_brand":[],"product_cat":[25,17,26],"product_tag":[],"class_list":{"0":"post-2797","1":"product","2":"type-product","3":"status-publish","4":"has-post-thumbnail","6":"product_cat-nhi-dong-6-tuoi-12-tuoi","7":"product_cat-sach-danh-cho-cac-be","8":"product_cat-thieu-nien-11-tuoi-18-tuoi","10":"first","11":"outofstock","12":"taxable","13":"shipping-taxable","14":"purchasable","15":"product-type-simple"},"supplier_id":null,"supplier_sku":"","barcode":null,"atum_controlled":true,"out_stock_date":"2021-06-13 09:34:21","out_stock_threshold":null,"inheritable":false,"inbound_stock":0,"stock_on_hold":0,"sold_today":0,"sales_last_days":0,"reserved_stock":0,"customer_returns":0,"warehouse_damage":0,"lost_in_post":0,"other_logs":0,"out_stock_days":1690,"lost_sales":0,"has_location":false,"update_date":"2026-01-28T23:10:32","atum_locations":[],"atum_stock_status":"outofstock","restock_status":false,"low_stock_amount":"","sales_update_date":"2026-01-28T23:10:32","calc_backorders":null,"acf":{"publisher":{"ID":1472,"post_author":"1","post_date":"2021-02-17 01:12:50","post_date_gmt":"2021-02-16 23:12:50","post_content":"","post_title":"Huy Ho\u00e0ng Bookstore","post_excerpt":"","post_status":"publish","comment_status":"closed","ping_status":"closed","post_password":"","post_name":"huy-hoang-bookstore","to_ping":"","pinged":"","post_modified":"2021-02-17 01:12:50","post_modified_gmt":"2021-02-16 23:12:50","post_content_filtered":"","post_parent":0,"guid":"https:\/\/sachviet.eu\/nha-phat-hanh\/huy-hoang-bookstore\/","menu_order":0,"post_type":"publisher","post_mime_type":"","comment_count":"0","filter":"raw"}},"_links":{"self":[{"href":"https:\/\/sachviet.eu\/en\/wp-json\/wp\/v2\/product\/2797","targetHints":{"allow":["GET"]}}],"collection":[{"href":"https:\/\/sachviet.eu\/en\/wp-json\/wp\/v2\/product"}],"about":[{"href":"https:\/\/sachviet.eu\/en\/wp-json\/wp\/v2\/types\/product"}],"wp:featuredmedia":[{"embeddable":true,"href":"https:\/\/sachviet.eu\/en\/wp-json\/wp\/v2\/media\/2794"}],"wp:attachment":[{"href":"https:\/\/sachviet.eu\/en\/wp-json\/wp\/v2\/media?parent=2797"}],"wp:term":[{"taxonomy":"product_brand","embeddable":true,"href":"https:\/\/sachviet.eu\/en\/wp-json\/wp\/v2\/product_brand?post=2797"},{"taxonomy":"product_cat","embeddable":true,"href":"https:\/\/sachviet.eu\/en\/wp-json\/wp\/v2\/product_cat?post=2797"},{"taxonomy":"product_tag","embeddable":true,"href":"https:\/\/sachviet.eu\/en\/wp-json\/wp\/v2\/product_tag?post=2797"}],"curies":[{"name":"wp","href":"https:\/\/api.w.org\/{rel}","templated":true}]}}