{"id":2777,"date":"2021-02-26T23:58:43","date_gmt":"2021-02-26T21:58:43","guid":{"rendered":"https:\/\/sachviet.eu\/shop\/nhat-trinh-phi-thuong-cua-nhung-dieu-binh-thuong\/"},"modified":"2024-12-29T10:24:59","modified_gmt":"2024-12-29T08:24:59","slug":"nhat-trinh-phi-thuong-cua-nhung-dieu-binh-thuong","status":"publish","type":"product","link":"https:\/\/sachviet.eu\/en\/shop\/nhat-trinh-phi-thuong-cua-nhung-dieu-binh-thuong\/","title":{"rendered":"Nh\u1eadt Tr\u00ecnh Phi Th\u01b0\u1eddng C\u1ee7a Nh\u1eefng \u0110i\u1ec1u B\u00ecnh Th\u01b0\u1eddng"},"content":{"rendered":"<p>V\u00ec sao khi b\u1ea1n nh\u1ea5n c\u00f4ng t\u1eafc, \u0111\u00e8n s\u1ebd s\u00e1ng l\u00ean? \u0110i\u1ec1u g\u00ec \u0111\u00e3 x\u1ea3y ra khi b\u1ea1n g\u1ecdi m\u1ed9t cu\u1ed9c \u0111i\u1ec7n tho\u1ea1i? Nh\u1eefng trang gi\u1ea5y trong cu\u1ed1n s\u00e1ch n\u00e0y \u0111\u01b0\u1ee3c t\u1ea1o n\u00ean t\u1eeb c\u00e1i g\u00ec? Hay ch\u00ednh cu\u1ed1n s\u00e1ch n\u00e0y \u0111\u00e3 \u0111\u01b0\u1ee3c t\u1ea1o ra nh\u01b0 th\u1ebf n\u00e0o?<br \/>\nNh\u1eefng \u0111i\u1ec1u \u1ea5y v\u00e0 bao \u0111i\u1ec1u b\u00ecnh th\u01b0\u1eddng kh\u00e1c s\u1ebd \u0111\u01b0\u1ee3c \u201cb\u1eadt m\u00ed\u201d, gi\u00fap b\u1ea1n bi\u1ebft t\u1ea5t c\u1ea3 nh\u1eefng g\u00ec \u0111\u00e3 di\u1ec5n ra, k\u1ec3 c\u1ea3 quy tr\u00ecnh tr\u01b0\u1edbc khi ch\u00fang ta\u2026 \u0111\u1ecdc cu\u1ed1n s\u00e1ch \u201csi\u00eau\u201d th\u00fa v\u1ecb n\u00e0y ch\u1eb3ng h\u1ea1n!  <div class=\"banner-grid-wrapper\">\n  <div id=\"banner-grid-1522714838\" class=\"banner-grid row row-grid row-small\" data-packery-options=\"\">\n            <style>\n    #banner-grid-1522714838 .grid-col-1{height: 600px}\n    #banner-grid-1522714838 .grid-col-1-2{height: 300px}\n    #banner-grid-1522714838 .grid-col-1-3{height:200px}\n    #banner-grid-1522714838 .grid-col-2-3{height: 400px}\n    #banner-grid-1522714838 .grid-col-1-4{height: 150px}\n    #banner-grid-1522714838 .grid-col-3-4{height: 450px}\n\n\n        \/* Tablet *\/\n    @media (max-width: 850px){\n      #banner-grid-1522714838 .grid-col-1{height: 400px}\n      #banner-grid-1522714838 .grid-col-1-2{height: 200px}\n      #banner-grid-1522714838 .grid-col-1-3{height:133.33333333333px}\n      #banner-grid-1522714838 .grid-col-2-3{height: 266.66666666667px}\n      #banner-grid-1522714838 .grid-col-1-4{height: 100px}\n      #banner-grid-1522714838 .grid-col-3-4{height: 300px}\n    }\n    \n        \/* Mobile *\/\n    @media (max-width: 550px){\n      #banner-grid-1522714838 .grid-col-1{height: 400px}\n      #banner-grid-1522714838 .grid-col-1-2{height: 200px}\n      #banner-grid-1522714838 .grid-col-1-3{height:133.33333333333px}\n      #banner-grid-1522714838 .grid-col-2-3{height: 266.66666666667px}\n      #banner-grid-1522714838 .grid-col-1-4{height: 100px}\n      #banner-grid-1522714838 .grid-col-3-4{height: 300px}\n    }\n    \n\n  <\/style>\n    <\/div>\n    <style>\n    #banner-grid-1522714838 .grid-col-1{height: 600px}\n    #banner-grid-1522714838 .grid-col-1-2{height: 300px}\n    #banner-grid-1522714838 .grid-col-1-3{height:200px}\n    #banner-grid-1522714838 .grid-col-2-3{height: 400px}\n    #banner-grid-1522714838 .grid-col-1-4{height: 150px}\n    #banner-grid-1522714838 .grid-col-3-4{height: 450px}\n\n\n    \n    \n\n  <\/style>\n    <\/div>\n  \n","protected":false},"excerpt":{"rendered":"<p>V\u00ec sao khi b\u1ea1n nh\u1ea5n c\u00f4ng t\u1eafc, \u0111\u00e8n s\u1ebd s\u00e1ng l\u00ean? \u0110i\u1ec1u g\u00ec \u0111\u00e3 x\u1ea3y ra khi b\u1ea1n g\u1ecdi m\u1ed9t cu\u1ed9c \u0111i\u1ec7n tho\u1ea1i? Nh\u1eefng trang gi\u1ea5y trong cu\u1ed1n s\u00e1ch n\u00e0y \u0111\u01b0\u1ee3c t\u1ea1o n\u00ean t\u1eeb c\u00e1i g\u00ec? Hay ch\u00ednh cu\u1ed1n s\u00e1ch n\u00e0y \u0111\u00e3 \u0111\u01b0\u1ee3c t\u1ea1o ra nh\u01b0 th\u1ebf n\u00e0o?<br \/>\nNh\u1eefng \u0111i\u1ec1u \u1ea5y v\u00e0 bao \u0111i\u1ec1u b\u00ecnh th\u01b0\u1eddng kh\u00e1c s\u1ebd \u0111\u01b0\u1ee3c \u201cb\u1eadt m\u00ed\u201d, gi\u00fap b\u1ea1n bi\u1ebft t\u1ea5t c\u1ea3 nh\u1eefng g\u00ec \u0111\u00e3 di\u1ec5n ra, k\u1ec3 c\u1ea3 quy tr\u00ecnh tr\u01b0\u1edbc khi ch\u00fang ta\u2026 \u0111\u1ecdc cu\u1ed1n s\u00e1ch \u201csi\u00eau\u201d th\u00fa v\u1ecb n\u00e0y ch\u1eb3ng h\u1ea1n!<\/p>\n","protected":false},"featured_media":2772,"template":"","meta":{"_acf_changed":false},"product_brand":[],"product_cat":[25,17,26],"product_tag":[],"class_list":{"0":"post-2777","1":"product","2":"type-product","3":"status-publish","4":"has-post-thumbnail","6":"product_cat-nhi-dong-6-tuoi-12-tuoi","7":"product_cat-sach-danh-cho-cac-be","8":"product_cat-thieu-nien-11-tuoi-18-tuoi","10":"first","11":"outofstock","12":"taxable","13":"shipping-taxable","14":"purchasable","15":"product-type-simple"},"supplier_id":null,"supplier_sku":"","barcode":null,"atum_controlled":true,"out_stock_date":"2024-12-29 08:24:59","out_stock_threshold":null,"inheritable":false,"inbound_stock":0,"stock_on_hold":0,"sold_today":0,"sales_last_days":0,"reserved_stock":0,"customer_returns":0,"warehouse_damage":0,"lost_in_post":0,"other_logs":0,"out_stock_days":395,"lost_sales":0,"has_location":false,"update_date":"2026-01-28T23:11:27","atum_locations":[],"atum_stock_status":"outofstock","restock_status":false,"low_stock_amount":"","sales_update_date":"2026-01-28T23:11:27","calc_backorders":null,"acf":{"publisher":{"ID":1454,"post_author":"1","post_date":"2021-02-17 01:11:34","post_date_gmt":"2021-02-16 23:11:34","post_content":"<!-- wp:flatsome\/uxbuilder -->\n<h1 style=\"text-align: center;\"><strong>Kim \u0110\u1ed3ng<\/strong><\/h1>\n[row]\n\n[col span=\"3\" span__sm=\"12\"]\n\n[ux_image id=\"1534\" image_size=\"medium\"]\n\n\n[\/col]\n[col span=\"9\" span__sm=\"12\"]\n\n<p>Nh\u00e0 xu\u1ea5t b\u1ea3n Kim \u0110\u1ed3ng tr\u1ef1c thu\u1ed9c Trung \u01b0\u01a1ng \u0110o\u00e0n TNCS H\u1ed3 Ch\u00ed Minh l\u00e0 Nh\u00e0 xu\u1ea5t b\u1ea3n t\u1ed5ng h\u1ee3p c\u00f3 ch\u1ee9c n\u0103ng xu\u1ea5t b\u1ea3n s\u00e1ch v\u00e0 v\u0103n h\u00f3a ph\u1ea9m ph\u1ee5c v\u1ee5 thi\u1ebfu nhi v\u00e0 c\u00e1c b\u1eadc ph\u1ee5 huynh trong c\u1ea3 n\u01b0\u1edbc, qu\u1ea3ng b\u00e1 v\u00e0 gi\u1edbi thi\u1ec7u v\u0103n h\u00f3a Vi\u1ec7t Nam ra th\u1ebf gi\u1edbi.<br \/>Nh\u00e0 xu\u1ea5t b\u1ea3n c\u00f3 nhi\u1ec7m v\u1ee5 t\u1ed5 ch\u1ee9c b\u1ea3n th\u1ea3o, bi\u00ean so\u1ea1n, bi\u00ean d\u1ecbch, xu\u1ea5t b\u1ea3n v\u00e0 ph\u00e1t h\u00e0nh c\u00e1c xu\u1ea5t b\u1ea3n ph\u1ea9m c\u00f3 n\u1ed9i dung: gi\u00e1o d\u1ee5c truy\u1ec1n th\u1ed1ng d\u00e2n t\u1ed9c, gi\u00e1o d\u1ee5c v\u1ec1 tri th\u1ee9c, ki\u1ebfn th\u1ee9c\u2026 tr\u00ean c\u00e1c l\u0129nh v\u1ef1c v\u0103n h\u1ecdc, ngh\u1ec7 thu\u1eadt, khoa h\u1ecdc k\u1ef9 thu\u1eadt nh\u1eb1m cung c\u1ea5p cho c\u00e1c em thi\u1ebfu nhi c\u0169ng nh\u01b0 c\u00e1c b\u1eadc ph\u1ee5 huynh c\u00e1c ki\u1ebfn th\u1ee9c c\u1ea7n thi\u1ebft trong cu\u1ed9c s\u1ed1ng, nh\u1eefng tinh hoa c\u1ee7a tri th\u1ee9c nh\u00e2n lo\u1ea1i nh\u1eb1m g\u00f3p ph\u1ea7n gi\u00e1o d\u1ee5c v\u00e0 h\u00ecnh th\u00e0nh nh\u00e2n c\u00e1ch th\u1ebf h\u1ec7 tr\u1ebb.<br \/>\u0110\u1ed1i t\u01b0\u1ee3ng ph\u1ee5c v\u1ee5 c\u1ee7a Nh\u00e0 xu\u1ea5t b\u1ea3n l\u00e0 c\u00e1c em t\u1eeb tu\u1ed5i nh\u00e0 tr\u1ebb m\u1eabu gi\u00e1o (1 \u0111\u1ebfn 5 tu\u1ed5i), nhi \u0111\u1ed3ng (6 \u0111\u1ebfn 9 tu\u1ed5i), thi\u1ebfu ni\u00ean (10 \u0111\u1ebfn 15 tu\u1ed5i) \u0111\u1ebfn c\u00e1c em tu\u1ed5i m\u1edbi l\u1edbn (16 \u0111\u1ebfn 18 tu\u1ed5i) v\u00e0 c\u00e1c b\u1eadc ph\u1ee5 huynh.<\/p>\n\n[\/col]\n\n[\/row]\n\n<!-- \/wp:flatsome\/uxbuilder -->","post_title":"Kim \u0110\u1ed3ng","post_excerpt":"","post_status":"publish","comment_status":"closed","ping_status":"closed","post_password":"","post_name":"kim-dong","to_ping":"","pinged":"","post_modified":"2021-02-17 01:31:56","post_modified_gmt":"2021-02-16 23:31:56","post_content_filtered":"","post_parent":0,"guid":"https:\/\/sachviet.eu\/nha-phat-hanh\/kim-dong\/","menu_order":0,"post_type":"publisher","post_mime_type":"","comment_count":"0","filter":"raw"}},"_links":{"self":[{"href":"https:\/\/sachviet.eu\/en\/wp-json\/wp\/v2\/product\/2777","targetHints":{"allow":["GET"]}}],"collection":[{"href":"https:\/\/sachviet.eu\/en\/wp-json\/wp\/v2\/product"}],"about":[{"href":"https:\/\/sachviet.eu\/en\/wp-json\/wp\/v2\/types\/product"}],"wp:featuredmedia":[{"embeddable":true,"href":"https:\/\/sachviet.eu\/en\/wp-json\/wp\/v2\/media\/2772"}],"wp:attachment":[{"href":"https:\/\/sachviet.eu\/en\/wp-json\/wp\/v2\/media?parent=2777"}],"wp:term":[{"taxonomy":"product_brand","embeddable":true,"href":"https:\/\/sachviet.eu\/en\/wp-json\/wp\/v2\/product_brand?post=2777"},{"taxonomy":"product_cat","embeddable":true,"href":"https:\/\/sachviet.eu\/en\/wp-json\/wp\/v2\/product_cat?post=2777"},{"taxonomy":"product_tag","embeddable":true,"href":"https:\/\/sachviet.eu\/en\/wp-json\/wp\/v2\/product_tag?post=2777"}],"curies":[{"name":"wp","href":"https:\/\/api.w.org\/{rel}","templated":true}]}}