{"id":2771,"date":"2021-02-26T23:58:31","date_gmt":"2021-02-26T21:58:31","guid":{"rendered":"https:\/\/sachviet.eu\/shop\/lam-ban-voi-con-gian-cau-chuyen-cua-lily\/"},"modified":"2021-11-14T22:41:58","modified_gmt":"2021-11-14T20:41:58","slug":"lam-ban-voi-con-gian-cau-chuyen-cua-lily","status":"publish","type":"product","link":"https:\/\/sachviet.eu\/en\/shop\/lam-ban-voi-con-gian-cau-chuyen-cua-lily\/","title":{"rendered":"L\u00e0m B\u1ea1n V\u1edbi C\u01a1n Gi\u1eadn &#8211; C\u00e2u Chuy\u1ec7n C\u1ee7a Lily"},"content":{"rendered":"<p>Lily v\u00e0 em g\u00e1i Ruby c\u00f9ng \u0111i d\u00e3 ngo\u1ea1i. V\u00ec em g\u00e1i l\u00e0m h\u1ecfng tr\u00f2 ch\u01a1i c\u1edd n\u00ean Lily v\u00f4 c\u00f9ng th\u1ea5t v\u1ecdng. Nh\u01b0ng r\u1ed3i c\u00f4 b\u00e9 nhanh ch\u00f3ng b\u1ecb cu\u1ed1n v\u00e0o cu\u1ed1n nh\u1eadt k\u00fd si\u00eau huy\u1ec1n b\u00ed c\u1ee7a c\u1ee5 n\u1ed9i. C\u1ee5 \u0111\u00e3 k\u1ec3 v\u1ec1 cu\u1ed9c g\u1eb7p g\u1ee1 c\u1ee7a c\u1ee5 v\u1edbi m\u1ed9t sinh v\u1eadt tr\u00f4ng gi\u1ed1ng \u1ebfch mang t\u00ean Anger (n\u1ed7i t\u1ee9c gi\u1eadn). Nh\u1edd cu\u1ed1n nh\u1eadt k\u00fd m\u00e0 Lily \u0111\u00e3 bi\u1ebft t\u1edbi k\u1ef9 thu\u1eadt Metta, k\u1ef9 thu\u1eadt gi\u00fap \u201cchuy\u1ec3n ho\u00e1\u201d n\u1ed7i t\u1ee9c gi\u1eadn th\u00e0nh l\u00f2ng nh\u00e2n ai cho h\u00e0ng ngh\u00ecn, h\u00e0ng ngh\u00ecn n\u0103m.<\/p>\n<p>\u0110\u01b0\u1ee3c ho\u1ea1 s\u0129 minh ho\u1ea1 \u0111\u1ea1t nhi\u1ec1u gi\u1ea3i th\u01b0\u1edfng Youme Nguyen L\u00fd v\u1ebd b\u1eb1ng m\u00e0u n\u01b0\u1edbc, cu\u1ed1n s\u00e1ch c\u00f3 th\u1ec3 tr\u1edf th\u00e0nh c\u00f4ng c\u1ee5 \u0111\u1eafc l\u1ef1c c\u1ee7a c\u00e1c b\u1eadc cha m\u1eb9 v\u00e0 gi\u00e1o vi\u00ean \u0111\u1ec3 gi\u00fap tr\u1ebb hi\u1ec3u \u0111\u01b0\u1ee3c g\u1ed1c r\u1ec5 c\u1ee7a nh\u1eefng c\u1ea3m x\u00fac m\u1ea1nh m\u1ebd b\u00ean trong m\u00ecnh v\u00e0 t\u00ecm ra c\u00e1c c\u00e1ch gi\u1ea3i quy\u1ebft \u00f4n ho\u00e0 th\u00f4ng qua k\u1ef9 thu\u1eadt Metta.<\/p>\n","protected":false},"excerpt":{"rendered":"<p>Lily v\u00e0 em g\u00e1i Ruby c\u00f9ng \u0111i d\u00e3 ngo\u1ea1i. V\u00ec em g\u00e1i l\u00e0m h\u1ecfng tr\u00f2 ch\u01a1i c\u1edd n\u00ean Lily v\u00f4 c\u00f9ng th\u1ea5t v\u1ecdng. Nh\u01b0ng r\u1ed3i c\u00f4 b\u00e9 nhanh ch\u00f3ng b\u1ecb cu\u1ed1n v\u00e0o cu\u1ed1n nh\u1eadt k\u00fd si\u00eau huy\u1ec1n b\u00ed c\u1ee7a c\u1ee5 n\u1ed9i. C\u1ee5 \u0111\u00e3 k\u1ec3 v\u1ec1 cu\u1ed9c g\u1eb7p g\u1ee1 c\u1ee7a c\u1ee5 v\u1edbi m\u1ed9t sinh v\u1eadt tr\u00f4ng gi\u1ed1ng \u1ebfch mang t\u00ean Anger (n\u1ed7i t\u1ee9c gi\u1eadn). Nh\u1edd cu\u1ed1n nh\u1eadt k\u00fd m\u00e0 Lily \u0111\u00e3 bi\u1ebft t\u1edbi k\u1ef9 thu\u1eadt Metta, k\u1ef9 thu\u1eadt gi\u00fap \u201cchuy\u1ec3n ho\u00e1\u201d n\u1ed7i t\u1ee9c gi\u1eadn th\u00e0nh l\u00f2ng nh\u00e2n ai cho h\u00e0ng ngh\u00ecn, h\u00e0ng ngh\u00ecn n\u0103m.<\/p>\n<p>\u0110\u01b0\u1ee3c ho\u1ea1 s\u0129 minh ho\u1ea1 \u0111\u1ea1t nhi\u1ec1u gi\u1ea3i th\u01b0\u1edfng Youme Nguyen L\u00fd v\u1ebd b\u1eb1ng m\u00e0u n\u01b0\u1edbc, cu\u1ed1n s\u00e1ch c\u00f3 th\u1ec3 tr\u1edf th\u00e0nh c\u00f4ng c\u1ee5 \u0111\u1eafc l\u1ef1c c\u1ee7a c\u00e1c b\u1eadc cha m\u1eb9 v\u00e0 gi\u00e1o vi\u00ean \u0111\u1ec3 gi\u00fap tr\u1ebb hi\u1ec3u \u0111\u01b0\u1ee3c g\u1ed1c r\u1ec5 c\u1ee7a nh\u1eefng c\u1ea3m x\u00fac m\u1ea1nh m\u1ebd b\u00ean trong m\u00ecnh v\u00e0 t\u00ecm ra c\u00e1c c\u00e1ch gi\u1ea3i quy\u1ebft \u00f4n ho\u00e0 th\u00f4ng qua k\u1ef9 thu\u1eadt Metta.<\/p>\n","protected":false},"featured_media":2768,"template":"","meta":{"_acf_changed":false},"product_brand":[],"product_cat":[25,17],"product_tag":[],"class_list":{"0":"post-2771","1":"product","2":"type-product","3":"status-publish","4":"has-post-thumbnail","6":"product_cat-nhi-dong-6-tuoi-12-tuoi","7":"product_cat-sach-danh-cho-cac-be","9":"first","10":"outofstock","11":"taxable","12":"shipping-taxable","13":"purchasable","14":"product-type-simple"},"supplier_id":null,"supplier_sku":"","barcode":null,"atum_controlled":true,"out_stock_date":"2021-11-14 20:41:58","out_stock_threshold":null,"inheritable":false,"inbound_stock":0,"stock_on_hold":0,"sold_today":0,"sales_last_days":0,"reserved_stock":0,"customer_returns":0,"warehouse_damage":0,"lost_in_post":0,"other_logs":0,"out_stock_days":1536,"lost_sales":0,"has_location":false,"update_date":"2026-01-28T23:10:32","atum_locations":[],"atum_stock_status":"outofstock","restock_status":false,"low_stock_amount":"","sales_update_date":"2026-01-28T23:10:32","calc_backorders":null,"acf":{"publisher":{"ID":1474,"post_author":"1","post_date":"2021-02-17 01:12:51","post_date_gmt":"2021-02-16 23:12:51","post_content":"","post_title":"Th\u00e1i H\u00e0","post_excerpt":"","post_status":"publish","comment_status":"closed","ping_status":"closed","post_password":"","post_name":"thai-ha","to_ping":"","pinged":"","post_modified":"2021-02-17 01:12:51","post_modified_gmt":"2021-02-16 23:12:51","post_content_filtered":"","post_parent":0,"guid":"https:\/\/sachviet.eu\/nha-phat-hanh\/thai-ha\/","menu_order":0,"post_type":"publisher","post_mime_type":"","comment_count":"0","filter":"raw"}},"_links":{"self":[{"href":"https:\/\/sachviet.eu\/en\/wp-json\/wp\/v2\/product\/2771","targetHints":{"allow":["GET"]}}],"collection":[{"href":"https:\/\/sachviet.eu\/en\/wp-json\/wp\/v2\/product"}],"about":[{"href":"https:\/\/sachviet.eu\/en\/wp-json\/wp\/v2\/types\/product"}],"wp:featuredmedia":[{"embeddable":true,"href":"https:\/\/sachviet.eu\/en\/wp-json\/wp\/v2\/media\/2768"}],"wp:attachment":[{"href":"https:\/\/sachviet.eu\/en\/wp-json\/wp\/v2\/media?parent=2771"}],"wp:term":[{"taxonomy":"product_brand","embeddable":true,"href":"https:\/\/sachviet.eu\/en\/wp-json\/wp\/v2\/product_brand?post=2771"},{"taxonomy":"product_cat","embeddable":true,"href":"https:\/\/sachviet.eu\/en\/wp-json\/wp\/v2\/product_cat?post=2771"},{"taxonomy":"product_tag","embeddable":true,"href":"https:\/\/sachviet.eu\/en\/wp-json\/wp\/v2\/product_tag?post=2771"}],"curies":[{"name":"wp","href":"https:\/\/api.w.org\/{rel}","templated":true}]}}