{"id":2767,"date":"2021-02-26T23:56:06","date_gmt":"2021-02-26T21:56:06","guid":{"rendered":"https:\/\/sachviet.eu\/shop\/cuoc-phieu-luu-cua-qua-le-khong-lo\/"},"modified":"2024-12-29T10:24:59","modified_gmt":"2024-12-29T08:24:59","slug":"cuoc-phieu-luu-cua-qua-le-khong-lo","status":"publish","type":"product","link":"https:\/\/sachviet.eu\/en\/shop\/cuoc-phieu-luu-cua-qua-le-khong-lo\/","title":{"rendered":"Cu\u1ed9c phi\u00eau l\u01b0u c\u1ee7a qu\u1ea3 l\u00ea kh\u1ed5ng l\u1ed3"},"content":{"rendered":"<p>Cu\u1ed9c Phi\u00eau L\u01b0u C\u1ee7a Qu\u1ea3 L\u00ea Kh\u1ed5ng L\u1ed3<br \/>\nM\u00e8o Mitcho v\u00e0 voi Sebastian s\u1ed1ng c\u00f9ng nhau trong m\u1ed9t ng\u00f4i nh\u00e0 nh\u1ecf \u1edf th\u1ecb tr\u1ea5n \u00c1nh N\u1eafng xinh \u0111\u1eb9p. \u0110\u00f3 l\u00e0 m\u1ed9t th\u1ecb tr\u1ea5n th\u00e2n thi\u1ec7n, b\u00ecnh y\u00ean, ngo\u1ea1i tr\u1eeb vi\u1ec7c ng\u00e0i Jeremiah Bartholomew Severin Olsen, Th\u1ecb tr\u01b0\u1edfng h\u1ee3p ph\u00e1p c\u1ee7a n\u01a1i n\u00e0y, \u0111\u00e3 bi\u1ebfn m\u1ea5t m\u1ed9t c\u00e1ch b\u00ed \u1ea9n t\u1eeb m\u1ed9t n\u0103m nay.<\/p>\n<p>M\u1ed9t h\u00f4m, nh\u00e2n l\u00fac \u0111i c\u00e2u c\u00e1 \u1edf b\u1edd bi\u1ec3n, hai ng\u01b0\u1eddi b\u1ea1n v\u1edbt \u0111\u01b0\u1ee3c m\u1ed9t c\u00e1i chai, b\u00ean trong ch\u1ee9a l\u00e1 th\u01b0 c\u00f3 n\u1ed9i dung r\u1ea5t kh\u00f3 hi\u1ec3u c\u00f9ng m\u1ed9t c\u00e1i h\u1ea1t gi\u1ed1ng b\u00e9 t\u00ed t\u1eb9o. Hai b\u1ea1n gieo h\u1ea1t theo ch\u1ec9 d\u1eabn trong th\u01b0, v\u00e0 r\u1ed3i h\u1ecd b\u1ecb k\u00e9o v\u00e0o m\u1ed9t cu\u1ed9c phi\u00eau l\u01b0u k\u00ec l\u1ea1.<\/p>\n<p>Cu\u1ed1n s\u00e1ch ng\u1ed9 ngh\u0129nh \u0111\u01b0\u1ee3c vi\u1ebft v\u00e0 minh h\u1ecda m\u00e0u b\u1edfi t\u00e1c gi\u1ea3 Jakob Martin Strid (\u0110an M\u1ea1ch). T\u00e1c ph\u1ea9m \u0111\u00e3 \u0111\u01b0\u1ee3c c\u00e1c b\u1ea1n thi\u1ebfu nhi \u0110an M\u1ea1ch v\u00e0 nhi\u1ec1u n\u01b0\u1edbc kh\u00e1c tr\u00ean th\u1ebf gi\u1edbi nh\u01b0 M\u0129, Nga \u0111\u00f3n nh\u1eadn n\u1ed3ng nhi\u1ec7t. Hy v\u1ecdng c\u00e1c em s\u1ebd t\u00ecm th\u1ea5y th\u1eadt nhi\u1ec1u ni\u1ec1m vui v\u1edbi cu\u1ed1n s\u00e1ch \u0111\u00e1ng y\u00eau n\u00e0y!  <div class=\"banner-grid-wrapper\">\n  <div id=\"banner-grid-954142047\" class=\"banner-grid row row-grid row-small\" data-packery-options=\"\">\n            <style>\n    #banner-grid-954142047 .grid-col-1{height: 600px}\n    #banner-grid-954142047 .grid-col-1-2{height: 300px}\n    #banner-grid-954142047 .grid-col-1-3{height:200px}\n    #banner-grid-954142047 .grid-col-2-3{height: 400px}\n    #banner-grid-954142047 .grid-col-1-4{height: 150px}\n    #banner-grid-954142047 .grid-col-3-4{height: 450px}\n\n\n        \/* Tablet *\/\n    @media (max-width: 850px){\n      #banner-grid-954142047 .grid-col-1{height: 400px}\n      #banner-grid-954142047 .grid-col-1-2{height: 200px}\n      #banner-grid-954142047 .grid-col-1-3{height:133.33333333333px}\n      #banner-grid-954142047 .grid-col-2-3{height: 266.66666666667px}\n      #banner-grid-954142047 .grid-col-1-4{height: 100px}\n      #banner-grid-954142047 .grid-col-3-4{height: 300px}\n    }\n    \n        \/* Mobile *\/\n    @media (max-width: 550px){\n      #banner-grid-954142047 .grid-col-1{height: 400px}\n      #banner-grid-954142047 .grid-col-1-2{height: 200px}\n      #banner-grid-954142047 .grid-col-1-3{height:133.33333333333px}\n      #banner-grid-954142047 .grid-col-2-3{height: 266.66666666667px}\n      #banner-grid-954142047 .grid-col-1-4{height: 100px}\n      #banner-grid-954142047 .grid-col-3-4{height: 300px}\n    }\n    \n\n  <\/style>\n    <\/div>\n    <style>\n    #banner-grid-954142047 .grid-col-1{height: 600px}\n    #banner-grid-954142047 .grid-col-1-2{height: 300px}\n    #banner-grid-954142047 .grid-col-1-3{height:200px}\n    #banner-grid-954142047 .grid-col-2-3{height: 400px}\n    #banner-grid-954142047 .grid-col-1-4{height: 150px}\n    #banner-grid-954142047 .grid-col-3-4{height: 450px}\n\n\n    \n    \n\n  <\/style>\n    <\/div>\n  \n","protected":false},"excerpt":{"rendered":"<p>H\u00f4m nay m\u00ecnh mu\u1ed1n gi\u1edbi thi\u1ec7u v\u1edbi m\u1ecdi ng\u01b0\u1eddi cu\u1ed1n s\u00e1ch Cu\u1ed9c phi\u00eau l\u01b0u c\u1ee7a Qu\u1ea3 l\u00ea kh\u1ed5ng l\u1ed3 si\u00eau \u0111\u00e1ng y\u00eau n\u00e0y. N\u1ed9i dung k\u1ec3 v\u1ec1 chuy\u1ebfn du h\u00e0nh c\u1ee7a voi Sebastian v\u00e0 m\u00e8o Mitcho b\u1eb1ng qu\u1ea3 l\u00ea kh\u1ed5ng l\u1ed3 \u0111i t\u00ecm Th\u1ecb tr\u01b0\u1edfng JB b\u1ecb m\u1ea5t t\u00edch \u0111\u00e3 l\u00e2u. Tr\u00ean \u0111\u01b0\u1eddng \u0111\u1ebfn H\u00f2n \u0111\u1ea3o b\u00ed \u1ea9n m\u00e0 ch\u01b0a ai bi\u1ebft v\u1ecb tr\u00ed ch\u00ednh x\u00e1c \u1edf \u0111\u00e2u c\u00f2n ph\u1ea3i v\u01b0\u1ee3t qua \u0111\u1ed9i qu\u00e2n c\u01b0\u1edbp bi\u1ec3n t\u00e0n b\u1ea1o, r\u1ed3ng bi\u1ec3n hung h\u00e3n v\u00e0 bi\u1ec3n \u0111en th\u0103m th\u1eb3m, r\u1ed3i sau \u0111\u00f3 t\u00ecm ra b\u00ed m\u1eadt c\u1ee7a H\u00f2n \u0111\u1ea3o th\u00ec m\u1edbi c\u00f3 th\u1ec3 tr\u1edf v\u1ec1 Th\u1ecb tr\u1ea5n \u00c1nh n\u1eafng y\u00eau d\u1ea5u \u0111\u01b0\u1ee3c. Truy\u1ec7n n\u00e0y c\u1ea3 2 m\u1eb9 con \u0111\u1ecdc \u0111\u1ec1u t\u00e2m \u0111\u1eafc t\u1eeb \u0111\u1ea7u \u0111\u1ebfn cu\u1ed1i, b\u00e9 nh\u00e0 m\u00ecnh thi tho\u1ea3ng c\u00f2n c\u01b0\u1eddi hinh h\u00edch v\u00ec nh\u1eefng c\u1ee5m t\u1eeb nh\u01b0 &#8220;ng\u1ed3i \u0111\u1ecdc b\u00e1o b\u00ean ly n\u01b0\u1edbc t\u00e1o&#8221;<\/p>\n","protected":false},"featured_media":2760,"template":"","meta":{"_acf_changed":false},"product_brand":[],"product_cat":[25,17],"product_tag":[],"class_list":{"0":"post-2767","1":"product","2":"type-product","3":"status-publish","4":"has-post-thumbnail","6":"product_cat-nhi-dong-6-tuoi-12-tuoi","7":"product_cat-sach-danh-cho-cac-be","9":"first","10":"instock","11":"taxable","12":"shipping-taxable","13":"purchasable","14":"product-type-simple"},"supplier_id":null,"supplier_sku":"","barcode":null,"atum_controlled":true,"out_stock_date":null,"out_stock_threshold":null,"inheritable":false,"inbound_stock":0,"stock_on_hold":0,"sold_today":0,"sales_last_days":0,"reserved_stock":0,"customer_returns":0,"warehouse_damage":0,"lost_in_post":0,"other_logs":0,"out_stock_days":0,"lost_sales":0,"has_location":false,"update_date":"2026-01-28T23:11:27","atum_locations":[],"atum_stock_status":"instock","restock_status":false,"low_stock_amount":"","sales_update_date":"2026-01-28T23:11:27","calc_backorders":null,"acf":{"publisher":{"ID":1454,"post_author":"1","post_date":"2021-02-17 01:11:34","post_date_gmt":"2021-02-16 23:11:34","post_content":"<!-- wp:flatsome\/uxbuilder -->\n<h1 style=\"text-align: center;\"><strong>Kim \u0110\u1ed3ng<\/strong><\/h1>\n[row]\n\n[col span=\"3\" span__sm=\"12\"]\n\n[ux_image id=\"1534\" image_size=\"medium\"]\n\n\n[\/col]\n[col span=\"9\" span__sm=\"12\"]\n\n<p>Nh\u00e0 xu\u1ea5t b\u1ea3n Kim \u0110\u1ed3ng tr\u1ef1c thu\u1ed9c Trung \u01b0\u01a1ng \u0110o\u00e0n TNCS H\u1ed3 Ch\u00ed Minh l\u00e0 Nh\u00e0 xu\u1ea5t b\u1ea3n t\u1ed5ng h\u1ee3p c\u00f3 ch\u1ee9c n\u0103ng xu\u1ea5t b\u1ea3n s\u00e1ch v\u00e0 v\u0103n h\u00f3a ph\u1ea9m ph\u1ee5c v\u1ee5 thi\u1ebfu nhi v\u00e0 c\u00e1c b\u1eadc ph\u1ee5 huynh trong c\u1ea3 n\u01b0\u1edbc, qu\u1ea3ng b\u00e1 v\u00e0 gi\u1edbi thi\u1ec7u v\u0103n h\u00f3a Vi\u1ec7t Nam ra th\u1ebf gi\u1edbi.<br \/>Nh\u00e0 xu\u1ea5t b\u1ea3n c\u00f3 nhi\u1ec7m v\u1ee5 t\u1ed5 ch\u1ee9c b\u1ea3n th\u1ea3o, bi\u00ean so\u1ea1n, bi\u00ean d\u1ecbch, xu\u1ea5t b\u1ea3n v\u00e0 ph\u00e1t h\u00e0nh c\u00e1c xu\u1ea5t b\u1ea3n ph\u1ea9m c\u00f3 n\u1ed9i dung: gi\u00e1o d\u1ee5c truy\u1ec1n th\u1ed1ng d\u00e2n t\u1ed9c, gi\u00e1o d\u1ee5c v\u1ec1 tri th\u1ee9c, ki\u1ebfn th\u1ee9c\u2026 tr\u00ean c\u00e1c l\u0129nh v\u1ef1c v\u0103n h\u1ecdc, ngh\u1ec7 thu\u1eadt, khoa h\u1ecdc k\u1ef9 thu\u1eadt nh\u1eb1m cung c\u1ea5p cho c\u00e1c em thi\u1ebfu nhi c\u0169ng nh\u01b0 c\u00e1c b\u1eadc ph\u1ee5 huynh c\u00e1c ki\u1ebfn th\u1ee9c c\u1ea7n thi\u1ebft trong cu\u1ed9c s\u1ed1ng, nh\u1eefng tinh hoa c\u1ee7a tri th\u1ee9c nh\u00e2n lo\u1ea1i nh\u1eb1m g\u00f3p ph\u1ea7n gi\u00e1o d\u1ee5c v\u00e0 h\u00ecnh th\u00e0nh nh\u00e2n c\u00e1ch th\u1ebf h\u1ec7 tr\u1ebb.<br \/>\u0110\u1ed1i t\u01b0\u1ee3ng ph\u1ee5c v\u1ee5 c\u1ee7a Nh\u00e0 xu\u1ea5t b\u1ea3n l\u00e0 c\u00e1c em t\u1eeb tu\u1ed5i nh\u00e0 tr\u1ebb m\u1eabu gi\u00e1o (1 \u0111\u1ebfn 5 tu\u1ed5i), nhi \u0111\u1ed3ng (6 \u0111\u1ebfn 9 tu\u1ed5i), thi\u1ebfu ni\u00ean (10 \u0111\u1ebfn 15 tu\u1ed5i) \u0111\u1ebfn c\u00e1c em tu\u1ed5i m\u1edbi l\u1edbn (16 \u0111\u1ebfn 18 tu\u1ed5i) v\u00e0 c\u00e1c b\u1eadc ph\u1ee5 huynh.<\/p>\n\n[\/col]\n\n[\/row]\n\n<!-- \/wp:flatsome\/uxbuilder -->","post_title":"Kim \u0110\u1ed3ng","post_excerpt":"","post_status":"publish","comment_status":"closed","ping_status":"closed","post_password":"","post_name":"kim-dong","to_ping":"","pinged":"","post_modified":"2021-02-17 01:31:56","post_modified_gmt":"2021-02-16 23:31:56","post_content_filtered":"","post_parent":0,"guid":"https:\/\/sachviet.eu\/nha-phat-hanh\/kim-dong\/","menu_order":0,"post_type":"publisher","post_mime_type":"","comment_count":"0","filter":"raw"}},"_links":{"self":[{"href":"https:\/\/sachviet.eu\/en\/wp-json\/wp\/v2\/product\/2767","targetHints":{"allow":["GET"]}}],"collection":[{"href":"https:\/\/sachviet.eu\/en\/wp-json\/wp\/v2\/product"}],"about":[{"href":"https:\/\/sachviet.eu\/en\/wp-json\/wp\/v2\/types\/product"}],"wp:featuredmedia":[{"embeddable":true,"href":"https:\/\/sachviet.eu\/en\/wp-json\/wp\/v2\/media\/2760"}],"wp:attachment":[{"href":"https:\/\/sachviet.eu\/en\/wp-json\/wp\/v2\/media?parent=2767"}],"wp:term":[{"taxonomy":"product_brand","embeddable":true,"href":"https:\/\/sachviet.eu\/en\/wp-json\/wp\/v2\/product_brand?post=2767"},{"taxonomy":"product_cat","embeddable":true,"href":"https:\/\/sachviet.eu\/en\/wp-json\/wp\/v2\/product_cat?post=2767"},{"taxonomy":"product_tag","embeddable":true,"href":"https:\/\/sachviet.eu\/en\/wp-json\/wp\/v2\/product_tag?post=2767"}],"curies":[{"name":"wp","href":"https:\/\/api.w.org\/{rel}","templated":true}]}}