{"id":2759,"date":"2021-02-26T23:49:18","date_gmt":"2021-02-26T21:49:18","guid":{"rendered":"https:\/\/sachviet.eu\/shop\/lam-ban-voi-con-gian-cau-chuyen-cua-anh-2\/"},"modified":"2021-11-14T22:41:58","modified_gmt":"2021-11-14T20:41:58","slug":"lam-ban-voi-con-gian-cau-chuyen-cua-anh-2","status":"publish","type":"product","link":"https:\/\/sachviet.eu\/en\/shop\/lam-ban-voi-con-gian-cau-chuyen-cua-anh-2\/","title":{"rendered":"L\u00e0m B\u1ea1n V\u1edbi C\u01a1n Gi\u1eadn &#8211; C\u00e2u Chuy\u1ec7n C\u1ee7a Anh 2"},"content":{"rendered":"<p>Gi\u1ed1ng nh\u01b0 cu\u1ed1n Anh\u2019s Anger, cu\u1ed1n s\u00e1ch n\u00e0y c\u0169ng n\u00f3i v\u1ec1 nh\u00e2n v\u1eadt t\u00ean Anh, m\u1ed9t c\u1eadu b\u00e9 ti\u1ec3u h\u1ecdc b\u00ecnh th\u01b0\u1eddng gi\u1ed1ng nh\u01b0 bao c\u1eadu b\u00e9 kh\u00e1c. Khi ngh\u0129 b\u1ecb b\u1ea1n b\u00e8 b\u1ecf r\u01a1i \u1edf tr\u01b0\u1eddng, Anh \u0111\u00e3 th\u1ea5y v\u00f4 c\u00f9ng t\u1ee9c gi\u1eadn. L\u00fac n\u00e0y, Gail Silver \u0111\u00e3 r\u1ea5t tinh t\u1ebf khi t\u1ea1o ra m\u1ed9t ng\u01b0\u1eddi b\u1ea1n c\u00f3 t\u00ean \u201cAnger\u201d, c\u00f3 l\u00f4ng m\u00e0u \u0111\u1ecf, t\u00ednh kh\u00ed th\u00ec b\u1ed1c \u0111\u1ed3ng v\u00e0 d\u1ea1y Anh nh\u1eefng b\u00e0i h\u1ecdc qu\u00fd gi\u00e1: B\u01b0\u1edbc t\u1eeb t\u1eeb, \u0111\u1ebfm s\u1ed1 b\u01b0\u1edbc v\u00e0 h\u00edt v\u00e0o, th\u1edf ra, An s\u1ebd d\u1ea7n tr\u00fat b\u1ecf c\u1ea3m x\u00fac t\u1ee9c gi\u1eadn v\u00e0 th\u1ea5y l\u00f2ng th\u1eadt khoan kho\u00e1i.<\/p>\n<p>Gail Silver \u0111\u00e3 t\u1eebng chia s\u1ebb: \u201cN\u1ebfu ngay t\u1eeb khi c\u00f2n nh\u1ecf, tr\u1ebb \u0111\u01b0\u1ee3c tho\u1ea3i m\u00e1i b\u1ed9c l\u1ed9 c\u1ea3m x\u00fac t\u1ee9c gi\u1eadn c\u1ee7a m\u00ecnh, th\u00ec tr\u1ebb s\u1ebd \u0111\u1ee7 t\u1ef1 tin \u0111\u1ec3 v\u01b0\u1ee3t qua c\u1ea3m x\u00fac n\u00e0y khi b\u01b0\u1edbc v\u00e0o tu\u1ed5i v\u1ecb th\u00e0nh ni\u00ean. T\u00ecnh tr\u1ea1ng b\u1ea1o l\u1ef1c \u1edf tu\u1ed5i v\u1ecb th\u00e0nh ni\u00ean hi\u1ec7n nay l\u00e0 \u0111\u00e1ng b\u1ea1o \u0111\u1ed9ng. T\u00f4i v\u00f4 c\u00f9ng bu\u1ed3n b\u00e3 khi nghe tin c\u00e1c thanh thi\u1ebfu ni\u00ean s\u1eed d\u00f9ng s\u00fang, l\u00e0m th\u01b0\u01a1ng b\u1ea1n b\u00e8 v\u00e0 th\u1ea7y c\u00f4 c\u1ee7a m\u00ecnh. T\u00f4i bi\u1ebft c\u00e1c em \u0111ang g\u1eb7p nhi\u1ec1u kh\u00f3 kh\u0103n v\u00e0 c\u1ea3m x\u00fac t\u1ee9c gi\u1eadn c\u1ee9 ch\u1ea7u ch\u1ef1c \u0111\u1ec3 b\u00f3p n\u00e1t tr\u00e1i tim b\u00e9 b\u1ecfng c\u1ee7a c\u00e1c em. V\u1eady n\u00ean, t\u00f4i vi\u1ebft nh\u1eefng cu\u1ed1n s\u00e1ch n\u00e0y nh\u1eb1m gi\u00fap \u0111\u1ee1 ch\u00ednh c\u00e1c em. T\u00f4i hy v\u1ecdng c\u00e1c em s\u1ebd b\u1edbt hung h\u0103ng h\u01a1n, b\u1edbt c\u00f3 c\u00e1c h\u00e0nh vi b\u1ea1o l\u1ef1c h\u01a1n v\u00ec \u0111\u00e3 bi\u1ebft c\u00e1ch hi\u1ec3u v\u00e0 chuy\u1ec3n ho\u00e1 c\u01a1n gi\u1eadn d\u1eef c\u1ee7a m\u00ecnh\u201d.<\/p>\n","protected":false},"excerpt":{"rendered":"<p>Gi\u1ed1ng nh\u01b0 cu\u1ed1n Anh\u2019s Anger, cu\u1ed1n s\u00e1ch n\u00e0y c\u0169ng n\u00f3i v\u1ec1 nh\u00e2n v\u1eadt t\u00ean Anh, m\u1ed9t c\u1eadu b\u00e9 ti\u1ec3u h\u1ecdc b\u00ecnh th\u01b0\u1eddng gi\u1ed1ng nh\u01b0 bao c\u1eadu b\u00e9 kh\u00e1c. Khi ngh\u0129 b\u1ecb b\u1ea1n b\u00e8 b\u1ecf r\u01a1i \u1edf tr\u01b0\u1eddng, Anh \u0111\u00e3 th\u1ea5y v\u00f4 c\u00f9ng t\u1ee9c gi\u1eadn. L\u00fac n\u00e0y, Gail Silver \u0111\u00e3 r\u1ea5t tinh t\u1ebf khi t\u1ea1o ra m\u1ed9t ng\u01b0\u1eddi b\u1ea1n c\u00f3 t\u00ean \u201cAnger\u201d, c\u00f3 l\u00f4ng m\u00e0u \u0111\u1ecf, t\u00ednh kh\u00ed th\u00ec b\u1ed1c \u0111\u1ed3ng v\u00e0 d\u1ea1y Anh nh\u1eefng b\u00e0i h\u1ecdc qu\u00fd gi\u00e1: B\u01b0\u1edbc t\u1eeb t\u1eeb, \u0111\u1ebfm s\u1ed1 b\u01b0\u1edbc v\u00e0 h\u00edt v\u00e0o, th\u1edf ra, An s\u1ebd d\u1ea7n tr\u00fat b\u1ecf c\u1ea3m x\u00fac t\u1ee9c gi\u1eadn v\u00e0 th\u1ea5y l\u00f2ng th\u1eadt khoan kho\u00e1i.<\/p>\n","protected":false},"featured_media":2756,"template":"","meta":{"_acf_changed":false},"product_brand":[],"product_cat":[24,25,17],"product_tag":[],"class_list":{"0":"post-2759","1":"product","2":"type-product","3":"status-publish","4":"has-post-thumbnail","6":"product_cat-nha-tre-mau-giao-0-tuoi-6-tuoi","7":"product_cat-nhi-dong-6-tuoi-12-tuoi","8":"product_cat-sach-danh-cho-cac-be","10":"first","11":"outofstock","12":"taxable","13":"shipping-taxable","14":"purchasable","15":"product-type-simple"},"supplier_id":null,"supplier_sku":"","barcode":null,"atum_controlled":true,"out_stock_date":"2021-11-14 20:41:58","out_stock_threshold":null,"inheritable":false,"inbound_stock":0,"stock_on_hold":0,"sold_today":0,"sales_last_days":0,"reserved_stock":0,"customer_returns":0,"warehouse_damage":0,"lost_in_post":0,"other_logs":0,"out_stock_days":1536,"lost_sales":0,"has_location":false,"update_date":"2026-01-28T23:10:32","atum_locations":[],"atum_stock_status":"outofstock","restock_status":false,"low_stock_amount":"","sales_update_date":"2026-01-28T23:10:32","calc_backorders":null,"acf":{"publisher":{"ID":1474,"post_author":"1","post_date":"2021-02-17 01:12:51","post_date_gmt":"2021-02-16 23:12:51","post_content":"","post_title":"Th\u00e1i H\u00e0","post_excerpt":"","post_status":"publish","comment_status":"closed","ping_status":"closed","post_password":"","post_name":"thai-ha","to_ping":"","pinged":"","post_modified":"2021-02-17 01:12:51","post_modified_gmt":"2021-02-16 23:12:51","post_content_filtered":"","post_parent":0,"guid":"https:\/\/sachviet.eu\/nha-phat-hanh\/thai-ha\/","menu_order":0,"post_type":"publisher","post_mime_type":"","comment_count":"0","filter":"raw"}},"_links":{"self":[{"href":"https:\/\/sachviet.eu\/en\/wp-json\/wp\/v2\/product\/2759","targetHints":{"allow":["GET"]}}],"collection":[{"href":"https:\/\/sachviet.eu\/en\/wp-json\/wp\/v2\/product"}],"about":[{"href":"https:\/\/sachviet.eu\/en\/wp-json\/wp\/v2\/types\/product"}],"wp:featuredmedia":[{"embeddable":true,"href":"https:\/\/sachviet.eu\/en\/wp-json\/wp\/v2\/media\/2756"}],"wp:attachment":[{"href":"https:\/\/sachviet.eu\/en\/wp-json\/wp\/v2\/media?parent=2759"}],"wp:term":[{"taxonomy":"product_brand","embeddable":true,"href":"https:\/\/sachviet.eu\/en\/wp-json\/wp\/v2\/product_brand?post=2759"},{"taxonomy":"product_cat","embeddable":true,"href":"https:\/\/sachviet.eu\/en\/wp-json\/wp\/v2\/product_cat?post=2759"},{"taxonomy":"product_tag","embeddable":true,"href":"https:\/\/sachviet.eu\/en\/wp-json\/wp\/v2\/product_tag?post=2759"}],"curies":[{"name":"wp","href":"https:\/\/api.w.org\/{rel}","templated":true}]}}