{"id":2755,"date":"2021-02-26T23:49:08","date_gmt":"2021-02-26T21:49:08","guid":{"rendered":"https:\/\/sachviet.eu\/shop\/lam-ban-voi-con-gian-cau-chuyen-cua-anh-1\/"},"modified":"2021-11-14T22:41:58","modified_gmt":"2021-11-14T20:41:58","slug":"lam-ban-voi-con-gian-cau-chuyen-cua-anh-1","status":"publish","type":"product","link":"https:\/\/sachviet.eu\/en\/shop\/lam-ban-voi-con-gian-cau-chuyen-cua-anh-1\/","title":{"rendered":"L\u00e0m B\u1ea1n V\u1edbi C\u01a1n Gi\u1eadn &#8211; C\u00e2u Chuy\u1ec7n C\u1ee7a Anh 1"},"content":{"rendered":"<p>Cu\u1ed1n s\u00e1ch s\u1ebd gi\u00fap tr\u1ebb, b\u1eadc cha m\u1eb9 v\u00e0 gi\u00e1o vi\u00ean bi\u1ebft ph\u01b0\u01a1ng ph\u00e1p th\u1ef1c h\u00e0nh c\u1ee5 th\u1ec3 \u0111\u1ec3 \u0111\u1ed1i ph\u00f3 v\u1edbi c\u01a1n t\u1ee9c gi\u1eadn c\u00f9ng nh\u1eefng c\u1ea3m x\u00fac m\u1ea1nh m\u1ebd kh\u00e1c.<\/p>\n<p>Trong cu\u1ed1n s\u00e1ch, c\u1eadu b\u00e9 5 tu\u1ed5i t\u00ean Anh \u0111\u00e3 tr\u1edf n\u00ean t\u1ee9c gi\u1eadn khi \u00f4ng n\u1ed9i y\u00eau c\u1ea7u d\u1eebng ch\u01a1i v\u00e0 \u0111\u1ebfn b\u00e0n \u0103n t\u1ed1i. \u00d4ng \u0111\u00e3 gi\u00fap Anh c\u1ea3m nh\u1eadn tr\u1ecdn v\u1eb9n v\u1ec1 c\u01a1n t\u1ee9c gi\u1eadn trong m\u00ecnh khi \u0111\u1ec1 ngh\u1ecb c\u1eadu v\u1ec1 ph\u00f2ng v\u00e0 ng\u1ed3i y\u00ean d\u00f9 l\u00f2ng c\u1eadu \u0111\u1ea7y t\u1ee9c gi\u1eadn. C\u1ee9 ng\u1ed3i nh\u01b0 v\u1eady, cu\u1ed1i c\u00f9ng, Anh \u0111\u00e3 ph\u00e1t hi\u1ec7n ra nhi\u1ec1u \u0111i\u1ec1u th\u1eadt s\u00e2u s\u1eafc.<\/p>\n<p>Cu\u1ed1n s\u00e1ch \u0111\u01b0\u1ee3c minh ho\u1ea1 th\u1eadt \u0111\u1eb9p m\u1eaft v\u1edbi nh\u1eefng b\u1ee9c \u1ea3nh gh\u00e9p th\u1ee7 c\u00f4ng c\u1ee7a ngh\u1ec7 s\u0129 New York v\u00e0 ho\u1ea1 s\u0129 minh ho\u1ea1 s\u00e1ch thi\u1ebfu nhi Christiane Kromer. Ch\u00ednh nh\u1eefng v\u1eadt li\u1ec7u nh\u01b0 gi\u1ea5y, m\u00e0u acrylic, b\u00eca c\u1ee9ng c\u00f9ng nh\u1eefng v\u1eadt li\u1ec7u kh\u00e1c \u0111\u00e3 ph\u1ea3n \u00e1nh \u0111\u01b0\u1ee3c s\u1ee3i d\u00e2y k\u1ebft n\u1ed1i gi\u1eefa c\u00e1c nh\u00e2n v\u1eadt v\u00e0 m\u00f4i tr\u01b0\u1eddng s\u1ed1ng c\u1ee7a h\u1ecd, c\u0169ng nh\u01b0 huy \u0111\u1ed9ng m\u1ed9t lo\u1ea1t nh\u1eefng c\u1ea3m x\u00fac c\u00f3 th\u0103ng tr\u1ea7m.<\/p>\n<p>Cu\u1ed1n s\u00e1ch d\u1ea1y tr\u1ebb r\u1eb1ng vi\u1ec7c c\u1ea3m th\u1ea5y t\u1ee9c gi\u1eadn l\u00e0 v\u00f4 c\u00f9ng b\u00ecnh th\u01b0\u1eddng. Nh\u01b0ng khi d\u00e0nh th\u1eddi gian nh\u1ea5m nh\u1ea5p c\u01a1n t\u1ee9c gi\u1eadn, tr\u1ebb nh\u1eadn ra r\u1eb1ng c\u01a1n gi\u1eadn \u0111\u00e3 bi\u1ebfn \u0111\u00e2u m\u1ea5t r\u1ed3i. Thay v\u00e0o \u0111\u00f3 l\u00e0 c\u1ea3m gi\u00e1c nh\u1eb9 b\u1eabng v\u00f4 c\u00f9ng.<\/p>\n<p>\u0110\u00e2y c\u0169ng ch\u00ednh l\u00e0 c\u00e1ch h\u1eefu \u00edch d\u00e0nh cho b\u1eadc cha m\u1eb9 v\u00e0 gi\u00e1o vi\u00ean khi mu\u1ed1n x\u1eed l\u00fd c\u01a1n t\u1ee9c gi\u1eadn \u1edf tr\u1ebb. H\u00e3y \u0111\u1ec3 tr\u1ebb ng\u1ed3i \u1edf kh\u00f4ng gian y\u00ean t\u0129nh d\u00f9 trong l\u00f2ng \u0111\u1ea7y t\u1ee9c gi\u1eadn v\u00e0 ch\u1ec9 r\u1eddi \u0111i khi h\u1ebft t\u1ee9c gi\u1eadn.<\/p>\n<p>Th\u00f4ng qua \u0111\u1ecdc s\u00e1ch, tr\u1ebb s\u1ebd h\u1ecdc c\u00e1ch th\u1eeba nh\u1eadn c\u1ea3m x\u00fac gi\u1eadn d\u1eef c\u1ee7a b\u1ea3n th\u00e2n, hi\u1ec3u nguy\u00ean nh\u00e2n g\u00e2y ra c\u1ea3m x\u00fac \u0111\u00f3. T\u1eeb \u0111\u00f3, tr\u1ebb s\u1ebd th\u1ea5y tho\u1ea3i m\u00e1i khi th\u1ec3 hi\u1ec7n c\u1ea3m x\u00fac c\u1ee7a b\u1ea3n th\u00e2n v\u00e0 bi\u1ebft ch\u1ecbu tr\u00e1ch nhi\u1ec7m cho nh\u1eefng h\u00e0nh \u0111\u1ed9ng c\u1ee7a b\u1ea3n th\u00e2n. V\u1eady l\u00e0 tr\u1ebb \u0111\u00e3 c\u00f3 \u0111\u01b0\u1ee3c k\u1ef9 n\u0103ng t\u1ed1t \u0111\u1ec3 tr\u01b0\u1edfng th\u00e0nh th\u1eadt tho\u1ea3i m\u00e1i v\u00e0 t\u1ef1 tin.<\/p>\n","protected":false},"excerpt":{"rendered":"<p>Cu\u1ed1n s\u00e1ch s\u1ebd gi\u00fap tr\u1ebb, b\u1eadc cha m\u1eb9 v\u00e0 gi\u00e1o vi\u00ean bi\u1ebft ph\u01b0\u01a1ng ph\u00e1p th\u1ef1c h\u00e0nh c\u1ee5 th\u1ec3 \u0111\u1ec3 \u0111\u1ed1i ph\u00f3 v\u1edbi c\u01a1n t\u1ee9c gi\u1eadn c\u00f9ng nh\u1eefng c\u1ea3m x\u00fac m\u1ea1nh m\u1ebd kh\u00e1c.<\/p>\n<p>Trong cu\u1ed1n s\u00e1ch, c\u1eadu b\u00e9 5 tu\u1ed5i t\u00ean Anh \u0111\u00e3 tr\u1edf n\u00ean t\u1ee9c gi\u1eadn khi \u00f4ng n\u1ed9i y\u00eau c\u1ea7u d\u1eebng ch\u01a1i v\u00e0 \u0111\u1ebfn b\u00e0n \u0103n t\u1ed1i. \u00d4ng \u0111\u00e3 gi\u00fap Anh c\u1ea3m nh\u1eadn tr\u1ecdn v\u1eb9n v\u1ec1 c\u01a1n t\u1ee9c gi\u1eadn trong m\u00ecnh khi \u0111\u1ec1 ngh\u1ecb c\u1eadu v\u1ec1 ph\u00f2ng v\u00e0 ng\u1ed3i y\u00ean d\u00f9 l\u00f2ng c\u1eadu \u0111\u1ea7y t\u1ee9c gi\u1eadn. C\u1ee9 ng\u1ed3i nh\u01b0 v\u1eady, cu\u1ed1i c\u00f9ng, Anh \u0111\u00e3 ph\u00e1t hi\u1ec7n ra nhi\u1ec1u \u0111i\u1ec1u th\u1eadt s\u00e2u s\u1eafc.<\/p>\n<p>Cu\u1ed1n s\u00e1ch \u0111\u01b0\u1ee3c minh ho\u1ea1 th\u1eadt \u0111\u1eb9p m\u1eaft v\u1edbi nh\u1eefng b\u1ee9c \u1ea3nh gh\u00e9p th\u1ee7 c\u00f4ng c\u1ee7a ngh\u1ec7 s\u0129 New York v\u00e0 ho\u1ea1 s\u0129 minh ho\u1ea1 s\u00e1ch thi\u1ebfu nhi Christiane Kromer. Ch\u00ednh nh\u1eefng v\u1eadt li\u1ec7u nh\u01b0 gi\u1ea5y, m\u00e0u acrylic, b\u00eca c\u1ee9ng c\u00f9ng nh\u1eefng v\u1eadt li\u1ec7u kh\u00e1c \u0111\u00e3 ph\u1ea3n \u00e1nh \u0111\u01b0\u1ee3c s\u1ee3i d\u00e2y k\u1ebft n\u1ed1i gi\u1eefa c\u00e1c nh\u00e2n v\u1eadt v\u00e0 m\u00f4i tr\u01b0\u1eddng s\u1ed1ng c\u1ee7a h\u1ecd, c\u0169ng nh\u01b0 huy \u0111\u1ed9ng m\u1ed9t lo\u1ea1t nh\u1eefng c\u1ea3m x\u00fac c\u00f3 th\u0103ng tr\u1ea7m.<\/p>\n","protected":false},"featured_media":2752,"template":"","meta":{"_acf_changed":false},"product_brand":[],"product_cat":[25,17],"product_tag":[],"class_list":{"0":"post-2755","1":"product","2":"type-product","3":"status-publish","4":"has-post-thumbnail","6":"product_cat-nhi-dong-6-tuoi-12-tuoi","7":"product_cat-sach-danh-cho-cac-be","9":"first","10":"outofstock","11":"taxable","12":"shipping-taxable","13":"purchasable","14":"product-type-simple"},"supplier_id":null,"supplier_sku":"","barcode":null,"atum_controlled":true,"out_stock_date":"2021-11-14 20:41:58","out_stock_threshold":null,"inheritable":false,"inbound_stock":0,"stock_on_hold":0,"sold_today":0,"sales_last_days":0,"reserved_stock":0,"customer_returns":0,"warehouse_damage":0,"lost_in_post":0,"other_logs":0,"out_stock_days":1536,"lost_sales":0,"has_location":false,"update_date":"2026-01-28T23:10:32","atum_locations":[],"atum_stock_status":"outofstock","restock_status":false,"low_stock_amount":"","sales_update_date":"2026-01-28T23:10:32","calc_backorders":null,"acf":{"publisher":{"ID":1474,"post_author":"1","post_date":"2021-02-17 01:12:51","post_date_gmt":"2021-02-16 23:12:51","post_content":"","post_title":"Th\u00e1i H\u00e0","post_excerpt":"","post_status":"publish","comment_status":"closed","ping_status":"closed","post_password":"","post_name":"thai-ha","to_ping":"","pinged":"","post_modified":"2021-02-17 01:12:51","post_modified_gmt":"2021-02-16 23:12:51","post_content_filtered":"","post_parent":0,"guid":"https:\/\/sachviet.eu\/nha-phat-hanh\/thai-ha\/","menu_order":0,"post_type":"publisher","post_mime_type":"","comment_count":"0","filter":"raw"}},"_links":{"self":[{"href":"https:\/\/sachviet.eu\/en\/wp-json\/wp\/v2\/product\/2755","targetHints":{"allow":["GET"]}}],"collection":[{"href":"https:\/\/sachviet.eu\/en\/wp-json\/wp\/v2\/product"}],"about":[{"href":"https:\/\/sachviet.eu\/en\/wp-json\/wp\/v2\/types\/product"}],"wp:featuredmedia":[{"embeddable":true,"href":"https:\/\/sachviet.eu\/en\/wp-json\/wp\/v2\/media\/2752"}],"wp:attachment":[{"href":"https:\/\/sachviet.eu\/en\/wp-json\/wp\/v2\/media?parent=2755"}],"wp:term":[{"taxonomy":"product_brand","embeddable":true,"href":"https:\/\/sachviet.eu\/en\/wp-json\/wp\/v2\/product_brand?post=2755"},{"taxonomy":"product_cat","embeddable":true,"href":"https:\/\/sachviet.eu\/en\/wp-json\/wp\/v2\/product_cat?post=2755"},{"taxonomy":"product_tag","embeddable":true,"href":"https:\/\/sachviet.eu\/en\/wp-json\/wp\/v2\/product_tag?post=2755"}],"curies":[{"name":"wp","href":"https:\/\/api.w.org\/{rel}","templated":true}]}}