{"id":2751,"date":"2021-02-26T23:48:56","date_gmt":"2021-02-26T21:48:56","guid":{"rendered":"https:\/\/sachviet.eu\/shop\/lam-ban-voi-con-gian-set-4-quyen\/"},"modified":"2022-12-19T18:50:43","modified_gmt":"2022-12-19T16:50:43","slug":"lam-ban-voi-con-gian-set-4-quyen","status":"publish","type":"product","link":"https:\/\/sachviet.eu\/en\/shop\/lam-ban-voi-con-gian-set-4-quyen\/","title":{"rendered":"L\u00e0m B\u1ea1n V\u1edbi C\u01a1n Gi\u1eadn (bundle 4 quy\u1ec3n)"},"content":{"rendered":"<p>1.C\u00e2u Chuy\u1ec7n C\u1ee7a Anh 1<\/p>\n<p>Cu\u1ed1n s\u00e1ch s\u1ebd gi\u00fap tr\u1ebb, b\u1eadc cha m\u1eb9 v\u00e0 gi\u00e1o vi\u00ean bi\u1ebft ph\u01b0\u01a1ng ph\u00e1p th\u1ef1c h\u00e0nh c\u1ee5 th\u1ec3 \u0111\u1ec3 \u0111\u1ed1i ph\u00f3 v\u1edbi c\u01a1n t\u1ee9c gi\u1eadn c\u00f9ng nh\u1eefng c\u1ea3m x\u00fac m\u1ea1nh m\u1ebd kh\u00e1c.<\/p>\n<p>Trong cu\u1ed1n s\u00e1ch, c\u1eadu b\u00e9 5 tu\u1ed5i t\u00ean Anh \u0111\u00e3 tr\u1edf n\u00ean t\u1ee9c gi\u1eadn khi \u00f4ng n\u1ed9i y\u00eau c\u1ea7u d\u1eebng ch\u01a1i v\u00e0 \u0111\u1ebfn b\u00e0n \u0103n t\u1ed1i. \u00d4ng \u0111\u00e3 gi\u00fap Anh c\u1ea3m nh\u1eadn tr\u1ecdn v\u1eb9n v\u1ec1 c\u01a1n t\u1ee9c gi\u1eadn trong m\u00ecnh khi \u0111\u1ec1 ngh\u1ecb c\u1eadu v\u1ec1 ph\u00f2ng v\u00e0 ng\u1ed3i y\u00ean d\u00f9 l\u00f2ng c\u1eadu \u0111\u1ea7y t\u1ee9c gi\u1eadn. C\u1ee9 ng\u1ed3i nh\u01b0 v\u1eady, cu\u1ed1i c\u00f9ng, Anh \u0111\u00e3 ph\u00e1t hi\u1ec7n ra nhi\u1ec1u \u0111i\u1ec1u th\u1eadt s\u00e2u s\u1eafc.<\/p>\n<p>Cu\u1ed1n s\u00e1ch minh ho\u1ea1 th\u1eadt \u0111\u1eb9p m\u1eaft v\u1edbi nh\u1eefng b\u1ee9c \u1ea3nh gh\u00e9p th\u1ee7 c\u00f4ng c\u1ee7a ngh\u1ec7 s\u0129 New York v\u00e0 ho\u1ea1 s\u0129 minh ho\u1ea1 s\u00e1ch thi\u1ebfu nhi Christiane Kromer. Ch\u00ednh nh\u1eefng v\u1eadt li\u1ec7u nh\u01b0 gi\u1ea5y, m\u00e0u acrylic, b\u00eca c\u1ee9ng c\u00f9ng nh\u1eefng v\u1eadt li\u1ec7u kh\u00e1c \u0111\u00e3 ph\u1ea3n \u00e1nh \u0111\u01b0\u1ee3c s\u1ee3i d\u00e2y k\u1ebft n\u1ed1i gi\u1eefa c\u00e1c nh\u00e2n v\u1eadt v\u00e0 m\u00f4i tr\u01b0\u1eddng s\u1ed1ng c\u1ee7a h\u1ecd, c\u0169ng nh\u01b0 huy \u0111\u1ed9ng m\u1ed9t lo\u1ea1t nh\u1eefng c\u1ea3m x\u00fac c\u00f3 th\u0103ng tr\u1ea7m.<\/p>\n<p>Cu\u1ed1n s\u00e1ch d\u1ea1y tr\u1ebb r\u1eb1ng vi\u1ec7c c\u1ea3m th\u1ea5y t\u1ee9c gi\u1eadn l\u00e0 v\u00f4 c\u00f9ng b\u00ecnh th\u01b0\u1eddng. Nh\u01b0ng khi d\u00e0nh th\u1eddi gian nh\u1ea5m nh\u1ea5p c\u01a1n t\u1ee9c gi\u1eadn, tr\u1ebb nh\u1eadn ra r\u1eb1ng c\u01a1n gi\u1eadn \u0111\u00e3 bi\u1ebfn \u0111\u00e2u m\u1ea5t r\u1ed3i. Thay v\u00e0o \u0111\u00f3 l\u00e0 c\u1ea3m gi\u00e1c nh\u1eb9 b\u1eabng v\u00f4 c\u00f9ng.<\/p>\n<p>\u0110\u00e2y c\u0169ng ch\u00ednh l\u00e0 c\u00e1ch h\u1eefu \u00edch d\u00e0nh cho b\u1eadc cha m\u1eb9 v\u00e0 gi\u00e1o vi\u00ean khi mu\u1ed1n x\u1eed l\u00fd c\u01a1n t\u1ee9c gi\u1eadn \u1edf tr\u1ebb. H\u00e3y \u0111\u1ec3 tr\u1ebb ng\u1ed3i \u1edf kh\u00f4ng gian y\u00ean t\u0129nh d\u00f9 trong l\u00f2ng \u0111\u1ea7y t\u1ee9c gi\u1eadn v\u00e0 ch\u1ec9 r\u1eddi \u0111i khi h\u1ebft t\u1ee9c gi\u1eadn.<\/p>\n<p>Th\u00f4ng qua \u0111\u1ecdc s\u00e1ch, tr\u1ebb s\u1ebd h\u1ecdc c\u00e1ch th\u1eeba nh\u1eadn c\u1ea3m x\u00fac gi\u1eadn d\u1eef c\u1ee7a b\u1ea3n th\u00e2n, hi\u1ec3u nguy\u00ean nh\u00e2n g\u00e2y ra c\u1ea3m x\u00fac \u0111\u00f3. T\u1eeb \u0111\u00f3, tr\u1ebb s\u1ebd th\u1ea5y tho\u1ea3i m\u00e1i khi th\u1ec3 hi\u1ec7n c\u1ea3m x\u00fac c\u1ee7a b\u1ea3n th\u00e2n v\u00e0 bi\u1ebft ch\u1ecbu tr\u00e1ch nhi\u1ec7m cho nh\u1eefng h\u00e0nh \u0111\u1ed9ng c\u1ee7a b\u1ea3n th\u00e2n. V\u1eady l\u00e0 tr\u1ebb \u0111\u00e3 c\u00f3 \u0111\u01b0\u1ee3c k\u1ef9 n\u0103ng t\u1ed1t \u0111\u1ec3 tr\u01b0\u1edfng th\u00e0nh th\u1eadt tho\u1ea3i m\u00e1i v\u00e0 t\u1ef1 tin.<\/p>\n<p>2. C\u00e2u Chuy\u1ec7n C\u1ee7a Anh 2<\/p>\n<p>Gi\u1ed1ng nh\u01b0 cu\u1ed1n Anh\u2019s Anger, cu\u1ed1n s\u00e1ch n\u00e0y c\u0169ng n\u00f3i v\u1ec1 nh\u00e2n v\u1eadt t\u00ean Anh, m\u1ed9t c\u1eadu b\u00e9 ti\u1ec3u h\u1ecdc b\u00ecnh th\u01b0\u1eddng gi\u1ed1ng nh\u01b0 bao c\u1eadu b\u00e9 kh\u00e1c. Khi ngh\u0129 b\u1ecb b\u1ea1n b\u00e8 b\u1ecf r\u01a1i \u1edf tr\u01b0\u1eddng, Anh \u0111\u00e3 th\u1ea5y v\u00f4 c\u00f9ng t\u1ee9c gi\u1eadn. L\u00fac n\u00e0y, Gail Silver \u0111\u00e3 r\u1ea5t tinh t\u1ebf khi t\u1ea1o ra m\u1ed9t ng\u01b0\u1eddi b\u1ea1n c\u00f3 t\u00ean \u201cAnger\u201d, c\u00f3 l\u00f4ng m\u00e0u \u0111\u1ecf, t\u00ednh kh\u00ed th\u00ec b\u1ed1c \u0111\u1ed3ng v\u00e0 d\u1ea1y Anh nh\u1eefng b\u00e0i h\u1ecdc qu\u00fd gi\u00e1: B\u01b0\u1edbc t\u1eeb t\u1eeb, \u0111\u1ebfm s\u1ed1 b\u01b0\u1edbc v\u00e0 h\u00edt v\u00e0o, th\u1edf ra, Anh s\u1ebd d\u1ea7n tr\u00fat b\u1ecf c\u1ea3m x\u00fac t\u1ee9c gi\u1eadn v\u00e0 th\u1ea5y l\u00f2ng th\u1eadt khoan kho\u00e1i.<\/p>\n<p>Gail Silver \u0111\u00e3 t\u1eebng chia s\u1ebb: \u201cN\u1ebfu ngay t\u1eeb khi c\u00f2n nh\u1ecf, tr\u1ebb \u0111\u01b0\u1ee3c tho\u1ea3i m\u00e1i b\u1ed9c l\u1ed9 c\u1ea3m x\u00fac t\u1ee9c gi\u1eadn c\u1ee7a m\u00ecnh, th\u00ec tr\u1ebb s\u1ebd \u0111\u1ee7 t\u1ef1 tin \u0111\u1ec3 v\u01b0\u1ee3t qua c\u1ea3m x\u00fac n\u00e0y khi b\u01b0\u1edbc v\u00e0o tu\u1ed5i v\u1ecb th\u00e0nh ni\u00ean. T\u00ecnh tr\u1ea1ng b\u1ea1o l\u1ef1c \u1edf tu\u1ed5i v\u1ecb th\u00e0nh ni\u00ean hi\u1ec7n nay l\u00e0 \u0111\u00e1ng b\u1ea1o \u0111\u1ed9ng. T\u00f4i v\u00f4 c\u00f9ng bu\u1ed3n b\u00e3 khi nghe tin c\u00e1c thanh thi\u1ebfu ni\u00ean s\u1eed d\u00f9ng s\u00fang, l\u00e0m th\u01b0\u01a1ng b\u1ea1n b\u00e8 v\u00e0 th\u1ea7y c\u00f4 c\u1ee7a m\u00ecnh. T\u00f4i bi\u1ebft c\u00e1c em \u0111ang g\u1eb7p nhi\u1ec1u kh\u00f3 kh\u0103n v\u00e0 c\u1ea3m x\u00fac t\u1ee9c gi\u1eadn c\u1ee9 ch\u1ea7u ch\u1ef1c \u0111\u1ec3 b\u00f3p n\u00e1t tr\u00e1i tim b\u00e9 b\u1ecfng c\u1ee7a c\u00e1c em. V\u1eady n\u00ean, t\u00f4i vi\u1ebft nh\u1eefng cu\u1ed1n s\u00e1ch n\u00e0y nh\u1eb1m gi\u00fap \u0111\u1ee1 ch\u00ednh c\u00e1c em. T\u00f4i hy v\u1ecdng c\u00e1c em s\u1ebd b\u1edbt hung h\u0103ng h\u01a1n, b\u1edbt c\u00f3 c\u00e1c h\u00e0nh vi b\u1ea1o l\u1ef1c h\u01a1n v\u00ec \u0111\u00e3 bi\u1ebft c\u00e1ch hi\u1ec3u v\u00e0 chuy\u1ec3n ho\u00e1 c\u01a1n gi\u1eadn d\u1eef c\u1ee7a m\u00ecnh\u201d.<\/p>\n<p>3. C\u00e2u Chuy\u1ec7n C\u1ee7a Chi\u1ebfc L\u00e1<\/p>\n<p>C\u00e2u chuy\u1ec7n v\u1ec1 chi\u1ebfc l\u00e1 nh\u1ecf c\u1ed1 g\u1eafng t\u00ecm ki\u1ebfm m\u1ee5c \u0111\u00edch s\u1ed1ng c\u1ee7a m\u00ecnh ch\u1eafc ch\u1eafn s\u1ebd khi\u1ebfn nhi\u1ec1u tr\u1ebb, b\u1eadc ph\u1ee5 huynh v\u00e0 gi\u00e1o vi\u00ean th\u00edch th\u00fa.<\/p>\n<p>Chi\u1ebfc l\u00e1 nh\u1ecf tr\u00ean c\u00e2y cao \u0111\u00e3 c\u00f3 m\u1ed9t chuy\u1ebfn phi\u00eau l\u01b0u \u0111\u1ea7y \u201cs\u00f3ng gi\u00f3\u201d. Chi\u1ebfc l\u00e1 quan s\u00e1t nh\u1eefng ch\u00fa chim non r\u1eddi t\u1ed5 r\u1ed3i tr\u01b0\u1edfng th\u00e0nh v\u00e0 bi\u1ebft bay; nh\u1eefng ch\u00fa s\u00e2u b\u01b0\u1edbm cu\u1ed9n m\u00ecnh trong k\u00e9n r\u1ed3i b\u1ed7ng l\u1edbn l\u00ean th\u1eadt l\u1ed9ng l\u1eaby. Th\u1eddi gian c\u1ee9 th\u1ebf tr\u00f4i \u0111i. Nh\u1eefng ng\u00e0y n\u00f3ng \u1ea5m d\u1ea7n ng\u1eafn l\u1ea1i, c\u00f2n nh\u1eefng ng\u00e0y \u0111\u00f4ng l\u1ea1nh th\u00ec c\u1ee9 d\u00e0i ra. Chi\u1ebfc l\u00e1 nh\u1ecf r\u1ea5t \u0111\u1ed7i lo l\u1eafng, t\u1ef1 h\u1ecfi bao gi\u1edd th\u00ec m\u00ecnh s\u1ebd r\u1eddi c\u00e2y. \u0110\u1ea7u quay cu\u1ed3ng, chi\u1ebfc l\u00e1 d\u00f9ng h\u1ebft s\u1ee9c c\u1ee7a m\u00ecnh gi\u1eef th\u1eadt ch\u1eb7t c\u00e2y, nh\u01b0ng d\u1ea7n ki\u1ec7t s\u1ee9c khi gi\u00f3 th\u1ed5i v\u00e0o c\u00e2y m\u1ed7i ng\u00e0y m\u1ed9t to v\u00e0 l\u1ea1nh. M\u1ed9t ng\u00e0y, chi\u1ebfc l\u00e1 quay l\u1ea1i v\u00e0 b\u1ed7ng th\u1ea5y m\u00ecnh r\u1ea5t \u0111\u1ecf th\u1eabm. \u2026M\u00ecnh s\u1eafp ph\u1ea3i bay r\u1ed3i\u2026 Chi\u1ebfc l\u00e1 c\u1ee9 th\u1ebf bu\u00f4ng tay, nh\u1ea3y m\u00faa v\u00e0 xoay v\u00f2ng v\u00f2ng tr\u00ean m\u1eb7t \u0111\u1ea5t d\u01b0\u1edbi \u00e1nh n\u1eafng m\u00e0u h\u1ed5 ph\u00e1ch. Cu\u1ed1i c\u00f9ng, chi\u1ebfc l\u00e1 \u0111\u00e3 th\u1ef1c s\u1ef1 t\u00ecm \u0111\u01b0\u1ee3c m\u1ee5c \u0111\u00edch s\u1ed1ng c\u1ee7a m\u00ecnh. Nh\u1eb9 b\u1eabng\u2026<\/p>\n<p>4. C\u00e2u Chuy\u1ec7n C\u1ee7a Lily<\/p>\n<p>Lily v\u00e0 em g\u00e1i Ruby c\u00f9ng \u0111i d\u00e3 ngo\u1ea1i. V\u00ec em g\u00e1i l\u00e0m h\u1ecfng tr\u00f2 ch\u01a1i c\u1edd n\u00ean Lily v\u00f4 c\u00f9ng th\u1ea5t v\u1ecdng. Nh\u01b0ng r\u1ed3i c\u00f4 b\u00e9 nhanh ch\u00f3ng b\u1ecb cu\u1ed1n v\u00e0o cu\u1ed1n nh\u1eadt k\u00fd si\u00eau huy\u1ec1n b\u00ed c\u1ee7a c\u1ee5 n\u1ed9i. C\u1ee5 \u0111\u00e3 k\u1ec3 v\u1ec1 cu\u1ed9c g\u1eb7p g\u1ee1 c\u1ee7a c\u1ee5 v\u1edbi m\u1ed9t sinh v\u1eadt tr\u00f4ng gi\u1ed1ng \u1ebfch mang t\u00ean Anger (n\u1ed7i t\u1ee9c gi\u1eadn). Nh\u1edd cu\u1ed1n nh\u1eadt k\u00fd m\u00e0 Lily \u0111\u00e3 bi\u1ebft t\u1edbi k\u1ef9 thu\u1eadt Metta, k\u1ef9 thu\u1eadt gi\u00fap \u201cchuy\u1ec3n ho\u00e1\u201d n\u1ed7i t\u1ee9c gi\u1eadn th\u00e0nh l\u00f2ng nh\u00e2n ai cho h\u00e0ng ngh\u00ecn, h\u00e0ng ngh\u00ecn n\u0103m.<\/p>\n<p>\u0110\u01b0\u1ee3c ho\u1ea1 s\u0129 minh ho\u1ea1 \u0111\u1ea1t nhi\u1ec1u gi\u1ea3i th\u01b0\u1edfng Youme Nguyen L\u00fd v\u1ebd b\u1eb1ng m\u00e0u n\u01b0\u1edbc, cu\u1ed1n s\u00e1ch c\u00f3 th\u1ec3 tr\u1edf th\u00e0nh c\u00f4ng c\u1ee5 \u0111\u1eafc l\u1ef1c c\u1ee7a c\u00e1c b\u1eadc cha m\u1eb9 v\u00e0 gi\u00e1o vi\u00ean \u0111\u1ec3 gi\u00fap tr\u1ebb hi\u1ec3u \u0111\u01b0\u1ee3c g\u1ed1c r\u1ec5 c\u1ee7a nh\u1eefng c\u1ea3m x\u00fac m\u1ea1nh m\u1ebd b\u00ean trong m\u00ecnh v\u00e0 t\u00ecm ra c\u00e1c c\u00e1ch gi\u1ea3i quy\u1ebft \u00f4n ho\u00e0 th\u00f4ng qua k\u1ef9 thu\u1eadt Metta.   <div class=\"banner-grid-wrapper\">\n  <div id=\"banner-grid-485434277\" class=\"banner-grid row row-grid row-small\" data-packery-options=\"\">\n            <style>\n    #banner-grid-485434277 .grid-col-1{height: 600px}\n    #banner-grid-485434277 .grid-col-1-2{height: 300px}\n    #banner-grid-485434277 .grid-col-1-3{height:200px}\n    #banner-grid-485434277 .grid-col-2-3{height: 400px}\n    #banner-grid-485434277 .grid-col-1-4{height: 150px}\n    #banner-grid-485434277 .grid-col-3-4{height: 450px}\n\n\n        \/* Tablet *\/\n    @media (max-width: 850px){\n      #banner-grid-485434277 .grid-col-1{height: 400px}\n      #banner-grid-485434277 .grid-col-1-2{height: 200px}\n      #banner-grid-485434277 .grid-col-1-3{height:133.33333333333px}\n      #banner-grid-485434277 .grid-col-2-3{height: 266.66666666667px}\n      #banner-grid-485434277 .grid-col-1-4{height: 100px}\n      #banner-grid-485434277 .grid-col-3-4{height: 300px}\n    }\n    \n        \/* Mobile *\/\n    @media (max-width: 550px){\n      #banner-grid-485434277 .grid-col-1{height: 400px}\n      #banner-grid-485434277 .grid-col-1-2{height: 200px}\n      #banner-grid-485434277 .grid-col-1-3{height:133.33333333333px}\n      #banner-grid-485434277 .grid-col-2-3{height: 266.66666666667px}\n      #banner-grid-485434277 .grid-col-1-4{height: 100px}\n      #banner-grid-485434277 .grid-col-3-4{height: 300px}\n    }\n    \n\n  <\/style>\n    <\/div>\n    <style>\n    #banner-grid-485434277 .grid-col-1{height: 600px}\n    #banner-grid-485434277 .grid-col-1-2{height: 300px}\n    #banner-grid-485434277 .grid-col-1-3{height:200px}\n    #banner-grid-485434277 .grid-col-2-3{height: 400px}\n    #banner-grid-485434277 .grid-col-1-4{height: 150px}\n    #banner-grid-485434277 .grid-col-3-4{height: 450px}\n\n\n    \n    \n\n  <\/style>\n    <\/div>\n  \n","protected":false},"excerpt":{"rendered":"<p>Cu\u1ed1n s\u00e1ch s\u1ebd gi\u00fap tr\u1ebb, b\u1eadc cha m\u1eb9 v\u00e0 gi\u00e1o vi\u00ean bi\u1ebft ph\u01b0\u01a1ng ph\u00e1p th\u1ef1c h\u00e0nh c\u1ee5 th\u1ec3 \u0111\u1ec3 \u0111\u1ed1i ph\u00f3 v\u1edbi c\u01a1n t\u1ee9c gi\u1eadn c\u00f9ng nh\u1eefng c\u1ea3m x\u00fac m\u1ea1nh m\u1ebd kh\u00e1c.<\/p>\n<p>Trong cu\u1ed1n s\u00e1ch, c\u1eadu b\u00e9 5 tu\u1ed5i t\u00ean Anh \u0111\u00e3 tr\u1edf n\u00ean t\u1ee9c gi\u1eadn khi \u00f4ng n\u1ed9i y\u00eau c\u1ea7u d\u1eebng ch\u01a1i v\u00e0 \u0111\u1ebfn b\u00e0n \u0103n t\u1ed1i. \u00d4ng \u0111\u00e3 gi\u00fap Anh c\u1ea3m nh\u1eadn tr\u1ecdn v\u1eb9n v\u1ec1 c\u01a1n t\u1ee9c gi\u1eadn trong m\u00ecnh khi \u0111\u1ec1 ngh\u1ecb c\u1eadu v\u1ec1 ph\u00f2ng v\u00e0 ng\u1ed3i y\u00ean d\u00f9 l\u00f2ng c\u1eadu \u0111\u1ea7y t\u1ee9c gi\u1eadn. C\u1ee9 ng\u1ed3i nh\u01b0 v\u1eady, cu\u1ed1i c\u00f9ng, Anh \u0111\u00e3 ph\u00e1t hi\u1ec7n ra nhi\u1ec1u \u0111i\u1ec1u th\u1eadt s\u00e2u s\u1eafc.<\/p>\n<p>Cu\u1ed1n s\u00e1ch \u0111\u01b0\u1ee3c minh ho\u1ea1 th\u1eadt \u0111\u1eb9p m\u1eaft v\u1edbi nh\u1eefng b\u1ee9c \u1ea3nh gh\u00e9p th\u1ee7 c\u00f4ng c\u1ee7a ngh\u1ec7 s\u0129 New York v\u00e0 ho\u1ea1 s\u0129 minh ho\u1ea1 s\u00e1ch thi\u1ebfu nhi Christiane Kromer. Ch\u00ednh nh\u1eefng v\u1eadt li\u1ec7u nh\u01b0 gi\u1ea5y, m\u00e0u acrylic, b\u00eca c\u1ee9ng c\u00f9ng nh\u1eefng v\u1eadt li\u1ec7u kh\u00e1c \u0111\u00e3 ph\u1ea3n \u00e1nh \u0111\u01b0\u1ee3c s\u1ee3i d\u00e2y k\u1ebft n\u1ed1i gi\u1eefa c\u00e1c nh\u00e2n v\u1eadt v\u00e0 m\u00f4i tr\u01b0\u1eddng s\u1ed1ng c\u1ee7a h\u1ecd, c\u0169ng nh\u01b0 huy \u0111\u1ed9ng m\u1ed9t lo\u1ea1t nh\u1eefng c\u1ea3m x\u00fac c\u00f3 th\u0103ng tr\u1ea7m.<\/p>\n","protected":false},"featured_media":2746,"template":"","meta":{"_acf_changed":false},"product_brand":[],"product_cat":[25,17],"product_tag":[81],"class_list":{"0":"post-2751","1":"product","2":"type-product","3":"status-publish","4":"has-post-thumbnail","6":"product_cat-nhi-dong-6-tuoi-12-tuoi","7":"product_cat-sach-danh-cho-cac-be","8":"product_tag-sach-gia-uu-dai","10":"first","11":"outofstock","12":"sale","13":"taxable","14":"shipping-taxable","15":"purchasable","16":"product-type-woosb"},"supplier_id":null,"supplier_sku":"","barcode":null,"atum_controlled":true,"out_stock_date":"2021-03-01 23:34:22","out_stock_threshold":null,"inheritable":false,"inbound_stock":0,"stock_on_hold":0,"sold_today":0,"sales_last_days":0,"reserved_stock":0,"customer_returns":0,"warehouse_damage":0,"lost_in_post":0,"other_logs":0,"out_stock_days":1793,"lost_sales":0,"has_location":false,"update_date":"2026-01-28T23:10:32","atum_locations":[],"atum_stock_status":"outofstock","restock_status":false,"low_stock_amount":"","sales_update_date":"2026-01-28T23:10:32","calc_backorders":null,"acf":{"publisher":{"ID":1474,"post_author":"1","post_date":"2021-02-17 01:12:51","post_date_gmt":"2021-02-16 23:12:51","post_content":"","post_title":"Th\u00e1i H\u00e0","post_excerpt":"","post_status":"publish","comment_status":"closed","ping_status":"closed","post_password":"","post_name":"thai-ha","to_ping":"","pinged":"","post_modified":"2021-02-17 01:12:51","post_modified_gmt":"2021-02-16 23:12:51","post_content_filtered":"","post_parent":0,"guid":"https:\/\/sachviet.eu\/nha-phat-hanh\/thai-ha\/","menu_order":0,"post_type":"publisher","post_mime_type":"","comment_count":"0","filter":"raw"}},"_links":{"self":[{"href":"https:\/\/sachviet.eu\/en\/wp-json\/wp\/v2\/product\/2751","targetHints":{"allow":["GET"]}}],"collection":[{"href":"https:\/\/sachviet.eu\/en\/wp-json\/wp\/v2\/product"}],"about":[{"href":"https:\/\/sachviet.eu\/en\/wp-json\/wp\/v2\/types\/product"}],"wp:featuredmedia":[{"embeddable":true,"href":"https:\/\/sachviet.eu\/en\/wp-json\/wp\/v2\/media\/2746"}],"wp:attachment":[{"href":"https:\/\/sachviet.eu\/en\/wp-json\/wp\/v2\/media?parent=2751"}],"wp:term":[{"taxonomy":"product_brand","embeddable":true,"href":"https:\/\/sachviet.eu\/en\/wp-json\/wp\/v2\/product_brand?post=2751"},{"taxonomy":"product_cat","embeddable":true,"href":"https:\/\/sachviet.eu\/en\/wp-json\/wp\/v2\/product_cat?post=2751"},{"taxonomy":"product_tag","embeddable":true,"href":"https:\/\/sachviet.eu\/en\/wp-json\/wp\/v2\/product_tag?post=2751"}],"curies":[{"name":"wp","href":"https:\/\/api.w.org\/{rel}","templated":true}]}}