{"id":2725,"date":"2021-02-25T20:44:33","date_gmt":"2021-02-25T18:44:33","guid":{"rendered":"https:\/\/sachviet.eu\/shop\/ngon-lua-dem-30\/"},"modified":"2021-05-18T00:41:24","modified_gmt":"2021-05-17T21:41:24","slug":"ngon-lua-dem-30","status":"publish","type":"product","link":"https:\/\/sachviet.eu\/en\/shop\/ngon-lua-dem-30\/","title":{"rendered":"Ng\u1ecdn l\u1eeda \u0111\u00eam 30"},"content":{"rendered":"<p>NH\u00c0 V\u0102N TH\u00d9Y D\u01af\u01a0NG<\/p>\n<p>Sinh n\u0103m: 1960<\/p>\n<p>Qu\u00ea qu\u00e1n: Th\u00e0nh ph\u1ed1 H\u1ea3i D\u01b0\u01a1ng<\/p>\n<p>\u2022 T\u1ed1t nghi\u1ec7p kh\u00f3a IV Tr\u01b0\u1eddng vi\u1ebft v\u0103n Nguy\u1ec5n Du.<\/p>\n<p>\u2022 Hi\u1ec7n l\u00e0 T\u1ed5ng bi\u00ean t\u1eadp T\u1ea1p ch\u00ed Th\u01b0\u01a1ng Gia.<\/p>\n<p>Gi\u1ea3i th\u01b0\u1edfng:<\/p>\n<p>\u2022 Gi\u1ea3i th\u01b0\u1edfng ti\u1ec3u thuy\u1ebft c\u1ee7a H\u1ed9i Nh\u00e0 v\u0103n Vi\u1ec7t Nam n\u0103m 2004.<\/p>\n<p>\u2022 Gi\u1ea3i th\u01b0\u1edfng ti\u1ec3u thuy\u1ebft c\u1ee7a H\u1ed9i Nh\u00e0 v\u0103n Vi\u1ec7t Nam n\u0103m 2009.<\/p>\n<p>\u2022 Gi\u1ea3i th\u01b0\u1edfng c\u1ee7a H\u1ed9i Nh\u00e0 v\u0103n H\u00e0 N\u1ed9i n\u0103m 2010.<\/p>\n<p>\u2022 Gi\u1ea3i th\u01b0\u1edfng c\u1ee7a B\u00e1o V\u0103n ngh\u1ec7 ph\u1ee5 n\u1eef Th\u00e0nh ph\u1ed1 H\u1ed3 Ch\u00ed Minh.<\/p>\n<p>Nh\u00e0 v\u0103n Th\u00f9y D\u01b0\u01a1ng \u0111\u00e3 t\u1ecfa s\u00e1ng v\u1edbi nh\u1eefng t\u00e1c ph\u1ea9m vi\u1ebft cho ng\u01b0\u1eddi l\u1edbn, nh\u01b0ng ch\u1ecb v\u1eabn lu\u00f4n nh\u1eafc, kh\u1edfi \u0111\u1ea7u ngh\u1ec1 vi\u1ebft v\u0103n, ch\u1ecb s\u00e1ng t\u00e1c truy\u1ec7n ng\u1eafn cho thi\u1ebfu nhi (n\u0103m 1980). V\u00e0 ch\u1ecb c\u0169ng kh\u00e1 th\u00e0nh c\u00f4ng v\u1edbi \u0111\u1ed1i t\u01b0\u1ee3ng n\u00e0y. N\u0103m 2001 ch\u1ecb \u0111\u01b0\u1ee3c gi\u1ea3i nh\u1ea5t truy\u1ec7n ng\u1eafn B\u00e1o Thi\u1ebfu ni\u00ean Ti\u1ec1n phong.<\/p>\n<p>S\u00e1ch cho thi\u1ebfu nhi \u0111\u00e3 xu\u1ea5t b\u1ea3n:<\/p>\n<p>\u2022 Trong h\u1ed9p k\u1eb9o (t\u1eadp truy\u1ec7n ng\u1eafn, 1986)<\/p>\n<p>\u2022 Chim b\u00f4ng v\u00e0 s\u1ebb n\u00e2u (in chung, 1987)<\/p>\n<p>\u2022 T\u00f3c r\u1ed1i \u0111\u1ed5i k\u1eb9o (truy\u1ec7n v\u1eeba, 2016)<\/p>\n","protected":false},"excerpt":{"rendered":"<p>T\u00f4i v\u00e0 em trai \u0111\u01b0\u1ee3c m\u1eb9 g\u1eedi v\u1ec1 qu\u00ea s\u01a1 t\u00e1n v\u1edbi b\u00e0 ngo\u1ea1i khi m\u1edbi n\u0103m tu\u1ed5i. B\u1edd \u0111\u00ea, \u0111\u1ed3ng l\u00faa, con s\u00f4ng, \u0111\u00e1m c\u1ecf m\u1ec1m d\u01b0\u1edbi ch\u00e2n, l\u0169 qu\u1ea3 d\u1ea1i \u1edf b\u1edd r\u00e0o, r\u1ed3i ch\u00e2u ch\u1ea5u, chu\u1ed3n chu\u1ed3n&#8230; \u0111\u1ec1u tr\u1edf th\u00e0nh b\u1ea1n b\u00e8 th\u00e2n thi\u1ebft. Lu\u00f4n lu\u00f4n trong t\u00e2m t\u01b0\u1edfng c\u1ee7a c\u00f4 b\u00e9 con ng\u00e0y \u1ea5y l\u00e0 m\u1ed9t ng\u01b0\u1eddi v\u00f4 h\u00ecnh t\u1ea1o ra t\u1ea5t c\u1ea3 nh\u1eefng th\u1ee9 \u0111\u00f3 d\u00e0nh ri\u00eang cho tr\u1ebb con. M\u1ea3nh tr\u0103ng ch\u01a1i v\u01a1i gi\u1eefa tr\u1eddi ch\u00ednh l\u00e0 c\u1ee7a ng\u01b0\u1eddi v\u00f4 h\u00ecnh \u1ea5y \u0111i g\u1eb7t tr\u1eddi sao \u0111\u00e3 v\u00f4 t\u00ecnh \u0111\u00e1nh r\u01a1i chi\u1ebfc li\u1ec1m v\u00e0ng c\u1ee7a m\u00ecnh&#8230;<\/p>\n<p>Tr\u01b0\u1edbc s\u00e2n m\u1ed9t con g\u00e0 m\u00e1i m\u01a1 l\u00f4ng m\u01b0\u1ee3t \u00eam v\u1edbi \u0111\u00f4i m\u1eaft tr\u00f2n ng\u01a1 ng\u00e1c \u0111i ngang qua v\u00e0 chi\u1ec1u s\u1eabm t\u1ed1i r\u1ea5t nhanh v\u1edbi r\u00e1ng \u0111\u1ecf le l\u00f3i ph\u00eda t\u00e2y, n\u1ed7i nh\u1edb m\u1eb9 \u00e9p trong l\u1ed3ng ng\u1ef1c nh\u1ecf, ti\u1ebfng em trai g\u1ecdi th\u1ea3ng th\u1ed1t \u0111\u00e2u \u0111\u00e2y, kh\u00f3i x\u00e1m \u0111\u00f9n l\u00ean qua m\u00e1i r\u1ea1 b\u1ebfp \u0111\u1ea7u h\u1ed3i&#8230;<\/p>\n<p>Tu\u1ed5i th\u01a1 c\u1ee9 mi\u00ean man theo m\u1ed7i b\u01b0\u1edbc ch\u00e2n v\u00e0 th\u1eadt h\u1ea1nh ph\u00fac khi ta nh\u1eadn ra trong m\u00ecnh v\u1eabn c\u00f3 m\u1ed9t c\u00f4 b\u00e9 con ng\u00e0y n\u00e0o&#8230;<\/p>\n","protected":false},"featured_media":2724,"template":"","meta":{"_acf_changed":false},"product_brand":[],"product_cat":[17,71,26],"product_tag":[],"class_list":{"0":"post-2725","1":"product","2":"type-product","3":"status-publish","4":"has-post-thumbnail","6":"product_cat-sach-danh-cho-cac-be","7":"product_cat-sach-tre-em-thuan-viet","8":"product_cat-thieu-nien-11-tuoi-18-tuoi","10":"first","11":"outofstock","12":"taxable","13":"shipping-taxable","14":"purchasable","15":"product-type-simple"},"supplier_id":null,"supplier_sku":"","barcode":null,"atum_controlled":true,"out_stock_date":"2021-05-02 12:43:41","out_stock_threshold":null,"inheritable":false,"inbound_stock":0,"stock_on_hold":0,"sold_today":0,"sales_last_days":0,"reserved_stock":0,"customer_returns":0,"warehouse_damage":0,"lost_in_post":0,"other_logs":0,"out_stock_days":1732,"lost_sales":0,"has_location":false,"update_date":"2026-01-28T23:10:32","atum_locations":[],"atum_stock_status":"outofstock","restock_status":false,"low_stock_amount":"","sales_update_date":"2026-01-28T23:10:32","calc_backorders":null,"acf":{"publisher":{"ID":1454,"post_author":"1","post_date":"2021-02-17 01:11:34","post_date_gmt":"2021-02-16 23:11:34","post_content":"<!-- wp:flatsome\/uxbuilder -->\n<h1 style=\"text-align: center;\"><strong>Kim \u0110\u1ed3ng<\/strong><\/h1>\n[row]\n\n[col span=\"3\" span__sm=\"12\"]\n\n[ux_image id=\"1534\" image_size=\"medium\"]\n\n\n[\/col]\n[col span=\"9\" span__sm=\"12\"]\n\n<p>Nh\u00e0 xu\u1ea5t b\u1ea3n Kim \u0110\u1ed3ng tr\u1ef1c thu\u1ed9c Trung \u01b0\u01a1ng \u0110o\u00e0n TNCS H\u1ed3 Ch\u00ed Minh l\u00e0 Nh\u00e0 xu\u1ea5t b\u1ea3n t\u1ed5ng h\u1ee3p c\u00f3 ch\u1ee9c n\u0103ng xu\u1ea5t b\u1ea3n s\u00e1ch v\u00e0 v\u0103n h\u00f3a ph\u1ea9m ph\u1ee5c v\u1ee5 thi\u1ebfu nhi v\u00e0 c\u00e1c b\u1eadc ph\u1ee5 huynh trong c\u1ea3 n\u01b0\u1edbc, qu\u1ea3ng b\u00e1 v\u00e0 gi\u1edbi thi\u1ec7u v\u0103n h\u00f3a Vi\u1ec7t Nam ra th\u1ebf gi\u1edbi.<br \/>Nh\u00e0 xu\u1ea5t b\u1ea3n c\u00f3 nhi\u1ec7m v\u1ee5 t\u1ed5 ch\u1ee9c b\u1ea3n th\u1ea3o, bi\u00ean so\u1ea1n, bi\u00ean d\u1ecbch, xu\u1ea5t b\u1ea3n v\u00e0 ph\u00e1t h\u00e0nh c\u00e1c xu\u1ea5t b\u1ea3n ph\u1ea9m c\u00f3 n\u1ed9i dung: gi\u00e1o d\u1ee5c truy\u1ec1n th\u1ed1ng d\u00e2n t\u1ed9c, gi\u00e1o d\u1ee5c v\u1ec1 tri th\u1ee9c, ki\u1ebfn th\u1ee9c\u2026 tr\u00ean c\u00e1c l\u0129nh v\u1ef1c v\u0103n h\u1ecdc, ngh\u1ec7 thu\u1eadt, khoa h\u1ecdc k\u1ef9 thu\u1eadt nh\u1eb1m cung c\u1ea5p cho c\u00e1c em thi\u1ebfu nhi c\u0169ng nh\u01b0 c\u00e1c b\u1eadc ph\u1ee5 huynh c\u00e1c ki\u1ebfn th\u1ee9c c\u1ea7n thi\u1ebft trong cu\u1ed9c s\u1ed1ng, nh\u1eefng tinh hoa c\u1ee7a tri th\u1ee9c nh\u00e2n lo\u1ea1i nh\u1eb1m g\u00f3p ph\u1ea7n gi\u00e1o d\u1ee5c v\u00e0 h\u00ecnh th\u00e0nh nh\u00e2n c\u00e1ch th\u1ebf h\u1ec7 tr\u1ebb.<br \/>\u0110\u1ed1i t\u01b0\u1ee3ng ph\u1ee5c v\u1ee5 c\u1ee7a Nh\u00e0 xu\u1ea5t b\u1ea3n l\u00e0 c\u00e1c em t\u1eeb tu\u1ed5i nh\u00e0 tr\u1ebb m\u1eabu gi\u00e1o (1 \u0111\u1ebfn 5 tu\u1ed5i), nhi \u0111\u1ed3ng (6 \u0111\u1ebfn 9 tu\u1ed5i), thi\u1ebfu ni\u00ean (10 \u0111\u1ebfn 15 tu\u1ed5i) \u0111\u1ebfn c\u00e1c em tu\u1ed5i m\u1edbi l\u1edbn (16 \u0111\u1ebfn 18 tu\u1ed5i) v\u00e0 c\u00e1c b\u1eadc ph\u1ee5 huynh.<\/p>\n\n[\/col]\n\n[\/row]\n\n<!-- \/wp:flatsome\/uxbuilder -->","post_title":"Kim \u0110\u1ed3ng","post_excerpt":"","post_status":"publish","comment_status":"closed","ping_status":"closed","post_password":"","post_name":"kim-dong","to_ping":"","pinged":"","post_modified":"2021-02-17 01:31:56","post_modified_gmt":"2021-02-16 23:31:56","post_content_filtered":"","post_parent":0,"guid":"https:\/\/sachviet.eu\/nha-phat-hanh\/kim-dong\/","menu_order":0,"post_type":"publisher","post_mime_type":"","comment_count":"0","filter":"raw"}},"_links":{"self":[{"href":"https:\/\/sachviet.eu\/en\/wp-json\/wp\/v2\/product\/2725","targetHints":{"allow":["GET"]}}],"collection":[{"href":"https:\/\/sachviet.eu\/en\/wp-json\/wp\/v2\/product"}],"about":[{"href":"https:\/\/sachviet.eu\/en\/wp-json\/wp\/v2\/types\/product"}],"wp:featuredmedia":[{"embeddable":true,"href":"https:\/\/sachviet.eu\/en\/wp-json\/wp\/v2\/media\/2724"}],"wp:attachment":[{"href":"https:\/\/sachviet.eu\/en\/wp-json\/wp\/v2\/media?parent=2725"}],"wp:term":[{"taxonomy":"product_brand","embeddable":true,"href":"https:\/\/sachviet.eu\/en\/wp-json\/wp\/v2\/product_brand?post=2725"},{"taxonomy":"product_cat","embeddable":true,"href":"https:\/\/sachviet.eu\/en\/wp-json\/wp\/v2\/product_cat?post=2725"},{"taxonomy":"product_tag","embeddable":true,"href":"https:\/\/sachviet.eu\/en\/wp-json\/wp\/v2\/product_tag?post=2725"}],"curies":[{"name":"wp","href":"https:\/\/api.w.org\/{rel}","templated":true}]}}