{"id":2723,"date":"2021-02-25T20:44:28","date_gmt":"2021-02-25T18:44:28","guid":{"rendered":"https:\/\/sachviet.eu\/shop\/xu-nevermoor-dieu-ky-morrigan-va-loi-trieu-hoi-cua-wundersmith\/"},"modified":"2024-08-25T22:41:47","modified_gmt":"2024-08-25T19:41:47","slug":"xu-nevermoor-dieu-ky-morrigan-va-loi-trieu-hoi-cua-wundersmith","status":"publish","type":"product","link":"https:\/\/sachviet.eu\/en\/shop\/xu-nevermoor-dieu-ky-morrigan-va-loi-trieu-hoi-cua-wundersmith\/","title":{"rendered":"X\u1ee9 Nevermoor di\u1ec7u k\u1ef3 &#8211; Morrigan v\u00e0 l\u1eddi tri\u1ec7u h\u1ed3i c\u1ee7a Wundersmith"},"content":{"rendered":"<p>\u201cT\u01b0\u1edfng t\u01b0\u1ee3ng ch\u00e1u l\u00e0 m\u1ed9t b\u00f3ng ma nh\u00e9! Lang thang trong th\u1ebf gi\u1edbi ch\u00e1u t\u1eebng s\u1ed1ng, kh\u00f4ng th\u1ec3 tr\u00f2 chuy\u1ec7n v\u1edbi ai, kh\u00f4ng th\u1ec3 ch\u1ea1m v\u00e0o b\u1ea5t c\u1ee9 th\u1ee9 g\u00ec. M\u1ecdi ng\u01b0\u1eddi c\u1ee9 th\u1ebf ti\u1ebfn th\u1eb3ng qua ch\u00e1u, b\u01b0\u1edbc th\u1eb3ng qua ch\u00e1u. \u0110i\u1ec1u \u0111\u00f3 s\u1ebd khi\u1ebfn ch\u00e1u c\u1ea3m th\u1ea5y th\u1ebf n\u00e0o?&#8230;<\/p>\n<p>Gi\u1ed1ng nh\u01b0 ch\u00e1u \u0111ang quan s\u00e1t th\u1ebf gi\u1edbi t\u1eeb ph\u00eda sau m\u1ed9t t\u1ea5m k\u00ednh. V\u00e0 r\u1ed3i &#8211; b\u1ea5t th\u00ecnh l\u00ecnh \u0111\u1ebfn m\u1ed9t ng\u00e0y &#8211; ch\u00e1u tr\u1edf n\u00ean hi\u1ec7n h\u1eefu. Ch\u00e1u hi\u1ec7n h\u1eefu b\u1edfi v\u00ec ai \u0111\u00f3 c\u00f3 th\u1ec3 nghe th\u1ea5y ch\u00e1u, nh\u00ecn th\u1ea5y ch\u00e1u. Cu\u1ed1i c\u00f9ng th\u00ec ch\u00e1u c\u0169ng c\u00f3 m\u1ed9t ng\u01b0\u1eddi b\u1ea1n! M\u1ed9t linh h\u1ed3n t\u1eed t\u1ebf, t\u1ed1t b\u1ee5ng! M\u1ed9t ai \u0111\u00f3 \u0111\u1ec3 ch\u00e1u giao ti\u1ebfp. M\u1ed9t t\u00ecnh y\u00eau \u0111\u00edch th\u1ef1c. \u0110\u00f3 ch\u00ednh l\u00e0 c\u00e2u chuy\u1ec7n c\u1ee7a Wunder v\u00e0 Wundersmith&#8230; Wunder c\u00f3 t\u00ecnh y\u00eau v\u1edbi Wundersmith theo c\u00e1ch r\u1ea5t \u00e1m \u1ea3nh v\u00e0 \u0111\u1ea7y nguy hi\u1ec3m. Ngu\u1ed3n n\u0103ng l\u01b0\u1ee3ng \u0111\u00f3 ph\u1ea3i c\u00f3 n\u01a1i ch\u1ed1n \u0111\u1ec3 \u0111i t\u1edbi!\u201d<\/p>\n<p>\u0110\u00e1nh gi\u00e1<\/p>\n<p>\u201cT\u1eadp s\u00e1ch n\u00e0y xu\u1ea5t hi\u1ec7n r\u1ea5t nhi\u1ec1u nh\u00e2n v\u1eadt m\u1edbi h\u1ea5p d\u1eabn, d\u1ef1ng l\u00ean v\u00f4 v\u00e0n khung c\u1ea3nh \u0111\u00e1ng kinh ng\u1ea1c v\u00e0 m\u1edf ra li\u00ean ti\u1ebfp nh\u1eefng b\u01b0\u1edbc ngo\u1eb7t k\u1ecbch t\u00ednh.\u201d<\/p>\n<p>&#8211; Elisabeth, \u0111\u1ed9c gi\u1ea3 M\u1ef9 17 tu\u1ed5i &#8211;<\/p>\n<p>\u201cM\u1ed9t t\u1eadp s\u00e1ch th\u00fa v\u1ecb &#8211; thu\u1ed9c m\u1ed9t b\u1ed9 s\u00e1ch s\u00e1ng t\u1ea1o tuy\u1ec7t v\u1eddi &#8211; d\u00e0nh cho m\u1ecdi l\u1ee9a tu\u1ed5i.\u201d<\/p>\n<p>&#8211; Jean Hall, \u0111\u1ed9c gi\u1ea3 M\u1ef9 71 tu\u1ed5i &#8211;<\/p>\n<p>T\u00c1C GI\u1ea2<\/p>\n<p>Jessica Townsend s\u1ed1ng \u1edf Sunshine Coast, n\u01b0\u1edbc \u00dac. C\u00f4 c\u0169ng c\u00f3 th\u1eddi gian qua l\u1ea1i London &#8211; n\u01b0\u1edbc Anh, th\u00e0nh ph\u1ed1 tuy\u1ec7t v\u1eddi \u1edf x\u1ee9 s\u1edf s\u01b0\u01a1ng m\u00f9 n\u00e0y \u0111\u00e3 truy\u1ec1n c\u1ea3m h\u1ee9ng r\u1ea5t nhi\u1ec1u cho c\u00e1c s\u00e1ng t\u00e1c c\u1ee7a c\u00f4.<\/p>\n<p>C\u00f4 l\u00e0 m\u1ed9t ng\u01b0\u1eddi bi\u00ean so\u1ea1n n\u1ed9i dung trong t\u00e1m n\u0103m, v\u00e0 tr\u01b0\u1edbc \u0111\u00f3 l\u00e0 bi\u00ean t\u1eadp vi\u00ean c\u1ee7a t\u1ea1p ch\u00ed \u0111\u1ed9ng v\u1eadt hoang d\u00e3 d\u00e0nh cho tr\u1ebb em c\u1ee7a V\u01b0\u1eddn b\u00e1ch th\u00fa n\u01b0\u1edbc \u00dac \u1edf Steve Irwin. Hi\u1ec7n t\u1ea1i c\u00f4 d\u00e0nh tr\u1ecdn th\u1eddi gian cho s\u00e1ng t\u00e1c.<\/p>\n  <div class=\"banner-grid-wrapper\">\n  <div id=\"banner-grid-934794208\" class=\"banner-grid row row-grid row-small\" data-packery-options=\"\">\n                      \n<div class=\"col grid-col large-8 grid-col-1\" ><div class=\"col-inner\">\n\t<div class=\"img has-hover x md-x lg-x y md-y lg-y\" id=\"image_979286023\">\n\t\t\t\t\t\t\t\t<div class=\"img-inner dark\" >\n\t\t\t<img loading=\"lazy\" decoding=\"async\" width=\"1020\" height=\"680\" src=\"https:\/\/sachviet.eu\/wp-content\/uploads\/2021\/02\/117888914_4539070019436531_5003277665527303475_o-1024x683.jpg\" class=\"attachment-large size-large\" alt=\"\" srcset=\"https:\/\/sachviet.eu\/wp-content\/uploads\/2021\/02\/117888914_4539070019436531_5003277665527303475_o-1024x683.jpg 1024w, https:\/\/sachviet.eu\/wp-content\/uploads\/2021\/02\/117888914_4539070019436531_5003277665527303475_o-300x200.jpg 300w, https:\/\/sachviet.eu\/wp-content\/uploads\/2021\/02\/117888914_4539070019436531_5003277665527303475_o-768x512.jpg 768w, https:\/\/sachviet.eu\/wp-content\/uploads\/2021\/02\/117888914_4539070019436531_5003277665527303475_o-1536x1024.jpg 1536w, https:\/\/sachviet.eu\/wp-content\/uploads\/2021\/02\/117888914_4539070019436531_5003277665527303475_o-600x400.jpg 600w, https:\/\/sachviet.eu\/wp-content\/uploads\/2021\/02\/117888914_4539070019436531_5003277665527303475_o.jpg 2048w\" sizes=\"auto, (max-width: 1020px) 100vw, 1020px\" \/>\t\t\t\t\t\t\n\t\t\t\t\t<\/div>\n\t\t\t\t\t\t\t\t\n<style>\n#image_979286023 {\n  width: 100%;\n}\n<\/style>\n\t<\/div>\n\t\n<\/div><\/div>\n<div class=\"col grid-col large-4 grid-col-1\" ><div class=\"col-inner\">\n\t<div class=\"img has-hover x md-x lg-x y md-y lg-y\" id=\"image_1802124352\">\n\t\t\t\t\t\t\t\t<div class=\"img-inner dark\" >\n\t\t\t<img loading=\"lazy\" decoding=\"async\" width=\"1020\" height=\"680\" src=\"https:\/\/sachviet.eu\/wp-content\/uploads\/2021\/02\/116786113_4462833730393494_3870431048595599284_o-1-1024x683.jpg\" class=\"attachment-large size-large\" alt=\"\" srcset=\"https:\/\/sachviet.eu\/wp-content\/uploads\/2021\/02\/116786113_4462833730393494_3870431048595599284_o-1-1024x683.jpg 1024w, https:\/\/sachviet.eu\/wp-content\/uploads\/2021\/02\/116786113_4462833730393494_3870431048595599284_o-1-300x200.jpg 300w, https:\/\/sachviet.eu\/wp-content\/uploads\/2021\/02\/116786113_4462833730393494_3870431048595599284_o-1-768x512.jpg 768w, https:\/\/sachviet.eu\/wp-content\/uploads\/2021\/02\/116786113_4462833730393494_3870431048595599284_o-1-1536x1024.jpg 1536w, https:\/\/sachviet.eu\/wp-content\/uploads\/2021\/02\/116786113_4462833730393494_3870431048595599284_o-1-600x400.jpg 600w, https:\/\/sachviet.eu\/wp-content\/uploads\/2021\/02\/116786113_4462833730393494_3870431048595599284_o-1.jpg 2048w\" sizes=\"auto, (max-width: 1020px) 100vw, 1020px\" \/>\t\t\t\t\t\t\n\t\t\t\t\t<\/div>\n\t\t\t\t\t\t\t\t\n<style>\n#image_1802124352 {\n  width: 100%;\n}\n<\/style>\n\t<\/div>\n\t\n<\/div><\/div>\n            <\/div>\n    <style>\n    #banner-grid-934794208 .grid-col-1{height: 600px}\n    #banner-grid-934794208 .grid-col-1-2{height: 300px}\n    #banner-grid-934794208 .grid-col-1-3{height:200px}\n    #banner-grid-934794208 .grid-col-2-3{height: 400px}\n    #banner-grid-934794208 .grid-col-1-4{height: 150px}\n    #banner-grid-934794208 .grid-col-3-4{height: 450px}\n\n\n    \n    \n\n  <\/style>\n    <\/div>\n  \n","protected":false},"excerpt":{"rendered":"<p>X\u1ee9 Nevermoor Di\u1ec7u K\u1ef3 &#8211; Morrigan V\u00e0 L\u1eddi Tri\u1ec7u H\u1ed3i C\u1ee7a Wundersmith<\/p>\n<p>Morrigan Crow \u0111\u00e3 tho\u00e1t kh\u1ecfi l\u1eddi nguy\u1ec1n ch\u1ebft ch\u00f3c c\u1ee7a m\u00ecnh; c\u00f4 gia nh\u1eadp Hi\u1ec7p h\u1ed9i Wundrous v\u00e0 nh\u1eadn l\u1ea5y huy hi\u1ec7u ch\u1eef W danh gi\u00e1. Vai tr\u00f2 m\u1edbi m\u1ebb c\u00f9ng nh\u1eefng \u0111\u1eb7c quy\u1ec1n \u0111\u00e1ng m\u01a1 \u01b0\u1edbc n\u00e0y h\u1ee9a h\u1eb9n mang l\u1ea1i cho c\u00f4 s\u1ef1 b\u1ea3o v\u1ec7 tuy\u1ec7t \u0111\u1ed1i, t\u00ecnh b\u1eb1ng h\u1eefu trung th\u00e0nh v\u00e0 nh\u1eefng ng\u01b0\u1eddi anh ch\u1ecb em tr\u1ecdn \u0111\u1eddi. Nh\u01b0ng m\u1ecdi chuy\u1ec7n kh\u00f4ng di\u1ec5n ra su\u00f4n s\u1ebb nh\u01b0 c\u00f4 hy v\u1ecdng.<\/p>\n<p>Trong khi \u0111\u00f3, x\u1ee9 Nevermoor di\u1ec7u k\u1ef3 v\u1ed1n l\u00e0 m\u1ed9t n\u01a1i ch\u1ed1n h\u1ea1nh ph\u00fac v\u00e0 an to\u00e0n th\u00ec gi\u1edd \u1ea9n t\u00e0ng nhi\u1ec1u m\u1ed1i nguy hi\u1ec3m khi li\u00ean ti\u1ebfp x\u1ea3y ra nh\u1eefng v\u1ee5 m\u1ea5t t\u00edch, xu\u1ea5t hi\u1ec7n nh\u1eefng l\u00e1 th\u01b0 n\u1eb7c danh\u2026 khi\u1ebfn ai ai c\u0169ng b\u1ea5t an.<\/p>\n<p>C\u00f2n Morrigan \u0111ang b\u1ed1i r\u1ed1i khi b\u01b0\u1edbc \u0111\u1ea7u kh\u00e1m ph\u00e1 b\u1ea3n th\u00e2n v\u1edbi t\u01b0 c\u00e1ch l\u00e0 m\u1ed9t Wundersmith c\u00f3 s\u1ee9c m\u1ea1nh v\u00f4 h\u1ea1n, th\u00ec c\u00f4 l\u1ea1i li\u00ean ti\u1ebfp d\u1ea5n b\u01b0\u1edbc v\u00e0o nh\u1eefng ch\u1eb7ng phi\u00eau l\u01b0u k\u1ef3 b\u00ed v\u00e0 \u0111\u01b0\u01a1ng \u0111\u1ea7u bao th\u00e1ch th\u1ee9c b\u1ea5t ng\u1edd m\u1edbi.<\/p>\n<p>Li\u1ec7u m\u01a1 \u01b0\u1edbc tho\u00e1t kh\u1ecfi l\u1eddi nguy\u1ec1n \u00e1m \u1ea3nh su\u1ed1t cu\u1ed9c \u0111\u1eddi Morrigan c\u00f3 b\u1ecb d\u1eadp t\u1eaft kh\u00f4ng?<\/p>\n","protected":false},"featured_media":2710,"template":"","meta":{"_acf_changed":false},"product_brand":[],"product_cat":[15,74],"product_tag":[],"class_list":{"0":"post-2723","1":"product","2":"type-product","3":"status-publish","4":"has-post-thumbnail","6":"product_cat-sach-danh-cho-nguoi-lon","7":"product_cat-vien-tuong-kiem-hiep","9":"first","10":"instock","11":"taxable","12":"shipping-taxable","13":"purchasable","14":"product-type-simple"},"supplier_id":null,"supplier_sku":"","barcode":null,"atum_controlled":true,"out_stock_date":null,"out_stock_threshold":null,"inheritable":false,"inbound_stock":0,"stock_on_hold":0,"sold_today":0,"sales_last_days":0,"reserved_stock":0,"customer_returns":0,"warehouse_damage":0,"lost_in_post":0,"other_logs":0,"out_stock_days":0,"lost_sales":0,"has_location":false,"update_date":"2026-01-28T23:11:24","atum_locations":[],"atum_stock_status":"instock","restock_status":false,"low_stock_amount":"","sales_update_date":"2026-01-28T23:11:24","calc_backorders":null,"acf":{"publisher":{"ID":1470,"post_author":"2","post_date":"2021-02-17 01:12:47","post_date_gmt":"2021-02-16 23:12:47","post_content":"<!-- wp:flatsome\/uxbuilder -->\n<h1 style=\"text-align: center\"><strong>\u0110inh T\u1ecb<\/strong><\/h1>\n[row]\n\n[col span=\"4\" span__sm=\"12\"]\n\n[ux_image id=\"1831\" image_size=\"medium\"]\n\n\n[\/col]\n[col span=\"8\" span__sm=\"12\"]\n\n<p><strong>\u0110inh T\u1ecb Books - Ti\u00ean phong s\u00e1ng t\u1ea1o<\/strong><\/p>\n<p>Th\u00e0nh l\u1eadp n\u0103m 2006, t\u1edbi nay \u0110inh T\u1ecb Books \u0111\u01b0\u1ee3c \u0111\u00e1nh gi\u1ea3 l\u00e0 \u0111\u01a1n v\u1ecb xu\u1ea5t b\u1ea3n uy t\u00edn c\u00f3 t\u1ed1c \u0111\u1ed9 ph\u00e1t tri\u1ec3n nhanh nh\u1ea5t g\u1eafn v\u1edbi th\u00e0nh c\u00f4ng c\u1ee7a hai t\u1ee7 s\u00e1ch l\u1edbn: T\u1ee7 s\u00e1ch Thi\u1ebfu nhi - T\u1ee7 s\u00e1ch V\u0103n h\u1ecdc. Trong \u0111\u00f3 ph\u1ea3i k\u1ec3 t\u1edbi b\u01b0\u1edbc chuy\u1ec3n m\u00ecnh \u0111\u1ea7y \u1ea5n t\u01b0\u1ee3ng, tr\u1edf th\u00e0nh \u0111\u01a1n v\u1ecb ti\u00ean phong s\u00e1ng t\u1ea1o d\u00f2ng S\u00c1CH T\u01af\u01a0NG T\u00c1C thi\u1ebfu nhi. V\u1edbi h\u01a1n 300 t\u1ef1a s\u00e1ch t\u01b0\u01a1ng t\u00e1c \u0111ang l\u01b0u h\u00e0nh, \u0110inh T\u1ecb Books \u0111\u00e3 mang \u0111\u1ebfn nh\u1eefng gi\u00e1 tr\u1ecb tr\u1ea3i nghi\u1ec7m tuy\u1ec7t v\u1eddi, \u0111\u01b0a vi\u1ec7c h\u1ecdc v\u00e0 ch\u01a1i c\u00f9ng s\u00e1ch tr\u1edf n\u00ean hi\u1ec7u qu\u1ea3 h\u01a1n, gi\u00fap tr\u1ebb th\u00f4ng minh, t\u0103ng tr\u01b0\u1edfng c\u00e1c ch\u1ec9 s\u1ed1 IQ, EQ.<\/p>\n<p><strong>Th\u1ebf m\u1ea1nh c\u1ee7a \u0110inh T\u1ecb Books<\/strong><\/p>\n<p>V\u1edbi kinh nghi\u1ec7m nhi\u1ec1u n\u0103m trong ng\u00e0nh xu\u1ea5t b\u1ea3n, \u0110inh T\u1ecb Books tin r\u1eb1ng c\u00e1c b\u1eadc cha m\u1eb9 lu\u00f4n d\u00e0nh nh\u1eefng \u0111i\u1ec1u t\u1ed1t \u0111\u1eb9p nh\u1ea5t cho c\u00e1c con c\u1ee7a m\u00ecnh. \u0110\u1ecdc s\u00e1ch c\u00f9ng con lu\u00f4n l\u00e0 l\u1ef1a ch\u1ecdn h\u00e0ng \u0111\u1ea7u gi\u00fap g\u1eafn k\u1ebft t\u00ecnh y\u00eau th\u01b0\u01a1ng \u0111\u1ed3ng th\u1eddi gi\u00fap con nu\u00f4i d\u01b0\u1ee1ng ni\u1ec1m \u0111am m\u00ea v\u1edbi s\u00e1ch.<\/p>\n\n[\/col]\n\n[\/row]\n<p><strong>T\u00ecnh y\u00eau l\u1edbn d\u00e0nh cho nh\u1eefng cu\u1ed1n s\u00e1ch.<\/strong><\/p>\n<p>Xu\u1ea5t ph\u00e1t t\u1eeb t\u00ecnh y\u00eau v\u1edbi nh\u1eefng cu\u1ed1n s\u00e1ch, l\u00f2ng t\u1eadn t\u00e2m mu\u1ed1n g\u00ecn gi\u1eef nh\u1eefng gi\u00e1 tr\u1ecb v\u0103n h\u00f3a truy\u1ec1n th\u1ed1ng c\u1ee7a Vi\u1ec7t Nam, mong mu\u1ed1n \u0111\u01b0a nh\u1eefng gi\u00e1 tr\u1ecb \u0111\u1eadm ch\u1ea5t Vi\u1ec7t Nam \u0111\u1ebfn v\u1edbi tr\u1ebb em Vi\u1ec7t, c\u00e1c th\u00e0nh vi\u00ean s\u00e1ng t\u1ea1o c\u1ee7a \u0110inh T\u1ecb Books \u0111\u00e3 kh\u00f4ng ng\u1eebng n\u1ed7 l\u1ef1c, t\u00ecm t\u00f2i v\u00e0 h\u1ecdc h\u1ecfi, \u0111\u1ec3 \u0111\u01b0a nh\u1eefng cu\u1ed1n s\u00e1ch \u201c100% made in Vietnam\u201d \u0111\u1ebfn v\u1edbi tr\u1ebb em Vi\u1ec7t. C\u00e1c ki\u1ebfn th\u1ee9c b\u1ed5 \u00edch \u0111\u01b0\u1ee3c truy\u1ec1n t\u1ea3i th\u00f4ng qua nh\u1eefng t\u01b0\u01a1ng t\u00e1c th\u00fa v\u1ecb gi\u00fap tr\u1ebb nh\u1edb l\u00e2u h\u01a1n, h\u1ecdc t\u1ed1t h\u01a1n.<\/p>\n<p>Nh\u1eadn ra \u0111\u01b0\u1ee3c s\u1ee9 m\u1ec7nh v\u00e0 t\u1ea7m nh\u00ecn c\u1ee7a \u0110inh T\u1ecb, <strong>SACHVIET.EU<\/strong> \u0111\u00e3 li\u00ean l\u1ea1c v\u1edbi \u0110inh T\u1ecb \u0111\u1ec3 \u0111\u01b0\u1ee3c h\u1ed7 tr\u1ee3 \u0111\u01b0a nh\u1eefng cu\u1ed1n s\u00e1ch mang gi\u00e1 tr\u1ecb \u0111\u1eadm ch\u1ea5t Vi\u1ec7t Nam \u0111\u1ebfn v\u1edbi tr\u1ebb em Vi\u1ec7t v\u00e0 c\u1ed9ng \u0111\u1ed3ng Vi\u1ec7t s\u1ed1ng t\u1ea1i Ch\u00e2u \u00c2u. SACHVIET.EU \u0111\u1eb7t l\u00f2ng tin \u1edf \u0110inh T\u1ecb s\u1ebd lu\u00f4n \u0111em \u0111\u1ebfn nh\u1eefng gi\u00e1 tr\u1ecb cao qua t\u1eebng trang s\u00e1ch v\u00e0 hy v\u1ecdng \u0111\u1ed9c gi\u1ea3 s\u1ebd lu\u00f4n h\u00e0i l\u00f2ng v\u1edbi ch\u1ea5t l\u01b0\u1ee3ng m\u00e0 \u0110inh T\u1ecb theo \u0111u\u1ed5i bao n\u0103m qua.<\/p>\n\n<!-- \/wp:flatsome\/uxbuilder -->","post_title":"\u0110inh T\u1ecb","post_excerpt":"","post_status":"publish","comment_status":"closed","ping_status":"closed","post_password":"","post_name":"dinh-ti","to_ping":"","pinged":"","post_modified":"2022-12-19 23:15:43","post_modified_gmt":"2022-12-19 21:15:43","post_content_filtered":"","post_parent":0,"guid":"https:\/\/sachviet.eu\/nha-phat-hanh\/dinh-ti\/","menu_order":0,"post_type":"publisher","post_mime_type":"","comment_count":"0","filter":"raw"}},"_links":{"self":[{"href":"https:\/\/sachviet.eu\/en\/wp-json\/wp\/v2\/product\/2723","targetHints":{"allow":["GET"]}}],"collection":[{"href":"https:\/\/sachviet.eu\/en\/wp-json\/wp\/v2\/product"}],"about":[{"href":"https:\/\/sachviet.eu\/en\/wp-json\/wp\/v2\/types\/product"}],"wp:featuredmedia":[{"embeddable":true,"href":"https:\/\/sachviet.eu\/en\/wp-json\/wp\/v2\/media\/2710"}],"wp:attachment":[{"href":"https:\/\/sachviet.eu\/en\/wp-json\/wp\/v2\/media?parent=2723"}],"wp:term":[{"taxonomy":"product_brand","embeddable":true,"href":"https:\/\/sachviet.eu\/en\/wp-json\/wp\/v2\/product_brand?post=2723"},{"taxonomy":"product_cat","embeddable":true,"href":"https:\/\/sachviet.eu\/en\/wp-json\/wp\/v2\/product_cat?post=2723"},{"taxonomy":"product_tag","embeddable":true,"href":"https:\/\/sachviet.eu\/en\/wp-json\/wp\/v2\/product_tag?post=2723"}],"curies":[{"name":"wp","href":"https:\/\/api.w.org\/{rel}","templated":true}]}}