{"id":2691,"date":"2021-02-25T19:57:50","date_gmt":"2021-02-25T17:57:50","guid":{"rendered":"https:\/\/sachviet.eu\/shop\/xu-nevermoor-dieu-ky-morrigan-va-nhung-thu-thach-gay-can\/"},"modified":"2024-08-25T22:41:47","modified_gmt":"2024-08-25T19:41:47","slug":"xu-nevermoor-dieu-ky-morrigan-va-nhung-thu-thach-gay-can","status":"publish","type":"product","link":"https:\/\/sachviet.eu\/en\/shop\/xu-nevermoor-dieu-ky-morrigan-va-nhung-thu-thach-gay-can\/","title":{"rendered":"X\u1ee9 Nevermoor di\u1ec7u k\u1ef3 &#8211; Morrigan v\u00e0 nh\u1eefng th\u1eed th\u00e1ch gay c\u1ea5n"},"content":{"rendered":"<p>10 L\u00dd DO B\u1ea0N N\u00caN \u0110\u1eccC B\u1ed8 S\u00c1CH NEVERMOOR N\u00c0Y!<br \/>\n\ud835\ude53\ud835\ude6a\ud835\ude56\u0302\u0301\ud835\ude69 \ud835\ude6d\ud835\ude6a\u031b\u0301. Nevermoor l\u00e0 b\u1ed9 s\u00e1ch fantasy \u0111\u1ebfn t\u1eeb Australia, x\u1ee9 s\u1edf n\u1eafng \u1ea5m c\u1ee7a nh\u1eefng ch\u00fa chu\u1ed9t t\u00fai v\u00e0 Kangaroo. V\u1edbi s\u1ef1 ph\u00e1t tri\u1ec3n c\u1ee7a v\u0103n h\u1ecdc Anh v\u00e0 M\u1ef9, h\u00e3y t\u1ef1 h\u1ecfi xem l\u1ea7n g\u1ea7n nh\u1ea5t b\u1ea1n \u0111\u1ecdc m\u1ed9t cu\u1ed1n s\u00e1ch fantasy c\u1ee7a \u00dac l\u00e0 khi n\u00e0o???<\/p>\n<p>\ud835\ude3d\ud835\ude56\u0309\ud835\ude63 \ud835\ude66\ud835\ude6a\ud835\ude6e\ud835\ude5a\u0302\u0300\ud835\ude63. \u0110inh T\u1ecb \u0111\u00e3 mua b\u1ea3n quy\u1ec1n 3 t\u1eadp trong b\u1ed9 Nevermoor n\u00e0y, t\u1eadp 2 s\u1ebd ph\u00e1t h\u00e0nh 2020 v\u00e0 t\u1eadp 3 d\u1ef1 ki\u1ebfn l\u00e0 2021, n\u00ean b\u1ea1n h\u00e3y c\u1ee9 y\u00ean t\u00e2m \u0111\u1ecdc s\u00e1ch m\u00e0 kh\u00f4ng s\u1ee3 b\u1ecb drop cu\u1ed1n n\u00e0o nh\u00e9!<\/p>\n<p>\ud835\ude3d\ud835\ude64\u0302\u0301\ud835\ude5e \ud835\ude58\ud835\ude56\u0309\ud835\ude63\ud835\ude5d. Cu\u1ed1n s\u00e1ch l\u1ea5y \u00fd t\u01b0\u1edfng v\u1ec1 m\u1ed9t th\u1ebf gi\u1edbi ph\u00e9p thu\u1eadt gi\u1ea3 t\u01b0\u1edfng \u0111\u1ea7y nh\u1eefng \u0111i\u1ec1u k\u1ef3 l\u1ea1, c\u00f3 nh\u1eefng con r\u1ed3ng v\u00e0 ng\u01b0\u1eddi c\u01b0\u1ee1i r\u1ed3ng t\u00e0i n\u0103ng, c\u00f3 nh\u1eefng kh\u00e1ch s\u1ea1n v\u1edbi chi\u1ebfc \u0111\u00e8n ch\u00f9m m\u1ecdc l\u1ea1i nh\u01b0 m\u1ed9t m\u1ea7m c\u00e2y, hay c\u0103n ph\u00f2ng c\u00f3 nh\u1eefng chi\u1ebfc b\u00f3ng linh ho\u1ea1t t\u1ef1 k\u1ec3 c\u00e2u chuy\u1ec7n theo \u00fd n\u00f3, v\u00e0 c\u00f2n nhi\u1ec1u nhi\u1ec1u \u0111i\u1ec1u b\u1ea5t ng\u1edd kh\u00e1c s\u1ebd \u0111\u01b0\u1ee3c ti\u1ebft l\u1ed9 trong 3 t\u1eadp s\u00e1ch Nevermoor n\u00e0y.<\/p>\n<p>\ud835\ude49\ud835\ude5d\ud835\ude56\u0302\ud835\ude63 \ud835\ude6b\ud835\ude56\u0323\u0302\ud835\ude69 \ud835\ude58\ud835\ude5d\ud835\ude5e\u0301\ud835\ude63\ud835\ude5d. Nh\u00e2n v\u1eadt ch\u00ednh c\u1ee7a cu\u1ed1n s\u00e1ch l\u00e0 c\u00f4 b\u00e9 Morrigan c\u00f3 s\u1ed1 ph\u1eadn l\u00e0 \u0111\u1ee9a tr\u1ebb b\u1ecb nguy\u1ec1n r\u1ee7a, b\u1ecb \u0111\u1ed5i l\u1ed7i cho m\u1ecdi tai h\u1ecda \u1edf \u0111\u1ecba ph\u01b0\u01a1ng v\u00e0 \u0111\u01b0\u1ee3c b\u00e1o tr\u01b0\u1edbc l\u00e0 s\u1ebd ch\u1ebft v\u00e0o kho\u1ea3nh kh\u1eafc giao th\u1eddi (th\u01b0\u1eddng m\u1ed7i th\u1eddi \u0111\u1ea1i s\u1ebd k\u00e9o d\u00e0i kho\u1ea3ng 11 &#8211; 12 n\u0103m). \u0110\u1ecdc \u0111\u1ebfn \u0111\u00e2y \u0111\u1ea3m b\u1ea3o c\u00e1c b\u1ea1n s\u1ebd th\u1ea5y t\u00f2 m\u00f2 v\u1ec1 nh\u00e2n v\u1eadt n\u00e0y v\u00e0 mu\u1ed1n t\u00ecm hi\u1ec3u xem nguy\u00ean nh\u00e2n th\u1ef1c s\u1ef1 c\u1ee7a \u0111\u1ecbnh m\u1ec7nh \u0111\u00f3 l\u00e0 g\u00ec cho m\u00e0 xem ^^<\/p>\n<p>\ud835\ude49\ud835\ude5d\ud835\ude56\u0302\ud835\ude63 \ud835\ude6b\ud835\ude56\u0323\u0302\ud835\ude69 \ud835\ude65\ud835\ude5d\ud835\ude6a\u0323. C\u00e1c nh\u00e2n v\u1eadt ph\u1ee5 trong cu\u1ed1n s\u00e1ch c\u0169ng d\u1ec5 th\u01b0\u01a1ng l\u1eafm \u0111\u00f3, t\u1eeb Jupiter North &#8211; ng\u01b0\u1eddi b\u1ea3o h\u1ed9 c\u1ee7a Morrigan \u0111\u1ebfn Fenestra &#8211; c\u00f4 m\u00e8o qu\u1ea3n gia kh\u1ed5ng l\u1ed3, r\u1ed3i c\u1ea3 hai ng\u01b0\u1eddi b\u1ea1n Hawthorne Swift v\u00e0 Jack b\u1ea7u b\u1ea1n v\u1edbi c\u00f4 b\u00e9 \u1edf x\u1ee9 s\u1edf Nevermoor.<\/p>\n<p>\ud835\ude51\ud835\ude56\ud835\ude5e \ud835\ude65\ud835\ude5d\ud835\ude56\u0309\ud835\ude63 \ud835\ude59\ud835\ude5e\ud835\ude5a\u0323\u0302\ud835\ude63. \u0110\u01b0\u01a1ng nhi\u00ean r\u1ed3i, truy\u1ec7n n\u00e0o c\u0169ng c\u1ea7n c\u00f3 m\u1ed9t vai ph\u1ea3n di\u1ec7n \u0111\u1ec3 c\u00e1c nh\u00e2n v\u1eadt ch\u00ednh bi\u1ebft \u0111\u01b0\u1ee3c m\u00ecnh n\u00ean l\u00e0m g\u00ec v\u00e0 ph\u1ea3i l\u00e0m g\u00ec. Cu\u1ed1n s\u00e1ch c\u00f3 m\u1ed9t vai ph\u1ea3n di\u1ec7n th\u1eadt khi\u1ebfn ng\u01b0\u1eddi ta ph\u1ea3i suy ngh\u0129, li\u00eau \u0111i\u1ec1u g\u00ec m\u1edbi l\u00e0 t\u1ed1t nh\u1ea5t cho x\u1ee9 Nevermoor n\u00e0y. T\u00ean c\u1ee7a h\u1eafn c\u0169ng gi\u1ed1ng nh\u01b0 Voldermort v\u1eady, h\u1eafn l\u00e0 k\u1ebb m\u00e0 kh\u00f4ng ai mu\u1ed1n nh\u1eafc t\u00ean v\u00e0 tr\u1edf th\u00e0nh \u0111i\u1ec1u c\u1ea5m k\u1ef5 c\u1ee7a x\u1ee9 s\u1edf n\u00e0y.<\/p>\n<p>\ud835\ude4f\ud835\ude5d\ud835\ude6a\u031b\u0309 \ud835\ude69\ud835\ude5d\ud835\ude56\u0301\ud835\ude58\ud835\ude5d. \u0110\u1ec3 \u0111\u01b0\u1ee3c c\u00f4ng nh\u1eadn t\u1ea1i x\u1ee9 Nevermoor n\u00e0y, Morrigan ph\u1ea3i tr\u1ea3i qua 4 th\u1eed th\u00e1ch \u0111\u1ea7y kh\u00f3 kh\u0103n v\u00e0 c\u0169ng b\u1ea5t ng\u1edd bao g\u1ed3m Th\u1eed th\u00e1ch S\u00e1ch, Th\u1eed th\u00e1ch S\u0103n \u0111u\u1ed5i, Th\u1eed th\u00e1ch Kinh ho\u00e0ng v\u00e0 Th\u1eed th\u00e1ch Th\u1ec3 hi\u1ec7n. \u1ede m\u1ed7i th\u1eed th\u00e1ch l\u00e0 m\u1ed9t l\u1ea7n Morrigan \u0111\u1ed1i \u0111\u1ea7u v\u1edbi nh\u1eefng \u0111i\u1ec1u kh\u00f4ng t\u01b0\u1edfng v\u00e0 kh\u00e1m ra nhi\u1ec1u b\u00ed \u1ea9n li\u00ean quan \u0111\u1ebfn v\u1eadn m\u1ec7nh c\u1ee7a ch\u00ednh c\u00f4.<\/p>\n<p>\ud835\ude4f\ud835\ude56\u0300\ud835\ude5e \ud835\ude63\ud835\ude56\u0306\ud835\ude63\ud835\ude5c. Th\u1eed th\u00e1ch cu\u1ed1i c\u00f9ng c\u0169ng l\u00e0 th\u1eed th\u00e1ch quan tr\u1ecdng nh\u1ea5t, \u0111\u00f3 l\u00e0 th\u1ec3 hi\u1ec7n t\u00e0i n\u0103ng c\u1ee7a c\u00e1c \u1ee9ng vi\u00ean. \u0110i\u1ec1u m\u00e0 c\u00f4 b\u00e9 Morrigan lu\u00f4n lo s\u1ee3 cu\u1ed1i c\u00f9ng c\u0169ng \u0111\u1ebfn, c\u00f4 kh\u00f4ng bi\u1ebft t\u00e0i n\u0103ng c\u1ee7a m\u00ecnh l\u00e0 g\u00ec, trong khi r\u1ea5t nhi\u1ec1u \u0111\u1ed1i th\u1ee7 v\u00e0 b\u1ea1n b\u00e8 c\u1ee7a c\u00f4 \u0111\u1ec1u \u0111\u00e3 \u0111\u1ec3 l\u1ed9 t\u1eeb r\u1ea5t s\u1edbm nh\u01b0 kh\u1ea3 n\u0103ng ca h\u00e1t, ng\u01b0\u1eddi c\u01b0\u1ee1i r\u1ed3ng, hay t\u00e0ng h\u00ecnh,&#8230; c\u00f2n Morrigan ch\u1eb3ng bi\u1ebft m\u00ecnh s\u1ebd ph\u1ea3i l\u00e0m g\u00ec trong th\u1eed th\u00e1ch \u0111\u00f3. C\u00f2n c\u00e1c b\u1ea1n th\u00ec sao, c\u00e1c b\u1ea1n c\u00f3 t\u00f2 m\u00f2 xem t\u00e0i n\u0103ng c\u1ee7a Morrigan ch\u1ee9???<\/p>\n<p>\ud835\ude47\ud835\ude5a\u0302\u0303 \ud835\ude5d\ud835\ude64\u0323\u0302\ud835\ude5e. \u1ede x\u1ee9 s\u1edf Nevermoor c\u00f3 3 m\u00f9a l\u1ec5 h\u1ed9i m\u00e0 \u0111\u1ea3m b\u1ea3o r\u1eb1ng ai c\u0169ng mu\u1ed1n tr\u1ea3i qua \u00edt nh\u1ea5t m\u1ed9t l\u1ea7n trong \u0111\u1eddi. M\u1ed9t l\u00e0 bu\u1ed5i s\u00e1ng ch\u00e0o m\u1eebng Th\u1eddi \u0111\u1ea1i m\u1edbi, ai c\u0169ng c\u1ea7m m\u1ed9t chi\u1ebfc \u00f4 v\u00e0 nh\u1ea3y t\u1eeb tr\u00ean t\u00f2a nh\u00e0 cao t\u1ea7ng xu\u1ed1ng. Hai l\u00e0 L\u1ec5 di\u1ec5u h\u00e0nh \u0110en t\u01b0\u1edfng nh\u1edb nh\u1eefng ng\u01b0\u1eddi \u0111\u00e3 khu\u1ea5t trong \u0111\u00eam Hallowmas. V\u00e0 ba l\u00e0 \u0111\u00eam Gi\u00e1ng sinh, n\u1edbi c\u00f3 s\u1ef1 ph\u00f4 di\u1ec5n cho\u00e1ng ng\u1ee3p c\u1ee7a Th\u00e1nh Nicholas v\u00e0 N\u1eef ch\u00faa Yule trong tr\u1eadn chi\u1ebfn xem ai l\u00e0 ng\u01b0\u1eddi x\u1ee9ng \u0111\u00e1ng h\u01a1n trong d\u1ecbp l\u1ec5 quan tr\u1ecdng n\u00e0y.<\/p>\n<p>\ud835\ude3e\ud835\ude5d\ud835\ude6a\ud835\ude6e\ud835\ude5a\u0302\u0309\ud835\ude63 \ud835\ude69\ud835\ude5d\ud835\ude5a\u0302\u0309. B\u1ed9 truy\u1ec7n Nevermoor c\u1ee7a Jessica Towsend \u0111\u00e3 \u0111\u01b0\u1ee3c mua b\u1ea3n quy\u1ec1n phim v\u00e0 hy v\u1ecdng s\u1ebd s\u1edbm c\u00f3 th\u00eam c\u00e1c th\u00f4ng tin v\u1ec1 b\u1ed9 phim n\u00e0y, b\u1edfi theo nh\u1eefng m\u00f4 t\u1ea3 ph\u00e9p thu\u1eadt trong s\u00e1ch th\u00ec b\u1ea1n h\u00e3y tin r\u1eb1ng l\u00ean phim m\u1ecdi th\u1ee9 s\u1ebd cho\u00e1ng ng\u1ee3p nh\u01b0 th\u1ebf n\u00e0o \u0111i. C\u00f2n b\u00e2y gi\u1edd trong l\u00fac ch\u1edd phim th\u00ec h\u00e3y c\u1ee9 \u0111\u1ecdc s\u00e1ch tr\u01b0\u1edbc nh\u00e9!<\/p>\n  <div class=\"banner-grid-wrapper\">\n  <div id=\"banner-grid-1738386142\" class=\"banner-grid row row-grid row-small\" data-packery-options=\"\">\n                      \n<div class=\"col grid-col large-6 grid-col-1\" ><div class=\"col-inner\">\n\t<div class=\"img has-hover x md-x lg-x y md-y lg-y\" id=\"image_1758165710\">\n\t\t\t\t\t\t\t\t<div class=\"img-inner dark\" >\n\t\t\t<img loading=\"lazy\" decoding=\"async\" width=\"1020\" height=\"709\" src=\"https:\/\/sachviet.eu\/wp-content\/uploads\/2021\/02\/79304926_3594225787254297_5573779291394539520_o-1024x712.jpg\" class=\"attachment-large size-large\" alt=\"\" srcset=\"https:\/\/sachviet.eu\/wp-content\/uploads\/2021\/02\/79304926_3594225787254297_5573779291394539520_o-1024x712.jpg 1024w, https:\/\/sachviet.eu\/wp-content\/uploads\/2021\/02\/79304926_3594225787254297_5573779291394539520_o-300x209.jpg 300w, https:\/\/sachviet.eu\/wp-content\/uploads\/2021\/02\/79304926_3594225787254297_5573779291394539520_o-768x534.jpg 768w, https:\/\/sachviet.eu\/wp-content\/uploads\/2021\/02\/79304926_3594225787254297_5573779291394539520_o-1536x1068.jpg 1536w, https:\/\/sachviet.eu\/wp-content\/uploads\/2021\/02\/79304926_3594225787254297_5573779291394539520_o-600x417.jpg 600w, https:\/\/sachviet.eu\/wp-content\/uploads\/2021\/02\/79304926_3594225787254297_5573779291394539520_o.jpg 1803w\" sizes=\"auto, (max-width: 1020px) 100vw, 1020px\" \/>\t\t\t\t\t\t\n\t\t\t\t\t<\/div>\n\t\t\t\t\t\t\t\t\n<style>\n#image_1758165710 {\n  width: 100%;\n}\n<\/style>\n\t<\/div>\n\t\n<\/div><\/div>\n<div class=\"col grid-col large-6 grid-col-1\" ><div class=\"col-inner\">\n\t<div class=\"img has-hover x md-x lg-x y md-y lg-y\" id=\"image_1001278292\">\n\t\t\t\t\t\t\t\t<div class=\"img-inner dark\" >\n\t\t\t<img loading=\"lazy\" decoding=\"async\" width=\"1020\" height=\"680\" src=\"https:\/\/sachviet.eu\/wp-content\/uploads\/2021\/02\/73375571_3418388421504702_8295427864174526464_o-1024x683.jpg\" class=\"attachment-large size-large\" alt=\"\" srcset=\"https:\/\/sachviet.eu\/wp-content\/uploads\/2021\/02\/73375571_3418388421504702_8295427864174526464_o-1024x683.jpg 1024w, https:\/\/sachviet.eu\/wp-content\/uploads\/2021\/02\/73375571_3418388421504702_8295427864174526464_o-300x200.jpg 300w, https:\/\/sachviet.eu\/wp-content\/uploads\/2021\/02\/73375571_3418388421504702_8295427864174526464_o-768x512.jpg 768w, https:\/\/sachviet.eu\/wp-content\/uploads\/2021\/02\/73375571_3418388421504702_8295427864174526464_o-1536x1024.jpg 1536w, https:\/\/sachviet.eu\/wp-content\/uploads\/2021\/02\/73375571_3418388421504702_8295427864174526464_o-600x400.jpg 600w, https:\/\/sachviet.eu\/wp-content\/uploads\/2021\/02\/73375571_3418388421504702_8295427864174526464_o.jpg 2048w\" sizes=\"auto, (max-width: 1020px) 100vw, 1020px\" \/>\t\t\t\t\t\t\n\t\t\t\t\t<\/div>\n\t\t\t\t\t\t\t\t\n<style>\n#image_1001278292 {\n  width: 100%;\n}\n<\/style>\n\t<\/div>\n\t\n<\/div><\/div>\n            <\/div>\n    <style>\n    #banner-grid-1738386142 .grid-col-1{height: 600px}\n    #banner-grid-1738386142 .grid-col-1-2{height: 300px}\n    #banner-grid-1738386142 .grid-col-1-3{height:200px}\n    #banner-grid-1738386142 .grid-col-2-3{height: 400px}\n    #banner-grid-1738386142 .grid-col-1-4{height: 150px}\n    #banner-grid-1738386142 .grid-col-3-4{height: 450px}\n\n\n    \n    \n\n  <\/style>\n    <\/div>\n  \n","protected":false},"excerpt":{"rendered":"<p>Ti\u1ec3u thuy\u1ebft \u0111\u1ea7u tay bestseller \u0111\u01b0\u1ee3c chuy\u1ec3n ng\u1eef t\u1ea1i h\u01a1n 30 qu\u1ed1c gia v\u00e0 nh\u1eadn h\u01a1n 20 gi\u1ea3i th\u01b0\u1edfng s\u00e1ch hay nh\u1ea5t d\u00e0nh cho thi\u1ebfu ni\u00ean.<\/p>\n<p>Gi\u1ea3i th\u01b0\u1edfng S\u00e1ch thi\u1ebfu nhi WATERSTONES 2018 h\u1ea1ng m\u1ee5c ti\u1ec3u thuy\u1ebft d\u00e0nh cho thanh thi\u1ebfu ni\u00ean!<\/p>\n<p>Morrigan Crow l\u00e0 c\u00f4 b\u00e9 b\u1ecb nguy\u1ec1n r\u1ee7a. Ngo\u00e0i vi\u1ec7c c\u00f4 b\u1ecb \u0111\u1ed5 l\u1ed7i l\u00e0 ngu\u1ed3n g\u1ed1c c\u1ee7a m\u1ecdi tai h\u1ecda \u1edf \u0111\u1ecba ph\u01b0\u01a1ng, \u0111\u1ecbnh m\u1ec7nh b\u00e1o tr\u01b0\u1edbc c\u00f4 b\u00e9 s\u1ebd ch\u1ebft v\u00e0o sinh nh\u1eadt m\u01b0\u1eddi m\u1ed9t tu\u1ed5i. Nh\u01b0ng tr\u01b0\u1edbc khi \u0111\u1ed3ng h\u1ed3 \u0111i\u1ec3m n\u1eeda \u0111\u00eam, c\u00f4 b\u00e9 \u0111\u01b0\u1ee3c m\u1ed9t ng\u01b0\u1eddi k\u1ef3 l\u1ea1 t\u00ean Jupiter North gi\u00fap tr\u1ed1n tho\u00e1t \u0111\u1ebfn m\u1ed9t th\u00e0nh ph\u1ed1 b\u00ed \u1ea9n l\u00e0 Nevermoor.<\/p>\n<p>T\u1ea1i \u0111\u00e2y, c\u00f4 \u0111\u01b0\u1ee3c h\u1ee9a h\u1eb9n gia nh\u1eadp Hi\u1ec7p h\u1ed9i Wundrous, khi \u0111\u00f3 c\u00f4 s\u1ebd v\u0129nh vi\u1ec5n \u0111\u01b0\u1ee3c b\u1ea3o v\u1ec7 b\u1edfi nh\u1eefng \u0111\u1eb7c quy\u1ec1n b\u00ed hi\u1ec3m.<\/p>\n<p>V\u1edbi \u0111i\u1ec1u ki\u1ec7n, c\u00f4 ph\u1ea3i v\u01b0\u1ee3t qua b\u1ed1n v\u00f2ng thi k\u1ef3 l\u1ea1 ngo\u00e0i s\u1ee9c t\u01b0\u1edfng t\u01b0\u1ee3ng, s\u1eed d\u1ee5ng t\u00e0i n\u0103ng \u0111\u1eb7c bi\u1ec7t c\u1ee7a ch\u00ednh m\u00ecnh.<\/p>\n<p>Ngo\u1ea1i tr\u1eeb vi\u1ec7c c\u00f4 kh\u00f4ng bi\u1ebft t\u00e0i n\u0103ng c\u1ee7a m\u00ecnh l\u00e0 g\u00ec&#8230;<\/p>\n<p>&#8220;B\u1ea1n \u0111\u1ecdc s\u1ebd v\u00f4 c\u00f9ng m\u00e3n nguy\u1ec7n khi ch\u1ee9ng ki\u1ebfn Harry Potter h\u1ed9i ng\u1ed9 Alice \u1edf x\u1ee9 s\u1edf di\u1ec7u k\u1ef3 trong cu\u1ed1n ti\u1ec3u thuy\u1ebft \u0111\u1ea7u tay g\u00e2y ti\u1ebfng vang, m\u1edf m\u00e0n cho b\u1ed9 ba t\u1eadp s\u00e1ch \u0111\u1ea7y m\u1edbi m\u1ebb n\u00e0y.&#8221; &#8211; T\u1ea1p ch\u00ed Kirkus Reviews<\/p>\n","protected":false},"featured_media":2681,"template":"","meta":{"_acf_changed":false},"product_brand":[],"product_cat":[15,74],"product_tag":[],"class_list":{"0":"post-2691","1":"product","2":"type-product","3":"status-publish","4":"has-post-thumbnail","6":"product_cat-sach-danh-cho-nguoi-lon","7":"product_cat-vien-tuong-kiem-hiep","9":"first","10":"instock","11":"taxable","12":"shipping-taxable","13":"purchasable","14":"product-type-simple"},"supplier_id":null,"supplier_sku":"","barcode":null,"atum_controlled":true,"out_stock_date":null,"out_stock_threshold":null,"inheritable":false,"inbound_stock":0,"stock_on_hold":0,"sold_today":0,"sales_last_days":0,"reserved_stock":0,"customer_returns":0,"warehouse_damage":0,"lost_in_post":0,"other_logs":0,"out_stock_days":0,"lost_sales":0,"has_location":false,"update_date":"2026-01-28T23:11:24","atum_locations":[],"atum_stock_status":"instock","restock_status":false,"low_stock_amount":"","sales_update_date":"2026-01-28T23:11:24","calc_backorders":null,"acf":{"publisher":{"ID":1470,"post_author":"2","post_date":"2021-02-17 01:12:47","post_date_gmt":"2021-02-16 23:12:47","post_content":"<!-- wp:flatsome\/uxbuilder -->\n<h1 style=\"text-align: center\"><strong>\u0110inh T\u1ecb<\/strong><\/h1>\n[row]\n\n[col span=\"4\" span__sm=\"12\"]\n\n[ux_image id=\"1831\" image_size=\"medium\"]\n\n\n[\/col]\n[col span=\"8\" span__sm=\"12\"]\n\n<p><strong>\u0110inh T\u1ecb Books - Ti\u00ean phong s\u00e1ng t\u1ea1o<\/strong><\/p>\n<p>Th\u00e0nh l\u1eadp n\u0103m 2006, t\u1edbi nay \u0110inh T\u1ecb Books \u0111\u01b0\u1ee3c \u0111\u00e1nh gi\u1ea3 l\u00e0 \u0111\u01a1n v\u1ecb xu\u1ea5t b\u1ea3n uy t\u00edn c\u00f3 t\u1ed1c \u0111\u1ed9 ph\u00e1t tri\u1ec3n nhanh nh\u1ea5t g\u1eafn v\u1edbi th\u00e0nh c\u00f4ng c\u1ee7a hai t\u1ee7 s\u00e1ch l\u1edbn: T\u1ee7 s\u00e1ch Thi\u1ebfu nhi - T\u1ee7 s\u00e1ch V\u0103n h\u1ecdc. Trong \u0111\u00f3 ph\u1ea3i k\u1ec3 t\u1edbi b\u01b0\u1edbc chuy\u1ec3n m\u00ecnh \u0111\u1ea7y \u1ea5n t\u01b0\u1ee3ng, tr\u1edf th\u00e0nh \u0111\u01a1n v\u1ecb ti\u00ean phong s\u00e1ng t\u1ea1o d\u00f2ng S\u00c1CH T\u01af\u01a0NG T\u00c1C thi\u1ebfu nhi. V\u1edbi h\u01a1n 300 t\u1ef1a s\u00e1ch t\u01b0\u01a1ng t\u00e1c \u0111ang l\u01b0u h\u00e0nh, \u0110inh T\u1ecb Books \u0111\u00e3 mang \u0111\u1ebfn nh\u1eefng gi\u00e1 tr\u1ecb tr\u1ea3i nghi\u1ec7m tuy\u1ec7t v\u1eddi, \u0111\u01b0a vi\u1ec7c h\u1ecdc v\u00e0 ch\u01a1i c\u00f9ng s\u00e1ch tr\u1edf n\u00ean hi\u1ec7u qu\u1ea3 h\u01a1n, gi\u00fap tr\u1ebb th\u00f4ng minh, t\u0103ng tr\u01b0\u1edfng c\u00e1c ch\u1ec9 s\u1ed1 IQ, EQ.<\/p>\n<p><strong>Th\u1ebf m\u1ea1nh c\u1ee7a \u0110inh T\u1ecb Books<\/strong><\/p>\n<p>V\u1edbi kinh nghi\u1ec7m nhi\u1ec1u n\u0103m trong ng\u00e0nh xu\u1ea5t b\u1ea3n, \u0110inh T\u1ecb Books tin r\u1eb1ng c\u00e1c b\u1eadc cha m\u1eb9 lu\u00f4n d\u00e0nh nh\u1eefng \u0111i\u1ec1u t\u1ed1t \u0111\u1eb9p nh\u1ea5t cho c\u00e1c con c\u1ee7a m\u00ecnh. \u0110\u1ecdc s\u00e1ch c\u00f9ng con lu\u00f4n l\u00e0 l\u1ef1a ch\u1ecdn h\u00e0ng \u0111\u1ea7u gi\u00fap g\u1eafn k\u1ebft t\u00ecnh y\u00eau th\u01b0\u01a1ng \u0111\u1ed3ng th\u1eddi gi\u00fap con nu\u00f4i d\u01b0\u1ee1ng ni\u1ec1m \u0111am m\u00ea v\u1edbi s\u00e1ch.<\/p>\n\n[\/col]\n\n[\/row]\n<p><strong>T\u00ecnh y\u00eau l\u1edbn d\u00e0nh cho nh\u1eefng cu\u1ed1n s\u00e1ch.<\/strong><\/p>\n<p>Xu\u1ea5t ph\u00e1t t\u1eeb t\u00ecnh y\u00eau v\u1edbi nh\u1eefng cu\u1ed1n s\u00e1ch, l\u00f2ng t\u1eadn t\u00e2m mu\u1ed1n g\u00ecn gi\u1eef nh\u1eefng gi\u00e1 tr\u1ecb v\u0103n h\u00f3a truy\u1ec1n th\u1ed1ng c\u1ee7a Vi\u1ec7t Nam, mong mu\u1ed1n \u0111\u01b0a nh\u1eefng gi\u00e1 tr\u1ecb \u0111\u1eadm ch\u1ea5t Vi\u1ec7t Nam \u0111\u1ebfn v\u1edbi tr\u1ebb em Vi\u1ec7t, c\u00e1c th\u00e0nh vi\u00ean s\u00e1ng t\u1ea1o c\u1ee7a \u0110inh T\u1ecb Books \u0111\u00e3 kh\u00f4ng ng\u1eebng n\u1ed7 l\u1ef1c, t\u00ecm t\u00f2i v\u00e0 h\u1ecdc h\u1ecfi, \u0111\u1ec3 \u0111\u01b0a nh\u1eefng cu\u1ed1n s\u00e1ch \u201c100% made in Vietnam\u201d \u0111\u1ebfn v\u1edbi tr\u1ebb em Vi\u1ec7t. C\u00e1c ki\u1ebfn th\u1ee9c b\u1ed5 \u00edch \u0111\u01b0\u1ee3c truy\u1ec1n t\u1ea3i th\u00f4ng qua nh\u1eefng t\u01b0\u01a1ng t\u00e1c th\u00fa v\u1ecb gi\u00fap tr\u1ebb nh\u1edb l\u00e2u h\u01a1n, h\u1ecdc t\u1ed1t h\u01a1n.<\/p>\n<p>Nh\u1eadn ra \u0111\u01b0\u1ee3c s\u1ee9 m\u1ec7nh v\u00e0 t\u1ea7m nh\u00ecn c\u1ee7a \u0110inh T\u1ecb, <strong>SACHVIET.EU<\/strong> \u0111\u00e3 li\u00ean l\u1ea1c v\u1edbi \u0110inh T\u1ecb \u0111\u1ec3 \u0111\u01b0\u1ee3c h\u1ed7 tr\u1ee3 \u0111\u01b0a nh\u1eefng cu\u1ed1n s\u00e1ch mang gi\u00e1 tr\u1ecb \u0111\u1eadm ch\u1ea5t Vi\u1ec7t Nam \u0111\u1ebfn v\u1edbi tr\u1ebb em Vi\u1ec7t v\u00e0 c\u1ed9ng \u0111\u1ed3ng Vi\u1ec7t s\u1ed1ng t\u1ea1i Ch\u00e2u \u00c2u. SACHVIET.EU \u0111\u1eb7t l\u00f2ng tin \u1edf \u0110inh T\u1ecb s\u1ebd lu\u00f4n \u0111em \u0111\u1ebfn nh\u1eefng gi\u00e1 tr\u1ecb cao qua t\u1eebng trang s\u00e1ch v\u00e0 hy v\u1ecdng \u0111\u1ed9c gi\u1ea3 s\u1ebd lu\u00f4n h\u00e0i l\u00f2ng v\u1edbi ch\u1ea5t l\u01b0\u1ee3ng m\u00e0 \u0110inh T\u1ecb theo \u0111u\u1ed5i bao n\u0103m qua.<\/p>\n\n<!-- \/wp:flatsome\/uxbuilder -->","post_title":"\u0110inh T\u1ecb","post_excerpt":"","post_status":"publish","comment_status":"closed","ping_status":"closed","post_password":"","post_name":"dinh-ti","to_ping":"","pinged":"","post_modified":"2022-12-19 23:15:43","post_modified_gmt":"2022-12-19 21:15:43","post_content_filtered":"","post_parent":0,"guid":"https:\/\/sachviet.eu\/nha-phat-hanh\/dinh-ti\/","menu_order":0,"post_type":"publisher","post_mime_type":"","comment_count":"0","filter":"raw"}},"_links":{"self":[{"href":"https:\/\/sachviet.eu\/en\/wp-json\/wp\/v2\/product\/2691","targetHints":{"allow":["GET"]}}],"collection":[{"href":"https:\/\/sachviet.eu\/en\/wp-json\/wp\/v2\/product"}],"about":[{"href":"https:\/\/sachviet.eu\/en\/wp-json\/wp\/v2\/types\/product"}],"wp:featuredmedia":[{"embeddable":true,"href":"https:\/\/sachviet.eu\/en\/wp-json\/wp\/v2\/media\/2681"}],"wp:attachment":[{"href":"https:\/\/sachviet.eu\/en\/wp-json\/wp\/v2\/media?parent=2691"}],"wp:term":[{"taxonomy":"product_brand","embeddable":true,"href":"https:\/\/sachviet.eu\/en\/wp-json\/wp\/v2\/product_brand?post=2691"},{"taxonomy":"product_cat","embeddable":true,"href":"https:\/\/sachviet.eu\/en\/wp-json\/wp\/v2\/product_cat?post=2691"},{"taxonomy":"product_tag","embeddable":true,"href":"https:\/\/sachviet.eu\/en\/wp-json\/wp\/v2\/product_tag?post=2691"}],"curies":[{"name":"wp","href":"https:\/\/api.w.org\/{rel}","templated":true}]}}