{"id":2671,"date":"2021-02-25T19:56:36","date_gmt":"2021-02-25T17:56:36","guid":{"rendered":"https:\/\/sachviet.eu\/shop\/illustrated-classics-nhung-cau-chuyen-dan-gian-hay-nhat-the-gioi\/"},"modified":"2022-01-24T13:00:00","modified_gmt":"2022-01-24T11:00:00","slug":"illustrated-classics-nhung-cau-chuyen-dan-gian-hay-nhat-the-gioi","status":"publish","type":"product","link":"https:\/\/sachviet.eu\/en\/shop\/illustrated-classics-nhung-cau-chuyen-dan-gian-hay-nhat-the-gioi\/","title":{"rendered":"Illustrated Classics &#8211; Nh\u1eefng c\u00e2u chuy\u1ec7n d\u00e2n gian hay nh\u1ea5t th\u1ebf gi\u1edbi"},"content":{"rendered":"<p>B\u1eb1ng c\u1ed1t truy\u1ec7n m\u1edbi m\u1ebb, l\u1eddi k\u1ec3 l\u00f4i cu\u1ed1n c\u00f9ng tranh minh h\u1ecda s\u1ed1ng \u0111\u1ed9ng, trau chu\u1ed1t \u0111\u1ebfn t\u1eebng chi ti\u1ebft nh\u1ecf, cu\u1ed1n s\u00e1ch n\u00e0y s\u1ebd l\u00e0 l\u1ef1a ch\u1ecdn tuy\u1ec7t v\u1eddi cho t\u1ee7 s\u00e1ch c\u1ee7a m\u1ecdi gia \u0111\u00ecnh.<br \/>\nC\u0169ng l\u00e0 nh\u1eefng c\u00e2u chuy\u1ec7n c\u1ed5 t\u00edch, th\u1ea7n tho\u1ea1i nh\u01b0ng t\u1ea1i sao Illustrated classic l\u1ea1i \u0111\u01b0\u1ee3c nhi\u1ec1u m\u1eb9 y\u00eau th\u00edch \u0111\u1ebfn v\u1eady?<br \/>\n\u0110\u01b0\u1ee3c gi\u1edbi thi\u1ec7u b\u1edfi NXB Usborne v\u00f4 c\u00f9ng n\u1ed5i ti\u1ebfng t\u1ea1i Anh n\u00ean c\u00e1c c\u00e2u chuy\u1ec7n trong Illustrated classic \u0111\u01b0\u1ee3c ch\u1ecdn l\u1ecdc, chau chu\u1ed1t v\u00e0 \u0111\u01b0\u1ee3c k\u1ec3 theo \u0111\u00fang tinh th\u1ea7n &#8220;c\u1ed5 t\u00edch&#8221; &#8211; v\u1eeba \u0111\u00e1ng y\u00eau v\u1eeba k\u1ef3 \u1ea3o.<br \/>\nM\u1ed7i c\u00e2u chuy\u1ec7n \u0111\u01b0\u1ee3c vi\u1ebft l\u1ea1i v\u00e0 c\u00f4 \u0111\u1ecdng sao cho kh\u00f4ng qu\u00e1 d\u00e0i, r\u1ea5t ph\u00f9 h\u1ee3p \u0111\u1ec3 m\u1eb9 \u0111\u1ecdc cho b\u00e9 nghe tr\u01b0\u1edbc gi\u1edd \u0111i ng\u1ee7. N\u1ebfu b\u00e9 \u0111\u00e3 qu\u00e1 quen thu\u1ed9c v\u1edbi nh\u1eefng c\u00e2u chuy\u1ec7n c\u1ed5 t\u00edch \u0111\u01b0\u1ee3c tr\u00ecnh b\u00e0y d\u01b0\u1edbi d\u1ea1ng s\u00e1ch tranh nhi\u1ec1u \u1ea3nh, \u00edt ch\u1eef th\u00ec v\u1edbi b\u1ed9 s\u00e1ch n\u00e0y s\u1ebd l\u00e0 m\u1ed9t b\u01b0\u1edbc tr\u01b0\u1edfng th\u00e0nh c\u1ee7a b\u00e9 khi \u0111\u01b0\u1ee3c ti\u1ebfp x\u00fac v\u1edbi nh\u1eefng c\u00e2u chuy\u1ec7n ch\u1eef d\u00e0i h\u01a1n v\u00e0 s\u00e2u s\u1eafc h\u01a1n. Ng\u00f4n ng\u1eef \u0111\u01b0\u1ee3c s\u1eed d\u1ee5ng trong s\u00e1ch chu\u1ea9n ch\u1ec9nh, linh ho\u1ea1t, gi\u00e0u h\u00ecnh \u1ea3nh nh\u01b0ng kh\u00f4ng qu\u00e1 ph\u1ee9c t\u1ea1p, d\u00e0nh ch\u1ed7 cho tr\u00ed t\u01b0\u1edfng t\u01b0\u1ee3ng bay b\u1ed5ng c\u1ee7a tr\u1ebb.<br \/>\nM\u1ed9t \u0111i\u1ec3m c\u1ed9ng kh\u00f4ng th\u1ec3 kh\u00f4ng nh\u1eafc \u0111\u1ebfn l\u00e0 nh\u1eefng h\u00ecnh minh h\u1ecda tuy\u1ec7t \u0111\u1eb9p mang \u0111\u1eadm m\u00e0u s\u1eafc c\u1ed5 t\u00edch. B\u1ed1 m\u1eb9 s\u1ebd t\u00ecm th\u1ea5y trong m\u1ed7i trang s\u00e1ch l\u00e0 nh\u1eefng h\u00ecnh minh h\u1ecda v\u1ebd tay t\u1ec9 m\u1ec9 \u0111\u00f4i khi tr\u1ea3i d\u00e0i c\u1ea3 hai trang gi\u1ea5y, \u0111\u00f4i khi ch\u1ec9 nh\u1ecf x\u00edu \u1edf g\u00f3c trang nh\u01b0ng \u0111\u1ec1u mang s\u1eafc th\u00e1i c\u1ed5 t\u00edch ng\u1ecdt ng\u00e0o nh\u01b0 \u0111\u00fang n\u1ed9i dung m\u00e0 cu\u1ed1n s\u00e1ch truy\u1ec1n t\u1ea3i.<br \/>\nS\u00e1ch \u0111\u01b0\u1ee3c in tr\u00ean ch\u1ea5t li\u1ec7u gi\u1ea5y cao c\u1ea5p, b\u00eca c\u1ee9ng d\u00e0y d\u1eb7n tuy\u1ec7t \u0111\u1eb9p. M\u1ed9t b\u1ed9 s\u00e1ch m\u00e0 ch\u00ednh ng\u01b0\u1eddi l\u1edbn ch\u00fang m\u00ecnh c\u0169ng xu\u00fdt xoa m\u1ed7i khi c\u1ea7m tr\u00ean tay.  <div class=\"banner-grid-wrapper\">\n  <div id=\"banner-grid-786354882\" class=\"banner-grid row row-grid row-small\" data-packery-options=\"\">\n                      <div class=\"col grid-col large-6 grid-col-1\" ><div class=\"col-inner\">\t<div class=\"img has-hover x md-x lg-x y md-y lg-y\" id=\"image_933157251\">\n\t\t\t\t\t\t\t\t<div class=\"img-inner dark\" >\n\t\t\t<img loading=\"lazy\" decoding=\"async\" width=\"768\" height=\"1024\" src=\"https:\/\/sachviet.eu\/wp-content\/uploads\/2021\/02\/118616870_2641350956130744_3146612688833059488_o-768x1024.jpg\" class=\"attachment-large size-large\" alt=\"\" srcset=\"https:\/\/sachviet.eu\/wp-content\/uploads\/2021\/02\/118616870_2641350956130744_3146612688833059488_o-768x1024.jpg 768w, https:\/\/sachviet.eu\/wp-content\/uploads\/2021\/02\/118616870_2641350956130744_3146612688833059488_o-225x300.jpg 225w, https:\/\/sachviet.eu\/wp-content\/uploads\/2021\/02\/118616870_2641350956130744_3146612688833059488_o-600x800.jpg 600w, https:\/\/sachviet.eu\/wp-content\/uploads\/2021\/02\/118616870_2641350956130744_3146612688833059488_o.jpg 1080w\" sizes=\"auto, (max-width: 768px) 100vw, 768px\" \/>\t\t\t\t\t\t\n\t\t\t\t\t<\/div>\n\t\t\t\t\t\t\t\t\n<style>\n#image_933157251 {\n  width: 100%;\n}\n<\/style>\n\t<\/div>\n\t<\/div><\/div><div class=\"col grid-col large-6 grid-col-1-2\" ><div class=\"col-inner\">\t<div class=\"img has-hover x md-x lg-x y md-y lg-y\" id=\"image_2137728030\">\n\t\t\t\t\t\t\t\t<div class=\"img-inner dark\" >\n\t\t\t<img loading=\"lazy\" decoding=\"async\" width=\"1020\" height=\"765\" src=\"https:\/\/sachviet.eu\/wp-content\/uploads\/2021\/02\/118616958_2641350932797413_857499260854668584_o-1024x768.jpg\" class=\"attachment-large size-large\" alt=\"\" srcset=\"https:\/\/sachviet.eu\/wp-content\/uploads\/2021\/02\/118616958_2641350932797413_857499260854668584_o-1024x768.jpg 1024w, https:\/\/sachviet.eu\/wp-content\/uploads\/2021\/02\/118616958_2641350932797413_857499260854668584_o-300x225.jpg 300w, https:\/\/sachviet.eu\/wp-content\/uploads\/2021\/02\/118616958_2641350932797413_857499260854668584_o-768x576.jpg 768w, https:\/\/sachviet.eu\/wp-content\/uploads\/2021\/02\/118616958_2641350932797413_857499260854668584_o-600x450.jpg 600w, https:\/\/sachviet.eu\/wp-content\/uploads\/2021\/02\/118616958_2641350932797413_857499260854668584_o.jpg 1440w\" sizes=\"auto, (max-width: 1020px) 100vw, 1020px\" \/>\t\t\t\t\t\t\n\t\t\t\t\t<\/div>\n\t\t\t\t\t\t\t\t\n<style>\n#image_2137728030 {\n  width: 100%;\n}\n<\/style>\n\t<\/div>\n\t<\/div><\/div><div class=\"col grid-col large-6 grid-col-1-2\" ><div class=\"col-inner\">\t<div class=\"img has-hover x md-x lg-x y md-y lg-y\" id=\"image_1348893\">\n\t\t\t\t\t\t\t\t<div class=\"img-inner dark\" >\n\t\t\t<img loading=\"lazy\" decoding=\"async\" width=\"1020\" height=\"765\" src=\"https:\/\/sachviet.eu\/wp-content\/uploads\/2021\/02\/118651445_2641350952797411_1069713638608188361_o-1024x768.jpg\" class=\"attachment-large size-large\" alt=\"\" srcset=\"https:\/\/sachviet.eu\/wp-content\/uploads\/2021\/02\/118651445_2641350952797411_1069713638608188361_o-1024x768.jpg 1024w, https:\/\/sachviet.eu\/wp-content\/uploads\/2021\/02\/118651445_2641350952797411_1069713638608188361_o-300x225.jpg 300w, https:\/\/sachviet.eu\/wp-content\/uploads\/2021\/02\/118651445_2641350952797411_1069713638608188361_o-768x576.jpg 768w, https:\/\/sachviet.eu\/wp-content\/uploads\/2021\/02\/118651445_2641350952797411_1069713638608188361_o-600x450.jpg 600w, https:\/\/sachviet.eu\/wp-content\/uploads\/2021\/02\/118651445_2641350952797411_1069713638608188361_o.jpg 1440w\" sizes=\"auto, (max-width: 1020px) 100vw, 1020px\" \/>\t\t\t\t\t\t\n\t\t\t\t\t<\/div>\n\t\t\t\t\t\t\t\t\n<style>\n#image_1348893 {\n  width: 100%;\n}\n<\/style>\n\t<\/div>\n\t<\/div><\/div>            <\/div>\n    <style>\n    #banner-grid-786354882 .grid-col-1{height: 600px}\n    #banner-grid-786354882 .grid-col-1-2{height: 300px}\n    #banner-grid-786354882 .grid-col-1-3{height:200px}\n    #banner-grid-786354882 .grid-col-2-3{height: 400px}\n    #banner-grid-786354882 .grid-col-1-4{height: 150px}\n    #banner-grid-786354882 .grid-col-3-4{height: 450px}\n\n\n    \n    \n\n  <\/style>\n    <\/div>\n  \n","protected":false},"excerpt":{"rendered":"<p>Ba ch\u00fa d\u00ea qua c\u1ea7u, C\u1eadu b\u00e9 ch\u0103n c\u1eebu, Nh\u1ed5 c\u1ee7 c\u1ea3i, V\u1ecbt con x\u1ea5u x\u00ed&#8230; l\u00e0 nh\u1eefng c\u00e2u chuy\u1ec7n kh\u00f4ng c\u00f2n xa l\u1ea1 v\u1edbi bi\u1ebft bao th\u1ebf h\u1ec7 v\u00e0 v\u00f4 c\u00f9ng n\u1ed5i ti\u1ebfng tr\u00ean to\u00e0n th\u1ebf gi\u1edbi.<\/p>\n<p>Illustrated Classics &#8211; Nh\u1eefng c\u00e2u chuy\u1ec7n d\u00e2n gian hay nh\u1ea5t th\u1ebf gi\u1edbi \u0111\u00e3 \u0111\u01b0a c\u00e1c c\u00e2u chuy\u1ec7n v\u1ed1n r\u1ea5t quen thu\u1ed9c tr\u1edf th\u00e0nh nh\u1eefng t\u00e1c ph\u1ea9m m\u1edbi m\u1ebb v\u1edbi nhi\u1ec1u s\u1eafc m\u00e0u sinh \u0111\u1ed9ng, h\u00ecnh \u1ea3nh minh h\u1ecda \u0111\u1eb7c s\u1eafc, cu\u1ed1n s\u00e1ch ch\u00ednh l\u00e0 m\u1ed9t l\u1ef1a ch\u1ecdn tuy\u1ec7t v\u1eddi cho t\u1ee7 s\u00e1ch c\u1ee7a m\u1ecdi gia \u0111\u00ecnh.<\/p>\n","protected":false},"featured_media":2661,"template":"","meta":{"_acf_changed":false},"product_brand":[],"product_cat":[17,26],"product_tag":[],"class_list":{"0":"post-2671","1":"product","2":"type-product","3":"status-publish","4":"has-post-thumbnail","6":"product_cat-sach-danh-cho-cac-be","7":"product_cat-thieu-nien-11-tuoi-18-tuoi","9":"first","10":"outofstock","11":"taxable","12":"shipping-taxable","13":"purchasable","14":"product-type-simple"},"supplier_id":null,"supplier_sku":"","barcode":null,"atum_controlled":true,"out_stock_date":"2022-01-24 11:00:00","out_stock_threshold":null,"inheritable":false,"inbound_stock":0,"stock_on_hold":0,"sold_today":0,"sales_last_days":0,"reserved_stock":0,"customer_returns":0,"warehouse_damage":0,"lost_in_post":0,"other_logs":0,"out_stock_days":1465,"lost_sales":0,"has_location":false,"update_date":"2026-01-28T23:10:32","atum_locations":[],"atum_stock_status":"outofstock","restock_status":false,"low_stock_amount":"","sales_update_date":"2026-01-28T23:10:32","calc_backorders":null,"acf":{"publisher":{"ID":1470,"post_author":"2","post_date":"2021-02-17 01:12:47","post_date_gmt":"2021-02-16 23:12:47","post_content":"<!-- wp:flatsome\/uxbuilder -->\n<h1 style=\"text-align: center\"><strong>\u0110inh T\u1ecb<\/strong><\/h1>\n[row]\n\n[col span=\"4\" span__sm=\"12\"]\n\n[ux_image id=\"1831\" image_size=\"medium\"]\n\n\n[\/col]\n[col span=\"8\" span__sm=\"12\"]\n\n<p><strong>\u0110inh T\u1ecb Books - Ti\u00ean phong s\u00e1ng t\u1ea1o<\/strong><\/p>\n<p>Th\u00e0nh l\u1eadp n\u0103m 2006, t\u1edbi nay \u0110inh T\u1ecb Books \u0111\u01b0\u1ee3c \u0111\u00e1nh gi\u1ea3 l\u00e0 \u0111\u01a1n v\u1ecb xu\u1ea5t b\u1ea3n uy t\u00edn c\u00f3 t\u1ed1c \u0111\u1ed9 ph\u00e1t tri\u1ec3n nhanh nh\u1ea5t g\u1eafn v\u1edbi th\u00e0nh c\u00f4ng c\u1ee7a hai t\u1ee7 s\u00e1ch l\u1edbn: T\u1ee7 s\u00e1ch Thi\u1ebfu nhi - T\u1ee7 s\u00e1ch V\u0103n h\u1ecdc. Trong \u0111\u00f3 ph\u1ea3i k\u1ec3 t\u1edbi b\u01b0\u1edbc chuy\u1ec3n m\u00ecnh \u0111\u1ea7y \u1ea5n t\u01b0\u1ee3ng, tr\u1edf th\u00e0nh \u0111\u01a1n v\u1ecb ti\u00ean phong s\u00e1ng t\u1ea1o d\u00f2ng S\u00c1CH T\u01af\u01a0NG T\u00c1C thi\u1ebfu nhi. V\u1edbi h\u01a1n 300 t\u1ef1a s\u00e1ch t\u01b0\u01a1ng t\u00e1c \u0111ang l\u01b0u h\u00e0nh, \u0110inh T\u1ecb Books \u0111\u00e3 mang \u0111\u1ebfn nh\u1eefng gi\u00e1 tr\u1ecb tr\u1ea3i nghi\u1ec7m tuy\u1ec7t v\u1eddi, \u0111\u01b0a vi\u1ec7c h\u1ecdc v\u00e0 ch\u01a1i c\u00f9ng s\u00e1ch tr\u1edf n\u00ean hi\u1ec7u qu\u1ea3 h\u01a1n, gi\u00fap tr\u1ebb th\u00f4ng minh, t\u0103ng tr\u01b0\u1edfng c\u00e1c ch\u1ec9 s\u1ed1 IQ, EQ.<\/p>\n<p><strong>Th\u1ebf m\u1ea1nh c\u1ee7a \u0110inh T\u1ecb Books<\/strong><\/p>\n<p>V\u1edbi kinh nghi\u1ec7m nhi\u1ec1u n\u0103m trong ng\u00e0nh xu\u1ea5t b\u1ea3n, \u0110inh T\u1ecb Books tin r\u1eb1ng c\u00e1c b\u1eadc cha m\u1eb9 lu\u00f4n d\u00e0nh nh\u1eefng \u0111i\u1ec1u t\u1ed1t \u0111\u1eb9p nh\u1ea5t cho c\u00e1c con c\u1ee7a m\u00ecnh. \u0110\u1ecdc s\u00e1ch c\u00f9ng con lu\u00f4n l\u00e0 l\u1ef1a ch\u1ecdn h\u00e0ng \u0111\u1ea7u gi\u00fap g\u1eafn k\u1ebft t\u00ecnh y\u00eau th\u01b0\u01a1ng \u0111\u1ed3ng th\u1eddi gi\u00fap con nu\u00f4i d\u01b0\u1ee1ng ni\u1ec1m \u0111am m\u00ea v\u1edbi s\u00e1ch.<\/p>\n\n[\/col]\n\n[\/row]\n<p><strong>T\u00ecnh y\u00eau l\u1edbn d\u00e0nh cho nh\u1eefng cu\u1ed1n s\u00e1ch.<\/strong><\/p>\n<p>Xu\u1ea5t ph\u00e1t t\u1eeb t\u00ecnh y\u00eau v\u1edbi nh\u1eefng cu\u1ed1n s\u00e1ch, l\u00f2ng t\u1eadn t\u00e2m mu\u1ed1n g\u00ecn gi\u1eef nh\u1eefng gi\u00e1 tr\u1ecb v\u0103n h\u00f3a truy\u1ec1n th\u1ed1ng c\u1ee7a Vi\u1ec7t Nam, mong mu\u1ed1n \u0111\u01b0a nh\u1eefng gi\u00e1 tr\u1ecb \u0111\u1eadm ch\u1ea5t Vi\u1ec7t Nam \u0111\u1ebfn v\u1edbi tr\u1ebb em Vi\u1ec7t, c\u00e1c th\u00e0nh vi\u00ean s\u00e1ng t\u1ea1o c\u1ee7a \u0110inh T\u1ecb Books \u0111\u00e3 kh\u00f4ng ng\u1eebng n\u1ed7 l\u1ef1c, t\u00ecm t\u00f2i v\u00e0 h\u1ecdc h\u1ecfi, \u0111\u1ec3 \u0111\u01b0a nh\u1eefng cu\u1ed1n s\u00e1ch \u201c100% made in Vietnam\u201d \u0111\u1ebfn v\u1edbi tr\u1ebb em Vi\u1ec7t. C\u00e1c ki\u1ebfn th\u1ee9c b\u1ed5 \u00edch \u0111\u01b0\u1ee3c truy\u1ec1n t\u1ea3i th\u00f4ng qua nh\u1eefng t\u01b0\u01a1ng t\u00e1c th\u00fa v\u1ecb gi\u00fap tr\u1ebb nh\u1edb l\u00e2u h\u01a1n, h\u1ecdc t\u1ed1t h\u01a1n.<\/p>\n<p>Nh\u1eadn ra \u0111\u01b0\u1ee3c s\u1ee9 m\u1ec7nh v\u00e0 t\u1ea7m nh\u00ecn c\u1ee7a \u0110inh T\u1ecb, <strong>SACHVIET.EU<\/strong> \u0111\u00e3 li\u00ean l\u1ea1c v\u1edbi \u0110inh T\u1ecb \u0111\u1ec3 \u0111\u01b0\u1ee3c h\u1ed7 tr\u1ee3 \u0111\u01b0a nh\u1eefng cu\u1ed1n s\u00e1ch mang gi\u00e1 tr\u1ecb \u0111\u1eadm ch\u1ea5t Vi\u1ec7t Nam \u0111\u1ebfn v\u1edbi tr\u1ebb em Vi\u1ec7t v\u00e0 c\u1ed9ng \u0111\u1ed3ng Vi\u1ec7t s\u1ed1ng t\u1ea1i Ch\u00e2u \u00c2u. SACHVIET.EU \u0111\u1eb7t l\u00f2ng tin \u1edf \u0110inh T\u1ecb s\u1ebd lu\u00f4n \u0111em \u0111\u1ebfn nh\u1eefng gi\u00e1 tr\u1ecb cao qua t\u1eebng trang s\u00e1ch v\u00e0 hy v\u1ecdng \u0111\u1ed9c gi\u1ea3 s\u1ebd lu\u00f4n h\u00e0i l\u00f2ng v\u1edbi ch\u1ea5t l\u01b0\u1ee3ng m\u00e0 \u0110inh T\u1ecb theo \u0111u\u1ed5i bao n\u0103m qua.<\/p>\n\n<!-- \/wp:flatsome\/uxbuilder -->","post_title":"\u0110inh T\u1ecb","post_excerpt":"","post_status":"publish","comment_status":"closed","ping_status":"closed","post_password":"","post_name":"dinh-ti","to_ping":"","pinged":"","post_modified":"2022-12-19 23:15:43","post_modified_gmt":"2022-12-19 21:15:43","post_content_filtered":"","post_parent":0,"guid":"https:\/\/sachviet.eu\/nha-phat-hanh\/dinh-ti\/","menu_order":0,"post_type":"publisher","post_mime_type":"","comment_count":"0","filter":"raw"}},"_links":{"self":[{"href":"https:\/\/sachviet.eu\/en\/wp-json\/wp\/v2\/product\/2671","targetHints":{"allow":["GET"]}}],"collection":[{"href":"https:\/\/sachviet.eu\/en\/wp-json\/wp\/v2\/product"}],"about":[{"href":"https:\/\/sachviet.eu\/en\/wp-json\/wp\/v2\/types\/product"}],"wp:featuredmedia":[{"embeddable":true,"href":"https:\/\/sachviet.eu\/en\/wp-json\/wp\/v2\/media\/2661"}],"wp:attachment":[{"href":"https:\/\/sachviet.eu\/en\/wp-json\/wp\/v2\/media?parent=2671"}],"wp:term":[{"taxonomy":"product_brand","embeddable":true,"href":"https:\/\/sachviet.eu\/en\/wp-json\/wp\/v2\/product_brand?post=2671"},{"taxonomy":"product_cat","embeddable":true,"href":"https:\/\/sachviet.eu\/en\/wp-json\/wp\/v2\/product_cat?post=2671"},{"taxonomy":"product_tag","embeddable":true,"href":"https:\/\/sachviet.eu\/en\/wp-json\/wp\/v2\/product_tag?post=2671"}],"curies":[{"name":"wp","href":"https:\/\/api.w.org\/{rel}","templated":true}]}}