{"id":2605,"date":"2021-02-25T19:52:02","date_gmt":"2021-02-25T17:52:02","guid":{"rendered":"https:\/\/sachviet.eu\/shop\/tram-dung-cuoi-o-pho-cho\/"},"modified":"2026-03-31T21:22:41","modified_gmt":"2026-03-31T18:22:41","slug":"tram-dung-cuoi-o-pho-cho","status":"publish","type":"product","link":"https:\/\/sachviet.eu\/en\/shop\/tram-dung-cuoi-o-pho-cho\/","title":{"rendered":"Tr\u1ea1m d\u1eebng cu\u1ed1i \u1edf Ph\u1ed1 Ch\u1ee3"},"content":{"rendered":"<p>\u201cC\u00f3 nh\u1eefng khi m\u00ecnh s\u1ebd b\u1ecb nh\u1eefng \u0111i\u1ec1u t\u0103m t\u1ed1i, d\u01a1 b\u1ea9n ph\u1ee7 l\u1ea5p CJ \u1ea1. \u0110\u00f3 ch\u00ednh l\u00e0 l\u00fac m\u00ecnh nh\u1eadn th\u1ee9c \u0111\u01b0\u1ee3c r\u00f5 h\u01a1n r\u1eb1ng \u0111i\u1ec1u g\u00ec l\u00e0 \u0111\u1eb9p \u0111\u1ebd tr\u00ean \u0111\u1eddi.\u201d<\/p>\n<p>CJ l\u00ean chuy\u1ebfn xe bu\u00fdt rong ru\u1ed5i kh\u1eafp th\u00e0nh ph\u1ed1 nh\u01b0 h\u00e0ng tu\u1ea7n hai b\u00e0 ch\u00e1u v\u1eabn \u0111i, trong t\u00e2m tr\u1ea1ng th\u1ea5t v\u1ecdng v\u00e0 ch\u00e1n ch\u01b0\u1eddng h\u01a1n bao gi\u1edd h\u1ebft, em kh\u00f4ng th\u1ec3 hi\u1ec3u v\u00ec sao nh\u00e0 m\u00ecnh l\u1ea1i kh\u00f4ng c\u00f3 \u00f4 t\u00f4 nh\u01b0 nh\u1eefng b\u1ea1n kh\u00e1c. V\u00e0 b\u00e0, v\u1eabn v\u1edbi s\u1ef1 th\u00f4ng tu\u1ec7 v\u00e0 t\u00edch c\u1ef1c c\u1ee7a m\u00ecnh, \u0111\u00e3 kh\u00edch l\u1ec7 CJ, gi\u00fap em nh\u00ecn th\u1ea5y nh\u1eefng v\u1ebb \u0111\u1eb9p v\u00e0 nh\u1eefng \u0111i\u1ec1u t\u1ed1t \u0111\u1eb9p trong cu\u1ed9c s\u1ed1ng quanh em.<\/p>\n<p>Cu\u1ed1n s\u00e1ch tranh \u0111\u1ea7y \u0111\u1eb9p \u0111\u1ebd v\u00e0 gi\u00e0u c\u1ea3m x\u00fac n\u00e0y s\u1ebd \u0111\u01b0a ta tr\u00ean m\u1ed9t chuy\u1ebfn h\u00e0nh tr\u00ecnh kh\u00e1m ph\u00e1 \u0111\u00f4 th\u1ecb New York v\u1edbi t\u1ea5t c\u1ea3 l\u00f2ng ch\u00e2n th\u00e0nh, h\u1ee9ng th\u00fa v\u00e0 bi\u1ebft \u01a1n.<\/p>\n<p>Tr\u1ea1m d\u1eebng cu\u1ed1i \u1edf Ph\u1ed1 Ch\u1ee3 \u0111\u00e3 gi\u00e0nh \u0111\u01b0\u1ee3c v\u00f4 s\u1ed1 gi\u1ea3i th\u01b0\u1edfng qu\u00fd gi\u00e1 v\u00e0 ch\u1ec5m ch\u1ec7 tr\u00ean v\u1ecb tr\u00ed \u0111\u1ed9c t\u00f4n c\u1ee7a danh s\u00e1ch S\u00e1ch b\u00e1n ch\u1ea1y nh\u1ea5t theo th\u1ed1ng k\u00ea c\u1ee7a Th\u1eddi b\u00e1o New York.  <div class=\"banner-grid-wrapper\">\n  <div id=\"banner-grid-1759028673\" class=\"banner-grid row row-grid row-small\" data-packery-options=\"\">\n            <style>\n    #banner-grid-1759028673 .grid-col-1{height: 600px}\n    #banner-grid-1759028673 .grid-col-1-2{height: 300px}\n    #banner-grid-1759028673 .grid-col-1-3{height:200px}\n    #banner-grid-1759028673 .grid-col-2-3{height: 400px}\n    #banner-grid-1759028673 .grid-col-1-4{height: 150px}\n    #banner-grid-1759028673 .grid-col-3-4{height: 450px}\n\n\n        \/* Tablet *\/\n    @media (max-width: 850px){\n      #banner-grid-1759028673 .grid-col-1{height: 400px}\n      #banner-grid-1759028673 .grid-col-1-2{height: 200px}\n      #banner-grid-1759028673 .grid-col-1-3{height:133.33333333333px}\n      #banner-grid-1759028673 .grid-col-2-3{height: 266.66666666667px}\n      #banner-grid-1759028673 .grid-col-1-4{height: 100px}\n      #banner-grid-1759028673 .grid-col-3-4{height: 300px}\n    }\n    \n        \/* Mobile *\/\n    @media (max-width: 550px){\n      #banner-grid-1759028673 .grid-col-1{height: 400px}\n      #banner-grid-1759028673 .grid-col-1-2{height: 200px}\n      #banner-grid-1759028673 .grid-col-1-3{height:133.33333333333px}\n      #banner-grid-1759028673 .grid-col-2-3{height: 266.66666666667px}\n      #banner-grid-1759028673 .grid-col-1-4{height: 100px}\n      #banner-grid-1759028673 .grid-col-3-4{height: 300px}\n    }\n    \n\n  <\/style>\n    <\/div>\n    <style>\n    #banner-grid-1759028673 .grid-col-1{height: 600px}\n    #banner-grid-1759028673 .grid-col-1-2{height: 300px}\n    #banner-grid-1759028673 .grid-col-1-3{height:200px}\n    #banner-grid-1759028673 .grid-col-2-3{height: 400px}\n    #banner-grid-1759028673 .grid-col-1-4{height: 150px}\n    #banner-grid-1759028673 .grid-col-3-4{height: 450px}\n\n\n    \n    \n\n  <\/style>\n    <\/div>\n  \n","protected":false},"excerpt":{"rendered":"<p>Cu\u1ed1n s\u00e1ch \u0111\u00e3 gi\u00e0nh gi\u1ea3i Newbery danh gi\u00e1 c\u1ee7a n\u01b0\u1edbc M\u1ef9 v\u00e0 l\u00e0 cu\u1ed1n s\u00e1ch b\u00e1n ch\u1ea1y nh\u1ea5t theo Th\u1eddi b\u00e1o New York n\u00e0y l\u00e0 m\u1ed9t t\u00e1c ph\u1ea9m \u0111\u1ea7y tuy\u1ec7t v\u1eddi nh\u1eafc nh\u1edf ch\u00fang ta r\u1eb1ng c\u00f3 nhi\u1ec1u th\u1ee9 qu\u00fd gi\u00e1 ch\u1eb3ng th\u1ec3 mua \u0111\u01b0\u1ee3c b\u1eb1ng ti\u1ec1n \u2013 m\u1ed9t th\u00f4ng \u0111i\u1ec7p mang t\u00ednh th\u1eddi s\u1ef1 v\u00e0 c\u00f3 gi\u00e1 tr\u1ecb b\u1ec1n l\u00e2u kh\u00f4ng ch\u1ec9 d\u00e0nh cho tr\u1ebb em, m\u00e0 c\u00f2n cho t\u1ea5t c\u1ea3 ch\u00fang ta r\u1eb1ng s\u1ef1 quan t\u00e2m, bi\u1ebft l\u1eafng lo cho nhau v\u00e0 tinh th\u1ea7n c\u1ed9ng \u0111\u1ed3ng c\u00f2n \u0111\u00e1ng qu\u00fd h\u01a1n nhi\u1ec1u so v\u1edbi nh\u1eefng c\u1ee7a c\u1ea3i v\u1eadt ch\u1ea5t.<\/p>\n<p>Tr\u00ean n\u1ec1n c\u1ee7a nh\u1eefng tranh v\u1ebd m\u1ed9c m\u1ea1c theo phong c\u00e1ch collage c\u1eaft d\u00e1n v\u00e0 \u0111\u00f3ng khung c\u00e2u chuy\u1ec7n qua \u0111i\u1ec3m nh\u00ecn c\u1ee7a m\u1ed9t \u0111\u1ee9a tr\u1ebb, chuy\u1ebfn h\u00e0nh tr\u00ecnh c\u1ee7a CJ c\u00f9ng v\u1edbi b\u00e0 \u0111\u00e3 m\u1edf ra bao ch\u1ee7 \u0111\u1ec1 nghi\u00eam t\u00fac v\u00e0 quan tr\u1ecdng v\u1ec1 vi\u1ec7c h\u00f2a nh\u1eadp v\u00e0o c\u1ed9ng \u0111\u1ed3ng c\u1ee7a m\u1ed7i ng\u01b0\u1eddi v\u00e0 l\u00f2ng t\u1ed1t ch\u00fang ta d\u00e0nh cho nhau.<\/p>\n","protected":false},"featured_media":2600,"template":"","meta":{"_acf_changed":false},"product_brand":[],"product_cat":[24,25,17],"product_tag":[81],"class_list":{"0":"post-2605","1":"product","2":"type-product","3":"status-publish","4":"has-post-thumbnail","6":"product_cat-nha-tre-mau-giao-0-tuoi-6-tuoi","7":"product_cat-nhi-dong-6-tuoi-12-tuoi","8":"product_cat-sach-danh-cho-cac-be","9":"product_tag-sach-gia-uu-dai","11":"first","12":"outofstock","13":"sale","14":"taxable","15":"shipping-taxable","16":"purchasable","17":"product-type-simple"},"supplier_id":null,"supplier_sku":"","barcode":null,"atum_controlled":true,"out_stock_date":"2026-03-31 21:22:41","out_stock_threshold":null,"inheritable":false,"inbound_stock":0,"stock_on_hold":0,"sold_today":0,"sales_last_days":1,"reserved_stock":0,"customer_returns":0,"warehouse_damage":0,"lost_in_post":0,"other_logs":0,"out_stock_days":8,"lost_sales":11,"has_location":false,"update_date":"2026-04-09T17:18:58","atum_locations":[],"atum_stock_status":"outofstock","restock_status":false,"low_stock_amount":"","sales_update_date":"2026-04-09T17:18:58","calc_backorders":null,"acf":{"publisher":{"ID":1458,"post_author":"1","post_date":"2021-02-17 01:12:22","post_date_gmt":"2021-02-16 23:12:22","post_content":"<!-- wp:flatsome\/uxbuilder -->\n<h1 style=\"text-align: center\"><strong>Crabit Kidbooks<\/strong><\/h1>\n[row]\n\n[col span=\"8\" span__sm=\"12\"]\n\n<p>Crabit Kidbooks l\u00e0 nh\u00e0 ph\u00e1t h\u00e0nh s\u00e1ch thi\u1ebfu nhi thu\u1ed9c C\u00f4ng ty CPTM &amp; XNK Ng\u1ecdc \u00c1nh \u2013 \u0111\u01a1n v\u1ecb h\u01a1n 20 n\u0103m kinh nghi\u1ec7m trong ng\u00e0nh in \u1ea5n v\u00e0 l\u00e0 \u0111\u1ed1i t\u00e1c uy t\u00edn cung c\u1ea5p h\u1ecdc li\u1ec7u, s\u00e1ch v\u1edf h\u1ecdc sinh cho h\u01a1n 5000 kh\u00e1ch h\u00e0ng kh\u1eafp 28 t\u1ec9nh th\u00e0nh ph\u00eda B\u1eafc Vi\u1ec7t Nam H\u1ec7 th\u1ed1ng s\u1ea3n ph\u1ea9m Crabit Kidbooks<\/p>\n<p>Theo s\u1ef1 t\u00ecm hi\u1ec3u c\u1ee7a <strong>SACHVIET.EU<\/strong><strong>\u00a0<\/strong>tuy Crabit Kidbooks l\u00e0 m\u1ed9t nh\u00e0 ph\u00e1t h\u00e0nh tr\u1ebb t\u1ea1i Vi\u1ec7t Nam nh\u01b0ng l\u1ea1i mang \u0111\u1ebfn s\u1ef1 ch\u1ec9n chu qua t\u1eebng trang s\u00e1ch, t\u1eeb ch\u1ea5t li\u1ec7u gi\u1ea5y cao c\u1ea5p, b\u00eca c\u1ee9ng gi\u1eef g\u00ecn s\u00e1ch \u0111\u01b0\u1ee3c b\u1ec1n l\u00e2u \u0111\u1ebfn l\u1eddi v\u0103n c\u00e2u ch\u1eef \u0111\u01b0\u1ee3c ch\u1ecdn l\u1ecdc ch\u1ec9nh s\u1eeda sao cho ti\u1ebfp c\u1eadn th\u00e2n thi\u1ec7n nh\u1ea5t v\u1edbi tr\u1ebb em. <strong>SACHVIET.EU<\/strong> th\u1ef1c s\u1ef1 \u1ea5n t\u01b0\u1ee3ng b\u1edfi t\u1ea7m nh\u00ecn v\u00e0 s\u1ef1 c\u1ed1 g\u1eafng ho\u00e0n thi\u1ec7n nh\u1eefng t\u00e1c ph\u1ea9m c\u00f3 gi\u00e1 tr\u1ecb tuy\u1ec7t v\u1eddi m\u00e0 Crabit Kidbooks mang l\u1ea1i. \u0110\u00e2y c\u0169ng l\u00e0 nh\u00e0 ph\u00e1t h\u00e0nh duy nh\u1ea5t t\u1edbi th\u1eddi \u0111i\u1ec3m n\u00e0y m\u00e0 <strong>SACHVIET.EU<\/strong> quy\u1ebft t\u00e2m h\u1ee3p t\u00e1c mang h\u1ebft t\u1ea5t c\u1ea3 c\u00e1c \u0111\u1ea7u s\u00e1ch m\u00e0 Crabit Kidbooks c\u00f3 \u0111\u1ec3 \u0111em \u0111\u1ebfn Ch\u00e2u \u00c2u ph\u1ee5c v\u1ee5 m\u1ecdi ng\u01b0\u1eddi. \u0110\u00e2y th\u1ef1c s\u1ef1 l\u00e0 m\u1ed9t s\u1ef1 li\u1ec1u l\u0129nh c\u1ee7a <strong>SACHVIET.EU<\/strong>, tuy nhi\u00ean ch\u00fang m\u00ecnh tin t\u01b0\u1edfng v\u00e0 t\u1ef1 tin r\u1eb1ng t\u1eebng cu\u1ed1n s\u00e1ch m\u00e0 ch\u00fang m\u00ecnh gi\u1edbi thi\u1ec7u x\u1ee9ng \u0111\u00e1ng v\u1edbi nh\u1eefng g\u00ec ch\u00fang m\u00ecnh theo \u0111u\u1ed5i.<\/p>\n\n[\/col]\n[col span=\"4\" span__sm=\"12\"]\n\n[ux_image id=\"1701\" image_size=\"medium\"]\n\n\n[\/col]\n\n[\/row]\n\n<!-- \/wp:flatsome\/uxbuilder -->","post_title":"Crabit Kidbooks","post_excerpt":"","post_status":"publish","comment_status":"closed","ping_status":"closed","post_password":"","post_name":"crabit-kidbooks","to_ping":"","pinged":"","post_modified":"2022-12-19 23:12:10","post_modified_gmt":"2022-12-19 21:12:10","post_content_filtered":"","post_parent":0,"guid":"https:\/\/sachviet.eu\/nha-phat-hanh\/crabitkidbooks\/","menu_order":0,"post_type":"publisher","post_mime_type":"","comment_count":"0","filter":"raw"}},"_links":{"self":[{"href":"https:\/\/sachviet.eu\/en\/wp-json\/wp\/v2\/product\/2605","targetHints":{"allow":["GET"]}}],"collection":[{"href":"https:\/\/sachviet.eu\/en\/wp-json\/wp\/v2\/product"}],"about":[{"href":"https:\/\/sachviet.eu\/en\/wp-json\/wp\/v2\/types\/product"}],"wp:featuredmedia":[{"embeddable":true,"href":"https:\/\/sachviet.eu\/en\/wp-json\/wp\/v2\/media\/2600"}],"wp:attachment":[{"href":"https:\/\/sachviet.eu\/en\/wp-json\/wp\/v2\/media?parent=2605"}],"wp:term":[{"taxonomy":"product_brand","embeddable":true,"href":"https:\/\/sachviet.eu\/en\/wp-json\/wp\/v2\/product_brand?post=2605"},{"taxonomy":"product_cat","embeddable":true,"href":"https:\/\/sachviet.eu\/en\/wp-json\/wp\/v2\/product_cat?post=2605"},{"taxonomy":"product_tag","embeddable":true,"href":"https:\/\/sachviet.eu\/en\/wp-json\/wp\/v2\/product_tag?post=2605"}],"curies":[{"name":"wp","href":"https:\/\/api.w.org\/{rel}","templated":true}]}}