{"id":2599,"date":"2021-02-25T19:51:37","date_gmt":"2021-02-25T17:51:37","guid":{"rendered":"https:\/\/sachviet.eu\/shop\/lam-sao-de-chua-lanh-mot-canh-chim-gay\/"},"modified":"2022-11-30T07:51:16","modified_gmt":"2022-11-30T05:51:16","slug":"lam-sao-de-chua-lanh-mot-canh-chim-gay","status":"publish","type":"product","link":"https:\/\/sachviet.eu\/en\/shop\/lam-sao-de-chua-lanh-mot-canh-chim-gay\/","title":{"rendered":"L\u00e0m sao \u0111\u1ec3 ch\u1eefa l\u00e0nh m\u1ed9t c\u00e1nh chim g\u00e3y"},"content":{"rendered":"<p>N\u01a1i th\u00e0nh ph\u1ed1 t\u1ea5p n\u1eadp x\u00f4 b\u1ed3, kh\u00f4ng m\u1ed9t ai ch\u00fa \u00fd \u0111\u1ebfn ch\u00fa chim \u0111\u00e1ng th\u01b0\u01a1ng n\u1eb1m b\u00ean v\u1ec7 \u0111\u01b0\u1eddng v\u1edbi \u0111\u00f4i c\u00e1nh \u0111\u00e3 g\u00e3y. Kh\u00f4ng m\u1ed9t ai tr\u1eeb ch\u00fa b\u00e9 Will. Will \u0111\u00e3 c\u00f9ng m\u1eb9 \u0111\u01b0a ch\u00fa chim t\u1ed9i nghi\u1ec7p v\u1ec1 nh\u00e0 ch\u0103m s\u00f3c. Ch\u1eb3ng th\u1ec3 n\u00e0o g\u1eafn li\u1ec1n s\u1ee3i l\u00f4ng \u0111\u00e3 \u0111\u1ee9t l\u00eca kh\u1ecfi th\u00e2n, nh\u01b0ng v\u1edbi th\u1eddi gian ngh\u1ec9 ng\u01a1i t\u0129nh d\u01b0\u1ee1ng, c\u00f9ng ch\u00fat hy v\u1ecdng, chi\u1ebfc c\u00e1nh c\u0169ng \u0111\u01b0\u1ee3c ch\u1eefa l\u00e0nh\u2026 \u0111\u1ec3 m\u1ed9t l\u1ea7n n\u1eefa s\u1ea3i r\u1ed9ng tr\u00ean b\u1ea7u tr\u1eddi th\u00e0nh ph\u1ed1 cao r\u1ed9ng.<br \/>\nC\u00e2u chuy\u1ec7n t\u01b0\u1edfng nh\u01b0 v\u00f4 c\u00f9ng \u0111\u01a1n gi\u1ea3n n\u00e0y \u0111\u01b0\u1ee3c t\u00f4 \u0111i\u1ec3m v\u1edbi nh\u1eefng b\u1ee9c tranh \u0111\u1eb9p xu\u1ea5t s\u1eafc, \u0111\u00f3ng vai tr\u00f2 nh\u01b0 m\u1ed9t th\u00e0nh t\u1ed1 cung c\u1ea5p hi\u1ec3u bi\u1ebft v\u1ec1 th\u1ecb gi\u00e1c (visual literacy) c\u0169ng nh\u01b0 cho b\u1ea1n \u0111\u1ecdc nh\u00ed nh\u1eefng nh\u1eadn th\u1ee9c tr\u1ecdn v\u1eb9n nh\u1ea5t v\u1ec1 cu\u1ed1n s\u00e1ch. V\u1eabn v\u1edbi n\u1ed7i b\u00e2ng khu\u00e2ng nh\u01b0ng h\u01b0\u1edbng s\u00e1ng l\u00e0 phong c\u00e1ch \u0111\u1eb7c tr\u01b0ng c\u1ee7a b\u00e1c Bob Graham, \u0111\u00e2y \u0111\u00fang th\u1ef1c l\u00e0 m\u1ed9t c\u00e2u chuy\u1ec7n v\u1ec1 nh\u1eefng kh\u1ea3 n\u0103ng v\u00f4 t\u1eadn \u2013 v\u00e0 c\u1ee7a nh\u1eefng t\u00e2m h\u1ed3n ch\u01b0a t\u1eebng ng\u1eebng tin t\u01b0\u1edfng v\u00e0o nh\u1eefng gi\u00e1 tr\u1ecb t\u1ed1t \u0111\u1eb9p. C\u00e2u chuy\u1ec7n \u0111\u00e3 \u0111\u1ea1t \u0111\u01b0\u1ee3c s\u1ef1 th\u0103ng hoa qua nh\u1eefng l\u1eddi k\u1ec3 th\u1ea5m th\u00eda v\u00e0 h\u00ecnh v\u1ebd s\u00e2u l\u1eafng. Nh\u1eefng b\u1ea1n \u0111\u1ecdc tinh m\u1eaft s\u1ebd c\u00f3 th\u1ec3 nh\u1eadn ra c\u1ea3 nh\u1eefng \u00e1m ch\u1ec9 \u0111\u1ea7y th\u00f4ng th\u00e1i trong tranh c\u1ee7a b\u00e1c Graham.  <div class=\"banner-grid-wrapper\">\n  <div id=\"banner-grid-1276134751\" class=\"banner-grid row row-grid row-small\" data-packery-options=\"\">\n            <style>\n    #banner-grid-1276134751 .grid-col-1{height: 600px}\n    #banner-grid-1276134751 .grid-col-1-2{height: 300px}\n    #banner-grid-1276134751 .grid-col-1-3{height:200px}\n    #banner-grid-1276134751 .grid-col-2-3{height: 400px}\n    #banner-grid-1276134751 .grid-col-1-4{height: 150px}\n    #banner-grid-1276134751 .grid-col-3-4{height: 450px}\n\n\n        \/* Tablet *\/\n    @media (max-width: 850px){\n      #banner-grid-1276134751 .grid-col-1{height: 400px}\n      #banner-grid-1276134751 .grid-col-1-2{height: 200px}\n      #banner-grid-1276134751 .grid-col-1-3{height:133.33333333333px}\n      #banner-grid-1276134751 .grid-col-2-3{height: 266.66666666667px}\n      #banner-grid-1276134751 .grid-col-1-4{height: 100px}\n      #banner-grid-1276134751 .grid-col-3-4{height: 300px}\n    }\n    \n        \/* Mobile *\/\n    @media (max-width: 550px){\n      #banner-grid-1276134751 .grid-col-1{height: 400px}\n      #banner-grid-1276134751 .grid-col-1-2{height: 200px}\n      #banner-grid-1276134751 .grid-col-1-3{height:133.33333333333px}\n      #banner-grid-1276134751 .grid-col-2-3{height: 266.66666666667px}\n      #banner-grid-1276134751 .grid-col-1-4{height: 100px}\n      #banner-grid-1276134751 .grid-col-3-4{height: 300px}\n    }\n    \n\n  <\/style>\n    <\/div>\n    <style>\n    #banner-grid-1276134751 .grid-col-1{height: 600px}\n    #banner-grid-1276134751 .grid-col-1-2{height: 300px}\n    #banner-grid-1276134751 .grid-col-1-3{height:200px}\n    #banner-grid-1276134751 .grid-col-2-3{height: 400px}\n    #banner-grid-1276134751 .grid-col-1-4{height: 150px}\n    #banner-grid-1276134751 .grid-col-3-4{height: 450px}\n\n\n    \n    \n\n  <\/style>\n    <\/div>\n  \n","protected":false},"excerpt":{"rendered":"<p>Qua vi\u1ec7c \u0111\u00e1nh \u0111\u1ed9ng l\u00f2ng th\u1ea5u c\u1ea3m \u2013 v\u1ed1n l\u00e0 b\u1ea3n n\u0103ng trong m\u1ed7i \u0111\u1ee9a tr\u1ebb &#8211; tr\u01b0\u1edbc lo\u00e0i v\u1eadt, ng\u01b0\u1eddi l\u1edbn c\u00f3 th\u1ec3 kh\u00edch l\u1ec7 c\u00e1c b\u00e9 v\u1eeba h\u1ecdc v\u1eeba \u00e1p d\u1ee5ng nh\u1eefng \u0111i\u1ec1u \u0111\u00e3 \u0111\u01b0\u1ee3c h\u1ecdc v\u1edbi t\u1ea5t c\u1ea3 s\u1ef1 ch\u00e2n th\u00e0nh. Trong cu\u1ed1n s\u00e1ch n\u00e0y, v\u1ed1n l\u00e0 m\u1ed9t t\u00e1c ph\u1ea9m ki\u1ec7t xu\u1ea5t \u0111\u00e3 \u0111\u1ea1t nhi\u1ec1u gi\u1ea3i th\u01b0\u1edfng, b\u00e1c Bob Graham \u0111\u00e3 v\u1eadn d\u1ee5ng r\u1ea5t \u00edt t\u1eeb ng\u1eef m\u00e0 t\u1eadp trung v\u00e0o nh\u1eefng minh h\u1ecda s\u1eafc s\u1ea3o \u0111\u1ec3 k\u1ec3 m\u1ed9t c\u00e2u chuy\u1ec7n \u0111\u1ea7y c\u1ea3m \u0111\u1ed9ng v\u1ec1 duy nh\u1ea5t m\u1ed9t c\u1eadu b\u00e9 \u0111\u1ec3 t\u00e2m v\u00e0 ch\u00eca tay ra gi\u00fap \u0111\u1ee1.<\/p>\n","protected":false},"featured_media":2595,"template":"","meta":{"_acf_changed":false},"product_brand":[],"product_cat":[25,17,26],"product_tag":[],"class_list":{"0":"post-2599","1":"product","2":"type-product","3":"status-publish","4":"has-post-thumbnail","6":"product_cat-nhi-dong-6-tuoi-12-tuoi","7":"product_cat-sach-danh-cho-cac-be","8":"product_cat-thieu-nien-11-tuoi-18-tuoi","10":"first","11":"instock","12":"taxable","13":"shipping-taxable","14":"purchasable","15":"product-type-simple"},"supplier_id":null,"supplier_sku":"","barcode":null,"atum_controlled":true,"out_stock_date":null,"out_stock_threshold":null,"inheritable":false,"inbound_stock":0,"stock_on_hold":0,"sold_today":0,"sales_last_days":0,"reserved_stock":0,"customer_returns":0,"warehouse_damage":0,"lost_in_post":0,"other_logs":0,"out_stock_days":0,"lost_sales":0,"has_location":false,"update_date":"2026-01-28T23:10:32","atum_locations":[],"atum_stock_status":"instock","restock_status":false,"low_stock_amount":"","sales_update_date":"2026-01-28T23:10:32","calc_backorders":null,"acf":{"publisher":{"ID":1458,"post_author":"1","post_date":"2021-02-17 01:12:22","post_date_gmt":"2021-02-16 23:12:22","post_content":"<!-- wp:flatsome\/uxbuilder -->\n<h1 style=\"text-align: center\"><strong>Crabit Kidbooks<\/strong><\/h1>\n[row]\n\n[col span=\"8\" span__sm=\"12\"]\n\n<p>Crabit Kidbooks l\u00e0 nh\u00e0 ph\u00e1t h\u00e0nh s\u00e1ch thi\u1ebfu nhi thu\u1ed9c C\u00f4ng ty CPTM &amp; XNK Ng\u1ecdc \u00c1nh \u2013 \u0111\u01a1n v\u1ecb h\u01a1n 20 n\u0103m kinh nghi\u1ec7m trong ng\u00e0nh in \u1ea5n v\u00e0 l\u00e0 \u0111\u1ed1i t\u00e1c uy t\u00edn cung c\u1ea5p h\u1ecdc li\u1ec7u, s\u00e1ch v\u1edf h\u1ecdc sinh cho h\u01a1n 5000 kh\u00e1ch h\u00e0ng kh\u1eafp 28 t\u1ec9nh th\u00e0nh ph\u00eda B\u1eafc Vi\u1ec7t Nam H\u1ec7 th\u1ed1ng s\u1ea3n ph\u1ea9m Crabit Kidbooks<\/p>\n<p>Theo s\u1ef1 t\u00ecm hi\u1ec3u c\u1ee7a <strong>SACHVIET.EU<\/strong><strong>\u00a0<\/strong>tuy Crabit Kidbooks l\u00e0 m\u1ed9t nh\u00e0 ph\u00e1t h\u00e0nh tr\u1ebb t\u1ea1i Vi\u1ec7t Nam nh\u01b0ng l\u1ea1i mang \u0111\u1ebfn s\u1ef1 ch\u1ec9n chu qua t\u1eebng trang s\u00e1ch, t\u1eeb ch\u1ea5t li\u1ec7u gi\u1ea5y cao c\u1ea5p, b\u00eca c\u1ee9ng gi\u1eef g\u00ecn s\u00e1ch \u0111\u01b0\u1ee3c b\u1ec1n l\u00e2u \u0111\u1ebfn l\u1eddi v\u0103n c\u00e2u ch\u1eef \u0111\u01b0\u1ee3c ch\u1ecdn l\u1ecdc ch\u1ec9nh s\u1eeda sao cho ti\u1ebfp c\u1eadn th\u00e2n thi\u1ec7n nh\u1ea5t v\u1edbi tr\u1ebb em. <strong>SACHVIET.EU<\/strong> th\u1ef1c s\u1ef1 \u1ea5n t\u01b0\u1ee3ng b\u1edfi t\u1ea7m nh\u00ecn v\u00e0 s\u1ef1 c\u1ed1 g\u1eafng ho\u00e0n thi\u1ec7n nh\u1eefng t\u00e1c ph\u1ea9m c\u00f3 gi\u00e1 tr\u1ecb tuy\u1ec7t v\u1eddi m\u00e0 Crabit Kidbooks mang l\u1ea1i. \u0110\u00e2y c\u0169ng l\u00e0 nh\u00e0 ph\u00e1t h\u00e0nh duy nh\u1ea5t t\u1edbi th\u1eddi \u0111i\u1ec3m n\u00e0y m\u00e0 <strong>SACHVIET.EU<\/strong> quy\u1ebft t\u00e2m h\u1ee3p t\u00e1c mang h\u1ebft t\u1ea5t c\u1ea3 c\u00e1c \u0111\u1ea7u s\u00e1ch m\u00e0 Crabit Kidbooks c\u00f3 \u0111\u1ec3 \u0111em \u0111\u1ebfn Ch\u00e2u \u00c2u ph\u1ee5c v\u1ee5 m\u1ecdi ng\u01b0\u1eddi. \u0110\u00e2y th\u1ef1c s\u1ef1 l\u00e0 m\u1ed9t s\u1ef1 li\u1ec1u l\u0129nh c\u1ee7a <strong>SACHVIET.EU<\/strong>, tuy nhi\u00ean ch\u00fang m\u00ecnh tin t\u01b0\u1edfng v\u00e0 t\u1ef1 tin r\u1eb1ng t\u1eebng cu\u1ed1n s\u00e1ch m\u00e0 ch\u00fang m\u00ecnh gi\u1edbi thi\u1ec7u x\u1ee9ng \u0111\u00e1ng v\u1edbi nh\u1eefng g\u00ec ch\u00fang m\u00ecnh theo \u0111u\u1ed5i.<\/p>\n\n[\/col]\n[col span=\"4\" span__sm=\"12\"]\n\n[ux_image id=\"1701\" image_size=\"medium\"]\n\n\n[\/col]\n\n[\/row]\n\n<!-- \/wp:flatsome\/uxbuilder -->","post_title":"Crabit Kidbooks","post_excerpt":"","post_status":"publish","comment_status":"closed","ping_status":"closed","post_password":"","post_name":"crabit-kidbooks","to_ping":"","pinged":"","post_modified":"2022-12-19 23:12:10","post_modified_gmt":"2022-12-19 21:12:10","post_content_filtered":"","post_parent":0,"guid":"https:\/\/sachviet.eu\/nha-phat-hanh\/crabitkidbooks\/","menu_order":0,"post_type":"publisher","post_mime_type":"","comment_count":"0","filter":"raw"}},"_links":{"self":[{"href":"https:\/\/sachviet.eu\/en\/wp-json\/wp\/v2\/product\/2599","targetHints":{"allow":["GET"]}}],"collection":[{"href":"https:\/\/sachviet.eu\/en\/wp-json\/wp\/v2\/product"}],"about":[{"href":"https:\/\/sachviet.eu\/en\/wp-json\/wp\/v2\/types\/product"}],"wp:featuredmedia":[{"embeddable":true,"href":"https:\/\/sachviet.eu\/en\/wp-json\/wp\/v2\/media\/2595"}],"wp:attachment":[{"href":"https:\/\/sachviet.eu\/en\/wp-json\/wp\/v2\/media?parent=2599"}],"wp:term":[{"taxonomy":"product_brand","embeddable":true,"href":"https:\/\/sachviet.eu\/en\/wp-json\/wp\/v2\/product_brand?post=2599"},{"taxonomy":"product_cat","embeddable":true,"href":"https:\/\/sachviet.eu\/en\/wp-json\/wp\/v2\/product_cat?post=2599"},{"taxonomy":"product_tag","embeddable":true,"href":"https:\/\/sachviet.eu\/en\/wp-json\/wp\/v2\/product_tag?post=2599"}],"curies":[{"name":"wp","href":"https:\/\/api.w.org\/{rel}","templated":true}]}}