{"id":2594,"date":"2021-02-25T19:51:08","date_gmt":"2021-02-25T17:51:08","guid":{"rendered":"https:\/\/sachviet.eu\/shop\/cun-nha-to-ten-gau-tinh-cam-hai-huoc-cho-be-tu-3-tuoi\/"},"modified":"2022-01-20T20:23:00","modified_gmt":"2022-01-20T18:23:00","slug":"cun-nha-to-ten-gau-tinh-cam-hai-huoc-cho-be-tu-3-tuoi","status":"publish","type":"product","link":"https:\/\/sachviet.eu\/en\/shop\/cun-nha-to-ten-gau-tinh-cam-hai-huoc-cho-be-tu-3-tuoi\/","title":{"rendered":"C\u00fan nh\u00e0 t\u1edb t\u00ean G\u1ea5u &#8211; T\u00ecnh c\u1ea3m h\u00e0i h\u01b0\u1edbc cho b\u00e9 t\u1eeb 3 tu\u1ed5i"},"content":{"rendered":"<p>T\u1eeb l\u00e2u Lucy \u0111\u00e3 ao \u01b0\u1edbc c\u00f3 m\u1ed9t ch\u00fa ch\u00f3 c\u01b0ng b\u1ea7u b\u1ea1n.<br \/>\nLucy h\u1eb3n \u0111\u00e3 s\u1eb5n s\u00e0ng h\u01a1n bao gi\u1edd h\u1ebft \u0111\u1ec3 \u0111\u00f3n m\u1ed9t b\u1ea1n ch\u00f3 v\u1ec1 \u1edf c\u00f9ng m\u00ecnh.<br \/>\nV\u00e0 Lucy l\u00ean \u0111\u01b0\u1eddng t\u00ecm ki\u1ebfm m\u1ed9t ng\u01b0\u1eddi b\u1ea1n d\u00e0nh cho m\u00ecnh\u2026 c\u00f4 b\u00e9 \u0111\u00e3 ph\u1ecfng v\u1ea5n h\u1ebft l\u01b0\u1ee3t c\u00e1c \u1ee9ng vi\u00ean t\u1eeb ch\u00e0ng \u1ebech \u01b0a t\u1eafm b\u1ed3n, cho t\u1edbi b\u1ea1n C\u00e1o ch\u1ec9 mu\u1ed1n \u1edf trong nh\u00e0 3 bu\u1ed5i 1 tu\u1ea7n, th\u1ebf m\u00e0 ch\u1eb3ng c\u00f3 ai \u0111\u00fang v\u1edbi y\u00eau c\u1ea7u c\u1ee7a c\u00f4 b\u00e9 c\u1ea3. M\u00e3i cho \u0111\u1ebfn khi c\u00f3 m\u1ed9t b\u1ea1n ch\u00f3 \u0111i l\u1ea1c b\u01b0\u1edbc \u0111\u1ebfn t\u1ef1 gi\u1edbi thi\u1ec7u m\u00ecnh, m\u00e0 tr\u00f9ng h\u1ee3p h\u00ean th\u1ebf n\u00e0o b\u1ea1n \u1ea5y l\u1ea1i \u0111\u00e1p \u1ee9ng \u0111\u1ee7 m\u1ecdi \u0111i\u1ec1u ki\u1ec7n Lucy \u0111\u01b0a ra ch\u1ee9. Ch\u1ec9 c\u00f3 \u0111i\u1ec1u\u2026 b\u1ea1n \u1ea5y t\u00ean l\u00e0 G\u1ea5u v\u00e0 tr\u00f4ng b\u1ed9 d\u1ea1ng ch\u1eb3ng c\u00f3 t\u00fd n\u00e0o gi\u1ed1ng nh\u01b0 c\u00e1c b\u1ea1n ch\u00f3 trong cu\u1ed1n c\u1ea9m nang t\u1eeb A \u2013 Z Lucy \u0111ang c\u1ea7m tr\u00ean tay c\u1ea3.<br \/>\n\u1ea4y th\u1ebf r\u1ed3i G\u1ea5u v\u1eabn d\u1ecdn v\u1ec1 \u1edf nh\u00e0 Lucy v\u00e0 h\u00f3a ra m\u1ecdi th\u1ee9 c\u0169ng v\u1eeba v\u1eb7n h\u1ee3p \u00fd ch\u00fa c\u1ea3. M\u1ecdi chuy\u1ec7n \u0111\u1ec1u \u1ea5m \u00eam y\u00ean \u1ed5n cho t\u1edbi khi m\u1ed9t tr\u1eadn ng\u1ee7 \u0111\u00f4ng tri\u1ec1n mi\u00ean (v\u1ed1n ch\u1eb3ng ph\u1ea3i \u0111\u1eb7c \u0111i\u1ec3m g\u00ec c\u1ee7a lo\u00e0i ch\u00f3) g\u00e2y ra m\u1ed9t cu\u1ed9c c\u00e3i v\u00e3 gi\u1eefa hai ng\u01b0\u1eddi b\u1ea1n v\u00e0 khi\u1ebfn c\u1ea3 hai h\u1ebft ch\u1ecbu \u0111\u1ef1ng n\u1ed5i nhau th\u00eam n\u1eefa.<br \/>\n\u0110\u1ebfn l\u00fac n\u00e0y th\u00ec c\u00f3 l\u1ebd c\u1ea3 Lucy v\u00e0 G\u1ea5u \u0111\u1ec1u \u0111\u1ed3ng \u00fd r\u1eb1ng t\u00ecnh b\u1ea1n kh\u00f4ng ch\u1ec9 c\u1ea7n s\u1ef1 \u0111\u1ed3ng thu\u1eadn t\u1eeb hai ph\u00eda. M\u00e0 \u0111\u00f3 c\u00f2n l\u00e0 s\u1ef1 th\u1ea5u hi\u1ec3u, c\u1ea3m th\u00f4ng v\u00e0 ch\u1ea5p nh\u1eadn nh\u1eefng kh\u00e1c bi\u1ec7t c\u1ee7a nhau.<br \/>\n\u0110\u00f4i khi t\u1ee5i tr\u1ebb con c\u00f2n qu\u00e1 nh\u1ecf v\u00e0 thi\u1ebfu nh\u1eefng kinh nghi\u1ec7m x\u00e3 h\u1ed9i \u0111\u1ec3 bi\u1ebft m\u00ecnh ph\u1ea3i l\u00e0m g\u00ec trong m\u1ed9t m\u1ed1i quan h\u1ec7 m\u00e0 gi\u1eefa c\u1ea3 hai t\u1ed3n t\u1ea1i qu\u00e1 nhi\u1ec1u kh\u00e1c bi\u1ec7t. \u0110\u00f4i khi nh\u1eefng kh\u00e1c bi\u1ec7t \u1ea5y l\u00e0m t\u1ee5i nh\u1ecf th\u1ea5y kh\u00f3 ch\u1ecbu l\u00e0m sao v\u00e0 ch\u1ec9 mu\u1ed1n b\u1ea1n c\u01b0 x\u1eed \u0111\u00fang nh\u01b0 \u00fd m\u00ecnh mu\u1ed1n m\u00e0 th\u00f4i. Nh\u01b0ng l\u00e0m sao c\u00f3 th\u1ec3 \u00e9p u\u1ed5ng m\u1ed9t ng\u01b0\u1eddi kh\u00e1c theo \u00fd m\u00ecnh? T\u00ecnh b\u1ea1n ch\u1ec9 c\u00f3 th\u1ec3 d\u1ef1ng x\u00e2y tr\u00ean c\u01a1 s\u1edf t\u00f4n tr\u1ecdng v\u00e0 th\u1ecfa hi\u1ec7p l\u1eabn nhau. N\u1ebfu c\u1ee9 m\u00e3i theo \u0111u\u1ed5i m\u1ed9t th\u1ee9 g\u00ec \u0111\u00f3 kh\u00f4ng c\u00f3 th\u1ef1c, r\u1ea5t c\u00f3 th\u1ec3 m\u00ecnh s\u1ebd ch\u1eb3ng bao gi\u1edd \u0111\u1ea1t \u0111\u01b0\u1ee3c n\u00f3, m\u00e0 l\u1ea1i v\u00f4 t\u00ecnh \u0111\u00e1nh m\u1ea5t \u0111i ni\u1ec1m h\u1ea1nh ph\u00fac \u0111\u00edch th\u1ef1c l\u1ebd ra \u0111\u00e3 \u0111\u01b0\u1ee3c h\u01b0\u1edfng. V\u00e0 th\u1ef1c ra \u0111\u1ec3 tr\u1ebb h\u1ecdc \u0111\u01b0\u1ee3c c\u00e1ch m\u1edf l\u00f2ng m\u00ecnh ch\u01b0a bao gi\u1edd l\u00e0 kh\u00f3 kh\u0103n, v\u1edbi nh\u1eefng tr\u00e1i tim tinh kh\u00f4i mang trong m\u00ecnh bi\u1ebft bao thi\u1ec7n \u00fd c\u00f9ng ch\u00e2n th\u00e0nh\u2026<br \/>\nB\u1eb1ng s\u1ef1 \u0103n \u00fd c\u1ee7a m\u00ecnh, \u0111\u00f4i v\u1ee3 ch\u1ed3ng Diane v\u00e0 Chrystian Fox \u0111\u00e3 t\u1ea1o n\u00ean m\u1ed9t t\u00e1c ph\u1ea9m th\u1eadt h\u00e0i h\u01b0\u1edbc nh\u01b0ng c\u0169ng \u0111\u1ea7y t\u00ecnh y\u00eau th\u01b0\u01a1ng v\u01b0\u1ee3t qua c\u1ea3 kh\u00e1c bi\u1ec7t c\u1ee7a m\u1ed7i c\u00e1 nh\u00e2n. N\u00e9t v\u1ebd tinh ngh\u1ecbch c\u00f9ng m\u00e0u s\u1eafc t\u01b0\u01a1i t\u1eafn khi\u1ebfn cho th\u00f4ng \u0111i\u1ec7p \u0111\u01b0\u1ee3c truy\u1ec1n t\u1ea3i m\u1ed9t c\u00e1ch nh\u1eb9 nh\u00e0ng v\u00e0 d\u1ec5 ti\u1ebfp nh\u1eadn h\u01a1n. C\u00e1ch k\u1ec3 chuy\u1ec7n th\u1eadt \u0111\u1eb7c bi\u1ec7t s\u1ebd khi\u1ebfn c\u00e1c b\u1ea1n \u0111\u1ecdc nh\u00ed c\u00e0ng th\u00eam ph\u1ea7n kho\u00e1i ch\u00ed t\u1ee3n khi th\u1ea5y r\u1eb1ng ch\u1eb3ng c\u00f3 ai nh\u1eadn th\u1ea5y \u0111i\u1ec1u b\u1ea5t th\u01b0\u1eddng g\u00ec \u0111\u00e2u, tr\u1eeb m\u00ecnh ra. Kh\u00f4ng tin b\u1ed1 m\u1eb9 c\u1ee9 th\u1eed h\u1ecfi sao b\u00e9 c\u1ee9 m\u1ee7m m\u1ec9m c\u01b0\u1eddi m\u00e3i, c\u00f3 b\u00ed m\u1eadt g\u00ec hay ho th\u1ebf m\u00e0 xem!<br \/>\nM\u1ed9t kh\u1edfi \u0111\u1ea7u tuy\u1ec7t v\u1eddi cho n\u0103m m\u1edbi vui v\u1ebb v\u00e0 \u0111\u1ea7y \u1ea5m \u00e1p m\u1ebfn th\u01b0\u01a1ng.  <div class=\"banner-grid-wrapper\">\n  <div id=\"banner-grid-243523365\" class=\"banner-grid row row-grid row-small\" data-packery-options=\"\">\n            <style>\n    #banner-grid-243523365 .grid-col-1{height: 600px}\n    #banner-grid-243523365 .grid-col-1-2{height: 300px}\n    #banner-grid-243523365 .grid-col-1-3{height:200px}\n    #banner-grid-243523365 .grid-col-2-3{height: 400px}\n    #banner-grid-243523365 .grid-col-1-4{height: 150px}\n    #banner-grid-243523365 .grid-col-3-4{height: 450px}\n\n\n        \/* Tablet *\/\n    @media (max-width: 850px){\n      #banner-grid-243523365 .grid-col-1{height: 400px}\n      #banner-grid-243523365 .grid-col-1-2{height: 200px}\n      #banner-grid-243523365 .grid-col-1-3{height:133.33333333333px}\n      #banner-grid-243523365 .grid-col-2-3{height: 266.66666666667px}\n      #banner-grid-243523365 .grid-col-1-4{height: 100px}\n      #banner-grid-243523365 .grid-col-3-4{height: 300px}\n    }\n    \n        \/* Mobile *\/\n    @media (max-width: 550px){\n      #banner-grid-243523365 .grid-col-1{height: 400px}\n      #banner-grid-243523365 .grid-col-1-2{height: 200px}\n      #banner-grid-243523365 .grid-col-1-3{height:133.33333333333px}\n      #banner-grid-243523365 .grid-col-2-3{height: 266.66666666667px}\n      #banner-grid-243523365 .grid-col-1-4{height: 100px}\n      #banner-grid-243523365 .grid-col-3-4{height: 300px}\n    }\n    \n\n  <\/style>\n    <\/div>\n    <style>\n    #banner-grid-243523365 .grid-col-1{height: 600px}\n    #banner-grid-243523365 .grid-col-1-2{height: 300px}\n    #banner-grid-243523365 .grid-col-1-3{height:200px}\n    #banner-grid-243523365 .grid-col-2-3{height: 400px}\n    #banner-grid-243523365 .grid-col-1-4{height: 150px}\n    #banner-grid-243523365 .grid-col-3-4{height: 450px}\n\n\n    \n    \n\n  <\/style>\n    <\/div>\n  \n","protected":false},"excerpt":{"rendered":"<p>T\u1eeb l\u00e2u Lucy \u0111\u00e3 ao \u01b0\u1edbc c\u00f3 m\u1ed9t ch\u00fa ch\u00f3 c\u01b0ng b\u1ea7u b\u1ea1n.<br \/>\nLucy h\u1eb3n \u0111\u00e3 s\u1eb5n s\u00e0ng h\u01a1n bao gi\u1edd h\u1ebft \u0111\u1ec3 \u0111\u00f3n m\u1ed9t b\u1ea1n ch\u00f3 v\u1ec1 \u1edf c\u00f9ng m\u00ecnh.<br \/>\nV\u00e0 Lucy l\u00ean \u0111\u01b0\u1eddng t\u00ecm ki\u1ebfm m\u1ed9t ng\u01b0\u1eddi b\u1ea1n d\u00e0nh cho m\u00ecnh\u2026 c\u00f4 b\u00e9 \u0111\u00e3 ph\u1ecfng v\u1ea5n h\u1ebft l\u01b0\u1ee3t c\u00e1c \u1ee9ng vi\u00ean t\u1eeb ch\u00e0ng \u1ebech \u01b0a t\u1eafm b\u1ed3n, cho t\u1edbi b\u1ea1n C\u00e1o ch\u1ec9 mu\u1ed1n \u1edf trong nh\u00e0 3 bu\u1ed5i 1 tu\u1ea7n, th\u1ebf m\u00e0 ch\u1eb3ng c\u00f3 ai \u0111\u00fang v\u1edbi y\u00eau c\u1ea7u c\u1ee7a c\u00f4 b\u00e9 c\u1ea3. M\u00e3i cho \u0111\u1ebfn khi c\u00f3 m\u1ed9t b\u1ea1n ch\u00f3 \u0111i l\u1ea1c b\u01b0\u1edbc \u0111\u1ebfn t\u1ef1 gi\u1edbi thi\u1ec7u m\u00ecnh, m\u00e0 tr\u00f9ng h\u1ee3p h\u00ean th\u1ebf n\u00e0o b\u1ea1n \u1ea5y l\u1ea1i \u0111\u00e1p \u1ee9ng \u0111\u1ee7 m\u1ecdi \u0111i\u1ec1u ki\u1ec7n Lucy \u0111\u01b0a ra ch\u1ee9. Ch\u1ec9 c\u00f3 \u0111i\u1ec1u\u2026 b\u1ea1n \u1ea5y t\u00ean l\u00e0 G\u1ea5u v\u00e0 tr\u00f4ng b\u1ed9 d\u1ea1ng ch\u1eb3ng c\u00f3 t\u00fd n\u00e0o gi\u1ed1ng nh\u01b0 c\u00e1c b\u1ea1n ch\u00f3 trong cu\u1ed1n c\u1ea9m nang t\u1eeb A \u2013 Z Lucy \u0111ang c\u1ea7m tr\u00ean tay c\u1ea3.<br \/>\n\u1ea4y th\u1ebf r\u1ed3i G\u1ea5u v\u1eabn d\u1ecdn v\u1ec1 \u1edf nh\u00e0 Lucy v\u00e0 h\u00f3a ra m\u1ecdi th\u1ee9 c\u0169ng v\u1eeba v\u1eb7n h\u1ee3p \u00fd ch\u00fa c\u1ea3. M\u1ecdi chuy\u1ec7n \u0111\u1ec1u \u1ea5m \u00eam y\u00ean \u1ed5n cho t\u1edbi khi m\u1ed9t tr\u1eadn ng\u1ee7 \u0111\u00f4ng tri\u1ec1n mi\u00ean (v\u1ed1n ch\u1eb3ng ph\u1ea3i \u0111\u1eb7c \u0111i\u1ec3m g\u00ec c\u1ee7a lo\u00e0i ch\u00f3) g\u00e2y ra m\u1ed9t cu\u1ed9c c\u00e3i v\u00e3 gi\u1eefa hai ng\u01b0\u1eddi b\u1ea1n v\u00e0 khi\u1ebfn c\u1ea3 hai h\u1ebft ch\u1ecbu \u0111\u1ef1ng n\u1ed5i nhau th\u00eam n\u1eefa.<br \/>\n\u0110\u1ebfn l\u00fac n\u00e0y th\u00ec c\u00f3 l\u1ebd c\u1ea3 Lucy v\u00e0 G\u1ea5u \u0111\u1ec1u \u0111\u1ed3ng \u00fd r\u1eb1ng t\u00ecnh b\u1ea1n kh\u00f4ng ch\u1ec9 c\u1ea7n s\u1ef1 \u0111\u1ed3ng thu\u1eadn t\u1eeb hai ph\u00eda. M\u00e0 \u0111\u00f3 c\u00f2n l\u00e0 s\u1ef1 th\u1ea5u hi\u1ec3u, c\u1ea3m th\u00f4ng v\u00e0 ch\u1ea5p nh\u1eadn nh\u1eefng kh\u00e1c bi\u1ec7t c\u1ee7a nhau.<\/p>\n","protected":false},"featured_media":2590,"template":"","meta":{"_acf_changed":false},"product_brand":[],"product_cat":[24,25,17],"product_tag":[],"class_list":{"0":"post-2594","1":"product","2":"type-product","3":"status-publish","4":"has-post-thumbnail","6":"product_cat-nha-tre-mau-giao-0-tuoi-6-tuoi","7":"product_cat-nhi-dong-6-tuoi-12-tuoi","8":"product_cat-sach-danh-cho-cac-be","10":"first","11":"instock","12":"taxable","13":"shipping-taxable","14":"purchasable","15":"product-type-simple"},"supplier_id":null,"supplier_sku":"","barcode":null,"atum_controlled":true,"out_stock_date":null,"out_stock_threshold":null,"inheritable":false,"inbound_stock":0,"stock_on_hold":0,"sold_today":0,"sales_last_days":0,"reserved_stock":0,"customer_returns":0,"warehouse_damage":0,"lost_in_post":0,"other_logs":0,"out_stock_days":0,"lost_sales":0,"has_location":false,"update_date":"2026-01-28T23:10:32","atum_locations":[],"atum_stock_status":"instock","restock_status":false,"low_stock_amount":"","sales_update_date":"2026-01-28T23:10:32","calc_backorders":null,"acf":{"publisher":{"ID":1458,"post_author":"1","post_date":"2021-02-17 01:12:22","post_date_gmt":"2021-02-16 23:12:22","post_content":"<!-- wp:flatsome\/uxbuilder -->\n<h1 style=\"text-align: center\"><strong>Crabit Kidbooks<\/strong><\/h1>\n[row]\n\n[col span=\"8\" span__sm=\"12\"]\n\n<p>Crabit Kidbooks l\u00e0 nh\u00e0 ph\u00e1t h\u00e0nh s\u00e1ch thi\u1ebfu nhi thu\u1ed9c C\u00f4ng ty CPTM &amp; XNK Ng\u1ecdc \u00c1nh \u2013 \u0111\u01a1n v\u1ecb h\u01a1n 20 n\u0103m kinh nghi\u1ec7m trong ng\u00e0nh in \u1ea5n v\u00e0 l\u00e0 \u0111\u1ed1i t\u00e1c uy t\u00edn cung c\u1ea5p h\u1ecdc li\u1ec7u, s\u00e1ch v\u1edf h\u1ecdc sinh cho h\u01a1n 5000 kh\u00e1ch h\u00e0ng kh\u1eafp 28 t\u1ec9nh th\u00e0nh ph\u00eda B\u1eafc Vi\u1ec7t Nam H\u1ec7 th\u1ed1ng s\u1ea3n ph\u1ea9m Crabit Kidbooks<\/p>\n<p>Theo s\u1ef1 t\u00ecm hi\u1ec3u c\u1ee7a <strong>SACHVIET.EU<\/strong><strong>\u00a0<\/strong>tuy Crabit Kidbooks l\u00e0 m\u1ed9t nh\u00e0 ph\u00e1t h\u00e0nh tr\u1ebb t\u1ea1i Vi\u1ec7t Nam nh\u01b0ng l\u1ea1i mang \u0111\u1ebfn s\u1ef1 ch\u1ec9n chu qua t\u1eebng trang s\u00e1ch, t\u1eeb ch\u1ea5t li\u1ec7u gi\u1ea5y cao c\u1ea5p, b\u00eca c\u1ee9ng gi\u1eef g\u00ecn s\u00e1ch \u0111\u01b0\u1ee3c b\u1ec1n l\u00e2u \u0111\u1ebfn l\u1eddi v\u0103n c\u00e2u ch\u1eef \u0111\u01b0\u1ee3c ch\u1ecdn l\u1ecdc ch\u1ec9nh s\u1eeda sao cho ti\u1ebfp c\u1eadn th\u00e2n thi\u1ec7n nh\u1ea5t v\u1edbi tr\u1ebb em. <strong>SACHVIET.EU<\/strong> th\u1ef1c s\u1ef1 \u1ea5n t\u01b0\u1ee3ng b\u1edfi t\u1ea7m nh\u00ecn v\u00e0 s\u1ef1 c\u1ed1 g\u1eafng ho\u00e0n thi\u1ec7n nh\u1eefng t\u00e1c ph\u1ea9m c\u00f3 gi\u00e1 tr\u1ecb tuy\u1ec7t v\u1eddi m\u00e0 Crabit Kidbooks mang l\u1ea1i. \u0110\u00e2y c\u0169ng l\u00e0 nh\u00e0 ph\u00e1t h\u00e0nh duy nh\u1ea5t t\u1edbi th\u1eddi \u0111i\u1ec3m n\u00e0y m\u00e0 <strong>SACHVIET.EU<\/strong> quy\u1ebft t\u00e2m h\u1ee3p t\u00e1c mang h\u1ebft t\u1ea5t c\u1ea3 c\u00e1c \u0111\u1ea7u s\u00e1ch m\u00e0 Crabit Kidbooks c\u00f3 \u0111\u1ec3 \u0111em \u0111\u1ebfn Ch\u00e2u \u00c2u ph\u1ee5c v\u1ee5 m\u1ecdi ng\u01b0\u1eddi. \u0110\u00e2y th\u1ef1c s\u1ef1 l\u00e0 m\u1ed9t s\u1ef1 li\u1ec1u l\u0129nh c\u1ee7a <strong>SACHVIET.EU<\/strong>, tuy nhi\u00ean ch\u00fang m\u00ecnh tin t\u01b0\u1edfng v\u00e0 t\u1ef1 tin r\u1eb1ng t\u1eebng cu\u1ed1n s\u00e1ch m\u00e0 ch\u00fang m\u00ecnh gi\u1edbi thi\u1ec7u x\u1ee9ng \u0111\u00e1ng v\u1edbi nh\u1eefng g\u00ec ch\u00fang m\u00ecnh theo \u0111u\u1ed5i.<\/p>\n\n[\/col]\n[col span=\"4\" span__sm=\"12\"]\n\n[ux_image id=\"1701\" image_size=\"medium\"]\n\n\n[\/col]\n\n[\/row]\n\n<!-- \/wp:flatsome\/uxbuilder -->","post_title":"Crabit Kidbooks","post_excerpt":"","post_status":"publish","comment_status":"closed","ping_status":"closed","post_password":"","post_name":"crabit-kidbooks","to_ping":"","pinged":"","post_modified":"2022-12-19 23:12:10","post_modified_gmt":"2022-12-19 21:12:10","post_content_filtered":"","post_parent":0,"guid":"https:\/\/sachviet.eu\/nha-phat-hanh\/crabitkidbooks\/","menu_order":0,"post_type":"publisher","post_mime_type":"","comment_count":"0","filter":"raw"}},"_links":{"self":[{"href":"https:\/\/sachviet.eu\/en\/wp-json\/wp\/v2\/product\/2594","targetHints":{"allow":["GET"]}}],"collection":[{"href":"https:\/\/sachviet.eu\/en\/wp-json\/wp\/v2\/product"}],"about":[{"href":"https:\/\/sachviet.eu\/en\/wp-json\/wp\/v2\/types\/product"}],"wp:featuredmedia":[{"embeddable":true,"href":"https:\/\/sachviet.eu\/en\/wp-json\/wp\/v2\/media\/2590"}],"wp:attachment":[{"href":"https:\/\/sachviet.eu\/en\/wp-json\/wp\/v2\/media?parent=2594"}],"wp:term":[{"taxonomy":"product_brand","embeddable":true,"href":"https:\/\/sachviet.eu\/en\/wp-json\/wp\/v2\/product_brand?post=2594"},{"taxonomy":"product_cat","embeddable":true,"href":"https:\/\/sachviet.eu\/en\/wp-json\/wp\/v2\/product_cat?post=2594"},{"taxonomy":"product_tag","embeddable":true,"href":"https:\/\/sachviet.eu\/en\/wp-json\/wp\/v2\/product_tag?post=2594"}],"curies":[{"name":"wp","href":"https:\/\/api.w.org\/{rel}","templated":true}]}}