{"id":2589,"date":"2021-02-25T19:50:42","date_gmt":"2021-02-25T17:50:42","guid":{"rendered":"https:\/\/sachviet.eu\/shop\/sally-hat-tieu-va-dieu-nho-be-phi-thuong\/"},"modified":"2025-04-24T12:28:53","modified_gmt":"2025-04-24T09:28:53","slug":"sally-hat-tieu-va-dieu-nho-be-phi-thuong","status":"publish","type":"product","link":"https:\/\/sachviet.eu\/en\/shop\/sally-hat-tieu-va-dieu-nho-be-phi-thuong\/","title":{"rendered":"Sally h\u1ea1t ti\u00eau v\u00e0 \u0111i\u1ec1u nh\u1ecf b\u00e9 phi th\u01b0\u1eddng"},"content":{"rendered":"<p>Em c\u00f3 nh\u00ecn th\u1ea5y Sally McCabe tr\u00ean b\u00eca s\u00e1ch kh\u00f4ng? \u0110\u00f3 l\u00e0 nh\u00f3c h\u1ea1t ti\u00eau h\u1ecdc \u1edf kh\u1ed1i l\u1edbp b\u00e9 nh\u1ea5t. N\u1ebfu em kh\u00f4ng th\u1ea5y th\u00ec c\u0169ng kh\u00f4ng sao. Kh\u00f4ng c\u00f3 m\u1ea5y ai \u0111\u1ec3 \u00fd \u0111\u1ebfn c\u00f4 b\u00e9.<br \/>\n\u1ea4y th\u1ebf nh\u01b0ng Sally McCabe l\u1ea1i \u0111\u1ec3 t\u00e2m ch\u00fa \u00fd t\u1edbi H\u1ebeT TH\u1ea2Y: t\u1eeb ch\u00f9m ch\u00eca kh\u00f3a 27 chi\u1ebfc c\u1ee7a ch\u00fa lao c\u00f4ng cho t\u1edbi nh\u1eefng v\u1ee5 b\u1eaft n\u1ea1t di\u1ec5n ra n\u01a1i s\u00e2n tr\u01b0\u1eddng.<br \/>\nSally ch\u00fa t\u00e2m k\u1ef9 c\u00e0ng t\u1edbi t\u1eebng chi\u1ebfc l\u00e1 xanh ng\u1ea3 v\u00e0ng m\u1ed7i \u0111\u1ed9 thu sang \u2013 cho t\u1edbi c\u00e1i l\u1ea7n Tommy Torino tr\u01b0\u1ee3t ng\u00e3 n\u01a1i h\u00e0nh lang. C\u00f4 b\u00e9 c\u0169ng th\u1ea5y Kevin McKuen b\u1ecb \u0111\u1ea9y kh\u1ecfi c\u1ea7u tu\u1ed9t \u2013 v\u00e0 c\u1ea3 nh\u1eefng gi\u1ecdt n\u01b0\u1edbc m\u1eaft th\u1ea7m k\u00edn c\u1eadu b\u00e9 c\u1ed1 gi\u1ea5u.<br \/>\nM\u1ed9t ng\u00e0y kia, Sally quy\u1ebft \u0111\u1ecbnh c\u1ea5t l\u00ean ti\u1ebfng n\u00f3i c\u1ee7a m\u00ecnh. C\u01a1 h\u1ed9i \u0111\u00e3 \u0111\u1ebfn \u0111\u1ec3 c\u00f4 b\u00e9 c\u00f3 th\u1ec3 d\u1ea5y l\u00ean s\u1ef1 b\u1ea5t b\u00ecnh v\u1edbi nh\u1eefng vi\u1ec7c b\u1eaft n\u1ea1t x\u1ea5u x\u00ed. C\u00f4 b\u00e9 nh\u1ecf con \u0111\u00e3 c\u00f3 th\u1ec3 t\u1ea1o n\u00ean nh\u1eefng thay \u0111\u1ed5i L\u1edaN LAO.<br \/>\nN\u1ebfu em c\u00f3 bao gi\u1edd c\u1ea3m th\u1ea5y m\u00ecnh th\u1eadt nh\u1ecf b\u00e9 v\u00e0 b\u1ea5t l\u1ef1c, h\u00e3y \u0111\u1eebng qu\u00ean cu\u1ed1n s\u00e1ch Sally h\u1ea1t ti\u00eau v\u00e0 nh\u1eefng \u0111i\u1ec1u nh\u1ecf b\u00e9 phi th\u01b0\u1eddng n\u00e0y \u0111\u1ec3 n\u00e2ng cao tinh th\u1ea7n s\u1eb5n s\u00e0ng chinh ph\u1ee5c m\u1ecdi \u0111\u1ec9nh cao nh\u00e9.  <div class=\"banner-grid-wrapper\">\n  <div id=\"banner-grid-30169374\" class=\"banner-grid row row-grid row-small\" data-packery-options=\"\">\n            <style>\n    #banner-grid-30169374 .grid-col-1{height: 600px}\n    #banner-grid-30169374 .grid-col-1-2{height: 300px}\n    #banner-grid-30169374 .grid-col-1-3{height:200px}\n    #banner-grid-30169374 .grid-col-2-3{height: 400px}\n    #banner-grid-30169374 .grid-col-1-4{height: 150px}\n    #banner-grid-30169374 .grid-col-3-4{height: 450px}\n\n\n        \/* Tablet *\/\n    @media (max-width: 850px){\n      #banner-grid-30169374 .grid-col-1{height: 400px}\n      #banner-grid-30169374 .grid-col-1-2{height: 200px}\n      #banner-grid-30169374 .grid-col-1-3{height:133.33333333333px}\n      #banner-grid-30169374 .grid-col-2-3{height: 266.66666666667px}\n      #banner-grid-30169374 .grid-col-1-4{height: 100px}\n      #banner-grid-30169374 .grid-col-3-4{height: 300px}\n    }\n    \n        \/* Mobile *\/\n    @media (max-width: 550px){\n      #banner-grid-30169374 .grid-col-1{height: 400px}\n      #banner-grid-30169374 .grid-col-1-2{height: 200px}\n      #banner-grid-30169374 .grid-col-1-3{height:133.33333333333px}\n      #banner-grid-30169374 .grid-col-2-3{height: 266.66666666667px}\n      #banner-grid-30169374 .grid-col-1-4{height: 100px}\n      #banner-grid-30169374 .grid-col-3-4{height: 300px}\n    }\n    \n\n  <\/style>\n    <\/div>\n    <style>\n    #banner-grid-30169374 .grid-col-1{height: 600px}\n    #banner-grid-30169374 .grid-col-1-2{height: 300px}\n    #banner-grid-30169374 .grid-col-1-3{height:200px}\n    #banner-grid-30169374 .grid-col-2-3{height: 400px}\n    #banner-grid-30169374 .grid-col-1-4{height: 150px}\n    #banner-grid-30169374 .grid-col-3-4{height: 450px}\n\n\n    \n    \n\n  <\/style>\n    <\/div>\n  \n","protected":false},"excerpt":{"rendered":"<p>C\u00e2u chuy\u1ec7n \u0111\u1ea7y t\u00edch c\u1ef1c k\u1ec3 v\u1ec1 m\u1ed9t c\u00f4 b\u00e9 t\u00ean Sally McCabe s\u1ebd \u0111\u1ec3 l\u1ea1i trong l\u00f2ng ng\u01b0\u1eddi \u0111\u1ecdc c\u1ea3m gi\u00e1c \u1ea5m \u00e1p c\u00f9ng ni\u1ec1m tin r\u1eb1ng ai c\u0169ng c\u00f3 s\u1ee9c m\u1ea1nh \u0111\u1ee7 \u0111\u1ec3 \u0111\u1ed5i thay c\u1ea3 th\u1ebf gi\u1edbi. M\u1ed9t t\u00e1c ph\u1ea9m truy\u1ec1n c\u1ea3m h\u1ee9ng v\u1ec1 Sally, nh\u00f3c h\u1ea1t ti\u00eau nh\u1ecf nh\u1ea5t tr\u01b0\u1eddng, v\u1eabn ng\u00e0y ng\u00e0y l\u1eb7ng l\u1ebd v\u1edbi th\u1ebf gi\u1edbi c\u1ee7a ri\u00eang m\u00ecnh. C\u1ee9 m\u1ed7i ng\u00e0y c\u00f4 b\u00e9 l\u1ea1i nh\u1eadn th\u1ea5y, d\u00f9 ph\u1ea7n \u0111\u00f4ng \u0111\u1ec1u b\u1ecf qua kh\u00f4ng m\u00e0ng t\u1edbi, nh\u1eefng \u0111i\u1ec1u x\u1ea5u x\u00ed di\u1ec5n ra quanh m\u00ecnh, nh\u01b0 l\u00e0 c\u00e1ch m\u1ecdi ng\u01b0\u1eddi c\u01b0 x\u1eed v\u1edbi nhau th\u1eadt t\u1ed3i t\u1ec7. Trong m\u1ed9t n\u1ed7 l\u1ef1c g\u1ea7n nh\u01b0 l\u00e0 tuy\u1ec7t v\u1ecdng khi\u1ebfn m\u1ecdi ng\u01b0\u1eddi ph\u1ea3i thay \u0111\u1ed5i, Sally \u0111\u00e3 t\u00ecm \u0111\u01b0\u1ee3c ti\u1ebfng n\u00f3i c\u1ee7a m\u00ecnh c\u0169ng nh\u01b0 khi\u1ebfn c\u1ea3 tr\u01b0\u1eddng ph\u1ea3i l\u1eafng nghe nh\u1eefng tr\u0103n tr\u1edf c\u00f4 b\u00e9 \u1ea5p \u1ee7 b\u1ea5y l\u00e2u.<\/p>\n","protected":false},"featured_media":2585,"template":"","meta":{"_acf_changed":false},"product_brand":[],"product_cat":[25,17],"product_tag":[81],"class_list":{"0":"post-2589","1":"product","2":"type-product","3":"status-publish","4":"has-post-thumbnail","6":"product_cat-nhi-dong-6-tuoi-12-tuoi","7":"product_cat-sach-danh-cho-cac-be","8":"product_tag-sach-gia-uu-dai","10":"first","11":"instock","12":"sale","13":"taxable","14":"shipping-taxable","15":"purchasable","16":"product-type-simple"},"supplier_id":null,"supplier_sku":"","barcode":null,"atum_controlled":true,"out_stock_date":null,"out_stock_threshold":null,"inheritable":false,"inbound_stock":0,"stock_on_hold":0,"sold_today":0,"sales_last_days":0,"reserved_stock":0,"customer_returns":0,"warehouse_damage":0,"lost_in_post":0,"other_logs":0,"out_stock_days":0,"lost_sales":0,"has_location":false,"update_date":"2026-01-28T23:11:28","atum_locations":[],"atum_stock_status":"instock","restock_status":false,"low_stock_amount":"","sales_update_date":"2026-01-28T23:11:28","calc_backorders":null,"acf":{"publisher":{"ID":1458,"post_author":"1","post_date":"2021-02-17 01:12:22","post_date_gmt":"2021-02-16 23:12:22","post_content":"<!-- wp:flatsome\/uxbuilder -->\n<h1 style=\"text-align: center\"><strong>Crabit Kidbooks<\/strong><\/h1>\n[row]\n\n[col span=\"8\" span__sm=\"12\"]\n\n<p>Crabit Kidbooks l\u00e0 nh\u00e0 ph\u00e1t h\u00e0nh s\u00e1ch thi\u1ebfu nhi thu\u1ed9c C\u00f4ng ty CPTM &amp; XNK Ng\u1ecdc \u00c1nh \u2013 \u0111\u01a1n v\u1ecb h\u01a1n 20 n\u0103m kinh nghi\u1ec7m trong ng\u00e0nh in \u1ea5n v\u00e0 l\u00e0 \u0111\u1ed1i t\u00e1c uy t\u00edn cung c\u1ea5p h\u1ecdc li\u1ec7u, s\u00e1ch v\u1edf h\u1ecdc sinh cho h\u01a1n 5000 kh\u00e1ch h\u00e0ng kh\u1eafp 28 t\u1ec9nh th\u00e0nh ph\u00eda B\u1eafc Vi\u1ec7t Nam H\u1ec7 th\u1ed1ng s\u1ea3n ph\u1ea9m Crabit Kidbooks<\/p>\n<p>Theo s\u1ef1 t\u00ecm hi\u1ec3u c\u1ee7a <strong>SACHVIET.EU<\/strong><strong>\u00a0<\/strong>tuy Crabit Kidbooks l\u00e0 m\u1ed9t nh\u00e0 ph\u00e1t h\u00e0nh tr\u1ebb t\u1ea1i Vi\u1ec7t Nam nh\u01b0ng l\u1ea1i mang \u0111\u1ebfn s\u1ef1 ch\u1ec9n chu qua t\u1eebng trang s\u00e1ch, t\u1eeb ch\u1ea5t li\u1ec7u gi\u1ea5y cao c\u1ea5p, b\u00eca c\u1ee9ng gi\u1eef g\u00ecn s\u00e1ch \u0111\u01b0\u1ee3c b\u1ec1n l\u00e2u \u0111\u1ebfn l\u1eddi v\u0103n c\u00e2u ch\u1eef \u0111\u01b0\u1ee3c ch\u1ecdn l\u1ecdc ch\u1ec9nh s\u1eeda sao cho ti\u1ebfp c\u1eadn th\u00e2n thi\u1ec7n nh\u1ea5t v\u1edbi tr\u1ebb em. <strong>SACHVIET.EU<\/strong> th\u1ef1c s\u1ef1 \u1ea5n t\u01b0\u1ee3ng b\u1edfi t\u1ea7m nh\u00ecn v\u00e0 s\u1ef1 c\u1ed1 g\u1eafng ho\u00e0n thi\u1ec7n nh\u1eefng t\u00e1c ph\u1ea9m c\u00f3 gi\u00e1 tr\u1ecb tuy\u1ec7t v\u1eddi m\u00e0 Crabit Kidbooks mang l\u1ea1i. \u0110\u00e2y c\u0169ng l\u00e0 nh\u00e0 ph\u00e1t h\u00e0nh duy nh\u1ea5t t\u1edbi th\u1eddi \u0111i\u1ec3m n\u00e0y m\u00e0 <strong>SACHVIET.EU<\/strong> quy\u1ebft t\u00e2m h\u1ee3p t\u00e1c mang h\u1ebft t\u1ea5t c\u1ea3 c\u00e1c \u0111\u1ea7u s\u00e1ch m\u00e0 Crabit Kidbooks c\u00f3 \u0111\u1ec3 \u0111em \u0111\u1ebfn Ch\u00e2u \u00c2u ph\u1ee5c v\u1ee5 m\u1ecdi ng\u01b0\u1eddi. \u0110\u00e2y th\u1ef1c s\u1ef1 l\u00e0 m\u1ed9t s\u1ef1 li\u1ec1u l\u0129nh c\u1ee7a <strong>SACHVIET.EU<\/strong>, tuy nhi\u00ean ch\u00fang m\u00ecnh tin t\u01b0\u1edfng v\u00e0 t\u1ef1 tin r\u1eb1ng t\u1eebng cu\u1ed1n s\u00e1ch m\u00e0 ch\u00fang m\u00ecnh gi\u1edbi thi\u1ec7u x\u1ee9ng \u0111\u00e1ng v\u1edbi nh\u1eefng g\u00ec ch\u00fang m\u00ecnh theo \u0111u\u1ed5i.<\/p>\n\n[\/col]\n[col span=\"4\" span__sm=\"12\"]\n\n[ux_image id=\"1701\" image_size=\"medium\"]\n\n\n[\/col]\n\n[\/row]\n\n<!-- \/wp:flatsome\/uxbuilder -->","post_title":"Crabit Kidbooks","post_excerpt":"","post_status":"publish","comment_status":"closed","ping_status":"closed","post_password":"","post_name":"crabit-kidbooks","to_ping":"","pinged":"","post_modified":"2022-12-19 23:12:10","post_modified_gmt":"2022-12-19 21:12:10","post_content_filtered":"","post_parent":0,"guid":"https:\/\/sachviet.eu\/nha-phat-hanh\/crabitkidbooks\/","menu_order":0,"post_type":"publisher","post_mime_type":"","comment_count":"0","filter":"raw"}},"_links":{"self":[{"href":"https:\/\/sachviet.eu\/en\/wp-json\/wp\/v2\/product\/2589","targetHints":{"allow":["GET"]}}],"collection":[{"href":"https:\/\/sachviet.eu\/en\/wp-json\/wp\/v2\/product"}],"about":[{"href":"https:\/\/sachviet.eu\/en\/wp-json\/wp\/v2\/types\/product"}],"wp:featuredmedia":[{"embeddable":true,"href":"https:\/\/sachviet.eu\/en\/wp-json\/wp\/v2\/media\/2585"}],"wp:attachment":[{"href":"https:\/\/sachviet.eu\/en\/wp-json\/wp\/v2\/media?parent=2589"}],"wp:term":[{"taxonomy":"product_brand","embeddable":true,"href":"https:\/\/sachviet.eu\/en\/wp-json\/wp\/v2\/product_brand?post=2589"},{"taxonomy":"product_cat","embeddable":true,"href":"https:\/\/sachviet.eu\/en\/wp-json\/wp\/v2\/product_cat?post=2589"},{"taxonomy":"product_tag","embeddable":true,"href":"https:\/\/sachviet.eu\/en\/wp-json\/wp\/v2\/product_tag?post=2589"}],"curies":[{"name":"wp","href":"https:\/\/api.w.org\/{rel}","templated":true}]}}