{"id":2584,"date":"2021-02-25T19:50:04","date_gmt":"2021-02-25T17:50:04","guid":{"rendered":"https:\/\/sachviet.eu\/shop\/sao-con-den-duoc-day-hay-vay\/"},"modified":"2024-08-12T10:12:14","modified_gmt":"2024-08-12T07:12:14","slug":"sao-con-den-duoc-day-hay-vay","status":"publish","type":"product","link":"https:\/\/sachviet.eu\/en\/shop\/sao-con-den-duoc-day-hay-vay\/","title":{"rendered":"Sao con \u0111\u1ebfn \u0111\u01b0\u1ee3c \u0111\u00e2y hay v\u1eady?"},"content":{"rendered":"<p>T\u1eeb V\u1ee5 N\u1ed5 L\u1edbn cho \u0111\u1ebfn ng\u00e0y b\u00e9 ra \u0111\u1eddi, l\u00e0 c\u1ea3 m\u1ed9t kho\u1ea3ng th\u1eddi gian d\u00e0i t\u00edt t\u1eafp v\u00e0 c\u00f3 bao nhi\u00eau chuy\u1ec7n \u0111\u00e3 di\u1ec5n ra. Cu\u1ed1n s\u00e1ch \u0111\u1ea7y vui nh\u1ed9n c\u0169ng nh\u01b0 mang l\u1ea1i v\u00f4 v\u00e0n ki\u1ebfn th\u1ee9c c\u00f3 \u00edch n\u00e0y s\u1ebd k\u1ec3 b\u00e9 nghe c\u00e2u chuy\u1ec7n c\u1ee7a ch\u00ednh b\u00e9, ch\u1ee9 ch\u1eb3ng ph\u1ea3i ai kh\u00e1c.<br \/>\nB\u00e9 l\u00e0 m\u1ed9t th\u00e0nh vi\u00ean b\u00e9 t\u00ed m\u1edbi toanh c\u1ee7a c\u00e2y ph\u1ea3 h\u1ec7 c\u00f3 ngu\u1ed3n g\u1ed1c xa x\u01b0a m\u00e3i k\u1ec3 t\u1eeb khi s\u1ef1 s\u1ed1ng \u0111\u1ea7u ti\u00ean xu\u1ea5t hi\u1ec7n tr\u00ean Tr\u00e1i \u0110\u1ea5t. K\u1ec3 t\u1eeb l\u00fac v\u0169 tr\u1ee5 \u0111\u01b0\u1ee3c sinh ra cho t\u1edbi khi b\u00e9 l\u00e0m m\u1ed9t c\u00fa ch\u00e0o \u0111\u1eddi ho\u00e0nh tr\u00e1ng, \u0111\u00e3 c\u00f3 qu\u00e1 nhi\u1ec1u \u0111i\u1ec1u k\u1ef3 di\u1ec7u di\u1ec5n ra. S\u1ef1 hi\u1ec7n di\u1ec7n c\u1ee7a b\u00e9 (c\u00f9ng t\u1ea5t c\u1ea3 nh\u1eefng ng\u01b0\u1eddi xung quanh) qu\u1ea3 \u0111\u00e1ng \u0111\u1ec3 tr\u1ea7m tr\u1ed3 ng\u1ee1 ng\u00e0ng. H\u00e3y m\u1edf cu\u1ed1n s\u00e1ch n\u00e0y \u0111\u1ec3 kh\u00e1m ph\u00e1 ngay l\u00e0m sao m\u1ecdi th\u1ee9 \u0111\u01b0\u1ee3c h\u00ecnh th\u00e0nh, c\u0169ng nh\u01b0 chu\u1ea9n b\u1ecb \u0111\u00f3n nh\u1eadn nh\u1eefng b\u1ea5t ng\u1edd v\u00f4 c\u00f9ng tuy\u1ec7t v\u1eddi v\u1ec1 ch\u00ednh b\u1ea3n th\u00e2n b\u00e9.<br \/>\nD\u00f2ng th\u1eddi gian t\u01b0\u1ee3ng tr\u01b0ng cho h\u00e0nh tr\u00ecnh ra \u0111\u1eddi c\u1ee7a lo\u00e0i ng\u01b0\u1eddi \u0111\u1ea7y th\u00f4ng th\u00e1i, h\u00e0i h\u01b0\u1edbc nh\u01b0ng c\u0169ng kh\u00f4ng k\u00e9m ph\u1ea7n kh\u00e1ch quan \u0111\u01b0\u1ee3c tr\u00ecnh b\u00e0y trong cu\u1ed1n s\u00e1ch v\u1edbi m\u1ee5c \u0111\u00edch kh\u00edch l\u1ec7 c\u00e1c b\u1ea1n \u0111\u1ecdc nh\u00ed bi\u1ebft th\u1eafc m\u1eafc, bi\u1ebft \u0111\u1eb7t c\u00e2u h\u1ecfi v\u00e0 t\u1ef1 t\u00ecm c\u00e2u tr\u1ea3 l\u1eddi, \u0111\u1ec3 th\u1ea3ng th\u1ed1t tr\u01b0\u1edbc bao \u0111i\u1ec1u k\u1ef3 di\u1ec7u c\u1ee7a tr\u00e1i \u0111\u1ea5t, su\u1ed1t t\u1eeb khi c\u00f3 V\u1ee5 N\u1ed5 L\u1edbn, tr\u1ea3i qua bao qu\u00e1 tr\u00ecnh ti\u1ebfn ho\u00e1, cho t\u1edbi khi m\u1ed9t em b\u00e9 ch\u00e0o \u0111\u1eddi, c\u00f9ng nhi\u1ec1u \u0111i\u1ec1u th\u00fa v\u1ecb kh\u00e1c n\u1eefa.  <div class=\"banner-grid-wrapper\">\n  <div id=\"banner-grid-461333771\" class=\"banner-grid row row-grid row-small\" data-packery-options=\"\">\n            <style>\n    #banner-grid-461333771 .grid-col-1{height: 600px}\n    #banner-grid-461333771 .grid-col-1-2{height: 300px}\n    #banner-grid-461333771 .grid-col-1-3{height:200px}\n    #banner-grid-461333771 .grid-col-2-3{height: 400px}\n    #banner-grid-461333771 .grid-col-1-4{height: 150px}\n    #banner-grid-461333771 .grid-col-3-4{height: 450px}\n\n\n        \/* Tablet *\/\n    @media (max-width: 850px){\n      #banner-grid-461333771 .grid-col-1{height: 400px}\n      #banner-grid-461333771 .grid-col-1-2{height: 200px}\n      #banner-grid-461333771 .grid-col-1-3{height:133.33333333333px}\n      #banner-grid-461333771 .grid-col-2-3{height: 266.66666666667px}\n      #banner-grid-461333771 .grid-col-1-4{height: 100px}\n      #banner-grid-461333771 .grid-col-3-4{height: 300px}\n    }\n    \n        \/* Mobile *\/\n    @media (max-width: 550px){\n      #banner-grid-461333771 .grid-col-1{height: 400px}\n      #banner-grid-461333771 .grid-col-1-2{height: 200px}\n      #banner-grid-461333771 .grid-col-1-3{height:133.33333333333px}\n      #banner-grid-461333771 .grid-col-2-3{height: 266.66666666667px}\n      #banner-grid-461333771 .grid-col-1-4{height: 100px}\n      #banner-grid-461333771 .grid-col-3-4{height: 300px}\n    }\n    \n\n  <\/style>\n    <\/div>\n    <style>\n    #banner-grid-461333771 .grid-col-1{height: 600px}\n    #banner-grid-461333771 .grid-col-1-2{height: 300px}\n    #banner-grid-461333771 .grid-col-1-3{height:200px}\n    #banner-grid-461333771 .grid-col-2-3{height: 400px}\n    #banner-grid-461333771 .grid-col-1-4{height: 150px}\n    #banner-grid-461333771 .grid-col-3-4{height: 450px}\n\n\n    \n    \n\n  <\/style>\n    <\/div>\n  \n","protected":false},"excerpt":{"rendered":"<p>T\u1eeb V\u1ee5 N\u1ed5 L\u1edbn cho \u0111\u1ebfn ng\u00e0y b\u00e9 ra \u0111\u1eddi, l\u00e0 c\u1ea3 m\u1ed9t kho\u1ea3ng th\u1eddi gian d\u00e0i t\u00edt t\u1eafp v\u00e0 c\u00f3 bao nhi\u00eau chuy\u1ec7n \u0111\u00e3 di\u1ec5n ra. Cu\u1ed1n s\u00e1ch \u0111\u1ea7y vui nh\u1ed9n c\u0169ng nh\u01b0 mang l\u1ea1i v\u00f4 v\u00e0n ki\u1ebfn th\u1ee9c c\u00f3 \u00edch n\u00e0y s\u1ebd k\u1ec3 b\u00e9 nghe c\u00e2u chuy\u1ec7n c\u1ee7a ch\u00ednh b\u00e9, ch\u1ee9 ch\u1eb3ng ph\u1ea3i ai kh\u00e1c.<br \/>\nB\u00e9 l\u00e0 m\u1ed9t th\u00e0nh vi\u00ean b\u00e9 t\u00ed m\u1edbi toanh c\u1ee7a c\u00e2y ph\u1ea3 h\u1ec7 c\u00f3 ngu\u1ed3n g\u1ed1c xa x\u01b0a m\u00e3i k\u1ec3 t\u1eeb khi s\u1ef1 s\u1ed1ng \u0111\u1ea7u ti\u00ean xu\u1ea5t hi\u1ec7n tr\u00ean Tr\u00e1i \u0110\u1ea5t. K\u1ec3 t\u1eeb l\u00fac v\u0169 tr\u1ee5 \u0111\u01b0\u1ee3c sinh ra cho t\u1edbi khi b\u00e9 l\u00e0m m\u1ed9t c\u00fa ch\u00e0o \u0111\u1eddi ho\u00e0nh tr\u00e1ng, \u0111\u00e3 c\u00f3 qu\u00e1 nhi\u1ec1u \u0111i\u1ec1u k\u1ef3 di\u1ec7u di\u1ec5n ra. S\u1ef1 hi\u1ec7n di\u1ec7n c\u1ee7a b\u00e9 (c\u00f9ng t\u1ea5t c\u1ea3 nh\u1eefng ng\u01b0\u1eddi xung quanh) qu\u1ea3 \u0111\u00e1ng \u0111\u1ec3 tr\u1ea7m tr\u1ed3 ng\u1ee1 ng\u00e0ng. H\u00e3y m\u1edf cu\u1ed1n s\u00e1ch n\u00e0y \u0111\u1ec3 kh\u00e1m ph\u00e1 ngay l\u00e0m sao m\u1ecdi th\u1ee9 \u0111\u01b0\u1ee3c h\u00ecnh th\u00e0nh, c\u0169ng nh\u01b0 chu\u1ea9n b\u1ecb \u0111\u00f3n nh\u1eadn nh\u1eefng b\u1ea5t ng\u1edd v\u00f4 c\u00f9ng tuy\u1ec7t v\u1eddi v\u1ec1 ch\u00ednh b\u1ea3n th\u00e2n b\u00e9.<br \/>\nD\u00f2ng th\u1eddi gian t\u01b0\u1ee3ng tr\u01b0ng cho h\u00e0nh tr\u00ecnh ra \u0111\u1eddi c\u1ee7a lo\u00e0i ng\u01b0\u1eddi \u0111\u1ea7y th\u00f4ng th\u00e1i, h\u00e0i h\u01b0\u1edbc nh\u01b0ng c\u0169ng kh\u00f4ng k\u00e9m ph\u1ea7n kh\u00e1ch quan \u0111\u01b0\u1ee3c tr\u00ecnh b\u00e0y trong cu\u1ed1n s\u00e1ch v\u1edbi m\u1ee5c \u0111\u00edch kh\u00edch l\u1ec7 c\u00e1c b\u1ea1n \u0111\u1ecdc nh\u00ed bi\u1ebft th\u1eafc m\u1eafc, bi\u1ebft \u0111\u1eb7t c\u00e2u h\u1ecfi v\u00e0 t\u1ef1 t\u00ecm c\u00e2u tr\u1ea3 l\u1eddi, \u0111\u1ec3 th\u1ea3ng th\u1ed1t tr\u01b0\u1edbc bao \u0111i\u1ec1u k\u1ef3 di\u1ec7u c\u1ee7a tr\u00e1i \u0111\u1ea5t, su\u1ed1t t\u1eeb khi c\u00f3 V\u1ee5 N\u1ed5 L\u1edbn, tr\u1ea3i qua bao qu\u00e1 tr\u00ecnh ti\u1ebfn ho\u00e1, cho t\u1edbi khi m\u1ed9t em b\u00e9 ch\u00e0o \u0111\u1eddi, c\u00f9ng nhi\u1ec1u \u0111i\u1ec1u th\u00fa v\u1ecb kh\u00e1c n\u1eefa.<\/p>\n","protected":false},"featured_media":2580,"template":"","meta":{"_acf_changed":false},"product_brand":[],"product_cat":[25,17],"product_tag":[],"class_list":{"0":"post-2584","1":"product","2":"type-product","3":"status-publish","4":"has-post-thumbnail","6":"product_cat-nhi-dong-6-tuoi-12-tuoi","7":"product_cat-sach-danh-cho-cac-be","9":"first","10":"outofstock","11":"taxable","12":"shipping-taxable","13":"purchasable","14":"product-type-simple"},"supplier_id":null,"supplier_sku":"","barcode":null,"atum_controlled":true,"out_stock_date":"2024-08-12 07:12:14","out_stock_threshold":null,"inheritable":false,"inbound_stock":0,"stock_on_hold":0,"sold_today":0,"sales_last_days":0,"reserved_stock":0,"customer_returns":0,"warehouse_damage":0,"lost_in_post":0,"other_logs":0,"out_stock_days":534,"lost_sales":0,"has_location":false,"update_date":"2026-01-28T23:11:20","atum_locations":[],"atum_stock_status":"outofstock","restock_status":false,"low_stock_amount":"","sales_update_date":"2026-01-28T23:11:20","calc_backorders":null,"acf":{"publisher":{"ID":1458,"post_author":"1","post_date":"2021-02-17 01:12:22","post_date_gmt":"2021-02-16 23:12:22","post_content":"<!-- wp:flatsome\/uxbuilder -->\n<h1 style=\"text-align: center\"><strong>Crabit Kidbooks<\/strong><\/h1>\n[row]\n\n[col span=\"8\" span__sm=\"12\"]\n\n<p>Crabit Kidbooks l\u00e0 nh\u00e0 ph\u00e1t h\u00e0nh s\u00e1ch thi\u1ebfu nhi thu\u1ed9c C\u00f4ng ty CPTM &amp; XNK Ng\u1ecdc \u00c1nh \u2013 \u0111\u01a1n v\u1ecb h\u01a1n 20 n\u0103m kinh nghi\u1ec7m trong ng\u00e0nh in \u1ea5n v\u00e0 l\u00e0 \u0111\u1ed1i t\u00e1c uy t\u00edn cung c\u1ea5p h\u1ecdc li\u1ec7u, s\u00e1ch v\u1edf h\u1ecdc sinh cho h\u01a1n 5000 kh\u00e1ch h\u00e0ng kh\u1eafp 28 t\u1ec9nh th\u00e0nh ph\u00eda B\u1eafc Vi\u1ec7t Nam H\u1ec7 th\u1ed1ng s\u1ea3n ph\u1ea9m Crabit Kidbooks<\/p>\n<p>Theo s\u1ef1 t\u00ecm hi\u1ec3u c\u1ee7a <strong>SACHVIET.EU<\/strong><strong>\u00a0<\/strong>tuy Crabit Kidbooks l\u00e0 m\u1ed9t nh\u00e0 ph\u00e1t h\u00e0nh tr\u1ebb t\u1ea1i Vi\u1ec7t Nam nh\u01b0ng l\u1ea1i mang \u0111\u1ebfn s\u1ef1 ch\u1ec9n chu qua t\u1eebng trang s\u00e1ch, t\u1eeb ch\u1ea5t li\u1ec7u gi\u1ea5y cao c\u1ea5p, b\u00eca c\u1ee9ng gi\u1eef g\u00ecn s\u00e1ch \u0111\u01b0\u1ee3c b\u1ec1n l\u00e2u \u0111\u1ebfn l\u1eddi v\u0103n c\u00e2u ch\u1eef \u0111\u01b0\u1ee3c ch\u1ecdn l\u1ecdc ch\u1ec9nh s\u1eeda sao cho ti\u1ebfp c\u1eadn th\u00e2n thi\u1ec7n nh\u1ea5t v\u1edbi tr\u1ebb em. <strong>SACHVIET.EU<\/strong> th\u1ef1c s\u1ef1 \u1ea5n t\u01b0\u1ee3ng b\u1edfi t\u1ea7m nh\u00ecn v\u00e0 s\u1ef1 c\u1ed1 g\u1eafng ho\u00e0n thi\u1ec7n nh\u1eefng t\u00e1c ph\u1ea9m c\u00f3 gi\u00e1 tr\u1ecb tuy\u1ec7t v\u1eddi m\u00e0 Crabit Kidbooks mang l\u1ea1i. \u0110\u00e2y c\u0169ng l\u00e0 nh\u00e0 ph\u00e1t h\u00e0nh duy nh\u1ea5t t\u1edbi th\u1eddi \u0111i\u1ec3m n\u00e0y m\u00e0 <strong>SACHVIET.EU<\/strong> quy\u1ebft t\u00e2m h\u1ee3p t\u00e1c mang h\u1ebft t\u1ea5t c\u1ea3 c\u00e1c \u0111\u1ea7u s\u00e1ch m\u00e0 Crabit Kidbooks c\u00f3 \u0111\u1ec3 \u0111em \u0111\u1ebfn Ch\u00e2u \u00c2u ph\u1ee5c v\u1ee5 m\u1ecdi ng\u01b0\u1eddi. \u0110\u00e2y th\u1ef1c s\u1ef1 l\u00e0 m\u1ed9t s\u1ef1 li\u1ec1u l\u0129nh c\u1ee7a <strong>SACHVIET.EU<\/strong>, tuy nhi\u00ean ch\u00fang m\u00ecnh tin t\u01b0\u1edfng v\u00e0 t\u1ef1 tin r\u1eb1ng t\u1eebng cu\u1ed1n s\u00e1ch m\u00e0 ch\u00fang m\u00ecnh gi\u1edbi thi\u1ec7u x\u1ee9ng \u0111\u00e1ng v\u1edbi nh\u1eefng g\u00ec ch\u00fang m\u00ecnh theo \u0111u\u1ed5i.<\/p>\n\n[\/col]\n[col span=\"4\" span__sm=\"12\"]\n\n[ux_image id=\"1701\" image_size=\"medium\"]\n\n\n[\/col]\n\n[\/row]\n\n<!-- \/wp:flatsome\/uxbuilder -->","post_title":"Crabit Kidbooks","post_excerpt":"","post_status":"publish","comment_status":"closed","ping_status":"closed","post_password":"","post_name":"crabit-kidbooks","to_ping":"","pinged":"","post_modified":"2022-12-19 23:12:10","post_modified_gmt":"2022-12-19 21:12:10","post_content_filtered":"","post_parent":0,"guid":"https:\/\/sachviet.eu\/nha-phat-hanh\/crabitkidbooks\/","menu_order":0,"post_type":"publisher","post_mime_type":"","comment_count":"0","filter":"raw"}},"_links":{"self":[{"href":"https:\/\/sachviet.eu\/en\/wp-json\/wp\/v2\/product\/2584","targetHints":{"allow":["GET"]}}],"collection":[{"href":"https:\/\/sachviet.eu\/en\/wp-json\/wp\/v2\/product"}],"about":[{"href":"https:\/\/sachviet.eu\/en\/wp-json\/wp\/v2\/types\/product"}],"wp:featuredmedia":[{"embeddable":true,"href":"https:\/\/sachviet.eu\/en\/wp-json\/wp\/v2\/media\/2580"}],"wp:attachment":[{"href":"https:\/\/sachviet.eu\/en\/wp-json\/wp\/v2\/media?parent=2584"}],"wp:term":[{"taxonomy":"product_brand","embeddable":true,"href":"https:\/\/sachviet.eu\/en\/wp-json\/wp\/v2\/product_brand?post=2584"},{"taxonomy":"product_cat","embeddable":true,"href":"https:\/\/sachviet.eu\/en\/wp-json\/wp\/v2\/product_cat?post=2584"},{"taxonomy":"product_tag","embeddable":true,"href":"https:\/\/sachviet.eu\/en\/wp-json\/wp\/v2\/product_tag?post=2584"}],"curies":[{"name":"wp","href":"https:\/\/api.w.org\/{rel}","templated":true}]}}