{"id":2579,"date":"2021-02-25T19:49:52","date_gmt":"2021-02-25T17:49:52","guid":{"rendered":"https:\/\/sachviet.eu\/shop\/nau-nau-thi-thanh-xanh-xanh-dong-que\/"},"modified":"2022-12-09T13:20:07","modified_gmt":"2022-12-09T11:20:07","slug":"nau-nau-thi-thanh-xanh-xanh-dong-que","status":"publish","type":"product","link":"https:\/\/sachviet.eu\/en\/shop\/nau-nau-thi-thanh-xanh-xanh-dong-que\/","title":{"rendered":"N\u00e2u N\u00e2u th\u1ecb th\u00e0nh Xanh Xanh \u0111\u1ed3ng qu\u00ea"},"content":{"rendered":"<p>N\u00e2u N\u00e2u th\u1ecb th\u00e0nh Xanh Xanh \u0111\u1ed3ng qu\u00ea m\u00f4 t\u1ea3 t\u00ecnh b\u1ea1n gi\u1eefa N\u00e2u N\u00e2u v\u00e0 Xanh Xanh, t\u1eeb bu\u1ed5i \u0111\u1ea7u g\u1eb7p g\u1ee1 vui t\u01b0\u01a1i, cho t\u1edbi s\u1ef1 \u0111\u1ed3ng h\u00e0nh \u0111\u1ea7y th\u1ea5u hi\u1ec3u, tr\u1ea3i qua n\u1ed7i \u0111au m\u1ea5t m\u00e1t v\u00e0 cu\u1ed1i c\u00f9ng l\u1ea1i l\u00e0m m\u1edbi c\u1ea3m x\u00fac th\u00eam l\u1ea7n n\u1eefa. Cu\u1ed1n s\u00e1ch n\u00e0y \u0111\u00e3 ph\u00e1c n\u00ean m\u1ed9t c\u1ea3nh t\u01b0\u1ee3ng \u0111\u1ed3ng qu\u00ea \u0111\u1ea7y trong tr\u1ebbo cho nh\u1eefng ng\u01b0\u1eddi b\u1ea1n \u0111\u1ea7y l\u1ea1 th\u01b0\u1eddng trong m\u1ed9t c\u00e2u chuy\u1ec7n \u0111\u1ea7y y\u00ean \u1ea3 v\u1ec1 nh\u1eefng \u0111\u1ed5i thay. Hai lo\u00e0i v\u1eadt t\u01b0\u1edfng ch\u1eebng kh\u00f4ng h\u1ec1 li\u00ean quan: m\u1ed9t ch\u00fa \u1ebfch ngo\u00e0i thi\u00ean nhi\u00ean v\u00e0 m\u1ed9t ch\u00fa ch\u00f3 \u0111\u01b0\u1ee3c nu\u00f4i d\u01b0\u1ee1ng \u1edf th\u00e0nh th\u1ecb \u0111\u00e3 mang \u0111\u1ebfn m\u1ed9t b\u00e0i h\u1ecdc qu\u00fd b\u00e1u cho c\u00e1c \u0111\u1ed9c gi\u1ea3 nh\u1ecf tu\u1ed5i v\u1ec1 nh\u1eefng kh\u1ea3 n\u0103ng v\u00f4 h\u1ea1n c\u00f3 th\u1ec3 m\u1edf ra khi ch\u00fang ta chia s\u1ebb nh\u1eefng \u0111i\u1ec1u t\u1ed1t \u0111\u1eb9p nh\u1ea5t c\u1ee7a b\u1ea3n th\u00e2n cho nhau.<\/p>\n<p>M\u1ed7i trang ch\u1ec9 ch\u1ee9a \u0111\u1ef1ng v\u00e0i c\u00e2u t\u1eeb gi\u1ea3n \u0111\u01a1n, th\u1ebf nh\u01b0ng cu\u1ed1n s\u00e1ch \u0111\u00e3 d\u1ea1y cho tr\u1ebb bi\u1ebft bao \u0111i\u1ec1u, t\u1eeb b\u1ed1n m\u00f9a, cho t\u1edbi t\u00ecnh b\u1ea1n, s\u1ef1 th\u1ecfa hi\u1ec7p, tu\u1ed5i gi\u00e0, v\u00e0 s\u1ef1 m\u1ea5t m\u00e1t. Nh\u1eefng minh h\u1ecda b\u1eb1ng tranh m\u00e0u n\u01b0\u1edbc kh\u00f4ng ch\u1ec9 \u0111\u00f3ng vai tr\u00f2 b\u1ed5 tr\u1ee3, m\u00e0 ch\u00fang ti\u1ec7p v\u00e0o v\u1edbi c\u00e2u chuy\u1ec7n v\u1edbi m\u1ed9t c\u1ea3m th\u1ee9c l\u1eafng \u0111\u1ecdng m\u1ed7i l\u00fac m\u1ed9t t\u0103ng th\u00eam khi t\u1eebng m\u00f9a tr\u00f4i qua. C\u1ea5u tr\u00fac nh\u1ea5t qu\u00e1n v\u00e0 \u00eam \u1ea3, c\u00e1ch v\u1eadn d\u1ee5ng m\u00e0u s\u1eafc v\u00e0 s\u1eafp \u0111\u1eb7t t\u00e0i t\u00ecnh khi\u1ebfn cho nh\u1eefng b\u1ee9c tranh \u0111\u1ea7y c\u1ea3m x\u00fac truy\u1ec1n t\u1ea3i \u0111\u01b0\u1ee3c tr\u1ecdn v\u1eb9n m\u1ecdi s\u1eafc th\u00e1i c\u1ee7a c\u00e2u chuy\u1ec7n.<\/p>\n<p>N\u00e2u N\u00e2u th\u1ecb th\u00e0nh Xanh Xanh \u0111\u1ed3ng qu\u00ea ng\u1ee1 l\u00e0 m\u1ed9t cu\u1ed1n s\u00e1ch gi\u1ea3n \u0111\u01a1n nh\u01b0ng l\u1ea1i h\u00e0m ch\u1ee9a m\u1ed9t th\u00f4ng \u0111i\u1ec7p v\u00f4 c\u00f9ng m\u1ea1nh m\u1ebd, gi\u00fap nu\u00f4i d\u01b0\u1ee1ng c\u1ea3m x\u00fac v\u00e0 t\u00e2m h\u1ed3n. Vi\u1ec7c m\u1ea5t \u0111i m\u1ed9t ng\u01b0\u1eddi b\u1ea1n m\u1edbi th\u1eadt bu\u1ed3n b\u00e3 v\u00e0 kh\u00f3 \u0111\u1ec3 v\u01b0\u1ee3t qua, nh\u01b0ng t\u00ecnh b\u1ea1n n\u00e0o th\u00ec c\u0169ng mang \u0111\u1ebfn th\u1eadt nhi\u1ec1u tr\u1ea3i nghi\u1ec7m c\u00f9ng nh\u1eefng k\u1ef7 ni\u1ec7m gi\u00fap h\u00ecnh th\u00e0nh n\u00ean con ng\u01b0\u1eddi ch\u00fang ta. Mo Willems gom g\u00f3p nh\u1eefng con ch\u1eef \u0111\u1eb9p tuy\u1ec7t, c\u00f2n Jon J Muth mang \u0111\u1ebfn nh\u1eefng b\u1ee9c tranh tuy\u1ec7t m\u1ef9. Hai nh\u00e0 v\u0103n ki\u00eam h\u1ecda s\u0129 l\u1eebng danh n\u00e0y \u0111\u00e3 cho ra m\u1ed9t t\u00e1c ph\u1ea9m v\u1eeba v\u1eb7n \u0111\u1ea1t t\u1edbi ng\u01b0\u1ee1ng ho\u00e0n h\u1ea3o: m\u1ed9t s\u1ef1 h\u00f2a quy\u1ec7n v\u00e0 b\u00f9 tr\u1eeb xu\u1ea5t s\u1eafc, kh\u00f4ng qu\u00e1 nhi\u1ec1u hay qu\u00e1 \u00edt, m\u00e0 v\u1eeba \u0111\u1ee7 \u0111\u1ec3 l\u1eafng \u0111\u1ecdng. M\u1ed9t tuy\u1ec7t ph\u1ea9m \u2013 minh ch\u1ee9ng r\u1eb1ng nh\u1eefng cu\u1ed1n s\u00e1ch tranh kh\u00f4ng ph\u1ea3i ch\u1ec9 d\u00e0nh cho c\u00e1c em nh\u1ecf, m\u00e0 c\u00f3 s\u1ee9c m\u1ea1nh lay \u0111\u1ed9ng \u0111\u1ed9c gi\u1ea3 \u1edf m\u1ecdi l\u1ee9a tu\u1ed5i.  <div class=\"banner-grid-wrapper\">\n  <div id=\"banner-grid-639973789\" class=\"banner-grid row row-grid row-small\" data-packery-options=\"\">\n            <style>\n    #banner-grid-639973789 .grid-col-1{height: 600px}\n    #banner-grid-639973789 .grid-col-1-2{height: 300px}\n    #banner-grid-639973789 .grid-col-1-3{height:200px}\n    #banner-grid-639973789 .grid-col-2-3{height: 400px}\n    #banner-grid-639973789 .grid-col-1-4{height: 150px}\n    #banner-grid-639973789 .grid-col-3-4{height: 450px}\n\n\n        \/* Tablet *\/\n    @media (max-width: 850px){\n      #banner-grid-639973789 .grid-col-1{height: 400px}\n      #banner-grid-639973789 .grid-col-1-2{height: 200px}\n      #banner-grid-639973789 .grid-col-1-3{height:133.33333333333px}\n      #banner-grid-639973789 .grid-col-2-3{height: 266.66666666667px}\n      #banner-grid-639973789 .grid-col-1-4{height: 100px}\n      #banner-grid-639973789 .grid-col-3-4{height: 300px}\n    }\n    \n        \/* Mobile *\/\n    @media (max-width: 550px){\n      #banner-grid-639973789 .grid-col-1{height: 400px}\n      #banner-grid-639973789 .grid-col-1-2{height: 200px}\n      #banner-grid-639973789 .grid-col-1-3{height:133.33333333333px}\n      #banner-grid-639973789 .grid-col-2-3{height: 266.66666666667px}\n      #banner-grid-639973789 .grid-col-1-4{height: 100px}\n      #banner-grid-639973789 .grid-col-3-4{height: 300px}\n    }\n    \n\n  <\/style>\n    <\/div>\n    <style>\n    #banner-grid-639973789 .grid-col-1{height: 600px}\n    #banner-grid-639973789 .grid-col-1-2{height: 300px}\n    #banner-grid-639973789 .grid-col-1-3{height:200px}\n    #banner-grid-639973789 .grid-col-2-3{height: 400px}\n    #banner-grid-639973789 .grid-col-1-4{height: 150px}\n    #banner-grid-639973789 .grid-col-3-4{height: 450px}\n\n\n    \n    \n\n  <\/style>\n    <\/div>\n  \n","protected":false},"excerpt":{"rendered":"<p>N\u00e2u N\u00e2u th\u1ecb th\u00e0nh Xanh Xanh \u0111\u1ed3ng qu\u00ea l\u00e0 m\u1ed9t c\u00e2u chuy\u1ec7n \u0111\u1ec3 tr\u1ea7m t\u01b0 v\u1ec1 th\u1eddi gian v\u00e0 nh\u1eefng d\u1ea5u \u1ea5n s\u00e2u \u0111\u1eadm c\u1ee7a t\u00ecnh b\u1ea1n. Hai lo\u00e0i v\u1eadt t\u01b0\u1edfng ch\u1eebng kh\u00f4ng h\u1ec1 li\u00ean quan: m\u1ed9t ch\u00fa \u1ebfch ngo\u00e0i thi\u00ean nhi\u00ean v\u00e0 m\u1ed9t ch\u00fa ch\u00f3 \u0111\u01b0\u1ee3c nu\u00f4i d\u01b0\u1ee1ng \u1edf th\u00e0nh th\u1ecb \u0111\u00e3 mang \u0111\u1ebfn m\u1ed9t b\u00e0i h\u1ecdc qu\u00fd b\u00e1u cho c\u00e1c \u0111\u1ed9c gi\u1ea3 nh\u1ecf tu\u1ed5i v\u1ec1 nh\u1eefng kh\u1ea3 n\u0103ng v\u00f4 h\u1ea1n c\u00f3 th\u1ec3 m\u1edf ra khi ch\u00fang ta chia s\u1ebb nh\u1eefng \u0111i\u1ec1u t\u1ed1t \u0111\u1eb9p nh\u1ea5t c\u1ee7a b\u1ea3n th\u00e2n cho nhau.<\/p>\n","protected":false},"featured_media":2575,"template":"","meta":{"_acf_changed":false},"product_brand":[],"product_cat":[25,17],"product_tag":[],"class_list":{"0":"post-2579","1":"product","2":"type-product","3":"status-publish","4":"has-post-thumbnail","6":"product_cat-nhi-dong-6-tuoi-12-tuoi","7":"product_cat-sach-danh-cho-cac-be","9":"first","10":"instock","11":"taxable","12":"shipping-taxable","13":"purchasable","14":"product-type-simple"},"supplier_id":null,"supplier_sku":"","barcode":null,"atum_controlled":true,"out_stock_date":null,"out_stock_threshold":null,"inheritable":false,"inbound_stock":0,"stock_on_hold":0,"sold_today":0,"sales_last_days":0,"reserved_stock":0,"customer_returns":0,"warehouse_damage":0,"lost_in_post":0,"other_logs":0,"out_stock_days":0,"lost_sales":0,"has_location":false,"update_date":"2026-01-28T23:10:32","atum_locations":[],"atum_stock_status":"instock","restock_status":false,"low_stock_amount":"","sales_update_date":"2026-01-28T23:10:32","calc_backorders":null,"acf":{"publisher":{"ID":1458,"post_author":"1","post_date":"2021-02-17 01:12:22","post_date_gmt":"2021-02-16 23:12:22","post_content":"<!-- wp:flatsome\/uxbuilder -->\n<h1 style=\"text-align: center\"><strong>Crabit Kidbooks<\/strong><\/h1>\n[row]\n\n[col span=\"8\" span__sm=\"12\"]\n\n<p>Crabit Kidbooks l\u00e0 nh\u00e0 ph\u00e1t h\u00e0nh s\u00e1ch thi\u1ebfu nhi thu\u1ed9c C\u00f4ng ty CPTM &amp; XNK Ng\u1ecdc \u00c1nh \u2013 \u0111\u01a1n v\u1ecb h\u01a1n 20 n\u0103m kinh nghi\u1ec7m trong ng\u00e0nh in \u1ea5n v\u00e0 l\u00e0 \u0111\u1ed1i t\u00e1c uy t\u00edn cung c\u1ea5p h\u1ecdc li\u1ec7u, s\u00e1ch v\u1edf h\u1ecdc sinh cho h\u01a1n 5000 kh\u00e1ch h\u00e0ng kh\u1eafp 28 t\u1ec9nh th\u00e0nh ph\u00eda B\u1eafc Vi\u1ec7t Nam H\u1ec7 th\u1ed1ng s\u1ea3n ph\u1ea9m Crabit Kidbooks<\/p>\n<p>Theo s\u1ef1 t\u00ecm hi\u1ec3u c\u1ee7a <strong>SACHVIET.EU<\/strong><strong>\u00a0<\/strong>tuy Crabit Kidbooks l\u00e0 m\u1ed9t nh\u00e0 ph\u00e1t h\u00e0nh tr\u1ebb t\u1ea1i Vi\u1ec7t Nam nh\u01b0ng l\u1ea1i mang \u0111\u1ebfn s\u1ef1 ch\u1ec9n chu qua t\u1eebng trang s\u00e1ch, t\u1eeb ch\u1ea5t li\u1ec7u gi\u1ea5y cao c\u1ea5p, b\u00eca c\u1ee9ng gi\u1eef g\u00ecn s\u00e1ch \u0111\u01b0\u1ee3c b\u1ec1n l\u00e2u \u0111\u1ebfn l\u1eddi v\u0103n c\u00e2u ch\u1eef \u0111\u01b0\u1ee3c ch\u1ecdn l\u1ecdc ch\u1ec9nh s\u1eeda sao cho ti\u1ebfp c\u1eadn th\u00e2n thi\u1ec7n nh\u1ea5t v\u1edbi tr\u1ebb em. <strong>SACHVIET.EU<\/strong> th\u1ef1c s\u1ef1 \u1ea5n t\u01b0\u1ee3ng b\u1edfi t\u1ea7m nh\u00ecn v\u00e0 s\u1ef1 c\u1ed1 g\u1eafng ho\u00e0n thi\u1ec7n nh\u1eefng t\u00e1c ph\u1ea9m c\u00f3 gi\u00e1 tr\u1ecb tuy\u1ec7t v\u1eddi m\u00e0 Crabit Kidbooks mang l\u1ea1i. \u0110\u00e2y c\u0169ng l\u00e0 nh\u00e0 ph\u00e1t h\u00e0nh duy nh\u1ea5t t\u1edbi th\u1eddi \u0111i\u1ec3m n\u00e0y m\u00e0 <strong>SACHVIET.EU<\/strong> quy\u1ebft t\u00e2m h\u1ee3p t\u00e1c mang h\u1ebft t\u1ea5t c\u1ea3 c\u00e1c \u0111\u1ea7u s\u00e1ch m\u00e0 Crabit Kidbooks c\u00f3 \u0111\u1ec3 \u0111em \u0111\u1ebfn Ch\u00e2u \u00c2u ph\u1ee5c v\u1ee5 m\u1ecdi ng\u01b0\u1eddi. \u0110\u00e2y th\u1ef1c s\u1ef1 l\u00e0 m\u1ed9t s\u1ef1 li\u1ec1u l\u0129nh c\u1ee7a <strong>SACHVIET.EU<\/strong>, tuy nhi\u00ean ch\u00fang m\u00ecnh tin t\u01b0\u1edfng v\u00e0 t\u1ef1 tin r\u1eb1ng t\u1eebng cu\u1ed1n s\u00e1ch m\u00e0 ch\u00fang m\u00ecnh gi\u1edbi thi\u1ec7u x\u1ee9ng \u0111\u00e1ng v\u1edbi nh\u1eefng g\u00ec ch\u00fang m\u00ecnh theo \u0111u\u1ed5i.<\/p>\n\n[\/col]\n[col span=\"4\" span__sm=\"12\"]\n\n[ux_image id=\"1701\" image_size=\"medium\"]\n\n\n[\/col]\n\n[\/row]\n\n<!-- \/wp:flatsome\/uxbuilder -->","post_title":"Crabit Kidbooks","post_excerpt":"","post_status":"publish","comment_status":"closed","ping_status":"closed","post_password":"","post_name":"crabit-kidbooks","to_ping":"","pinged":"","post_modified":"2022-12-19 23:12:10","post_modified_gmt":"2022-12-19 21:12:10","post_content_filtered":"","post_parent":0,"guid":"https:\/\/sachviet.eu\/nha-phat-hanh\/crabitkidbooks\/","menu_order":0,"post_type":"publisher","post_mime_type":"","comment_count":"0","filter":"raw"}},"_links":{"self":[{"href":"https:\/\/sachviet.eu\/en\/wp-json\/wp\/v2\/product\/2579","targetHints":{"allow":["GET"]}}],"collection":[{"href":"https:\/\/sachviet.eu\/en\/wp-json\/wp\/v2\/product"}],"about":[{"href":"https:\/\/sachviet.eu\/en\/wp-json\/wp\/v2\/types\/product"}],"wp:featuredmedia":[{"embeddable":true,"href":"https:\/\/sachviet.eu\/en\/wp-json\/wp\/v2\/media\/2575"}],"wp:attachment":[{"href":"https:\/\/sachviet.eu\/en\/wp-json\/wp\/v2\/media?parent=2579"}],"wp:term":[{"taxonomy":"product_brand","embeddable":true,"href":"https:\/\/sachviet.eu\/en\/wp-json\/wp\/v2\/product_brand?post=2579"},{"taxonomy":"product_cat","embeddable":true,"href":"https:\/\/sachviet.eu\/en\/wp-json\/wp\/v2\/product_cat?post=2579"},{"taxonomy":"product_tag","embeddable":true,"href":"https:\/\/sachviet.eu\/en\/wp-json\/wp\/v2\/product_tag?post=2579"}],"curies":[{"name":"wp","href":"https:\/\/api.w.org\/{rel}","templated":true}]}}