{"id":2574,"date":"2021-02-25T19:49:31","date_gmt":"2021-02-25T17:49:31","guid":{"rendered":"https:\/\/sachviet.eu\/shop\/to-u-phai-gau-nha\/"},"modified":"2021-06-14T20:46:24","modified_gmt":"2021-06-14T17:46:24","slug":"to-u-phai-gau-nha","status":"publish","type":"product","link":"https:\/\/sachviet.eu\/en\/shop\/to-u-phai-gau-nha\/","title":{"rendered":"T\u1edb \u1ee9 ph\u1ea3i g\u1ea5u nh\u00e1!"},"content":{"rendered":"<p>C\u00e1c c\u1eadu c\u00f3 bi\u1ebft, c\u00f3 m\u1ed9t lo\u00e0i v\u1eadt \u0111\u00e3 b\u1ecb hi\u1ec3u nh\u1ea7m c\u1ea3 tr\u0103m n\u0103m nay?<br \/>\nC\u1eadu b\u1ea1n Koala Warren c\u00f3 th\u1ec3 \u0111\u01b0\u1ee3c m\u00f4 t\u1ea3 b\u1eb1ng nhi\u1ec1u \u0111\u1eb7c t\u00ednh \u2013 tr\u1eeb m\u1ed9t \u0111i\u1ec1u, c\u1eadu KH\u00d4NG PH\u1ea2I l\u00e0 g\u1ea5u!<br \/>\nXin gi\u1edbi thi\u1ec7u m\u1ed9t cu\u1ed1n s\u00e1ch \u0111\u1ea7y h\u00e0i h\u01b0\u1edbc c\u1ee7a ch\u00fa Aaron Blabey, t\u00e1c gi\u1ea3 c\u1ee7a nh\u1eefng b\u1ed9 s\u00e1ch n\u1ed5i danh Thelma the Unicorn (C\u00f4 K\u1ef3 L\u00e2n Thelma) hay series The Bad Guys (Nh\u1eefng g\u00e3 x\u1ea5u xa). Nh\u00e2n v\u1eadt ch\u00ednh, m\u1ed9t c\u1eadu b\u1ea1n koala \u0111\u00e3 kh\u00e1i qu\u00e1t n\u1ed7i h\u1eddn gi\u1eadn chung c\u1ee7a t\u1ea5t c\u1ea3 m\u1ecdi ng\u01b0\u1eddi khi b\u1ecb hi\u1ec3u nh\u1ea7m.<br \/>\nChuy\u1ec7n l\u00e0 Warren, m\u1ed9t c\u1eadu koala \u0111\u1ea7y c\u1eafm c\u1ea3u \u0111\u00e3 \u0111\u01b0a ra m\u1ed9t lo\u1ea1t nh\u1eefng lu\u1eadn \u0111i\u1ec3m x\u00e1c \u0111\u00e1ng ch\u1ee9ng minh r\u1eb1ng c\u1eadu KH\u00d4NG PH\u1ea2I l\u00e0 g\u1ea5u. C\u00f9ng v\u1edbi s\u1ef1 tr\u1ee3 gi\u00fap \u0111\u1eafc l\u1ef1c t\u1eeb h\u00ecnh \u1ea3nh v\u00e0 gi\u1ecdng \u0111i\u1ec7u b\u1ed9c r\u00f5 n\u1ed7i \u01b0u phi\u1ec1n qu\u00e1 kh\u00edch, c\u1eadu \u0111\u00e3 gi\u1ea3i th\u00edch h\u1ebft m\u1ee9c c\u00f3 th\u1ec3 ngu\u1ed3n c\u01a1n c\u1ee7a nh\u1eefng s\u1ef1 nh\u1ea7m l\u1eabn tai h\u1ea1i n\u00e0y (\u0111\u1ebfn t\u1eeb ph\u00e1n \u0111\u1ecbnh t\u00f9y ti\u1ec7n c\u1ee7a m\u1ed9t nh\u00e0 th\u00e1m hi\u1ec3m t\u1eeb h\u00e0ng tr\u0103m n\u0103m tr\u01b0\u1edbc); v\u00e0 d\u00f9 nh\u01b0 v\u1eady th\u00ec m\u1ecdi ng\u01b0\u1eddi c\u0169ng \u0111\u1eebng qu\u00ean m\u1ed9t s\u1ef1 th\u1eadt v\u00f4 c\u00f9ng quan tr\u1ecdng r\u1eb1ng: Koala KH\u00d4NG PH\u1ea2I g\u1ea5u!<br \/>\nB\u1ea5t ch\u1ea5p m\u1ed1i s\u1ea7u mu\u1ed9n \u1ea5m \u1ee9c c\u1ee7a c\u1eadu ch\u00e0ng th\u00fa c\u00f3 t\u00fai n\u00e0y, quan \u0111i\u1ec3m chung c\u1ee7a c\u00f4ng ch\u00fang ch\u1eebng nh\u01b0 kh\u00f4ng h\u1ec1 suy suy\u1ec3n l\u00e0 m\u1ea5y.  <div class=\"banner-grid-wrapper\">\n  <div id=\"banner-grid-1889250630\" class=\"banner-grid row row-grid row-small\" data-packery-options=\"\">\n            <style>\n    #banner-grid-1889250630 .grid-col-1{height: 600px}\n    #banner-grid-1889250630 .grid-col-1-2{height: 300px}\n    #banner-grid-1889250630 .grid-col-1-3{height:200px}\n    #banner-grid-1889250630 .grid-col-2-3{height: 400px}\n    #banner-grid-1889250630 .grid-col-1-4{height: 150px}\n    #banner-grid-1889250630 .grid-col-3-4{height: 450px}\n\n\n        \/* Tablet *\/\n    @media (max-width: 850px){\n      #banner-grid-1889250630 .grid-col-1{height: 400px}\n      #banner-grid-1889250630 .grid-col-1-2{height: 200px}\n      #banner-grid-1889250630 .grid-col-1-3{height:133.33333333333px}\n      #banner-grid-1889250630 .grid-col-2-3{height: 266.66666666667px}\n      #banner-grid-1889250630 .grid-col-1-4{height: 100px}\n      #banner-grid-1889250630 .grid-col-3-4{height: 300px}\n    }\n    \n        \/* Mobile *\/\n    @media (max-width: 550px){\n      #banner-grid-1889250630 .grid-col-1{height: 400px}\n      #banner-grid-1889250630 .grid-col-1-2{height: 200px}\n      #banner-grid-1889250630 .grid-col-1-3{height:133.33333333333px}\n      #banner-grid-1889250630 .grid-col-2-3{height: 266.66666666667px}\n      #banner-grid-1889250630 .grid-col-1-4{height: 100px}\n      #banner-grid-1889250630 .grid-col-3-4{height: 300px}\n    }\n    \n\n  <\/style>\n    <\/div>\n    <style>\n    #banner-grid-1889250630 .grid-col-1{height: 600px}\n    #banner-grid-1889250630 .grid-col-1-2{height: 300px}\n    #banner-grid-1889250630 .grid-col-1-3{height:200px}\n    #banner-grid-1889250630 .grid-col-2-3{height: 400px}\n    #banner-grid-1889250630 .grid-col-1-4{height: 150px}\n    #banner-grid-1889250630 .grid-col-3-4{height: 450px}\n\n\n    \n    \n\n  <\/style>\n    <\/div>\n  \n","protected":false},"excerpt":{"rendered":"<p>C\u00e1c c\u1eadu c\u00f3 bi\u1ebft, c\u00f3 m\u1ed9t lo\u00e0i v\u1eadt \u0111\u00e3 b\u1ecb hi\u1ec3u nh\u1ea7m c\u1ea3 tr\u0103m n\u0103m nay?<br \/>\nC\u1eadu b\u1ea1n Koala Warren c\u00f3 th\u1ec3 \u0111\u01b0\u1ee3c m\u00f4 t\u1ea3 b\u1eb1ng nhi\u1ec1u \u0111\u1eb7c t\u00ednh \u2013 tr\u1eeb m\u1ed9t \u0111i\u1ec1u, c\u1eadu KH\u00d4NG PH\u1ea2I l\u00e0 g\u1ea5u!<br \/>\nXin gi\u1edbi thi\u1ec7u m\u1ed9t cu\u1ed1n s\u00e1ch \u0111\u1ea7y h\u00e0i h\u01b0\u1edbc c\u1ee7a ch\u00fa Aaron Blabey, t\u00e1c gi\u1ea3 c\u1ee7a nh\u1eefng b\u1ed9 s\u00e1ch n\u1ed5i danh Thelma the Unicorn (C\u00f4 K\u1ef3 L\u00e2n Thelma) hay series The Bad Guys (Nh\u1eefng g\u00e3 x\u1ea5u xa). Nh\u00e2n v\u1eadt ch\u00ednh, m\u1ed9t c\u1eadu b\u1ea1n koala \u0111\u00e3 kh\u00e1i qu\u00e1t n\u1ed7i h\u1eddn gi\u1eadn chung c\u1ee7a t\u1ea5t c\u1ea3 m\u1ecdi ng\u01b0\u1eddi khi b\u1ecb hi\u1ec3u nh\u1ea7m.<br \/>\nChuy\u1ec7n l\u00e0 Warren, m\u1ed9t c\u1eadu koala \u0111\u1ea7y c\u1eafm c\u1ea3u \u0111\u00e3 \u0111\u01b0a ra m\u1ed9t lo\u1ea1t nh\u1eefng lu\u1eadn \u0111i\u1ec3m x\u00e1c \u0111\u00e1ng ch\u1ee9ng minh r\u1eb1ng c\u1eadu KH\u00d4NG PH\u1ea2I l\u00e0 g\u1ea5u. C\u00f9ng v\u1edbi s\u1ef1 tr\u1ee3 gi\u00fap \u0111\u1eafc l\u1ef1c t\u1eeb h\u00ecnh \u1ea3nh v\u00e0 gi\u1ecdng \u0111i\u1ec7u b\u1ed9c r\u00f5 n\u1ed7i \u01b0u phi\u1ec1n qu\u00e1 kh\u00edch, c\u1eadu \u0111\u00e3 gi\u1ea3i th\u00edch h\u1ebft m\u1ee9c c\u00f3 th\u1ec3 ngu\u1ed3n c\u01a1n c\u1ee7a nh\u1eefng s\u1ef1 nh\u1ea7m l\u1eabn tai h\u1ea1i n\u00e0y (\u0111\u1ebfn t\u1eeb ph\u00e1n \u0111\u1ecbnh t\u00f9y ti\u1ec7n c\u1ee7a m\u1ed9t nh\u00e0 th\u00e1m hi\u1ec3m t\u1eeb h\u00e0ng tr\u0103m n\u0103m tr\u01b0\u1edbc); v\u00e0 d\u00f9 nh\u01b0 v\u1eady th\u00ec m\u1ecdi ng\u01b0\u1eddi c\u0169ng \u0111\u1eebng qu\u00ean m\u1ed9t s\u1ef1 th\u1eadt v\u00f4 c\u00f9ng quan tr\u1ecdng r\u1eb1ng: Koala KH\u00d4NG PH\u1ea2I g\u1ea5u!<br \/>\nB\u1ea5t ch\u1ea5p m\u1ed1i s\u1ea7u mu\u1ed9n \u1ea5m \u1ee9c c\u1ee7a c\u1eadu ch\u00e0ng th\u00fa c\u00f3 t\u00fai n\u00e0y, quan \u0111i\u1ec3m chung c\u1ee7a c\u00f4ng ch\u00fang ch\u1eebng nh\u01b0 kh\u00f4ng h\u1ec1 suy suy\u1ec3n l\u00e0 m\u1ea5y.<\/p>\n","protected":false},"featured_media":2570,"template":"","meta":{"_acf_changed":false},"product_brand":[],"product_cat":[25,17],"product_tag":[],"class_list":{"0":"post-2574","1":"product","2":"type-product","3":"status-publish","4":"has-post-thumbnail","6":"product_cat-nhi-dong-6-tuoi-12-tuoi","7":"product_cat-sach-danh-cho-cac-be","9":"first","10":"instock","11":"taxable","12":"shipping-taxable","13":"purchasable","14":"product-type-simple"},"supplier_id":null,"supplier_sku":"","barcode":null,"atum_controlled":true,"out_stock_date":null,"out_stock_threshold":null,"inheritable":false,"inbound_stock":0,"stock_on_hold":0,"sold_today":0,"sales_last_days":0,"reserved_stock":0,"customer_returns":0,"warehouse_damage":0,"lost_in_post":0,"other_logs":0,"out_stock_days":0,"lost_sales":0,"has_location":false,"update_date":"2026-01-28T23:10:32","atum_locations":[],"atum_stock_status":"instock","restock_status":false,"low_stock_amount":"","sales_update_date":"2026-01-28T23:10:32","calc_backorders":null,"acf":{"publisher":{"ID":1458,"post_author":"1","post_date":"2021-02-17 01:12:22","post_date_gmt":"2021-02-16 23:12:22","post_content":"<!-- wp:flatsome\/uxbuilder -->\n<h1 style=\"text-align: center\"><strong>Crabit Kidbooks<\/strong><\/h1>\n[row]\n\n[col span=\"8\" span__sm=\"12\"]\n\n<p>Crabit Kidbooks l\u00e0 nh\u00e0 ph\u00e1t h\u00e0nh s\u00e1ch thi\u1ebfu nhi thu\u1ed9c C\u00f4ng ty CPTM &amp; XNK Ng\u1ecdc \u00c1nh \u2013 \u0111\u01a1n v\u1ecb h\u01a1n 20 n\u0103m kinh nghi\u1ec7m trong ng\u00e0nh in \u1ea5n v\u00e0 l\u00e0 \u0111\u1ed1i t\u00e1c uy t\u00edn cung c\u1ea5p h\u1ecdc li\u1ec7u, s\u00e1ch v\u1edf h\u1ecdc sinh cho h\u01a1n 5000 kh\u00e1ch h\u00e0ng kh\u1eafp 28 t\u1ec9nh th\u00e0nh ph\u00eda B\u1eafc Vi\u1ec7t Nam H\u1ec7 th\u1ed1ng s\u1ea3n ph\u1ea9m Crabit Kidbooks<\/p>\n<p>Theo s\u1ef1 t\u00ecm hi\u1ec3u c\u1ee7a <strong>SACHVIET.EU<\/strong><strong>\u00a0<\/strong>tuy Crabit Kidbooks l\u00e0 m\u1ed9t nh\u00e0 ph\u00e1t h\u00e0nh tr\u1ebb t\u1ea1i Vi\u1ec7t Nam nh\u01b0ng l\u1ea1i mang \u0111\u1ebfn s\u1ef1 ch\u1ec9n chu qua t\u1eebng trang s\u00e1ch, t\u1eeb ch\u1ea5t li\u1ec7u gi\u1ea5y cao c\u1ea5p, b\u00eca c\u1ee9ng gi\u1eef g\u00ecn s\u00e1ch \u0111\u01b0\u1ee3c b\u1ec1n l\u00e2u \u0111\u1ebfn l\u1eddi v\u0103n c\u00e2u ch\u1eef \u0111\u01b0\u1ee3c ch\u1ecdn l\u1ecdc ch\u1ec9nh s\u1eeda sao cho ti\u1ebfp c\u1eadn th\u00e2n thi\u1ec7n nh\u1ea5t v\u1edbi tr\u1ebb em. <strong>SACHVIET.EU<\/strong> th\u1ef1c s\u1ef1 \u1ea5n t\u01b0\u1ee3ng b\u1edfi t\u1ea7m nh\u00ecn v\u00e0 s\u1ef1 c\u1ed1 g\u1eafng ho\u00e0n thi\u1ec7n nh\u1eefng t\u00e1c ph\u1ea9m c\u00f3 gi\u00e1 tr\u1ecb tuy\u1ec7t v\u1eddi m\u00e0 Crabit Kidbooks mang l\u1ea1i. \u0110\u00e2y c\u0169ng l\u00e0 nh\u00e0 ph\u00e1t h\u00e0nh duy nh\u1ea5t t\u1edbi th\u1eddi \u0111i\u1ec3m n\u00e0y m\u00e0 <strong>SACHVIET.EU<\/strong> quy\u1ebft t\u00e2m h\u1ee3p t\u00e1c mang h\u1ebft t\u1ea5t c\u1ea3 c\u00e1c \u0111\u1ea7u s\u00e1ch m\u00e0 Crabit Kidbooks c\u00f3 \u0111\u1ec3 \u0111em \u0111\u1ebfn Ch\u00e2u \u00c2u ph\u1ee5c v\u1ee5 m\u1ecdi ng\u01b0\u1eddi. \u0110\u00e2y th\u1ef1c s\u1ef1 l\u00e0 m\u1ed9t s\u1ef1 li\u1ec1u l\u0129nh c\u1ee7a <strong>SACHVIET.EU<\/strong>, tuy nhi\u00ean ch\u00fang m\u00ecnh tin t\u01b0\u1edfng v\u00e0 t\u1ef1 tin r\u1eb1ng t\u1eebng cu\u1ed1n s\u00e1ch m\u00e0 ch\u00fang m\u00ecnh gi\u1edbi thi\u1ec7u x\u1ee9ng \u0111\u00e1ng v\u1edbi nh\u1eefng g\u00ec ch\u00fang m\u00ecnh theo \u0111u\u1ed5i.<\/p>\n\n[\/col]\n[col span=\"4\" span__sm=\"12\"]\n\n[ux_image id=\"1701\" image_size=\"medium\"]\n\n\n[\/col]\n\n[\/row]\n\n<!-- \/wp:flatsome\/uxbuilder -->","post_title":"Crabit Kidbooks","post_excerpt":"","post_status":"publish","comment_status":"closed","ping_status":"closed","post_password":"","post_name":"crabit-kidbooks","to_ping":"","pinged":"","post_modified":"2022-12-19 23:12:10","post_modified_gmt":"2022-12-19 21:12:10","post_content_filtered":"","post_parent":0,"guid":"https:\/\/sachviet.eu\/nha-phat-hanh\/crabitkidbooks\/","menu_order":0,"post_type":"publisher","post_mime_type":"","comment_count":"0","filter":"raw"}},"_links":{"self":[{"href":"https:\/\/sachviet.eu\/en\/wp-json\/wp\/v2\/product\/2574","targetHints":{"allow":["GET"]}}],"collection":[{"href":"https:\/\/sachviet.eu\/en\/wp-json\/wp\/v2\/product"}],"about":[{"href":"https:\/\/sachviet.eu\/en\/wp-json\/wp\/v2\/types\/product"}],"wp:featuredmedia":[{"embeddable":true,"href":"https:\/\/sachviet.eu\/en\/wp-json\/wp\/v2\/media\/2570"}],"wp:attachment":[{"href":"https:\/\/sachviet.eu\/en\/wp-json\/wp\/v2\/media?parent=2574"}],"wp:term":[{"taxonomy":"product_brand","embeddable":true,"href":"https:\/\/sachviet.eu\/en\/wp-json\/wp\/v2\/product_brand?post=2574"},{"taxonomy":"product_cat","embeddable":true,"href":"https:\/\/sachviet.eu\/en\/wp-json\/wp\/v2\/product_cat?post=2574"},{"taxonomy":"product_tag","embeddable":true,"href":"https:\/\/sachviet.eu\/en\/wp-json\/wp\/v2\/product_tag?post=2574"}],"curies":[{"name":"wp","href":"https:\/\/api.w.org\/{rel}","templated":true}]}}