{"id":24990,"date":"2024-04-18T14:14:01","date_gmt":"2024-04-18T11:14:01","guid":{"rendered":"https:\/\/sachviet.eu\/shop\/skip-beat-tron-bo-49-tap\/"},"modified":"2024-04-21T13:58:37","modified_gmt":"2024-04-21T10:58:37","slug":"skip-beat-tron-bo-49-tap","status":"publish","type":"product","link":"https:\/\/sachviet.eu\/en\/shop\/skip-beat-tron-bo-49-tap\/","title":{"rendered":"Skip Beat tr\u1ecdn b\u1ed9 49 t\u1eadp"},"content":{"rendered":"<p>L\u00e0 m\u1ed9t b\u1ed9 truy\u1ec7n tranh thu\u1ed9c th\u1ec3 lo\u1ea1i sh\u014djo c\u1ee7a Nh\u1eadt B\u1ea3n, \u0111\u01b0\u1ee3c s\u00e1ng t\u00e1c b\u1edfi Yoshiki Nakamura. B\u1ed9 truy\u1ec7n tranh \u0111\u01b0\u1ee3c \u0111\u0103ng l\u1ea7n \u0111\u1ea7u ti\u00ean tr\u00ean t\u1ea1p ch\u00ed Hana to Yume v\u00e0o ng\u00e0y 15\/02\/2002. T\u00ednh \u0111\u1ebfn ng\u00e0y 27\/11\/2011, Skip Beat \u0111\u00e3 c\u00f3 183 ch\u01b0\u01a1ng \u0111\u01b0\u1ee3c xu\u1ea5t b\u1ea3n. T\u1ea1i Vi\u1ec7t Nam, truy\u1ec7n \u0111\u01b0\u1ee3c Nh\u00e0 xu\u1ea5t b\u1ea3n Tr\u1ebb mua b\u1ea3n quy\u1ec1n ph\u00e1t h\u00e0nh.<\/p>\n","protected":false},"excerpt":{"rendered":"<p>L\u00e0 m\u1ed9t b\u1ed9 truy\u1ec7n tranh thu\u1ed9c th\u1ec3 lo\u1ea1i sh\u014djo c\u1ee7a Nh\u1eadt B\u1ea3n, \u0111\u01b0\u1ee3c s\u00e1ng t\u00e1c b\u1edfi Yoshiki Nakamura. B\u1ed9 truy\u1ec7n tranh \u0111\u01b0\u1ee3c \u0111\u0103ng l\u1ea7n \u0111\u1ea7u ti\u00ean tr\u00ean t\u1ea1p ch\u00ed Hana to Yume v\u00e0o ng\u00e0y 15\/02\/2002. T\u00ednh \u0111\u1ebfn ng\u00e0y 27\/11\/2011, Skip Beat \u0111\u00e3 c\u00f3 183 ch\u01b0\u01a1ng \u0111\u01b0\u1ee3c xu\u1ea5t b\u1ea3n. T\u1ea1i Vi\u1ec7t Nam, truy\u1ec7n \u0111\u01b0\u1ee3c Nh\u00e0 xu\u1ea5t b\u1ea3n Tr\u1ebb mua b\u1ea3n quy\u1ec1n ph\u00e1t h\u00e0nh.<\/p>\n","protected":false},"featured_media":24989,"template":"","meta":{"_acf_changed":false},"product_brand":[],"product_cat":[79],"product_tag":[],"class_list":{"0":"post-24990","1":"product","2":"type-product","3":"status-publish","4":"has-post-thumbnail","6":"product_cat-uncategorized","8":"first","9":"outofstock","10":"taxable","11":"shipping-taxable","12":"purchasable","13":"product-type-simple"},"supplier_id":null,"supplier_sku":"","barcode":null,"atum_controlled":true,"out_stock_date":"2024-04-21 10:58:37","out_stock_threshold":null,"inheritable":false,"inbound_stock":null,"stock_on_hold":0,"sold_today":0,"sales_last_days":0,"reserved_stock":null,"customer_returns":null,"warehouse_damage":null,"lost_in_post":null,"other_logs":null,"out_stock_days":647,"lost_sales":0,"has_location":false,"update_date":"2026-01-28T23:11:18","atum_locations":[],"atum_stock_status":"outofstock","restock_status":false,"low_stock_amount":"","sales_update_date":"2026-01-28T23:11:18","calc_backorders":null,"acf":{"publisher":{"ID":1517,"post_author":"1","post_date":"2021-02-17 01:14:41","post_date_gmt":"2021-02-16 23:14:41","post_content":"","post_title":"NXB Tr\u1ebb","post_excerpt":"","post_status":"publish","comment_status":"closed","ping_status":"closed","post_password":"","post_name":"nxb-tre","to_ping":"","pinged":"","post_modified":"2021-02-17 01:14:41","post_modified_gmt":"2021-02-16 23:14:41","post_content_filtered":"","post_parent":0,"guid":"https:\/\/sachviet.eu\/nha-phat-hanh\/nxb-tre\/","menu_order":0,"post_type":"publisher","post_mime_type":"","comment_count":"0","filter":"raw"}},"_links":{"self":[{"href":"https:\/\/sachviet.eu\/en\/wp-json\/wp\/v2\/product\/24990","targetHints":{"allow":["GET"]}}],"collection":[{"href":"https:\/\/sachviet.eu\/en\/wp-json\/wp\/v2\/product"}],"about":[{"href":"https:\/\/sachviet.eu\/en\/wp-json\/wp\/v2\/types\/product"}],"wp:featuredmedia":[{"embeddable":true,"href":"https:\/\/sachviet.eu\/en\/wp-json\/wp\/v2\/media\/24989"}],"wp:attachment":[{"href":"https:\/\/sachviet.eu\/en\/wp-json\/wp\/v2\/media?parent=24990"}],"wp:term":[{"taxonomy":"product_brand","embeddable":true,"href":"https:\/\/sachviet.eu\/en\/wp-json\/wp\/v2\/product_brand?post=24990"},{"taxonomy":"product_cat","embeddable":true,"href":"https:\/\/sachviet.eu\/en\/wp-json\/wp\/v2\/product_cat?post=24990"},{"taxonomy":"product_tag","embeddable":true,"href":"https:\/\/sachviet.eu\/en\/wp-json\/wp\/v2\/product_tag?post=24990"}],"curies":[{"name":"wp","href":"https:\/\/api.w.org\/{rel}","templated":true}]}}