{"id":24988,"date":"2024-04-18T14:13:55","date_gmt":"2024-04-18T11:13:55","guid":{"rendered":"https:\/\/sachviet.eu\/shop\/ikigami-tron-bo-10-tap-nhung-cau-chuyen-lay-dong-long-nguoi\/"},"modified":"2024-04-21T13:58:45","modified_gmt":"2024-04-21T10:58:45","slug":"ikigami-tron-bo-10-tap-nhung-cau-chuyen-lay-dong-long-nguoi","status":"publish","type":"product","link":"https:\/\/sachviet.eu\/en\/shop\/ikigami-tron-bo-10-tap-nhung-cau-chuyen-lay-dong-long-nguoi\/","title":{"rendered":"Ikigami Tr\u1ecdn B\u1ed9 10 T\u1eadp (Nh\u1eefng C\u00e2u Chuy\u1ec7n Lay \u0110\u1ed9ng L\u00f2ng Ng\u01b0\u1eddi)"},"content":{"rendered":"<p>IKIGAMI l\u00e0 nh\u1eefng c\u00e2u chuy\u1ec7n lay \u0111\u1ed9ng l\u00f2ng ng\u01b0\u1eddi.<\/p>\n<p>\u0110\u1ec3 ng\u01b0\u1eddi d\u00e2n th\u1ea9u hi\u1ec3u gi\u00e1 tr\u1ecb sinh m\u1ec7nh, m\u1ed9t \u0111\u1ea1o lu\u1eadt mang l\u00ean \u201cLu\u1eadt duy tr\u00ec ph\u1ed3n th\u1ecbnh qu\u1ed1c gia\u201d \u0111\u00e3 \u0111\u01b0\u1ee3c ban h\u00e0nh.<\/p>\n<p>Lu\u1eadt quy \u0111\u1ecbnh, khi ng\u01b0\u1eddi d\u00e2n v\u00e0o ti\u1ec3u h\u1ecdc s\u1ebd \u0111\u01b0\u1ee3c ti\u00eam m\u1ed9t lo\u1ea1i v\u1eafc xin v\u00e0 c\u00f3 t\u1ec9 l\u1ec7 1\/1000 ch\u1ee9a vi\u00ean nang nano \u0111\u1eb7c bi\u1ec7t. Vi\u00ean nang n\u00e0y \u1edf trong c\u01a1 th\u1ec3 ng\u01b0\u1eddi \u0111\u01b0\u1ee3c ti\u00eam v\u00e0 g\u00e2y t\u1eed vong cho ng\u01b0\u1eddi \u1ea5y khi h\u1ecd b\u01b0\u1edbc v\u00e0o ng\u01b0\u1ee1ng tu\u1ed5i 18 \u2013 24.<\/p>\n<p>\u0110\u01b0\u01a1ng s\u1ef1 s\u1ebd \u0111\u01b0\u1ee3c th\u00f4ng b\u00e1o tr\u01b0\u1edbc v\u1ec1 c\u00e1i ch\u1ebft c\u1ee7a m\u00ecnh v\u1ecfn v\u1eb9n 24 gi\u1edd th\u00f4ng qua m\u1ed9t t\u1edd gi\u1ea5y b\u00e1o t\u1eed v\u1edbi t\u00ean g\u1ecdi \u201cIKIGAMI\u201d. V\u1eady 24 gi\u1edd cu\u1ed1i \u0111\u1eddi, h\u1ecd s\u1ebd tr\u1ea3i qua nh\u01b0 th\u1ebf n\u00e0o?<\/p>\n<p>H\u00e3y t\u00ecm \u0111\u1ecdc IKIGAMI \u0111\u1ec3 c\u00f9ng c\u1ea3m nh\u1eadn v\u1edbi c\u00e1c nh\u1eadn v\u1eadt trong truy\u1ec7n nh\u1eefng cung b\u1eadc c\u1ea3m x\u00fac vui, bu\u1ed3n \u0111an xen, c\u00f3 ch\u00fat g\u00ec \u0111\u00f3 b\u1ea5t l\u1ef1c nh\u01b0ng v\u00f4 c\u00f9ng \u0111\u1eb9p.<\/p>\n<p>Tr\u1ecdn b\u1ed9 10 t\u1eadp t\u1eb7ng k\u00e8m bookmark h\u00ecnh nh\u00e2n v\u1eadt trong m\u1ed7i t\u1eadp truy\u1ec7n.<\/p>\n","protected":false},"excerpt":{"rendered":"<p>IKIGAMI l\u00e0 nh\u1eefng c\u00e2u chuy\u1ec7n lay \u0111\u1ed9ng l\u00f2ng ng\u01b0\u1eddi.<\/p>\n<p>\u0110\u1ec3 ng\u01b0\u1eddi d\u00e2n th\u1ea9u hi\u1ec3u gi\u00e1 tr\u1ecb sinh m\u1ec7nh, m\u1ed9t \u0111\u1ea1o lu\u1eadt mang l\u00ean \u201cLu\u1eadt duy tr\u00ec ph\u1ed3n th\u1ecbnh qu\u1ed1c gia\u201d \u0111\u00e3 \u0111\u01b0\u1ee3c ban h\u00e0nh.<\/p>\n<p>Lu\u1eadt quy \u0111\u1ecbnh, khi ng\u01b0\u1eddi d\u00e2n v\u00e0o ti\u1ec3u h\u1ecdc s\u1ebd \u0111\u01b0\u1ee3c ti\u00eam m\u1ed9t lo\u1ea1i v\u1eafc xin v\u00e0 c\u00f3 t\u1ec9 l\u1ec7 1\/1000 ch\u1ee9a vi\u00ean nang nano \u0111\u1eb7c bi\u1ec7t. Vi\u00ean nang n\u00e0y \u1edf trong c\u01a1 th\u1ec3 ng\u01b0\u1eddi \u0111\u01b0\u1ee3c ti\u00eam v\u00e0 g\u00e2y t\u1eed vong cho ng\u01b0\u1eddi \u1ea5y khi h\u1ecd b\u01b0\u1edbc v\u00e0o ng\u01b0\u1ee1ng tu\u1ed5i 18 \u2013 24.<\/p>\n<p>\u0110\u01b0\u01a1ng s\u1ef1 s\u1ebd \u0111\u01b0\u1ee3c th\u00f4ng b\u00e1o tr\u01b0\u1edbc v\u1ec1 c\u00e1i ch\u1ebft c\u1ee7a m\u00ecnh v\u1ecfn v\u1eb9n 24 gi\u1edd th\u00f4ng qua m\u1ed9t t\u1edd gi\u1ea5y b\u00e1o t\u1eed v\u1edbi t\u00ean g\u1ecdi \u201cIKIGAMI\u201d. V\u1eady 24 gi\u1edd cu\u1ed1i \u0111\u1eddi, h\u1ecd s\u1ebd tr\u1ea3i qua nh\u01b0 th\u1ebf n\u00e0o?<\/p>\n<p>H\u00e3y t\u00ecm \u0111\u1ecdc IKIGAMI \u0111\u1ec3 c\u00f9ng c\u1ea3m nh\u1eadn v\u1edbi c\u00e1c nh\u1eadn v\u1eadt trong truy\u1ec7n nh\u1eefng cung b\u1eadc c\u1ea3m x\u00fac vui, bu\u1ed3n \u0111an xen, c\u00f3 ch\u00fat g\u00ec \u0111\u00f3 b\u1ea5t l\u1ef1c nh\u01b0ng v\u00f4 c\u00f9ng \u0111\u1eb9p.<\/p>\n<p>Tr\u1ecdn b\u1ed9 10 t\u1eadp t\u1eb7ng k\u00e8m bookmark h\u00ecnh nh\u00e2n v\u1eadt trong m\u1ed7i t\u1eadp truy\u1ec7n.<\/p>\n","protected":false},"featured_media":24987,"template":"","meta":{"_acf_changed":false},"product_brand":[],"product_cat":[79],"product_tag":[],"class_list":{"0":"post-24988","1":"product","2":"type-product","3":"status-publish","4":"has-post-thumbnail","6":"product_cat-uncategorized","8":"first","9":"outofstock","10":"taxable","11":"shipping-taxable","12":"purchasable","13":"product-type-simple"},"supplier_id":null,"supplier_sku":"","barcode":null,"atum_controlled":true,"out_stock_date":"2024-04-21 10:58:45","out_stock_threshold":null,"inheritable":false,"inbound_stock":null,"stock_on_hold":0,"sold_today":0,"sales_last_days":0,"reserved_stock":null,"customer_returns":null,"warehouse_damage":null,"lost_in_post":null,"other_logs":null,"out_stock_days":647,"lost_sales":0,"has_location":false,"update_date":"2026-01-28T23:11:18","atum_locations":[],"atum_stock_status":"outofstock","restock_status":false,"low_stock_amount":"","sales_update_date":"2026-01-28T23:11:18","calc_backorders":null,"acf":{"publisher":{"ID":1517,"post_author":"1","post_date":"2021-02-17 01:14:41","post_date_gmt":"2021-02-16 23:14:41","post_content":"","post_title":"NXB Tr\u1ebb","post_excerpt":"","post_status":"publish","comment_status":"closed","ping_status":"closed","post_password":"","post_name":"nxb-tre","to_ping":"","pinged":"","post_modified":"2021-02-17 01:14:41","post_modified_gmt":"2021-02-16 23:14:41","post_content_filtered":"","post_parent":0,"guid":"https:\/\/sachviet.eu\/nha-phat-hanh\/nxb-tre\/","menu_order":0,"post_type":"publisher","post_mime_type":"","comment_count":"0","filter":"raw"}},"_links":{"self":[{"href":"https:\/\/sachviet.eu\/en\/wp-json\/wp\/v2\/product\/24988","targetHints":{"allow":["GET"]}}],"collection":[{"href":"https:\/\/sachviet.eu\/en\/wp-json\/wp\/v2\/product"}],"about":[{"href":"https:\/\/sachviet.eu\/en\/wp-json\/wp\/v2\/types\/product"}],"wp:featuredmedia":[{"embeddable":true,"href":"https:\/\/sachviet.eu\/en\/wp-json\/wp\/v2\/media\/24987"}],"wp:attachment":[{"href":"https:\/\/sachviet.eu\/en\/wp-json\/wp\/v2\/media?parent=24988"}],"wp:term":[{"taxonomy":"product_brand","embeddable":true,"href":"https:\/\/sachviet.eu\/en\/wp-json\/wp\/v2\/product_brand?post=24988"},{"taxonomy":"product_cat","embeddable":true,"href":"https:\/\/sachviet.eu\/en\/wp-json\/wp\/v2\/product_cat?post=24988"},{"taxonomy":"product_tag","embeddable":true,"href":"https:\/\/sachviet.eu\/en\/wp-json\/wp\/v2\/product_tag?post=24988"}],"curies":[{"name":"wp","href":"https:\/\/api.w.org\/{rel}","templated":true}]}}