{"id":24978,"date":"2024-04-18T14:13:22","date_gmt":"2024-04-18T11:13:22","guid":{"rendered":"https:\/\/sachviet.eu\/shop\/tham-tu-lung-danh-conan-tron-bo-101-tap-gom-phien-ban-gioi-han-dac-biet-tap-100\/"},"modified":"2025-08-17T14:00:03","modified_gmt":"2025-08-17T11:00:03","slug":"tham-tu-lung-danh-conan-tron-bo-101-tap-gom-phien-ban-gioi-han-dac-biet-tap-100","status":"publish","type":"product","link":"https:\/\/sachviet.eu\/en\/shop\/tham-tu-lung-danh-conan-tron-bo-101-tap-gom-phien-ban-gioi-han-dac-biet-tap-100\/","title":{"rendered":"Th\u00e1m T\u1eed L\u1eebng Danh Conan (Tr\u1ecdn B\u1ed9 101 T\u1eadp) \u2013 G\u1ed3m phi\u00ean b\u1ea3n gi\u1edbi h\u1ea1n \u0111\u1eb7c bi\u1ec7t t\u1eadp 100"},"content":{"rendered":"<p>M\u1edf \u0111\u1ea7u c\u00e2u truy\u1ec7n, c\u1eadu h\u1ecdc sinh trung h\u1ecdc 16 tu\u1ed5i Shinichi Kudo b\u1ecb bi\u1ebfn th\u00e0nh c\u1eadu b\u00e9 Conan Edogawa. Shinichi trong ph\u1ea7n \u0111\u1ea7u c\u1ee7a Th\u00e1m t\u1eed l\u1eebng danh Conan \u0111\u01b0\u1ee3c mi\u00eau t\u1ea3 l\u00e0 m\u1ed9t th\u00e1m t\u1eed h\u1ecdc \u0111\u01b0\u1eddng. Trong m\u1ed9t l\u1ea7n \u0111i ch\u01a1i c\u00f4ng vi\u00ean &#8220;Mi\u1ec1n Nhi\u1ec7t \u0111\u1edbi&#8221; v\u1edbi c\u00f4 b\u1ea1n t\u1eeb thu\u1edf nh\u1ecf (c\u0169ng l\u00e0 b\u1ea1n g\u00e1i) Ran Mori , c\u1eadu b\u1ecb d\u00ednh v\u00e0o v\u1ee5 \u00e1n m\u1ed9t h\u00e0nh kh\u00e1ch tr\u00ean Chuy\u1ebfn t\u00e0u t\u1ed1c h\u00e0nh trong c\u00f4ng vi\u00ean, Kishida , b\u1ecb gi\u1ebft trong m\u1ed9t v\u1ee5 \u00e1n c\u1eaft \u0111\u1ea7u r\u00f9ng r\u1ee3n. C\u1eadu \u0111\u00e3 l\u00e0m s\u00e1ng t\u1ecf v\u1ee5 \u00e1n v\u00e0 tr\u00ean \u0111\u01b0\u1eddng v\u1ec1 nh\u00e0, ch\u1ee9ng ki\u1ebfn m\u1ed9t v\u1ee5 l\u00e0m \u0103n m\u1edd \u00e1m c\u1ee7a nh\u1eefng ng\u01b0\u1eddi \u0111\u00e0n \u00f4ng m\u1eb7c to\u00e0n \u0111\u1ed3 \u0111en. Kudo b\u1ecb ph\u00e1t hi\u1ec7n, b\u1ecb \u0111\u00e1nh ng\u1ea5t sau \u0111\u00f3 nh\u1eefng ng\u01b0\u1eddi \u0111\u00e0n \u00f4ng \u00e1o \u0111en \u0111\u00e3 cho c\u1eadu u\u1ed1ng m\u1ed9t th\u1ee9 thu\u1ed1c \u0111\u1ed9c ch\u01b0a qua th\u1eed nghi\u1ec7m l\u00e0 Apotoxin-4869 (APTX4869) v\u1edbi m\u1ee5c \u0111\u00edch th\u1ee7 ti\u00eau c\u1eadu. Tuy nhi\u00ean ch\u1ea5t \u0111\u1ed9c \u0111\u00e3 kh\u00f4ng gi\u1ebft ch\u1ebft Kudo. Khi t\u1ec9nh l\u1ea1i, c\u1eadu b\u00e0ng ho\u00e0ng nh\u1eadn th\u1ea5y th\u00e2n th\u1ec3 m\u00ecnh \u0111\u00e3 b\u1ecb teo nh\u1ecf trong h\u00ecnh d\u1ea1ng c\u1ee7a m\u1ed9t c\u1eadu h\u1ecdc sinh ti\u1ec3u h\u1ecdc&#8230;.<\/p>\n","protected":false},"excerpt":{"rendered":"<p>M\u1edf \u0111\u1ea7u c\u00e2u truy\u1ec7n, c\u1eadu h\u1ecdc sinh trung h\u1ecdc 16 tu\u1ed5i Shinichi Kudo b\u1ecb bi\u1ebfn th\u00e0nh c\u1eadu b\u00e9 Conan Edogawa. Shinichi trong ph\u1ea7n \u0111\u1ea7u c\u1ee7a Th\u00e1m t\u1eed l\u1eebng danh Conan \u0111\u01b0\u1ee3c mi\u00eau t\u1ea3 l\u00e0 m\u1ed9t th\u00e1m t\u1eed h\u1ecdc \u0111\u01b0\u1eddng. Trong m\u1ed9t l\u1ea7n \u0111i ch\u01a1i c\u00f4ng vi\u00ean &#8220;Mi\u1ec1n Nhi\u1ec7t \u0111\u1edbi&#8221; v\u1edbi c\u00f4 b\u1ea1n t\u1eeb thu\u1edf nh\u1ecf (c\u0169ng l\u00e0 b\u1ea1n g\u00e1i) Ran Mori , c\u1eadu b\u1ecb d\u00ednh v\u00e0o v\u1ee5 \u00e1n m\u1ed9t h\u00e0nh kh\u00e1ch tr\u00ean Chuy\u1ebfn t\u00e0u t\u1ed1c h\u00e0nh trong c\u00f4ng vi\u00ean, Kishida , b\u1ecb gi\u1ebft trong m\u1ed9t v\u1ee5 \u00e1n c\u1eaft \u0111\u1ea7u r\u00f9ng r\u1ee3n. C\u1eadu \u0111\u00e3 l\u00e0m s\u00e1ng t\u1ecf v\u1ee5 \u00e1n v\u00e0 tr\u00ean \u0111\u01b0\u1eddng v\u1ec1 nh\u00e0, ch\u1ee9ng ki\u1ebfn m\u1ed9t v\u1ee5 l\u00e0m \u0103n m\u1edd \u00e1m c\u1ee7a nh\u1eefng ng\u01b0\u1eddi \u0111\u00e0n \u00f4ng m\u1eb7c to\u00e0n \u0111\u1ed3 \u0111en. Kudo b\u1ecb ph\u00e1t hi\u1ec7n, b\u1ecb \u0111\u00e1nh ng\u1ea5t sau \u0111\u00f3 nh\u1eefng ng\u01b0\u1eddi \u0111\u00e0n \u00f4ng \u00e1o \u0111en \u0111\u00e3 cho c\u1eadu u\u1ed1ng m\u1ed9t th\u1ee9 thu\u1ed1c \u0111\u1ed9c ch\u01b0a qua th\u1eed nghi\u1ec7m l\u00e0 Apotoxin-4869 (APTX4869) v\u1edbi m\u1ee5c \u0111\u00edch th\u1ee7 ti\u00eau c\u1eadu. Tuy nhi\u00ean ch\u1ea5t \u0111\u1ed9c \u0111\u00e3 kh\u00f4ng gi\u1ebft ch\u1ebft Kudo. Khi t\u1ec9nh l\u1ea1i, c\u1eadu b\u00e0ng ho\u00e0ng nh\u1eadn th\u1ea5y th\u00e2n th\u1ec3 m\u00ecnh \u0111\u00e3 b\u1ecb teo nh\u1ecf trong h\u00ecnh d\u1ea1ng c\u1ee7a m\u1ed9t c\u1eadu h\u1ecdc sinh ti\u1ec3u h\u1ecdc&#8230;.<\/p>\n","protected":false},"featured_media":24977,"template":"","meta":{"_acf_changed":false},"product_brand":[],"product_cat":[29],"product_tag":[],"class_list":{"0":"post-24978","1":"product","2":"type-product","3":"status-publish","4":"has-post-thumbnail","6":"product_cat-manga-comics","8":"first","9":"instock","10":"taxable","11":"shipping-taxable","12":"purchasable","13":"product-type-simple"},"supplier_id":null,"supplier_sku":"","barcode":null,"atum_controlled":true,"out_stock_date":null,"out_stock_threshold":null,"inheritable":false,"inbound_stock":null,"stock_on_hold":0,"sold_today":0,"sales_last_days":0,"reserved_stock":null,"customer_returns":null,"warehouse_damage":null,"lost_in_post":null,"other_logs":null,"out_stock_days":0,"lost_sales":0,"has_location":false,"update_date":"2026-01-28T23:11:30","atum_locations":[],"atum_stock_status":"instock","restock_status":false,"low_stock_amount":"","sales_update_date":"2026-01-28T23:11:30","calc_backorders":null,"acf":{"publisher":{"ID":1454,"post_author":"1","post_date":"2021-02-17 01:11:34","post_date_gmt":"2021-02-16 23:11:34","post_content":"<!-- wp:flatsome\/uxbuilder -->\n<h1 style=\"text-align: center;\"><strong>Kim \u0110\u1ed3ng<\/strong><\/h1>\n[row]\n\n[col span=\"3\" span__sm=\"12\"]\n\n[ux_image id=\"1534\" image_size=\"medium\"]\n\n\n[\/col]\n[col span=\"9\" span__sm=\"12\"]\n\n<p>Nh\u00e0 xu\u1ea5t b\u1ea3n Kim \u0110\u1ed3ng tr\u1ef1c thu\u1ed9c Trung \u01b0\u01a1ng \u0110o\u00e0n TNCS H\u1ed3 Ch\u00ed Minh l\u00e0 Nh\u00e0 xu\u1ea5t b\u1ea3n t\u1ed5ng h\u1ee3p c\u00f3 ch\u1ee9c n\u0103ng xu\u1ea5t b\u1ea3n s\u00e1ch v\u00e0 v\u0103n h\u00f3a ph\u1ea9m ph\u1ee5c v\u1ee5 thi\u1ebfu nhi v\u00e0 c\u00e1c b\u1eadc ph\u1ee5 huynh trong c\u1ea3 n\u01b0\u1edbc, qu\u1ea3ng b\u00e1 v\u00e0 gi\u1edbi thi\u1ec7u v\u0103n h\u00f3a Vi\u1ec7t Nam ra th\u1ebf gi\u1edbi.<br \/>Nh\u00e0 xu\u1ea5t b\u1ea3n c\u00f3 nhi\u1ec7m v\u1ee5 t\u1ed5 ch\u1ee9c b\u1ea3n th\u1ea3o, bi\u00ean so\u1ea1n, bi\u00ean d\u1ecbch, xu\u1ea5t b\u1ea3n v\u00e0 ph\u00e1t h\u00e0nh c\u00e1c xu\u1ea5t b\u1ea3n ph\u1ea9m c\u00f3 n\u1ed9i dung: gi\u00e1o d\u1ee5c truy\u1ec1n th\u1ed1ng d\u00e2n t\u1ed9c, gi\u00e1o d\u1ee5c v\u1ec1 tri th\u1ee9c, ki\u1ebfn th\u1ee9c\u2026 tr\u00ean c\u00e1c l\u0129nh v\u1ef1c v\u0103n h\u1ecdc, ngh\u1ec7 thu\u1eadt, khoa h\u1ecdc k\u1ef9 thu\u1eadt nh\u1eb1m cung c\u1ea5p cho c\u00e1c em thi\u1ebfu nhi c\u0169ng nh\u01b0 c\u00e1c b\u1eadc ph\u1ee5 huynh c\u00e1c ki\u1ebfn th\u1ee9c c\u1ea7n thi\u1ebft trong cu\u1ed9c s\u1ed1ng, nh\u1eefng tinh hoa c\u1ee7a tri th\u1ee9c nh\u00e2n lo\u1ea1i nh\u1eb1m g\u00f3p ph\u1ea7n gi\u00e1o d\u1ee5c v\u00e0 h\u00ecnh th\u00e0nh nh\u00e2n c\u00e1ch th\u1ebf h\u1ec7 tr\u1ebb.<br \/>\u0110\u1ed1i t\u01b0\u1ee3ng ph\u1ee5c v\u1ee5 c\u1ee7a Nh\u00e0 xu\u1ea5t b\u1ea3n l\u00e0 c\u00e1c em t\u1eeb tu\u1ed5i nh\u00e0 tr\u1ebb m\u1eabu gi\u00e1o (1 \u0111\u1ebfn 5 tu\u1ed5i), nhi \u0111\u1ed3ng (6 \u0111\u1ebfn 9 tu\u1ed5i), thi\u1ebfu ni\u00ean (10 \u0111\u1ebfn 15 tu\u1ed5i) \u0111\u1ebfn c\u00e1c em tu\u1ed5i m\u1edbi l\u1edbn (16 \u0111\u1ebfn 18 tu\u1ed5i) v\u00e0 c\u00e1c b\u1eadc ph\u1ee5 huynh.<\/p>\n\n[\/col]\n\n[\/row]\n\n<!-- \/wp:flatsome\/uxbuilder -->","post_title":"Kim \u0110\u1ed3ng","post_excerpt":"","post_status":"publish","comment_status":"closed","ping_status":"closed","post_password":"","post_name":"kim-dong","to_ping":"","pinged":"","post_modified":"2021-02-17 01:31:56","post_modified_gmt":"2021-02-16 23:31:56","post_content_filtered":"","post_parent":0,"guid":"https:\/\/sachviet.eu\/nha-phat-hanh\/kim-dong\/","menu_order":0,"post_type":"publisher","post_mime_type":"","comment_count":"0","filter":"raw"}},"_links":{"self":[{"href":"https:\/\/sachviet.eu\/en\/wp-json\/wp\/v2\/product\/24978","targetHints":{"allow":["GET"]}}],"collection":[{"href":"https:\/\/sachviet.eu\/en\/wp-json\/wp\/v2\/product"}],"about":[{"href":"https:\/\/sachviet.eu\/en\/wp-json\/wp\/v2\/types\/product"}],"wp:featuredmedia":[{"embeddable":true,"href":"https:\/\/sachviet.eu\/en\/wp-json\/wp\/v2\/media\/24977"}],"wp:attachment":[{"href":"https:\/\/sachviet.eu\/en\/wp-json\/wp\/v2\/media?parent=24978"}],"wp:term":[{"taxonomy":"product_brand","embeddable":true,"href":"https:\/\/sachviet.eu\/en\/wp-json\/wp\/v2\/product_brand?post=24978"},{"taxonomy":"product_cat","embeddable":true,"href":"https:\/\/sachviet.eu\/en\/wp-json\/wp\/v2\/product_cat?post=24978"},{"taxonomy":"product_tag","embeddable":true,"href":"https:\/\/sachviet.eu\/en\/wp-json\/wp\/v2\/product_tag?post=24978"}],"curies":[{"name":"wp","href":"https:\/\/api.w.org\/{rel}","templated":true}]}}