{"id":24976,"date":"2024-04-18T14:13:15","date_gmt":"2024-04-18T11:13:15","guid":{"rendered":"https:\/\/sachviet.eu\/shop\/dragon-ball-full-color-tron-bo-6-phan\/"},"modified":"2024-04-21T13:59:05","modified_gmt":"2024-04-21T10:59:05","slug":"dragon-ball-full-color-tron-bo-6-phan","status":"publish","type":"product","link":"https:\/\/sachviet.eu\/en\/shop\/dragon-ball-full-color-tron-bo-6-phan\/","title":{"rendered":"Dragon Ball Full Color &#8211; Tr\u1ecdn B\u1ed9 6 ph\u1ea7n"},"content":{"rendered":"<p>N\u1ebfu b\u1ea1n l\u00e0 fan c\u1ee7a DRAGON BALL &#8211; 7 VI\u00caN NG\u1eccC R\u1ed2NG v\u00e0 nh\u1eefng cu\u1ed9c phi\u00eau l\u01b0u c\u1ee7a Kh\u1ec9 Con Son Goku th\u00ec DRAGON BALL FULL COLOR s\u1ebd l\u00e0m b\u1ea1n th\u00edch th\u00fa h\u01a1n n\u1eefa khi 100% cu\u1ed1n truy\u1ec7n m\u00e0 ch\u00fang ta y\u00eau th\u00edch \u0111\u1ec1u C\u00d3 M\u00c0U! C\u00e1c nh\u00e2n v\u1eadt s\u1ebd xu\u1ea5t hi\u1ec7n tr\u01b0\u1edbc m\u1eaft b\u1ea1n v\u1edbi m\u00e0u da, m\u00e0u t\u00f3c, ph\u1ee5c trang v\u00e0 nh\u1eefng khung c\u1ea3nh v\u00f4 c\u00f9ng s\u1ed1ng \u0111\u1ed9ng! Nh\u1eefng m\u00e0n chi\u1ebfn \u0111\u1ea5u \u0111\u1eb7c tr\u01b0ng c\u1ee7a DRAGON BALL c\u0169ng v\u00ec th\u1ebf m\u00e0 tr\u1edf n\u00ean ho\u00e0nh tr\u00e1ng h\u01a1n bao gi\u1edd h\u1ebft!<\/p>\n<p>Sau th\u1eddi gian d\u00e0i chu\u1ea9n b\u1ecb v\u00e0 trao \u0111\u1ed5i v\u1edbi \u0111\u1ea1i di\u1ec7n c\u1ee7a t\u00e1c gi\u1ea3 Akira Toriyama, b\u1ed9 truy\u1ec7n \u0111\u00e3 \u0111\u01b0\u1ee3c NXB Kim \u0110\u1ed3ng ph\u00e1t h\u00e0nh v\u1edbi 100% b\u1ea3n quy\u1ec1n, ph\u1ea7n ru\u1ed9t s\u00e1ch in m\u00e0u r\u1ef1c r\u1ee1 tr\u00ean gi\u1ea5y couch\u00e9, c\u00f3 b\u00eca \u00e1o 5 m\u00e0u ph\u1ea3n quang c\u1ef1c k\u00ec \u1ea5n t\u01b0\u1ee3ng!! <\/p>\n<p>Dragon Ball Full Color c\u00f3 t\u1ed5ng c\u1ed9ng 32 t\u1eadp, chia th\u00e0nh 6 ph\u1ea7n, t\u01b0\u01a1ng \u1ee9ng v\u1edbi t\u1eebng giai \u0111o\u1ea1n tr\u01b0\u1edfng th\u00e0nh c\u1ee7a Son Goku:<\/p>\n<p>Ph\u1ea7n 1: Th\u1eddi ni\u00ean thi\u1ebfu c\u1ee7a Son Goku (8 t\u1eadp)<\/p>\n<p>Ph\u1ea7n 2: \u0110\u1ea1i ma v\u01b0\u01a1ng Piccolo (4 t\u1eadp)<\/p>\n<p>Ph\u1ea7n 3: Cu\u1ed9c \u0111\u1ed5 b\u1ed9 c\u1ee7a ng\u01b0\u1eddi Saiya (3 t\u1eadp)<\/p>\n<p>Ph\u1ea7n 4: Frieza \u0110\u1ea1i \u0110\u1ebf (5 t\u1eadp)<\/p>\n<p>Ph\u1ea7n 5: Truy l\u00f9ng Cell B\u1ecd Hung (6 t\u1eadp)<\/p>\n<p>Ph\u1ea7n 6: Ma Buu (6 t\u1eadp)<\/p>\n","protected":false},"excerpt":{"rendered":"<p>N\u1ebfu b\u1ea1n l\u00e0 fan c\u1ee7a DRAGON BALL &#8211; 7 VI\u00caN NG\u1eccC R\u1ed2NG v\u00e0 nh\u1eefng cu\u1ed9c phi\u00eau l\u01b0u c\u1ee7a Kh\u1ec9 Con Son Goku th\u00ec DRAGON BALL FULL COLOR s\u1ebd l\u00e0m b\u1ea1n th\u00edch th\u00fa h\u01a1n n\u1eefa khi 100% cu\u1ed1n truy\u1ec7n m\u00e0 ch\u00fang ta y\u00eau th\u00edch \u0111\u1ec1u C\u00d3 M\u00c0U! C\u00e1c nh\u00e2n v\u1eadt s\u1ebd xu\u1ea5t hi\u1ec7n tr\u01b0\u1edbc m\u1eaft b\u1ea1n v\u1edbi m\u00e0u da, m\u00e0u t\u00f3c, ph\u1ee5c trang v\u00e0 nh\u1eefng khung c\u1ea3nh v\u00f4 c\u00f9ng s\u1ed1ng \u0111\u1ed9ng! Nh\u1eefng m\u00e0n chi\u1ebfn \u0111\u1ea5u \u0111\u1eb7c tr\u01b0ng c\u1ee7a DRAGON BALL c\u0169ng v\u00ec th\u1ebf m\u00e0 tr\u1edf n\u00ean ho\u00e0nh tr\u00e1ng h\u01a1n bao gi\u1edd h\u1ebft!<\/p>\n<p>Sau th\u1eddi gian d\u00e0i chu\u1ea9n b\u1ecb v\u00e0 trao \u0111\u1ed5i v\u1edbi \u0111\u1ea1i di\u1ec7n c\u1ee7a t\u00e1c gi\u1ea3 Akira Toriyama, b\u1ed9 truy\u1ec7n \u0111\u00e3 \u0111\u01b0\u1ee3c NXB Kim \u0110\u1ed3ng ph\u00e1t h\u00e0nh v\u1edbi 100% b\u1ea3n quy\u1ec1n, ph\u1ea7n ru\u1ed9t s\u00e1ch in m\u00e0u r\u1ef1c r\u1ee1 tr\u00ean gi\u1ea5y couch\u00e9, c\u00f3 b\u00eca \u00e1o 5 m\u00e0u ph\u1ea3n quang c\u1ef1c k\u00ec \u1ea5n t\u01b0\u1ee3ng!! <\/p>\n<p>Dragon Ball Full Color c\u00f3 t\u1ed5ng c\u1ed9ng 32 t\u1eadp, chia th\u00e0nh 6 ph\u1ea7n, t\u01b0\u01a1ng \u1ee9ng v\u1edbi t\u1eebng giai \u0111o\u1ea1n tr\u01b0\u1edfng th\u00e0nh c\u1ee7a Son Goku:<\/p>\n<p>Ph\u1ea7n 1: Th\u1eddi ni\u00ean thi\u1ebfu c\u1ee7a Son Goku (8 t\u1eadp)<\/p>\n<p>Ph\u1ea7n 2: \u0110\u1ea1i ma v\u01b0\u01a1ng Piccolo (4 t\u1eadp)<\/p>\n<p>Ph\u1ea7n 3: Cu\u1ed9c \u0111\u1ed5 b\u1ed9 c\u1ee7a ng\u01b0\u1eddi Saiya (3 t\u1eadp)<\/p>\n<p>Ph\u1ea7n 4: Frieza \u0110\u1ea1i \u0110\u1ebf (5 t\u1eadp)<\/p>\n<p>Ph\u1ea7n 5: Truy l\u00f9ng Cell B\u1ecd Hung (6 t\u1eadp)<\/p>\n<p>Ph\u1ea7n 6: Ma Buu (6 t\u1eadp)<\/p>\n","protected":false},"featured_media":24975,"template":"","meta":{"_acf_changed":false},"product_brand":[],"product_cat":[79],"product_tag":[],"class_list":{"0":"post-24976","1":"product","2":"type-product","3":"status-publish","4":"has-post-thumbnail","6":"product_cat-uncategorized","8":"first","9":"outofstock","10":"taxable","11":"shipping-taxable","12":"purchasable","13":"product-type-simple"},"supplier_id":null,"supplier_sku":"","barcode":null,"atum_controlled":true,"out_stock_date":"2024-04-21 10:59:05","out_stock_threshold":null,"inheritable":false,"inbound_stock":null,"stock_on_hold":0,"sold_today":0,"sales_last_days":0,"reserved_stock":null,"customer_returns":null,"warehouse_damage":null,"lost_in_post":null,"other_logs":null,"out_stock_days":647,"lost_sales":0,"has_location":false,"update_date":"2026-01-28T23:11:18","atum_locations":[],"atum_stock_status":"outofstock","restock_status":false,"low_stock_amount":"","sales_update_date":"2026-01-28T23:11:18","calc_backorders":null,"acf":{"publisher":{"ID":1454,"post_author":"1","post_date":"2021-02-17 01:11:34","post_date_gmt":"2021-02-16 23:11:34","post_content":"<!-- wp:flatsome\/uxbuilder -->\n<h1 style=\"text-align: center;\"><strong>Kim \u0110\u1ed3ng<\/strong><\/h1>\n[row]\n\n[col span=\"3\" span__sm=\"12\"]\n\n[ux_image id=\"1534\" image_size=\"medium\"]\n\n\n[\/col]\n[col span=\"9\" span__sm=\"12\"]\n\n<p>Nh\u00e0 xu\u1ea5t b\u1ea3n Kim \u0110\u1ed3ng tr\u1ef1c thu\u1ed9c Trung \u01b0\u01a1ng \u0110o\u00e0n TNCS H\u1ed3 Ch\u00ed Minh l\u00e0 Nh\u00e0 xu\u1ea5t b\u1ea3n t\u1ed5ng h\u1ee3p c\u00f3 ch\u1ee9c n\u0103ng xu\u1ea5t b\u1ea3n s\u00e1ch v\u00e0 v\u0103n h\u00f3a ph\u1ea9m ph\u1ee5c v\u1ee5 thi\u1ebfu nhi v\u00e0 c\u00e1c b\u1eadc ph\u1ee5 huynh trong c\u1ea3 n\u01b0\u1edbc, qu\u1ea3ng b\u00e1 v\u00e0 gi\u1edbi thi\u1ec7u v\u0103n h\u00f3a Vi\u1ec7t Nam ra th\u1ebf gi\u1edbi.<br \/>Nh\u00e0 xu\u1ea5t b\u1ea3n c\u00f3 nhi\u1ec7m v\u1ee5 t\u1ed5 ch\u1ee9c b\u1ea3n th\u1ea3o, bi\u00ean so\u1ea1n, bi\u00ean d\u1ecbch, xu\u1ea5t b\u1ea3n v\u00e0 ph\u00e1t h\u00e0nh c\u00e1c xu\u1ea5t b\u1ea3n ph\u1ea9m c\u00f3 n\u1ed9i dung: gi\u00e1o d\u1ee5c truy\u1ec1n th\u1ed1ng d\u00e2n t\u1ed9c, gi\u00e1o d\u1ee5c v\u1ec1 tri th\u1ee9c, ki\u1ebfn th\u1ee9c\u2026 tr\u00ean c\u00e1c l\u0129nh v\u1ef1c v\u0103n h\u1ecdc, ngh\u1ec7 thu\u1eadt, khoa h\u1ecdc k\u1ef9 thu\u1eadt nh\u1eb1m cung c\u1ea5p cho c\u00e1c em thi\u1ebfu nhi c\u0169ng nh\u01b0 c\u00e1c b\u1eadc ph\u1ee5 huynh c\u00e1c ki\u1ebfn th\u1ee9c c\u1ea7n thi\u1ebft trong cu\u1ed9c s\u1ed1ng, nh\u1eefng tinh hoa c\u1ee7a tri th\u1ee9c nh\u00e2n lo\u1ea1i nh\u1eb1m g\u00f3p ph\u1ea7n gi\u00e1o d\u1ee5c v\u00e0 h\u00ecnh th\u00e0nh nh\u00e2n c\u00e1ch th\u1ebf h\u1ec7 tr\u1ebb.<br \/>\u0110\u1ed1i t\u01b0\u1ee3ng ph\u1ee5c v\u1ee5 c\u1ee7a Nh\u00e0 xu\u1ea5t b\u1ea3n l\u00e0 c\u00e1c em t\u1eeb tu\u1ed5i nh\u00e0 tr\u1ebb m\u1eabu gi\u00e1o (1 \u0111\u1ebfn 5 tu\u1ed5i), nhi \u0111\u1ed3ng (6 \u0111\u1ebfn 9 tu\u1ed5i), thi\u1ebfu ni\u00ean (10 \u0111\u1ebfn 15 tu\u1ed5i) \u0111\u1ebfn c\u00e1c em tu\u1ed5i m\u1edbi l\u1edbn (16 \u0111\u1ebfn 18 tu\u1ed5i) v\u00e0 c\u00e1c b\u1eadc ph\u1ee5 huynh.<\/p>\n\n[\/col]\n\n[\/row]\n\n<!-- \/wp:flatsome\/uxbuilder -->","post_title":"Kim \u0110\u1ed3ng","post_excerpt":"","post_status":"publish","comment_status":"closed","ping_status":"closed","post_password":"","post_name":"kim-dong","to_ping":"","pinged":"","post_modified":"2021-02-17 01:31:56","post_modified_gmt":"2021-02-16 23:31:56","post_content_filtered":"","post_parent":0,"guid":"https:\/\/sachviet.eu\/nha-phat-hanh\/kim-dong\/","menu_order":0,"post_type":"publisher","post_mime_type":"","comment_count":"0","filter":"raw"}},"_links":{"self":[{"href":"https:\/\/sachviet.eu\/en\/wp-json\/wp\/v2\/product\/24976","targetHints":{"allow":["GET"]}}],"collection":[{"href":"https:\/\/sachviet.eu\/en\/wp-json\/wp\/v2\/product"}],"about":[{"href":"https:\/\/sachviet.eu\/en\/wp-json\/wp\/v2\/types\/product"}],"wp:featuredmedia":[{"embeddable":true,"href":"https:\/\/sachviet.eu\/en\/wp-json\/wp\/v2\/media\/24975"}],"wp:attachment":[{"href":"https:\/\/sachviet.eu\/en\/wp-json\/wp\/v2\/media?parent=24976"}],"wp:term":[{"taxonomy":"product_brand","embeddable":true,"href":"https:\/\/sachviet.eu\/en\/wp-json\/wp\/v2\/product_brand?post=24976"},{"taxonomy":"product_cat","embeddable":true,"href":"https:\/\/sachviet.eu\/en\/wp-json\/wp\/v2\/product_cat?post=24976"},{"taxonomy":"product_tag","embeddable":true,"href":"https:\/\/sachviet.eu\/en\/wp-json\/wp\/v2\/product_tag?post=24976"}],"curies":[{"name":"wp","href":"https:\/\/api.w.org\/{rel}","templated":true}]}}