{"id":2461,"date":"2021-02-25T19:36:16","date_gmt":"2021-02-25T17:36:16","guid":{"rendered":"https:\/\/sachviet.eu\/shop\/cuoc-phieu-luu-vi-dai-cua-herbie\/"},"modified":"2022-08-26T21:50:27","modified_gmt":"2022-08-26T18:50:27","slug":"cuoc-phieu-luu-vi-dai-cua-herbie","status":"publish","type":"product","link":"https:\/\/sachviet.eu\/en\/shop\/cuoc-phieu-luu-vi-dai-cua-herbie\/","title":{"rendered":"Cu\u1ed9c Phi\u00eau L\u01b0u V\u0129 \u0110\u1ea1i C\u1ee7a Herbie"},"content":{"rendered":"<p>C\u00e2u chuy\u1ec7n xoay quanh cu\u1ed9c phi\u00eau l\u01b0u c\u1ee7a ch\u00fa nh\u00edm Herbie \u2013 ch\u00fa nh\u00edm nh\u1ecf s\u1ed1ng h\u1ea1nh ph\u00fac trong t\u00ecnh y\u00eau th\u01b0\u01a1ng &amp; che ch\u1edf c\u1ee7a M\u1eb9. Herbie ch\u01b0a m\u1ed9t l\u1ea7n r\u1eddi xa nh\u00e0. \u1ea4y v\u1eady m\u00e0, m\u1ed9t ng\u00e0y, m\u1eb9 Herbie n\u00f3i r\u1eb1ng c\u1eadu b\u00e9 c\u1ea7n b\u01b0\u1edbc ra kh\u00e1m ph\u00e1 th\u1ebf gi\u1edbi b\u00ean ngo\u00e0i. M\u1eb7c d\u00f9 r\u1ea5t lo l\u1eafng v\u00e0 ch\u01b0a th\u1ef1c s\u1ef1 s\u1eb5n s\u00e0ng nh\u01b0ng Herbie v\u1eabn d\u0169ng c\u1ea3m b\u1eaft \u0111\u1ea7u chuy\u1ebfn h\u00e0nh tr\u00ecnh \u0111\u1ea7u ti\u00ean c\u1ee7a m\u00ecnh. Cu\u1ed9c phi\u00eau l\u01b0u v\u0129 \u0111\u1ea1i c\u1ee7a Herbie b\u1eaft \u0111\u1ea7u t\u1eeb \u0111\u00f3. Nh\u1eefng b\u1ee9c tranh s\u1ed1ng \u0111\u1ed9ng c\u1ee7a t\u00e1c gi\u1ea3 Jennie Poh s\u1ebd cu\u1ed1n h\u00fat c\u00e1c b\u1ea1n nh\u1ecf t\u1eeb nh\u1eefng trang s\u00e1ch \u0111\u1ea7u ti\u00ean. H\u01a1n c\u1ea3 chuy\u1ebfn phi\u00eau l\u01b0u c\u1ee7a m\u1ed9t ch\u00fa nh\u00edm; c\u00e2u chuy\u1ec7n nh\u1eb9 nh\u00e0ng bay b\u1ed5ng c\u00f2n l\u00e0 b\u00e0i h\u1ecdc v\u1ec1 s\u1ef1 d\u0169ng c\u1ea3m, v\u1ec1 t\u00ecnh y\u00eau th\u01b0\u01a1ng v\u00e0 tr\u00ean h\u1ebft l\u00e0 t\u00ecnh c\u1ea3m gia \u0111\u00ecnh. T\u00e1c gi\u1ea3 c\u0169ng kh\u00e9o l\u00e9o nh\u1eafc nh\u1edf c\u00e1c b\u1ea1n nh\u1ecf r\u1eb1ng khi kh\u00f4ng c\u00f3 ng\u01b0\u1eddi th\u00e2n \u1edf b\u00ean, kh\u00f4ng c\u00f3 ngh\u0129a l\u00e0 b\u00e9 \u0111ang b\u1ecb b\u1ecf r\u01a1i; m\u00e0 l\u00e0 c\u00e1ch c\u00e1c b\u1ea1n nh\u1ecf h\u1ecdc v\u1ec1 s\u1ef1 can \u0111\u1ea3m &amp; t\u1ef1 m\u00ecnh kh\u00e1m ph\u00e1 th\u1ebf gi\u1edbi xung quanh.<br \/>\nB\u1eb1ng\u00a0ng\u00f4n ng\u1eef \u0111\u00e1ng y\u00eau, trong s\u00e1ng v\u00e0 l\u1ed1i v\u0103n di\u1ec5n \u0111\u01a1n gi\u1ea3n, cu\u1ed1n h\u00fat; \u201cCu\u1ed9c phi\u00eau v\u0129 \u0111\u1ea1i c\u1ee7a Herbie\u201d ph\u00f9 h\u1ee3p l\u00e0 c\u00e2u chuy\u1ec7n k\u1ec3 m\u1ed7i t\u1ed1i d\u00e0nh cho c\u00e1c b\u00e9 t\u1eeb 4 tu\u1ed5i tr\u1edf l\u00ean \u2013 l\u1ee9a tu\u1ed5i tr\u00e0n ng\u1eadp c\u00e2u h\u1ecfi, tr\u00ed t\u01b0\u1edfng t\u01b0\u1ee3ng v\u00e0 mong mu\u1ed1n kh\u00e1m ph\u00e1 th\u1ebf gi\u1edbi xung quanh. B\u00e9 s\u1ebd h\u1ecdc \u0111\u01b0\u1ee3c v\u1ec1 l\u00f2ng d\u0169ng c\u1ea3m v\u00e0 s\u1ef1 can \u0111\u1ea3m v\u01b0\u1ee3t qua n\u1ed7i s\u1ee3, h\u1ecdc v\u1ec1 t\u00ecnh y\u00eau th\u01b0\u01a1ng. C\u00e2u chuy\u1ec7n \u0111\u1ee7 m\u00e0u s\u1eafc c\u1ee7a 4 m\u00f9a Xu\u00e2n \u2013 H\u1ea1 &#8211; Thu \u2013 \u0110\u00f4ng, v\u1edbi nh\u1eefng t\u1eeb ng\u1eef m\u00f4 t\u1ea3 uy\u1ec3n chuy\u1ec3n, tinh t\u1ebf \u0111\u01b0\u1ee3c \u0111\u1eb7t \u0111\u00fang th\u1eddi \u0111i\u1ec3m; gi\u00fap c\u00e1c b\u00e9 k\u00edch th\u00edch tr\u00ed t\u01b0\u1ee3ng t\u01b0\u1edfng &amp; c\u1ea3m nh\u1eadn chuy\u1ebfn phi\u00eau l\u01b0u b\u1eb1ng t\u1ea5t c\u1ea3 c\u00e1c gi\u00e1c quan. M\u00f9a h\u00e8 m\u1ec1m m\u1ea1i l\u00e0 m\u00f9a Herbie sinh ra. M\u00f9a thu \u1ed3n \u00e0o v\u1edbi nh\u1eefng chi\u1ebfc l\u00e1 thu n\u00e2u v\u00e0ng gi\u00f2n r\u1ee5m, v\u00e0 nh\u1eefng c\u01a1n gi\u00f3 thu \u0111\u01b0a Herbie b\u1eaft \u0111\u1ea7u chuy\u1ebfn h\u00e0nh tr\u00ecnh xuy\u00ean \u0111\u1ebfn mi\u1ec1n l\u1ea1nh. M\u00f9a \u0111\u00f4ng l\u1ea1i l\u00e0 nh\u1eefng c\u01a1n gi\u00f3 tuy\u1ebft \u1ea9m \u01b0\u1edbt &amp; l\u1ea1nh \u2013 n\u01a1i c\u00f3 c\u00f4 G\u1ea5u Tuy\u1ebft bao b\u1ecdc. V\u00e0 cu\u1ed1i c\u00f9ng l\u00e0 m\u00f9a Xu\u00e2n \u1ea5m \u00e1p l\u00e0 th\u1eddi \u0111i\u1ec3m Herbie quay v\u1ec1 v\u1edbi M\u1eb9.<br \/>\nS\u00e1ch 48 trang, in b\u00eca c\u1ee9ng c\u00e1n m\u1edd, ch\u1ea5t l\u01b0\u1ee3ng gi\u1ea5y in \u0111\u1eb9p<\/p>\n  <div class=\"banner-grid-wrapper\">\n  <div id=\"banner-grid-405196035\" class=\"banner-grid row row-grid row-small\" data-packery-options=\"\">\n                      \n<div class=\"col grid-col large-8 grid-col-1\" ><div class=\"col-inner\">\n\t<div class=\"img has-hover x md-x lg-x y md-y lg-y\" id=\"image_497748030\">\n\t\t\t\t\t\t\t\t<div class=\"img-inner dark\" >\n\t\t\t<img loading=\"lazy\" decoding=\"async\" width=\"398\" height=\"398\" src=\"https:\/\/sachviet.eu\/wp-content\/uploads\/2021\/02\/herbie_398x398.png\" class=\"attachment-large size-large\" alt=\"\" srcset=\"https:\/\/sachviet.eu\/wp-content\/uploads\/2021\/02\/herbie_398x398.png 398w, https:\/\/sachviet.eu\/wp-content\/uploads\/2021\/02\/herbie_398x398-300x300.png 300w, https:\/\/sachviet.eu\/wp-content\/uploads\/2021\/02\/herbie_398x398-150x150.png 150w, https:\/\/sachviet.eu\/wp-content\/uploads\/2021\/02\/herbie_398x398-100x100.png 100w\" sizes=\"auto, (max-width: 398px) 100vw, 398px\" \/>\t\t\t\t\t\t\n\t\t\t\t\t<\/div>\n\t\t\t\t\t\t\t\t\n<style>\n#image_497748030 {\n  width: 100%;\n}\n<\/style>\n\t<\/div>\n\t\n<\/div><\/div>\n<div class=\"col grid-col large-4 grid-col-1-2\" ><div class=\"col-inner\">\n\t<div class=\"img has-hover x md-x lg-x y md-y lg-y\" id=\"image_510587286\">\n\t\t\t\t\t\t\t\t<div class=\"img-inner dark\" >\n\t\t\t<img loading=\"lazy\" decoding=\"async\" width=\"398\" height=\"398\" src=\"https:\/\/sachviet.eu\/wp-content\/uploads\/2021\/02\/herbie_nghieng_398x398.png\" class=\"attachment-large size-large\" alt=\"\" srcset=\"https:\/\/sachviet.eu\/wp-content\/uploads\/2021\/02\/herbie_nghieng_398x398.png 398w, https:\/\/sachviet.eu\/wp-content\/uploads\/2021\/02\/herbie_nghieng_398x398-300x300.png 300w, https:\/\/sachviet.eu\/wp-content\/uploads\/2021\/02\/herbie_nghieng_398x398-150x150.png 150w, https:\/\/sachviet.eu\/wp-content\/uploads\/2021\/02\/herbie_nghieng_398x398-100x100.png 100w\" sizes=\"auto, (max-width: 398px) 100vw, 398px\" \/>\t\t\t\t\t\t\n\t\t\t\t\t<\/div>\n\t\t\t\t\t\t\t\t\n<style>\n#image_510587286 {\n  width: 100%;\n}\n<\/style>\n\t<\/div>\n\t\n<\/div><\/div>\n<div class=\"col grid-col large-4 grid-col-1-2\" ><div class=\"col-inner\">\n\t<div class=\"img has-hover x md-x lg-x y md-y lg-y\" id=\"image_1998796964\">\n\t\t\t\t\t\t\t\t<div class=\"img-inner dark\" >\n\t\t\t<img loading=\"lazy\" decoding=\"async\" width=\"452\" height=\"452\" src=\"https:\/\/sachviet.eu\/wp-content\/uploads\/2021\/02\/25511810_1555584144554877_6417672371431276544_n_452x452.jpg\" class=\"attachment-large size-large\" alt=\"\" srcset=\"https:\/\/sachviet.eu\/wp-content\/uploads\/2021\/02\/25511810_1555584144554877_6417672371431276544_n_452x452.jpg 452w, https:\/\/sachviet.eu\/wp-content\/uploads\/2021\/02\/25511810_1555584144554877_6417672371431276544_n_452x452-300x300.jpg 300w, https:\/\/sachviet.eu\/wp-content\/uploads\/2021\/02\/25511810_1555584144554877_6417672371431276544_n_452x452-150x150.jpg 150w, https:\/\/sachviet.eu\/wp-content\/uploads\/2021\/02\/25511810_1555584144554877_6417672371431276544_n_452x452-100x100.jpg 100w\" sizes=\"auto, (max-width: 452px) 100vw, 452px\" \/>\t\t\t\t\t\t\n\t\t\t\t\t<\/div>\n\t\t\t\t\t\t\t\t\n<style>\n#image_1998796964 {\n  width: 100%;\n}\n<\/style>\n\t<\/div>\n\t\n<\/div><\/div>\n            <\/div>\n    <style>\n    #banner-grid-405196035 .grid-col-1{height: 600px}\n    #banner-grid-405196035 .grid-col-1-2{height: 300px}\n    #banner-grid-405196035 .grid-col-1-3{height:200px}\n    #banner-grid-405196035 .grid-col-2-3{height: 400px}\n    #banner-grid-405196035 .grid-col-1-4{height: 150px}\n    #banner-grid-405196035 .grid-col-3-4{height: 450px}\n\n\n    \n    \n\n  <\/style>\n    <\/div>\n  \n","protected":false},"excerpt":{"rendered":"<p>C\u00e2u chuy\u1ec7n xoay quanh cu\u1ed9c phi\u00eau l\u01b0u c\u1ee7a ch\u00fa nh\u00edm Herbie \u2013 ch\u00fa nh\u00edm nh\u1ecf s\u1ed1ng h\u1ea1nh ph\u00fac trong t\u00ecnh y\u00eau th\u01b0\u01a1ng &amp; che ch\u1edf c\u1ee7a M\u1eb9. Herbie ch\u01b0a m\u1ed9t l\u1ea7n r\u1eddi xa nh\u00e0. \u1ea4y v\u1eady m\u00e0, m\u1ed9t ng\u00e0y, m\u1eb9 Herbie n\u00f3i r\u1eb1ng c\u1eadu b\u00e9 c\u1ea7n b\u01b0\u1edbc ra kh\u00e1m ph\u00e1 th\u1ebf gi\u1edbi b\u00ean ngo\u00e0i. M\u1eb7c d\u00f9 r\u1ea5t lo l\u1eafng v\u00e0 ch\u01b0a th\u1ef1c s\u1ef1 s\u1eb5n s\u00e0ng nh\u01b0ng Herbie v\u1eabn d\u0169ng c\u1ea3m b\u1eaft \u0111\u1ea7u chuy\u1ebfn h\u00e0nh tr\u00ecnh \u0111\u1ea7u ti\u00ean c\u1ee7a m\u00ecnh.<\/p>\n","protected":false},"featured_media":2458,"template":"","meta":{"_acf_changed":false},"product_brand":[],"product_cat":[25,17],"product_tag":[],"class_list":{"0":"post-2461","1":"product","2":"type-product","3":"status-publish","4":"has-post-thumbnail","6":"product_cat-nhi-dong-6-tuoi-12-tuoi","7":"product_cat-sach-danh-cho-cac-be","9":"first","10":"instock","11":"taxable","12":"shipping-taxable","13":"purchasable","14":"product-type-simple"},"supplier_id":null,"supplier_sku":"","barcode":null,"atum_controlled":true,"out_stock_date":null,"out_stock_threshold":null,"inheritable":false,"inbound_stock":0,"stock_on_hold":0,"sold_today":0,"sales_last_days":0,"reserved_stock":0,"customer_returns":0,"warehouse_damage":0,"lost_in_post":0,"other_logs":0,"out_stock_days":0,"lost_sales":0,"has_location":false,"update_date":"2026-01-28T23:10:31","atum_locations":[],"atum_stock_status":"instock","restock_status":false,"low_stock_amount":"","sales_update_date":"2026-01-28T23:10:31","calc_backorders":null,"acf":{"publisher":{"ID":1458,"post_author":"1","post_date":"2021-02-17 01:12:22","post_date_gmt":"2021-02-16 23:12:22","post_content":"<!-- wp:flatsome\/uxbuilder -->\n<h1 style=\"text-align: center\"><strong>Crabit Kidbooks<\/strong><\/h1>\n[row]\n\n[col span=\"8\" span__sm=\"12\"]\n\n<p>Crabit Kidbooks l\u00e0 nh\u00e0 ph\u00e1t h\u00e0nh s\u00e1ch thi\u1ebfu nhi thu\u1ed9c C\u00f4ng ty CPTM &amp; XNK Ng\u1ecdc \u00c1nh \u2013 \u0111\u01a1n v\u1ecb h\u01a1n 20 n\u0103m kinh nghi\u1ec7m trong ng\u00e0nh in \u1ea5n v\u00e0 l\u00e0 \u0111\u1ed1i t\u00e1c uy t\u00edn cung c\u1ea5p h\u1ecdc li\u1ec7u, s\u00e1ch v\u1edf h\u1ecdc sinh cho h\u01a1n 5000 kh\u00e1ch h\u00e0ng kh\u1eafp 28 t\u1ec9nh th\u00e0nh ph\u00eda B\u1eafc Vi\u1ec7t Nam H\u1ec7 th\u1ed1ng s\u1ea3n ph\u1ea9m Crabit Kidbooks<\/p>\n<p>Theo s\u1ef1 t\u00ecm hi\u1ec3u c\u1ee7a <strong>SACHVIET.EU<\/strong><strong>\u00a0<\/strong>tuy Crabit Kidbooks l\u00e0 m\u1ed9t nh\u00e0 ph\u00e1t h\u00e0nh tr\u1ebb t\u1ea1i Vi\u1ec7t Nam nh\u01b0ng l\u1ea1i mang \u0111\u1ebfn s\u1ef1 ch\u1ec9n chu qua t\u1eebng trang s\u00e1ch, t\u1eeb ch\u1ea5t li\u1ec7u gi\u1ea5y cao c\u1ea5p, b\u00eca c\u1ee9ng gi\u1eef g\u00ecn s\u00e1ch \u0111\u01b0\u1ee3c b\u1ec1n l\u00e2u \u0111\u1ebfn l\u1eddi v\u0103n c\u00e2u ch\u1eef \u0111\u01b0\u1ee3c ch\u1ecdn l\u1ecdc ch\u1ec9nh s\u1eeda sao cho ti\u1ebfp c\u1eadn th\u00e2n thi\u1ec7n nh\u1ea5t v\u1edbi tr\u1ebb em. <strong>SACHVIET.EU<\/strong> th\u1ef1c s\u1ef1 \u1ea5n t\u01b0\u1ee3ng b\u1edfi t\u1ea7m nh\u00ecn v\u00e0 s\u1ef1 c\u1ed1 g\u1eafng ho\u00e0n thi\u1ec7n nh\u1eefng t\u00e1c ph\u1ea9m c\u00f3 gi\u00e1 tr\u1ecb tuy\u1ec7t v\u1eddi m\u00e0 Crabit Kidbooks mang l\u1ea1i. \u0110\u00e2y c\u0169ng l\u00e0 nh\u00e0 ph\u00e1t h\u00e0nh duy nh\u1ea5t t\u1edbi th\u1eddi \u0111i\u1ec3m n\u00e0y m\u00e0 <strong>SACHVIET.EU<\/strong> quy\u1ebft t\u00e2m h\u1ee3p t\u00e1c mang h\u1ebft t\u1ea5t c\u1ea3 c\u00e1c \u0111\u1ea7u s\u00e1ch m\u00e0 Crabit Kidbooks c\u00f3 \u0111\u1ec3 \u0111em \u0111\u1ebfn Ch\u00e2u \u00c2u ph\u1ee5c v\u1ee5 m\u1ecdi ng\u01b0\u1eddi. \u0110\u00e2y th\u1ef1c s\u1ef1 l\u00e0 m\u1ed9t s\u1ef1 li\u1ec1u l\u0129nh c\u1ee7a <strong>SACHVIET.EU<\/strong>, tuy nhi\u00ean ch\u00fang m\u00ecnh tin t\u01b0\u1edfng v\u00e0 t\u1ef1 tin r\u1eb1ng t\u1eebng cu\u1ed1n s\u00e1ch m\u00e0 ch\u00fang m\u00ecnh gi\u1edbi thi\u1ec7u x\u1ee9ng \u0111\u00e1ng v\u1edbi nh\u1eefng g\u00ec ch\u00fang m\u00ecnh theo \u0111u\u1ed5i.<\/p>\n\n[\/col]\n[col span=\"4\" span__sm=\"12\"]\n\n[ux_image id=\"1701\" image_size=\"medium\"]\n\n\n[\/col]\n\n[\/row]\n\n<!-- \/wp:flatsome\/uxbuilder -->","post_title":"Crabit Kidbooks","post_excerpt":"","post_status":"publish","comment_status":"closed","ping_status":"closed","post_password":"","post_name":"crabit-kidbooks","to_ping":"","pinged":"","post_modified":"2022-12-19 23:12:10","post_modified_gmt":"2022-12-19 21:12:10","post_content_filtered":"","post_parent":0,"guid":"https:\/\/sachviet.eu\/nha-phat-hanh\/crabitkidbooks\/","menu_order":0,"post_type":"publisher","post_mime_type":"","comment_count":"0","filter":"raw"}},"_links":{"self":[{"href":"https:\/\/sachviet.eu\/en\/wp-json\/wp\/v2\/product\/2461","targetHints":{"allow":["GET"]}}],"collection":[{"href":"https:\/\/sachviet.eu\/en\/wp-json\/wp\/v2\/product"}],"about":[{"href":"https:\/\/sachviet.eu\/en\/wp-json\/wp\/v2\/types\/product"}],"wp:featuredmedia":[{"embeddable":true,"href":"https:\/\/sachviet.eu\/en\/wp-json\/wp\/v2\/media\/2458"}],"wp:attachment":[{"href":"https:\/\/sachviet.eu\/en\/wp-json\/wp\/v2\/media?parent=2461"}],"wp:term":[{"taxonomy":"product_brand","embeddable":true,"href":"https:\/\/sachviet.eu\/en\/wp-json\/wp\/v2\/product_brand?post=2461"},{"taxonomy":"product_cat","embeddable":true,"href":"https:\/\/sachviet.eu\/en\/wp-json\/wp\/v2\/product_cat?post=2461"},{"taxonomy":"product_tag","embeddable":true,"href":"https:\/\/sachviet.eu\/en\/wp-json\/wp\/v2\/product_tag?post=2461"}],"curies":[{"name":"wp","href":"https:\/\/api.w.org\/{rel}","templated":true}]}}