{"id":24448,"date":"2023-10-31T22:07:19","date_gmt":"2023-10-31T20:07:19","guid":{"rendered":"https:\/\/sachviet.eu\/shop\/rio-book-no-4-de-bao-bi-truyen-tai-thong-diep-marketing-bi-kip-tang-loi-the-canh-tranh-cho-san-pham-thuong-mai\/"},"modified":"2023-11-01T16:44:10","modified_gmt":"2023-11-01T14:44:10","slug":"rio-book-no-4-de-bao-bi-truyen-tai-thong-diep-marketing-bi-kip-tang-loi-the-canh-tranh-cho-san-pham-thuong-mai","status":"publish","type":"product","link":"https:\/\/sachviet.eu\/en\/shop\/rio-book-no-4-de-bao-bi-truyen-tai-thong-diep-marketing-bi-kip-tang-loi-the-canh-tranh-cho-san-pham-thuong-mai\/","title":{"rendered":"RIO BOOK NO.4 \u2013 \u0110\u1ec3 Bao B\u00ec Truy\u1ec1n T\u1ea3i Th\u00f4ng \u0110i\u1ec7p Marketing &#8211; B\u00ed K\u00edp T\u0103ng L\u1ee3i Th\u1ebf C\u1ea1nh Tranh Cho S\u1ea3n Ph\u1ea9m Th\u01b0\u01a1ng M\u1ea1i"},"content":{"rendered":"<p>RIO BOOK 04 \u2013 \u0110\u1ec3 bao b\u00ec truy\u1ec1n t\u1ea3i th\u00f4ng \u0111i\u1ec7p Marketing:<\/p>\n<p> B\u00ed k\u00edp t\u0103ng l\u1ee3i th\u1ebf c\u1ea1nh tranh cho s\u1ea3n ph\u1ea9m th\u01b0\u01a1ng m\u1ea1i<\/p>\n<p> B\u1ea1n t\u00f2 m\u00f2 v\u1ec1 thi\u1ebft k\u1ebf bao b\u00ec &#8211; \u0111\u1ec1 t\u00e0i s\u00e1ng t\u1ea1o v\u00f4 t\u1eadn trong l\u0129nh v\u1ef1c Nh\u1eadn di\u1ec7n th\u01b0\u01a1ng hi\u1ec7u?<\/p>\n<p> B\u1ea1n mu\u1ed1n c\u00e2n \u0111\u1ed1i gi\u1eefa t\u00ednh th\u01b0\u01a1ng m\u1ea1i v\u00e0 t\u00ednh s\u00e1ng t\u1ea1o trong thi\u1ebft k\u1ebf bao b\u00ec?<\/p>\n<p> B\u1ea1n mu\u1ed1n kh\u00e1m ph\u00e1 s\u1ee9c m\u1ea1nh c\u1ee7a bao b\u00ec trong nh\u1eadn di\u1ec7n th\u01b0\u01a1ng hi\u1ec7u v\u00e0 th\u00fac \u0111\u1ea9y doanh thu?<\/p>\n<p> B\u1ea1n mu\u1ed1n t\u00ecm hi\u1ec3u v\u1ec1 gia c\u00f4ng bao b\u00ec &#8211; m\u1ea5u ch\u1ed1t gi\u1ea3i quy\u1ebft v\u1ea5n \u0111\u1ec1 th\u1ef1c t\u1ebf c\u1ee7a th\u01b0\u01a1ng hi\u1ec7u?<\/p>\n<p>Trong th\u1ebf gi\u1edbi to\u00e0n c\u1ea7u h\u00f3a, c\u00e1c s\u1ea3n ph\u1ea9m c\u00f9ng ph\u00e2n kh\u00fac c\u00f3 r\u1ea5t \u00edt s\u1ef1 kh\u00e1c bi\u1ec7t. Khi c\u00e1c k\u00eanh truy\u1ec1n th\u00f4ng kh\u00e1c \u0111ang loay hoay t\u00ecm gi\u1ea3i ph\u00e1p khi\u1ebfn s\u1ea3n ph\u1ea9m n\u1ed5i b\u1eadt h\u01a1n, ch\u00ednh bao b\u00ec v\u1edbi ng\u00f4n ng\u1eef thi\u1ebft k\u1ebf linh ho\u1ea1t \u0111\u00e3 gi\u00fap ch\u00fang ta ph\u00e2n bi\u1ec7t ch\u00fang v\u1edbi nhau. Bao b\u00ec &#8211; k\u00eanh truy\u1ec1n th\u00f4ng th\u1ea7m l\u1eb7ng nh\u1ea5t l\u1ea1i c\u00f3 kh\u1ea3 n\u0103ng ti\u1ebfp c\u1eadn kh\u00e1ch h\u00e0ng l\u00e2u nh\u1ea5t v\u00e0 \u00edt b\u1ecb c\u1ea3n tr\u1edf nh\u1ea5t, tr\u00ean c\u1ea3 2 ph\u01b0\u01a1ng di\u1ec7n: design v\u00e0 marketing.<\/p>\n<p>\u0110\u00f3 l\u00e0 l\u00fd do, cu\u1ed1n \u201cRio Book 04 &#8211; \u0110\u1ec3 bao b\u00ec truy\u1ec1n t\u1ea3i th\u00f4ng \u0111i\u1ec7p marketing\u201d ra m\u1eaft, \u0111\u00e1nh d\u1ea5u s\u1ef1 tr\u1edf l\u1ea1i c\u1ee7a d\u00f2ng s\u00e1ch Rio Book Signature.<\/p>\n","protected":false},"excerpt":{"rendered":"<p>RIO BOOK 04 \u2013 \u0110\u1ec3 bao b\u00ec truy\u1ec1n t\u1ea3i th\u00f4ng \u0111i\u1ec7p Marketing:<\/p>\n<p> B\u00ed k\u00edp t\u0103ng l\u1ee3i th\u1ebf c\u1ea1nh tranh cho s\u1ea3n ph\u1ea9m th\u01b0\u01a1ng m\u1ea1i<\/p>\n<p> B\u1ea1n t\u00f2 m\u00f2 v\u1ec1 thi\u1ebft k\u1ebf bao b\u00ec &#8211; \u0111\u1ec1 t\u00e0i s\u00e1ng t\u1ea1o v\u00f4 t\u1eadn trong l\u0129nh v\u1ef1c Nh\u1eadn di\u1ec7n th\u01b0\u01a1ng hi\u1ec7u?<\/p>\n<p> B\u1ea1n mu\u1ed1n c\u00e2n \u0111\u1ed1i gi\u1eefa t\u00ednh th\u01b0\u01a1ng m\u1ea1i v\u00e0 t\u00ednh s\u00e1ng t\u1ea1o trong thi\u1ebft k\u1ebf bao b\u00ec?<\/p>\n<p> B\u1ea1n mu\u1ed1n kh\u00e1m ph\u00e1 s\u1ee9c m\u1ea1nh c\u1ee7a bao b\u00ec trong nh\u1eadn di\u1ec7n th\u01b0\u01a1ng hi\u1ec7u v\u00e0 th\u00fac \u0111\u1ea9y doanh thu?<\/p>\n<p> B\u1ea1n mu\u1ed1n t\u00ecm hi\u1ec3u v\u1ec1 gia c\u00f4ng bao b\u00ec &#8211; m\u1ea5u ch\u1ed1t gi\u1ea3i quy\u1ebft v\u1ea5n \u0111\u1ec1 th\u1ef1c t\u1ebf c\u1ee7a th\u01b0\u01a1ng hi\u1ec7u?<\/p>\n<p>Trong th\u1ebf gi\u1edbi to\u00e0n c\u1ea7u h\u00f3a, c\u00e1c s\u1ea3n ph\u1ea9m c\u00f9ng ph\u00e2n kh\u00fac c\u00f3 r\u1ea5t \u00edt s\u1ef1 kh\u00e1c bi\u1ec7t. Khi c\u00e1c k\u00eanh truy\u1ec1n th\u00f4ng kh\u00e1c \u0111ang loay hoay t\u00ecm gi\u1ea3i ph\u00e1p khi\u1ebfn s\u1ea3n ph\u1ea9m n\u1ed5i b\u1eadt h\u01a1n, ch\u00ednh bao b\u00ec v\u1edbi ng\u00f4n ng\u1eef thi\u1ebft k\u1ebf linh ho\u1ea1t \u0111\u00e3 gi\u00fap ch\u00fang ta ph\u00e2n bi\u1ec7t ch\u00fang v\u1edbi nhau. Bao b\u00ec &#8211; k\u00eanh truy\u1ec1n th\u00f4ng th\u1ea7m l\u1eb7ng nh\u1ea5t l\u1ea1i c\u00f3 kh\u1ea3 n\u0103ng ti\u1ebfp c\u1eadn kh\u00e1ch h\u00e0ng l\u00e2u nh\u1ea5t v\u00e0 \u00edt b\u1ecb c\u1ea3n tr\u1edf nh\u1ea5t, tr\u00ean c\u1ea3 2 ph\u01b0\u01a1ng di\u1ec7n: design v\u00e0 marketing.<\/p>\n<p>\u0110\u00f3 l\u00e0 l\u00fd do, cu\u1ed1n \u201cRio Book 04 &#8211; \u0110\u1ec3 bao b\u00ec truy\u1ec1n t\u1ea3i th\u00f4ng \u0111i\u1ec7p marketing\u201d ra m\u1eaft, \u0111\u00e1nh d\u1ea5u s\u1ef1 tr\u1edf l\u1ea1i c\u1ee7a d\u00f2ng s\u00e1ch Rio Book Signature.<\/p>\n","protected":false},"featured_media":24447,"template":"","meta":{"_acf_changed":false},"product_brand":[],"product_cat":[15,46],"product_tag":[83],"class_list":{"0":"post-24448","1":"product","2":"type-product","3":"status-publish","4":"has-post-thumbnail","6":"product_cat-sach-danh-cho-nguoi-lon","7":"product_cat-ky-nang-song","8":"product_tag-sach-moi-xuat-ban","10":"first","11":"outofstock","12":"taxable","13":"shipping-taxable","14":"purchasable","15":"product-type-simple"},"supplier_id":null,"supplier_sku":"","barcode":null,"atum_controlled":true,"out_stock_date":"2023-11-01 14:44:10","out_stock_threshold":null,"inheritable":false,"inbound_stock":0,"stock_on_hold":0,"sold_today":0,"sales_last_days":0,"reserved_stock":0,"customer_returns":0,"warehouse_damage":0,"lost_in_post":0,"other_logs":0,"out_stock_days":819,"lost_sales":0,"has_location":false,"update_date":"2026-01-28T23:11:17","atum_locations":[],"atum_stock_status":"outofstock","restock_status":false,"low_stock_amount":"","sales_update_date":"2026-01-28T23:11:17","calc_backorders":null,"acf":{"publisher":{"ID":12963,"post_author":"1","post_date":"2021-06-11 23:40:15","post_date_gmt":"2021-06-11 20:40:15","post_content":"","post_title":"Rio Book","post_excerpt":"","post_status":"publish","comment_status":"closed","ping_status":"closed","post_password":"","post_name":"rio-book","to_ping":"","pinged":"","post_modified":"2021-06-11 23:40:15","post_modified_gmt":"2021-06-11 20:40:15","post_content_filtered":"","post_parent":0,"guid":"https:\/\/sachviet.eu\/nha-phat-hanh\/rio-book\/","menu_order":0,"post_type":"publisher","post_mime_type":"","comment_count":"0","filter":"raw"}},"_links":{"self":[{"href":"https:\/\/sachviet.eu\/en\/wp-json\/wp\/v2\/product\/24448","targetHints":{"allow":["GET"]}}],"collection":[{"href":"https:\/\/sachviet.eu\/en\/wp-json\/wp\/v2\/product"}],"about":[{"href":"https:\/\/sachviet.eu\/en\/wp-json\/wp\/v2\/types\/product"}],"wp:featuredmedia":[{"embeddable":true,"href":"https:\/\/sachviet.eu\/en\/wp-json\/wp\/v2\/media\/24447"}],"wp:attachment":[{"href":"https:\/\/sachviet.eu\/en\/wp-json\/wp\/v2\/media?parent=24448"}],"wp:term":[{"taxonomy":"product_brand","embeddable":true,"href":"https:\/\/sachviet.eu\/en\/wp-json\/wp\/v2\/product_brand?post=24448"},{"taxonomy":"product_cat","embeddable":true,"href":"https:\/\/sachviet.eu\/en\/wp-json\/wp\/v2\/product_cat?post=24448"},{"taxonomy":"product_tag","embeddable":true,"href":"https:\/\/sachviet.eu\/en\/wp-json\/wp\/v2\/product_tag?post=24448"}],"curies":[{"name":"wp","href":"https:\/\/api.w.org\/{rel}","templated":true}]}}