{"id":24446,"date":"2023-10-31T22:07:08","date_gmt":"2023-10-31T20:07:08","guid":{"rendered":"https:\/\/sachviet.eu\/shop\/benh-mu-sang-tao-va-cach-chua-no\/"},"modified":"2023-11-01T16:44:10","modified_gmt":"2023-11-01T14:44:10","slug":"benh-mu-sang-tao-va-cach-chua-no","status":"publish","type":"product","link":"https:\/\/sachviet.eu\/en\/shop\/benh-mu-sang-tao-va-cach-chua-no\/","title":{"rendered":"B\u1ec7nh M\u00f9 S\u00e1ng T\u1ea1o v\u00e0 C\u00e1ch Ch\u1eefa N\u00f3"},"content":{"rendered":"<p>Thu\u1ed9c d\u00f2ng s\u00e1ch GAM Plus, cu\u1ed1n s\u00e1ch nh\u01b0 m\u1ed9t ngu\u1ed3n nguy\u00ean li\u1ec7u s\u00e1ng t\u1ea1o \u0111\u1eb7c bi\u1ec7t \u0111\u01b0\u1ee3c t\u1ed5ng h\u1ee3p v\u00e0 ch\u1ecdn l\u1ecdc t\u1eeb h\u01a1n 40 n\u0103m tr\u1ea3i nghi\u1ec7m trong ng\u00e0nh qu\u1ea3ng c\u00e1o c\u1ee7a t\u00e1c gi\u1ea3 Dave Trott s\u1ebd gi\u00fap b\u1ea1n s\u1edf h\u1eefu:<\/p>\n<p>B\u1ed9 s\u01b0u t\u1eadp 75 c\u00e2u chuy\u1ec7n v\u01b0\u1ee3t th\u1eddi gian v\u1ec1 t\u01b0 duy s\u00e1ng t\u1ea1o kh\u00f4ng gi\u1edbi h\u1ea1n<br \/>\n26 artworks t\u1eeb nhi\u1ec1u designer v\u1edbi \u0111a d\u1ea1ng g\u00f3c nh\u00ecn t\u1ea1i Vi\u1ec7t Nam<br \/>\n\u0110\u01a1n thu\u1ed1c Takeaway t\u1ed5ng h\u1ee3p 75 c\u00f4ng th\u1ee9c s\u00e1ng t\u1ea1o \u0111\u1eaft gi\u00e1 gi\u00fap b\u1ea1n \u1ee9ng d\u1ee5ng linh ho\u1ea1t \u0111\u1ec3 x\u1eed l\u00fd c\u00e1c v\u1ea5n \u0111\u1ec1 trong cu\u1ed9c s\u1ed1ng.<br \/>\nH\u1ec7 th\u1ed1ng ti\u1ebfp c\u1eadn v\u00e0 ph\u00e2n lo\u1ea1i r\u00f5 c\u00e1c h\u00ecnh th\u1ee9c s\u00e1ng t\u1ea1o c\u01a1 b\u1ea3n<br \/>\nM\u1ed9t cu\u1ed1n s\u00e1ch h\u1eefu \u00edch trong giai \u0111o\u1ea1n cu\u1ed9c chi\u1ebfn Content Marketing \u0111ang v\u00f4 c\u00f9ng c\u0103ng th\u1eb3ng v\u00e0 c\u1ea1nh tranh tr\u00ean m\u1ea1ng x\u00e3 h\u1ed9i.<\/p>\n","protected":false},"excerpt":{"rendered":"<p>Thu\u1ed9c d\u00f2ng s\u00e1ch GAM Plus, cu\u1ed1n s\u00e1ch nh\u01b0 m\u1ed9t ngu\u1ed3n nguy\u00ean li\u1ec7u s\u00e1ng t\u1ea1o \u0111\u1eb7c bi\u1ec7t \u0111\u01b0\u1ee3c t\u1ed5ng h\u1ee3p v\u00e0 ch\u1ecdn l\u1ecdc t\u1eeb h\u01a1n 40 n\u0103m tr\u1ea3i nghi\u1ec7m trong ng\u00e0nh qu\u1ea3ng c\u00e1o c\u1ee7a t\u00e1c gi\u1ea3 Dave Trott s\u1ebd gi\u00fap b\u1ea1n s\u1edf h\u1eefu:<\/p>\n<p>B\u1ed9 s\u01b0u t\u1eadp 75 c\u00e2u chuy\u1ec7n v\u01b0\u1ee3t th\u1eddi gian v\u1ec1 t\u01b0 duy s\u00e1ng t\u1ea1o kh\u00f4ng gi\u1edbi h\u1ea1n<br \/>\n26 artworks t\u1eeb nhi\u1ec1u designer v\u1edbi \u0111a d\u1ea1ng g\u00f3c nh\u00ecn t\u1ea1i Vi\u1ec7t Nam<br \/>\n\u0110\u01a1n thu\u1ed1c Takeaway t\u1ed5ng h\u1ee3p 75 c\u00f4ng th\u1ee9c s\u00e1ng t\u1ea1o \u0111\u1eaft gi\u00e1 gi\u00fap b\u1ea1n \u1ee9ng d\u1ee5ng linh ho\u1ea1t \u0111\u1ec3 x\u1eed l\u00fd c\u00e1c v\u1ea5n \u0111\u1ec1 trong cu\u1ed9c s\u1ed1ng.<br \/>\nH\u1ec7 th\u1ed1ng ti\u1ebfp c\u1eadn v\u00e0 ph\u00e2n lo\u1ea1i r\u00f5 c\u00e1c h\u00ecnh th\u1ee9c s\u00e1ng t\u1ea1o c\u01a1 b\u1ea3n<br \/>\nM\u1ed9t cu\u1ed1n s\u00e1ch h\u1eefu \u00edch trong giai \u0111o\u1ea1n cu\u1ed9c chi\u1ebfn Content Marketing \u0111ang v\u00f4 c\u00f9ng c\u0103ng th\u1eb3ng v\u00e0 c\u1ea1nh tranh tr\u00ean m\u1ea1ng x\u00e3 h\u1ed9i.<\/p>\n","protected":false},"featured_media":24445,"template":"","meta":{"_acf_changed":false},"product_brand":[],"product_cat":[15,46],"product_tag":[83],"class_list":{"0":"post-24446","1":"product","2":"type-product","3":"status-publish","4":"has-post-thumbnail","6":"product_cat-sach-danh-cho-nguoi-lon","7":"product_cat-ky-nang-song","8":"product_tag-sach-moi-xuat-ban","10":"first","11":"outofstock","12":"taxable","13":"shipping-taxable","14":"purchasable","15":"product-type-simple"},"supplier_id":null,"supplier_sku":"","barcode":null,"atum_controlled":true,"out_stock_date":"2023-11-01 14:44:10","out_stock_threshold":null,"inheritable":false,"inbound_stock":0,"stock_on_hold":0,"sold_today":0,"sales_last_days":0,"reserved_stock":0,"customer_returns":0,"warehouse_damage":0,"lost_in_post":0,"other_logs":0,"out_stock_days":819,"lost_sales":0,"has_location":false,"update_date":"2026-01-28T23:11:17","atum_locations":[],"atum_stock_status":"outofstock","restock_status":false,"low_stock_amount":"","sales_update_date":"2026-01-28T23:11:17","calc_backorders":null,"acf":{"publisher":{"ID":12963,"post_author":"1","post_date":"2021-06-11 23:40:15","post_date_gmt":"2021-06-11 20:40:15","post_content":"","post_title":"Rio Book","post_excerpt":"","post_status":"publish","comment_status":"closed","ping_status":"closed","post_password":"","post_name":"rio-book","to_ping":"","pinged":"","post_modified":"2021-06-11 23:40:15","post_modified_gmt":"2021-06-11 20:40:15","post_content_filtered":"","post_parent":0,"guid":"https:\/\/sachviet.eu\/nha-phat-hanh\/rio-book\/","menu_order":0,"post_type":"publisher","post_mime_type":"","comment_count":"0","filter":"raw"}},"_links":{"self":[{"href":"https:\/\/sachviet.eu\/en\/wp-json\/wp\/v2\/product\/24446","targetHints":{"allow":["GET"]}}],"collection":[{"href":"https:\/\/sachviet.eu\/en\/wp-json\/wp\/v2\/product"}],"about":[{"href":"https:\/\/sachviet.eu\/en\/wp-json\/wp\/v2\/types\/product"}],"wp:featuredmedia":[{"embeddable":true,"href":"https:\/\/sachviet.eu\/en\/wp-json\/wp\/v2\/media\/24445"}],"wp:attachment":[{"href":"https:\/\/sachviet.eu\/en\/wp-json\/wp\/v2\/media?parent=24446"}],"wp:term":[{"taxonomy":"product_brand","embeddable":true,"href":"https:\/\/sachviet.eu\/en\/wp-json\/wp\/v2\/product_brand?post=24446"},{"taxonomy":"product_cat","embeddable":true,"href":"https:\/\/sachviet.eu\/en\/wp-json\/wp\/v2\/product_cat?post=24446"},{"taxonomy":"product_tag","embeddable":true,"href":"https:\/\/sachviet.eu\/en\/wp-json\/wp\/v2\/product_tag?post=24446"}],"curies":[{"name":"wp","href":"https:\/\/api.w.org\/{rel}","templated":true}]}}