{"id":24442,"date":"2023-10-31T22:06:42","date_gmt":"2023-10-31T20:06:42","guid":{"rendered":"https:\/\/sachviet.eu\/shop\/the-practice-ta-giau-sang-tao-o-dau\/"},"modified":"2023-11-01T16:44:10","modified_gmt":"2023-11-01T14:44:10","slug":"the-practice-ta-giau-sang-tao-o-dau","status":"publish","type":"product","link":"https:\/\/sachviet.eu\/en\/shop\/the-practice-ta-giau-sang-tao-o-dau\/","title":{"rendered":"The Practice &#8211; Ta Gi\u1ea5u S\u00e1ng T\u1ea1o \u1ede \u0110\u00e2u?"},"content":{"rendered":"<p>The Practice &#8211; Ta gi\u1ea5u s\u00e1ng t\u1ea1o \u1edf \u0111\u00e2u?<\/p>\n<p>Cu\u1ed1n s\u00e1ch m\u1edbi nh\u1ea5t c\u1ee7a Seth Godin \u0111em \u0111\u1ebfn m\u1ed9t g\u00f3c nh\u00ecn hi\u1ec7n \u0111\u1ea1i v\u1ec1 c\u00f4ng vi\u1ec7c s\u00e1ng t\u1ea1o chuy\u00ean nghi\u1ec7p, t\u1eeb \u0111\u00f3 gi\u00fap b\u1ea1n thay \u0111\u1ed5i c\u00e1ch nh\u00ecn v\u1ec1 n\u0103ng l\u1ef1c c\u1ee7a b\u1ea3n th\u00e2n, v\u01b0\u1ee3t qua n\u1ed7i s\u1ee3 v\u00e0 th\u00fac \u0111\u1ea9y b\u1ea1n th\u1ef1c h\u00e0nh c\u00e1c ho\u1ea1t \u0111\u1ed9ng s\u00e1ng t\u1ea1o.<\/p>\n<p>&#8220;S\u00e1ng t\u1ea1o l\u00e0 m\u1ed9t cu\u1ed9c ch\u01a1i \u0111\u1ea7y ch\u1ecdn l\u1ecdc, n\u01a1i s\u1ef1 ph\u00f3ng kho\u00e1ng v\u00e0 can \u0111\u1ea3m l\u00e0 nhi\u00ean li\u1ec7u cho ch\u1eb7ng \u0111\u01b0\u1eddng ph\u00eda tr\u01b0\u1edbc, n\u01a1i s\u1ef1 t\u00f4i luy\u1ec7n l\u00e0 ngu\u1ed3n c\u1ea3m h\u1ee9ng v\u0129nh c\u1eedu cho nh\u1eefng g\u00ec v\u0129 \u0111\u1ea1i.<\/p>\n<p>S\u00e1ng t\u1ea1o v\u1ed1n d\u00e0nh cho t\u1ea5t c\u1ea3 ch\u00fang ta, nh\u01b0ng \u0111\u1ec3 b\u01b0\u1edbc ch\u00e2n v\u00e0o cu\u1ed9c ch\u01a1i n\u00e0y v\u00e0 ti\u1ebfn xa, ta c\u1ea7n hi\u1ec3u \u0111\u01b0\u1ee3c \u201clu\u1eadt ch\u01a1i&#8221;&#8221; &#8211; nh\u1eefng ch\u00e2n l\u00fd th\u1ef1c s\u1ef1 c\u1ee7a s\u00e1ng t\u1ea1o v\u00e0 c\u00e1ch \u0111\u1ec3 \u0111\u01b0a t\u00e1c ph\u1ea9m s\u00e1ng t\u1ea1o c\u1ee7a b\u1ea1n \u0111\u1ebfn th\u00e0nh c\u00f4ng.<\/p>\n<p>&#8220;&#8221;THE PRACTICE &#8211; Ta gi\u1ea5u s\u00e1ng t\u1ea1o \u1edf \u0111\u00e2u?&#8221;&#8221; &#8211; cu\u1ed1n s\u00e1ch m\u1edbi nh\u1ea5t c\u1ee7a t\u00e1c gi\u1ea3 n\u1ed5i ti\u1ebfng to\u00e0n c\u1ea7u Seth Godin s\u1ebd \u0111em \u0111\u1ebfn cho b\u1ea1n nh\u1eefng c\u00e2u chuy\u1ec7n \u0111\u01b0\u01a1ng \u0111\u1ea1i, nh\u1eefng b\u00e0i h\u1ecdc s\u00e2u s\u1eafc, d\u00e0nh cho t\u1ea5t c\u1ea3 c\u00e1c c\u00e1 nh\u00e2n l\u00e0m s\u00e1ng t\u1ea1o &#8211; nh\u1eefng c\u00e2y vi\u1ebft, ngh\u1ec7 s\u0129, ng\u01b0\u1eddi l\u00e0m qu\u1ea3ng c\u00e1o, truy\u1ec1n th\u00f4ng, marketing, nh\u1eefng doanh nh\u00e2n, ng\u01b0\u1eddi ti\u00ean phong, v\u1ec1 b\u1ea3n ch\u1ea5t c\u1ee7a lao \u0111\u1ed9ng s\u00e1ng t\u1ea1o, c\u00e1ch ta nh\u00ecn nh\u1eadn n\u0103ng l\u1ef1c c\u1ee7a b\u1ea3n th\u00e2n, c\u00e1ch ta ki\u00ean tr\u00ec v\u1edbi qu\u00e1 tr\u00ecnh v\u00e0 can \u0111\u1ea3m \u0111\u01b0a t\u00e1c ph\u1ea9m s\u00e1ng t\u1ea1o c\u1ee7a m\u00ecnh ra th\u1ebf gi\u1edbi.<\/p>\n","protected":false},"excerpt":{"rendered":"<p>The Practice &#8211; Ta gi\u1ea5u s\u00e1ng t\u1ea1o \u1edf \u0111\u00e2u?<\/p>\n<p>Cu\u1ed1n s\u00e1ch m\u1edbi nh\u1ea5t c\u1ee7a Seth Godin \u0111em \u0111\u1ebfn m\u1ed9t g\u00f3c nh\u00ecn hi\u1ec7n \u0111\u1ea1i v\u1ec1 c\u00f4ng vi\u1ec7c s\u00e1ng t\u1ea1o chuy\u00ean nghi\u1ec7p, t\u1eeb \u0111\u00f3 gi\u00fap b\u1ea1n thay \u0111\u1ed5i c\u00e1ch nh\u00ecn v\u1ec1 n\u0103ng l\u1ef1c c\u1ee7a b\u1ea3n th\u00e2n, v\u01b0\u1ee3t qua n\u1ed7i s\u1ee3 v\u00e0 th\u00fac \u0111\u1ea9y b\u1ea1n th\u1ef1c h\u00e0nh c\u00e1c ho\u1ea1t \u0111\u1ed9ng s\u00e1ng t\u1ea1o.<\/p>\n<p>&#8220;S\u00e1ng t\u1ea1o l\u00e0 m\u1ed9t cu\u1ed9c ch\u01a1i \u0111\u1ea7y ch\u1ecdn l\u1ecdc, n\u01a1i s\u1ef1 ph\u00f3ng kho\u00e1ng v\u00e0 can \u0111\u1ea3m l\u00e0 nhi\u00ean li\u1ec7u cho ch\u1eb7ng \u0111\u01b0\u1eddng ph\u00eda tr\u01b0\u1edbc, n\u01a1i s\u1ef1 t\u00f4i luy\u1ec7n l\u00e0 ngu\u1ed3n c\u1ea3m h\u1ee9ng v\u0129nh c\u1eedu cho nh\u1eefng g\u00ec v\u0129 \u0111\u1ea1i.<\/p>\n<p>S\u00e1ng t\u1ea1o v\u1ed1n d\u00e0nh cho t\u1ea5t c\u1ea3 ch\u00fang ta, nh\u01b0ng \u0111\u1ec3 b\u01b0\u1edbc ch\u00e2n v\u00e0o cu\u1ed9c ch\u01a1i n\u00e0y v\u00e0 ti\u1ebfn xa, ta c\u1ea7n hi\u1ec3u \u0111\u01b0\u1ee3c \u201clu\u1eadt ch\u01a1i&#8221;&#8221; &#8211; nh\u1eefng ch\u00e2n l\u00fd th\u1ef1c s\u1ef1 c\u1ee7a s\u00e1ng t\u1ea1o v\u00e0 c\u00e1ch \u0111\u1ec3 \u0111\u01b0a t\u00e1c ph\u1ea9m s\u00e1ng t\u1ea1o c\u1ee7a b\u1ea1n \u0111\u1ebfn th\u00e0nh c\u00f4ng.<\/p>\n<p>&#8220;&#8221;THE PRACTICE &#8211; Ta gi\u1ea5u s\u00e1ng t\u1ea1o \u1edf \u0111\u00e2u?&#8221;&#8221; &#8211; cu\u1ed1n s\u00e1ch m\u1edbi nh\u1ea5t c\u1ee7a t\u00e1c gi\u1ea3 n\u1ed5i ti\u1ebfng to\u00e0n c\u1ea7u Seth Godin s\u1ebd \u0111em \u0111\u1ebfn cho b\u1ea1n nh\u1eefng c\u00e2u chuy\u1ec7n \u0111\u01b0\u01a1ng \u0111\u1ea1i, nh\u1eefng b\u00e0i h\u1ecdc s\u00e2u s\u1eafc, d\u00e0nh cho t\u1ea5t c\u1ea3 c\u00e1c c\u00e1 nh\u00e2n l\u00e0m s\u00e1ng t\u1ea1o &#8211; nh\u1eefng c\u00e2y vi\u1ebft, ngh\u1ec7 s\u0129, ng\u01b0\u1eddi l\u00e0m qu\u1ea3ng c\u00e1o, truy\u1ec1n th\u00f4ng, marketing, nh\u1eefng doanh nh\u00e2n, ng\u01b0\u1eddi ti\u00ean phong, v\u1ec1 b\u1ea3n ch\u1ea5t c\u1ee7a lao \u0111\u1ed9ng s\u00e1ng t\u1ea1o, c\u00e1ch ta nh\u00ecn nh\u1eadn n\u0103ng l\u1ef1c c\u1ee7a b\u1ea3n th\u00e2n, c\u00e1ch ta ki\u00ean tr\u00ec v\u1edbi qu\u00e1 tr\u00ecnh v\u00e0 can \u0111\u1ea3m \u0111\u01b0a t\u00e1c ph\u1ea9m s\u00e1ng t\u1ea1o c\u1ee7a m\u00ecnh ra th\u1ebf gi\u1edbi.<\/p>\n","protected":false},"featured_media":24441,"template":"","meta":{"_acf_changed":false},"product_brand":[],"product_cat":[15,46],"product_tag":[83],"class_list":{"0":"post-24442","1":"product","2":"type-product","3":"status-publish","4":"has-post-thumbnail","6":"product_cat-sach-danh-cho-nguoi-lon","7":"product_cat-ky-nang-song","8":"product_tag-sach-moi-xuat-ban","10":"first","11":"outofstock","12":"taxable","13":"shipping-taxable","14":"purchasable","15":"product-type-simple"},"supplier_id":null,"supplier_sku":"","barcode":null,"atum_controlled":true,"out_stock_date":"2023-11-01 14:44:10","out_stock_threshold":null,"inheritable":false,"inbound_stock":0,"stock_on_hold":0,"sold_today":0,"sales_last_days":0,"reserved_stock":0,"customer_returns":0,"warehouse_damage":0,"lost_in_post":0,"other_logs":0,"out_stock_days":819,"lost_sales":0,"has_location":false,"update_date":"2026-01-28T23:11:17","atum_locations":[],"atum_stock_status":"outofstock","restock_status":false,"low_stock_amount":"","sales_update_date":"2026-01-28T23:11:17","calc_backorders":null,"acf":{"publisher":{"ID":12963,"post_author":"1","post_date":"2021-06-11 23:40:15","post_date_gmt":"2021-06-11 20:40:15","post_content":"","post_title":"Rio Book","post_excerpt":"","post_status":"publish","comment_status":"closed","ping_status":"closed","post_password":"","post_name":"rio-book","to_ping":"","pinged":"","post_modified":"2021-06-11 23:40:15","post_modified_gmt":"2021-06-11 20:40:15","post_content_filtered":"","post_parent":0,"guid":"https:\/\/sachviet.eu\/nha-phat-hanh\/rio-book\/","menu_order":0,"post_type":"publisher","post_mime_type":"","comment_count":"0","filter":"raw"}},"_links":{"self":[{"href":"https:\/\/sachviet.eu\/en\/wp-json\/wp\/v2\/product\/24442","targetHints":{"allow":["GET"]}}],"collection":[{"href":"https:\/\/sachviet.eu\/en\/wp-json\/wp\/v2\/product"}],"about":[{"href":"https:\/\/sachviet.eu\/en\/wp-json\/wp\/v2\/types\/product"}],"wp:featuredmedia":[{"embeddable":true,"href":"https:\/\/sachviet.eu\/en\/wp-json\/wp\/v2\/media\/24441"}],"wp:attachment":[{"href":"https:\/\/sachviet.eu\/en\/wp-json\/wp\/v2\/media?parent=24442"}],"wp:term":[{"taxonomy":"product_brand","embeddable":true,"href":"https:\/\/sachviet.eu\/en\/wp-json\/wp\/v2\/product_brand?post=24442"},{"taxonomy":"product_cat","embeddable":true,"href":"https:\/\/sachviet.eu\/en\/wp-json\/wp\/v2\/product_cat?post=24442"},{"taxonomy":"product_tag","embeddable":true,"href":"https:\/\/sachviet.eu\/en\/wp-json\/wp\/v2\/product_tag?post=24442"}],"curies":[{"name":"wp","href":"https:\/\/api.w.org\/{rel}","templated":true}]}}