{"id":24385,"date":"2023-10-06T21:45:10","date_gmt":"2023-10-06T18:45:10","guid":{"rendered":"https:\/\/sachviet.eu\/shop\/bep-nha-nam-khong-co-lo\/"},"modified":"2023-10-08T13:32:56","modified_gmt":"2023-10-08T10:32:56","slug":"bep-nha-nam-khong-co-lo","status":"publish","type":"product","link":"https:\/\/sachviet.eu\/en\/shop\/bep-nha-nam-khong-co-lo\/","title":{"rendered":"B\u1ebeP NH\u00c0 NAM KH\u00d4NG C\u00d3 L\u00d2"},"content":{"rendered":"<p>Cu\u1ed1n s\u00e1ch n\u00e0y \u0111\u01b0\u1ee3c l\u1ea5y c\u1ea3m h\u1ee9ng t\u1eeb Series \u201cB\u1ebfp nh\u00e0 Nam kh\u00f4ng c\u00f3 l\u00f2\u201d tr\u00ean Youtube c\u1ee7a t\u00e1c gi\u1ea3 Nam c\u00f3 \u00edch &#8211; m\u1ed9t series l\u00e0m b\u00e1nh \u0111\u00e3 ti\u1ebfp th\u00eam n\u0103ng l\u01b0\u1ee3ng t\u00edch c\u1ef1c cho nhi\u1ec1u b\u1ea1n tr\u1ebb \u0111i t\u00ecm \u0111am m\u00ea tr\u00ean h\u00e0nh tr\u00ecnh b\u00e1nh tr\u00e1i. \u0110\u00fang nh\u01b0 t\u00ean g\u1ecdi c\u1ee7a cu\u1ed1n s\u00e1ch n\u00e0y v\u00e0 c\u0169ng ch\u00ednh l\u00e0 th\u00f4ng \u0111i\u1ec7p Nam mu\u1ed1n g\u1eedi t\u1edbi c\u00e1c \u0111\u1ed9c gi\u1ea3, d\u00f9 nh\u00e0 b\u1ea1n ch\u1eb3ng c\u00f3 b\u1ea5t k\u00ec m\u1ed9t chi\u1ebfc l\u00f2 n\u01b0\u1edbng n\u00e0o nh\u01b0ng b\u1ea1n v\u1eabn s\u1ebd h\u1ecdc \u0111\u01b0\u1ee3c c\u00e1ch t\u1ef1 tay ho\u00e0n thi\u1ec7n m\u1ed9t chi\u1ebfc b\u00e1nh v\u1eeba \u0111\u1eb9p m\u1eaft v\u1eeba ngon mi\u1ec7ng. Th\u1ebf gi\u1edbi b\u00e1nh ng\u1ecdt v\u00f4 c\u00f9ng r\u1ed9ng l\u1edbn v\u00e0 th\u00fa v\u1ecb, b\u1ea1n ho\u00e0n to\u00e0n c\u00f3 th\u1ec3 t\u1ef1 l\u00e0m m\u1ed9t chi\u1ebfc b\u00e1nh sinh nh\u1eadt ch\u1ec9 b\u1eb1ng \u201cn\u1ed3i c\u01a1m \u0111i\u1ec7n\u201d hay m\u1ed9t chi\u1ebfc b\u00e1nh mousse m\u00e1t l\u1ea1nh ch\u1ec9 b\u1eb1ng \u201ct\u1ee7 l\u1ea1nh\u201d nh\u00e0 b\u1ea1n. V\u1eady \u0111\u00f3, b\u1ea1n \u0111\u00e2u c\u1ea7n m\u1ed9t c\u00e1i l\u00f2 n\u01b0\u1edbng ho\u00e0nh tr\u00e1ng m\u1edbi c\u00f3 th\u1ec3 t\u1ea1o ra nh\u1eefng chi\u1ebfc b\u00e1nh ng\u1ecdt ng\u00e0o.<\/p>\n","protected":false},"excerpt":{"rendered":"<p>Cu\u1ed1n s\u00e1ch n\u00e0y \u0111\u01b0\u1ee3c l\u1ea5y c\u1ea3m h\u1ee9ng t\u1eeb Series \u201cB\u1ebfp nh\u00e0 Nam kh\u00f4ng c\u00f3 l\u00f2\u201d tr\u00ean Youtube c\u1ee7a t\u00e1c gi\u1ea3 Nam c\u00f3 \u00edch &#8211; m\u1ed9t series l\u00e0m b\u00e1nh \u0111\u00e3 ti\u1ebfp th\u00eam n\u0103ng l\u01b0\u1ee3ng t\u00edch c\u1ef1c cho nhi\u1ec1u b\u1ea1n tr\u1ebb \u0111i t\u00ecm \u0111am m\u00ea tr\u00ean h\u00e0nh tr\u00ecnh b\u00e1nh tr\u00e1i. \u0110\u00fang nh\u01b0 t\u00ean g\u1ecdi c\u1ee7a cu\u1ed1n s\u00e1ch n\u00e0y v\u00e0 c\u0169ng ch\u00ednh l\u00e0 th\u00f4ng \u0111i\u1ec7p Nam mu\u1ed1n g\u1eedi t\u1edbi c\u00e1c \u0111\u1ed9c gi\u1ea3, d\u00f9 nh\u00e0 b\u1ea1n ch\u1eb3ng c\u00f3 b\u1ea5t k\u00ec m\u1ed9t chi\u1ebfc l\u00f2 n\u01b0\u1edbng n\u00e0o nh\u01b0ng b\u1ea1n v\u1eabn s\u1ebd h\u1ecdc \u0111\u01b0\u1ee3c c\u00e1ch t\u1ef1 tay ho\u00e0n thi\u1ec7n m\u1ed9t chi\u1ebfc b\u00e1nh v\u1eeba \u0111\u1eb9p m\u1eaft v\u1eeba ngon mi\u1ec7ng. Th\u1ebf gi\u1edbi b\u00e1nh ng\u1ecdt v\u00f4 c\u00f9ng r\u1ed9ng l\u1edbn v\u00e0 th\u00fa v\u1ecb, b\u1ea1n ho\u00e0n to\u00e0n c\u00f3 th\u1ec3 t\u1ef1 l\u00e0m m\u1ed9t chi\u1ebfc b\u00e1nh sinh nh\u1eadt ch\u1ec9 b\u1eb1ng \u201cn\u1ed3i c\u01a1m \u0111i\u1ec7n\u201d hay m\u1ed9t chi\u1ebfc b\u00e1nh mousse m\u00e1t l\u1ea1nh ch\u1ec9 b\u1eb1ng \u201ct\u1ee7 l\u1ea1nh\u201d nh\u00e0 b\u1ea1n. V\u1eady \u0111\u00f3, b\u1ea1n \u0111\u00e2u c\u1ea7n m\u1ed9t c\u00e1i l\u00f2 n\u01b0\u1edbng ho\u00e0nh tr\u00e1ng m\u1edbi c\u00f3 th\u1ec3 t\u1ea1o ra nh\u1eefng chi\u1ebfc b\u00e1nh ng\u1ecdt ng\u00e0o.<\/p>\n","protected":false},"featured_media":24384,"template":"","meta":{"_acf_changed":false},"product_brand":[],"product_cat":[42],"product_tag":[],"class_list":{"0":"post-24385","1":"product","2":"type-product","3":"status-publish","4":"has-post-thumbnail","6":"product_cat-sach-nau-an-am-thuc","8":"first","9":"outofstock","10":"taxable","11":"shipping-taxable","12":"purchasable","13":"product-type-simple"},"supplier_id":null,"supplier_sku":"","barcode":null,"atum_controlled":true,"out_stock_date":"2023-10-06 18:45:10","out_stock_threshold":null,"inheritable":false,"inbound_stock":0,"stock_on_hold":0,"sold_today":0,"sales_last_days":0,"reserved_stock":0,"customer_returns":0,"warehouse_damage":0,"lost_in_post":0,"other_logs":0,"out_stock_days":845,"lost_sales":0,"has_location":false,"update_date":"2026-01-28T23:11:17","atum_locations":[],"atum_stock_status":"outofstock","restock_status":false,"low_stock_amount":"","sales_update_date":"2026-01-28T23:11:17","calc_backorders":null,"acf":{"publisher":{"ID":1460,"post_author":"1","post_date":"2021-02-17 01:12:24","post_date_gmt":"2021-02-16 23:12:24","post_content":"<!-- wp:flatsome\/uxbuilder -->\n<h1 style=\"text-align: center;\"><strong>Skybooks<\/strong><\/h1>\n[row]\n\n[col span=\"7\" span__sm=\"12\"]\n\n<p>C\u00f4ng ty ph\u00e1t h\u00e0nh s\u00e1ch Skybooks. \"T\u00f4i tr\u1ebb, t\u00f4i \u0111am m\u00ea\" v\u1edbi s\u1ee9 m\u1ec7nh lan to\u1ea3 c\u1ea3m x\u00fac v\u00e0 k\u1ebft n\u1ed1i t\u00e2m h\u1ed3n<\/p>\n<p><strong>Skybooks l\u00e0 c\u00e2u chuy\u1ec7n k\u1ec3 v\u1ec1:<\/strong><br \/>M\u1ed9t th\u1ebf h\u1ec7 ng\u01b0\u1eddi vi\u1ebft tr\u1ebb, \u0111am m\u00ea v\u0103n ch\u01b0\u01a1ng v\u00e0 t\u00f4n tr\u1ecdng, g\u00ecn gi\u1eef, s\u00e1ng t\u1ea1o Ti\u1ebfng Vi\u1ec7t. M\u1ed9t th\u1ebf h\u1ec7 \u0111\u1ed9c gi\u1ea3 tr\u1ebb, \u0111am m\u00ea kh\u00e1m ph\u00e1 ng\u00f4n ng\u1eef v\u00e0 say m\u00ea \u0111\u1ebfn v\u1edbi th\u1ebf gi\u1edbi c\u1ee7a nh\u1eefng quy\u1ec3n s\u00e1ch. M\u1ed9t th\u1ebf h\u1ec7 ng\u01b0\u1eddi l\u00e0m s\u00e1ch tr\u1ebb, \u0111am m\u00ea mang nh\u1eefng gi\u00e1 tr\u1ecb tinh th\u1ea7n l\u1ea1i g\u1ea7n ng\u01b0\u1eddi \u0111\u1ecdc.<br \/>Trong b\u1ed9 nh\u1eadn d\u1ea1ng th\u01b0\u01a1ng hi\u1ec7u:<br \/>Skybooks v\u1edbi ch\u1eef Sky m\u00e0u xanh da tr\u1eddi c\u00f3 \u00fd ngh\u0129a l\u00e0 c\u00f4ng ty B\u1ea7u Tr\u1eddi - n\u01a1i t\u1ea5t c\u1ea3 \u01b0\u1edbc m\u01a1 \u0111\u01b0\u1ee3c t\u1ef1 do tung c\u00e1nh.<br \/>V\u1edbi logo h\u00ecnh hoa b\u1ed3 c\u00f4ng anh \u0111ang bay t\u01b0\u1ee3ng tr\u01b0ng cho s\u1ef1 lan to\u1ea3 c\u1ea3m x\u00fac v\u00e0 kh\u00e1t v\u1ecdng bay cao.<br \/>K\u1ebb v\u1ea1ch logo c\u00f3 n\u1ec1n m\u00e0u ghi x\u00e1m xu\u1ea5t hi\u1ec7n tr\u00ean b\u00eca m\u1ecdi \u1ea5n ph\u1ea9m th\u1ec3 hi\u1ec7n con \u0111\u01b0\u1eddng b\u01b0\u1edbc v\u00e0o th\u1ecb tr\u01b0\u1eddng s\u00e1ch v\u00e0 chinh ph\u1ee5c \u0111\u1ed9c gi\u1ea3 l\u00e0 m\u1ed9t h\u00e0nh tr\u00ecnh d\u00e0i, \u0111\u1ea7y gian kh\u00f3, c\u00f3 nhi\u1ec1u b\u00e3o t\u1ed1, nh\u01b0ng ch\u1ec9 c\u1ea7n n\u1ed7 l\u1ef1c c\u1ed1 g\u1eafng nh\u1ea5t \u0111\u1ecbnh s\u1ebd ngo\u1ea1n m\u1ee5c v\u01b0\u1ee3t qua. \u0110\u1ec3 kh\u1eb3ng \u0111\u1ecbnh v\u00e0 ch\u1ee9ng minh ch\u00ednh m\u00ecnh!<\/p>\n\n[\/col]\n[col span=\"5\" span__sm=\"12\"]\n\n[ux_image id=\"1825\" image_size=\"medium\"]\n\n\n[\/col]\n\n[\/row]\n\n<!-- \/wp:flatsome\/uxbuilder -->","post_title":"Skybooks","post_excerpt":"","post_status":"publish","comment_status":"closed","ping_status":"closed","post_password":"","post_name":"skybooks","to_ping":"","pinged":"","post_modified":"2021-02-17 01:57:31","post_modified_gmt":"2021-02-16 23:57:31","post_content_filtered":"","post_parent":0,"guid":"https:\/\/sachviet.eu\/nha-phat-hanh\/skybooks\/","menu_order":0,"post_type":"publisher","post_mime_type":"","comment_count":"0","filter":"raw"}},"_links":{"self":[{"href":"https:\/\/sachviet.eu\/en\/wp-json\/wp\/v2\/product\/24385","targetHints":{"allow":["GET"]}}],"collection":[{"href":"https:\/\/sachviet.eu\/en\/wp-json\/wp\/v2\/product"}],"about":[{"href":"https:\/\/sachviet.eu\/en\/wp-json\/wp\/v2\/types\/product"}],"wp:featuredmedia":[{"embeddable":true,"href":"https:\/\/sachviet.eu\/en\/wp-json\/wp\/v2\/media\/24384"}],"wp:attachment":[{"href":"https:\/\/sachviet.eu\/en\/wp-json\/wp\/v2\/media?parent=24385"}],"wp:term":[{"taxonomy":"product_brand","embeddable":true,"href":"https:\/\/sachviet.eu\/en\/wp-json\/wp\/v2\/product_brand?post=24385"},{"taxonomy":"product_cat","embeddable":true,"href":"https:\/\/sachviet.eu\/en\/wp-json\/wp\/v2\/product_cat?post=24385"},{"taxonomy":"product_tag","embeddable":true,"href":"https:\/\/sachviet.eu\/en\/wp-json\/wp\/v2\/product_tag?post=24385"}],"curies":[{"name":"wp","href":"https:\/\/api.w.org\/{rel}","templated":true}]}}