{"id":24383,"date":"2023-10-06T21:45:05","date_gmt":"2023-10-06T18:45:05","guid":{"rendered":"https:\/\/sachviet.eu\/shop\/combo-55-cach-de-vuot-qua-that-bai-de-song-tich-cuc-de-song-co-ki-luat-de-kich-hoat-tu-duy-de-tranh-luan-co-hieu-qua\/"},"modified":"2023-10-08T13:32:56","modified_gmt":"2023-10-08T10:32:56","slug":"combo-55-cach-de-vuot-qua-that-bai-de-song-tich-cuc-de-song-co-ki-luat-de-kich-hoat-tu-duy-de-tranh-luan-co-hieu-qua","status":"publish","type":"product","link":"https:\/\/sachviet.eu\/en\/shop\/combo-55-cach-de-vuot-qua-that-bai-de-song-tich-cuc-de-song-co-ki-luat-de-kich-hoat-tu-duy-de-tranh-luan-co-hieu-qua\/","title":{"rendered":"Combo 55 C\u00e1ch: \u0110\u1ec3 V\u01b0\u1ee3t Qua Th\u1ea5t B\u1ea1i + \u0110\u1ec3 S\u1ed1ng T\u00edch C\u1ef1c + \u0110\u1ec3 S\u1ed1ng C\u00f3 K\u1ec9 Lu\u1eadt + \u0110\u1ec3 K\u00edch Ho\u1ea1t T\u01b0 Duy + \u0110\u1ec3 Tranh Lu\u1eadn C\u00f3 Hi\u1ec7u Qu\u1ea3"},"content":{"rendered":"<p>B\u1ea5t c\u1ee9 ai c\u0169ng c\u00f3 \u0111\u00f4i l\u1ea7n tr\u1ea3i qua th\u1ea5t b\u1ea1i, g\u1eb7p tai ho\u1ea1, kh\u00f4ng th\u00e0nh c\u00f4ng hay m\u1ea5t ph\u01b0\u01a1ng h\u01b0\u1edbng \u1edf m\u1ed9t s\u1ed1 th\u1eddi \u0111i\u1ec3m trong cu\u1ed9c \u0111\u1eddi. V\u1eadn \u0111en c\u00f3 th\u1ec3 l\u00e0m b\u1ea1n g\u1ee5c ng\u00e3 m\u00e0 kh\u00f4ng c\u1ea7n m\u1ed9t l\u1eddi c\u1ea3nh b\u00e1o. N\u00f3 c\u00f3 th\u1ec3 t\u00e1c \u0111\u1ed9ng \u0111\u1ebfn c\u00e1c m\u1ed1i quan h\u1ec7, ng\u01b0\u1eddi th\u00e2n, s\u1ef1 nghi\u1ec7p, c\u00f4ng vi\u1ec7c, s\u1ee9c kho\u1ebb hay t\u00ecnh h\u00ecnh t\u00e0i ch\u00ednh c\u1ee7a b\u1ea1n. V\u1ea5n \u0111\u1ec1 c\u1ed1t l\u00f5i \u1edf \u0111\u00e2y kh\u00f4ng ph\u1ea3i l\u00e0 bao nhi\u00eau l\u1ea7n b\u1ea1n v\u1ea5p ng\u00e3, m\u00e0 l\u00e0 l\u00e0m th\u1ebf n\u00e0o v\u00e0 \u0111\u00e2u l\u00e0 n\u01a1i b\u1ea1n \u0111\u00e3 \u0111\u1ee9ng d\u1eady. Th\u1eddi gian tr\u00f4i qua, b\u1ea1n s\u1ebd \u0111\u1ea1t \u0111\u01b0\u1ee3c th\u00e0nh c\u00f4ng.<\/p>\n<p>C\u00e1c nghi\u00ean c\u1ee9u \u0111\u1ec1u cho th\u1ea5y nh\u1eefng ng\u01b0\u1eddi l\u1ea1c quan d\u1ec5 d\u00e0ng \u0111\u1ea1t \u0111\u01b0\u1ee3c m\u1ee5c ti\u00eau h\u01a1n l\u00e0 nh\u1eefng ng\u01b0\u1eddi bi quan. H\u1ecd th\u00e0nh c\u00f4ng kh\u00f4ng ph\u1ea3i v\u00ec h\u1ecd th\u1ea5t b\u1ea1i \u00edt h\u01a1n, m\u00e0 b\u1edfi v\u00ec h\u1ecd bi\u1ebft c\u00e1ch v\u01b0\u1ee3t qua nhi\u1ec1u th\u1ea5t b\u1ea1i h\u01a1n. Nh\u1eefng ng\u01b0\u1eddi c\u00f3 th\u00e1i \u0111\u1ed9 t\u00edch c\u1ef1c lu\u00f4n t\u00ecm hi\u1ec3u xem v\u00ec sao h\u1ecd th\u1ea5t b\u1ea1i. H\u00e3y nh\u1edb r\u1eb1ng: th\u1ea5t b\u1ea1i kh\u00f4ng ph\u1ea3i l\u00e0 m\u1ed9t b\u1ee9c t\u01b0\u1eddng kh\u00f4ng th\u1ec3 v\u01b0\u1ee3t qua. B\u1ea1n ch\u1ec9 c\u1ea7n t\u00ecm m\u1ed9t c\u00e1nh c\u1ed5ng. D\u00f9 vi\u1ec7c n\u00e0y c\u00f3 th\u1ec3 khi\u1ebfn b\u1ea1n m\u1ea5t ch\u00fat th\u1eddi gian, nh\u01b0ng n\u1ebfu b\u1ea1n m\u1edf \u0111\u01b0\u1ee3c c\u00e1nh c\u1ed5ng \u0111\u00f3 v\u00e0 \u0111i qua, b\u1ea1n s\u1ebd s\u1edbm t\u00ecm th\u1ea5y con \u0111\u01b0\u1eddng c\u1ee7a m\u00ecnh.<\/p>\n<p>Cu\u1ed1n s\u00e1ch 55 c\u00e1ch \u0111\u1ec3 v\u01b0\u1ee3t qua th\u1ea5t b\u1ea1i khuy\u1ebfn kh\u00edch ng\u01b0\u1eddi \u0111\u1ecdc t\u1ef1 r\u00e8n luy\u1ec7n v\u00e0 c\u00f3 ph\u1ea3n \u1ee9ng th\u00edch h\u1ee3p khi g\u1eb7p kh\u00f3 kh\u0103n trong cu\u1ed9c s\u1ed1ng.<\/p>\n","protected":false},"excerpt":{"rendered":"<p>B\u1ea5t c\u1ee9 ai c\u0169ng c\u00f3 \u0111\u00f4i l\u1ea7n tr\u1ea3i qua th\u1ea5t b\u1ea1i, g\u1eb7p tai ho\u1ea1, kh\u00f4ng th\u00e0nh c\u00f4ng hay m\u1ea5t ph\u01b0\u01a1ng h\u01b0\u1edbng \u1edf m\u1ed9t s\u1ed1 th\u1eddi \u0111i\u1ec3m trong cu\u1ed9c \u0111\u1eddi. V\u1eadn \u0111en c\u00f3 th\u1ec3 l\u00e0m b\u1ea1n g\u1ee5c ng\u00e3 m\u00e0 kh\u00f4ng c\u1ea7n m\u1ed9t l\u1eddi c\u1ea3nh b\u00e1o. N\u00f3 c\u00f3 th\u1ec3 t\u00e1c \u0111\u1ed9ng \u0111\u1ebfn c\u00e1c m\u1ed1i quan h\u1ec7, ng\u01b0\u1eddi th\u00e2n, s\u1ef1 nghi\u1ec7p, c\u00f4ng vi\u1ec7c, s\u1ee9c kho\u1ebb hay t\u00ecnh h\u00ecnh t\u00e0i ch\u00ednh c\u1ee7a b\u1ea1n. V\u1ea5n \u0111\u1ec1 c\u1ed1t l\u00f5i \u1edf \u0111\u00e2y kh\u00f4ng ph\u1ea3i l\u00e0 bao nhi\u00eau l\u1ea7n b\u1ea1n v\u1ea5p ng\u00e3, m\u00e0 l\u00e0 l\u00e0m th\u1ebf n\u00e0o v\u00e0 \u0111\u00e2u l\u00e0 n\u01a1i b\u1ea1n \u0111\u00e3 \u0111\u1ee9ng d\u1eady. Th\u1eddi gian tr\u00f4i qua, b\u1ea1n s\u1ebd \u0111\u1ea1t \u0111\u01b0\u1ee3c th\u00e0nh c\u00f4ng.<\/p>\n<p>C\u00e1c nghi\u00ean c\u1ee9u \u0111\u1ec1u cho th\u1ea5y nh\u1eefng ng\u01b0\u1eddi l\u1ea1c quan d\u1ec5 d\u00e0ng \u0111\u1ea1t \u0111\u01b0\u1ee3c m\u1ee5c ti\u00eau h\u01a1n l\u00e0 nh\u1eefng ng\u01b0\u1eddi bi quan. H\u1ecd th\u00e0nh c\u00f4ng kh\u00f4ng ph\u1ea3i v\u00ec h\u1ecd th\u1ea5t b\u1ea1i \u00edt h\u01a1n, m\u00e0 b\u1edfi v\u00ec h\u1ecd bi\u1ebft c\u00e1ch v\u01b0\u1ee3t qua nhi\u1ec1u th\u1ea5t b\u1ea1i h\u01a1n. Nh\u1eefng ng\u01b0\u1eddi c\u00f3 th\u00e1i \u0111\u1ed9 t\u00edch c\u1ef1c lu\u00f4n t\u00ecm hi\u1ec3u xem v\u00ec sao h\u1ecd th\u1ea5t b\u1ea1i. H\u00e3y nh\u1edb r\u1eb1ng: th\u1ea5t b\u1ea1i kh\u00f4ng ph\u1ea3i l\u00e0 m\u1ed9t b\u1ee9c t\u01b0\u1eddng kh\u00f4ng th\u1ec3 v\u01b0\u1ee3t qua. B\u1ea1n ch\u1ec9 c\u1ea7n t\u00ecm m\u1ed9t c\u00e1nh c\u1ed5ng. D\u00f9 vi\u1ec7c n\u00e0y c\u00f3 th\u1ec3 khi\u1ebfn b\u1ea1n m\u1ea5t ch\u00fat th\u1eddi gian, nh\u01b0ng n\u1ebfu b\u1ea1n m\u1edf \u0111\u01b0\u1ee3c c\u00e1nh c\u1ed5ng \u0111\u00f3 v\u00e0 \u0111i qua, b\u1ea1n s\u1ebd s\u1edbm t\u00ecm th\u1ea5y con \u0111\u01b0\u1eddng c\u1ee7a m\u00ecnh.<\/p>\n<p>Cu\u1ed1n s\u00e1ch 55 c\u00e1ch \u0111\u1ec3 v\u01b0\u1ee3t qua th\u1ea5t b\u1ea1i khuy\u1ebfn kh\u00edch ng\u01b0\u1eddi \u0111\u1ecdc t\u1ef1 r\u00e8n luy\u1ec7n v\u00e0 c\u00f3 ph\u1ea3n \u1ee9ng th\u00edch h\u1ee3p khi g\u1eb7p kh\u00f3 kh\u0103n trong cu\u1ed9c s\u1ed1ng.<\/p>\n","protected":false},"featured_media":24382,"template":"","meta":{"_acf_changed":false},"product_brand":[],"product_cat":[25,17,26],"product_tag":[],"class_list":{"0":"post-24383","1":"product","2":"type-product","3":"status-publish","4":"has-post-thumbnail","6":"product_cat-nhi-dong-6-tuoi-12-tuoi","7":"product_cat-sach-danh-cho-cac-be","8":"product_cat-thieu-nien-11-tuoi-18-tuoi","10":"first","11":"outofstock","12":"taxable","13":"shipping-taxable","14":"purchasable","15":"product-type-simple"},"supplier_id":null,"supplier_sku":"","barcode":null,"atum_controlled":true,"out_stock_date":"2023-10-06 18:45:05","out_stock_threshold":null,"inheritable":false,"inbound_stock":0,"stock_on_hold":0,"sold_today":0,"sales_last_days":0,"reserved_stock":0,"customer_returns":0,"warehouse_damage":0,"lost_in_post":0,"other_logs":0,"out_stock_days":845,"lost_sales":0,"has_location":false,"update_date":"2026-01-28T23:11:17","atum_locations":[],"atum_stock_status":"outofstock","restock_status":false,"low_stock_amount":"","sales_update_date":"2026-01-28T23:11:17","calc_backorders":null,"acf":{"publisher":{"ID":9667,"post_author":"1","post_date":"2021-06-02 01:30:53","post_date_gmt":"2021-06-01 22:30:53","post_content":"","post_title":"Minh Long","post_excerpt":"","post_status":"publish","comment_status":"closed","ping_status":"closed","post_password":"","post_name":"minh-long","to_ping":"","pinged":"","post_modified":"2021-06-02 01:30:53","post_modified_gmt":"2021-06-01 22:30:53","post_content_filtered":"","post_parent":0,"guid":"https:\/\/sachviet.eu\/nha-phat-hanh\/minh-long\/","menu_order":0,"post_type":"publisher","post_mime_type":"","comment_count":"0","filter":"raw"}},"_links":{"self":[{"href":"https:\/\/sachviet.eu\/en\/wp-json\/wp\/v2\/product\/24383","targetHints":{"allow":["GET"]}}],"collection":[{"href":"https:\/\/sachviet.eu\/en\/wp-json\/wp\/v2\/product"}],"about":[{"href":"https:\/\/sachviet.eu\/en\/wp-json\/wp\/v2\/types\/product"}],"wp:featuredmedia":[{"embeddable":true,"href":"https:\/\/sachviet.eu\/en\/wp-json\/wp\/v2\/media\/24382"}],"wp:attachment":[{"href":"https:\/\/sachviet.eu\/en\/wp-json\/wp\/v2\/media?parent=24383"}],"wp:term":[{"taxonomy":"product_brand","embeddable":true,"href":"https:\/\/sachviet.eu\/en\/wp-json\/wp\/v2\/product_brand?post=24383"},{"taxonomy":"product_cat","embeddable":true,"href":"https:\/\/sachviet.eu\/en\/wp-json\/wp\/v2\/product_cat?post=24383"},{"taxonomy":"product_tag","embeddable":true,"href":"https:\/\/sachviet.eu\/en\/wp-json\/wp\/v2\/product_tag?post=24383"}],"curies":[{"name":"wp","href":"https:\/\/api.w.org\/{rel}","templated":true}]}}