{"id":24381,"date":"2023-10-06T21:44:59","date_gmt":"2023-10-06T18:44:59","guid":{"rendered":"https:\/\/sachviet.eu\/shop\/yeu-thuong-khen-ngoi-va-nhin-nhan-bi-quyet-nuoi-day-con-theo-phuong-phap-shichida\/"},"modified":"2023-10-08T13:32:56","modified_gmt":"2023-10-08T10:32:56","slug":"yeu-thuong-khen-ngoi-va-nhin-nhan-bi-quyet-nuoi-day-con-theo-phuong-phap-shichida","status":"publish","type":"product","link":"https:\/\/sachviet.eu\/en\/shop\/yeu-thuong-khen-ngoi-va-nhin-nhan-bi-quyet-nuoi-day-con-theo-phuong-phap-shichida\/","title":{"rendered":"Y\u00eau Th\u01b0\u01a1ng, Khen Ng\u1ee3i V\u00e0 Nh\u00ecn Nh\u1eadn &#8211; B\u00ed Quy\u1ebft Nu\u00f4i D\u1ea1y Con Theo Ph\u01b0\u01a1ng Ph\u00e1p Shichida"},"content":{"rendered":"<p>Ph\u01b0\u01a1ng ph\u00e1p Shichida l\u00e0 ph\u01b0\u01a1ng ph\u00e1p gi\u00e1o d\u1ee5c n\u1ed5i ti\u1ebfng t\u1ea1i Nh\u1eadt B\u1ea3n, nh\u1eb1m kh\u01a1i d\u1eady m\u1ecdi ti\u1ec1m n\u0103ng b\u1ea9m sinh c\u1ee7a tr\u1ebb. \u0110\u00e2y l\u00e0 ph\u01b0\u01a1ng ph\u00e1p gi\u00e1o d\u1ee5c s\u1edbm \u0111\u1ebfn t\u1eeb Nh\u1eadt B\u1ea3n d\u1ef1a tr\u00ean s\u1ef1 ph\u00e1t tri\u1ec3n n\u00e3o b\u1ed9 c\u1ee7a tr\u1ebb t\u1eeb 0 \u0111\u1ebfn 6 tu\u1ed5i. Ph\u01b0\u01a1ng ph\u00e1p Shichida \u0111\u00e3 \u0111\u01b0\u1ee3c ph\u00e1t tri\u1ec3n d\u1ef1a tr\u00ean n\u1ec1n t\u1ea3ng khoa h\u1ecdc v\u00e0 ch\u1ee9ng th\u1ef1c v\u1ec1 n\u00e3o ph\u1ea3i, c\u00e2n b\u1eb1ng ph\u00e1t tri\u1ec3n hai b\u00e1n c\u1ea7u n\u00e3o. T\u1eeb \u0111\u00f3, kh\u1ea3 n\u0103ng c\u1ee7a tr\u1ebb kh\u00f4ng ch\u1ec9 d\u1eebng l\u1ea1i \u1edf c\u00e1c k\u1ef9 n\u0103ng c\u01a1 b\u1ea3n nh\u01b0 \u0111\u1ecdc, to\u00e1n, nh\u1ea1c, h\u1ecda\u2026 m\u00e0 qua \u0111\u00f3 ph\u00e1t tri\u1ec3n h\u00ecnh th\u00e0nh t\u00ednh c\u00e1ch, n\u0103ng l\u1ef1c t\u01b0 duy, t\u00ecnh y\u00eau v\u00e0 s\u1ef1 g\u1eafn k\u1ebft gi\u1eefa cha m\u1eb9 v\u00e0 con c\u00e1i.<\/p>\n","protected":false},"excerpt":{"rendered":"<p>Ph\u01b0\u01a1ng ph\u00e1p Shichida l\u00e0 ph\u01b0\u01a1ng ph\u00e1p gi\u00e1o d\u1ee5c n\u1ed5i ti\u1ebfng t\u1ea1i Nh\u1eadt B\u1ea3n, nh\u1eb1m kh\u01a1i d\u1eady m\u1ecdi ti\u1ec1m n\u0103ng b\u1ea9m sinh c\u1ee7a tr\u1ebb. \u0110\u00e2y l\u00e0 ph\u01b0\u01a1ng ph\u00e1p gi\u00e1o d\u1ee5c s\u1edbm \u0111\u1ebfn t\u1eeb Nh\u1eadt B\u1ea3n d\u1ef1a tr\u00ean s\u1ef1 ph\u00e1t tri\u1ec3n n\u00e3o b\u1ed9 c\u1ee7a tr\u1ebb t\u1eeb 0 \u0111\u1ebfn 6 tu\u1ed5i. Ph\u01b0\u01a1ng ph\u00e1p Shichida \u0111\u00e3 \u0111\u01b0\u1ee3c ph\u00e1t tri\u1ec3n d\u1ef1a tr\u00ean n\u1ec1n t\u1ea3ng khoa h\u1ecdc v\u00e0 ch\u1ee9ng th\u1ef1c v\u1ec1 n\u00e3o ph\u1ea3i, c\u00e2n b\u1eb1ng ph\u00e1t tri\u1ec3n hai b\u00e1n c\u1ea7u n\u00e3o. T\u1eeb \u0111\u00f3, kh\u1ea3 n\u0103ng c\u1ee7a tr\u1ebb kh\u00f4ng ch\u1ec9 d\u1eebng l\u1ea1i \u1edf c\u00e1c k\u1ef9 n\u0103ng c\u01a1 b\u1ea3n nh\u01b0 \u0111\u1ecdc, to\u00e1n, nh\u1ea1c, h\u1ecda\u2026 m\u00e0 qua \u0111\u00f3 ph\u00e1t tri\u1ec3n h\u00ecnh th\u00e0nh t\u00ednh c\u00e1ch, n\u0103ng l\u1ef1c t\u01b0 duy, t\u00ecnh y\u00eau v\u00e0 s\u1ef1 g\u1eafn k\u1ebft gi\u1eefa cha m\u1eb9 v\u00e0 con c\u00e1i.<\/p>\n","protected":false},"featured_media":24380,"template":"","meta":{"_acf_changed":false},"product_brand":[],"product_cat":[19],"product_tag":[],"class_list":{"0":"post-24381","1":"product","2":"type-product","3":"status-publish","4":"has-post-thumbnail","6":"product_cat-nuoi-day-con","8":"first","9":"outofstock","10":"taxable","11":"shipping-taxable","12":"purchasable","13":"product-type-simple"},"supplier_id":null,"supplier_sku":"","barcode":null,"atum_controlled":true,"out_stock_date":"2023-10-06 18:44:59","out_stock_threshold":null,"inheritable":false,"inbound_stock":0,"stock_on_hold":0,"sold_today":0,"sales_last_days":0,"reserved_stock":0,"customer_returns":0,"warehouse_damage":0,"lost_in_post":0,"other_logs":0,"out_stock_days":845,"lost_sales":0,"has_location":false,"update_date":"2026-01-28T23:11:17","atum_locations":[],"atum_stock_status":"outofstock","restock_status":false,"low_stock_amount":"","sales_update_date":"2026-01-28T23:11:17","calc_backorders":null,"acf":{"publisher":{"ID":6196,"post_author":"1","post_date":"2021-03-15 01:26:01","post_date_gmt":"2021-03-14 23:26:01","post_content":"","post_title":"FIRST NEWS","post_excerpt":"","post_status":"publish","comment_status":"closed","ping_status":"closed","post_password":"","post_name":"first-news","to_ping":"","pinged":"","post_modified":"2021-03-15 01:26:01","post_modified_gmt":"2021-03-14 23:26:01","post_content_filtered":"","post_parent":0,"guid":"https:\/\/sachviet.eu\/blog\/nha-phat-hanh\/first-news\/","menu_order":0,"post_type":"publisher","post_mime_type":"","comment_count":"0","filter":"raw"}},"_links":{"self":[{"href":"https:\/\/sachviet.eu\/en\/wp-json\/wp\/v2\/product\/24381","targetHints":{"allow":["GET"]}}],"collection":[{"href":"https:\/\/sachviet.eu\/en\/wp-json\/wp\/v2\/product"}],"about":[{"href":"https:\/\/sachviet.eu\/en\/wp-json\/wp\/v2\/types\/product"}],"wp:featuredmedia":[{"embeddable":true,"href":"https:\/\/sachviet.eu\/en\/wp-json\/wp\/v2\/media\/24380"}],"wp:attachment":[{"href":"https:\/\/sachviet.eu\/en\/wp-json\/wp\/v2\/media?parent=24381"}],"wp:term":[{"taxonomy":"product_brand","embeddable":true,"href":"https:\/\/sachviet.eu\/en\/wp-json\/wp\/v2\/product_brand?post=24381"},{"taxonomy":"product_cat","embeddable":true,"href":"https:\/\/sachviet.eu\/en\/wp-json\/wp\/v2\/product_cat?post=24381"},{"taxonomy":"product_tag","embeddable":true,"href":"https:\/\/sachviet.eu\/en\/wp-json\/wp\/v2\/product_tag?post=24381"}],"curies":[{"name":"wp","href":"https:\/\/api.w.org\/{rel}","templated":true}]}}