{"id":24377,"date":"2023-10-06T21:44:48","date_gmt":"2023-10-06T18:44:48","guid":{"rendered":"https:\/\/sachviet.eu\/shop\/hoc-jack-ma-khoi-nghiep-bi-quyet-khoi-nghiep-lam-giau-cua-ma-van\/"},"modified":"2023-10-08T13:32:56","modified_gmt":"2023-10-08T10:32:56","slug":"hoc-jack-ma-khoi-nghiep-bi-quyet-khoi-nghiep-lam-giau-cua-ma-van","status":"publish","type":"product","link":"https:\/\/sachviet.eu\/en\/shop\/hoc-jack-ma-khoi-nghiep-bi-quyet-khoi-nghiep-lam-giau-cua-ma-van\/","title":{"rendered":"H\u1ecdc Jack Ma Kh\u1edfi Nghi\u1ec7p (B\u00ed Quy\u1ebft Kh\u1edfi Nghi\u1ec7p L\u00e0m Gi\u00e0u C\u1ee7a M\u00e3 V\u00e2n)"},"content":{"rendered":"<p>Businessbooks &#8211; H\u1ecdc Jack Ma kh\u1edfi nghi\u1ec7p ( B\u00ed quy\u1ebft kh\u1edfi nghi\u1ec7p l\u00e0m gi\u00e0u c\u1ee7a M\u00e3 V\u00e2n) T\u01b0 t\u01b0\u1edfng d\u1eabn d\u1eaft \u0111\u1ed9i nh\u00f3m c\u1ee7a Jack Ma h\u01b0\u1edbng th\u1eb3ng v\u00e0o tr\u1ecdng t\u00e2m v\u1ea5n \u0111\u1ec1 v\u00e0 \u0111\u01b0\u1ee3c \u0111\u00fac k\u1ebft th\u00e0nh 8 nguy\u00ean t\u1eafc tinh t\u00fay :<\/p>\n<p>Th\u1ee9 nh\u1ea5t : \u0111em l\u1ea1i cho nh\u00e2n vi\u00ean thu nh\u1eadp \u0111\u1ee7 nu\u00f4i gia \u0111\u00ecnh .<br \/>\nTh\u1ee9 hai : h\u01b0\u1edbng d\u1eabn c\u00e1ch suy ngh\u0129 v\u00e0 ph\u01b0\u01a1ng th\u1ee9c l\u00e0m vi\u1ec7c .<br \/>\nTh\u1ee9 ba: k\u00edch th\u00edch ch\u00ed c\u1ea7u ti\u1ebfn v\u00e0 gi\u00fap nh\u00e2n vi\u00ean \u0111\u1eb7t ra m\u1ee5c ti\u00eau cho b\u1ea3n th\u00e2n .<br \/>\nTh\u1ee9 t\u01b0 :k\u1ebft h\u1ee3p gi\u1ea3i tr\u00ed v\u00e0o c\u00f4ng vi\u1ec7c .<br \/>\nTh\u1ee9 n\u0103m : h\u01b0\u1edbng d\u1eabn c\u00e1ch l\u00e0m vi\u1ec7c th\u1ef1c t\u1ebf , ch\u1eafc ch\u1eafn , kh\u00f4ng \u0111i \u0111\u01b0\u1eddng t\u1eaft, kh\u00f4n v\u1eb7t .<br \/>\nTh\u1ee9 s\u00e1u : t\u1ea1o c\u01a1 h\u1ed9i cho nh\u00e2n vi\u00ean tr\u01b0\u1edfng th\u00e0nh , h\u1ecdc t\u1eadp v\u00e0 ph\u00e1t tri\u1ec3n.<br \/>\nTh\u1ee9 b\u1ea3y : gi\u00fap th\u00e0nh vi\u00ean trong nh\u00f3m \u0111\u01b0\u1ee3c khen ng\u1ee3i v\u1ec1 tinh th\u1ea7n , ph\u1ea5n \u0111\u1ea5u n\u00e2ng cao gi\u00e1 tr\u1ecb b\u1ea3n th\u00e2n .<br \/>\nTh\u1ee9 t\u00e1m : ti\u1ebfn t\u1edbi gi\u00e1 tr\u1ecb t\u00e2m h\u1ed3n , l\u0129nh ng\u1ed9 s\u1ef1 v\u1eadn h\u00e0nh c\u1ee7a v\u0169 tr\u1ee5 , h\u01b0\u1edfng th\u1ee5 cu\u1ed9c s\u1ed1ng .<br \/>\nCh\u00fang ta h\u00e3y theo b\u01b0\u1edbc ch\u00e2n Jack Ma t\u1eeb t\u00e1m nguy\u00ean t\u1eafc tr\u00ean , c\u00f9ng t\u00ecm hi\u1ec3u t\u01b0 t\u01b0\u1edfng qu\u1ea3n l\u00fd \u0111\u1ed9i nh\u00f3m c\u1ee7a Jack Ma , x\u00e2y d\u1ef1ng \u0111\u1ed9i ng\u0169 , t\u1ea1o n\u00ean c\u00e2u chuy\u1ec7n k\u1ef3 di\u1ec7u c\u1ee7a ch\u00ednh m\u00ecnh !<\/p>\n","protected":false},"excerpt":{"rendered":"<p>Businessbooks &#8211; H\u1ecdc Jack Ma kh\u1edfi nghi\u1ec7p ( B\u00ed quy\u1ebft kh\u1edfi nghi\u1ec7p l\u00e0m gi\u00e0u c\u1ee7a M\u00e3 V\u00e2n) T\u01b0 t\u01b0\u1edfng d\u1eabn d\u1eaft \u0111\u1ed9i nh\u00f3m c\u1ee7a Jack Ma h\u01b0\u1edbng th\u1eb3ng v\u00e0o tr\u1ecdng t\u00e2m v\u1ea5n \u0111\u1ec1 v\u00e0 \u0111\u01b0\u1ee3c \u0111\u00fac k\u1ebft th\u00e0nh 8 nguy\u00ean t\u1eafc tinh t\u00fay :<\/p>\n<p>Th\u1ee9 nh\u1ea5t : \u0111em l\u1ea1i cho nh\u00e2n vi\u00ean thu nh\u1eadp \u0111\u1ee7 nu\u00f4i gia \u0111\u00ecnh .<br \/>\nTh\u1ee9 hai : h\u01b0\u1edbng d\u1eabn c\u00e1ch suy ngh\u0129 v\u00e0 ph\u01b0\u01a1ng th\u1ee9c l\u00e0m vi\u1ec7c .<br \/>\nTh\u1ee9 ba: k\u00edch th\u00edch ch\u00ed c\u1ea7u ti\u1ebfn v\u00e0 gi\u00fap nh\u00e2n vi\u00ean \u0111\u1eb7t ra m\u1ee5c ti\u00eau cho b\u1ea3n th\u00e2n .<br \/>\nTh\u1ee9 t\u01b0 :k\u1ebft h\u1ee3p gi\u1ea3i tr\u00ed v\u00e0o c\u00f4ng vi\u1ec7c .<br \/>\nTh\u1ee9 n\u0103m : h\u01b0\u1edbng d\u1eabn c\u00e1ch l\u00e0m vi\u1ec7c th\u1ef1c t\u1ebf , ch\u1eafc ch\u1eafn , kh\u00f4ng \u0111i \u0111\u01b0\u1eddng t\u1eaft, kh\u00f4n v\u1eb7t .<br \/>\nTh\u1ee9 s\u00e1u : t\u1ea1o c\u01a1 h\u1ed9i cho nh\u00e2n vi\u00ean tr\u01b0\u1edfng th\u00e0nh , h\u1ecdc t\u1eadp v\u00e0 ph\u00e1t tri\u1ec3n.<br \/>\nTh\u1ee9 b\u1ea3y : gi\u00fap th\u00e0nh vi\u00ean trong nh\u00f3m \u0111\u01b0\u1ee3c khen ng\u1ee3i v\u1ec1 tinh th\u1ea7n , ph\u1ea5n \u0111\u1ea5u n\u00e2ng cao gi\u00e1 tr\u1ecb b\u1ea3n th\u00e2n .<br \/>\nTh\u1ee9 t\u00e1m : ti\u1ebfn t\u1edbi gi\u00e1 tr\u1ecb t\u00e2m h\u1ed3n , l\u0129nh ng\u1ed9 s\u1ef1 v\u1eadn h\u00e0nh c\u1ee7a v\u0169 tr\u1ee5 , h\u01b0\u1edfng th\u1ee5 cu\u1ed9c s\u1ed1ng .<br \/>\nCh\u00fang ta h\u00e3y theo b\u01b0\u1edbc ch\u00e2n Jack Ma t\u1eeb t\u00e1m nguy\u00ean t\u1eafc tr\u00ean , c\u00f9ng t\u00ecm hi\u1ec3u t\u01b0 t\u01b0\u1edfng qu\u1ea3n l\u00fd \u0111\u1ed9i nh\u00f3m c\u1ee7a Jack Ma , x\u00e2y d\u1ef1ng \u0111\u1ed9i ng\u0169 , t\u1ea1o n\u00ean c\u00e2u chuy\u1ec7n k\u1ef3 di\u1ec7u c\u1ee7a ch\u00ednh m\u00ecnh !<\/p>\n","protected":false},"featured_media":24376,"template":"","meta":{"_acf_changed":false},"product_brand":[],"product_cat":[18,15,46],"product_tag":[],"class_list":{"0":"post-24377","1":"product","2":"type-product","3":"status-publish","4":"has-post-thumbnail","6":"product_cat-kinh-te","7":"product_cat-sach-danh-cho-nguoi-lon","8":"product_cat-ky-nang-song","10":"first","11":"outofstock","12":"taxable","13":"shipping-taxable","14":"purchasable","15":"product-type-simple"},"supplier_id":null,"supplier_sku":"","barcode":null,"atum_controlled":true,"out_stock_date":"2023-10-06 18:44:49","out_stock_threshold":null,"inheritable":false,"inbound_stock":0,"stock_on_hold":0,"sold_today":0,"sales_last_days":0,"reserved_stock":0,"customer_returns":0,"warehouse_damage":0,"lost_in_post":0,"other_logs":0,"out_stock_days":845,"lost_sales":0,"has_location":false,"update_date":"2026-01-28T23:11:17","atum_locations":[],"atum_stock_status":"outofstock","restock_status":false,"low_stock_amount":"","sales_update_date":"2026-01-28T23:11:17","calc_backorders":null,"acf":{"publisher":{"ID":1460,"post_author":"1","post_date":"2021-02-17 01:12:24","post_date_gmt":"2021-02-16 23:12:24","post_content":"<!-- wp:flatsome\/uxbuilder -->\n<h1 style=\"text-align: center;\"><strong>Skybooks<\/strong><\/h1>\n[row]\n\n[col span=\"7\" span__sm=\"12\"]\n\n<p>C\u00f4ng ty ph\u00e1t h\u00e0nh s\u00e1ch Skybooks. \"T\u00f4i tr\u1ebb, t\u00f4i \u0111am m\u00ea\" v\u1edbi s\u1ee9 m\u1ec7nh lan to\u1ea3 c\u1ea3m x\u00fac v\u00e0 k\u1ebft n\u1ed1i t\u00e2m h\u1ed3n<\/p>\n<p><strong>Skybooks l\u00e0 c\u00e2u chuy\u1ec7n k\u1ec3 v\u1ec1:<\/strong><br \/>M\u1ed9t th\u1ebf h\u1ec7 ng\u01b0\u1eddi vi\u1ebft tr\u1ebb, \u0111am m\u00ea v\u0103n ch\u01b0\u01a1ng v\u00e0 t\u00f4n tr\u1ecdng, g\u00ecn gi\u1eef, s\u00e1ng t\u1ea1o Ti\u1ebfng Vi\u1ec7t. M\u1ed9t th\u1ebf h\u1ec7 \u0111\u1ed9c gi\u1ea3 tr\u1ebb, \u0111am m\u00ea kh\u00e1m ph\u00e1 ng\u00f4n ng\u1eef v\u00e0 say m\u00ea \u0111\u1ebfn v\u1edbi th\u1ebf gi\u1edbi c\u1ee7a nh\u1eefng quy\u1ec3n s\u00e1ch. M\u1ed9t th\u1ebf h\u1ec7 ng\u01b0\u1eddi l\u00e0m s\u00e1ch tr\u1ebb, \u0111am m\u00ea mang nh\u1eefng gi\u00e1 tr\u1ecb tinh th\u1ea7n l\u1ea1i g\u1ea7n ng\u01b0\u1eddi \u0111\u1ecdc.<br \/>Trong b\u1ed9 nh\u1eadn d\u1ea1ng th\u01b0\u01a1ng hi\u1ec7u:<br \/>Skybooks v\u1edbi ch\u1eef Sky m\u00e0u xanh da tr\u1eddi c\u00f3 \u00fd ngh\u0129a l\u00e0 c\u00f4ng ty B\u1ea7u Tr\u1eddi - n\u01a1i t\u1ea5t c\u1ea3 \u01b0\u1edbc m\u01a1 \u0111\u01b0\u1ee3c t\u1ef1 do tung c\u00e1nh.<br \/>V\u1edbi logo h\u00ecnh hoa b\u1ed3 c\u00f4ng anh \u0111ang bay t\u01b0\u1ee3ng tr\u01b0ng cho s\u1ef1 lan to\u1ea3 c\u1ea3m x\u00fac v\u00e0 kh\u00e1t v\u1ecdng bay cao.<br \/>K\u1ebb v\u1ea1ch logo c\u00f3 n\u1ec1n m\u00e0u ghi x\u00e1m xu\u1ea5t hi\u1ec7n tr\u00ean b\u00eca m\u1ecdi \u1ea5n ph\u1ea9m th\u1ec3 hi\u1ec7n con \u0111\u01b0\u1eddng b\u01b0\u1edbc v\u00e0o th\u1ecb tr\u01b0\u1eddng s\u00e1ch v\u00e0 chinh ph\u1ee5c \u0111\u1ed9c gi\u1ea3 l\u00e0 m\u1ed9t h\u00e0nh tr\u00ecnh d\u00e0i, \u0111\u1ea7y gian kh\u00f3, c\u00f3 nhi\u1ec1u b\u00e3o t\u1ed1, nh\u01b0ng ch\u1ec9 c\u1ea7n n\u1ed7 l\u1ef1c c\u1ed1 g\u1eafng nh\u1ea5t \u0111\u1ecbnh s\u1ebd ngo\u1ea1n m\u1ee5c v\u01b0\u1ee3t qua. \u0110\u1ec3 kh\u1eb3ng \u0111\u1ecbnh v\u00e0 ch\u1ee9ng minh ch\u00ednh m\u00ecnh!<\/p>\n\n[\/col]\n[col span=\"5\" span__sm=\"12\"]\n\n[ux_image id=\"1825\" image_size=\"medium\"]\n\n\n[\/col]\n\n[\/row]\n\n<!-- \/wp:flatsome\/uxbuilder -->","post_title":"Skybooks","post_excerpt":"","post_status":"publish","comment_status":"closed","ping_status":"closed","post_password":"","post_name":"skybooks","to_ping":"","pinged":"","post_modified":"2021-02-17 01:57:31","post_modified_gmt":"2021-02-16 23:57:31","post_content_filtered":"","post_parent":0,"guid":"https:\/\/sachviet.eu\/nha-phat-hanh\/skybooks\/","menu_order":0,"post_type":"publisher","post_mime_type":"","comment_count":"0","filter":"raw"}},"_links":{"self":[{"href":"https:\/\/sachviet.eu\/en\/wp-json\/wp\/v2\/product\/24377","targetHints":{"allow":["GET"]}}],"collection":[{"href":"https:\/\/sachviet.eu\/en\/wp-json\/wp\/v2\/product"}],"about":[{"href":"https:\/\/sachviet.eu\/en\/wp-json\/wp\/v2\/types\/product"}],"wp:featuredmedia":[{"embeddable":true,"href":"https:\/\/sachviet.eu\/en\/wp-json\/wp\/v2\/media\/24376"}],"wp:attachment":[{"href":"https:\/\/sachviet.eu\/en\/wp-json\/wp\/v2\/media?parent=24377"}],"wp:term":[{"taxonomy":"product_brand","embeddable":true,"href":"https:\/\/sachviet.eu\/en\/wp-json\/wp\/v2\/product_brand?post=24377"},{"taxonomy":"product_cat","embeddable":true,"href":"https:\/\/sachviet.eu\/en\/wp-json\/wp\/v2\/product_cat?post=24377"},{"taxonomy":"product_tag","embeddable":true,"href":"https:\/\/sachviet.eu\/en\/wp-json\/wp\/v2\/product_tag?post=24377"}],"curies":[{"name":"wp","href":"https:\/\/api.w.org\/{rel}","templated":true}]}}