{"id":24375,"date":"2023-10-06T21:44:43","date_gmt":"2023-10-06T18:44:43","guid":{"rendered":"https:\/\/sachviet.eu\/shop\/lang-tue-an-lang-roi-se-yen-yen-roi-se-an\/"},"modified":"2023-10-08T13:32:56","modified_gmt":"2023-10-08T10:32:56","slug":"lang-tue-an-lang-roi-se-yen-yen-roi-se-an","status":"publish","type":"product","link":"https:\/\/sachviet.eu\/en\/shop\/lang-tue-an-lang-roi-se-yen-yen-roi-se-an\/","title":{"rendered":"L\u1eb7ng &#8211; Tu\u1ec7 An ( L\u1eb7ng R\u1ed3i S\u1ebd Y\u00ean &#8211; Y\u00ean R\u1ed3i S\u1ebd An )"},"content":{"rendered":"<p>L\u1eb7ng r\u1ed3i s\u1ebd y\u00ean, y\u00ean r\u1ed3i s\u1ebd an. T\u1ea1i sao l\u1ea1i nh\u01b0 v\u1eady, \u0111\u01a1n gi\u1ea3n v\u00ec khi ta ng\u1eebng ph\u1ea3n \u1ee9ng, t\u1ea1m d\u1eebng m\u1ecdi mong ng\u00f3ng hay toan t\u00ednh, l\u00fac \u0111\u00f3 ta s\u1ebd d\u1ec5 d\u00e0ng k\u1ebft n\u1ed1i \u0111\u01b0\u1ee3c v\u1edbi hi\u1ec7n t\u1ea1i, v\u1edbi ch\u00ednh m\u00ecnh, s\u1ef1 th\u01b0 gi\u00e3n s\u1ebd \u0111\u1ebfn\u2026<br \/>\nB\u00ecnh y\u00ean kh\u00f4ng ph\u1ea3i l\u00e0 kh\u00f4ng tr\u1ea3i qua gi\u00f4ng b\u00e3o, m\u00e0 l\u00e0 tr\u1ea3i qua gi\u00f4ng b\u00e3o v\u1eabn c\u1ea3m th\u1ea5y b\u00ecnh y\u00ean\u2026Ch\u1ecdn b\u00ecnh y\u00ean, kh\u00f4ng c\u00f3 ngh\u0129a l\u00e0 m\u00ecnh y\u1ebfu \u0111u\u1ed1i, ch\u1ec9 mu\u1ed1n an nh\u00e0n. Ch\u1ecdn b\u00ecnh y\u00ean \u0111\u1ec3 m\u00ecnh l\u1ea5y \u0111\u00f3 l\u00e0m m\u1ee5c ti\u00eau m\u00e0 c\u1ed1 g\u1eafng, x\u00e2y d\u1ef1ng cu\u1ed9c s\u1ed1ng v\u00e0 s\u1ef1 nghi\u1ec7p v\u00e0o nh\u1eefng ng\u00e0y tu\u1ed5i tr\u1ebb sung s\u1ee9c, r\u1ed3i \u0111\u1ec3 nh\u1eefng ng\u00e0y c\u00f2n l\u1ea1i c\u1ee7a cu\u1ed9c \u0111\u1eddi, c\u00f3 th\u1ec3 ch\u1ea7m ch\u1eadm m\u00e0 th\u01b0\u1edfng tr\u00e0, du ngo\u1ea1n, ng\u1eafm nh\u00ecn v\u1ebb \u0111\u1eb9p c\u1ee7a th\u1ebf gi\u1edbi.<br \/>\nCh\u1ecdn b\u00ecnh y\u00ean kh\u00f4ng ph\u1ea3i l\u00e0 ch\u1ecdn l\u1ed1i s\u1ed1ng an nh\u00e0n, ch\u1ecdn b\u00ecnh y\u00ean l\u00e0 ch\u1ecdn s\u1ef1 v\u1eefng v\u00e0ng trong t\u00e2m tr\u00ed\u2026.<br \/>\nCh\u1ecdn b\u00ecnh y\u00ean, \u0111\u1ec3 t\u00e2m m\u00ecnh \u0111\u01b0\u1ee3c ngh\u1ec9 ng\u01a1i, \u0111\u1ec3 c\u00f3 th\u1ec3 c\u1ea3m nh\u1eadn nh\u1eefng \u0111i\u1ec1u nh\u1eb9 nh\u00e0ng trong cu\u1ed9c s\u1ed1ng\u2026<br \/>\nC\u00f3 l\u1ebd, sau nh\u1eefng th\u00e1ng ngay m\u1ec7t m\u1ecfi, ta c\u1ea7n m\u1ed9t ch\u00fat t\u0129nh l\u1eb7ng, m\u1ed9t ch\u1ed1n \u0111\u1ec3 c\u00f3 th\u1ec3 c\u1ea3m nh\u1eadn s\u1ef1 b\u00ecnh an<br \/>\nT\u00ecm v\u1ec1 s\u1ef1 b\u00ecnh an trong t\u00e2m tr\u00ed, th\u01b0 gi\u00e3n t\u00e2m h\u1ed3n c\u00f9ng cu\u1ed1n s\u00e1ch \u201cL\u1eb6NG\u201d<\/p>\n","protected":false},"excerpt":{"rendered":"<p>L\u1eb7ng r\u1ed3i s\u1ebd y\u00ean, y\u00ean r\u1ed3i s\u1ebd an. T\u1ea1i sao l\u1ea1i nh\u01b0 v\u1eady, \u0111\u01a1n gi\u1ea3n v\u00ec khi ta ng\u1eebng ph\u1ea3n \u1ee9ng, t\u1ea1m d\u1eebng m\u1ecdi mong ng\u00f3ng hay toan t\u00ednh, l\u00fac \u0111\u00f3 ta s\u1ebd d\u1ec5 d\u00e0ng k\u1ebft n\u1ed1i \u0111\u01b0\u1ee3c v\u1edbi hi\u1ec7n t\u1ea1i, v\u1edbi ch\u00ednh m\u00ecnh, s\u1ef1 th\u01b0 gi\u00e3n s\u1ebd \u0111\u1ebfn\u2026<br \/>\nB\u00ecnh y\u00ean kh\u00f4ng ph\u1ea3i l\u00e0 kh\u00f4ng tr\u1ea3i qua gi\u00f4ng b\u00e3o, m\u00e0 l\u00e0 tr\u1ea3i qua gi\u00f4ng b\u00e3o v\u1eabn c\u1ea3m th\u1ea5y b\u00ecnh y\u00ean\u2026Ch\u1ecdn b\u00ecnh y\u00ean, kh\u00f4ng c\u00f3 ngh\u0129a l\u00e0 m\u00ecnh y\u1ebfu \u0111u\u1ed1i, ch\u1ec9 mu\u1ed1n an nh\u00e0n. Ch\u1ecdn b\u00ecnh y\u00ean \u0111\u1ec3 m\u00ecnh l\u1ea5y \u0111\u00f3 l\u00e0m m\u1ee5c ti\u00eau m\u00e0 c\u1ed1 g\u1eafng, x\u00e2y d\u1ef1ng cu\u1ed9c s\u1ed1ng v\u00e0 s\u1ef1 nghi\u1ec7p v\u00e0o nh\u1eefng ng\u00e0y tu\u1ed5i tr\u1ebb sung s\u1ee9c, r\u1ed3i \u0111\u1ec3 nh\u1eefng ng\u00e0y c\u00f2n l\u1ea1i c\u1ee7a cu\u1ed9c \u0111\u1eddi, c\u00f3 th\u1ec3 ch\u1ea7m ch\u1eadm m\u00e0 th\u01b0\u1edfng tr\u00e0, du ngo\u1ea1n, ng\u1eafm nh\u00ecn v\u1ebb \u0111\u1eb9p c\u1ee7a th\u1ebf gi\u1edbi.<br \/>\nCh\u1ecdn b\u00ecnh y\u00ean kh\u00f4ng ph\u1ea3i l\u00e0 ch\u1ecdn l\u1ed1i s\u1ed1ng an nh\u00e0n, ch\u1ecdn b\u00ecnh y\u00ean l\u00e0 ch\u1ecdn s\u1ef1 v\u1eefng v\u00e0ng trong t\u00e2m tr\u00ed\u2026.<br \/>\nCh\u1ecdn b\u00ecnh y\u00ean, \u0111\u1ec3 t\u00e2m m\u00ecnh \u0111\u01b0\u1ee3c ngh\u1ec9 ng\u01a1i, \u0111\u1ec3 c\u00f3 th\u1ec3 c\u1ea3m nh\u1eadn nh\u1eefng \u0111i\u1ec1u nh\u1eb9 nh\u00e0ng trong cu\u1ed9c s\u1ed1ng\u2026<br \/>\nC\u00f3 l\u1ebd, sau nh\u1eefng th\u00e1ng ngay m\u1ec7t m\u1ecfi, ta c\u1ea7n m\u1ed9t ch\u00fat t\u0129nh l\u1eb7ng, m\u1ed9t ch\u1ed1n \u0111\u1ec3 c\u00f3 th\u1ec3 c\u1ea3m nh\u1eadn s\u1ef1 b\u00ecnh an<br \/>\nT\u00ecm v\u1ec1 s\u1ef1 b\u00ecnh an trong t\u00e2m tr\u00ed, th\u01b0 gi\u00e3n t\u00e2m h\u1ed3n c\u00f9ng cu\u1ed1n s\u00e1ch \u201cL\u1eb6NG\u201d<\/p>\n","protected":false},"featured_media":24374,"template":"","meta":{"_acf_changed":false},"product_brand":[],"product_cat":[15,46],"product_tag":[],"class_list":{"0":"post-24375","1":"product","2":"type-product","3":"status-publish","4":"has-post-thumbnail","6":"product_cat-sach-danh-cho-nguoi-lon","7":"product_cat-ky-nang-song","9":"first","10":"outofstock","11":"taxable","12":"shipping-taxable","13":"purchasable","14":"product-type-simple"},"supplier_id":null,"supplier_sku":"","barcode":null,"atum_controlled":true,"out_stock_date":"2023-10-06 18:44:43","out_stock_threshold":null,"inheritable":false,"inbound_stock":0,"stock_on_hold":0,"sold_today":0,"sales_last_days":0,"reserved_stock":0,"customer_returns":0,"warehouse_damage":0,"lost_in_post":0,"other_logs":0,"out_stock_days":845,"lost_sales":0,"has_location":false,"update_date":"2026-01-28T23:11:17","atum_locations":[],"atum_stock_status":"outofstock","restock_status":false,"low_stock_amount":"","sales_update_date":"2026-01-28T23:11:17","calc_backorders":null,"acf":{"publisher":{"ID":23304,"post_author":"1","post_date":"2023-04-04 22:35:24","post_date_gmt":"2023-04-04 19:35:24","post_content":"","post_title":"D\u00e2n Tr\u00ed","post_excerpt":"","post_status":"publish","comment_status":"closed","ping_status":"closed","post_password":"","post_name":"dan-tri","to_ping":"","pinged":"","post_modified":"2023-04-04 22:35:24","post_modified_gmt":"2023-04-04 19:35:24","post_content_filtered":"","post_parent":0,"guid":"https:\/\/sachviet.eu\/nha-phat-hanh\/dan-tri\/","menu_order":0,"post_type":"publisher","post_mime_type":"","comment_count":"0","filter":"raw"}},"_links":{"self":[{"href":"https:\/\/sachviet.eu\/en\/wp-json\/wp\/v2\/product\/24375","targetHints":{"allow":["GET"]}}],"collection":[{"href":"https:\/\/sachviet.eu\/en\/wp-json\/wp\/v2\/product"}],"about":[{"href":"https:\/\/sachviet.eu\/en\/wp-json\/wp\/v2\/types\/product"}],"wp:featuredmedia":[{"embeddable":true,"href":"https:\/\/sachviet.eu\/en\/wp-json\/wp\/v2\/media\/24374"}],"wp:attachment":[{"href":"https:\/\/sachviet.eu\/en\/wp-json\/wp\/v2\/media?parent=24375"}],"wp:term":[{"taxonomy":"product_brand","embeddable":true,"href":"https:\/\/sachviet.eu\/en\/wp-json\/wp\/v2\/product_brand?post=24375"},{"taxonomy":"product_cat","embeddable":true,"href":"https:\/\/sachviet.eu\/en\/wp-json\/wp\/v2\/product_cat?post=24375"},{"taxonomy":"product_tag","embeddable":true,"href":"https:\/\/sachviet.eu\/en\/wp-json\/wp\/v2\/product_tag?post=24375"}],"curies":[{"name":"wp","href":"https:\/\/api.w.org\/{rel}","templated":true}]}}