{"id":24373,"date":"2023-10-06T21:44:37","date_gmt":"2023-10-06T18:44:37","guid":{"rendered":"https:\/\/sachviet.eu\/shop\/yes-or-no-nhung-quyet-dinh-thay-doi-cuoc-song\/"},"modified":"2023-10-08T13:32:55","modified_gmt":"2023-10-08T10:32:55","slug":"yes-or-no-nhung-quyet-dinh-thay-doi-cuoc-song","status":"publish","type":"product","link":"https:\/\/sachviet.eu\/en\/shop\/yes-or-no-nhung-quyet-dinh-thay-doi-cuoc-song\/","title":{"rendered":"Yes Or No &#8211; Nh\u1eefng Quy\u1ebft \u0110\u1ecbnh Thay \u0110\u1ed5i Cu\u1ed9c S\u1ed1ng"},"content":{"rendered":"<p>Trong cu\u1ed9c s\u1ed1ng, kh\u00f4ng \u00edt l\u1ea7n b\u1ea1n ph\u1ea3i \u0111\u1ee9ng tr\u01b0\u1edbc s\u1ef1 l\u1ef1a ch\u1ecdn kh\u00f3 kh\u0103n khi ph\u1ea3i quy\u1ebft \u0111\u1ecbnh m\u1ed9t v\u1ea5n \u0111\u1ec1 n\u00e0o \u0111\u00f3. C\u00f3 l\u00fac b\u1ea1n ch\u1ec9 d\u1ef1a theo C\u1ea3m t\u00ednh c\u1ee7a m\u00ecnh, nh\u01b0ng c\u00f3 nh\u1eefng quy\u1ebft \u0111\u1ecbnh quan tr\u1ecdng m\u00e0 b\u1ea1n c\u1ea7n ph\u1ea3i suy ngh\u0129 v\u00e0 c\u00e2n nh\u1eaf Cu\u1ed9c s\u1ed1ng c\u1ee7a b\u1ea1n v\u1edbi nh\u1eefng ni\u1ec1m vui hay n\u1ed7i bu\u1ed3n, h\u1ea1nh ph\u00fac hay b\u1ea5t h\u1ea1nh, th\u00e0nh c\u00f4ng hay th\u1ea5t b\u1ea1\u0111\u1ec1u ph\u1ee5 thu\u1ed9c v\u00e0o nh\u1eefng quy\u1ebft \u0111\u1ecbnh c\u1ee7a b\u1ea1n. Cu\u1ed1n s\u00e1ch \u0111\u1eb7c bi\u1ec7t n\u00e0y s\u1ebd gi\u00fap b\u1ea1n c\u00e1ch \u0111\u1ec3 c\u00f3 nh\u1eefng quy\u1ebft \u0111\u1ecbnh \u0111\u00fang \u0111\u1eafng v\u00e0 s\u00e1ng su\u1ed1t, gi\u00fap b\u1ea1n th\u00e0nh c\u00f4ng v\u00e0 h\u1ea1nh ph\u00fac h\u01a1n trong cu\u1ed9c s\u1ed1ng.<\/p>\n<p>Quy\u1ec3n s\u00e1ch Nh\u1eefng Quy\u1ebft \u0110\u1ecbnh Thay \u0110\u1ed5i Cu\u1ed9c S\u1ed1ng \u0111\u01b0\u1ee3c bi\u00ean so\u1ea1n d\u1ecbch t\u1eeb t\u00e1c ph\u1ea9m n\u1ed5i ti\u1ebfng \u201cYes or No\u201d c\u1ee7a Spencer Johnson l\u00e0 c\u00e2u chuy\u1ec7n k\u1ec3 v\u1ec1 h\u00e0nh tr\u00ecnh c\u1ee7a m\u1ed9t ch\u00e0ng trai \u0111i t\u00ecm b\u00ed quy\u1ebft c\u1ee7a th\u00e0nh c\u00f4ng v\u00e0 h\u1ea1nh ph\u00fac t\u1eeb nh\u1eefng quy\u1ebft \u0111\u1ecbnh c\u1ee7a m\u00ecnh. Ch\u00e0ng trai tham gia v\u00e0o chuy\u1ebfn th\u00e1m hi\u1ec3m \u0111\u1ec3 tr\u1ea3i nghi\u1ec7m v\u00e0 h\u1ecdc h\u1ecfi c\u00e1ch gi\u1ea3i quy\u1ebft c\u00e1c v\u1ea5n \u0111\u1ec1 m\u1ed9t c\u00e1ch hi\u1ec7u qu\u1ea3 v\u00e0 \u0111\u00fang \u0111\u1eafn nh\u1ea5t, nh\u1eefng kinh nghi\u1ec7m c\u00f3 th\u1ec3 \u00e1p d\u1ee5ng cho b\u1ea5t k\u1ef3 ai th\u1ea5y kh\u00f3 kh\u0103n v\u00e0 b\u1ebf tawcs trong c\u00f4ng vi\u1ec7c v\u00e0 cu\u1ed9c s\u1ed1ng c\u1ee7a m\u00ecnh.<\/p>\n","protected":false},"excerpt":{"rendered":"<p>Trong cu\u1ed9c s\u1ed1ng, kh\u00f4ng \u00edt l\u1ea7n b\u1ea1n ph\u1ea3i \u0111\u1ee9ng tr\u01b0\u1edbc s\u1ef1 l\u1ef1a ch\u1ecdn kh\u00f3 kh\u0103n khi ph\u1ea3i quy\u1ebft \u0111\u1ecbnh m\u1ed9t v\u1ea5n \u0111\u1ec1 n\u00e0o \u0111\u00f3. C\u00f3 l\u00fac b\u1ea1n ch\u1ec9 d\u1ef1a theo C\u1ea3m t\u00ednh c\u1ee7a m\u00ecnh, nh\u01b0ng c\u00f3 nh\u1eefng quy\u1ebft \u0111\u1ecbnh quan tr\u1ecdng m\u00e0 b\u1ea1n c\u1ea7n ph\u1ea3i suy ngh\u0129 v\u00e0 c\u00e2n nh\u1eaf Cu\u1ed9c s\u1ed1ng c\u1ee7a b\u1ea1n v\u1edbi nh\u1eefng ni\u1ec1m vui hay n\u1ed7i bu\u1ed3n, h\u1ea1nh ph\u00fac hay b\u1ea5t h\u1ea1nh, th\u00e0nh c\u00f4ng hay th\u1ea5t b\u1ea1\u0111\u1ec1u ph\u1ee5 thu\u1ed9c v\u00e0o nh\u1eefng quy\u1ebft \u0111\u1ecbnh c\u1ee7a b\u1ea1n. Cu\u1ed1n s\u00e1ch \u0111\u1eb7c bi\u1ec7t n\u00e0y s\u1ebd gi\u00fap b\u1ea1n c\u00e1ch \u0111\u1ec3 c\u00f3 nh\u1eefng quy\u1ebft \u0111\u1ecbnh \u0111\u00fang \u0111\u1eafng v\u00e0 s\u00e1ng su\u1ed1t, gi\u00fap b\u1ea1n th\u00e0nh c\u00f4ng v\u00e0 h\u1ea1nh ph\u00fac h\u01a1n trong cu\u1ed9c s\u1ed1ng.<\/p>\n<p>Quy\u1ec3n s\u00e1ch Nh\u1eefng Quy\u1ebft \u0110\u1ecbnh Thay \u0110\u1ed5i Cu\u1ed9c S\u1ed1ng \u0111\u01b0\u1ee3c bi\u00ean so\u1ea1n d\u1ecbch t\u1eeb t\u00e1c ph\u1ea9m n\u1ed5i ti\u1ebfng \u201cYes or No\u201d c\u1ee7a Spencer Johnson l\u00e0 c\u00e2u chuy\u1ec7n k\u1ec3 v\u1ec1 h\u00e0nh tr\u00ecnh c\u1ee7a m\u1ed9t ch\u00e0ng trai \u0111i t\u00ecm b\u00ed quy\u1ebft c\u1ee7a th\u00e0nh c\u00f4ng v\u00e0 h\u1ea1nh ph\u00fac t\u1eeb nh\u1eefng quy\u1ebft \u0111\u1ecbnh c\u1ee7a m\u00ecnh. Ch\u00e0ng trai tham gia v\u00e0o chuy\u1ebfn th\u00e1m hi\u1ec3m \u0111\u1ec3 tr\u1ea3i nghi\u1ec7m v\u00e0 h\u1ecdc h\u1ecfi c\u00e1ch gi\u1ea3i quy\u1ebft c\u00e1c v\u1ea5n \u0111\u1ec1 m\u1ed9t c\u00e1ch hi\u1ec7u qu\u1ea3 v\u00e0 \u0111\u00fang \u0111\u1eafn nh\u1ea5t, nh\u1eefng kinh nghi\u1ec7m c\u00f3 th\u1ec3 \u00e1p d\u1ee5ng cho b\u1ea5t k\u1ef3 ai th\u1ea5y kh\u00f3 kh\u0103n v\u00e0 b\u1ebf tawcs trong c\u00f4ng vi\u1ec7c v\u00e0 cu\u1ed9c s\u1ed1ng c\u1ee7a m\u00ecnh.<\/p>\n","protected":false},"featured_media":24372,"template":"","meta":{"_acf_changed":false},"product_brand":[],"product_cat":[18,15,46],"product_tag":[],"class_list":{"0":"post-24373","1":"product","2":"type-product","3":"status-publish","4":"has-post-thumbnail","6":"product_cat-kinh-te","7":"product_cat-sach-danh-cho-nguoi-lon","8":"product_cat-ky-nang-song","10":"first","11":"outofstock","12":"taxable","13":"shipping-taxable","14":"purchasable","15":"product-type-simple"},"supplier_id":null,"supplier_sku":"","barcode":null,"atum_controlled":true,"out_stock_date":"2023-10-06 18:44:37","out_stock_threshold":null,"inheritable":false,"inbound_stock":0,"stock_on_hold":0,"sold_today":0,"sales_last_days":0,"reserved_stock":0,"customer_returns":0,"warehouse_damage":0,"lost_in_post":0,"other_logs":0,"out_stock_days":845,"lost_sales":0,"has_location":false,"update_date":"2026-01-28T23:11:17","atum_locations":[],"atum_stock_status":"outofstock","restock_status":false,"low_stock_amount":"","sales_update_date":"2026-01-28T23:11:17","calc_backorders":null,"acf":{"publisher":{"ID":6196,"post_author":"1","post_date":"2021-03-15 01:26:01","post_date_gmt":"2021-03-14 23:26:01","post_content":"","post_title":"FIRST NEWS","post_excerpt":"","post_status":"publish","comment_status":"closed","ping_status":"closed","post_password":"","post_name":"first-news","to_ping":"","pinged":"","post_modified":"2021-03-15 01:26:01","post_modified_gmt":"2021-03-14 23:26:01","post_content_filtered":"","post_parent":0,"guid":"https:\/\/sachviet.eu\/blog\/nha-phat-hanh\/first-news\/","menu_order":0,"post_type":"publisher","post_mime_type":"","comment_count":"0","filter":"raw"}},"_links":{"self":[{"href":"https:\/\/sachviet.eu\/en\/wp-json\/wp\/v2\/product\/24373","targetHints":{"allow":["GET"]}}],"collection":[{"href":"https:\/\/sachviet.eu\/en\/wp-json\/wp\/v2\/product"}],"about":[{"href":"https:\/\/sachviet.eu\/en\/wp-json\/wp\/v2\/types\/product"}],"wp:featuredmedia":[{"embeddable":true,"href":"https:\/\/sachviet.eu\/en\/wp-json\/wp\/v2\/media\/24372"}],"wp:attachment":[{"href":"https:\/\/sachviet.eu\/en\/wp-json\/wp\/v2\/media?parent=24373"}],"wp:term":[{"taxonomy":"product_brand","embeddable":true,"href":"https:\/\/sachviet.eu\/en\/wp-json\/wp\/v2\/product_brand?post=24373"},{"taxonomy":"product_cat","embeddable":true,"href":"https:\/\/sachviet.eu\/en\/wp-json\/wp\/v2\/product_cat?post=24373"},{"taxonomy":"product_tag","embeddable":true,"href":"https:\/\/sachviet.eu\/en\/wp-json\/wp\/v2\/product_tag?post=24373"}],"curies":[{"name":"wp","href":"https:\/\/api.w.org\/{rel}","templated":true}]}}