{"id":24371,"date":"2023-10-06T21:44:31","date_gmt":"2023-10-06T18:44:31","guid":{"rendered":"https:\/\/sachviet.eu\/shop\/john-c-maxwell-tinh-hoa-lanh-dao\/"},"modified":"2023-10-08T13:32:55","modified_gmt":"2023-10-08T10:32:55","slug":"john-c-maxwell-tinh-hoa-lanh-dao","status":"publish","type":"product","link":"https:\/\/sachviet.eu\/en\/shop\/john-c-maxwell-tinh-hoa-lanh-dao\/","title":{"rendered":"John C Maxwell &#8211; Tinh Hoa L\u00e3nh \u0110\u1ea1o"},"content":{"rendered":"<p>Ng\u01b0\u1eddi m\u1edbi l\u00e0m l\u00e3nh \u0111\u1ea1o h\u1ecdc t\u1eeb l\u1ed7i l\u1ea7m c\u1ee7a b\u1ea3n th\u00e2n. Nh\u00e0 l\u00e3nh \u0111\u1ea1o th\u00f4ng minh h\u1ecdc t\u1eeb l\u1ed7i l\u1ea7m c\u1ee7a ng\u01b0\u1eddi kh\u00e1c.<\/p>\n<p>L\u00e3nh \u0111\u1ea1o, ch\u1ee7 \u0111\u1ec1 \u0111\u01b0\u1ee3c quan t\u00e2m \u0111\u1eb7c bi\u1ec7t trong b\u1ed1i c\u1ea3nh nhi\u1ec1u thay \u0111\u1ed5i v\u00e0 bi\u1ebfn \u0111\u1ed9ng hi\u1ec7n nay, l\u00e0 ngh\u1ec7 thu\u1eadt k\u00edch th\u00edch con tim v\u00e0 kh\u1ed1i \u00f3c c\u1ee7a nh\u1eefng ng\u01b0\u1eddi b\u00ecnh th\u01b0\u1eddng, v\u00ec nh\u1eefng k\u1ebft qu\u1ea3 phi th\u01b0\u1eddng. Con \u0111\u01b0\u1eddng tr\u1edf th\u00e0nh l\u00e3nh \u0111\u1ea1o kh\u00f4ng b\u1eb1ng ph\u1eb3ng, song ngh\u1ec7 thu\u1eadt l\u00e3nh \u0111\u1ea1o l\u00e0 ho\u00e0n to\u00e0n c\u00f3 th\u1ec3 l\u0129nh h\u1ed9i \u0111\u01b0\u1ee3c.<\/p>\n<p>Tinh hoa l\u00e3nh \u0111\u1ea1o \u0111\u01b0\u1ee3c John C. Maxwell vi\u1ebft tr\u00ean quan \u0111i\u1ec3m \u0111\u00f3. N\u1ebfu m\u1ed7i ch\u01b0\u01a1ng c\u1ee7a cu\u1ed1n s\u00e1ch t\u01b0\u01a1ng \u0111\u01b0\u01a1ng v\u1edbi m\u1ed9t kh\u00f3a \u0111\u00e0o t\u1ea1o m\u1ed9t th\u1ea7y m\u1ed9t tr\u00f2 v\u1edbi guru v\u1ec1 l\u00e3nh \u0111\u1ea1o h\u00e0ng \u0111\u1ea7u th\u1ebf gi\u1edbi, th\u00ec 26 nguy\u00ean t\u1eafc \u0111\u01b0a ra l\u00e0 ph\u1ea7n tinh t\u00fay ch\u1eaft l\u1ecdc t\u1eeb nh\u1eefng th\u00e0nh c\u00f4ng v\u00e0 th\u1ea5t b\u1ea1i trong h\u01a1n ba m\u01b0\u01a1i n\u0103m l\u00e3nh \u0111\u1ea1o c\u1ee7a \u00f4ng.<\/p>\n<p>Ng\u01b0\u1eddi b\u1eaft \u0111\u1ea7u l\u00e0m l\u00e3nh \u0111\u1ea1o s\u1ebd t\u00ecm th\u1ea5y c\u1ea3m h\u1ee9ng t\u1eeb nh\u1eefng l\u1eddi khuy\u00ean J. Maxwell \u0111\u01b0a ra tr\u00ean m\u1ed7i nguy\u00ean t\u1eafc. Nh\u00e0 l\u00e3nh \u0111\u1ea1o \u0111\u00e3 c\u00f3 kinh nghi\u1ec7m s\u1ebd ph\u00e2n t\u00edch v\u00e0 t\u1eadn d\u1ee5ng tri\u1ebft l\u00fd v\u1ec1 thu\u1eadt l\u00e3nh \u0111\u1ea1o c\u1ee7a \u00f4ng trong s\u1ef1 c\u1ecd s\u00e1t v\u1edbi th\u1ef1c t\u1ebf c\u1ee7a b\u1ea3n th\u00e2n. C\u00f2n c\u00e1c nh\u00e0 l\u00e3nh \u0111\u1ea1o ch\u1ee7 ch\u1ed1t s\u1ebd ngay l\u1eadp t\u1ee9c mu\u1ed1n \u00e1p d\u1ee5ng h\u1ec7 th\u1ed1ng nguy\u00ean t\u1eafc v\u00e0 tri\u1ebft l\u00fd \u1ea5y \u0111\u1ec3 g\u00e2y d\u1ef1ng v\u00e0 ph\u00e1t tri\u1ec3n \u0111\u1ed9i ng\u0169 l\u00e3nh \u0111\u1ea1o t\u01b0\u01a1ng lai cho t\u1ed5 ch\u1ee9c c\u1ee7a m\u00ecnh.<\/p>\n","protected":false},"excerpt":{"rendered":"<p>Ng\u01b0\u1eddi m\u1edbi l\u00e0m l\u00e3nh \u0111\u1ea1o h\u1ecdc t\u1eeb l\u1ed7i l\u1ea7m c\u1ee7a b\u1ea3n th\u00e2n. Nh\u00e0 l\u00e3nh \u0111\u1ea1o th\u00f4ng minh h\u1ecdc t\u1eeb l\u1ed7i l\u1ea7m c\u1ee7a ng\u01b0\u1eddi kh\u00e1c.<\/p>\n<p>L\u00e3nh \u0111\u1ea1o, ch\u1ee7 \u0111\u1ec1 \u0111\u01b0\u1ee3c quan t\u00e2m \u0111\u1eb7c bi\u1ec7t trong b\u1ed1i c\u1ea3nh nhi\u1ec1u thay \u0111\u1ed5i v\u00e0 bi\u1ebfn \u0111\u1ed9ng hi\u1ec7n nay, l\u00e0 ngh\u1ec7 thu\u1eadt k\u00edch th\u00edch con tim v\u00e0 kh\u1ed1i \u00f3c c\u1ee7a nh\u1eefng ng\u01b0\u1eddi b\u00ecnh th\u01b0\u1eddng, v\u00ec nh\u1eefng k\u1ebft qu\u1ea3 phi th\u01b0\u1eddng. Con \u0111\u01b0\u1eddng tr\u1edf th\u00e0nh l\u00e3nh \u0111\u1ea1o kh\u00f4ng b\u1eb1ng ph\u1eb3ng, song ngh\u1ec7 thu\u1eadt l\u00e3nh \u0111\u1ea1o l\u00e0 ho\u00e0n to\u00e0n c\u00f3 th\u1ec3 l\u0129nh h\u1ed9i \u0111\u01b0\u1ee3c.<\/p>\n<p>Tinh hoa l\u00e3nh \u0111\u1ea1o \u0111\u01b0\u1ee3c John C. Maxwell vi\u1ebft tr\u00ean quan \u0111i\u1ec3m \u0111\u00f3. N\u1ebfu m\u1ed7i ch\u01b0\u01a1ng c\u1ee7a cu\u1ed1n s\u00e1ch t\u01b0\u01a1ng \u0111\u01b0\u01a1ng v\u1edbi m\u1ed9t kh\u00f3a \u0111\u00e0o t\u1ea1o m\u1ed9t th\u1ea7y m\u1ed9t tr\u00f2 v\u1edbi guru v\u1ec1 l\u00e3nh \u0111\u1ea1o h\u00e0ng \u0111\u1ea7u th\u1ebf gi\u1edbi, th\u00ec 26 nguy\u00ean t\u1eafc \u0111\u01b0a ra l\u00e0 ph\u1ea7n tinh t\u00fay ch\u1eaft l\u1ecdc t\u1eeb nh\u1eefng th\u00e0nh c\u00f4ng v\u00e0 th\u1ea5t b\u1ea1i trong h\u01a1n ba m\u01b0\u01a1i n\u0103m l\u00e3nh \u0111\u1ea1o c\u1ee7a \u00f4ng.<\/p>\n<p>Ng\u01b0\u1eddi b\u1eaft \u0111\u1ea7u l\u00e0m l\u00e3nh \u0111\u1ea1o s\u1ebd t\u00ecm th\u1ea5y c\u1ea3m h\u1ee9ng t\u1eeb nh\u1eefng l\u1eddi khuy\u00ean J. Maxwell \u0111\u01b0a ra tr\u00ean m\u1ed7i nguy\u00ean t\u1eafc. Nh\u00e0 l\u00e3nh \u0111\u1ea1o \u0111\u00e3 c\u00f3 kinh nghi\u1ec7m s\u1ebd ph\u00e2n t\u00edch v\u00e0 t\u1eadn d\u1ee5ng tri\u1ebft l\u00fd v\u1ec1 thu\u1eadt l\u00e3nh \u0111\u1ea1o c\u1ee7a \u00f4ng trong s\u1ef1 c\u1ecd s\u00e1t v\u1edbi th\u1ef1c t\u1ebf c\u1ee7a b\u1ea3n th\u00e2n. C\u00f2n c\u00e1c nh\u00e0 l\u00e3nh \u0111\u1ea1o ch\u1ee7 ch\u1ed1t s\u1ebd ngay l\u1eadp t\u1ee9c mu\u1ed1n \u00e1p d\u1ee5ng h\u1ec7 th\u1ed1ng nguy\u00ean t\u1eafc v\u00e0 tri\u1ebft l\u00fd \u1ea5y \u0111\u1ec3 g\u00e2y d\u1ef1ng v\u00e0 ph\u00e1t tri\u1ec3n \u0111\u1ed9i ng\u0169 l\u00e3nh \u0111\u1ea1o t\u01b0\u01a1ng lai cho t\u1ed5 ch\u1ee9c c\u1ee7a m\u00ecnh.<\/p>\n","protected":false},"featured_media":24370,"template":"","meta":{"_acf_changed":false},"product_brand":[],"product_cat":[18,15,46],"product_tag":[],"class_list":{"0":"post-24371","1":"product","2":"type-product","3":"status-publish","4":"has-post-thumbnail","6":"product_cat-kinh-te","7":"product_cat-sach-danh-cho-nguoi-lon","8":"product_cat-ky-nang-song","10":"first","11":"outofstock","12":"taxable","13":"shipping-taxable","14":"purchasable","15":"product-type-simple"},"supplier_id":null,"supplier_sku":"","barcode":null,"atum_controlled":true,"out_stock_date":"2023-10-06 18:44:31","out_stock_threshold":null,"inheritable":false,"inbound_stock":0,"stock_on_hold":0,"sold_today":0,"sales_last_days":0,"reserved_stock":0,"customer_returns":0,"warehouse_damage":0,"lost_in_post":0,"other_logs":0,"out_stock_days":845,"lost_sales":0,"has_location":false,"update_date":"2026-01-28T23:11:17","atum_locations":[],"atum_stock_status":"outofstock","restock_status":false,"low_stock_amount":"","sales_update_date":"2026-01-28T23:11:17","calc_backorders":null,"acf":{"publisher":{"ID":2817,"post_author":"1","post_date":"2021-02-27 00:00:35","post_date_gmt":"2021-02-26 22:00:35","post_content":"","post_title":"Alpha Books","post_excerpt":"","post_status":"publish","comment_status":"closed","ping_status":"closed","post_password":"","post_name":"alpha-books","to_ping":"","pinged":"","post_modified":"2021-02-27 00:00:35","post_modified_gmt":"2021-02-26 22:00:35","post_content_filtered":"","post_parent":0,"guid":"https:\/\/sachviet.eu\/nha-phat-hanh\/alpha-books\/","menu_order":0,"post_type":"publisher","post_mime_type":"","comment_count":"0","filter":"raw"}},"_links":{"self":[{"href":"https:\/\/sachviet.eu\/en\/wp-json\/wp\/v2\/product\/24371","targetHints":{"allow":["GET"]}}],"collection":[{"href":"https:\/\/sachviet.eu\/en\/wp-json\/wp\/v2\/product"}],"about":[{"href":"https:\/\/sachviet.eu\/en\/wp-json\/wp\/v2\/types\/product"}],"wp:featuredmedia":[{"embeddable":true,"href":"https:\/\/sachviet.eu\/en\/wp-json\/wp\/v2\/media\/24370"}],"wp:attachment":[{"href":"https:\/\/sachviet.eu\/en\/wp-json\/wp\/v2\/media?parent=24371"}],"wp:term":[{"taxonomy":"product_brand","embeddable":true,"href":"https:\/\/sachviet.eu\/en\/wp-json\/wp\/v2\/product_brand?post=24371"},{"taxonomy":"product_cat","embeddable":true,"href":"https:\/\/sachviet.eu\/en\/wp-json\/wp\/v2\/product_cat?post=24371"},{"taxonomy":"product_tag","embeddable":true,"href":"https:\/\/sachviet.eu\/en\/wp-json\/wp\/v2\/product_tag?post=24371"}],"curies":[{"name":"wp","href":"https:\/\/api.w.org\/{rel}","templated":true}]}}