{"id":24369,"date":"2023-10-06T21:44:26","date_gmt":"2023-10-06T18:44:26","guid":{"rendered":"https:\/\/sachviet.eu\/shop\/john-c-maxwell-lanh-dao-gioi-hoi-cau-hoi-hay\/"},"modified":"2023-10-08T13:32:55","modified_gmt":"2023-10-08T10:32:55","slug":"john-c-maxwell-lanh-dao-gioi-hoi-cau-hoi-hay","status":"publish","type":"product","link":"https:\/\/sachviet.eu\/en\/shop\/john-c-maxwell-lanh-dao-gioi-hoi-cau-hoi-hay\/","title":{"rendered":"John C Maxwell &#8211; L\u00e3nh \u0110\u1ea1o Gi\u1ecfi H\u1ecfi C\u00e2u H\u1ecfi Hay"},"content":{"rendered":"<p>Cu\u00f4\u0301n sa\u0301ch na\u0300y \u0111\u00ea\u0300 c\u00e2\u0323p \u0111\u00ea\u0301n vi\u00ea\u0323c t\u1ef1 \u0111\u0103\u0323t c\u00e2u ho\u0309i c\u1ee7a l\u00e3nh \u0111\u1ea1o v\u00e0 nh\u00e2n vi\u00ean. John C. Maxwell \u0111a\u0303 nh\u00e2\u0301n ma\u0323nh t\u00e2\u0300m quan tro\u0323ng cu\u0309a vi\u00ea\u0323c \u0111\u0103\u0323t c\u00e2u ho\u0309i v\u00e0 chia s\u1ebb nh\u1eefng b\u00ed quy\u1ebft gi\u1ea3i quy\u1ebft v\u1ea5n \u0111\u1ec1 h\u1eb1ng ng\u00e0y v\u1ec1 l\u00e3nh \u0111\u1ea1o, \u0111\u1ed3ng th\u1eddi trao ch\u00eca kh\u00f3a gi\u00fap gi\u1ea3i ph\u00f3ng ti\u1ec1m n\u0103ng c\u1ee7a nh\u00e0 l\u00e3nh \u0111\u1ea1o v\u00e0 c\u1ee7a to\u00e0n \u0111\u1ed9i ng\u0169 th\u00f4ng qua vi\u1ec7c \u0111\u1eb7t ra v\u00e0 tr\u1ea3 l\u1eddi c\u00e1c c\u00e2u h\u1ecfi nh\u01b0: <\/p>\n<p>&#8211; T\u00f4i ph\u1ea3i l\u00e0m g\u00ec \u0111\u1ec3 d\u1eabn d\u1eaft b\u1ea3n th\u00e2n \u0111\u1ebfn th\u00e0nh c\u00f4ng?<\/p>\n<p>&#8211; T\u00f4i ph\u1ea3i l\u00e0m g\u00ec khi b\u1eaft \u0111\u1ea7u l\u00e3nh \u0111\u1ea1o ng\u01b0\u1eddi kh\u00e1c?<\/p>\n<p>&#8211; L\u00e0m th\u1ebf n\u00e0o \u0111\u1ec3 t\u00f4i c\u00f3 th\u1ec3 th\u00e0nh c\u00f4ng khi l\u00e0m vi\u1ec7c v\u1edbi l\u00e3nh \u0111\u1ea1o c\u00f3 n\u0103ng l\u1ef1c k\u00e9m?<\/p>\n<p>&#8211; L\u00e0m th\u1ebf n\u00e0o t\u00f4i c\u00f3 th\u1ec3 chuy\u1ec3n giao vai tr\u00f2 l\u00e3nh \u0111\u1ea1o?<\/p>\n","protected":false},"excerpt":{"rendered":"<p>Cu\u00f4\u0301n sa\u0301ch na\u0300y \u0111\u00ea\u0300 c\u00e2\u0323p \u0111\u00ea\u0301n vi\u00ea\u0323c t\u1ef1 \u0111\u0103\u0323t c\u00e2u ho\u0309i c\u1ee7a l\u00e3nh \u0111\u1ea1o v\u00e0 nh\u00e2n vi\u00ean. John C. Maxwell \u0111a\u0303 nh\u00e2\u0301n ma\u0323nh t\u00e2\u0300m quan tro\u0323ng cu\u0309a vi\u00ea\u0323c \u0111\u0103\u0323t c\u00e2u ho\u0309i v\u00e0 chia s\u1ebb nh\u1eefng b\u00ed quy\u1ebft gi\u1ea3i quy\u1ebft v\u1ea5n \u0111\u1ec1 h\u1eb1ng ng\u00e0y v\u1ec1 l\u00e3nh \u0111\u1ea1o, \u0111\u1ed3ng th\u1eddi trao ch\u00eca kh\u00f3a gi\u00fap gi\u1ea3i ph\u00f3ng ti\u1ec1m n\u0103ng c\u1ee7a nh\u00e0 l\u00e3nh \u0111\u1ea1o v\u00e0 c\u1ee7a to\u00e0n \u0111\u1ed9i ng\u0169 th\u00f4ng qua vi\u1ec7c \u0111\u1eb7t ra v\u00e0 tr\u1ea3 l\u1eddi c\u00e1c c\u00e2u h\u1ecfi nh\u01b0: <\/p>\n<p>&#8211; T\u00f4i ph\u1ea3i l\u00e0m g\u00ec \u0111\u1ec3 d\u1eabn d\u1eaft b\u1ea3n th\u00e2n \u0111\u1ebfn th\u00e0nh c\u00f4ng?<\/p>\n<p>&#8211; T\u00f4i ph\u1ea3i l\u00e0m g\u00ec khi b\u1eaft \u0111\u1ea7u l\u00e3nh \u0111\u1ea1o ng\u01b0\u1eddi kh\u00e1c?<\/p>\n<p>&#8211; L\u00e0m th\u1ebf n\u00e0o \u0111\u1ec3 t\u00f4i c\u00f3 th\u1ec3 th\u00e0nh c\u00f4ng khi l\u00e0m vi\u1ec7c v\u1edbi l\u00e3nh \u0111\u1ea1o c\u00f3 n\u0103ng l\u1ef1c k\u00e9m?<\/p>\n<p>&#8211; L\u00e0m th\u1ebf n\u00e0o t\u00f4i c\u00f3 th\u1ec3 chuy\u1ec3n giao vai tr\u00f2 l\u00e3nh \u0111\u1ea1o?<\/p>\n","protected":false},"featured_media":24368,"template":"","meta":{"_acf_changed":false},"product_brand":[],"product_cat":[18,15,46],"product_tag":[],"class_list":{"0":"post-24369","1":"product","2":"type-product","3":"status-publish","4":"has-post-thumbnail","6":"product_cat-kinh-te","7":"product_cat-sach-danh-cho-nguoi-lon","8":"product_cat-ky-nang-song","10":"first","11":"outofstock","12":"taxable","13":"shipping-taxable","14":"purchasable","15":"product-type-simple"},"supplier_id":null,"supplier_sku":"","barcode":null,"atum_controlled":true,"out_stock_date":"2023-10-06 18:44:26","out_stock_threshold":null,"inheritable":false,"inbound_stock":0,"stock_on_hold":0,"sold_today":0,"sales_last_days":0,"reserved_stock":0,"customer_returns":0,"warehouse_damage":0,"lost_in_post":0,"other_logs":0,"out_stock_days":845,"lost_sales":0,"has_location":false,"update_date":"2026-01-28T23:11:17","atum_locations":[],"atum_stock_status":"outofstock","restock_status":false,"low_stock_amount":"","sales_update_date":"2026-01-28T23:11:17","calc_backorders":null,"acf":{"publisher":{"ID":2817,"post_author":"1","post_date":"2021-02-27 00:00:35","post_date_gmt":"2021-02-26 22:00:35","post_content":"","post_title":"Alpha Books","post_excerpt":"","post_status":"publish","comment_status":"closed","ping_status":"closed","post_password":"","post_name":"alpha-books","to_ping":"","pinged":"","post_modified":"2021-02-27 00:00:35","post_modified_gmt":"2021-02-26 22:00:35","post_content_filtered":"","post_parent":0,"guid":"https:\/\/sachviet.eu\/nha-phat-hanh\/alpha-books\/","menu_order":0,"post_type":"publisher","post_mime_type":"","comment_count":"0","filter":"raw"}},"_links":{"self":[{"href":"https:\/\/sachviet.eu\/en\/wp-json\/wp\/v2\/product\/24369","targetHints":{"allow":["GET"]}}],"collection":[{"href":"https:\/\/sachviet.eu\/en\/wp-json\/wp\/v2\/product"}],"about":[{"href":"https:\/\/sachviet.eu\/en\/wp-json\/wp\/v2\/types\/product"}],"wp:featuredmedia":[{"embeddable":true,"href":"https:\/\/sachviet.eu\/en\/wp-json\/wp\/v2\/media\/24368"}],"wp:attachment":[{"href":"https:\/\/sachviet.eu\/en\/wp-json\/wp\/v2\/media?parent=24369"}],"wp:term":[{"taxonomy":"product_brand","embeddable":true,"href":"https:\/\/sachviet.eu\/en\/wp-json\/wp\/v2\/product_brand?post=24369"},{"taxonomy":"product_cat","embeddable":true,"href":"https:\/\/sachviet.eu\/en\/wp-json\/wp\/v2\/product_cat?post=24369"},{"taxonomy":"product_tag","embeddable":true,"href":"https:\/\/sachviet.eu\/en\/wp-json\/wp\/v2\/product_tag?post=24369"}],"curies":[{"name":"wp","href":"https:\/\/api.w.org\/{rel}","templated":true}]}}