{"id":24367,"date":"2023-10-06T21:44:20","date_gmt":"2023-10-06T18:44:20","guid":{"rendered":"https:\/\/sachviet.eu\/shop\/john-c-maxwell-thuat-dac-nhan-tam\/"},"modified":"2023-10-08T13:32:55","modified_gmt":"2023-10-08T10:32:55","slug":"john-c-maxwell-thuat-dac-nhan-tam","status":"publish","type":"product","link":"https:\/\/sachviet.eu\/en\/shop\/john-c-maxwell-thuat-dac-nhan-tam\/","title":{"rendered":"John C Maxwell &#8211; Thu\u1eadt \u0110\u1eafc Nh\u00e2n T\u00e2m"},"content":{"rendered":"<p>\u0110i\u1ec1u g\u00ec c\u00f3 th\u1ec3 chinh ph\u1ee5c l\u00f2ng ng\u01b0\u1eddi? C\u00f3 ph\u1ea3i ai sinh ra c\u0169ng c\u00f3 nh\u1eefng ph\u1ea9m ch\u1ea5t hay s\u1ef1 nh\u1ea1y c\u1ea3m v\u00e0 tinh t\u1ebf \u0111\u1ec3 g\u1eb7t h\u00e1i th\u00e0nh c\u00f4ng trong m\u1ecdi m\u1ed1i quan h\u1ec7? Ch\u00fang ta c\u00f3 th\u1ec3 c\u00f3 nh\u1eefng k\u1ef9 n\u0103ng \u0111\u1ec3 chinh ph\u1ee5c l\u00f2ng ng\u01b0\u1eddi kh\u00f4ng hay ch\u1ec9 ch\u1ea5p nh\u1eadn nh\u1eefng g\u00ec Ch\u00faa \u0111\u00e3 ban t\u1eb7ng? V\u00e0 li\u1ec7u nh\u1eefng ng\u01b0\u1eddi gi\u1ecfi x\u00e2y d\u1ef1ng c\u00e1c m\u1ed1i quan h\u1ec7 c\u00f3 th\u1ec3 l\u00e0m t\u1ed1t h\u01a1n n\u1eefa kh\u00f4ng?<\/p>\n<p>H\u1ea7u h\u1ebft m\u1ecdi ng\u01b0\u1eddi \u0111\u1ec1u d\u1ec5 d\u00e0ng nh\u1eadn ra nh\u1eefng ng\u01b0\u1eddi gi\u1ecfi chinh ph\u1ee5c l\u00f2ng ng\u01b0\u1eddi khi ti\u1ebfp x\u00fac v\u1edbi h\u1ecd. H\u1ecd cho ch\u00fang ta c\u1ea3m gi\u00e1c \u0111\u01b0\u1ee3c l\u00e0 ch\u00ednh m\u00ecnh v\u00e0 n\u00e2ng ch\u00fang ta l\u00ean t\u1ea7m cao h\u01a1n. Ti\u1ebfp x\u00fac v\u1edbi h\u1ecd mang l\u1ea1i cho b\u1ea1n nh\u1eefng tr\u1ea3i nghi\u1ec7m t\u00edch c\u1ef1c, th\u00fa v\u1ecb v\u00e0 khi\u1ebfn b\u1ea1n lu\u00f4n mu\u1ed1n \u1edf b\u00ean h\u1ecd.<\/p>\n<p>R\u1ea5t nhi\u1ec1u ng\u01b0\u1eddi th\u01b0\u1eddng qu\u00e1 ch\u00fa tr\u1ecdng \u0111\u1ebfn t\u00e0i n\u0103ng v\u00e0 n\u0103ng l\u1ef1c m\u00e0 qu\u00ean m\u1ea5t m\u1ed9t \u0111i\u1ec1u l\u00e0 nh\u1eefng m\u1ed1i quan h\u1ec7 t\u1ed1t \u0111\u1eb9p ch\u00ednh l\u00e0 n\u1ec1n t\u1ea3ng cho m\u1ecdi th\u00e0nh t\u1ef1u, cho cu\u1ed9c s\u1ed1ng \u00fd ngh\u0129a v\u00e0 h\u1ea1nh ph\u00fac. \u0110\u00f3 kh\u00f4ng ch\u1ec9 l\u00e0 l\u1edbp kem ph\u1ee7 m\u00e0 ch\u00ednh l\u00e0 m\u1ed9t ph\u1ea7n c\u1ee7a chi\u1ebfc b\u00e1nh th\u00e0nh c\u00f4ng.<\/p>\n<p>V\u00e0 b\u1ea1n ho\u00e0n to\u00e0n c\u00f3 th\u1ec3 h\u1ecdc \u0111\u1ec3 tr\u1edf th\u00e0nh m\u1ed9t ng\u01b0\u1eddi \u201c\u0111\u1eafc nh\u00e2n t\u00e2m\u201d. Cu\u1ed1n s\u00e1ch n\u00e0y s\u1ebd g\u1ee3i \u00fd cho b\u1ea1n nh\u1eefng c\u00e1ch t\u1ea1o d\u1ef1ng v\u00e0 duy tr\u00ec c\u00e1c m\u1ed1i quan h\u1ec7 t\u1ed1t \u0111\u1eb9p, b\u1ec1n ch\u1eb7t th\u00f4ng qua 25 b\u00ed k\u00edp l\u00f4i cu\u1ed1n ng\u01b0\u1eddi kh\u00e1c nh\u01b0 Nguy\u00ean t\u1eafc L\u0103ng K\u00ednh, Nguy\u00ean t\u1eafc T\u1ea5m g\u01b0\u01a1ng, Nguy\u1ec5n t\u1eafc thang m\u00e1y\u2026 John C. Maxwell s\u1ebd ch\u1ee9ng minh c\u00f3 m\u1ed9t c\u00f4ng th\u1ee9c th\u00e0nh c\u00f4ng r\u1ea5t \u0111\u01a1n gi\u1ea3n, \u0111\u00f3 l\u00e0:<\/p>\n<p>Th\u00e0nh c\u00f4ng = C\u00e1c k\u1ef9 n\u0103ng b\u1ea1n s\u1eed d\u1ee5ng + C\u00e1c m\u1ed1i quan h\u1ec7 b\u1ea1n l\u1ef1a ch\u1ecdn.<\/p>\n","protected":false},"excerpt":{"rendered":"<p>\u0110i\u1ec1u g\u00ec c\u00f3 th\u1ec3 chinh ph\u1ee5c l\u00f2ng ng\u01b0\u1eddi? C\u00f3 ph\u1ea3i ai sinh ra c\u0169ng c\u00f3 nh\u1eefng ph\u1ea9m ch\u1ea5t hay s\u1ef1 nh\u1ea1y c\u1ea3m v\u00e0 tinh t\u1ebf \u0111\u1ec3 g\u1eb7t h\u00e1i th\u00e0nh c\u00f4ng trong m\u1ecdi m\u1ed1i quan h\u1ec7? Ch\u00fang ta c\u00f3 th\u1ec3 c\u00f3 nh\u1eefng k\u1ef9 n\u0103ng \u0111\u1ec3 chinh ph\u1ee5c l\u00f2ng ng\u01b0\u1eddi kh\u00f4ng hay ch\u1ec9 ch\u1ea5p nh\u1eadn nh\u1eefng g\u00ec Ch\u00faa \u0111\u00e3 ban t\u1eb7ng? V\u00e0 li\u1ec7u nh\u1eefng ng\u01b0\u1eddi gi\u1ecfi x\u00e2y d\u1ef1ng c\u00e1c m\u1ed1i quan h\u1ec7 c\u00f3 th\u1ec3 l\u00e0m t\u1ed1t h\u01a1n n\u1eefa kh\u00f4ng?<\/p>\n<p>H\u1ea7u h\u1ebft m\u1ecdi ng\u01b0\u1eddi \u0111\u1ec1u d\u1ec5 d\u00e0ng nh\u1eadn ra nh\u1eefng ng\u01b0\u1eddi gi\u1ecfi chinh ph\u1ee5c l\u00f2ng ng\u01b0\u1eddi khi ti\u1ebfp x\u00fac v\u1edbi h\u1ecd. H\u1ecd cho ch\u00fang ta c\u1ea3m gi\u00e1c \u0111\u01b0\u1ee3c l\u00e0 ch\u00ednh m\u00ecnh v\u00e0 n\u00e2ng ch\u00fang ta l\u00ean t\u1ea7m cao h\u01a1n. Ti\u1ebfp x\u00fac v\u1edbi h\u1ecd mang l\u1ea1i cho b\u1ea1n nh\u1eefng tr\u1ea3i nghi\u1ec7m t\u00edch c\u1ef1c, th\u00fa v\u1ecb v\u00e0 khi\u1ebfn b\u1ea1n lu\u00f4n mu\u1ed1n \u1edf b\u00ean h\u1ecd.<\/p>\n<p>R\u1ea5t nhi\u1ec1u ng\u01b0\u1eddi th\u01b0\u1eddng qu\u00e1 ch\u00fa tr\u1ecdng \u0111\u1ebfn t\u00e0i n\u0103ng v\u00e0 n\u0103ng l\u1ef1c m\u00e0 qu\u00ean m\u1ea5t m\u1ed9t \u0111i\u1ec1u l\u00e0 nh\u1eefng m\u1ed1i quan h\u1ec7 t\u1ed1t \u0111\u1eb9p ch\u00ednh l\u00e0 n\u1ec1n t\u1ea3ng cho m\u1ecdi th\u00e0nh t\u1ef1u, cho cu\u1ed9c s\u1ed1ng \u00fd ngh\u0129a v\u00e0 h\u1ea1nh ph\u00fac. \u0110\u00f3 kh\u00f4ng ch\u1ec9 l\u00e0 l\u1edbp kem ph\u1ee7 m\u00e0 ch\u00ednh l\u00e0 m\u1ed9t ph\u1ea7n c\u1ee7a chi\u1ebfc b\u00e1nh th\u00e0nh c\u00f4ng.<\/p>\n<p>V\u00e0 b\u1ea1n ho\u00e0n to\u00e0n c\u00f3 th\u1ec3 h\u1ecdc \u0111\u1ec3 tr\u1edf th\u00e0nh m\u1ed9t ng\u01b0\u1eddi \u201c\u0111\u1eafc nh\u00e2n t\u00e2m\u201d. Cu\u1ed1n s\u00e1ch n\u00e0y s\u1ebd g\u1ee3i \u00fd cho b\u1ea1n nh\u1eefng c\u00e1ch t\u1ea1o d\u1ef1ng v\u00e0 duy tr\u00ec c\u00e1c m\u1ed1i quan h\u1ec7 t\u1ed1t \u0111\u1eb9p, b\u1ec1n ch\u1eb7t th\u00f4ng qua 25 b\u00ed k\u00edp l\u00f4i cu\u1ed1n ng\u01b0\u1eddi kh\u00e1c nh\u01b0 Nguy\u00ean t\u1eafc L\u0103ng K\u00ednh, Nguy\u00ean t\u1eafc T\u1ea5m g\u01b0\u01a1ng, Nguy\u1ec5n t\u1eafc thang m\u00e1y\u2026 John C. Maxwell s\u1ebd ch\u1ee9ng minh c\u00f3 m\u1ed9t c\u00f4ng th\u1ee9c th\u00e0nh c\u00f4ng r\u1ea5t \u0111\u01a1n gi\u1ea3n, \u0111\u00f3 l\u00e0:<\/p>\n<p>Th\u00e0nh c\u00f4ng = C\u00e1c k\u1ef9 n\u0103ng b\u1ea1n s\u1eed d\u1ee5ng + C\u00e1c m\u1ed1i quan h\u1ec7 b\u1ea1n l\u1ef1a ch\u1ecdn.<\/p>\n","protected":false},"featured_media":24366,"template":"","meta":{"_acf_changed":false},"product_brand":[],"product_cat":[18,15,46],"product_tag":[],"class_list":{"0":"post-24367","1":"product","2":"type-product","3":"status-publish","4":"has-post-thumbnail","6":"product_cat-kinh-te","7":"product_cat-sach-danh-cho-nguoi-lon","8":"product_cat-ky-nang-song","10":"first","11":"outofstock","12":"taxable","13":"shipping-taxable","14":"purchasable","15":"product-type-simple"},"supplier_id":null,"supplier_sku":"","barcode":null,"atum_controlled":true,"out_stock_date":"2023-10-06 18:44:20","out_stock_threshold":null,"inheritable":false,"inbound_stock":0,"stock_on_hold":0,"sold_today":0,"sales_last_days":0,"reserved_stock":0,"customer_returns":0,"warehouse_damage":0,"lost_in_post":0,"other_logs":0,"out_stock_days":845,"lost_sales":0,"has_location":false,"update_date":"2026-01-28T23:11:17","atum_locations":[],"atum_stock_status":"outofstock","restock_status":false,"low_stock_amount":"","sales_update_date":"2026-01-28T23:11:17","calc_backorders":null,"acf":{"publisher":{"ID":2817,"post_author":"1","post_date":"2021-02-27 00:00:35","post_date_gmt":"2021-02-26 22:00:35","post_content":"","post_title":"Alpha Books","post_excerpt":"","post_status":"publish","comment_status":"closed","ping_status":"closed","post_password":"","post_name":"alpha-books","to_ping":"","pinged":"","post_modified":"2021-02-27 00:00:35","post_modified_gmt":"2021-02-26 22:00:35","post_content_filtered":"","post_parent":0,"guid":"https:\/\/sachviet.eu\/nha-phat-hanh\/alpha-books\/","menu_order":0,"post_type":"publisher","post_mime_type":"","comment_count":"0","filter":"raw"}},"_links":{"self":[{"href":"https:\/\/sachviet.eu\/en\/wp-json\/wp\/v2\/product\/24367","targetHints":{"allow":["GET"]}}],"collection":[{"href":"https:\/\/sachviet.eu\/en\/wp-json\/wp\/v2\/product"}],"about":[{"href":"https:\/\/sachviet.eu\/en\/wp-json\/wp\/v2\/types\/product"}],"wp:featuredmedia":[{"embeddable":true,"href":"https:\/\/sachviet.eu\/en\/wp-json\/wp\/v2\/media\/24366"}],"wp:attachment":[{"href":"https:\/\/sachviet.eu\/en\/wp-json\/wp\/v2\/media?parent=24367"}],"wp:term":[{"taxonomy":"product_brand","embeddable":true,"href":"https:\/\/sachviet.eu\/en\/wp-json\/wp\/v2\/product_brand?post=24367"},{"taxonomy":"product_cat","embeddable":true,"href":"https:\/\/sachviet.eu\/en\/wp-json\/wp\/v2\/product_cat?post=24367"},{"taxonomy":"product_tag","embeddable":true,"href":"https:\/\/sachviet.eu\/en\/wp-json\/wp\/v2\/product_tag?post=24367"}],"curies":[{"name":"wp","href":"https:\/\/api.w.org\/{rel}","templated":true}]}}