{"id":24365,"date":"2023-10-06T21:44:14","date_gmt":"2023-10-06T18:44:14","guid":{"rendered":"https:\/\/sachviet.eu\/shop\/chien-tranh-tien-te-phan-1-ai-thuc-su-la-nguoi-giau-nhat-the-gioi\/"},"modified":"2023-10-08T13:32:55","modified_gmt":"2023-10-08T10:32:55","slug":"chien-tranh-tien-te-phan-1-ai-thuc-su-la-nguoi-giau-nhat-the-gioi","status":"publish","type":"product","link":"https:\/\/sachviet.eu\/en\/shop\/chien-tranh-tien-te-phan-1-ai-thuc-su-la-nguoi-giau-nhat-the-gioi\/","title":{"rendered":"Chi\u1ebfn Tranh Ti\u1ec1n T\u1ec7 &#8211; Ph\u1ea7n 1 &#8211; Ai Th\u1ef1c S\u1ef1 L\u00e0 Ng\u01b0\u1eddi Gi\u00e0u Nh\u1ea5t Th\u1ebf Gi\u1edbi"},"content":{"rendered":"<p>L\u00e0 m\u1ed9t cu\u1ed1n s\u00e1ch l\u00e0m s\u1eedng s\u1ed1t nh\u1eefng ai mu\u1ed1n t\u00ecm hi\u1ec3u v\u1ec1 b\u1ea3n ch\u1ea5t c\u1ee7a ti\u1ec1n t\u1ec7, \u0111\u1ec3 t\u1eeb \u0111\u00f3 nh\u1eadn ra nh\u1eefng hi\u1ec3m h\u1ecda t\u00e0i ch\u00ednh ti\u1ec1m \u1ea9n nh\u1eb1m chu\u1ea9n b\u1ecb t\u00e2m l\u00fd cho m\u1ed9t cu\u1ed9c chi\u1ebfn ti\u1ec1n t\u1ec7 \u201ckh\u00f4ng \u0111\u1ed5 m\u00e1u\u201d, \u201cChi\u1ebfn tranh ti\u1ec1n t\u1ec7 &#8211; Ai th\u1eadt s\u1ef1 l\u00e0 ng\u01b0\u1eddi gi\u00e0u nh\u1ea5t th\u1ebf gi\u1edbi\u201d c\u00f2n ph\u01a1i b\u00e0y nh\u1eefng \u00e2m m\u01b0u c\u1ee7a c\u00e1c nh\u00e0 t\u00e0i phi\u1ec7t th\u1ebf gi\u1edbi trong vi\u1ec7c t\u1ea1o ra nh\u1eefng c\u01a1n \u201ch\u1ea1n h\u00e1n\u201d, \u201cb\u00e3o l\u0169\u201d v\u1ec1 ti\u1ec1n t\u1ec7 \u0111\u1ec3 thu l\u1ee3i nhu\u1eadn. Cu\u1ed1n s\u00e1ch c\u0169ng \u0111\u1ec1 c\u1eadp \u0111\u1ebfn s\u1ef1 ph\u00e1t tri\u1ec3n c\u1ee7a c\u00e1c \u0111\u1ecbnh ch\u1ebf t\u00e0i ch\u00ednh \u2013 nh\u1eefng c\u01a1 c\u1ea5u \u0111\u01b0\u1ee3c x\u00e2y d\u1ef1ng nh\u1eb1m \u0111\u00e1p \u1ee9ng nhu c\u1ea7u ph\u00e1t tri\u1ec3n v\u0169 b\u00e3o c\u1ee7a n\u1ec1n kinh t\u1ebf to\u00e0n c\u1ea7u. G\u1ea5p cu\u1ed1n s\u00e1ch l\u1ea1i, c\u00f3 th\u1ec3 b\u1ea1n \u0111\u1ecdc s\u1ebd c\u00f3 nhi\u1ec1u t\u00e2m tr\u1ea1ng kh\u00e1c nhau. \u0110\u1ed1i v\u1edbi m\u1ed9t s\u1ed1 ng\u01b0\u1eddi, \u0111\u00f3 c\u00f3 th\u1ec3 l\u00e0 s\u1ef1 s\u1ee3 h\u00e3i th\u1ebf l\u1ef1c t\u00e0i ch\u00ednh qu\u1ed1c t\u1ebf v\u00e0 c\u1ea3m gi\u00e1c b\u1ea5t an v\u1ec1 s\u1ef1 chi ph\u1ed1i c\u1ee7a th\u1ebf l\u1ef1c n\u00e0y. V\u1edbi s\u1ed1 kh\u00e1c th\u00ec \u0111\u00f3 c\u00f3 th\u1ec3 l\u00e0 m\u1ed9t c\u1ea3m gi\u00e1c th\u00fa v\u1ecb khi kh\u00e1m ph\u00e1 ra s\u1ef1 th\u1eadt tr\u1ea7n tr\u1ee5i \u0111\u1ec3 t\u1eeb \u0111\u00f3 c\u00f3 c\u00e1ch nh\u00ecn nh\u1eadn kh\u00e1c nh\u1eb1m x\u00e2y d\u1ef1ng cho m\u00ecnh nh\u1eefng k\u1ebf ho\u1ea1ch \u0111\u1ea7u t\u01b0 m\u1ed9t c\u00e1ch hi\u1ec7u qu\u1ea3 nh\u1ea5t. V\u00e0 cho d\u00f9 b\u1ea1n c\u00f3 lo s\u1ee3 hay c\u1ea3m th\u1ea5y t\u00f2 m\u00f2, th\u00fa v\u1ecb th\u00ec \u201cChi\u1ebfn tranh ti\u1ec1n t\u1ec7 &#8211; Ai th\u1eadt s\u1ef1 l\u00e0 ng\u01b0\u1eddi gi\u00e0u nh\u1ea5t th\u1ebf gi\u1edbi\u201d c\u0169ng l\u00e0 m\u1ed9t cu\u1ed1n s\u00e1ch \u0111\u00e1ng \u0111\u1ecdc. M\u1ed9t cu\u1ed1n s\u00e1ch b\u1ed5 \u00edch cho c\u00e1c chuy\u00ean gia qu\u1ea3n l\u00fd t\u00e0i ch\u00ednh, c\u00e1c nh\u00e0 qu\u1ea3n tr\u1ecb doanh nghi\u1ec7p, c\u00e1c nh\u00e0 \u0111\u1ea7u t\u01b0 nh\u1ecf, c\u00e1c gi\u00e1o vi\u00ean gi\u1ea3ng d\u1ea1y v\u1ec1 t\u00e0i ch\u00ednh \u2013 ng\u00e2n h\u00e0ng c\u0169ng nh\u01b0 sinh vi\u00ean c\u00e1c tr\u01b0\u1eddng kinh t\u1ebf.<\/p>\n","protected":false},"excerpt":{"rendered":"<p>L\u00e0 m\u1ed9t cu\u1ed1n s\u00e1ch l\u00e0m s\u1eedng s\u1ed1t nh\u1eefng ai mu\u1ed1n t\u00ecm hi\u1ec3u v\u1ec1 b\u1ea3n ch\u1ea5t c\u1ee7a ti\u1ec1n t\u1ec7, \u0111\u1ec3 t\u1eeb \u0111\u00f3 nh\u1eadn ra nh\u1eefng hi\u1ec3m h\u1ecda t\u00e0i ch\u00ednh ti\u1ec1m \u1ea9n nh\u1eb1m chu\u1ea9n b\u1ecb t\u00e2m l\u00fd cho m\u1ed9t cu\u1ed9c chi\u1ebfn ti\u1ec1n t\u1ec7 \u201ckh\u00f4ng \u0111\u1ed5 m\u00e1u\u201d, \u201cChi\u1ebfn tranh ti\u1ec1n t\u1ec7 &#8211; Ai th\u1eadt s\u1ef1 l\u00e0 ng\u01b0\u1eddi gi\u00e0u nh\u1ea5t th\u1ebf gi\u1edbi\u201d c\u00f2n ph\u01a1i b\u00e0y nh\u1eefng \u00e2m m\u01b0u c\u1ee7a c\u00e1c nh\u00e0 t\u00e0i phi\u1ec7t th\u1ebf gi\u1edbi trong vi\u1ec7c t\u1ea1o ra nh\u1eefng c\u01a1n \u201ch\u1ea1n h\u00e1n\u201d, \u201cb\u00e3o l\u0169\u201d v\u1ec1 ti\u1ec1n t\u1ec7 \u0111\u1ec3 thu l\u1ee3i nhu\u1eadn. Cu\u1ed1n s\u00e1ch c\u0169ng \u0111\u1ec1 c\u1eadp \u0111\u1ebfn s\u1ef1 ph\u00e1t tri\u1ec3n c\u1ee7a c\u00e1c \u0111\u1ecbnh ch\u1ebf t\u00e0i ch\u00ednh \u2013 nh\u1eefng c\u01a1 c\u1ea5u \u0111\u01b0\u1ee3c x\u00e2y d\u1ef1ng nh\u1eb1m \u0111\u00e1p \u1ee9ng nhu c\u1ea7u ph\u00e1t tri\u1ec3n v\u0169 b\u00e3o c\u1ee7a n\u1ec1n kinh t\u1ebf to\u00e0n c\u1ea7u. G\u1ea5p cu\u1ed1n s\u00e1ch l\u1ea1i, c\u00f3 th\u1ec3 b\u1ea1n \u0111\u1ecdc s\u1ebd c\u00f3 nhi\u1ec1u t\u00e2m tr\u1ea1ng kh\u00e1c nhau. \u0110\u1ed1i v\u1edbi m\u1ed9t s\u1ed1 ng\u01b0\u1eddi, \u0111\u00f3 c\u00f3 th\u1ec3 l\u00e0 s\u1ef1 s\u1ee3 h\u00e3i th\u1ebf l\u1ef1c t\u00e0i ch\u00ednh qu\u1ed1c t\u1ebf v\u00e0 c\u1ea3m gi\u00e1c b\u1ea5t an v\u1ec1 s\u1ef1 chi ph\u1ed1i c\u1ee7a th\u1ebf l\u1ef1c n\u00e0y. V\u1edbi s\u1ed1 kh\u00e1c th\u00ec \u0111\u00f3 c\u00f3 th\u1ec3 l\u00e0 m\u1ed9t c\u1ea3m gi\u00e1c th\u00fa v\u1ecb khi kh\u00e1m ph\u00e1 ra s\u1ef1 th\u1eadt tr\u1ea7n tr\u1ee5i \u0111\u1ec3 t\u1eeb \u0111\u00f3 c\u00f3 c\u00e1ch nh\u00ecn nh\u1eadn kh\u00e1c nh\u1eb1m x\u00e2y d\u1ef1ng cho m\u00ecnh nh\u1eefng k\u1ebf ho\u1ea1ch \u0111\u1ea7u t\u01b0 m\u1ed9t c\u00e1ch hi\u1ec7u qu\u1ea3 nh\u1ea5t. V\u00e0 cho d\u00f9 b\u1ea1n c\u00f3 lo s\u1ee3 hay c\u1ea3m th\u1ea5y t\u00f2 m\u00f2, th\u00fa v\u1ecb th\u00ec \u201cChi\u1ebfn tranh ti\u1ec1n t\u1ec7 &#8211; Ai th\u1eadt s\u1ef1 l\u00e0 ng\u01b0\u1eddi gi\u00e0u nh\u1ea5t th\u1ebf gi\u1edbi\u201d c\u0169ng l\u00e0 m\u1ed9t cu\u1ed1n s\u00e1ch \u0111\u00e1ng \u0111\u1ecdc. M\u1ed9t cu\u1ed1n s\u00e1ch b\u1ed5 \u00edch cho c\u00e1c chuy\u00ean gia qu\u1ea3n l\u00fd t\u00e0i ch\u00ednh, c\u00e1c nh\u00e0 qu\u1ea3n tr\u1ecb doanh nghi\u1ec7p, c\u00e1c nh\u00e0 \u0111\u1ea7u t\u01b0 nh\u1ecf, c\u00e1c gi\u00e1o vi\u00ean gi\u1ea3ng d\u1ea1y v\u1ec1 t\u00e0i ch\u00ednh \u2013 ng\u00e2n h\u00e0ng c\u0169ng nh\u01b0 sinh vi\u00ean c\u00e1c tr\u01b0\u1eddng kinh t\u1ebf.<\/p>\n","protected":false},"featured_media":24364,"template":"","meta":{"_acf_changed":false},"product_brand":[],"product_cat":[18,15,46],"product_tag":[],"class_list":{"0":"post-24365","1":"product","2":"type-product","3":"status-publish","4":"has-post-thumbnail","6":"product_cat-kinh-te","7":"product_cat-sach-danh-cho-nguoi-lon","8":"product_cat-ky-nang-song","10":"first","11":"outofstock","12":"taxable","13":"shipping-taxable","14":"purchasable","15":"product-type-simple"},"supplier_id":null,"supplier_sku":"","barcode":null,"atum_controlled":true,"out_stock_date":"2023-10-06 18:44:14","out_stock_threshold":null,"inheritable":false,"inbound_stock":0,"stock_on_hold":0,"sold_today":0,"sales_last_days":0,"reserved_stock":0,"customer_returns":0,"warehouse_damage":0,"lost_in_post":0,"other_logs":0,"out_stock_days":845,"lost_sales":0,"has_location":false,"update_date":"2026-01-28T23:11:17","atum_locations":[],"atum_stock_status":"outofstock","restock_status":false,"low_stock_amount":"","sales_update_date":"2026-01-28T23:11:17","calc_backorders":null,"acf":{"publisher":{"ID":24363,"post_author":"1","post_date":"2023-10-06 21:44:11","post_date_gmt":"2023-10-06 18:44:11","post_content":"","post_title":"B\u00e1ch Vi\u1ec7t","post_excerpt":"","post_status":"publish","comment_status":"closed","ping_status":"closed","post_password":"","post_name":"bach-viet","to_ping":"","pinged":"","post_modified":"2023-10-06 21:44:11","post_modified_gmt":"2023-10-06 18:44:11","post_content_filtered":"","post_parent":0,"guid":"https:\/\/sachviet.eu\/nha-phat-hanh\/bach-viet\/","menu_order":0,"post_type":"publisher","post_mime_type":"","comment_count":"0","filter":"raw"}},"_links":{"self":[{"href":"https:\/\/sachviet.eu\/en\/wp-json\/wp\/v2\/product\/24365","targetHints":{"allow":["GET"]}}],"collection":[{"href":"https:\/\/sachviet.eu\/en\/wp-json\/wp\/v2\/product"}],"about":[{"href":"https:\/\/sachviet.eu\/en\/wp-json\/wp\/v2\/types\/product"}],"wp:featuredmedia":[{"embeddable":true,"href":"https:\/\/sachviet.eu\/en\/wp-json\/wp\/v2\/media\/24364"}],"wp:attachment":[{"href":"https:\/\/sachviet.eu\/en\/wp-json\/wp\/v2\/media?parent=24365"}],"wp:term":[{"taxonomy":"product_brand","embeddable":true,"href":"https:\/\/sachviet.eu\/en\/wp-json\/wp\/v2\/product_brand?post=24365"},{"taxonomy":"product_cat","embeddable":true,"href":"https:\/\/sachviet.eu\/en\/wp-json\/wp\/v2\/product_cat?post=24365"},{"taxonomy":"product_tag","embeddable":true,"href":"https:\/\/sachviet.eu\/en\/wp-json\/wp\/v2\/product_tag?post=24365"}],"curies":[{"name":"wp","href":"https:\/\/api.w.org\/{rel}","templated":true}]}}