{"id":2434,"date":"2021-02-25T19:34:41","date_gmt":"2021-02-25T17:34:41","guid":{"rendered":"https:\/\/sachviet.eu\/shop\/giac-ngu-dong-ron-ra\/"},"modified":"2021-09-16T22:11:00","modified_gmt":"2021-09-16T19:11:00","slug":"giac-ngu-dong-ron-ra","status":"publish","type":"product","link":"https:\/\/sachviet.eu\/en\/shop\/giac-ngu-dong-ron-ra\/","title":{"rendered":"Gi\u1ea5c Ng\u1ee7 \u0110\u00f4ng R\u1ed9n R\u00e3"},"content":{"rendered":"<p>\u201cGI\u1ea4C NG\u1ee6 \u0110\u00d4NG R\u1ed8N R\u00c3\u201d \u2013 S\u00c1CH D\u00c0NH CHO C\u00c1C B\u1ea0N NH\u1ece \u201cGH\u00c9T M\u00d9A \u0110\u00d4NG\u201d V\u00c0 M\u00ca PHI\u00caU L\u01afU<br \/>\nThay v\u00ec c\u1ee9 thuy\u1ebft ph\u1ee5c, d\u1ee5 d\u1ed7 b\u00e9 nh\u00e0 m\u00ecnh r\u1eddi kh\u1ecfi chi\u1ebfc ch\u0103n \u1ea5m \u00e1p; b\u1ed1 m\u1eb9 h\u00e3y th\u1eed \u0111\u01b0a b\u00e9 \u0111\u1ebfn v\u1edbi c\u00e2u chuy\u1ec7n c\u1ee7a b\u1ea1n R\u00f9a nh\u00e9. B\u00e9 ch\u00ednh l\u00e0 R\u00f9a. V\u00e0 R\u00f9a \u0111\u00e3 t\u1ef1 t\u00ecm ra ni\u1ec1m vui c\u1ee7a m\u00f9a \u0110\u00f4ng, ch\u00ednh l\u00e0 \u0111\u01b0\u1ee3c ra ngo\u00e0i v\u00e0 vui ch\u01a1i v\u1edbi b\u1ea1n b\u00e8. C\u00e2u chuy\u1ec7n d\u1ec5 th\u01b0\u01a1ng c\u00f9ng n\u00e9t v\u1ebd si\u00eau \u0111\u00e1ng y\u00eau c\u1ee7a t\u00e1c gi\u1ea3 Katy Hudson \u0111\u00e3 chinh ph\u1ee5c h\u00e0ng tri\u1ec7u b\u1ea1n nh\u1ecf tr\u00ean th\u1ebf gi\u1edbi v\u00e0 \u0111\u01b0\u1ee3c xu\u1ea5t b\u1ea3n ra nhi\u1ec1u th\u1ee9 ti\u1ebfng. Gi\u1edd \u0111\u00e2y, s\u00e1ch \u0111\u01b0\u1ee3c bi\u00ean t\u1eadp ti\u1ebfng vi\u1ec7t v\u00e0 \u0111\u01b0\u1ee3c Crabit Kidbooks ra m\u1eaft v\u00e0o \u0111\u00fang d\u1ecbp m\u00f9a \u0110\u00f4ng. B\u1ed1 m\u1eb9 n\u00e0o \u0111ang th\u1ea5y b\u00e9 th\u1eadt gi\u1ed1ng b\u1ea1n R\u00f9a.<br \/>\nB\u00e9 s\u1ebd h\u1ecdc \u0111\u01b0\u1ee3c s\u1ef1 ki\u00ean tr\u00ec c\u1ee7a R\u00f9a trong h\u00e0nh tr\u00ecnh \u0111i t\u00ecm ch\u1ed7 ng\u1ee7, s\u1ef1 ki\u00ean nh\u1eabn c\u1ee7a R\u00f9a khi c\u1ee9 ph\u1ea3i t\u00ecm h\u1ebft ch\u1ed7 n\u00e0y \u0111\u1ebfn kh\u00e1c \u0111\u1ec3 tr\u00e1nh s\u1ef1 r\u1ee7 r\u00ea c\u1ee7a \u0111\u00e1m b\u1ea1n ham ch\u01a1i v\u00e0 c\u1ea3 c\u00e1ch t\u00ecm ni\u1ec1m vui, d\u00e1m th\u1eed nhi\u1ec1u \u0111i\u1ec1u m\u1edbi m\u1ebb,\u2026 V\u00e0 t\u1ea5t nhi\u00ean l\u00e0, b\u1eb1ng m\u1ed9t c\u00e1ch gi\u00e1n ti\u1ebfp, b\u00e9 s\u1ebd th\u1ea5y y\u00eau m\u00f9a \u0110\u00f4ng h\u01a1n v\u00e0 mu\u1ed1n ra ngo\u00e0i vui ch\u01a1i v\u1edbi b\u1ea1n b\u00e8 c\u1ee7a m\u00ecnh.<br \/>\nS\u00e1ch 40 trang, k\u00edch th\u01b0\u1edbc 185x210mm. Gi\u1ea5y in \u0111\u1eb9p, b\u00eca c\u1ee9ng c\u00e1n m\u1edd, v\u1edbi l\u1edbp \u00e1o s\u00e1ch b\u1ecdc ngo\u00e0i theo \u0111\u00fang nguy\u00ean m\u1eabu v\u00e0 ch\u1ea5t l\u01b0\u1ee3ng ngang h\u00e0ng s\u00e1ch nh\u1eadp kh\u1ea9u S\u00e1ch ph\u00f9 h\u1ee3p cho b\u1ea1n nh\u1ecf t\u1eeb 4 tu\u1ed5i tr\u1edf l\u00ean<\/p>\n","protected":false},"excerpt":{"rendered":"<p>\u201cGI\u1ea4C NG\u1ee6 \u0110\u00d4NG R\u1ed8N R\u00c3\u201d \u2013 S\u00c1CH D\u00c0NH CHO C\u00c1C B\u1ea0N NH\u1ece \u201cGH\u00c9T M\u00d9A \u0110\u00d4NG\u201d V\u00c0 M\u00ca PHI\u00caU L\u01afU<br \/>\nThay v\u00ec c\u1ee9 thuy\u1ebft ph\u1ee5c, d\u1ee5 d\u1ed7 b\u00e9 nh\u00e0 m\u00ecnh r\u1eddi kh\u1ecfi chi\u1ebfc ch\u0103n \u1ea5m \u00e1p; b\u1ed1 m\u1eb9 h\u00e3y th\u1eed \u0111\u01b0a b\u00e9 \u0111\u1ebfn v\u1edbi c\u00e2u chuy\u1ec7n c\u1ee7a b\u1ea1n R\u00f9a nh\u00e9. B\u00e9 ch\u00ednh l\u00e0 R\u00f9a. V\u00e0 R\u00f9a \u0111\u00e3 t\u1ef1 t\u00ecm ra ni\u1ec1m vui c\u1ee7a m\u00f9a \u0110\u00f4ng, ch\u00ednh l\u00e0 \u0111\u01b0\u1ee3c ra ngo\u00e0i v\u00e0 vui ch\u01a1i v\u1edbi b\u1ea1n b\u00e8. C\u00e2u chuy\u1ec7n d\u1ec5 th\u01b0\u01a1ng c\u00f9ng n\u00e9t v\u1ebd si\u00eau \u0111\u00e1ng y\u00eau c\u1ee7a t\u00e1c gi\u1ea3 Katy Hudson \u0111\u00e3 chinh ph\u1ee5c h\u00e0ng tri\u1ec7u b\u1ea1n nh\u1ecf tr\u00ean th\u1ebf gi\u1edbi v\u00e0 \u0111\u01b0\u1ee3c xu\u1ea5t b\u1ea3n ra nhi\u1ec1u th\u1ee9 ti\u1ebfng. Gi\u1edd \u0111\u00e2y, s\u00e1ch \u0111\u01b0\u1ee3c bi\u00ean t\u1eadp ti\u1ebfng vi\u1ec7t v\u00e0 \u0111\u01b0\u1ee3c Crabit Kidbooks ra m\u1eaft v\u00e0o \u0111\u00fang d\u1ecbp m\u00f9a \u0110\u00f4ng. B\u1ed1 m\u1eb9 n\u00e0o \u0111ang th\u1ea5y b\u00e9 th\u1eadt gi\u1ed1ng b\u1ea1n R\u00f9a.<br \/>\nB\u00e9 s\u1ebd h\u1ecdc \u0111\u01b0\u1ee3c s\u1ef1 ki\u00ean tr\u00ec c\u1ee7a R\u00f9a trong h\u00e0nh tr\u00ecnh \u0111i t\u00ecm ch\u1ed7 ng\u1ee7, s\u1ef1 ki\u00ean nh\u1eabn c\u1ee7a R\u00f9a khi c\u1ee9 ph\u1ea3i t\u00ecm h\u1ebft ch\u1ed7 n\u00e0y \u0111\u1ebfn kh\u00e1c \u0111\u1ec3 tr\u00e1nh s\u1ef1 r\u1ee7 r\u00ea c\u1ee7a \u0111\u00e1m b\u1ea1n ham ch\u01a1i v\u00e0 c\u1ea3 c\u00e1ch t\u00ecm ni\u1ec1m vui, d\u00e1m th\u1eed nhi\u1ec1u \u0111i\u1ec1u m\u1edbi m\u1ebb,&#8230; V\u00e0 t\u1ea5t nhi\u00ean l\u00e0, b\u1eb1ng m\u1ed9t c\u00e1ch gi\u00e1n ti\u1ebfp, b\u00e9 s\u1ebd th\u1ea5y y\u00eau m\u00f9a \u0110\u00f4ng h\u01a1n v\u00e0 mu\u1ed1n ra ngo\u00e0i vui ch\u01a1i v\u1edbi b\u1ea1n b\u00e8 c\u1ee7a m\u00ecnh.<br \/>\nS\u00e1ch 40 trang, k\u00edch th\u01b0\u1edbc 185x210mm. Gi\u1ea5y in \u0111\u1eb9p, b\u00eca c\u1ee9ng c\u00e1n m\u1edd, v\u1edbi l\u1edbp \u00e1o s\u00e1ch b\u1ecdc ngo\u00e0i theo \u0111\u00fang nguy\u00ean m\u1eabu v\u00e0 ch\u1ea5t l\u01b0\u1ee3ng ngang h\u00e0ng s\u00e1ch nh\u1eadp kh\u1ea9u S\u00e1ch ph\u00f9 h\u1ee3p cho b\u1ea1n nh\u1ecf t\u1eeb 4 tu\u1ed5i tr\u1edf l\u00ean<\/p>\n","protected":false},"featured_media":2431,"template":"","meta":{"_acf_changed":false},"product_brand":[],"product_cat":[25,17],"product_tag":[],"class_list":{"0":"post-2434","1":"product","2":"type-product","3":"status-publish","4":"has-post-thumbnail","6":"product_cat-nhi-dong-6-tuoi-12-tuoi","7":"product_cat-sach-danh-cho-cac-be","9":"first","10":"instock","11":"taxable","12":"shipping-taxable","13":"purchasable","14":"product-type-simple"},"supplier_id":null,"supplier_sku":"","barcode":null,"atum_controlled":true,"out_stock_date":null,"out_stock_threshold":null,"inheritable":false,"inbound_stock":0,"stock_on_hold":0,"sold_today":0,"sales_last_days":0,"reserved_stock":0,"customer_returns":0,"warehouse_damage":0,"lost_in_post":0,"other_logs":0,"out_stock_days":0,"lost_sales":0,"has_location":false,"update_date":"2026-01-28T23:10:31","atum_locations":[],"atum_stock_status":"instock","restock_status":false,"low_stock_amount":"","sales_update_date":"2026-01-28T23:10:31","calc_backorders":null,"acf":{"publisher":{"ID":1458,"post_author":"1","post_date":"2021-02-17 01:12:22","post_date_gmt":"2021-02-16 23:12:22","post_content":"<!-- wp:flatsome\/uxbuilder -->\n<h1 style=\"text-align: center\"><strong>Crabit Kidbooks<\/strong><\/h1>\n[row]\n\n[col span=\"8\" span__sm=\"12\"]\n\n<p>Crabit Kidbooks l\u00e0 nh\u00e0 ph\u00e1t h\u00e0nh s\u00e1ch thi\u1ebfu nhi thu\u1ed9c C\u00f4ng ty CPTM &amp; XNK Ng\u1ecdc \u00c1nh \u2013 \u0111\u01a1n v\u1ecb h\u01a1n 20 n\u0103m kinh nghi\u1ec7m trong ng\u00e0nh in \u1ea5n v\u00e0 l\u00e0 \u0111\u1ed1i t\u00e1c uy t\u00edn cung c\u1ea5p h\u1ecdc li\u1ec7u, s\u00e1ch v\u1edf h\u1ecdc sinh cho h\u01a1n 5000 kh\u00e1ch h\u00e0ng kh\u1eafp 28 t\u1ec9nh th\u00e0nh ph\u00eda B\u1eafc Vi\u1ec7t Nam H\u1ec7 th\u1ed1ng s\u1ea3n ph\u1ea9m Crabit Kidbooks<\/p>\n<p>Theo s\u1ef1 t\u00ecm hi\u1ec3u c\u1ee7a <strong>SACHVIET.EU<\/strong><strong>\u00a0<\/strong>tuy Crabit Kidbooks l\u00e0 m\u1ed9t nh\u00e0 ph\u00e1t h\u00e0nh tr\u1ebb t\u1ea1i Vi\u1ec7t Nam nh\u01b0ng l\u1ea1i mang \u0111\u1ebfn s\u1ef1 ch\u1ec9n chu qua t\u1eebng trang s\u00e1ch, t\u1eeb ch\u1ea5t li\u1ec7u gi\u1ea5y cao c\u1ea5p, b\u00eca c\u1ee9ng gi\u1eef g\u00ecn s\u00e1ch \u0111\u01b0\u1ee3c b\u1ec1n l\u00e2u \u0111\u1ebfn l\u1eddi v\u0103n c\u00e2u ch\u1eef \u0111\u01b0\u1ee3c ch\u1ecdn l\u1ecdc ch\u1ec9nh s\u1eeda sao cho ti\u1ebfp c\u1eadn th\u00e2n thi\u1ec7n nh\u1ea5t v\u1edbi tr\u1ebb em. <strong>SACHVIET.EU<\/strong> th\u1ef1c s\u1ef1 \u1ea5n t\u01b0\u1ee3ng b\u1edfi t\u1ea7m nh\u00ecn v\u00e0 s\u1ef1 c\u1ed1 g\u1eafng ho\u00e0n thi\u1ec7n nh\u1eefng t\u00e1c ph\u1ea9m c\u00f3 gi\u00e1 tr\u1ecb tuy\u1ec7t v\u1eddi m\u00e0 Crabit Kidbooks mang l\u1ea1i. \u0110\u00e2y c\u0169ng l\u00e0 nh\u00e0 ph\u00e1t h\u00e0nh duy nh\u1ea5t t\u1edbi th\u1eddi \u0111i\u1ec3m n\u00e0y m\u00e0 <strong>SACHVIET.EU<\/strong> quy\u1ebft t\u00e2m h\u1ee3p t\u00e1c mang h\u1ebft t\u1ea5t c\u1ea3 c\u00e1c \u0111\u1ea7u s\u00e1ch m\u00e0 Crabit Kidbooks c\u00f3 \u0111\u1ec3 \u0111em \u0111\u1ebfn Ch\u00e2u \u00c2u ph\u1ee5c v\u1ee5 m\u1ecdi ng\u01b0\u1eddi. \u0110\u00e2y th\u1ef1c s\u1ef1 l\u00e0 m\u1ed9t s\u1ef1 li\u1ec1u l\u0129nh c\u1ee7a <strong>SACHVIET.EU<\/strong>, tuy nhi\u00ean ch\u00fang m\u00ecnh tin t\u01b0\u1edfng v\u00e0 t\u1ef1 tin r\u1eb1ng t\u1eebng cu\u1ed1n s\u00e1ch m\u00e0 ch\u00fang m\u00ecnh gi\u1edbi thi\u1ec7u x\u1ee9ng \u0111\u00e1ng v\u1edbi nh\u1eefng g\u00ec ch\u00fang m\u00ecnh theo \u0111u\u1ed5i.<\/p>\n\n[\/col]\n[col span=\"4\" span__sm=\"12\"]\n\n[ux_image id=\"1701\" image_size=\"medium\"]\n\n\n[\/col]\n\n[\/row]\n\n<!-- \/wp:flatsome\/uxbuilder -->","post_title":"Crabit Kidbooks","post_excerpt":"","post_status":"publish","comment_status":"closed","ping_status":"closed","post_password":"","post_name":"crabit-kidbooks","to_ping":"","pinged":"","post_modified":"2022-12-19 23:12:10","post_modified_gmt":"2022-12-19 21:12:10","post_content_filtered":"","post_parent":0,"guid":"https:\/\/sachviet.eu\/nha-phat-hanh\/crabitkidbooks\/","menu_order":0,"post_type":"publisher","post_mime_type":"","comment_count":"0","filter":"raw"}},"_links":{"self":[{"href":"https:\/\/sachviet.eu\/en\/wp-json\/wp\/v2\/product\/2434","targetHints":{"allow":["GET"]}}],"collection":[{"href":"https:\/\/sachviet.eu\/en\/wp-json\/wp\/v2\/product"}],"about":[{"href":"https:\/\/sachviet.eu\/en\/wp-json\/wp\/v2\/types\/product"}],"wp:featuredmedia":[{"embeddable":true,"href":"https:\/\/sachviet.eu\/en\/wp-json\/wp\/v2\/media\/2431"}],"wp:attachment":[{"href":"https:\/\/sachviet.eu\/en\/wp-json\/wp\/v2\/media?parent=2434"}],"wp:term":[{"taxonomy":"product_brand","embeddable":true,"href":"https:\/\/sachviet.eu\/en\/wp-json\/wp\/v2\/product_brand?post=2434"},{"taxonomy":"product_cat","embeddable":true,"href":"https:\/\/sachviet.eu\/en\/wp-json\/wp\/v2\/product_cat?post=2434"},{"taxonomy":"product_tag","embeddable":true,"href":"https:\/\/sachviet.eu\/en\/wp-json\/wp\/v2\/product_tag?post=2434"}],"curies":[{"name":"wp","href":"https:\/\/api.w.org\/{rel}","templated":true}]}}