{"id":2430,"date":"2021-02-25T19:34:33","date_gmt":"2021-02-25T17:34:33","guid":{"rendered":"https:\/\/sachviet.eu\/shop\/nhung-cuoc-phieu-luu-cua-co-ga-mai-louise\/"},"modified":"2024-08-10T13:16:09","modified_gmt":"2024-08-10T10:16:09","slug":"nhung-cuoc-phieu-luu-cua-co-ga-mai-louise","status":"publish","type":"product","link":"https:\/\/sachviet.eu\/en\/shop\/nhung-cuoc-phieu-luu-cua-co-ga-mai-louise\/","title":{"rendered":"Nh\u1eefng Cu\u1ed9c Phi\u00eau L\u01b0u C\u1ee7a C\u00f4 G\u00e0 M\u00e1i Louise"},"content":{"rendered":"<p>C\u00e2u chuy\u1ec7n k\u1ec3 v\u1ec1 m\u1ed9t c\u00f4 g\u00e0 c\u00f3 m\u1ed9t khao kh\u00e1t mu\u1ed1n \u0111\u01b0\u1ee3c \u0111i phi\u00eau l\u01b0u. C\u00f4 \u1ea5y \u0111\u00e3 quy\u1ebft \u0111\u1ecbnh r\u1eddi nh\u00e0 v\u00e0 li\u1ec1u l\u0129nh b\u01b0\u1edbc v\u00e0o th\u1ebf gi\u1edbi r\u1ed9ng l\u1edbn. H\u1ea1nh ph\u00fac v\u00ec \u0111\u01b0\u1ee3c phi\u00eau l\u01b0u nh\u01b0ng c\u00f4 li\u00ean ti\u1ebfp g\u1eb7p nh\u1eefng hi\u1ec3m h\u1ecda kh\u00f4ng h\u1ec1 b\u00e1o tr\u01b0\u1edbc: nh\u1eefng t\u00ean c\u01b0\u1edbp bi\u1ec3n tr\u00ean bi\u1ec3n h\u00f9ng v\u0129, m\u1ed9t con s\u01b0 t\u1eed hung d\u1eef n\u00fap d\u01b0\u1edbi b\u00f3ng \u0111\u00e8n l\u1edbn, m\u1ed9t ng\u01b0\u1eddi l\u1ea1 m\u1eb7t b\u00ed \u1ea9n trong m\u1ed9t khu ch\u1ee3 k\u1ef3 l\u1ea1 v\u00e0 nh\u1ed9n nh\u1ecbp. Tuy nhi\u00ean, \u0111\u1ed1i m\u1eb7t v\u1edbi nh\u1eefng m\u1ed1i nguy hi\u1ec3m \u0111\u00e1ng s\u1ee3 nh\u01b0 v\u1eady, n\u1eef anh h\u00f9ng c\u1ee7a ch\u00fang ta: C\u00f4 \u1ea5y lu\u00f4n d\u0169ng c\u1ea3m. C\u00f4 \u1ea5y kh\u00f4ng h\u1ec1 s\u1ee3 h\u00e3i. C\u00f4 \u1ea5y l\u00e0 m\u1ed9t con g\u00e0 nh\u01b0ng kh\u00f4ng ph\u1ea3i l\u00e0 m\u1ed9t con g\u00e0 b\u00ecnh th\u01b0\u1eddng. T\u00ean c\u1ee7a c\u00f4 \u1ea5y? L\u00e0 Louise.<br \/>\nN\u1ebfu b\u1ed1 m\u1eb9 ki\u1ebfm t\u00ecm m\u1ed9t quy\u1ec3n s\u00e1ch \u0111\u1ec3 kh\u01a1i d\u1eady vi\u1ec7c kh\u00e1m ph\u00e1 th\u1ebf gi\u1edbi, kh\u01a1i d\u1eady vi\u1ec7c con s\u1eb5n s\u00e0ng l\u00e0 ch\u00ednh m\u00ecnh, l\u00e0m theo \u01b0\u1edbc m\u01a1 v\u00e0 ni\u1ec1m \u0111am m\u00ea c\u1ee7a m\u00ecnh th\u00ec \u0111\u00e2y l\u00e0 m\u1ed9t l\u1ef1a ch\u1ecdn v\u00f4 c\u00f9ng chu\u1ea9n x\u00e1c. Th\u00eam \u0111i\u1ec3m c\u1ed9ng n\u1eefa cho quy\u1ec3n s\u00e1ch \u0111\u00f3 ch\u00ednh l\u00e0 t\u00e1c gi\u1ea3 s\u1eed d\u1ee5ng t\u1eeb ng\u1eef v\u00f4 c\u00f9ng phong ph\u00fa v\u00e0 bi\u1ec3u c\u1ea3m. Nh\u1eefng \u0111\u1ed9c gi\u1ea3 nh\u00ed s\u1ebd \u0111\u01b0\u1ee3c t\u0103ng m\u1ed9t l\u01b0\u1ee3ng t\u1eeb kh\u00f4ng h\u1ec1 nh\u1ecf sau khi \u0111\u1ecdc cu\u1ed1n s\u00e1ch n\u00e0y.<br \/>\nS\u00e1ch 52 trang, k\u00edch th\u01b0\u1edbc 210x230mm. Gi\u1ea5y in \u0111\u1eb9p, b\u00eca c\u1ee9ng c\u00e1n m\u1edd, v\u1edbi l\u1edbp \u00e1o s\u00e1ch b\u1ecdc ngo\u00e0i theo \u0111\u00fang nguy\u00ean m\u1eabu v\u00e0 ch\u1ea5t l\u01b0\u1ee3ng ngang h\u00e0ng s\u00e1ch nh\u1eadp kh\u1ea9u S\u00e1ch ph\u00f9 h\u1ee3p cho b\u1ea1n nh\u1ecf t\u1eeb 4 \u2013 8 tu\u1ed5i.<\/p>\n  <div class=\"banner-grid-wrapper\">\n  <div id=\"banner-grid-1746851450\" class=\"banner-grid row row-grid row-small\" data-packery-options=\"\">\n                      \n<div class=\"col grid-col large-6 grid-col-1\" ><div class=\"col-inner\">\n\t<div class=\"img has-hover x md-x lg-x y md-y lg-y\" id=\"image_1990073747\">\n\t\t\t\t\t\t\t\t<div class=\"img-inner dark\" >\n\t\t\t<img loading=\"lazy\" decoding=\"async\" width=\"495\" height=\"495\" src=\"https:\/\/sachviet.eu\/wp-content\/uploads\/2021\/02\/louise_495x495.png\" class=\"attachment-large size-large\" alt=\"\" srcset=\"https:\/\/sachviet.eu\/wp-content\/uploads\/2021\/02\/louise_495x495.png 495w, https:\/\/sachviet.eu\/wp-content\/uploads\/2021\/02\/louise_495x495-300x300.png 300w, https:\/\/sachviet.eu\/wp-content\/uploads\/2021\/02\/louise_495x495-150x150.png 150w, https:\/\/sachviet.eu\/wp-content\/uploads\/2021\/02\/louise_495x495-100x100.png 100w\" sizes=\"auto, (max-width: 495px) 100vw, 495px\" \/>\t\t\t\t\t\t\n\t\t\t\t\t<\/div>\n\t\t\t\t\t\t\t\t\n<style>\n#image_1990073747 {\n  width: 100%;\n}\n<\/style>\n\t<\/div>\n\t\n<\/div><\/div>\n<div class=\"col grid-col large-6 grid-col-1\" ><div class=\"col-inner\">\n\t<div class=\"img has-hover x md-x lg-x y md-y lg-y\" id=\"image_1722981371\">\n\t\t\t\t\t\t\t\t<div class=\"img-inner dark\" >\n\t\t\t<img loading=\"lazy\" decoding=\"async\" width=\"398\" height=\"398\" src=\"https:\/\/sachviet.eu\/wp-content\/uploads\/2021\/02\/louise_trong_398x398.png\" class=\"attachment-large size-large\" alt=\"\" srcset=\"https:\/\/sachviet.eu\/wp-content\/uploads\/2021\/02\/louise_trong_398x398.png 398w, https:\/\/sachviet.eu\/wp-content\/uploads\/2021\/02\/louise_trong_398x398-300x300.png 300w, https:\/\/sachviet.eu\/wp-content\/uploads\/2021\/02\/louise_trong_398x398-150x150.png 150w, https:\/\/sachviet.eu\/wp-content\/uploads\/2021\/02\/louise_trong_398x398-100x100.png 100w\" sizes=\"auto, (max-width: 398px) 100vw, 398px\" \/>\t\t\t\t\t\t\n\t\t\t\t\t<\/div>\n\t\t\t\t\t\t\t\t\n<style>\n#image_1722981371 {\n  width: 100%;\n}\n<\/style>\n\t<\/div>\n\t\n<\/div><\/div>\n            <\/div>\n    <style>\n    #banner-grid-1746851450 .grid-col-1{height: 600px}\n    #banner-grid-1746851450 .grid-col-1-2{height: 300px}\n    #banner-grid-1746851450 .grid-col-1-3{height:200px}\n    #banner-grid-1746851450 .grid-col-2-3{height: 400px}\n    #banner-grid-1746851450 .grid-col-1-4{height: 150px}\n    #banner-grid-1746851450 .grid-col-3-4{height: 450px}\n\n\n    \n    \n\n  <\/style>\n    <\/div>\n  \n","protected":false},"excerpt":{"rendered":"<p>C\u00e2u chuy\u1ec7n k\u1ec3 v\u1ec1 m\u1ed9t c\u00f4 g\u00e0 c\u00f3 m\u1ed9t khao kh\u00e1t mu\u1ed1n \u0111\u01b0\u1ee3c \u0111i phi\u00eau l\u01b0u. C\u00f4 \u1ea5y \u0111\u00e3 quy\u1ebft \u0111\u1ecbnh r\u1eddi nh\u00e0 v\u00e0 li\u1ec1u l\u0129nh b\u01b0\u1edbc v\u00e0o th\u1ebf gi\u1edbi r\u1ed9ng l\u1edbn. H\u1ea1nh ph\u00fac v\u00ec \u0111\u01b0\u1ee3c phi\u00eau l\u01b0u nh\u01b0ng c\u00f4 li\u00ean ti\u1ebfp g\u1eb7p nh\u1eefng hi\u1ec3m h\u1ecda kh\u00f4ng h\u1ec1 b\u00e1o tr\u01b0\u1edbc: nh\u1eefng t\u00ean c\u01b0\u1edbp bi\u1ec3n tr\u00ean bi\u1ec3n h\u00f9ng v\u0129, m\u1ed9t con s\u01b0 t\u1eed hung d\u1eef n\u00fap d\u01b0\u1edbi b\u00f3ng \u0111\u00e8n l\u1edbn, m\u1ed9t ng\u01b0\u1eddi l\u1ea1 m\u1eb7t b\u00ed \u1ea9n trong m\u1ed9t khu ch\u1ee3 k\u1ef3 l\u1ea1 v\u00e0 nh\u1ed9n nh\u1ecbp. Tuy nhi\u00ean, \u0111\u1ed1i m\u1eb7t v\u1edbi nh\u1eefng m\u1ed1i nguy hi\u1ec3m \u0111\u00e1ng s\u1ee3 nh\u01b0 v\u1eady, n\u1eef anh h\u00f9ng c\u1ee7a ch\u00fang ta: C\u00f4 \u1ea5y lu\u00f4n d\u0169ng c\u1ea3m. C\u00f4 \u1ea5y kh\u00f4ng h\u1ec1 s\u1ee3 h\u00e3i. C\u00f4 \u1ea5y l\u00e0 m\u1ed9t con g\u00e0 nh\u01b0ng kh\u00f4ng ph\u1ea3i l\u00e0 m\u1ed9t con g\u00e0 b\u00ecnh th\u01b0\u1eddng. T\u00ean c\u1ee7a c\u00f4 \u1ea5y? L\u00e0 Louise.<br \/>\nN\u1ebfu b\u1ed1 m\u1eb9 ki\u1ebfm t\u00ecm m\u1ed9t quy\u1ec3n s\u00e1ch \u0111\u1ec3 kh\u01a1i d\u1eady vi\u1ec7c kh\u00e1m ph\u00e1 th\u1ebf gi\u1edbi, kh\u01a1i d\u1eady vi\u1ec7c con s\u1eb5n s\u00e0ng l\u00e0 ch\u00ednh m\u00ecnh, l\u00e0m theo \u01b0\u1edbc m\u01a1 v\u00e0 ni\u1ec1m \u0111am m\u00ea c\u1ee7a m\u00ecnh th\u00ec \u0111\u00e2y l\u00e0 m\u1ed9t l\u1ef1a ch\u1ecdn v\u00f4 c\u00f9ng chu\u1ea9n x\u00e1c. Th\u00eam \u0111i\u1ec3m c\u1ed9ng n\u1eefa cho quy\u1ec3n s\u00e1ch \u0111\u00f3 ch\u00ednh l\u00e0 t\u00e1c gi\u1ea3 s\u1eed d\u1ee5ng t\u1eeb ng\u1eef v\u00f4 c\u00f9ng phong ph\u00fa v\u00e0 bi\u1ec3u c\u1ea3m. Nh\u1eefng \u0111\u1ed9c gi\u1ea3 nh\u00ed s\u1ebd \u0111\u01b0\u1ee3c t\u0103ng m\u1ed9t l\u01b0\u1ee3ng t\u1eeb kh\u00f4ng h\u1ec1 nh\u1ecf sau khi \u0111\u1ecdc cu\u1ed1n s\u00e1ch n\u00e0y.<br \/>\nS\u00e1ch 52 trang, k\u00edch th\u01b0\u1edbc 210x230mm. Gi\u1ea5y in \u0111\u1eb9p, b\u00eca c\u1ee9ng c\u00e1n m\u1edd, v\u1edbi l\u1edbp \u00e1o s\u00e1ch b\u1ecdc ngo\u00e0i theo \u0111\u00fang nguy\u00ean m\u1eabu v\u00e0 ch\u1ea5t l\u01b0\u1ee3ng ngang h\u00e0ng s\u00e1ch nh\u1eadp kh\u1ea9u S\u00e1ch ph\u00f9 h\u1ee3p cho b\u1ea1n nh\u1ecf t\u1eeb 4 \u2013 8 tu\u1ed5i.<\/p>\n","protected":false},"featured_media":2427,"template":"","meta":{"_acf_changed":false},"product_brand":[],"product_cat":[25,17],"product_tag":[],"class_list":{"0":"post-2430","1":"product","2":"type-product","3":"status-publish","4":"has-post-thumbnail","6":"product_cat-nhi-dong-6-tuoi-12-tuoi","7":"product_cat-sach-danh-cho-cac-be","9":"first","10":"instock","11":"taxable","12":"shipping-taxable","13":"purchasable","14":"product-type-simple"},"supplier_id":null,"supplier_sku":"","barcode":null,"atum_controlled":true,"out_stock_date":null,"out_stock_threshold":null,"inheritable":false,"inbound_stock":0,"stock_on_hold":0,"sold_today":0,"sales_last_days":0,"reserved_stock":0,"customer_returns":0,"warehouse_damage":0,"lost_in_post":0,"other_logs":0,"out_stock_days":0,"lost_sales":0,"has_location":false,"update_date":"2026-01-28T23:11:18","atum_locations":[],"atum_stock_status":"instock","restock_status":false,"low_stock_amount":"","sales_update_date":"2026-01-28T23:11:18","calc_backorders":null,"acf":{"publisher":{"ID":1458,"post_author":"1","post_date":"2021-02-17 01:12:22","post_date_gmt":"2021-02-16 23:12:22","post_content":"<!-- wp:flatsome\/uxbuilder -->\n<h1 style=\"text-align: center\"><strong>Crabit Kidbooks<\/strong><\/h1>\n[row]\n\n[col span=\"8\" span__sm=\"12\"]\n\n<p>Crabit Kidbooks l\u00e0 nh\u00e0 ph\u00e1t h\u00e0nh s\u00e1ch thi\u1ebfu nhi thu\u1ed9c C\u00f4ng ty CPTM &amp; XNK Ng\u1ecdc \u00c1nh \u2013 \u0111\u01a1n v\u1ecb h\u01a1n 20 n\u0103m kinh nghi\u1ec7m trong ng\u00e0nh in \u1ea5n v\u00e0 l\u00e0 \u0111\u1ed1i t\u00e1c uy t\u00edn cung c\u1ea5p h\u1ecdc li\u1ec7u, s\u00e1ch v\u1edf h\u1ecdc sinh cho h\u01a1n 5000 kh\u00e1ch h\u00e0ng kh\u1eafp 28 t\u1ec9nh th\u00e0nh ph\u00eda B\u1eafc Vi\u1ec7t Nam H\u1ec7 th\u1ed1ng s\u1ea3n ph\u1ea9m Crabit Kidbooks<\/p>\n<p>Theo s\u1ef1 t\u00ecm hi\u1ec3u c\u1ee7a <strong>SACHVIET.EU<\/strong><strong>\u00a0<\/strong>tuy Crabit Kidbooks l\u00e0 m\u1ed9t nh\u00e0 ph\u00e1t h\u00e0nh tr\u1ebb t\u1ea1i Vi\u1ec7t Nam nh\u01b0ng l\u1ea1i mang \u0111\u1ebfn s\u1ef1 ch\u1ec9n chu qua t\u1eebng trang s\u00e1ch, t\u1eeb ch\u1ea5t li\u1ec7u gi\u1ea5y cao c\u1ea5p, b\u00eca c\u1ee9ng gi\u1eef g\u00ecn s\u00e1ch \u0111\u01b0\u1ee3c b\u1ec1n l\u00e2u \u0111\u1ebfn l\u1eddi v\u0103n c\u00e2u ch\u1eef \u0111\u01b0\u1ee3c ch\u1ecdn l\u1ecdc ch\u1ec9nh s\u1eeda sao cho ti\u1ebfp c\u1eadn th\u00e2n thi\u1ec7n nh\u1ea5t v\u1edbi tr\u1ebb em. <strong>SACHVIET.EU<\/strong> th\u1ef1c s\u1ef1 \u1ea5n t\u01b0\u1ee3ng b\u1edfi t\u1ea7m nh\u00ecn v\u00e0 s\u1ef1 c\u1ed1 g\u1eafng ho\u00e0n thi\u1ec7n nh\u1eefng t\u00e1c ph\u1ea9m c\u00f3 gi\u00e1 tr\u1ecb tuy\u1ec7t v\u1eddi m\u00e0 Crabit Kidbooks mang l\u1ea1i. \u0110\u00e2y c\u0169ng l\u00e0 nh\u00e0 ph\u00e1t h\u00e0nh duy nh\u1ea5t t\u1edbi th\u1eddi \u0111i\u1ec3m n\u00e0y m\u00e0 <strong>SACHVIET.EU<\/strong> quy\u1ebft t\u00e2m h\u1ee3p t\u00e1c mang h\u1ebft t\u1ea5t c\u1ea3 c\u00e1c \u0111\u1ea7u s\u00e1ch m\u00e0 Crabit Kidbooks c\u00f3 \u0111\u1ec3 \u0111em \u0111\u1ebfn Ch\u00e2u \u00c2u ph\u1ee5c v\u1ee5 m\u1ecdi ng\u01b0\u1eddi. \u0110\u00e2y th\u1ef1c s\u1ef1 l\u00e0 m\u1ed9t s\u1ef1 li\u1ec1u l\u0129nh c\u1ee7a <strong>SACHVIET.EU<\/strong>, tuy nhi\u00ean ch\u00fang m\u00ecnh tin t\u01b0\u1edfng v\u00e0 t\u1ef1 tin r\u1eb1ng t\u1eebng cu\u1ed1n s\u00e1ch m\u00e0 ch\u00fang m\u00ecnh gi\u1edbi thi\u1ec7u x\u1ee9ng \u0111\u00e1ng v\u1edbi nh\u1eefng g\u00ec ch\u00fang m\u00ecnh theo \u0111u\u1ed5i.<\/p>\n\n[\/col]\n[col span=\"4\" span__sm=\"12\"]\n\n[ux_image id=\"1701\" image_size=\"medium\"]\n\n\n[\/col]\n\n[\/row]\n\n<!-- \/wp:flatsome\/uxbuilder -->","post_title":"Crabit Kidbooks","post_excerpt":"","post_status":"publish","comment_status":"closed","ping_status":"closed","post_password":"","post_name":"crabit-kidbooks","to_ping":"","pinged":"","post_modified":"2022-12-19 23:12:10","post_modified_gmt":"2022-12-19 21:12:10","post_content_filtered":"","post_parent":0,"guid":"https:\/\/sachviet.eu\/nha-phat-hanh\/crabitkidbooks\/","menu_order":0,"post_type":"publisher","post_mime_type":"","comment_count":"0","filter":"raw"}},"_links":{"self":[{"href":"https:\/\/sachviet.eu\/en\/wp-json\/wp\/v2\/product\/2430","targetHints":{"allow":["GET"]}}],"collection":[{"href":"https:\/\/sachviet.eu\/en\/wp-json\/wp\/v2\/product"}],"about":[{"href":"https:\/\/sachviet.eu\/en\/wp-json\/wp\/v2\/types\/product"}],"wp:featuredmedia":[{"embeddable":true,"href":"https:\/\/sachviet.eu\/en\/wp-json\/wp\/v2\/media\/2427"}],"wp:attachment":[{"href":"https:\/\/sachviet.eu\/en\/wp-json\/wp\/v2\/media?parent=2430"}],"wp:term":[{"taxonomy":"product_brand","embeddable":true,"href":"https:\/\/sachviet.eu\/en\/wp-json\/wp\/v2\/product_brand?post=2430"},{"taxonomy":"product_cat","embeddable":true,"href":"https:\/\/sachviet.eu\/en\/wp-json\/wp\/v2\/product_cat?post=2430"},{"taxonomy":"product_tag","embeddable":true,"href":"https:\/\/sachviet.eu\/en\/wp-json\/wp\/v2\/product_tag?post=2430"}],"curies":[{"name":"wp","href":"https:\/\/api.w.org\/{rel}","templated":true}]}}